{"id":91820,"date":"2022-09-26T10:17:00","date_gmt":"2022-09-26T08:17:00","guid":{"rendered":"https:\/\/www.heatsupply.nl\/?post_type=product&#038;p=91820"},"modified":"2026-05-11T19:32:45","modified_gmt":"2026-05-11T17:32:45","slug":"karma-hole-mole-hot-sauce","status":"publish","type":"product","link":"https:\/\/www.heatsupply.nl\/en\/product\/karma-hole-mole-hot-sauce\/","title":{"rendered":"Karma Hol\u00e9 Mol\u00e9 Hot Sauce"},"content":{"rendered":"<p><strong>Ingredi\u00ebnten Karma Hol\u00e9 Mol\u00e9 Hot Sauce<\/strong>: blackberry juice, habanero chile, water, apple cider vinegar, panela sugar, plum concentrate, squash seed oil, 100% pure chocolate, fig concentrate, salt, roasted onion, mulberry molasses, guajilo chile, garlic, ancho chile, cumin, black pepper, cinnamon, cardamom.<\/p>\n<p><span style=\"text-decoration: underline;\">Nutritional values per 100gr:<\/span><br \/>\nEnergy: 100 kcal\/418.4 kJ<br \/>\nFat: 0 grams<br \/>\nof which saturated fats: 0 grams<br \/>\nCarbohydrates: 20 grams<br \/>\nof which sugars: 20 grams<br \/>\nProtein: 0 grams<br \/>\nSalt: 1 gram<\/p>\n<p>Shake before use and keep refrigerated after opening.<\/p>\n","protected":false},"excerpt":{"rendered":"<p style=\"text-align: justify;\">This Karma Hol\u00e9 Mol\u00e9 Hot Sauce is loosely inspired by traditional Mexican mole and is made with 100% dark Mexican chocolate. This is combined with fresh Habanero, Guajillo &amp; Ancho peppers and a selection of sweet, dark fruits such as blackcurrant, fig, mulberry and plum. The result is a hot sauce with a very light acidity, but in terms of flavor it is mainly savoury and sweet with a medium burn. Holy moly what a good sauce and one of our favorites straight away! As you could expect, it is delicious with Mexican dishes such as carnitas, but also a pan of chili or a stew will be next level with this stuff.<\/p>\n<p style=\"text-align: justify;\">Origin: Bristol, New York (USA)<\/p>\n<p style=\"text-align: justify;\">Content: 148 ml<\/p>\n","protected":false},"featured_media":87341,"comment_status":"open","ping_status":"closed","template":"","meta":{"_acf_changed":false},"product_brand":[],"product_cat":[3912,174,4045],"product_tag":[],"class_list":{"0":"post-91820","1":"product","2":"type-product","3":"status-publish","4":"has-post-thumbnail","6":"product_cat-habanero","7":"product_cat-hot-sauce","8":"product_cat-spicy","10":"first","11":"instock","12":"taxable","13":"shipping-taxable","14":"purchasable","15":"product-type-simple"},"bundled_by":[],"bundle_stock_status":"instock","bundle_stock_quantity":28,"bundle_virtual":false,"bundle_layout":"","bundle_add_to_cart_form_location":"","bundle_editable_in_cart":false,"bundle_sold_individually_context":"","bundle_item_grouping":"","bundle_min_size":"","bundle_max_size":"","bundle_price":[],"bundled_items":[],"bundle_sell_ids":[],"acf":[],"yoast_head":"<!-- This site is optimized with the Yoast SEO Premium plugin v27.5 (Yoast SEO v27.5) - https:\/\/yoast.com\/product\/yoast-seo-premium-wordpress\/ -->\n<title>Karma Hol\u00e9 Mol\u00e9 Hot Sauce - Heatsupply<\/title>\n<meta name=\"description\" content=\"The Karma Hol\u00e9 Mol\u00e9 hot sauce is loosely inspired by Mexican mole, made with dark chocolate, Habaneros and dark fruits.\" \/>\n<meta name=\"robots\" content=\"index, follow, max-snippet:-1, max-image-preview:large, max-video-preview:-1\" \/>\n<link rel=\"canonical\" href=\"https:\/\/www.heatsupply.nl\/en\/product\/karma-hole-mole-hot-sauce\/\" \/>\n<meta property=\"og:locale\" content=\"en_US\" \/>\n<meta property=\"og:type\" content=\"article\" \/>\n<meta property=\"og:title\" content=\"Karma Hol\u00e9 Mol\u00e9 Hot Sauce\" \/>\n<meta property=\"og:description\" content=\"The Karma Hol\u00e9 Mol\u00e9 hot sauce is loosely inspired by Mexican mole, made with dark chocolate, Habaneros and dark fruits.\" \/>\n<meta property=\"og:url\" content=\"https:\/\/www.heatsupply.nl\/en\/product\/karma-hole-mole-hot-sauce\/\" \/>\n<meta property=\"og:site_name\" content=\"Heatsupply\" \/>\n<meta property=\"article:publisher\" content=\"https:\/\/www.facebook.com\/heatsupplyNL\" \/>\n<meta property=\"article:modified_time\" content=\"2026-05-11T17:32:45+00:00\" \/>\n<meta property=\"og:image\" content=\"https:\/\/www.heatsupply.nl\/wp-content\/uploads\/2017\/12\/karma-hole-mole-hot-sauce.jpg\" \/>\n\t<meta property=\"og:image:width\" content=\"1400\" \/>\n\t<meta property=\"og:image:height\" content=\"1400\" \/>\n\t<meta property=\"og:image:type\" content=\"image\/jpeg\" \/>\n<meta name=\"twitter:card\" content=\"summary_large_image\" \/>\n<meta name=\"twitter:label1\" content=\"Price\" \/>\n\t<meta name=\"twitter:data1\" content=\"&euro;9,95\" \/>\n\t<meta name=\"twitter:label2\" content=\"Availability\" \/>\n\t<meta name=\"twitter:data2\" content=\"In stock\" \/>\n<script type=\"application\/ld+json\" class=\"yoast-schema-graph\">{\"@context\":\"https:\\\/\\\/schema.org\",\"@graph\":[{\"@type\":\"WebPage\",\"@id\":\"https:\\\/\\\/www.heatsupply.nl\\\/en\\\/product\\\/karma-hole-mole-hot-sauce\\\/\",\"url\":\"https:\\\/\\\/www.heatsupply.nl\\\/en\\\/product\\\/karma-hole-mole-hot-sauce\\\/\",\"name\":\"Karma Hol\u00e9 Mol\u00e9 Hot Sauce - Heatsupply\",\"isPartOf\":{\"@id\":\"https:\\\/\\\/www.heatsupply.nl\\\/en\\\/#website\"},\"primaryImageOfPage\":{\"@id\":\"https:\\\/\\\/www.heatsupply.nl\\\/en\\\/product\\\/karma-hole-mole-hot-sauce\\\/#primaryimage\"},\"image\":{\"@id\":\"https:\\\/\\\/www.heatsupply.nl\\\/en\\\/product\\\/karma-hole-mole-hot-sauce\\\/#primaryimage\"},\"thumbnailUrl\":\"https:\\\/\\\/www.heatsupply.nl\\\/wp-content\\\/uploads\\\/2017\\\/12\\\/karma-hole-mole-hot-sauce.jpg\",\"datePublished\":\"2022-09-26T08:17:00+00:00\",\"dateModified\":\"2026-05-11T17:32:45+00:00\",\"description\":\"The Karma Hol\u00e9 Mol\u00e9 hot sauce is loosely inspired by Mexican mole, made with dark chocolate, Habaneros and dark fruits.\",\"breadcrumb\":{\"@id\":\"https:\\\/\\\/www.heatsupply.nl\\\/en\\\/product\\\/karma-hole-mole-hot-sauce\\\/#breadcrumb\"},\"inLanguage\":\"en-US\",\"potentialAction\":[{\"@type\":\"ReadAction\",\"target\":[\"https:\\\/\\\/www.heatsupply.nl\\\/en\\\/product\\\/karma-hole-mole-hot-sauce\\\/\"]}]},{\"@type\":\"ImageObject\",\"inLanguage\":\"en-US\",\"@id\":\"https:\\\/\\\/www.heatsupply.nl\\\/en\\\/product\\\/karma-hole-mole-hot-sauce\\\/#primaryimage\",\"url\":\"https:\\\/\\\/www.heatsupply.nl\\\/wp-content\\\/uploads\\\/2017\\\/12\\\/karma-hole-mole-hot-sauce.jpg\",\"contentUrl\":\"https:\\\/\\\/www.heatsupply.nl\\\/wp-content\\\/uploads\\\/2017\\\/12\\\/karma-hole-mole-hot-sauce.jpg\",\"width\":1400,\"height\":1400,\"caption\":\"karma hole mole sauce hot sauce\"},{\"@type\":\"BreadcrumbList\",\"@id\":\"https:\\\/\\\/www.heatsupply.nl\\\/en\\\/product\\\/karma-hole-mole-hot-sauce\\\/#breadcrumb\",\"itemListElement\":[{\"@type\":\"ListItem\",\"position\":1,\"name\":\"Home\",\"item\":\"https:\\\/\\\/www.heatsupply.nl\\\/en\\\/\"},{\"@type\":\"ListItem\",\"position\":2,\"name\":\"All products\",\"item\":\"https:\\\/\\\/www.heatsupply.nl\\\/en\\\/all-products\\\/\"},{\"@type\":\"ListItem\",\"position\":3,\"name\":\"Hot Sauce\",\"item\":\"https:\\\/\\\/www.heatsupply.nl\\\/en\\\/hot-sauce\\\/\"},{\"@type\":\"ListItem\",\"position\":4,\"name\":\"Habanero\",\"item\":\"https:\\\/\\\/www.heatsupply.nl\\\/en\\\/hot-sauce\\\/habanero\\\/\"},{\"@type\":\"ListItem\",\"position\":5,\"name\":\"Karma Hol\u00e9 Mol\u00e9 Hot Sauce\"}]},{\"@type\":\"WebSite\",\"@id\":\"https:\\\/\\\/www.heatsupply.nl\\\/en\\\/#website\",\"url\":\"https:\\\/\\\/www.heatsupply.nl\\\/en\\\/\",\"name\":\"Heatsupply\",\"description\":\"Hot sauce webstore #1 in Europe\",\"publisher\":{\"@id\":\"https:\\\/\\\/www.heatsupply.nl\\\/en\\\/#organization\"},\"potentialAction\":[{\"@type\":\"SearchAction\",\"target\":{\"@type\":\"EntryPoint\",\"urlTemplate\":\"https:\\\/\\\/www.heatsupply.nl\\\/en\\\/?s={search_term_string}\"},\"query-input\":{\"@type\":\"PropertyValueSpecification\",\"valueRequired\":true,\"valueName\":\"search_term_string\"}}],\"inLanguage\":\"en-US\"},{\"@type\":\"Organization\",\"@id\":\"https:\\\/\\\/www.heatsupply.nl\\\/en\\\/#organization\",\"name\":\"Heatsupply\",\"url\":\"https:\\\/\\\/www.heatsupply.nl\\\/en\\\/\",\"logo\":{\"@type\":\"ImageObject\",\"inLanguage\":\"en-US\",\"@id\":\"https:\\\/\\\/www.heatsupply.nl\\\/en\\\/#\\\/schema\\\/logo\\\/image\\\/\",\"url\":\"https:\\\/\\\/www.heatsupply.nl\\\/wp-content\\\/uploads\\\/2022\\\/10\\\/heatsupply-logo-rood.jpg\",\"contentUrl\":\"https:\\\/\\\/www.heatsupply.nl\\\/wp-content\\\/uploads\\\/2022\\\/10\\\/heatsupply-logo-rood.jpg\",\"width\":1000,\"height\":335,\"caption\":\"Heatsupply\"},\"image\":{\"@id\":\"https:\\\/\\\/www.heatsupply.nl\\\/en\\\/#\\\/schema\\\/logo\\\/image\\\/\"},\"sameAs\":[\"https:\\\/\\\/www.facebook.com\\\/heatsupplyNL\",\"https:\\\/\\\/www.instagram.com\\\/heatsuppy.nl\",\"https:\\\/\\\/www.youtube.com\\\/channel\\\/UC5pOWqQtljvxTz2SMWGWCsw\"]}]}<\/script>\n<meta property=\"product:brand\" content=\"Karma Sauce\" \/>\n<meta property=\"product:price:amount\" content=\"9.95\" \/>\n<meta property=\"product:price:currency\" content=\"EUR\" \/>\n<meta property=\"og:availability\" content=\"instock\" \/>\n<meta property=\"product:availability\" content=\"instock\" \/>\n<meta property=\"product:retailer_item_id\" content=\"KHMHS002\" \/>\n<meta property=\"product:condition\" content=\"new\" \/>\n<!-- \/ Yoast SEO Premium plugin. -->","yoast_head_json":{"title":"Karma Hol\u00e9 Mol\u00e9 Hot Sauce - Heatsupply","description":"The Karma Hol\u00e9 Mol\u00e9 hot sauce is loosely inspired by Mexican mole, made with dark chocolate, Habaneros and dark fruits.","robots":{"index":"index","follow":"follow","max-snippet":"max-snippet:-1","max-image-preview":"max-image-preview:large","max-video-preview":"max-video-preview:-1"},"canonical":"https:\/\/www.heatsupply.nl\/en\/product\/karma-hole-mole-hot-sauce\/","og_locale":"en_US","og_type":"article","og_title":"Karma Hol\u00e9 Mol\u00e9 Hot Sauce","og_description":"The Karma Hol\u00e9 Mol\u00e9 hot sauce is loosely inspired by Mexican mole, made with dark chocolate, Habaneros and dark fruits.","og_url":"https:\/\/www.heatsupply.nl\/en\/product\/karma-hole-mole-hot-sauce\/","og_site_name":"Heatsupply","article_publisher":"https:\/\/www.facebook.com\/heatsupplyNL","article_modified_time":"2026-05-11T17:32:45+00:00","og_image":[{"width":1400,"height":1400,"url":"https:\/\/www.heatsupply.nl\/wp-content\/uploads\/2017\/12\/karma-hole-mole-hot-sauce.jpg","type":"image\/jpeg"}],"twitter_card":"summary_large_image","twitter_misc":{"Price":"&euro;9,95","Availability":"In stock"},"schema":{"@context":"https:\/\/schema.org","@graph":[{"@type":"WebPage","@id":"https:\/\/www.heatsupply.nl\/en\/product\/karma-hole-mole-hot-sauce\/","url":"https:\/\/www.heatsupply.nl\/en\/product\/karma-hole-mole-hot-sauce\/","name":"Karma Hol\u00e9 Mol\u00e9 Hot Sauce - Heatsupply","isPartOf":{"@id":"https:\/\/www.heatsupply.nl\/en\/#website"},"primaryImageOfPage":{"@id":"https:\/\/www.heatsupply.nl\/en\/product\/karma-hole-mole-hot-sauce\/#primaryimage"},"image":{"@id":"https:\/\/www.heatsupply.nl\/en\/product\/karma-hole-mole-hot-sauce\/#primaryimage"},"thumbnailUrl":"https:\/\/www.heatsupply.nl\/wp-content\/uploads\/2017\/12\/karma-hole-mole-hot-sauce.jpg","datePublished":"2022-09-26T08:17:00+00:00","dateModified":"2026-05-11T17:32:45+00:00","description":"The Karma Hol\u00e9 Mol\u00e9 hot sauce is loosely inspired by Mexican mole, made with dark chocolate, Habaneros and dark fruits.","breadcrumb":{"@id":"https:\/\/www.heatsupply.nl\/en\/product\/karma-hole-mole-hot-sauce\/#breadcrumb"},"inLanguage":"en-US","potentialAction":[{"@type":"ReadAction","target":["https:\/\/www.heatsupply.nl\/en\/product\/karma-hole-mole-hot-sauce\/"]}]},{"@type":"ImageObject","inLanguage":"en-US","@id":"https:\/\/www.heatsupply.nl\/en\/product\/karma-hole-mole-hot-sauce\/#primaryimage","url":"https:\/\/www.heatsupply.nl\/wp-content\/uploads\/2017\/12\/karma-hole-mole-hot-sauce.jpg","contentUrl":"https:\/\/www.heatsupply.nl\/wp-content\/uploads\/2017\/12\/karma-hole-mole-hot-sauce.jpg","width":1400,"height":1400,"caption":"karma hole mole sauce hot sauce"},{"@type":"BreadcrumbList","@id":"https:\/\/www.heatsupply.nl\/en\/product\/karma-hole-mole-hot-sauce\/#breadcrumb","itemListElement":[{"@type":"ListItem","position":1,"name":"Home","item":"https:\/\/www.heatsupply.nl\/en\/"},{"@type":"ListItem","position":2,"name":"All products","item":"https:\/\/www.heatsupply.nl\/en\/all-products\/"},{"@type":"ListItem","position":3,"name":"Hot Sauce","item":"https:\/\/www.heatsupply.nl\/en\/hot-sauce\/"},{"@type":"ListItem","position":4,"name":"Habanero","item":"https:\/\/www.heatsupply.nl\/en\/hot-sauce\/habanero\/"},{"@type":"ListItem","position":5,"name":"Karma Hol\u00e9 Mol\u00e9 Hot Sauce"}]},{"@type":"WebSite","@id":"https:\/\/www.heatsupply.nl\/en\/#website","url":"https:\/\/www.heatsupply.nl\/en\/","name":"Heatsupply","description":"Hot sauce webstore #1 in Europe","publisher":{"@id":"https:\/\/www.heatsupply.nl\/en\/#organization"},"potentialAction":[{"@type":"SearchAction","target":{"@type":"EntryPoint","urlTemplate":"https:\/\/www.heatsupply.nl\/en\/?s={search_term_string}"},"query-input":{"@type":"PropertyValueSpecification","valueRequired":true,"valueName":"search_term_string"}}],"inLanguage":"en-US"},{"@type":"Organization","@id":"https:\/\/www.heatsupply.nl\/en\/#organization","name":"Heatsupply","url":"https:\/\/www.heatsupply.nl\/en\/","logo":{"@type":"ImageObject","inLanguage":"en-US","@id":"https:\/\/www.heatsupply.nl\/en\/#\/schema\/logo\/image\/","url":"https:\/\/www.heatsupply.nl\/wp-content\/uploads\/2022\/10\/heatsupply-logo-rood.jpg","contentUrl":"https:\/\/www.heatsupply.nl\/wp-content\/uploads\/2022\/10\/heatsupply-logo-rood.jpg","width":1000,"height":335,"caption":"Heatsupply"},"image":{"@id":"https:\/\/www.heatsupply.nl\/en\/#\/schema\/logo\/image\/"},"sameAs":["https:\/\/www.facebook.com\/heatsupplyNL","https:\/\/www.instagram.com\/heatsuppy.nl","https:\/\/www.youtube.com\/channel\/UC5pOWqQtljvxTz2SMWGWCsw"]}]},"product_brand":"Karma Sauce","product_price_amount":"9.95","product_price_currency":"EUR","og_availability":"instock","product_availability":"instock","product_retailer_item_id":"KHMHS002","product_condition":"new"},"_links":{"self":[{"href":"https:\/\/www.heatsupply.nl\/en\/wp-json\/wp\/v2\/product\/91820","targetHints":{"allow":["GET"]}}],"collection":[{"href":"https:\/\/www.heatsupply.nl\/en\/wp-json\/wp\/v2\/product"}],"about":[{"href":"https:\/\/www.heatsupply.nl\/en\/wp-json\/wp\/v2\/types\/product"}],"replies":[{"embeddable":true,"href":"https:\/\/www.heatsupply.nl\/en\/wp-json\/wp\/v2\/comments?post=91820"}],"wp:featuredmedia":[{"embeddable":true,"href":"https:\/\/www.heatsupply.nl\/en\/wp-json\/wp\/v2\/media\/87341"}],"wp:attachment":[{"href":"https:\/\/www.heatsupply.nl\/en\/wp-json\/wp\/v2\/media?parent=91820"}],"wp:term":[{"taxonomy":"product_brand","embeddable":true,"href":"https:\/\/www.heatsupply.nl\/en\/wp-json\/wp\/v2\/product_brand?post=91820"},{"taxonomy":"product_cat","embeddable":true,"href":"https:\/\/www.heatsupply.nl\/en\/wp-json\/wp\/v2\/product_cat?post=91820"},{"taxonomy":"product_tag","embeddable":true,"href":"https:\/\/www.heatsupply.nl\/en\/wp-json\/wp\/v2\/product_tag?post=91820"}],"curies":[{"name":"wp","href":"https:\/\/api.w.org\/{rel}","templated":true}]}}