{"id":63970,"date":"2021-06-16T13:48:00","date_gmt":"2021-06-16T11:48:00","guid":{"rendered":"https:\/\/www.heatsupply.nl\/?post_type=product&#038;p=63970"},"modified":"2026-05-04T17:44:00","modified_gmt":"2026-05-04T15:44:00","slug":"el-jefe-primo-salsa-madame-pina-hot-sauce","status":"publish","type":"product","link":"https:\/\/www.heatsupply.nl\/en\/product\/el-jefe-primo-salsa-madame-pina-hot-sauce\/","title":{"rendered":"El Jefe Primo Salsa Madame Pi\u00f1a Hot Sauce"},"content":{"rendered":"<p><strong>Ingredi\u00ebnten El Jefe Primo Salsa Madame Pi\u00f1a Hot Sauce<\/strong>: Madame Jeanette chili mash, brine (water and sea salt), pineapple, ginger, xanthum.<\/p>\n<p><span style=\"text-decoration: underline;\">Nutritional values per 100gr:<\/span><br \/>\nEnergy: 124 kJ\/29 kcal<br \/>\nFat: 0.17 grams<br \/>\nof which saturates: 0 grams<br \/>\nCarbohydrates: 6 grams<br \/>\nof which sugars: 5 grams<br \/>\nProtein: 0.76 grams<br \/>\nSalt: 0.951 grams<\/p>\n<p>Shake before use and refrigerate after opening. Consume within 4 weeks after opening.<\/p>\n","protected":false},"excerpt":{"rendered":"<p style=\"text-align: justify;\">This El Jefe Primo Salsa Madame Pi\u00f1a is a tasty tropical hot sauce made in Amsterdam. This spicy lady is made with Madame Jeanette peppers that have been pickled for 90 days, which gives them that popping, sour tanginess. The sauce is topped of with pineapple and fresh ginger and that makes it especially great in currys and Caribbean &amp; Surinamese dishes.<\/p>\n<p style=\"text-align: justify;\">Origin: Amsterdam, The Netherlands<\/p>\n<p style=\"text-align: justify;\">Content: 100ml<\/p>\n","protected":false},"featured_media":63851,"comment_status":"open","ping_status":"closed","template":"","meta":{"_acf_changed":false},"product_brand":[],"product_cat":[3993,174,4121,4045],"product_tag":[],"class_list":{"0":"post-63970","1":"product","2":"type-product","3":"status-publish","4":"has-post-thumbnail","6":"product_cat-european-hot-sauces","7":"product_cat-hot-sauce","8":"product_cat-kingsday-deals-2026","9":"product_cat-spicy","11":"first","12":"outofstock","13":"taxable","14":"shipping-taxable","15":"purchasable","16":"product-type-simple"},"bundled_by":[],"bundle_stock_status":"outofstock","bundle_stock_quantity":0,"bundle_virtual":false,"bundle_layout":"","bundle_add_to_cart_form_location":"","bundle_editable_in_cart":false,"bundle_sold_individually_context":"","bundle_item_grouping":"","bundle_min_size":"","bundle_max_size":"","bundle_price":[],"bundled_items":[],"bundle_sell_ids":[],"acf":[],"yoast_head":"<!-- This site is optimized with the Yoast SEO Premium plugin v27.4 (Yoast SEO v27.4) - https:\/\/yoast.com\/product\/yoast-seo-premium-wordpress\/ -->\n<title>El Jefe Primo Salsa Madame Pi\u00f1a Hot Sauce - Heatsupply<\/title>\n<meta name=\"description\" content=\"This El Jefe Primo Salsa Madame Pi\u00f1a is a tasty tropical hot sauce with fermented Madame Jeanette peppers, pineapple and ginger.\" \/>\n<meta name=\"robots\" content=\"index, follow, max-snippet:-1, max-image-preview:large, max-video-preview:-1\" \/>\n<link rel=\"canonical\" href=\"https:\/\/www.heatsupply.nl\/en\/product\/el-jefe-primo-salsa-madame-pina-hot-sauce\/\" \/>\n<meta property=\"og:locale\" content=\"en_US\" \/>\n<meta property=\"og:type\" content=\"article\" \/>\n<meta property=\"og:title\" content=\"El Jefe Primo Salsa Madame Pi\u00f1a Hot Sauce\" \/>\n<meta property=\"og:description\" content=\"This El Jefe Primo Salsa Madame Pi\u00f1a is a tasty tropical hot sauce with fermented Madame Jeanette peppers, pineapple and ginger.\" \/>\n<meta property=\"og:url\" content=\"https:\/\/www.heatsupply.nl\/en\/product\/el-jefe-primo-salsa-madame-pina-hot-sauce\/\" \/>\n<meta property=\"og:site_name\" content=\"Heatsupply\" \/>\n<meta property=\"article:publisher\" content=\"https:\/\/www.facebook.com\/heatsupplyNL\" \/>\n<meta property=\"article:modified_time\" content=\"2026-05-04T15:44:00+00:00\" \/>\n<meta property=\"og:image\" content=\"https:\/\/www.heatsupply.nl\/wp-content\/uploads\/2017\/12\/el-jefe-madame-pina-hot-sauce.jpg\" \/>\n\t<meta property=\"og:image:width\" content=\"1400\" \/>\n\t<meta property=\"og:image:height\" content=\"1400\" \/>\n\t<meta property=\"og:image:type\" content=\"image\/jpeg\" \/>\n<meta name=\"twitter:card\" content=\"summary_large_image\" \/>\n<meta name=\"twitter:label1\" content=\"Price\" \/>\n\t<meta name=\"twitter:data1\" content=\"&euro;7,95\" \/>\n\t<meta name=\"twitter:label2\" content=\"Availability\" \/>\n\t<meta name=\"twitter:data2\" content=\"Out of stock\" \/>\n<script type=\"application\/ld+json\" class=\"yoast-schema-graph\">{\"@context\":\"https:\\\/\\\/schema.org\",\"@graph\":[{\"@type\":\"WebPage\",\"@id\":\"https:\\\/\\\/www.heatsupply.nl\\\/en\\\/product\\\/el-jefe-primo-salsa-madame-pina-hot-sauce\\\/\",\"url\":\"https:\\\/\\\/www.heatsupply.nl\\\/en\\\/product\\\/el-jefe-primo-salsa-madame-pina-hot-sauce\\\/\",\"name\":\"El Jefe Primo Salsa Madame Pi\u00f1a Hot Sauce - Heatsupply\",\"isPartOf\":{\"@id\":\"https:\\\/\\\/www.heatsupply.nl\\\/en\\\/#website\"},\"primaryImageOfPage\":{\"@id\":\"https:\\\/\\\/www.heatsupply.nl\\\/en\\\/product\\\/el-jefe-primo-salsa-madame-pina-hot-sauce\\\/#primaryimage\"},\"image\":{\"@id\":\"https:\\\/\\\/www.heatsupply.nl\\\/en\\\/product\\\/el-jefe-primo-salsa-madame-pina-hot-sauce\\\/#primaryimage\"},\"thumbnailUrl\":\"https:\\\/\\\/www.heatsupply.nl\\\/wp-content\\\/uploads\\\/2017\\\/12\\\/el-jefe-madame-pina-hot-sauce.jpg\",\"datePublished\":\"2021-06-16T11:48:00+00:00\",\"dateModified\":\"2026-05-04T15:44:00+00:00\",\"description\":\"This El Jefe Primo Salsa Madame Pi\u00f1a is a tasty tropical hot sauce with fermented Madame Jeanette peppers, pineapple and ginger.\",\"breadcrumb\":{\"@id\":\"https:\\\/\\\/www.heatsupply.nl\\\/en\\\/product\\\/el-jefe-primo-salsa-madame-pina-hot-sauce\\\/#breadcrumb\"},\"inLanguage\":\"en-US\",\"potentialAction\":[{\"@type\":\"ReadAction\",\"target\":[\"https:\\\/\\\/www.heatsupply.nl\\\/en\\\/product\\\/el-jefe-primo-salsa-madame-pina-hot-sauce\\\/\"]}]},{\"@type\":\"ImageObject\",\"inLanguage\":\"en-US\",\"@id\":\"https:\\\/\\\/www.heatsupply.nl\\\/en\\\/product\\\/el-jefe-primo-salsa-madame-pina-hot-sauce\\\/#primaryimage\",\"url\":\"https:\\\/\\\/www.heatsupply.nl\\\/wp-content\\\/uploads\\\/2017\\\/12\\\/el-jefe-madame-pina-hot-sauce.jpg\",\"contentUrl\":\"https:\\\/\\\/www.heatsupply.nl\\\/wp-content\\\/uploads\\\/2017\\\/12\\\/el-jefe-madame-pina-hot-sauce.jpg\",\"width\":1400,\"height\":1400,\"caption\":\"el jefe primo salsa madame pi\u00f1a hot sauce\"},{\"@type\":\"BreadcrumbList\",\"@id\":\"https:\\\/\\\/www.heatsupply.nl\\\/en\\\/product\\\/el-jefe-primo-salsa-madame-pina-hot-sauce\\\/#breadcrumb\",\"itemListElement\":[{\"@type\":\"ListItem\",\"position\":1,\"name\":\"Home\",\"item\":\"https:\\\/\\\/www.heatsupply.nl\\\/en\\\/\"},{\"@type\":\"ListItem\",\"position\":2,\"name\":\"All products\",\"item\":\"https:\\\/\\\/www.heatsupply.nl\\\/en\\\/all-products\\\/\"},{\"@type\":\"ListItem\",\"position\":3,\"name\":\"Hot Sauce\",\"item\":\"https:\\\/\\\/www.heatsupply.nl\\\/en\\\/hot-sauce\\\/\"},{\"@type\":\"ListItem\",\"position\":4,\"name\":\"European Hot Sauces\",\"item\":\"https:\\\/\\\/www.heatsupply.nl\\\/en\\\/hot-sauce\\\/european-hot-sauces\\\/\"},{\"@type\":\"ListItem\",\"position\":5,\"name\":\"El Jefe Primo Salsa Madame Pi\u00f1a Hot Sauce\"}]},{\"@type\":\"WebSite\",\"@id\":\"https:\\\/\\\/www.heatsupply.nl\\\/en\\\/#website\",\"url\":\"https:\\\/\\\/www.heatsupply.nl\\\/en\\\/\",\"name\":\"Heatsupply\",\"description\":\"Hot sauce webstore #1 in Europe\",\"publisher\":{\"@id\":\"https:\\\/\\\/www.heatsupply.nl\\\/en\\\/#organization\"},\"potentialAction\":[{\"@type\":\"SearchAction\",\"target\":{\"@type\":\"EntryPoint\",\"urlTemplate\":\"https:\\\/\\\/www.heatsupply.nl\\\/en\\\/?s={search_term_string}\"},\"query-input\":{\"@type\":\"PropertyValueSpecification\",\"valueRequired\":true,\"valueName\":\"search_term_string\"}}],\"inLanguage\":\"en-US\"},{\"@type\":\"Organization\",\"@id\":\"https:\\\/\\\/www.heatsupply.nl\\\/en\\\/#organization\",\"name\":\"Heatsupply\",\"url\":\"https:\\\/\\\/www.heatsupply.nl\\\/en\\\/\",\"logo\":{\"@type\":\"ImageObject\",\"inLanguage\":\"en-US\",\"@id\":\"https:\\\/\\\/www.heatsupply.nl\\\/en\\\/#\\\/schema\\\/logo\\\/image\\\/\",\"url\":\"https:\\\/\\\/www.heatsupply.nl\\\/wp-content\\\/uploads\\\/2022\\\/10\\\/heatsupply-logo-rood.jpg\",\"contentUrl\":\"https:\\\/\\\/www.heatsupply.nl\\\/wp-content\\\/uploads\\\/2022\\\/10\\\/heatsupply-logo-rood.jpg\",\"width\":1000,\"height\":335,\"caption\":\"Heatsupply\"},\"image\":{\"@id\":\"https:\\\/\\\/www.heatsupply.nl\\\/en\\\/#\\\/schema\\\/logo\\\/image\\\/\"},\"sameAs\":[\"https:\\\/\\\/www.facebook.com\\\/heatsupplyNL\",\"https:\\\/\\\/www.instagram.com\\\/heatsuppy.nl\",\"https:\\\/\\\/www.youtube.com\\\/channel\\\/UC5pOWqQtljvxTz2SMWGWCsw\"]}]}<\/script>\n<meta property=\"product:brand\" content=\"El Jefe\" \/>\n<meta property=\"product:price:amount\" content=\"7.95\" \/>\n<meta property=\"product:price:currency\" content=\"EUR\" \/>\n<meta property=\"og:availability\" content=\"out of stock\" \/>\n<meta property=\"product:availability\" content=\"out of stock\" \/>\n<meta property=\"product:retailer_item_id\" content=\"EJPSMP002\" \/>\n<meta property=\"product:condition\" content=\"new\" \/>\n<!-- \/ Yoast SEO Premium plugin. -->","yoast_head_json":{"title":"El Jefe Primo Salsa Madame Pi\u00f1a Hot Sauce - Heatsupply","description":"This El Jefe Primo Salsa Madame Pi\u00f1a is a tasty tropical hot sauce with fermented Madame Jeanette peppers, pineapple and ginger.","robots":{"index":"index","follow":"follow","max-snippet":"max-snippet:-1","max-image-preview":"max-image-preview:large","max-video-preview":"max-video-preview:-1"},"canonical":"https:\/\/www.heatsupply.nl\/en\/product\/el-jefe-primo-salsa-madame-pina-hot-sauce\/","og_locale":"en_US","og_type":"article","og_title":"El Jefe Primo Salsa Madame Pi\u00f1a Hot Sauce","og_description":"This El Jefe Primo Salsa Madame Pi\u00f1a is a tasty tropical hot sauce with fermented Madame Jeanette peppers, pineapple and ginger.","og_url":"https:\/\/www.heatsupply.nl\/en\/product\/el-jefe-primo-salsa-madame-pina-hot-sauce\/","og_site_name":"Heatsupply","article_publisher":"https:\/\/www.facebook.com\/heatsupplyNL","article_modified_time":"2026-05-04T15:44:00+00:00","og_image":[{"width":1400,"height":1400,"url":"https:\/\/www.heatsupply.nl\/wp-content\/uploads\/2017\/12\/el-jefe-madame-pina-hot-sauce.jpg","type":"image\/jpeg"}],"twitter_card":"summary_large_image","twitter_misc":{"Price":"&euro;7,95","Availability":"Out of stock"},"schema":{"@context":"https:\/\/schema.org","@graph":[{"@type":"WebPage","@id":"https:\/\/www.heatsupply.nl\/en\/product\/el-jefe-primo-salsa-madame-pina-hot-sauce\/","url":"https:\/\/www.heatsupply.nl\/en\/product\/el-jefe-primo-salsa-madame-pina-hot-sauce\/","name":"El Jefe Primo Salsa Madame Pi\u00f1a Hot Sauce - Heatsupply","isPartOf":{"@id":"https:\/\/www.heatsupply.nl\/en\/#website"},"primaryImageOfPage":{"@id":"https:\/\/www.heatsupply.nl\/en\/product\/el-jefe-primo-salsa-madame-pina-hot-sauce\/#primaryimage"},"image":{"@id":"https:\/\/www.heatsupply.nl\/en\/product\/el-jefe-primo-salsa-madame-pina-hot-sauce\/#primaryimage"},"thumbnailUrl":"https:\/\/www.heatsupply.nl\/wp-content\/uploads\/2017\/12\/el-jefe-madame-pina-hot-sauce.jpg","datePublished":"2021-06-16T11:48:00+00:00","dateModified":"2026-05-04T15:44:00+00:00","description":"This El Jefe Primo Salsa Madame Pi\u00f1a is a tasty tropical hot sauce with fermented Madame Jeanette peppers, pineapple and ginger.","breadcrumb":{"@id":"https:\/\/www.heatsupply.nl\/en\/product\/el-jefe-primo-salsa-madame-pina-hot-sauce\/#breadcrumb"},"inLanguage":"en-US","potentialAction":[{"@type":"ReadAction","target":["https:\/\/www.heatsupply.nl\/en\/product\/el-jefe-primo-salsa-madame-pina-hot-sauce\/"]}]},{"@type":"ImageObject","inLanguage":"en-US","@id":"https:\/\/www.heatsupply.nl\/en\/product\/el-jefe-primo-salsa-madame-pina-hot-sauce\/#primaryimage","url":"https:\/\/www.heatsupply.nl\/wp-content\/uploads\/2017\/12\/el-jefe-madame-pina-hot-sauce.jpg","contentUrl":"https:\/\/www.heatsupply.nl\/wp-content\/uploads\/2017\/12\/el-jefe-madame-pina-hot-sauce.jpg","width":1400,"height":1400,"caption":"el jefe primo salsa madame pi\u00f1a hot sauce"},{"@type":"BreadcrumbList","@id":"https:\/\/www.heatsupply.nl\/en\/product\/el-jefe-primo-salsa-madame-pina-hot-sauce\/#breadcrumb","itemListElement":[{"@type":"ListItem","position":1,"name":"Home","item":"https:\/\/www.heatsupply.nl\/en\/"},{"@type":"ListItem","position":2,"name":"All products","item":"https:\/\/www.heatsupply.nl\/en\/all-products\/"},{"@type":"ListItem","position":3,"name":"Hot Sauce","item":"https:\/\/www.heatsupply.nl\/en\/hot-sauce\/"},{"@type":"ListItem","position":4,"name":"European Hot Sauces","item":"https:\/\/www.heatsupply.nl\/en\/hot-sauce\/european-hot-sauces\/"},{"@type":"ListItem","position":5,"name":"El Jefe Primo Salsa Madame Pi\u00f1a Hot Sauce"}]},{"@type":"WebSite","@id":"https:\/\/www.heatsupply.nl\/en\/#website","url":"https:\/\/www.heatsupply.nl\/en\/","name":"Heatsupply","description":"Hot sauce webstore #1 in Europe","publisher":{"@id":"https:\/\/www.heatsupply.nl\/en\/#organization"},"potentialAction":[{"@type":"SearchAction","target":{"@type":"EntryPoint","urlTemplate":"https:\/\/www.heatsupply.nl\/en\/?s={search_term_string}"},"query-input":{"@type":"PropertyValueSpecification","valueRequired":true,"valueName":"search_term_string"}}],"inLanguage":"en-US"},{"@type":"Organization","@id":"https:\/\/www.heatsupply.nl\/en\/#organization","name":"Heatsupply","url":"https:\/\/www.heatsupply.nl\/en\/","logo":{"@type":"ImageObject","inLanguage":"en-US","@id":"https:\/\/www.heatsupply.nl\/en\/#\/schema\/logo\/image\/","url":"https:\/\/www.heatsupply.nl\/wp-content\/uploads\/2022\/10\/heatsupply-logo-rood.jpg","contentUrl":"https:\/\/www.heatsupply.nl\/wp-content\/uploads\/2022\/10\/heatsupply-logo-rood.jpg","width":1000,"height":335,"caption":"Heatsupply"},"image":{"@id":"https:\/\/www.heatsupply.nl\/en\/#\/schema\/logo\/image\/"},"sameAs":["https:\/\/www.facebook.com\/heatsupplyNL","https:\/\/www.instagram.com\/heatsuppy.nl","https:\/\/www.youtube.com\/channel\/UC5pOWqQtljvxTz2SMWGWCsw"]}]},"product_brand":"El Jefe","product_price_amount":"7.95","product_price_currency":"EUR","og_availability":"out of stock","product_availability":"out of stock","product_retailer_item_id":"EJPSMP002","product_condition":"new"},"_links":{"self":[{"href":"https:\/\/www.heatsupply.nl\/en\/wp-json\/wp\/v2\/product\/63970","targetHints":{"allow":["GET"]}}],"collection":[{"href":"https:\/\/www.heatsupply.nl\/en\/wp-json\/wp\/v2\/product"}],"about":[{"href":"https:\/\/www.heatsupply.nl\/en\/wp-json\/wp\/v2\/types\/product"}],"replies":[{"embeddable":true,"href":"https:\/\/www.heatsupply.nl\/en\/wp-json\/wp\/v2\/comments?post=63970"}],"wp:featuredmedia":[{"embeddable":true,"href":"https:\/\/www.heatsupply.nl\/en\/wp-json\/wp\/v2\/media\/63851"}],"wp:attachment":[{"href":"https:\/\/www.heatsupply.nl\/en\/wp-json\/wp\/v2\/media?parent=63970"}],"wp:term":[{"taxonomy":"product_brand","embeddable":true,"href":"https:\/\/www.heatsupply.nl\/en\/wp-json\/wp\/v2\/product_brand?post=63970"},{"taxonomy":"product_cat","embeddable":true,"href":"https:\/\/www.heatsupply.nl\/en\/wp-json\/wp\/v2\/product_cat?post=63970"},{"taxonomy":"product_tag","embeddable":true,"href":"https:\/\/www.heatsupply.nl\/en\/wp-json\/wp\/v2\/product_tag?post=63970"}],"curies":[{"name":"wp","href":"https:\/\/api.w.org\/{rel}","templated":true}]}}