{"id":145941,"date":"2024-04-04T10:05:47","date_gmt":"2024-04-04T08:05:47","guid":{"rendered":"https:\/\/www.heatsupply.nl\/product\/fil-jalapeno-shatta\/"},"modified":"2026-04-23T22:26:47","modified_gmt":"2026-04-23T20:26:47","slug":"fil-jalapeno-shatta","status":"publish","type":"product","link":"https:\/\/www.heatsupply.nl\/en\/product\/fil-jalapeno-shatta\/","title":{"rendered":"Fil Jalape\u00f1o Shatta"},"content":{"rendered":"<p><strong>Ingredients Fil Jalape\u00f1o Shatta<\/strong>: green bell pepper, Jalape\u00f1o (13%), salt, distilled vinegar, apple cider vinegar, extra virgin olive oil.<\/p>\n<p>Store in a cool and dark place. Keep refrigerated after opening and top with olive oil after use to keep fresh.<\/p>\n","protected":false},"excerpt":{"rendered":"<p style=\"text-align: justify;\">Fil Jalape\u00f1o Shatta is a Palestinian fermented chili paste, made in Amsterdam. A kind of Palestinian sambal, but in this case with the nice and fresh taste of Jalape\u00f1o. Not too hot, but super tasty because of the fermented paprika and peppers. Olive oil is also an essential part of shatta and that is not surprising, because Palestine is known for its good olive oil. Salt and (apple cider) vinegar have also been added, making it a balanced whole of fresh, savory and spicy flavors. Super versatile, but this Jalape\u00f1o shatta is especially delicious with tacos, grilled meat and with your eggs in the morning.<\/p>\n<p style=\"text-align: justify;\">Origin: Amsterdam, Netherlands<\/p>\n<p style=\"text-align: justify;\">Contents: 167 ml\/120 grams<\/p>\n","protected":false},"featured_media":164137,"comment_status":"open","ping_status":"closed","template":"","meta":{"_acf_changed":false},"product_brand":[],"product_cat":[3902,4045],"product_tag":[],"class_list":{"0":"post-145941","1":"product","2":"type-product","3":"status-publish","4":"has-post-thumbnail","6":"product_cat-sambal","7":"product_cat-spicy","9":"first","10":"instock","11":"taxable","12":"shipping-taxable","13":"purchasable","14":"product-type-simple"},"bundled_by":[],"bundle_stock_status":"instock","bundle_stock_quantity":10,"bundle_virtual":false,"bundle_layout":"","bundle_add_to_cart_form_location":"","bundle_editable_in_cart":false,"bundle_sold_individually_context":"","bundle_item_grouping":"","bundle_min_size":"","bundle_max_size":"","bundle_price":[],"bundled_items":[],"bundle_sell_ids":[],"acf":[],"yoast_head":"<!-- This site is optimized with the Yoast SEO Premium plugin v27.4 (Yoast SEO v27.4) - https:\/\/yoast.com\/product\/yoast-seo-premium-wordpress\/ -->\n<title>Fil Jalape\u00f1o Shatta - Heatsupply<\/title>\n<meta name=\"description\" content=\"Fil Jalape\u00f1o Shatta is a Palestinian fermented chili paste, made in Amsterdam. A kind of Palestinian sambal with jalape\u00f1o, bell pepper and olive oil.\" \/>\n<meta name=\"robots\" content=\"index, follow, max-snippet:-1, max-image-preview:large, max-video-preview:-1\" \/>\n<link rel=\"canonical\" href=\"https:\/\/www.heatsupply.nl\/en\/product\/fil-jalapeno-shatta\/\" \/>\n<meta property=\"og:locale\" content=\"en_US\" \/>\n<meta property=\"og:type\" content=\"article\" \/>\n<meta property=\"og:title\" content=\"Fil Jalape\u00f1o Shatta\" \/>\n<meta property=\"og:description\" content=\"Fil Jalape\u00f1o Shatta is a Palestinian fermented chili paste, made in Amsterdam. A kind of Palestinian sambal with jalape\u00f1o, bell pepper and olive oil.\" \/>\n<meta property=\"og:url\" content=\"https:\/\/www.heatsupply.nl\/en\/product\/fil-jalapeno-shatta\/\" \/>\n<meta property=\"og:site_name\" content=\"Heatsupply\" \/>\n<meta property=\"article:publisher\" content=\"https:\/\/www.facebook.com\/heatsupplyNL\" \/>\n<meta property=\"article:modified_time\" content=\"2026-04-23T20:26:47+00:00\" \/>\n<meta property=\"og:image\" content=\"https:\/\/www.heatsupply.nl\/wp-content\/uploads\/2024\/12\/fil-jalapeno-shatta.jpg\" \/>\n\t<meta property=\"og:image:width\" content=\"1400\" \/>\n\t<meta property=\"og:image:height\" content=\"1400\" \/>\n\t<meta property=\"og:image:type\" content=\"image\/jpeg\" \/>\n<meta name=\"twitter:card\" content=\"summary_large_image\" \/>\n<meta name=\"twitter:label1\" content=\"Price\" \/>\n\t<meta name=\"twitter:data1\" content=\"&euro;7,95\" \/>\n\t<meta name=\"twitter:label2\" content=\"Availability\" \/>\n\t<meta name=\"twitter:data2\" content=\"In stock\" \/>\n<script type=\"application\/ld+json\" class=\"yoast-schema-graph\">{\"@context\":\"https:\\\/\\\/schema.org\",\"@graph\":[{\"@type\":\"WebPage\",\"@id\":\"https:\\\/\\\/www.heatsupply.nl\\\/en\\\/product\\\/fil-jalapeno-shatta\\\/\",\"url\":\"https:\\\/\\\/www.heatsupply.nl\\\/en\\\/product\\\/fil-jalapeno-shatta\\\/\",\"name\":\"Fil Jalape\u00f1o Shatta - Heatsupply\",\"isPartOf\":{\"@id\":\"https:\\\/\\\/www.heatsupply.nl\\\/en\\\/#website\"},\"primaryImageOfPage\":{\"@id\":\"https:\\\/\\\/www.heatsupply.nl\\\/en\\\/product\\\/fil-jalapeno-shatta\\\/#primaryimage\"},\"image\":{\"@id\":\"https:\\\/\\\/www.heatsupply.nl\\\/en\\\/product\\\/fil-jalapeno-shatta\\\/#primaryimage\"},\"thumbnailUrl\":\"https:\\\/\\\/www.heatsupply.nl\\\/wp-content\\\/uploads\\\/2024\\\/12\\\/fil-jalapeno-shatta.jpg\",\"datePublished\":\"2024-04-04T08:05:47+00:00\",\"dateModified\":\"2026-04-23T20:26:47+00:00\",\"description\":\"Fil Jalape\u00f1o Shatta is a Palestinian fermented chili paste, made in Amsterdam. A kind of Palestinian sambal with jalape\u00f1o, bell pepper and olive oil.\",\"breadcrumb\":{\"@id\":\"https:\\\/\\\/www.heatsupply.nl\\\/en\\\/product\\\/fil-jalapeno-shatta\\\/#breadcrumb\"},\"inLanguage\":\"en-US\",\"potentialAction\":[{\"@type\":\"ReadAction\",\"target\":[\"https:\\\/\\\/www.heatsupply.nl\\\/en\\\/product\\\/fil-jalapeno-shatta\\\/\"]}]},{\"@type\":\"ImageObject\",\"inLanguage\":\"en-US\",\"@id\":\"https:\\\/\\\/www.heatsupply.nl\\\/en\\\/product\\\/fil-jalapeno-shatta\\\/#primaryimage\",\"url\":\"https:\\\/\\\/www.heatsupply.nl\\\/wp-content\\\/uploads\\\/2024\\\/12\\\/fil-jalapeno-shatta.jpg\",\"contentUrl\":\"https:\\\/\\\/www.heatsupply.nl\\\/wp-content\\\/uploads\\\/2024\\\/12\\\/fil-jalapeno-shatta.jpg\",\"width\":1400,\"height\":1400},{\"@type\":\"BreadcrumbList\",\"@id\":\"https:\\\/\\\/www.heatsupply.nl\\\/en\\\/product\\\/fil-jalapeno-shatta\\\/#breadcrumb\",\"itemListElement\":[{\"@type\":\"ListItem\",\"position\":1,\"name\":\"Home\",\"item\":\"https:\\\/\\\/www.heatsupply.nl\\\/en\\\/\"},{\"@type\":\"ListItem\",\"position\":2,\"name\":\"All products\",\"item\":\"https:\\\/\\\/www.heatsupply.nl\\\/en\\\/all-products\\\/\"},{\"@type\":\"ListItem\",\"position\":3,\"name\":\"Sambal\",\"item\":\"https:\\\/\\\/www.heatsupply.nl\\\/en\\\/sambal\\\/\"},{\"@type\":\"ListItem\",\"position\":4,\"name\":\"Fil Jalape\u00f1o Shatta\"}]},{\"@type\":\"WebSite\",\"@id\":\"https:\\\/\\\/www.heatsupply.nl\\\/en\\\/#website\",\"url\":\"https:\\\/\\\/www.heatsupply.nl\\\/en\\\/\",\"name\":\"Heatsupply\",\"description\":\"Hot sauce webstore #1 in Europe\",\"publisher\":{\"@id\":\"https:\\\/\\\/www.heatsupply.nl\\\/en\\\/#organization\"},\"potentialAction\":[{\"@type\":\"SearchAction\",\"target\":{\"@type\":\"EntryPoint\",\"urlTemplate\":\"https:\\\/\\\/www.heatsupply.nl\\\/en\\\/?s={search_term_string}\"},\"query-input\":{\"@type\":\"PropertyValueSpecification\",\"valueRequired\":true,\"valueName\":\"search_term_string\"}}],\"inLanguage\":\"en-US\"},{\"@type\":\"Organization\",\"@id\":\"https:\\\/\\\/www.heatsupply.nl\\\/en\\\/#organization\",\"name\":\"Heatsupply\",\"url\":\"https:\\\/\\\/www.heatsupply.nl\\\/en\\\/\",\"logo\":{\"@type\":\"ImageObject\",\"inLanguage\":\"en-US\",\"@id\":\"https:\\\/\\\/www.heatsupply.nl\\\/en\\\/#\\\/schema\\\/logo\\\/image\\\/\",\"url\":\"https:\\\/\\\/www.heatsupply.nl\\\/wp-content\\\/uploads\\\/2022\\\/10\\\/heatsupply-logo-rood.jpg\",\"contentUrl\":\"https:\\\/\\\/www.heatsupply.nl\\\/wp-content\\\/uploads\\\/2022\\\/10\\\/heatsupply-logo-rood.jpg\",\"width\":1000,\"height\":335,\"caption\":\"Heatsupply\"},\"image\":{\"@id\":\"https:\\\/\\\/www.heatsupply.nl\\\/en\\\/#\\\/schema\\\/logo\\\/image\\\/\"},\"sameAs\":[\"https:\\\/\\\/www.facebook.com\\\/heatsupplyNL\",\"https:\\\/\\\/www.instagram.com\\\/heatsuppy.nl\",\"https:\\\/\\\/www.youtube.com\\\/channel\\\/UC5pOWqQtljvxTz2SMWGWCsw\"]}]}<\/script>\n<meta property=\"product:price:amount\" content=\"7.95\" \/>\n<meta property=\"product:price:currency\" content=\"EUR\" \/>\n<meta property=\"og:availability\" content=\"instock\" \/>\n<meta property=\"product:availability\" content=\"instock\" \/>\n<meta property=\"product:retailer_item_id\" content=\"FJSHAT005\" \/>\n<meta property=\"product:condition\" content=\"new\" \/>\n<!-- \/ Yoast SEO Premium plugin. -->","yoast_head_json":{"title":"Fil Jalape\u00f1o Shatta - Heatsupply","description":"Fil Jalape\u00f1o Shatta is a Palestinian fermented chili paste, made in Amsterdam. A kind of Palestinian sambal with jalape\u00f1o, bell pepper and olive oil.","robots":{"index":"index","follow":"follow","max-snippet":"max-snippet:-1","max-image-preview":"max-image-preview:large","max-video-preview":"max-video-preview:-1"},"canonical":"https:\/\/www.heatsupply.nl\/en\/product\/fil-jalapeno-shatta\/","og_locale":"en_US","og_type":"article","og_title":"Fil Jalape\u00f1o Shatta","og_description":"Fil Jalape\u00f1o Shatta is a Palestinian fermented chili paste, made in Amsterdam. A kind of Palestinian sambal with jalape\u00f1o, bell pepper and olive oil.","og_url":"https:\/\/www.heatsupply.nl\/en\/product\/fil-jalapeno-shatta\/","og_site_name":"Heatsupply","article_publisher":"https:\/\/www.facebook.com\/heatsupplyNL","article_modified_time":"2026-04-23T20:26:47+00:00","og_image":[{"width":1400,"height":1400,"url":"https:\/\/www.heatsupply.nl\/wp-content\/uploads\/2024\/12\/fil-jalapeno-shatta.jpg","type":"image\/jpeg"}],"twitter_card":"summary_large_image","twitter_misc":{"Price":"&euro;7,95","Availability":"In stock"},"schema":{"@context":"https:\/\/schema.org","@graph":[{"@type":"WebPage","@id":"https:\/\/www.heatsupply.nl\/en\/product\/fil-jalapeno-shatta\/","url":"https:\/\/www.heatsupply.nl\/en\/product\/fil-jalapeno-shatta\/","name":"Fil Jalape\u00f1o Shatta - Heatsupply","isPartOf":{"@id":"https:\/\/www.heatsupply.nl\/en\/#website"},"primaryImageOfPage":{"@id":"https:\/\/www.heatsupply.nl\/en\/product\/fil-jalapeno-shatta\/#primaryimage"},"image":{"@id":"https:\/\/www.heatsupply.nl\/en\/product\/fil-jalapeno-shatta\/#primaryimage"},"thumbnailUrl":"https:\/\/www.heatsupply.nl\/wp-content\/uploads\/2024\/12\/fil-jalapeno-shatta.jpg","datePublished":"2024-04-04T08:05:47+00:00","dateModified":"2026-04-23T20:26:47+00:00","description":"Fil Jalape\u00f1o Shatta is a Palestinian fermented chili paste, made in Amsterdam. A kind of Palestinian sambal with jalape\u00f1o, bell pepper and olive oil.","breadcrumb":{"@id":"https:\/\/www.heatsupply.nl\/en\/product\/fil-jalapeno-shatta\/#breadcrumb"},"inLanguage":"en-US","potentialAction":[{"@type":"ReadAction","target":["https:\/\/www.heatsupply.nl\/en\/product\/fil-jalapeno-shatta\/"]}]},{"@type":"ImageObject","inLanguage":"en-US","@id":"https:\/\/www.heatsupply.nl\/en\/product\/fil-jalapeno-shatta\/#primaryimage","url":"https:\/\/www.heatsupply.nl\/wp-content\/uploads\/2024\/12\/fil-jalapeno-shatta.jpg","contentUrl":"https:\/\/www.heatsupply.nl\/wp-content\/uploads\/2024\/12\/fil-jalapeno-shatta.jpg","width":1400,"height":1400},{"@type":"BreadcrumbList","@id":"https:\/\/www.heatsupply.nl\/en\/product\/fil-jalapeno-shatta\/#breadcrumb","itemListElement":[{"@type":"ListItem","position":1,"name":"Home","item":"https:\/\/www.heatsupply.nl\/en\/"},{"@type":"ListItem","position":2,"name":"All products","item":"https:\/\/www.heatsupply.nl\/en\/all-products\/"},{"@type":"ListItem","position":3,"name":"Sambal","item":"https:\/\/www.heatsupply.nl\/en\/sambal\/"},{"@type":"ListItem","position":4,"name":"Fil Jalape\u00f1o Shatta"}]},{"@type":"WebSite","@id":"https:\/\/www.heatsupply.nl\/en\/#website","url":"https:\/\/www.heatsupply.nl\/en\/","name":"Heatsupply","description":"Hot sauce webstore #1 in Europe","publisher":{"@id":"https:\/\/www.heatsupply.nl\/en\/#organization"},"potentialAction":[{"@type":"SearchAction","target":{"@type":"EntryPoint","urlTemplate":"https:\/\/www.heatsupply.nl\/en\/?s={search_term_string}"},"query-input":{"@type":"PropertyValueSpecification","valueRequired":true,"valueName":"search_term_string"}}],"inLanguage":"en-US"},{"@type":"Organization","@id":"https:\/\/www.heatsupply.nl\/en\/#organization","name":"Heatsupply","url":"https:\/\/www.heatsupply.nl\/en\/","logo":{"@type":"ImageObject","inLanguage":"en-US","@id":"https:\/\/www.heatsupply.nl\/en\/#\/schema\/logo\/image\/","url":"https:\/\/www.heatsupply.nl\/wp-content\/uploads\/2022\/10\/heatsupply-logo-rood.jpg","contentUrl":"https:\/\/www.heatsupply.nl\/wp-content\/uploads\/2022\/10\/heatsupply-logo-rood.jpg","width":1000,"height":335,"caption":"Heatsupply"},"image":{"@id":"https:\/\/www.heatsupply.nl\/en\/#\/schema\/logo\/image\/"},"sameAs":["https:\/\/www.facebook.com\/heatsupplyNL","https:\/\/www.instagram.com\/heatsuppy.nl","https:\/\/www.youtube.com\/channel\/UC5pOWqQtljvxTz2SMWGWCsw"]}]},"product_price_amount":"7.95","product_price_currency":"EUR","og_availability":"instock","product_availability":"instock","product_retailer_item_id":"FJSHAT005","product_condition":"new"},"_links":{"self":[{"href":"https:\/\/www.heatsupply.nl\/en\/wp-json\/wp\/v2\/product\/145941","targetHints":{"allow":["GET"]}}],"collection":[{"href":"https:\/\/www.heatsupply.nl\/en\/wp-json\/wp\/v2\/product"}],"about":[{"href":"https:\/\/www.heatsupply.nl\/en\/wp-json\/wp\/v2\/types\/product"}],"replies":[{"embeddable":true,"href":"https:\/\/www.heatsupply.nl\/en\/wp-json\/wp\/v2\/comments?post=145941"}],"wp:featuredmedia":[{"embeddable":true,"href":"https:\/\/www.heatsupply.nl\/en\/wp-json\/wp\/v2\/media\/164137"}],"wp:attachment":[{"href":"https:\/\/www.heatsupply.nl\/en\/wp-json\/wp\/v2\/media?parent=145941"}],"wp:term":[{"taxonomy":"product_brand","embeddable":true,"href":"https:\/\/www.heatsupply.nl\/en\/wp-json\/wp\/v2\/product_brand?post=145941"},{"taxonomy":"product_cat","embeddable":true,"href":"https:\/\/www.heatsupply.nl\/en\/wp-json\/wp\/v2\/product_cat?post=145941"},{"taxonomy":"product_tag","embeddable":true,"href":"https:\/\/www.heatsupply.nl\/en\/wp-json\/wp\/v2\/product_tag?post=145941"}],"curies":[{"name":"wp","href":"https:\/\/api.w.org\/{rel}","templated":true}]}}