{"id":110825,"date":"2023-02-14T12:58:56","date_gmt":"2023-02-14T11:58:56","guid":{"rendered":"https:\/\/www.heatsupply.nl\/product\/melindas-jalapeno-hot-sauce\/"},"modified":"2026-05-06T09:29:22","modified_gmt":"2026-05-06T07:29:22","slug":"melindas-jalapeno-hot-sauce","status":"publish","type":"product","link":"https:\/\/www.heatsupply.nl\/en\/product\/melindas-jalapeno-hot-sauce\/","title":{"rendered":"Melinda&#8217;s Jalape\u00f1o Hot Sauce"},"content":{"rendered":"<p><strong>Ingredients Melinda&#8217;s Jalape\u00f1o Hot Sauce<\/strong>: Jalape\u00f1o pepper mash (water, jalape\u00f1o pepper), vinegar, salt, xanthan gum.<\/p>\n<p>Allergens: may contain <strong>nuts (coconut), sulphites, mustard, eggs, soybeans, wheat, sesame and milk<\/strong>.<\/p>\n<p><span style=\"text-decoration: underline;\">Nutritional values per 100gr<\/span>:<br \/>\nEnergy: 10 kcal<br \/>\nFat: 0.9 grams<br \/>\nof which saturated fats: 0.3 grams<br \/>\nCarbohydrates: 0.5 grams<br \/>\nof which sugars: 0 grams<br \/>\nProteins: 0.3 grams<br \/>\nSalt: 5.3 grams<\/p>\n<p>Shake before use and refrigerate after opening.<\/p>\n","protected":false},"excerpt":{"rendered":"<p style=\"text-align: justify;\">This Melinda&#8217;s Jalape\u00f1o hot sauce is a straightforward one. Mild, full of Jalape\u00f1os and no weird other ingredients. Made with fresh ingredients and the best Jalape\u00f1o peppers in the world for people who care about those kinds of things. It&#8217;s the perfect green sauce for Mexican, Tex-Mex and anything that needs a fresh touch and a very light burn.<\/p>\n<p style=\"text-align: justify;\">Origin: Texas, USA<\/p>\n<p style=\"text-align: justify;\">Content: 148 ml<\/p>\n","protected":false},"featured_media":110777,"comment_status":"open","ping_status":"closed","template":"","meta":{"_acf_changed":false},"product_brand":[],"product_cat":[174,4045],"product_tag":[],"class_list":{"0":"post-110825","1":"product","2":"type-product","3":"status-publish","4":"has-post-thumbnail","6":"product_cat-hot-sauce","7":"product_cat-spicy","9":"first","10":"instock","11":"taxable","12":"shipping-taxable","13":"purchasable","14":"product-type-simple"},"bundled_by":[],"bundle_stock_status":"instock","bundle_stock_quantity":173,"bundle_virtual":false,"bundle_layout":"","bundle_add_to_cart_form_location":"","bundle_editable_in_cart":false,"bundle_sold_individually_context":"","bundle_item_grouping":"","bundle_min_size":"","bundle_max_size":"","bundle_price":[],"bundled_items":[],"bundle_sell_ids":[],"acf":[],"yoast_head":"<!-- This site is optimized with the Yoast SEO Premium plugin v27.4 (Yoast SEO v27.4) - https:\/\/yoast.com\/product\/yoast-seo-premium-wordpress\/ -->\n<title>Melinda&#039;s Jalape\u00f1o Hot Sauce - Heatsupply<\/title>\n<meta name=\"description\" content=\"Looking for a straightforward Jalape\u00f1o hot sauce? Then this Melinda&#039;s Jalapeno hot sauce is exactly what you&#039;re looking for. Order it here.\" \/>\n<meta name=\"robots\" content=\"index, follow, max-snippet:-1, max-image-preview:large, max-video-preview:-1\" \/>\n<link rel=\"canonical\" href=\"https:\/\/www.heatsupply.nl\/en\/product\/melindas-jalapeno-hot-sauce\/\" \/>\n<meta property=\"og:locale\" content=\"en_US\" \/>\n<meta property=\"og:type\" content=\"article\" \/>\n<meta property=\"og:title\" content=\"Melinda&#039;s Jalape\u00f1o Hot Sauce\" \/>\n<meta property=\"og:description\" content=\"Looking for a straightforward Jalape\u00f1o hot sauce? Then this Melinda&#039;s Jalapeno hot sauce is exactly what you&#039;re looking for. Order it here.\" \/>\n<meta property=\"og:url\" content=\"https:\/\/www.heatsupply.nl\/en\/product\/melindas-jalapeno-hot-sauce\/\" \/>\n<meta property=\"og:site_name\" content=\"Heatsupply\" \/>\n<meta property=\"article:publisher\" content=\"https:\/\/www.facebook.com\/heatsupplyNL\" \/>\n<meta property=\"article:modified_time\" content=\"2026-05-06T07:29:22+00:00\" \/>\n<meta property=\"og:image\" content=\"https:\/\/www.heatsupply.nl\/wp-content\/uploads\/2023\/02\/melindas-jalapeno-hot-sauce.jpg\" \/>\n\t<meta property=\"og:image:width\" content=\"1400\" \/>\n\t<meta property=\"og:image:height\" content=\"1400\" \/>\n\t<meta property=\"og:image:type\" content=\"image\/jpeg\" \/>\n<meta name=\"twitter:card\" content=\"summary_large_image\" \/>\n<meta name=\"twitter:label1\" content=\"Price\" \/>\n\t<meta name=\"twitter:data1\" content=\"&euro;4,95\" \/>\n\t<meta name=\"twitter:label2\" content=\"Availability\" \/>\n\t<meta name=\"twitter:data2\" content=\"In stock\" \/>\n<script type=\"application\/ld+json\" class=\"yoast-schema-graph\">{\"@context\":\"https:\\\/\\\/schema.org\",\"@graph\":[{\"@type\":\"WebPage\",\"@id\":\"https:\\\/\\\/www.heatsupply.nl\\\/en\\\/product\\\/melindas-jalapeno-hot-sauce\\\/\",\"url\":\"https:\\\/\\\/www.heatsupply.nl\\\/en\\\/product\\\/melindas-jalapeno-hot-sauce\\\/\",\"name\":\"Melinda's Jalape\u00f1o Hot Sauce - Heatsupply\",\"isPartOf\":{\"@id\":\"https:\\\/\\\/www.heatsupply.nl\\\/en\\\/#website\"},\"primaryImageOfPage\":{\"@id\":\"https:\\\/\\\/www.heatsupply.nl\\\/en\\\/product\\\/melindas-jalapeno-hot-sauce\\\/#primaryimage\"},\"image\":{\"@id\":\"https:\\\/\\\/www.heatsupply.nl\\\/en\\\/product\\\/melindas-jalapeno-hot-sauce\\\/#primaryimage\"},\"thumbnailUrl\":\"https:\\\/\\\/www.heatsupply.nl\\\/wp-content\\\/uploads\\\/2023\\\/02\\\/melindas-jalapeno-hot-sauce.jpg\",\"datePublished\":\"2023-02-14T11:58:56+00:00\",\"dateModified\":\"2026-05-06T07:29:22+00:00\",\"description\":\"Looking for a straightforward Jalape\u00f1o hot sauce? Then this Melinda's Jalapeno hot sauce is exactly what you're looking for. Order it here.\",\"breadcrumb\":{\"@id\":\"https:\\\/\\\/www.heatsupply.nl\\\/en\\\/product\\\/melindas-jalapeno-hot-sauce\\\/#breadcrumb\"},\"inLanguage\":\"en-US\",\"potentialAction\":[{\"@type\":\"ReadAction\",\"target\":[\"https:\\\/\\\/www.heatsupply.nl\\\/en\\\/product\\\/melindas-jalapeno-hot-sauce\\\/\"]}]},{\"@type\":\"ImageObject\",\"inLanguage\":\"en-US\",\"@id\":\"https:\\\/\\\/www.heatsupply.nl\\\/en\\\/product\\\/melindas-jalapeno-hot-sauce\\\/#primaryimage\",\"url\":\"https:\\\/\\\/www.heatsupply.nl\\\/wp-content\\\/uploads\\\/2023\\\/02\\\/melindas-jalapeno-hot-sauce.jpg\",\"contentUrl\":\"https:\\\/\\\/www.heatsupply.nl\\\/wp-content\\\/uploads\\\/2023\\\/02\\\/melindas-jalapeno-hot-sauce.jpg\",\"width\":1400,\"height\":1400,\"caption\":\"Melinda's Jalapeno hot sauce\"},{\"@type\":\"BreadcrumbList\",\"@id\":\"https:\\\/\\\/www.heatsupply.nl\\\/en\\\/product\\\/melindas-jalapeno-hot-sauce\\\/#breadcrumb\",\"itemListElement\":[{\"@type\":\"ListItem\",\"position\":1,\"name\":\"Home\",\"item\":\"https:\\\/\\\/www.heatsupply.nl\\\/en\\\/\"},{\"@type\":\"ListItem\",\"position\":2,\"name\":\"All products\",\"item\":\"https:\\\/\\\/www.heatsupply.nl\\\/en\\\/all-products\\\/\"},{\"@type\":\"ListItem\",\"position\":3,\"name\":\"Hot Sauce\",\"item\":\"https:\\\/\\\/www.heatsupply.nl\\\/en\\\/hot-sauce\\\/\"},{\"@type\":\"ListItem\",\"position\":4,\"name\":\"Melinda&#8217;s Jalape\u00f1o Hot Sauce\"}]},{\"@type\":\"WebSite\",\"@id\":\"https:\\\/\\\/www.heatsupply.nl\\\/en\\\/#website\",\"url\":\"https:\\\/\\\/www.heatsupply.nl\\\/en\\\/\",\"name\":\"Heatsupply\",\"description\":\"Hot sauce webstore #1 in Europe\",\"publisher\":{\"@id\":\"https:\\\/\\\/www.heatsupply.nl\\\/en\\\/#organization\"},\"potentialAction\":[{\"@type\":\"SearchAction\",\"target\":{\"@type\":\"EntryPoint\",\"urlTemplate\":\"https:\\\/\\\/www.heatsupply.nl\\\/en\\\/?s={search_term_string}\"},\"query-input\":{\"@type\":\"PropertyValueSpecification\",\"valueRequired\":true,\"valueName\":\"search_term_string\"}}],\"inLanguage\":\"en-US\"},{\"@type\":\"Organization\",\"@id\":\"https:\\\/\\\/www.heatsupply.nl\\\/en\\\/#organization\",\"name\":\"Heatsupply\",\"url\":\"https:\\\/\\\/www.heatsupply.nl\\\/en\\\/\",\"logo\":{\"@type\":\"ImageObject\",\"inLanguage\":\"en-US\",\"@id\":\"https:\\\/\\\/www.heatsupply.nl\\\/en\\\/#\\\/schema\\\/logo\\\/image\\\/\",\"url\":\"https:\\\/\\\/www.heatsupply.nl\\\/wp-content\\\/uploads\\\/2022\\\/10\\\/heatsupply-logo-rood.jpg\",\"contentUrl\":\"https:\\\/\\\/www.heatsupply.nl\\\/wp-content\\\/uploads\\\/2022\\\/10\\\/heatsupply-logo-rood.jpg\",\"width\":1000,\"height\":335,\"caption\":\"Heatsupply\"},\"image\":{\"@id\":\"https:\\\/\\\/www.heatsupply.nl\\\/en\\\/#\\\/schema\\\/logo\\\/image\\\/\"},\"sameAs\":[\"https:\\\/\\\/www.facebook.com\\\/heatsupplyNL\",\"https:\\\/\\\/www.instagram.com\\\/heatsuppy.nl\",\"https:\\\/\\\/www.youtube.com\\\/channel\\\/UC5pOWqQtljvxTz2SMWGWCsw\"]}]}<\/script>\n<meta property=\"product:brand\" content=\"Melinda&#8217;s\" \/>\n<meta property=\"product:price:amount\" content=\"4.95\" \/>\n<meta property=\"product:price:currency\" content=\"EUR\" \/>\n<meta property=\"og:availability\" content=\"instock\" \/>\n<meta property=\"product:availability\" content=\"instock\" \/>\n<meta property=\"product:retailer_item_id\" content=\"MJPHS001\" \/>\n<meta property=\"product:condition\" content=\"new\" \/>\n<!-- \/ Yoast SEO Premium plugin. -->","yoast_head_json":{"title":"Melinda's Jalape\u00f1o Hot Sauce - Heatsupply","description":"Looking for a straightforward Jalape\u00f1o hot sauce? Then this Melinda's Jalapeno hot sauce is exactly what you're looking for. Order it here.","robots":{"index":"index","follow":"follow","max-snippet":"max-snippet:-1","max-image-preview":"max-image-preview:large","max-video-preview":"max-video-preview:-1"},"canonical":"https:\/\/www.heatsupply.nl\/en\/product\/melindas-jalapeno-hot-sauce\/","og_locale":"en_US","og_type":"article","og_title":"Melinda's Jalape\u00f1o Hot Sauce","og_description":"Looking for a straightforward Jalape\u00f1o hot sauce? Then this Melinda's Jalapeno hot sauce is exactly what you're looking for. Order it here.","og_url":"https:\/\/www.heatsupply.nl\/en\/product\/melindas-jalapeno-hot-sauce\/","og_site_name":"Heatsupply","article_publisher":"https:\/\/www.facebook.com\/heatsupplyNL","article_modified_time":"2026-05-06T07:29:22+00:00","og_image":[{"width":1400,"height":1400,"url":"https:\/\/www.heatsupply.nl\/wp-content\/uploads\/2023\/02\/melindas-jalapeno-hot-sauce.jpg","type":"image\/jpeg"}],"twitter_card":"summary_large_image","twitter_misc":{"Price":"&euro;4,95","Availability":"In stock"},"schema":{"@context":"https:\/\/schema.org","@graph":[{"@type":"WebPage","@id":"https:\/\/www.heatsupply.nl\/en\/product\/melindas-jalapeno-hot-sauce\/","url":"https:\/\/www.heatsupply.nl\/en\/product\/melindas-jalapeno-hot-sauce\/","name":"Melinda's Jalape\u00f1o Hot Sauce - Heatsupply","isPartOf":{"@id":"https:\/\/www.heatsupply.nl\/en\/#website"},"primaryImageOfPage":{"@id":"https:\/\/www.heatsupply.nl\/en\/product\/melindas-jalapeno-hot-sauce\/#primaryimage"},"image":{"@id":"https:\/\/www.heatsupply.nl\/en\/product\/melindas-jalapeno-hot-sauce\/#primaryimage"},"thumbnailUrl":"https:\/\/www.heatsupply.nl\/wp-content\/uploads\/2023\/02\/melindas-jalapeno-hot-sauce.jpg","datePublished":"2023-02-14T11:58:56+00:00","dateModified":"2026-05-06T07:29:22+00:00","description":"Looking for a straightforward Jalape\u00f1o hot sauce? Then this Melinda's Jalapeno hot sauce is exactly what you're looking for. Order it here.","breadcrumb":{"@id":"https:\/\/www.heatsupply.nl\/en\/product\/melindas-jalapeno-hot-sauce\/#breadcrumb"},"inLanguage":"en-US","potentialAction":[{"@type":"ReadAction","target":["https:\/\/www.heatsupply.nl\/en\/product\/melindas-jalapeno-hot-sauce\/"]}]},{"@type":"ImageObject","inLanguage":"en-US","@id":"https:\/\/www.heatsupply.nl\/en\/product\/melindas-jalapeno-hot-sauce\/#primaryimage","url":"https:\/\/www.heatsupply.nl\/wp-content\/uploads\/2023\/02\/melindas-jalapeno-hot-sauce.jpg","contentUrl":"https:\/\/www.heatsupply.nl\/wp-content\/uploads\/2023\/02\/melindas-jalapeno-hot-sauce.jpg","width":1400,"height":1400,"caption":"Melinda's Jalapeno hot sauce"},{"@type":"BreadcrumbList","@id":"https:\/\/www.heatsupply.nl\/en\/product\/melindas-jalapeno-hot-sauce\/#breadcrumb","itemListElement":[{"@type":"ListItem","position":1,"name":"Home","item":"https:\/\/www.heatsupply.nl\/en\/"},{"@type":"ListItem","position":2,"name":"All products","item":"https:\/\/www.heatsupply.nl\/en\/all-products\/"},{"@type":"ListItem","position":3,"name":"Hot Sauce","item":"https:\/\/www.heatsupply.nl\/en\/hot-sauce\/"},{"@type":"ListItem","position":4,"name":"Melinda&#8217;s Jalape\u00f1o Hot Sauce"}]},{"@type":"WebSite","@id":"https:\/\/www.heatsupply.nl\/en\/#website","url":"https:\/\/www.heatsupply.nl\/en\/","name":"Heatsupply","description":"Hot sauce webstore #1 in Europe","publisher":{"@id":"https:\/\/www.heatsupply.nl\/en\/#organization"},"potentialAction":[{"@type":"SearchAction","target":{"@type":"EntryPoint","urlTemplate":"https:\/\/www.heatsupply.nl\/en\/?s={search_term_string}"},"query-input":{"@type":"PropertyValueSpecification","valueRequired":true,"valueName":"search_term_string"}}],"inLanguage":"en-US"},{"@type":"Organization","@id":"https:\/\/www.heatsupply.nl\/en\/#organization","name":"Heatsupply","url":"https:\/\/www.heatsupply.nl\/en\/","logo":{"@type":"ImageObject","inLanguage":"en-US","@id":"https:\/\/www.heatsupply.nl\/en\/#\/schema\/logo\/image\/","url":"https:\/\/www.heatsupply.nl\/wp-content\/uploads\/2022\/10\/heatsupply-logo-rood.jpg","contentUrl":"https:\/\/www.heatsupply.nl\/wp-content\/uploads\/2022\/10\/heatsupply-logo-rood.jpg","width":1000,"height":335,"caption":"Heatsupply"},"image":{"@id":"https:\/\/www.heatsupply.nl\/en\/#\/schema\/logo\/image\/"},"sameAs":["https:\/\/www.facebook.com\/heatsupplyNL","https:\/\/www.instagram.com\/heatsuppy.nl","https:\/\/www.youtube.com\/channel\/UC5pOWqQtljvxTz2SMWGWCsw"]}]},"product_brand":"Melinda&#8217;s","product_price_amount":"4.95","product_price_currency":"EUR","og_availability":"instock","product_availability":"instock","product_retailer_item_id":"MJPHS001","product_condition":"new"},"_links":{"self":[{"href":"https:\/\/www.heatsupply.nl\/en\/wp-json\/wp\/v2\/product\/110825","targetHints":{"allow":["GET"]}}],"collection":[{"href":"https:\/\/www.heatsupply.nl\/en\/wp-json\/wp\/v2\/product"}],"about":[{"href":"https:\/\/www.heatsupply.nl\/en\/wp-json\/wp\/v2\/types\/product"}],"replies":[{"embeddable":true,"href":"https:\/\/www.heatsupply.nl\/en\/wp-json\/wp\/v2\/comments?post=110825"}],"wp:featuredmedia":[{"embeddable":true,"href":"https:\/\/www.heatsupply.nl\/en\/wp-json\/wp\/v2\/media\/110777"}],"wp:attachment":[{"href":"https:\/\/www.heatsupply.nl\/en\/wp-json\/wp\/v2\/media?parent=110825"}],"wp:term":[{"taxonomy":"product_brand","embeddable":true,"href":"https:\/\/www.heatsupply.nl\/en\/wp-json\/wp\/v2\/product_brand?post=110825"},{"taxonomy":"product_cat","embeddable":true,"href":"https:\/\/www.heatsupply.nl\/en\/wp-json\/wp\/v2\/product_cat?post=110825"},{"taxonomy":"product_tag","embeddable":true,"href":"https:\/\/www.heatsupply.nl\/en\/wp-json\/wp\/v2\/product_tag?post=110825"}],"curies":[{"name":"wp","href":"https:\/\/api.w.org\/{rel}","templated":true}]}}