{"id":211569,"date":"2026-05-05T09:24:26","date_gmt":"2026-05-05T07:24:26","guid":{"rendered":"https:\/\/www.heatsupply.nl\/?post_type=product&#038;p=211569"},"modified":"2026-05-05T09:25:42","modified_gmt":"2026-05-05T07:25:42","slug":"la-pimenterie-rocketman-bbq-sauce","status":"publish","type":"product","link":"https:\/\/www.heatsupply.nl\/de\/produkt\/la-pimenterie-rocketman-bbq-sauce\/","title":{"rendered":"La Pimenterie Rocketman BBQ Sauce"},"content":{"rendered":"<p><strong>Zutaten La Pimenterie Rocketman BBQ Sauce<\/strong>: Apfelmus, Tamari-SOJASAUCE (Wasser, SOJABOHNEN, Salz, Zucker), Rohrzucker, Bio-Apfelessig, SESAM\u00d6L, Knoblauch, Ingwer, Maisst\u00e4rke, getrockneter Pfeffer, Kr\u00e4uter, Sesamsamen, Xanthan.<\/p>\n<p><span style=\"text-decoration: underline;\">N\u00e4hrwerte pro 100 ml:<\/span><br \/>\nEnergie: 200 kcal\/836,8 kJ<br \/>\nFett: 5 g<br \/>\ndavon ges\u00e4ttigte Fetts\u00e4uren: 0,67 g<br \/>\nKohlenhydrate: 33,3 g<br \/>\ndavon Zucker: 30 g<br \/>\nEiwei\u00df: 3,3 g<br \/>\nSalz: 2,4 g<\/p>\n<p>Nach dem \u00d6ffnen gek\u00fchlt aufbewahren.<\/p>\n","protected":false},"excerpt":{"rendered":"<p style=\"text-align: justify;\">Die La Pimenterie Rocketman BBQ Sauce ist eine Barbecue-Sauce mit ernsthaften koreanischen Einfl\u00fcssen. Rocketman kombiniert klassische koreanische Aromen mit einer echten Leidenschaft f\u00fcr Chilis. Ingwer, Knoblauch, ger\u00f6steter Sesam, \u00c4pfel und Tamari treffen auf Gochugaru \u2013 das Ergebnis ist eine herrlich ausgewogene, s\u00fc\u00df-scharfe Mischung. Nat\u00fcrlich absolut top als Tischsauce beim Grillen, aber auch wirklich perfekt zum Marinieren. Und ein absolutes Muss f\u00fcr Pulled Pork!<\/p>\n<ul>\n<li style=\"text-align: justify;\">Herkunft: Montr\u00e9al, Kanada<\/li>\n<li style=\"text-align: justify;\">Inhalt: 350 ml<\/li>\n<\/ul>\n","protected":false},"featured_media":211689,"comment_status":"open","ping_status":"closed","template":"","meta":{"_acf_changed":false},"product_brand":[],"product_cat":[4042,4043,3794,4075,4046],"product_tag":[],"class_list":{"0":"post-211569","1":"product","2":"type-product","3":"status-publish","4":"has-post-thumbnail","6":"product_cat-andere-produkte","7":"product_cat-aromen","8":"product_cat-essen","9":"product_cat-neu","10":"product_cat-spicy","12":"first","13":"instock","14":"taxable","15":"shipping-taxable","16":"purchasable","17":"product-type-simple"},"bundled_by":[],"bundle_stock_status":"instock","bundle_stock_quantity":36,"bundle_virtual":false,"bundle_layout":"","bundle_add_to_cart_form_location":"","bundle_editable_in_cart":false,"bundle_sold_individually_context":"","bundle_item_grouping":"","bundle_min_size":"","bundle_max_size":"","bundle_price":[],"bundled_items":[],"bundle_sell_ids":[],"acf":[],"yoast_head":"<!-- This site is optimized with the Yoast SEO Premium plugin v27.4 (Yoast SEO v27.4) - https:\/\/yoast.com\/product\/yoast-seo-premium-wordpress\/ -->\n<title>La Pimenterie Rocketman BBQ Sauce - Heatsupply<\/title>\n<meta name=\"description\" content=\"La Pimenterie Rocket BBQ Sauce ist eine Barbecue-Sauce im koreanischen Stil, mit Ingwer, Knoblauch, Sesam, Sojaso\u00dfe und Gochugaru. Ein absolutes Muss f\u00fcr alle Grill-Fans!\" \/>\n<meta name=\"robots\" content=\"index, follow, max-snippet:-1, max-image-preview:large, max-video-preview:-1\" \/>\n<link rel=\"canonical\" href=\"https:\/\/www.heatsupply.nl\/de\/produkt\/la-pimenterie-rocketman-bbq-sauce\/\" \/>\n<meta property=\"og:locale\" content=\"de_DE\" \/>\n<meta property=\"og:type\" content=\"article\" \/>\n<meta property=\"og:title\" content=\"La Pimenterie Rocketman BBQ Sauce\" \/>\n<meta property=\"og:description\" content=\"La Pimenterie Rocket BBQ Sauce ist eine Barbecue-Sauce im koreanischen Stil, mit Ingwer, Knoblauch, Sesam, Sojaso\u00dfe und Gochugaru. Ein absolutes Muss f\u00fcr alle Grill-Fans!\" \/>\n<meta property=\"og:url\" content=\"https:\/\/www.heatsupply.nl\/de\/produkt\/la-pimenterie-rocketman-bbq-sauce\/\" \/>\n<meta property=\"og:site_name\" content=\"Heatsupply\" \/>\n<meta property=\"article:publisher\" content=\"https:\/\/www.facebook.com\/heatsupplyNL\" \/>\n<meta property=\"article:modified_time\" content=\"2026-05-05T07:25:42+00:00\" \/>\n<meta property=\"og:image\" content=\"https:\/\/www.heatsupply.nl\/wp-content\/uploads\/2026\/05\/la-pimenterie-korean-bbq-sauce-rocketman.jpg\" \/>\n\t<meta property=\"og:image:width\" content=\"1400\" \/>\n\t<meta property=\"og:image:height\" content=\"1400\" \/>\n\t<meta property=\"og:image:type\" content=\"image\/jpeg\" \/>\n<meta name=\"twitter:card\" content=\"summary_large_image\" \/>\n<meta name=\"twitter:label1\" content=\"Preis\" \/>\n\t<meta name=\"twitter:data1\" content=\"&euro;9,95\" \/>\n\t<meta name=\"twitter:label2\" content=\"Verf\u00fcgbarkeit\" \/>\n\t<meta name=\"twitter:data2\" content=\"Auf Lager\" \/>\n<script type=\"application\/ld+json\" class=\"yoast-schema-graph\">{\"@context\":\"https:\\\/\\\/schema.org\",\"@graph\":[{\"@type\":\"WebPage\",\"@id\":\"https:\\\/\\\/www.heatsupply.nl\\\/de\\\/produkt\\\/la-pimenterie-rocketman-bbq-sauce\\\/\",\"url\":\"https:\\\/\\\/www.heatsupply.nl\\\/de\\\/produkt\\\/la-pimenterie-rocketman-bbq-sauce\\\/\",\"name\":\"La Pimenterie Rocketman BBQ Sauce - Heatsupply\",\"isPartOf\":{\"@id\":\"https:\\\/\\\/www.heatsupply.nl\\\/de\\\/#website\"},\"primaryImageOfPage\":{\"@id\":\"https:\\\/\\\/www.heatsupply.nl\\\/de\\\/produkt\\\/la-pimenterie-rocketman-bbq-sauce\\\/#primaryimage\"},\"image\":{\"@id\":\"https:\\\/\\\/www.heatsupply.nl\\\/de\\\/produkt\\\/la-pimenterie-rocketman-bbq-sauce\\\/#primaryimage\"},\"thumbnailUrl\":\"https:\\\/\\\/www.heatsupply.nl\\\/wp-content\\\/uploads\\\/2026\\\/05\\\/la-pimenterie-korean-bbq-sauce-rocketman.jpg\",\"datePublished\":\"2026-05-05T07:24:26+00:00\",\"dateModified\":\"2026-05-05T07:25:42+00:00\",\"description\":\"La Pimenterie Rocket BBQ Sauce ist eine Barbecue-Sauce im koreanischen Stil, mit Ingwer, Knoblauch, Sesam, Sojaso\u00dfe und Gochugaru. Ein absolutes Muss f\u00fcr alle Grill-Fans!\",\"breadcrumb\":{\"@id\":\"https:\\\/\\\/www.heatsupply.nl\\\/de\\\/produkt\\\/la-pimenterie-rocketman-bbq-sauce\\\/#breadcrumb\"},\"inLanguage\":\"de\",\"potentialAction\":[{\"@type\":\"ReadAction\",\"target\":[\"https:\\\/\\\/www.heatsupply.nl\\\/de\\\/produkt\\\/la-pimenterie-rocketman-bbq-sauce\\\/\"]}]},{\"@type\":\"ImageObject\",\"inLanguage\":\"de\",\"@id\":\"https:\\\/\\\/www.heatsupply.nl\\\/de\\\/produkt\\\/la-pimenterie-rocketman-bbq-sauce\\\/#primaryimage\",\"url\":\"https:\\\/\\\/www.heatsupply.nl\\\/wp-content\\\/uploads\\\/2026\\\/05\\\/la-pimenterie-korean-bbq-sauce-rocketman.jpg\",\"contentUrl\":\"https:\\\/\\\/www.heatsupply.nl\\\/wp-content\\\/uploads\\\/2026\\\/05\\\/la-pimenterie-korean-bbq-sauce-rocketman.jpg\",\"width\":1400,\"height\":1400,\"caption\":\"la pimenterie korean bbq sauce rocketman\"},{\"@type\":\"BreadcrumbList\",\"@id\":\"https:\\\/\\\/www.heatsupply.nl\\\/de\\\/produkt\\\/la-pimenterie-rocketman-bbq-sauce\\\/#breadcrumb\",\"itemListElement\":[{\"@type\":\"ListItem\",\"position\":1,\"name\":\"Home\",\"item\":\"https:\\\/\\\/www.heatsupply.nl\\\/de\\\/\"},{\"@type\":\"ListItem\",\"position\":2,\"name\":\"Alle produkten\",\"item\":\"https:\\\/\\\/www.heatsupply.nl\\\/de\\\/alle-produkten\\\/\"},{\"@type\":\"ListItem\",\"position\":3,\"name\":\"Essen\",\"item\":\"https:\\\/\\\/www.heatsupply.nl\\\/de\\\/essen\\\/\"},{\"@type\":\"ListItem\",\"position\":4,\"name\":\"La Pimenterie Rocketman BBQ Sauce\"}]},{\"@type\":\"WebSite\",\"@id\":\"https:\\\/\\\/www.heatsupply.nl\\\/de\\\/#website\",\"url\":\"https:\\\/\\\/www.heatsupply.nl\\\/de\\\/\",\"name\":\"Heatsupply\",\"description\":\"Hot sauce webstore #1 in Europe\",\"publisher\":{\"@id\":\"https:\\\/\\\/www.heatsupply.nl\\\/de\\\/#organization\"},\"potentialAction\":[{\"@type\":\"SearchAction\",\"target\":{\"@type\":\"EntryPoint\",\"urlTemplate\":\"https:\\\/\\\/www.heatsupply.nl\\\/de\\\/?s={search_term_string}\"},\"query-input\":{\"@type\":\"PropertyValueSpecification\",\"valueRequired\":true,\"valueName\":\"search_term_string\"}}],\"inLanguage\":\"de\"},{\"@type\":\"Organization\",\"@id\":\"https:\\\/\\\/www.heatsupply.nl\\\/de\\\/#organization\",\"name\":\"Heatsupply\",\"url\":\"https:\\\/\\\/www.heatsupply.nl\\\/de\\\/\",\"logo\":{\"@type\":\"ImageObject\",\"inLanguage\":\"de\",\"@id\":\"https:\\\/\\\/www.heatsupply.nl\\\/de\\\/#\\\/schema\\\/logo\\\/image\\\/\",\"url\":\"https:\\\/\\\/www.heatsupply.nl\\\/wp-content\\\/uploads\\\/2022\\\/10\\\/heatsupply-logo-rood.jpg\",\"contentUrl\":\"https:\\\/\\\/www.heatsupply.nl\\\/wp-content\\\/uploads\\\/2022\\\/10\\\/heatsupply-logo-rood.jpg\",\"width\":1000,\"height\":335,\"caption\":\"Heatsupply\"},\"image\":{\"@id\":\"https:\\\/\\\/www.heatsupply.nl\\\/de\\\/#\\\/schema\\\/logo\\\/image\\\/\"},\"sameAs\":[\"https:\\\/\\\/www.facebook.com\\\/heatsupplyNL\",\"https:\\\/\\\/www.instagram.com\\\/heatsuppy.nl\",\"https:\\\/\\\/www.youtube.com\\\/channel\\\/UC5pOWqQtljvxTz2SMWGWCsw\"]}]}<\/script>\n<meta property=\"product:price:amount\" content=\"9.95\" \/>\n<meta property=\"product:price:currency\" content=\"EUR\" \/>\n<meta property=\"og:availability\" content=\"instock\" \/>\n<meta property=\"product:availability\" content=\"instock\" \/>\n<meta property=\"product:retailer_item_id\" content=\"LPROCKETBBQ001\" \/>\n<meta property=\"product:condition\" content=\"new\" \/>\n<!-- \/ Yoast SEO Premium plugin. -->","yoast_head_json":{"title":"La Pimenterie Rocketman BBQ Sauce - Heatsupply","description":"La Pimenterie Rocket BBQ Sauce ist eine Barbecue-Sauce im koreanischen Stil, mit Ingwer, Knoblauch, Sesam, Sojaso\u00dfe und Gochugaru. Ein absolutes Muss f\u00fcr alle Grill-Fans!","robots":{"index":"index","follow":"follow","max-snippet":"max-snippet:-1","max-image-preview":"max-image-preview:large","max-video-preview":"max-video-preview:-1"},"canonical":"https:\/\/www.heatsupply.nl\/de\/produkt\/la-pimenterie-rocketman-bbq-sauce\/","og_locale":"de_DE","og_type":"article","og_title":"La Pimenterie Rocketman BBQ Sauce","og_description":"La Pimenterie Rocket BBQ Sauce ist eine Barbecue-Sauce im koreanischen Stil, mit Ingwer, Knoblauch, Sesam, Sojaso\u00dfe und Gochugaru. Ein absolutes Muss f\u00fcr alle Grill-Fans!","og_url":"https:\/\/www.heatsupply.nl\/de\/produkt\/la-pimenterie-rocketman-bbq-sauce\/","og_site_name":"Heatsupply","article_publisher":"https:\/\/www.facebook.com\/heatsupplyNL","article_modified_time":"2026-05-05T07:25:42+00:00","og_image":[{"width":1400,"height":1400,"url":"https:\/\/www.heatsupply.nl\/wp-content\/uploads\/2026\/05\/la-pimenterie-korean-bbq-sauce-rocketman.jpg","type":"image\/jpeg"}],"twitter_card":"summary_large_image","twitter_misc":{"Preis":"&euro;9,95","Verf\u00fcgbarkeit":"Auf Lager"},"schema":{"@context":"https:\/\/schema.org","@graph":[{"@type":"WebPage","@id":"https:\/\/www.heatsupply.nl\/de\/produkt\/la-pimenterie-rocketman-bbq-sauce\/","url":"https:\/\/www.heatsupply.nl\/de\/produkt\/la-pimenterie-rocketman-bbq-sauce\/","name":"La Pimenterie Rocketman BBQ Sauce - Heatsupply","isPartOf":{"@id":"https:\/\/www.heatsupply.nl\/de\/#website"},"primaryImageOfPage":{"@id":"https:\/\/www.heatsupply.nl\/de\/produkt\/la-pimenterie-rocketman-bbq-sauce\/#primaryimage"},"image":{"@id":"https:\/\/www.heatsupply.nl\/de\/produkt\/la-pimenterie-rocketman-bbq-sauce\/#primaryimage"},"thumbnailUrl":"https:\/\/www.heatsupply.nl\/wp-content\/uploads\/2026\/05\/la-pimenterie-korean-bbq-sauce-rocketman.jpg","datePublished":"2026-05-05T07:24:26+00:00","dateModified":"2026-05-05T07:25:42+00:00","description":"La Pimenterie Rocket BBQ Sauce ist eine Barbecue-Sauce im koreanischen Stil, mit Ingwer, Knoblauch, Sesam, Sojaso\u00dfe und Gochugaru. Ein absolutes Muss f\u00fcr alle Grill-Fans!","breadcrumb":{"@id":"https:\/\/www.heatsupply.nl\/de\/produkt\/la-pimenterie-rocketman-bbq-sauce\/#breadcrumb"},"inLanguage":"de","potentialAction":[{"@type":"ReadAction","target":["https:\/\/www.heatsupply.nl\/de\/produkt\/la-pimenterie-rocketman-bbq-sauce\/"]}]},{"@type":"ImageObject","inLanguage":"de","@id":"https:\/\/www.heatsupply.nl\/de\/produkt\/la-pimenterie-rocketman-bbq-sauce\/#primaryimage","url":"https:\/\/www.heatsupply.nl\/wp-content\/uploads\/2026\/05\/la-pimenterie-korean-bbq-sauce-rocketman.jpg","contentUrl":"https:\/\/www.heatsupply.nl\/wp-content\/uploads\/2026\/05\/la-pimenterie-korean-bbq-sauce-rocketman.jpg","width":1400,"height":1400,"caption":"la pimenterie korean bbq sauce rocketman"},{"@type":"BreadcrumbList","@id":"https:\/\/www.heatsupply.nl\/de\/produkt\/la-pimenterie-rocketman-bbq-sauce\/#breadcrumb","itemListElement":[{"@type":"ListItem","position":1,"name":"Home","item":"https:\/\/www.heatsupply.nl\/de\/"},{"@type":"ListItem","position":2,"name":"Alle produkten","item":"https:\/\/www.heatsupply.nl\/de\/alle-produkten\/"},{"@type":"ListItem","position":3,"name":"Essen","item":"https:\/\/www.heatsupply.nl\/de\/essen\/"},{"@type":"ListItem","position":4,"name":"La Pimenterie Rocketman BBQ Sauce"}]},{"@type":"WebSite","@id":"https:\/\/www.heatsupply.nl\/de\/#website","url":"https:\/\/www.heatsupply.nl\/de\/","name":"Heatsupply","description":"Hot sauce webstore #1 in Europe","publisher":{"@id":"https:\/\/www.heatsupply.nl\/de\/#organization"},"potentialAction":[{"@type":"SearchAction","target":{"@type":"EntryPoint","urlTemplate":"https:\/\/www.heatsupply.nl\/de\/?s={search_term_string}"},"query-input":{"@type":"PropertyValueSpecification","valueRequired":true,"valueName":"search_term_string"}}],"inLanguage":"de"},{"@type":"Organization","@id":"https:\/\/www.heatsupply.nl\/de\/#organization","name":"Heatsupply","url":"https:\/\/www.heatsupply.nl\/de\/","logo":{"@type":"ImageObject","inLanguage":"de","@id":"https:\/\/www.heatsupply.nl\/de\/#\/schema\/logo\/image\/","url":"https:\/\/www.heatsupply.nl\/wp-content\/uploads\/2022\/10\/heatsupply-logo-rood.jpg","contentUrl":"https:\/\/www.heatsupply.nl\/wp-content\/uploads\/2022\/10\/heatsupply-logo-rood.jpg","width":1000,"height":335,"caption":"Heatsupply"},"image":{"@id":"https:\/\/www.heatsupply.nl\/de\/#\/schema\/logo\/image\/"},"sameAs":["https:\/\/www.facebook.com\/heatsupplyNL","https:\/\/www.instagram.com\/heatsuppy.nl","https:\/\/www.youtube.com\/channel\/UC5pOWqQtljvxTz2SMWGWCsw"]}]},"product_price_amount":"9.95","product_price_currency":"EUR","og_availability":"instock","product_availability":"instock","product_retailer_item_id":"LPROCKETBBQ001","product_condition":"new"},"_links":{"self":[{"href":"https:\/\/www.heatsupply.nl\/de\/wp-json\/wp\/v2\/product\/211569","targetHints":{"allow":["GET"]}}],"collection":[{"href":"https:\/\/www.heatsupply.nl\/de\/wp-json\/wp\/v2\/product"}],"about":[{"href":"https:\/\/www.heatsupply.nl\/de\/wp-json\/wp\/v2\/types\/product"}],"replies":[{"embeddable":true,"href":"https:\/\/www.heatsupply.nl\/de\/wp-json\/wp\/v2\/comments?post=211569"}],"wp:featuredmedia":[{"embeddable":true,"href":"https:\/\/www.heatsupply.nl\/de\/wp-json\/wp\/v2\/media\/211689"}],"wp:attachment":[{"href":"https:\/\/www.heatsupply.nl\/de\/wp-json\/wp\/v2\/media?parent=211569"}],"wp:term":[{"taxonomy":"product_brand","embeddable":true,"href":"https:\/\/www.heatsupply.nl\/de\/wp-json\/wp\/v2\/product_brand?post=211569"},{"taxonomy":"product_cat","embeddable":true,"href":"https:\/\/www.heatsupply.nl\/de\/wp-json\/wp\/v2\/product_cat?post=211569"},{"taxonomy":"product_tag","embeddable":true,"href":"https:\/\/www.heatsupply.nl\/de\/wp-json\/wp\/v2\/product_tag?post=211569"}],"curies":[{"name":"wp","href":"https:\/\/api.w.org\/{rel}","templated":true}]}}