{"id":210924,"date":"2026-05-06T15:46:13","date_gmt":"2026-05-06T13:46:13","guid":{"rendered":"https:\/\/www.heatsupply.nl\/?post_type=product&#038;p=210924"},"modified":"2026-05-06T15:48:43","modified_gmt":"2026-05-06T13:48:43","slug":"kaixo-hot-sauce-per-de-man-x-heatsupply","status":"publish","type":"product","link":"https:\/\/www.heatsupply.nl\/de\/produkt\/kaixo-hot-sauce-per-de-man-x-heatsupply\/","title":{"rendered":"Kaixo Hot Sauce &#8211; Per de Man x Heatsupply"},"content":{"rendered":"<p><strong>Zutaten Kaixo Hot Sauce \u2013 Per de Man x Heatsupply<\/strong>: Apfelessig, ger\u00e4uchertes und gegrilltes Paprikapulver, ger\u00e4ucherte Zwiebeln, Espelette-Paprikap\u00fcree (8,5 %, Paprika, Essig), ger\u00e4ucherter spanischer Pfeffer (8,5 %), ger\u00e4ucherter Knoblauch, natives Oliven\u00f6l extra, Salz.<\/p>\n<p><span style=\"text-decoration: underline;\">N\u00e4hrwerte pro 100 g:<\/span><br \/>\nEnergie: 64 kcal\/270 kJ<br \/>\nFett: 3,4 g<br \/>\ndavon ges\u00e4ttigte Fetts\u00e4uren: 0,4 g<br \/>\nKohlenhydrate: 6,8 g<br \/>\ndavon Zucker: 3,8 g<br \/>\nBallaststoffe: 1,2 g<br \/>\nEiwei\u00df: 1,1 g<br \/>\nSalz: 1,9 g<\/p>\n<p>Vor Gebrauch sch\u00fctteln und nach dem \u00d6ffnen gek\u00fchlt aufbewahren.<\/p>\n","protected":false},"excerpt":{"rendered":"<p style=\"text-align: justify;\">Lern Kaixo Hot Sauce kennen \u2013 Per de Man x Heatsupply! Ganz w\u00f6rtlich, denn \u201ekaixo&#8220; (kai-sho) bedeutet \u201ehallo&#8220; auf Baskisch. Kein Zufall, dass wir die baskische Sprache f\u00fcr diese Sauce gew\u00e4hlt haben \u2013 denn diese Hot Sauce ist inspiriert von der kulinarischen Reise, die wir f\u00fcr The Foodshow durch das Baskenland gemacht haben. Wir haben uns auf die Suche nach den Aromen dieser kulinarischen Region gemacht und festgestellt: Die Basken halten es simpel, aber raffiniert. Wenige Zutaten \u2013 daf\u00fcr alle von bester Qualit\u00e4t. Und genau das steckt in dieser Flasche!<\/p>\n<p style=\"text-align: justify;\">Der beste Apfelessig vom Cidre-Hersteller Zapiain aus San Sebasti\u00e1n, aromatische Espelette-Paprikas, Paprika inspiriert vom legend\u00e4ren Gericht bei Casa Julian, ger\u00e4ucherte Zwiebeln &amp; Knoblauch, Oliven\u00f6l und baskisches Salz. Das Baskenland in einer Flasche \u2013 oder wie wir es selbst beschreiben: Big Basque flavours, gentle Espelette heat. Aber beeil dich, denn es wurden nur 761 Flaschen hergestellt. Und zwar komplett von Hand \u2013 von Per de Man pers\u00f6nlich.<\/p>\n<ul>\n<li style=\"text-align: justify;\">Batch 1: 761 Flaschen<\/li>\n<li style=\"text-align: justify;\">Herkunft: Niederlande<\/li>\n<li style=\"text-align: justify;\">Inhalt: 150 ml<\/li>\n<\/ul>\n","protected":false},"featured_media":210968,"comment_status":"open","ping_status":"closed","template":"","meta":{"_acf_changed":false},"product_brand":[],"product_cat":[3994,4075,4091,3787,4046],"product_tag":[],"class_list":{"0":"post-210924","1":"product","2":"type-product","3":"status-publish","4":"has-post-thumbnail","6":"product_cat-europaeische-scharfe-saucen","7":"product_cat-neu","8":"product_cat-perry-de-man","9":"product_cat-scharfe-sossen","10":"product_cat-spicy","12":"first","13":"instock","14":"taxable","15":"shipping-taxable","16":"purchasable","17":"product-type-simple"},"bundled_by":[],"bundle_stock_status":"instock","bundle_stock_quantity":638,"bundle_virtual":false,"bundle_layout":"","bundle_add_to_cart_form_location":"","bundle_editable_in_cart":false,"bundle_sold_individually_context":"","bundle_item_grouping":"","bundle_min_size":"","bundle_max_size":"","bundle_price":[],"bundled_items":[],"bundle_sell_ids":[],"acf":[],"yoast_head":"<!-- This site is optimized with the Yoast SEO Premium plugin v27.4 (Yoast SEO v27.4) - https:\/\/yoast.com\/product\/yoast-seo-premium-wordpress\/ -->\n<title>Kaixo Hot Sauce - Per de Man x Heatsupply - Heatsupply<\/title>\n<meta name=\"description\" content=\"Kaixo Hot Sauce ist inspiriert von unserer kulinarischen Reise durch das Baskenland f\u00fcr die YouTube-Sendung \u201eThe Foodshow\u201c. Von Per de Man &amp; Heatsupply \u2013 f\u00fcr dich!\" \/>\n<meta name=\"robots\" content=\"index, follow, max-snippet:-1, max-image-preview:large, max-video-preview:-1\" \/>\n<link rel=\"canonical\" href=\"https:\/\/www.heatsupply.nl\/de\/produkt\/kaixo-hot-sauce-per-de-man-x-heatsupply\/\" \/>\n<meta property=\"og:locale\" content=\"de_DE\" \/>\n<meta property=\"og:type\" content=\"article\" \/>\n<meta property=\"og:title\" content=\"Kaixo Hot Sauce - Per de Man x Heatsupply\" \/>\n<meta property=\"og:description\" content=\"Kaixo Hot Sauce ist inspiriert von unserer kulinarischen Reise durch das Baskenland f\u00fcr die YouTube-Sendung \u201eThe Foodshow\u201c. Von Per de Man &amp; Heatsupply \u2013 f\u00fcr dich!\" \/>\n<meta property=\"og:url\" content=\"https:\/\/www.heatsupply.nl\/de\/produkt\/kaixo-hot-sauce-per-de-man-x-heatsupply\/\" \/>\n<meta property=\"og:site_name\" content=\"Heatsupply\" \/>\n<meta property=\"article:publisher\" content=\"https:\/\/www.facebook.com\/heatsupplyNL\" \/>\n<meta property=\"article:modified_time\" content=\"2026-05-06T13:48:43+00:00\" \/>\n<meta property=\"og:image\" content=\"https:\/\/www.heatsupply.nl\/wp-content\/uploads\/2026\/04\/kaixo-hot-sauce-per-de-man-heatsupply.jpg\" \/>\n\t<meta property=\"og:image:width\" content=\"1400\" \/>\n\t<meta property=\"og:image:height\" content=\"1400\" \/>\n\t<meta property=\"og:image:type\" content=\"image\/jpeg\" \/>\n<meta name=\"twitter:card\" content=\"summary_large_image\" \/>\n<meta name=\"twitter:label1\" content=\"Preis\" \/>\n\t<meta name=\"twitter:data1\" content=\"&euro;9,95\" \/>\n\t<meta name=\"twitter:label2\" content=\"Verf\u00fcgbarkeit\" \/>\n\t<meta name=\"twitter:data2\" content=\"Auf Lager\" \/>\n<script type=\"application\/ld+json\" class=\"yoast-schema-graph\">{\"@context\":\"https:\\\/\\\/schema.org\",\"@graph\":[{\"@type\":\"WebPage\",\"@id\":\"https:\\\/\\\/www.heatsupply.nl\\\/de\\\/produkt\\\/kaixo-hot-sauce-per-de-man-x-heatsupply\\\/\",\"url\":\"https:\\\/\\\/www.heatsupply.nl\\\/de\\\/produkt\\\/kaixo-hot-sauce-per-de-man-x-heatsupply\\\/\",\"name\":\"Kaixo Hot Sauce - Per de Man x Heatsupply - Heatsupply\",\"isPartOf\":{\"@id\":\"https:\\\/\\\/www.heatsupply.nl\\\/de\\\/#website\"},\"primaryImageOfPage\":{\"@id\":\"https:\\\/\\\/www.heatsupply.nl\\\/de\\\/produkt\\\/kaixo-hot-sauce-per-de-man-x-heatsupply\\\/#primaryimage\"},\"image\":{\"@id\":\"https:\\\/\\\/www.heatsupply.nl\\\/de\\\/produkt\\\/kaixo-hot-sauce-per-de-man-x-heatsupply\\\/#primaryimage\"},\"thumbnailUrl\":\"https:\\\/\\\/www.heatsupply.nl\\\/wp-content\\\/uploads\\\/2026\\\/04\\\/kaixo-hot-sauce-per-de-man-heatsupply.jpg\",\"datePublished\":\"2026-05-06T13:46:13+00:00\",\"dateModified\":\"2026-05-06T13:48:43+00:00\",\"description\":\"Kaixo Hot Sauce ist inspiriert von unserer kulinarischen Reise durch das Baskenland f\u00fcr die YouTube-Sendung \u201eThe Foodshow\u201c. Von Per de Man & Heatsupply \u2013 f\u00fcr dich!\",\"breadcrumb\":{\"@id\":\"https:\\\/\\\/www.heatsupply.nl\\\/de\\\/produkt\\\/kaixo-hot-sauce-per-de-man-x-heatsupply\\\/#breadcrumb\"},\"inLanguage\":\"de\",\"potentialAction\":[{\"@type\":\"ReadAction\",\"target\":[\"https:\\\/\\\/www.heatsupply.nl\\\/de\\\/produkt\\\/kaixo-hot-sauce-per-de-man-x-heatsupply\\\/\"]}]},{\"@type\":\"ImageObject\",\"inLanguage\":\"de\",\"@id\":\"https:\\\/\\\/www.heatsupply.nl\\\/de\\\/produkt\\\/kaixo-hot-sauce-per-de-man-x-heatsupply\\\/#primaryimage\",\"url\":\"https:\\\/\\\/www.heatsupply.nl\\\/wp-content\\\/uploads\\\/2026\\\/04\\\/kaixo-hot-sauce-per-de-man-heatsupply.jpg\",\"contentUrl\":\"https:\\\/\\\/www.heatsupply.nl\\\/wp-content\\\/uploads\\\/2026\\\/04\\\/kaixo-hot-sauce-per-de-man-heatsupply.jpg\",\"width\":1400,\"height\":1400},{\"@type\":\"BreadcrumbList\",\"@id\":\"https:\\\/\\\/www.heatsupply.nl\\\/de\\\/produkt\\\/kaixo-hot-sauce-per-de-man-x-heatsupply\\\/#breadcrumb\",\"itemListElement\":[{\"@type\":\"ListItem\",\"position\":1,\"name\":\"Home\",\"item\":\"https:\\\/\\\/www.heatsupply.nl\\\/de\\\/\"},{\"@type\":\"ListItem\",\"position\":2,\"name\":\"Alle produkten\",\"item\":\"https:\\\/\\\/www.heatsupply.nl\\\/de\\\/alle-produkten\\\/\"},{\"@type\":\"ListItem\",\"position\":3,\"name\":\"Scharfe So\u00dfen\",\"item\":\"https:\\\/\\\/www.heatsupply.nl\\\/de\\\/scharfe-sossen\\\/\"},{\"@type\":\"ListItem\",\"position\":4,\"name\":\"Kaixo Hot Sauce &#8211; Per de Man x Heatsupply\"}]},{\"@type\":\"WebSite\",\"@id\":\"https:\\\/\\\/www.heatsupply.nl\\\/de\\\/#website\",\"url\":\"https:\\\/\\\/www.heatsupply.nl\\\/de\\\/\",\"name\":\"Heatsupply\",\"description\":\"Hot sauce webstore #1 in Europe\",\"publisher\":{\"@id\":\"https:\\\/\\\/www.heatsupply.nl\\\/de\\\/#organization\"},\"potentialAction\":[{\"@type\":\"SearchAction\",\"target\":{\"@type\":\"EntryPoint\",\"urlTemplate\":\"https:\\\/\\\/www.heatsupply.nl\\\/de\\\/?s={search_term_string}\"},\"query-input\":{\"@type\":\"PropertyValueSpecification\",\"valueRequired\":true,\"valueName\":\"search_term_string\"}}],\"inLanguage\":\"de\"},{\"@type\":\"Organization\",\"@id\":\"https:\\\/\\\/www.heatsupply.nl\\\/de\\\/#organization\",\"name\":\"Heatsupply\",\"url\":\"https:\\\/\\\/www.heatsupply.nl\\\/de\\\/\",\"logo\":{\"@type\":\"ImageObject\",\"inLanguage\":\"de\",\"@id\":\"https:\\\/\\\/www.heatsupply.nl\\\/de\\\/#\\\/schema\\\/logo\\\/image\\\/\",\"url\":\"https:\\\/\\\/www.heatsupply.nl\\\/wp-content\\\/uploads\\\/2022\\\/10\\\/heatsupply-logo-rood.jpg\",\"contentUrl\":\"https:\\\/\\\/www.heatsupply.nl\\\/wp-content\\\/uploads\\\/2022\\\/10\\\/heatsupply-logo-rood.jpg\",\"width\":1000,\"height\":335,\"caption\":\"Heatsupply\"},\"image\":{\"@id\":\"https:\\\/\\\/www.heatsupply.nl\\\/de\\\/#\\\/schema\\\/logo\\\/image\\\/\"},\"sameAs\":[\"https:\\\/\\\/www.facebook.com\\\/heatsupplyNL\",\"https:\\\/\\\/www.instagram.com\\\/heatsuppy.nl\",\"https:\\\/\\\/www.youtube.com\\\/channel\\\/UC5pOWqQtljvxTz2SMWGWCsw\"]}]}<\/script>\n<meta property=\"product:brand\" content=\"Heatsupply\" \/>\n<meta property=\"product:price:amount\" content=\"9.95\" \/>\n<meta property=\"product:price:currency\" content=\"EUR\" \/>\n<meta property=\"og:availability\" content=\"instock\" \/>\n<meta property=\"product:availability\" content=\"instock\" \/>\n<meta property=\"product:retailer_item_id\" content=\"KAIXO001\" \/>\n<meta property=\"product:condition\" content=\"new\" \/>\n<!-- \/ Yoast SEO Premium plugin. -->","yoast_head_json":{"title":"Kaixo Hot Sauce - Per de Man x Heatsupply - Heatsupply","description":"Kaixo Hot Sauce ist inspiriert von unserer kulinarischen Reise durch das Baskenland f\u00fcr die YouTube-Sendung \u201eThe Foodshow\u201c. Von Per de Man & Heatsupply \u2013 f\u00fcr dich!","robots":{"index":"index","follow":"follow","max-snippet":"max-snippet:-1","max-image-preview":"max-image-preview:large","max-video-preview":"max-video-preview:-1"},"canonical":"https:\/\/www.heatsupply.nl\/de\/produkt\/kaixo-hot-sauce-per-de-man-x-heatsupply\/","og_locale":"de_DE","og_type":"article","og_title":"Kaixo Hot Sauce - Per de Man x Heatsupply","og_description":"Kaixo Hot Sauce ist inspiriert von unserer kulinarischen Reise durch das Baskenland f\u00fcr die YouTube-Sendung \u201eThe Foodshow\u201c. Von Per de Man & Heatsupply \u2013 f\u00fcr dich!","og_url":"https:\/\/www.heatsupply.nl\/de\/produkt\/kaixo-hot-sauce-per-de-man-x-heatsupply\/","og_site_name":"Heatsupply","article_publisher":"https:\/\/www.facebook.com\/heatsupplyNL","article_modified_time":"2026-05-06T13:48:43+00:00","og_image":[{"width":1400,"height":1400,"url":"https:\/\/www.heatsupply.nl\/wp-content\/uploads\/2026\/04\/kaixo-hot-sauce-per-de-man-heatsupply.jpg","type":"image\/jpeg"}],"twitter_card":"summary_large_image","twitter_misc":{"Preis":"&euro;9,95","Verf\u00fcgbarkeit":"Auf Lager"},"schema":{"@context":"https:\/\/schema.org","@graph":[{"@type":"WebPage","@id":"https:\/\/www.heatsupply.nl\/de\/produkt\/kaixo-hot-sauce-per-de-man-x-heatsupply\/","url":"https:\/\/www.heatsupply.nl\/de\/produkt\/kaixo-hot-sauce-per-de-man-x-heatsupply\/","name":"Kaixo Hot Sauce - Per de Man x Heatsupply - Heatsupply","isPartOf":{"@id":"https:\/\/www.heatsupply.nl\/de\/#website"},"primaryImageOfPage":{"@id":"https:\/\/www.heatsupply.nl\/de\/produkt\/kaixo-hot-sauce-per-de-man-x-heatsupply\/#primaryimage"},"image":{"@id":"https:\/\/www.heatsupply.nl\/de\/produkt\/kaixo-hot-sauce-per-de-man-x-heatsupply\/#primaryimage"},"thumbnailUrl":"https:\/\/www.heatsupply.nl\/wp-content\/uploads\/2026\/04\/kaixo-hot-sauce-per-de-man-heatsupply.jpg","datePublished":"2026-05-06T13:46:13+00:00","dateModified":"2026-05-06T13:48:43+00:00","description":"Kaixo Hot Sauce ist inspiriert von unserer kulinarischen Reise durch das Baskenland f\u00fcr die YouTube-Sendung \u201eThe Foodshow\u201c. Von Per de Man & Heatsupply \u2013 f\u00fcr dich!","breadcrumb":{"@id":"https:\/\/www.heatsupply.nl\/de\/produkt\/kaixo-hot-sauce-per-de-man-x-heatsupply\/#breadcrumb"},"inLanguage":"de","potentialAction":[{"@type":"ReadAction","target":["https:\/\/www.heatsupply.nl\/de\/produkt\/kaixo-hot-sauce-per-de-man-x-heatsupply\/"]}]},{"@type":"ImageObject","inLanguage":"de","@id":"https:\/\/www.heatsupply.nl\/de\/produkt\/kaixo-hot-sauce-per-de-man-x-heatsupply\/#primaryimage","url":"https:\/\/www.heatsupply.nl\/wp-content\/uploads\/2026\/04\/kaixo-hot-sauce-per-de-man-heatsupply.jpg","contentUrl":"https:\/\/www.heatsupply.nl\/wp-content\/uploads\/2026\/04\/kaixo-hot-sauce-per-de-man-heatsupply.jpg","width":1400,"height":1400},{"@type":"BreadcrumbList","@id":"https:\/\/www.heatsupply.nl\/de\/produkt\/kaixo-hot-sauce-per-de-man-x-heatsupply\/#breadcrumb","itemListElement":[{"@type":"ListItem","position":1,"name":"Home","item":"https:\/\/www.heatsupply.nl\/de\/"},{"@type":"ListItem","position":2,"name":"Alle produkten","item":"https:\/\/www.heatsupply.nl\/de\/alle-produkten\/"},{"@type":"ListItem","position":3,"name":"Scharfe So\u00dfen","item":"https:\/\/www.heatsupply.nl\/de\/scharfe-sossen\/"},{"@type":"ListItem","position":4,"name":"Kaixo Hot Sauce &#8211; Per de Man x Heatsupply"}]},{"@type":"WebSite","@id":"https:\/\/www.heatsupply.nl\/de\/#website","url":"https:\/\/www.heatsupply.nl\/de\/","name":"Heatsupply","description":"Hot sauce webstore #1 in Europe","publisher":{"@id":"https:\/\/www.heatsupply.nl\/de\/#organization"},"potentialAction":[{"@type":"SearchAction","target":{"@type":"EntryPoint","urlTemplate":"https:\/\/www.heatsupply.nl\/de\/?s={search_term_string}"},"query-input":{"@type":"PropertyValueSpecification","valueRequired":true,"valueName":"search_term_string"}}],"inLanguage":"de"},{"@type":"Organization","@id":"https:\/\/www.heatsupply.nl\/de\/#organization","name":"Heatsupply","url":"https:\/\/www.heatsupply.nl\/de\/","logo":{"@type":"ImageObject","inLanguage":"de","@id":"https:\/\/www.heatsupply.nl\/de\/#\/schema\/logo\/image\/","url":"https:\/\/www.heatsupply.nl\/wp-content\/uploads\/2022\/10\/heatsupply-logo-rood.jpg","contentUrl":"https:\/\/www.heatsupply.nl\/wp-content\/uploads\/2022\/10\/heatsupply-logo-rood.jpg","width":1000,"height":335,"caption":"Heatsupply"},"image":{"@id":"https:\/\/www.heatsupply.nl\/de\/#\/schema\/logo\/image\/"},"sameAs":["https:\/\/www.facebook.com\/heatsupplyNL","https:\/\/www.instagram.com\/heatsuppy.nl","https:\/\/www.youtube.com\/channel\/UC5pOWqQtljvxTz2SMWGWCsw"]}]},"product_brand":"Heatsupply","product_price_amount":"9.95","product_price_currency":"EUR","og_availability":"instock","product_availability":"instock","product_retailer_item_id":"KAIXO001","product_condition":"new"},"_links":{"self":[{"href":"https:\/\/www.heatsupply.nl\/de\/wp-json\/wp\/v2\/product\/210924","targetHints":{"allow":["GET"]}}],"collection":[{"href":"https:\/\/www.heatsupply.nl\/de\/wp-json\/wp\/v2\/product"}],"about":[{"href":"https:\/\/www.heatsupply.nl\/de\/wp-json\/wp\/v2\/types\/product"}],"replies":[{"embeddable":true,"href":"https:\/\/www.heatsupply.nl\/de\/wp-json\/wp\/v2\/comments?post=210924"}],"wp:featuredmedia":[{"embeddable":true,"href":"https:\/\/www.heatsupply.nl\/de\/wp-json\/wp\/v2\/media\/210968"}],"wp:attachment":[{"href":"https:\/\/www.heatsupply.nl\/de\/wp-json\/wp\/v2\/media?parent=210924"}],"wp:term":[{"taxonomy":"product_brand","embeddable":true,"href":"https:\/\/www.heatsupply.nl\/de\/wp-json\/wp\/v2\/product_brand?post=210924"},{"taxonomy":"product_cat","embeddable":true,"href":"https:\/\/www.heatsupply.nl\/de\/wp-json\/wp\/v2\/product_cat?post=210924"},{"taxonomy":"product_tag","embeddable":true,"href":"https:\/\/www.heatsupply.nl\/de\/wp-json\/wp\/v2\/product_tag?post=210924"}],"curies":[{"name":"wp","href":"https:\/\/api.w.org\/{rel}","templated":true}]}}