{"id":209121,"date":"2026-04-16T11:05:38","date_gmt":"2026-04-16T09:05:38","guid":{"rendered":"https:\/\/www.heatsupply.nl\/product\/pretty-namnam-magic-scallion-umami-paste\/"},"modified":"2026-04-16T11:05:38","modified_gmt":"2026-04-16T09:05:38","slug":"pretty-namnam-magic-scallion-umami-paste","status":"publish","type":"product","link":"https:\/\/www.heatsupply.nl\/de\/produkt\/pretty-namnam-magic-scallion-umami-paste\/","title":{"rendered":"Pretty NamNam Magic Scallion Umami Paste"},"content":{"rendered":"<p><strong>Zutaten Pretty NamNam Magic Scallion Umami Paste<\/strong>: Fr\u00fchlingszwiebeln (56 %), Sonnenblumen\u00f6l, Chilischote, Zwiebeln, SESAM\u00d6L, SESAMSAMEN, Knoblauch, Zucker, SOJASAUCE (Wasser, SOJABOHNEN, WEIZEN, Salz), Salz, Hefeextrakt, S\u00e4ureregulator: Milchs\u00e4ure, Farbstoff: Paprikaextrakt<\/p>\n<p><span style=\"text-decoration: underline;\">N\u00e4hrwerte pro 100 g:<\/span><br \/>\nEnergie: 1205 kJ \/ 292 kcal<br \/>\nFett: 25,6 g<br \/>\ndavon ges\u00e4ttigte Fetts\u00e4uren: 3,4 g<br \/>\nKohlenhydrate: 9,6 g<br \/>\ndavon Zucker: 6,5 g<br \/>\nEiwei\u00df: 3,5 g<br \/>\nSalz: 2,3 g<\/p>\n<p>K\u00fchl und dunkel lagern. Nach dem \u00d6ffnen im K\u00fchlschrank aufbewahren und innerhalb weniger Wochen verbrauchen.<\/p>\n","protected":false},"excerpt":{"rendered":"<p style=\"text-align: justify;\">Pretty NamNam Magic Scallion Umami Paste ist herzhaft, sch\u00f6n scharf und super aromatisch. Fr\u00fchlingszwiebeln kombiniert mit Chili, Sesam, einer ordentlichen Portion Umami in Form von Sojabohnen und Knoblauch \u2013 das Ergebnis ist pure Magie. Die perfekte W\u00fcrzpaste zu Brot, Bowls &amp; mehr.<\/p>\n<ul>\n<li style=\"text-align: justify;\">Herkunft: Darmstadt, Deutschland<\/li>\n<li style=\"text-align: justify;\">Inhalt: 200 g<\/li>\n<\/ul>\n","protected":false},"featured_media":208999,"comment_status":"open","ping_status":"closed","template":"","meta":{"_acf_changed":false},"product_brand":[],"product_cat":[4042,4097,3794,4075],"product_tag":[],"class_list":{"0":"post-209121","1":"product","2":"type-product","3":"status-publish","4":"has-post-thumbnail","6":"product_cat-andere-produkte","7":"product_cat-asiatische-aromen","8":"product_cat-essen","9":"product_cat-neu","11":"first","12":"instock","13":"taxable","14":"shipping-taxable","15":"purchasable","16":"product-type-simple"},"bundled_by":[],"bundle_stock_status":"instock","bundle_stock_quantity":5,"bundle_virtual":false,"bundle_layout":"","bundle_add_to_cart_form_location":"","bundle_editable_in_cart":false,"bundle_sold_individually_context":"","bundle_item_grouping":"","bundle_min_size":"","bundle_max_size":"","bundle_price":[],"bundled_items":[],"bundle_sell_ids":[],"acf":[],"yoast_head":"<!-- This site is optimized with the Yoast SEO Premium plugin v27.4 (Yoast SEO v27.4) - https:\/\/yoast.com\/product\/yoast-seo-premium-wordpress\/ -->\n<title>Pretty NamNam Magic Scallion Umami Paste - Heatsupply<\/title>\n<meta name=\"description\" content=\"Pretty NamNam Magic Scallion Umami Paste ist herzhaft, sch\u00f6n scharf und super aromatisch. Es ist die perfekte streichbare Gew\u00fcrzpaste f\u00fcr Brot, Bowls &amp; mehr.\" \/>\n<meta name=\"robots\" content=\"index, follow, max-snippet:-1, max-image-preview:large, max-video-preview:-1\" \/>\n<link rel=\"canonical\" href=\"https:\/\/www.heatsupply.nl\/de\/produkt\/pretty-namnam-magic-scallion-umami-paste\/\" \/>\n<meta property=\"og:locale\" content=\"de_DE\" \/>\n<meta property=\"og:type\" content=\"article\" \/>\n<meta property=\"og:title\" content=\"Pretty NamNam Magic Scallion Umami Paste\" \/>\n<meta property=\"og:description\" content=\"Pretty NamNam Magic Scallion Umami Paste ist herzhaft, sch\u00f6n scharf und super aromatisch. Es ist die perfekte streichbare Gew\u00fcrzpaste f\u00fcr Brot, Bowls &amp; mehr.\" \/>\n<meta property=\"og:url\" content=\"https:\/\/www.heatsupply.nl\/de\/produkt\/pretty-namnam-magic-scallion-umami-paste\/\" \/>\n<meta property=\"og:site_name\" content=\"Heatsupply\" \/>\n<meta property=\"article:publisher\" content=\"https:\/\/www.facebook.com\/heatsupplyNL\" \/>\n<meta property=\"og:image\" content=\"https:\/\/www.heatsupply.nl\/wp-content\/uploads\/2026\/04\/pretty-namnam-umami-paste-magic-scallion.jpg\" \/>\n\t<meta property=\"og:image:width\" content=\"1400\" \/>\n\t<meta property=\"og:image:height\" content=\"1400\" \/>\n\t<meta property=\"og:image:type\" content=\"image\/jpeg\" \/>\n<meta name=\"twitter:card\" content=\"summary_large_image\" \/>\n<meta name=\"twitter:label1\" content=\"Preis\" \/>\n\t<meta name=\"twitter:data1\" content=\"&euro;9,95\" \/>\n\t<meta name=\"twitter:label2\" content=\"Verf\u00fcgbarkeit\" \/>\n\t<meta name=\"twitter:data2\" content=\"Auf Lager\" \/>\n<script type=\"application\/ld+json\" class=\"yoast-schema-graph\">{\"@context\":\"https:\\\/\\\/schema.org\",\"@graph\":[{\"@type\":\"WebPage\",\"@id\":\"https:\\\/\\\/www.heatsupply.nl\\\/de\\\/produkt\\\/pretty-namnam-magic-scallion-umami-paste\\\/\",\"url\":\"https:\\\/\\\/www.heatsupply.nl\\\/de\\\/produkt\\\/pretty-namnam-magic-scallion-umami-paste\\\/\",\"name\":\"Pretty NamNam Magic Scallion Umami Paste - Heatsupply\",\"isPartOf\":{\"@id\":\"https:\\\/\\\/www.heatsupply.nl\\\/de\\\/#website\"},\"primaryImageOfPage\":{\"@id\":\"https:\\\/\\\/www.heatsupply.nl\\\/de\\\/produkt\\\/pretty-namnam-magic-scallion-umami-paste\\\/#primaryimage\"},\"image\":{\"@id\":\"https:\\\/\\\/www.heatsupply.nl\\\/de\\\/produkt\\\/pretty-namnam-magic-scallion-umami-paste\\\/#primaryimage\"},\"thumbnailUrl\":\"https:\\\/\\\/www.heatsupply.nl\\\/wp-content\\\/uploads\\\/2026\\\/04\\\/pretty-namnam-umami-paste-magic-scallion.jpg\",\"datePublished\":\"2026-04-16T09:05:38+00:00\",\"description\":\"Pretty NamNam Magic Scallion Umami Paste ist herzhaft, sch\u00f6n scharf und super aromatisch. Es ist die perfekte streichbare Gew\u00fcrzpaste f\u00fcr Brot, Bowls & mehr.\",\"breadcrumb\":{\"@id\":\"https:\\\/\\\/www.heatsupply.nl\\\/de\\\/produkt\\\/pretty-namnam-magic-scallion-umami-paste\\\/#breadcrumb\"},\"inLanguage\":\"de\",\"potentialAction\":[{\"@type\":\"ReadAction\",\"target\":[\"https:\\\/\\\/www.heatsupply.nl\\\/de\\\/produkt\\\/pretty-namnam-magic-scallion-umami-paste\\\/\"]}]},{\"@type\":\"ImageObject\",\"inLanguage\":\"de\",\"@id\":\"https:\\\/\\\/www.heatsupply.nl\\\/de\\\/produkt\\\/pretty-namnam-magic-scallion-umami-paste\\\/#primaryimage\",\"url\":\"https:\\\/\\\/www.heatsupply.nl\\\/wp-content\\\/uploads\\\/2026\\\/04\\\/pretty-namnam-umami-paste-magic-scallion.jpg\",\"contentUrl\":\"https:\\\/\\\/www.heatsupply.nl\\\/wp-content\\\/uploads\\\/2026\\\/04\\\/pretty-namnam-umami-paste-magic-scallion.jpg\",\"width\":1400,\"height\":1400,\"caption\":\"pretty namnam magic scallion umami paste\"},{\"@type\":\"BreadcrumbList\",\"@id\":\"https:\\\/\\\/www.heatsupply.nl\\\/de\\\/produkt\\\/pretty-namnam-magic-scallion-umami-paste\\\/#breadcrumb\",\"itemListElement\":[{\"@type\":\"ListItem\",\"position\":1,\"name\":\"Home\",\"item\":\"https:\\\/\\\/www.heatsupply.nl\\\/de\\\/\"},{\"@type\":\"ListItem\",\"position\":2,\"name\":\"Alle produkten\",\"item\":\"https:\\\/\\\/www.heatsupply.nl\\\/de\\\/alle-produkten\\\/\"},{\"@type\":\"ListItem\",\"position\":3,\"name\":\"Essen\",\"item\":\"https:\\\/\\\/www.heatsupply.nl\\\/de\\\/essen\\\/\"},{\"@type\":\"ListItem\",\"position\":4,\"name\":\"Pretty NamNam Magic Scallion Umami Paste\"}]},{\"@type\":\"WebSite\",\"@id\":\"https:\\\/\\\/www.heatsupply.nl\\\/de\\\/#website\",\"url\":\"https:\\\/\\\/www.heatsupply.nl\\\/de\\\/\",\"name\":\"Heatsupply\",\"description\":\"Hot sauce webstore #1 in Europe\",\"publisher\":{\"@id\":\"https:\\\/\\\/www.heatsupply.nl\\\/de\\\/#organization\"},\"potentialAction\":[{\"@type\":\"SearchAction\",\"target\":{\"@type\":\"EntryPoint\",\"urlTemplate\":\"https:\\\/\\\/www.heatsupply.nl\\\/de\\\/?s={search_term_string}\"},\"query-input\":{\"@type\":\"PropertyValueSpecification\",\"valueRequired\":true,\"valueName\":\"search_term_string\"}}],\"inLanguage\":\"de\"},{\"@type\":\"Organization\",\"@id\":\"https:\\\/\\\/www.heatsupply.nl\\\/de\\\/#organization\",\"name\":\"Heatsupply\",\"url\":\"https:\\\/\\\/www.heatsupply.nl\\\/de\\\/\",\"logo\":{\"@type\":\"ImageObject\",\"inLanguage\":\"de\",\"@id\":\"https:\\\/\\\/www.heatsupply.nl\\\/de\\\/#\\\/schema\\\/logo\\\/image\\\/\",\"url\":\"https:\\\/\\\/www.heatsupply.nl\\\/wp-content\\\/uploads\\\/2022\\\/10\\\/heatsupply-logo-rood.jpg\",\"contentUrl\":\"https:\\\/\\\/www.heatsupply.nl\\\/wp-content\\\/uploads\\\/2022\\\/10\\\/heatsupply-logo-rood.jpg\",\"width\":1000,\"height\":335,\"caption\":\"Heatsupply\"},\"image\":{\"@id\":\"https:\\\/\\\/www.heatsupply.nl\\\/de\\\/#\\\/schema\\\/logo\\\/image\\\/\"},\"sameAs\":[\"https:\\\/\\\/www.facebook.com\\\/heatsupplyNL\",\"https:\\\/\\\/www.instagram.com\\\/heatsuppy.nl\",\"https:\\\/\\\/www.youtube.com\\\/channel\\\/UC5pOWqQtljvxTz2SMWGWCsw\"]}]}<\/script>\n<meta property=\"product:price:amount\" content=\"9.95\" \/>\n<meta property=\"product:price:currency\" content=\"EUR\" \/>\n<meta property=\"og:availability\" content=\"instock\" \/>\n<meta property=\"product:availability\" content=\"instock\" \/>\n<meta property=\"product:retailer_item_id\" content=\"NAMNAMSCAL001\" \/>\n<meta property=\"product:condition\" content=\"new\" \/>\n<!-- \/ Yoast SEO Premium plugin. -->","yoast_head_json":{"title":"Pretty NamNam Magic Scallion Umami Paste - Heatsupply","description":"Pretty NamNam Magic Scallion Umami Paste ist herzhaft, sch\u00f6n scharf und super aromatisch. Es ist die perfekte streichbare Gew\u00fcrzpaste f\u00fcr Brot, Bowls & mehr.","robots":{"index":"index","follow":"follow","max-snippet":"max-snippet:-1","max-image-preview":"max-image-preview:large","max-video-preview":"max-video-preview:-1"},"canonical":"https:\/\/www.heatsupply.nl\/de\/produkt\/pretty-namnam-magic-scallion-umami-paste\/","og_locale":"de_DE","og_type":"article","og_title":"Pretty NamNam Magic Scallion Umami Paste","og_description":"Pretty NamNam Magic Scallion Umami Paste ist herzhaft, sch\u00f6n scharf und super aromatisch. Es ist die perfekte streichbare Gew\u00fcrzpaste f\u00fcr Brot, Bowls & mehr.","og_url":"https:\/\/www.heatsupply.nl\/de\/produkt\/pretty-namnam-magic-scallion-umami-paste\/","og_site_name":"Heatsupply","article_publisher":"https:\/\/www.facebook.com\/heatsupplyNL","og_image":[{"width":1400,"height":1400,"url":"https:\/\/www.heatsupply.nl\/wp-content\/uploads\/2026\/04\/pretty-namnam-umami-paste-magic-scallion.jpg","type":"image\/jpeg"}],"twitter_card":"summary_large_image","twitter_misc":{"Preis":"&euro;9,95","Verf\u00fcgbarkeit":"Auf Lager"},"schema":{"@context":"https:\/\/schema.org","@graph":[{"@type":"WebPage","@id":"https:\/\/www.heatsupply.nl\/de\/produkt\/pretty-namnam-magic-scallion-umami-paste\/","url":"https:\/\/www.heatsupply.nl\/de\/produkt\/pretty-namnam-magic-scallion-umami-paste\/","name":"Pretty NamNam Magic Scallion Umami Paste - Heatsupply","isPartOf":{"@id":"https:\/\/www.heatsupply.nl\/de\/#website"},"primaryImageOfPage":{"@id":"https:\/\/www.heatsupply.nl\/de\/produkt\/pretty-namnam-magic-scallion-umami-paste\/#primaryimage"},"image":{"@id":"https:\/\/www.heatsupply.nl\/de\/produkt\/pretty-namnam-magic-scallion-umami-paste\/#primaryimage"},"thumbnailUrl":"https:\/\/www.heatsupply.nl\/wp-content\/uploads\/2026\/04\/pretty-namnam-umami-paste-magic-scallion.jpg","datePublished":"2026-04-16T09:05:38+00:00","description":"Pretty NamNam Magic Scallion Umami Paste ist herzhaft, sch\u00f6n scharf und super aromatisch. Es ist die perfekte streichbare Gew\u00fcrzpaste f\u00fcr Brot, Bowls & mehr.","breadcrumb":{"@id":"https:\/\/www.heatsupply.nl\/de\/produkt\/pretty-namnam-magic-scallion-umami-paste\/#breadcrumb"},"inLanguage":"de","potentialAction":[{"@type":"ReadAction","target":["https:\/\/www.heatsupply.nl\/de\/produkt\/pretty-namnam-magic-scallion-umami-paste\/"]}]},{"@type":"ImageObject","inLanguage":"de","@id":"https:\/\/www.heatsupply.nl\/de\/produkt\/pretty-namnam-magic-scallion-umami-paste\/#primaryimage","url":"https:\/\/www.heatsupply.nl\/wp-content\/uploads\/2026\/04\/pretty-namnam-umami-paste-magic-scallion.jpg","contentUrl":"https:\/\/www.heatsupply.nl\/wp-content\/uploads\/2026\/04\/pretty-namnam-umami-paste-magic-scallion.jpg","width":1400,"height":1400,"caption":"pretty namnam magic scallion umami paste"},{"@type":"BreadcrumbList","@id":"https:\/\/www.heatsupply.nl\/de\/produkt\/pretty-namnam-magic-scallion-umami-paste\/#breadcrumb","itemListElement":[{"@type":"ListItem","position":1,"name":"Home","item":"https:\/\/www.heatsupply.nl\/de\/"},{"@type":"ListItem","position":2,"name":"Alle produkten","item":"https:\/\/www.heatsupply.nl\/de\/alle-produkten\/"},{"@type":"ListItem","position":3,"name":"Essen","item":"https:\/\/www.heatsupply.nl\/de\/essen\/"},{"@type":"ListItem","position":4,"name":"Pretty NamNam Magic Scallion Umami Paste"}]},{"@type":"WebSite","@id":"https:\/\/www.heatsupply.nl\/de\/#website","url":"https:\/\/www.heatsupply.nl\/de\/","name":"Heatsupply","description":"Hot sauce webstore #1 in Europe","publisher":{"@id":"https:\/\/www.heatsupply.nl\/de\/#organization"},"potentialAction":[{"@type":"SearchAction","target":{"@type":"EntryPoint","urlTemplate":"https:\/\/www.heatsupply.nl\/de\/?s={search_term_string}"},"query-input":{"@type":"PropertyValueSpecification","valueRequired":true,"valueName":"search_term_string"}}],"inLanguage":"de"},{"@type":"Organization","@id":"https:\/\/www.heatsupply.nl\/de\/#organization","name":"Heatsupply","url":"https:\/\/www.heatsupply.nl\/de\/","logo":{"@type":"ImageObject","inLanguage":"de","@id":"https:\/\/www.heatsupply.nl\/de\/#\/schema\/logo\/image\/","url":"https:\/\/www.heatsupply.nl\/wp-content\/uploads\/2022\/10\/heatsupply-logo-rood.jpg","contentUrl":"https:\/\/www.heatsupply.nl\/wp-content\/uploads\/2022\/10\/heatsupply-logo-rood.jpg","width":1000,"height":335,"caption":"Heatsupply"},"image":{"@id":"https:\/\/www.heatsupply.nl\/de\/#\/schema\/logo\/image\/"},"sameAs":["https:\/\/www.facebook.com\/heatsupplyNL","https:\/\/www.instagram.com\/heatsuppy.nl","https:\/\/www.youtube.com\/channel\/UC5pOWqQtljvxTz2SMWGWCsw"]}]},"product_price_amount":"9.95","product_price_currency":"EUR","og_availability":"instock","product_availability":"instock","product_retailer_item_id":"NAMNAMSCAL001","product_condition":"new"},"_links":{"self":[{"href":"https:\/\/www.heatsupply.nl\/de\/wp-json\/wp\/v2\/product\/209121","targetHints":{"allow":["GET"]}}],"collection":[{"href":"https:\/\/www.heatsupply.nl\/de\/wp-json\/wp\/v2\/product"}],"about":[{"href":"https:\/\/www.heatsupply.nl\/de\/wp-json\/wp\/v2\/types\/product"}],"replies":[{"embeddable":true,"href":"https:\/\/www.heatsupply.nl\/de\/wp-json\/wp\/v2\/comments?post=209121"}],"wp:featuredmedia":[{"embeddable":true,"href":"https:\/\/www.heatsupply.nl\/de\/wp-json\/wp\/v2\/media\/208999"}],"wp:attachment":[{"href":"https:\/\/www.heatsupply.nl\/de\/wp-json\/wp\/v2\/media?parent=209121"}],"wp:term":[{"taxonomy":"product_brand","embeddable":true,"href":"https:\/\/www.heatsupply.nl\/de\/wp-json\/wp\/v2\/product_brand?post=209121"},{"taxonomy":"product_cat","embeddable":true,"href":"https:\/\/www.heatsupply.nl\/de\/wp-json\/wp\/v2\/product_cat?post=209121"},{"taxonomy":"product_tag","embeddable":true,"href":"https:\/\/www.heatsupply.nl\/de\/wp-json\/wp\/v2\/product_tag?post=209121"}],"curies":[{"name":"wp","href":"https:\/\/api.w.org\/{rel}","templated":true}]}}