{"id":209117,"date":"2026-04-16T10:43:16","date_gmt":"2026-04-16T08:43:16","guid":{"rendered":"https:\/\/www.heatsupply.nl\/product\/pretty-namnam-soybean-wonder-umami-paste\/"},"modified":"2026-04-16T10:43:16","modified_gmt":"2026-04-16T08:43:16","slug":"pretty-namnam-soybean-wonder-umami-paste","status":"publish","type":"product","link":"https:\/\/www.heatsupply.nl\/de\/produkt\/pretty-namnam-soybean-wonder-umami-paste\/","title":{"rendered":"Pretty NamNam Soybean Wonder Umami Paste"},"content":{"rendered":"<p><strong>Zutaten Pretty NamNam Soybean Wonder Umami Paste<\/strong>: SOJAPAST (Wasser, SOJABOHNEN, WEIZENMEHL, Salz) (31 %), Wasser, Sonnenblumen\u00f6l, Chilischoten, Karotten, ERDN\u00dcSSE, Knoblauch, Zucker, Kartoffelst\u00e4rke, Hefeextrakt, S\u00e4ureregulator: Essigs\u00e4ure, Salz.<\/p>\n<p><span style=\"text-decoration: underline;\">N\u00e4hrwerte pro 100 g:<\/span><br \/>\nEnergie: 901 kJ \/ 217 kcal<br \/>\nFett: 16,2 g<br \/>\ndavon ges\u00e4ttigte Fetts\u00e4uren: 2,3 g<br \/>\nKohlenhydrate: 9,9 g<br \/>\ndavon Zucker: 6,4 g<br \/>\nEiwei\u00df: 5,6 g<br \/>\nSalz: 2,4 g<\/p>\n<p>K\u00fchl und dunkel lagern. Nach dem \u00d6ffnen im K\u00fchlschrank aufbewahren und innerhalb weniger Wochen verbrauchen.<\/p>\n","protected":false},"excerpt":{"rendered":"<p style=\"text-align: justify;\">Pretty NamNam Soybean Wonder Umami Paste ist eine echte Umami-Bombe im Glas. Schnell, einfach und unendlich vielseitig einsetzbar. Diese Soybean Wonder ist eine w\u00fcrzige Sojabohnen-Kr\u00e4uterpaste mit Chili und Erdn\u00fcssen, hergestellt aus Sojabohnenpaste kombiniert mit Karotten, Knoblauch und Zucker. Sie ist herzhaft, w\u00fcrzig, nussig und s\u00fc\u00df. Einfach perfekt ausgewogen! Herrlich zu Reis- und Nudelgerichten, Tofu, Bowls, einem Erdnussbutter-Sandwich und noch vielem mehr!<\/p>\n<ul>\n<li style=\"text-align: justify;\">Herkunft: Darmstadt, Deutschland<\/li>\n<li style=\"text-align: justify;\">Inhalt: 200 g<\/li>\n<\/ul>\n","protected":false},"featured_media":209002,"comment_status":"open","ping_status":"closed","template":"","meta":{"_acf_changed":false},"product_brand":[],"product_cat":[4042,4097,3794,4075],"product_tag":[],"class_list":{"0":"post-209117","1":"product","2":"type-product","3":"status-publish","4":"has-post-thumbnail","6":"product_cat-andere-produkte","7":"product_cat-asiatische-aromen","8":"product_cat-essen","9":"product_cat-neu","11":"first","12":"instock","13":"taxable","14":"shipping-taxable","15":"purchasable","16":"product-type-simple"},"bundled_by":[],"bundle_stock_status":"instock","bundle_stock_quantity":11,"bundle_virtual":false,"bundle_layout":"","bundle_add_to_cart_form_location":"","bundle_editable_in_cart":false,"bundle_sold_individually_context":"","bundle_item_grouping":"","bundle_min_size":"","bundle_max_size":"","bundle_price":[],"bundled_items":[],"bundle_sell_ids":[],"acf":[],"yoast_head":"<!-- This site is optimized with the Yoast SEO Premium plugin v27.4 (Yoast SEO v27.4) - https:\/\/yoast.com\/product\/yoast-seo-premium-wordpress\/ -->\n<title>Pretty NamNam Soybean Wonder Umami Paste - Heatsupply<\/title>\n<meta name=\"description\" content=\"Pretty NamNam Soybean Wonder Umami Paste ist eine Umami-Bombe im Glas: Herzhaft, w\u00fcrzig, nussig: Sojabohnenpaste trifft auf Chili und Erdnuss.\" \/>\n<meta name=\"robots\" content=\"index, follow, max-snippet:-1, max-image-preview:large, max-video-preview:-1\" \/>\n<link rel=\"canonical\" href=\"https:\/\/www.heatsupply.nl\/de\/produkt\/pretty-namnam-soybean-wonder-umami-paste\/\" \/>\n<meta property=\"og:locale\" content=\"de_DE\" \/>\n<meta property=\"og:type\" content=\"article\" \/>\n<meta property=\"og:title\" content=\"Pretty NamNam Soybean Wonder Umami Paste\" \/>\n<meta property=\"og:description\" content=\"Pretty NamNam Soybean Wonder Umami Paste ist eine Umami-Bombe im Glas: Herzhaft, w\u00fcrzig, nussig: Sojabohnenpaste trifft auf Chili und Erdnuss.\" \/>\n<meta property=\"og:url\" content=\"https:\/\/www.heatsupply.nl\/de\/produkt\/pretty-namnam-soybean-wonder-umami-paste\/\" \/>\n<meta property=\"og:site_name\" content=\"Heatsupply\" \/>\n<meta property=\"article:publisher\" content=\"https:\/\/www.facebook.com\/heatsupplyNL\" \/>\n<meta property=\"og:image\" content=\"https:\/\/www.heatsupply.nl\/wp-content\/uploads\/2026\/04\/pretty-namnam-umami-paste-soybean-wonder.jpg\" \/>\n\t<meta property=\"og:image:width\" content=\"1400\" \/>\n\t<meta property=\"og:image:height\" content=\"1400\" \/>\n\t<meta property=\"og:image:type\" content=\"image\/jpeg\" \/>\n<meta name=\"twitter:card\" content=\"summary_large_image\" \/>\n<meta name=\"twitter:label1\" content=\"Preis\" \/>\n\t<meta name=\"twitter:data1\" content=\"&euro;9,95\" \/>\n\t<meta name=\"twitter:label2\" content=\"Verf\u00fcgbarkeit\" \/>\n\t<meta name=\"twitter:data2\" content=\"Auf Lager\" \/>\n<script type=\"application\/ld+json\" class=\"yoast-schema-graph\">{\"@context\":\"https:\\\/\\\/schema.org\",\"@graph\":[{\"@type\":\"WebPage\",\"@id\":\"https:\\\/\\\/www.heatsupply.nl\\\/de\\\/produkt\\\/pretty-namnam-soybean-wonder-umami-paste\\\/\",\"url\":\"https:\\\/\\\/www.heatsupply.nl\\\/de\\\/produkt\\\/pretty-namnam-soybean-wonder-umami-paste\\\/\",\"name\":\"Pretty NamNam Soybean Wonder Umami Paste - Heatsupply\",\"isPartOf\":{\"@id\":\"https:\\\/\\\/www.heatsupply.nl\\\/de\\\/#website\"},\"primaryImageOfPage\":{\"@id\":\"https:\\\/\\\/www.heatsupply.nl\\\/de\\\/produkt\\\/pretty-namnam-soybean-wonder-umami-paste\\\/#primaryimage\"},\"image\":{\"@id\":\"https:\\\/\\\/www.heatsupply.nl\\\/de\\\/produkt\\\/pretty-namnam-soybean-wonder-umami-paste\\\/#primaryimage\"},\"thumbnailUrl\":\"https:\\\/\\\/www.heatsupply.nl\\\/wp-content\\\/uploads\\\/2026\\\/04\\\/pretty-namnam-umami-paste-soybean-wonder.jpg\",\"datePublished\":\"2026-04-16T08:43:16+00:00\",\"description\":\"Pretty NamNam Soybean Wonder Umami Paste ist eine Umami-Bombe im Glas: Herzhaft, w\u00fcrzig, nussig: Sojabohnenpaste trifft auf Chili und Erdnuss.\",\"breadcrumb\":{\"@id\":\"https:\\\/\\\/www.heatsupply.nl\\\/de\\\/produkt\\\/pretty-namnam-soybean-wonder-umami-paste\\\/#breadcrumb\"},\"inLanguage\":\"de\",\"potentialAction\":[{\"@type\":\"ReadAction\",\"target\":[\"https:\\\/\\\/www.heatsupply.nl\\\/de\\\/produkt\\\/pretty-namnam-soybean-wonder-umami-paste\\\/\"]}]},{\"@type\":\"ImageObject\",\"inLanguage\":\"de\",\"@id\":\"https:\\\/\\\/www.heatsupply.nl\\\/de\\\/produkt\\\/pretty-namnam-soybean-wonder-umami-paste\\\/#primaryimage\",\"url\":\"https:\\\/\\\/www.heatsupply.nl\\\/wp-content\\\/uploads\\\/2026\\\/04\\\/pretty-namnam-umami-paste-soybean-wonder.jpg\",\"contentUrl\":\"https:\\\/\\\/www.heatsupply.nl\\\/wp-content\\\/uploads\\\/2026\\\/04\\\/pretty-namnam-umami-paste-soybean-wonder.jpg\",\"width\":1400,\"height\":1400,\"caption\":\"pretty namnam soybean wonder umami paste\"},{\"@type\":\"BreadcrumbList\",\"@id\":\"https:\\\/\\\/www.heatsupply.nl\\\/de\\\/produkt\\\/pretty-namnam-soybean-wonder-umami-paste\\\/#breadcrumb\",\"itemListElement\":[{\"@type\":\"ListItem\",\"position\":1,\"name\":\"Home\",\"item\":\"https:\\\/\\\/www.heatsupply.nl\\\/de\\\/\"},{\"@type\":\"ListItem\",\"position\":2,\"name\":\"Alle produkten\",\"item\":\"https:\\\/\\\/www.heatsupply.nl\\\/de\\\/alle-produkten\\\/\"},{\"@type\":\"ListItem\",\"position\":3,\"name\":\"Essen\",\"item\":\"https:\\\/\\\/www.heatsupply.nl\\\/de\\\/essen\\\/\"},{\"@type\":\"ListItem\",\"position\":4,\"name\":\"Pretty NamNam Soybean Wonder Umami Paste\"}]},{\"@type\":\"WebSite\",\"@id\":\"https:\\\/\\\/www.heatsupply.nl\\\/de\\\/#website\",\"url\":\"https:\\\/\\\/www.heatsupply.nl\\\/de\\\/\",\"name\":\"Heatsupply\",\"description\":\"Hot sauce webstore #1 in Europe\",\"publisher\":{\"@id\":\"https:\\\/\\\/www.heatsupply.nl\\\/de\\\/#organization\"},\"potentialAction\":[{\"@type\":\"SearchAction\",\"target\":{\"@type\":\"EntryPoint\",\"urlTemplate\":\"https:\\\/\\\/www.heatsupply.nl\\\/de\\\/?s={search_term_string}\"},\"query-input\":{\"@type\":\"PropertyValueSpecification\",\"valueRequired\":true,\"valueName\":\"search_term_string\"}}],\"inLanguage\":\"de\"},{\"@type\":\"Organization\",\"@id\":\"https:\\\/\\\/www.heatsupply.nl\\\/de\\\/#organization\",\"name\":\"Heatsupply\",\"url\":\"https:\\\/\\\/www.heatsupply.nl\\\/de\\\/\",\"logo\":{\"@type\":\"ImageObject\",\"inLanguage\":\"de\",\"@id\":\"https:\\\/\\\/www.heatsupply.nl\\\/de\\\/#\\\/schema\\\/logo\\\/image\\\/\",\"url\":\"https:\\\/\\\/www.heatsupply.nl\\\/wp-content\\\/uploads\\\/2022\\\/10\\\/heatsupply-logo-rood.jpg\",\"contentUrl\":\"https:\\\/\\\/www.heatsupply.nl\\\/wp-content\\\/uploads\\\/2022\\\/10\\\/heatsupply-logo-rood.jpg\",\"width\":1000,\"height\":335,\"caption\":\"Heatsupply\"},\"image\":{\"@id\":\"https:\\\/\\\/www.heatsupply.nl\\\/de\\\/#\\\/schema\\\/logo\\\/image\\\/\"},\"sameAs\":[\"https:\\\/\\\/www.facebook.com\\\/heatsupplyNL\",\"https:\\\/\\\/www.instagram.com\\\/heatsuppy.nl\",\"https:\\\/\\\/www.youtube.com\\\/channel\\\/UC5pOWqQtljvxTz2SMWGWCsw\"]}]}<\/script>\n<meta property=\"product:price:amount\" content=\"9.95\" \/>\n<meta property=\"product:price:currency\" content=\"EUR\" \/>\n<meta property=\"og:availability\" content=\"instock\" \/>\n<meta property=\"product:availability\" content=\"instock\" \/>\n<meta property=\"product:retailer_item_id\" content=\"NAMNAMSOY001\" \/>\n<meta property=\"product:condition\" content=\"new\" \/>\n<!-- \/ Yoast SEO Premium plugin. -->","yoast_head_json":{"title":"Pretty NamNam Soybean Wonder Umami Paste - Heatsupply","description":"Pretty NamNam Soybean Wonder Umami Paste ist eine Umami-Bombe im Glas: Herzhaft, w\u00fcrzig, nussig: Sojabohnenpaste trifft auf Chili und Erdnuss.","robots":{"index":"index","follow":"follow","max-snippet":"max-snippet:-1","max-image-preview":"max-image-preview:large","max-video-preview":"max-video-preview:-1"},"canonical":"https:\/\/www.heatsupply.nl\/de\/produkt\/pretty-namnam-soybean-wonder-umami-paste\/","og_locale":"de_DE","og_type":"article","og_title":"Pretty NamNam Soybean Wonder Umami Paste","og_description":"Pretty NamNam Soybean Wonder Umami Paste ist eine Umami-Bombe im Glas: Herzhaft, w\u00fcrzig, nussig: Sojabohnenpaste trifft auf Chili und Erdnuss.","og_url":"https:\/\/www.heatsupply.nl\/de\/produkt\/pretty-namnam-soybean-wonder-umami-paste\/","og_site_name":"Heatsupply","article_publisher":"https:\/\/www.facebook.com\/heatsupplyNL","og_image":[{"width":1400,"height":1400,"url":"https:\/\/www.heatsupply.nl\/wp-content\/uploads\/2026\/04\/pretty-namnam-umami-paste-soybean-wonder.jpg","type":"image\/jpeg"}],"twitter_card":"summary_large_image","twitter_misc":{"Preis":"&euro;9,95","Verf\u00fcgbarkeit":"Auf Lager"},"schema":{"@context":"https:\/\/schema.org","@graph":[{"@type":"WebPage","@id":"https:\/\/www.heatsupply.nl\/de\/produkt\/pretty-namnam-soybean-wonder-umami-paste\/","url":"https:\/\/www.heatsupply.nl\/de\/produkt\/pretty-namnam-soybean-wonder-umami-paste\/","name":"Pretty NamNam Soybean Wonder Umami Paste - Heatsupply","isPartOf":{"@id":"https:\/\/www.heatsupply.nl\/de\/#website"},"primaryImageOfPage":{"@id":"https:\/\/www.heatsupply.nl\/de\/produkt\/pretty-namnam-soybean-wonder-umami-paste\/#primaryimage"},"image":{"@id":"https:\/\/www.heatsupply.nl\/de\/produkt\/pretty-namnam-soybean-wonder-umami-paste\/#primaryimage"},"thumbnailUrl":"https:\/\/www.heatsupply.nl\/wp-content\/uploads\/2026\/04\/pretty-namnam-umami-paste-soybean-wonder.jpg","datePublished":"2026-04-16T08:43:16+00:00","description":"Pretty NamNam Soybean Wonder Umami Paste ist eine Umami-Bombe im Glas: Herzhaft, w\u00fcrzig, nussig: Sojabohnenpaste trifft auf Chili und Erdnuss.","breadcrumb":{"@id":"https:\/\/www.heatsupply.nl\/de\/produkt\/pretty-namnam-soybean-wonder-umami-paste\/#breadcrumb"},"inLanguage":"de","potentialAction":[{"@type":"ReadAction","target":["https:\/\/www.heatsupply.nl\/de\/produkt\/pretty-namnam-soybean-wonder-umami-paste\/"]}]},{"@type":"ImageObject","inLanguage":"de","@id":"https:\/\/www.heatsupply.nl\/de\/produkt\/pretty-namnam-soybean-wonder-umami-paste\/#primaryimage","url":"https:\/\/www.heatsupply.nl\/wp-content\/uploads\/2026\/04\/pretty-namnam-umami-paste-soybean-wonder.jpg","contentUrl":"https:\/\/www.heatsupply.nl\/wp-content\/uploads\/2026\/04\/pretty-namnam-umami-paste-soybean-wonder.jpg","width":1400,"height":1400,"caption":"pretty namnam soybean wonder umami paste"},{"@type":"BreadcrumbList","@id":"https:\/\/www.heatsupply.nl\/de\/produkt\/pretty-namnam-soybean-wonder-umami-paste\/#breadcrumb","itemListElement":[{"@type":"ListItem","position":1,"name":"Home","item":"https:\/\/www.heatsupply.nl\/de\/"},{"@type":"ListItem","position":2,"name":"Alle produkten","item":"https:\/\/www.heatsupply.nl\/de\/alle-produkten\/"},{"@type":"ListItem","position":3,"name":"Essen","item":"https:\/\/www.heatsupply.nl\/de\/essen\/"},{"@type":"ListItem","position":4,"name":"Pretty NamNam Soybean Wonder Umami Paste"}]},{"@type":"WebSite","@id":"https:\/\/www.heatsupply.nl\/de\/#website","url":"https:\/\/www.heatsupply.nl\/de\/","name":"Heatsupply","description":"Hot sauce webstore #1 in Europe","publisher":{"@id":"https:\/\/www.heatsupply.nl\/de\/#organization"},"potentialAction":[{"@type":"SearchAction","target":{"@type":"EntryPoint","urlTemplate":"https:\/\/www.heatsupply.nl\/de\/?s={search_term_string}"},"query-input":{"@type":"PropertyValueSpecification","valueRequired":true,"valueName":"search_term_string"}}],"inLanguage":"de"},{"@type":"Organization","@id":"https:\/\/www.heatsupply.nl\/de\/#organization","name":"Heatsupply","url":"https:\/\/www.heatsupply.nl\/de\/","logo":{"@type":"ImageObject","inLanguage":"de","@id":"https:\/\/www.heatsupply.nl\/de\/#\/schema\/logo\/image\/","url":"https:\/\/www.heatsupply.nl\/wp-content\/uploads\/2022\/10\/heatsupply-logo-rood.jpg","contentUrl":"https:\/\/www.heatsupply.nl\/wp-content\/uploads\/2022\/10\/heatsupply-logo-rood.jpg","width":1000,"height":335,"caption":"Heatsupply"},"image":{"@id":"https:\/\/www.heatsupply.nl\/de\/#\/schema\/logo\/image\/"},"sameAs":["https:\/\/www.facebook.com\/heatsupplyNL","https:\/\/www.instagram.com\/heatsuppy.nl","https:\/\/www.youtube.com\/channel\/UC5pOWqQtljvxTz2SMWGWCsw"]}]},"product_price_amount":"9.95","product_price_currency":"EUR","og_availability":"instock","product_availability":"instock","product_retailer_item_id":"NAMNAMSOY001","product_condition":"new"},"_links":{"self":[{"href":"https:\/\/www.heatsupply.nl\/de\/wp-json\/wp\/v2\/product\/209117","targetHints":{"allow":["GET"]}}],"collection":[{"href":"https:\/\/www.heatsupply.nl\/de\/wp-json\/wp\/v2\/product"}],"about":[{"href":"https:\/\/www.heatsupply.nl\/de\/wp-json\/wp\/v2\/types\/product"}],"replies":[{"embeddable":true,"href":"https:\/\/www.heatsupply.nl\/de\/wp-json\/wp\/v2\/comments?post=209117"}],"wp:featuredmedia":[{"embeddable":true,"href":"https:\/\/www.heatsupply.nl\/de\/wp-json\/wp\/v2\/media\/209002"}],"wp:attachment":[{"href":"https:\/\/www.heatsupply.nl\/de\/wp-json\/wp\/v2\/media?parent=209117"}],"wp:term":[{"taxonomy":"product_brand","embeddable":true,"href":"https:\/\/www.heatsupply.nl\/de\/wp-json\/wp\/v2\/product_brand?post=209117"},{"taxonomy":"product_cat","embeddable":true,"href":"https:\/\/www.heatsupply.nl\/de\/wp-json\/wp\/v2\/product_cat?post=209117"},{"taxonomy":"product_tag","embeddable":true,"href":"https:\/\/www.heatsupply.nl\/de\/wp-json\/wp\/v2\/product_tag?post=209117"}],"curies":[{"name":"wp","href":"https:\/\/api.w.org\/{rel}","templated":true}]}}