{"id":209112,"date":"2026-04-16T10:25:33","date_gmt":"2026-04-16T08:25:33","guid":{"rendered":"https:\/\/www.heatsupply.nl\/product\/pretty-namnam-ginger-scallion-umami-paste\/"},"modified":"2026-04-16T10:25:33","modified_gmt":"2026-04-16T08:25:33","slug":"pretty-namnam-ginger-scallion-umami-paste","status":"publish","type":"product","link":"https:\/\/www.heatsupply.nl\/de\/produkt\/pretty-namnam-ginger-scallion-umami-paste\/","title":{"rendered":"Pretty NamNam Ginger &#038; Scallion Umami Paste"},"content":{"rendered":"<p>Zutaten Pretty NamNam Ginger &amp; Scallion Umami Paste: Ingwer (68 %), Sonnenblumen\u00f6l (28 %), Salz, Fr\u00fchlingszwiebel\u00f6l (Sonnenblumen\u00f6l, Fr\u00fchlingszwiebeln) (1 %), Zitronens\u00e4ure, Hefeextrakt, Antioxidationsmittel: Natriumerythorbat, S\u00fc\u00dfungsmittel: Sucralose<\/p>\n<p><span style=\"text-decoration: underline;\">N\u00e4hrwerte pro 100 g:<\/span><br \/>\nEnergie: 2404 kJ \/ 583 kcal<br \/>\nFett: 59,5 g<br \/>\ndavon ges\u00e4ttigte Fetts\u00e4uren: 7,1 g<br \/>\nKohlenhydrate: 11,3 g<br \/>\ndavon Zucker: 0,0 g<br \/>\nEiwei\u00df: 0,5 g<br \/>\nSalz: 2,6 g<\/p>\n<p>K\u00fchl und dunkel lagern. Nach dem \u00d6ffnen im K\u00fchlschrank aufbewahren und innerhalb weniger Wochen verbrauchen.<\/p>\n","protected":false},"excerpt":{"rendered":"<p style=\"text-align: justify;\">Pretty NamNam Pretty NamNam Ginger &amp; Scallion Umami Paste ist ein herrlicher Aufstrich mit einem kr\u00e4ftigen Ingwergeschmack. Man muss ihn ein bisschen m\u00f6gen \u2013 aber wenn man das tut, ist dieses Zeug absolut s\u00fcchtig machend! Sch\u00f6n frisch, aromatisch und perfekt erg\u00e4nzt durch Fr\u00fchlingszwiebeln. Diese Umami Paste ist daher gro\u00dfartig auf Brot, zu Fisch und in Bowls.<\/p>\n<ul>\n<li style=\"text-align: justify;\">Herkunft: Darmstadt, Deutschland<\/li>\n<li style=\"text-align: justify;\">Inhalt: 200 g<\/li>\n<\/ul>\n","protected":false},"featured_media":209005,"comment_status":"open","ping_status":"closed","template":"","meta":{"_acf_changed":false},"product_brand":[],"product_cat":[4042,4097,3794,4075],"product_tag":[],"class_list":{"0":"post-209112","1":"product","2":"type-product","3":"status-publish","4":"has-post-thumbnail","6":"product_cat-andere-produkte","7":"product_cat-asiatische-aromen","8":"product_cat-essen","9":"product_cat-neu","11":"first","12":"instock","13":"taxable","14":"shipping-taxable","15":"purchasable","16":"product-type-simple"},"bundled_by":[],"bundle_stock_status":"instock","bundle_stock_quantity":9,"bundle_virtual":false,"bundle_layout":"","bundle_add_to_cart_form_location":"","bundle_editable_in_cart":false,"bundle_sold_individually_context":"","bundle_item_grouping":"","bundle_min_size":"","bundle_max_size":"","bundle_price":[],"bundled_items":[],"bundle_sell_ids":[],"acf":[],"yoast_head":"<!-- This site is optimized with the Yoast SEO Premium plugin v27.4 (Yoast SEO v27.4) - https:\/\/yoast.com\/product\/yoast-seo-premium-wordpress\/ -->\n<title>Pretty NamNam Ginger &amp; Scallion Umami Paste - Heatsupply<\/title>\n<meta name=\"description\" content=\"Pretty NamNam Ginger &amp; Scallion Umami Paste ist Ingwer von seiner besten Seite. Sch\u00f6n frisch und aromatisch mit Fr\u00fchlingszwiebeln. Ein absolut leckerer Aufstrich f\u00fcr Brot, Fisch oder Bowls.\" \/>\n<meta name=\"robots\" content=\"index, follow, max-snippet:-1, max-image-preview:large, max-video-preview:-1\" \/>\n<link rel=\"canonical\" href=\"https:\/\/www.heatsupply.nl\/de\/produkt\/pretty-namnam-ginger-scallion-umami-paste\/\" \/>\n<meta property=\"og:locale\" content=\"de_DE\" \/>\n<meta property=\"og:type\" content=\"article\" \/>\n<meta property=\"og:title\" content=\"Pretty NamNam Ginger &amp; Scallion Umami Paste\" \/>\n<meta property=\"og:description\" content=\"Pretty NamNam Ginger &amp; Scallion Umami Paste ist Ingwer von seiner besten Seite. Sch\u00f6n frisch und aromatisch mit Fr\u00fchlingszwiebeln. Ein absolut leckerer Aufstrich f\u00fcr Brot, Fisch oder Bowls.\" \/>\n<meta property=\"og:url\" content=\"https:\/\/www.heatsupply.nl\/de\/produkt\/pretty-namnam-ginger-scallion-umami-paste\/\" \/>\n<meta property=\"og:site_name\" content=\"Heatsupply\" \/>\n<meta property=\"article:publisher\" content=\"https:\/\/www.facebook.com\/heatsupplyNL\" \/>\n<meta property=\"og:image\" content=\"https:\/\/www.heatsupply.nl\/wp-content\/uploads\/2026\/04\/pretty-namnam-umami-paste.jpg\" \/>\n\t<meta property=\"og:image:width\" content=\"1400\" \/>\n\t<meta property=\"og:image:height\" content=\"1400\" \/>\n\t<meta property=\"og:image:type\" content=\"image\/jpeg\" \/>\n<meta name=\"twitter:card\" content=\"summary_large_image\" \/>\n<meta name=\"twitter:label1\" content=\"Preis\" \/>\n\t<meta name=\"twitter:data1\" content=\"&euro;9,95\" \/>\n\t<meta name=\"twitter:label2\" content=\"Verf\u00fcgbarkeit\" \/>\n\t<meta name=\"twitter:data2\" content=\"Auf Lager\" \/>\n<script type=\"application\/ld+json\" class=\"yoast-schema-graph\">{\"@context\":\"https:\\\/\\\/schema.org\",\"@graph\":[{\"@type\":\"WebPage\",\"@id\":\"https:\\\/\\\/www.heatsupply.nl\\\/de\\\/produkt\\\/pretty-namnam-ginger-scallion-umami-paste\\\/\",\"url\":\"https:\\\/\\\/www.heatsupply.nl\\\/de\\\/produkt\\\/pretty-namnam-ginger-scallion-umami-paste\\\/\",\"name\":\"Pretty NamNam Ginger & Scallion Umami Paste - Heatsupply\",\"isPartOf\":{\"@id\":\"https:\\\/\\\/www.heatsupply.nl\\\/de\\\/#website\"},\"primaryImageOfPage\":{\"@id\":\"https:\\\/\\\/www.heatsupply.nl\\\/de\\\/produkt\\\/pretty-namnam-ginger-scallion-umami-paste\\\/#primaryimage\"},\"image\":{\"@id\":\"https:\\\/\\\/www.heatsupply.nl\\\/de\\\/produkt\\\/pretty-namnam-ginger-scallion-umami-paste\\\/#primaryimage\"},\"thumbnailUrl\":\"https:\\\/\\\/www.heatsupply.nl\\\/wp-content\\\/uploads\\\/2026\\\/04\\\/pretty-namnam-umami-paste.jpg\",\"datePublished\":\"2026-04-16T08:25:33+00:00\",\"description\":\"Pretty NamNam Ginger & Scallion Umami Paste ist Ingwer von seiner besten Seite. Sch\u00f6n frisch und aromatisch mit Fr\u00fchlingszwiebeln. Ein absolut leckerer Aufstrich f\u00fcr Brot, Fisch oder Bowls.\",\"breadcrumb\":{\"@id\":\"https:\\\/\\\/www.heatsupply.nl\\\/de\\\/produkt\\\/pretty-namnam-ginger-scallion-umami-paste\\\/#breadcrumb\"},\"inLanguage\":\"de\",\"potentialAction\":[{\"@type\":\"ReadAction\",\"target\":[\"https:\\\/\\\/www.heatsupply.nl\\\/de\\\/produkt\\\/pretty-namnam-ginger-scallion-umami-paste\\\/\"]}]},{\"@type\":\"ImageObject\",\"inLanguage\":\"de\",\"@id\":\"https:\\\/\\\/www.heatsupply.nl\\\/de\\\/produkt\\\/pretty-namnam-ginger-scallion-umami-paste\\\/#primaryimage\",\"url\":\"https:\\\/\\\/www.heatsupply.nl\\\/wp-content\\\/uploads\\\/2026\\\/04\\\/pretty-namnam-umami-paste.jpg\",\"contentUrl\":\"https:\\\/\\\/www.heatsupply.nl\\\/wp-content\\\/uploads\\\/2026\\\/04\\\/pretty-namnam-umami-paste.jpg\",\"width\":1400,\"height\":1400,\"caption\":\"Pretty NamNam Ginger & Scallion Umami Paste\"},{\"@type\":\"BreadcrumbList\",\"@id\":\"https:\\\/\\\/www.heatsupply.nl\\\/de\\\/produkt\\\/pretty-namnam-ginger-scallion-umami-paste\\\/#breadcrumb\",\"itemListElement\":[{\"@type\":\"ListItem\",\"position\":1,\"name\":\"Home\",\"item\":\"https:\\\/\\\/www.heatsupply.nl\\\/de\\\/\"},{\"@type\":\"ListItem\",\"position\":2,\"name\":\"Alle produkten\",\"item\":\"https:\\\/\\\/www.heatsupply.nl\\\/de\\\/alle-produkten\\\/\"},{\"@type\":\"ListItem\",\"position\":3,\"name\":\"Essen\",\"item\":\"https:\\\/\\\/www.heatsupply.nl\\\/de\\\/essen\\\/\"},{\"@type\":\"ListItem\",\"position\":4,\"name\":\"Pretty NamNam Ginger &#038; Scallion Umami Paste\"}]},{\"@type\":\"WebSite\",\"@id\":\"https:\\\/\\\/www.heatsupply.nl\\\/de\\\/#website\",\"url\":\"https:\\\/\\\/www.heatsupply.nl\\\/de\\\/\",\"name\":\"Heatsupply\",\"description\":\"Hot sauce webstore #1 in Europe\",\"publisher\":{\"@id\":\"https:\\\/\\\/www.heatsupply.nl\\\/de\\\/#organization\"},\"potentialAction\":[{\"@type\":\"SearchAction\",\"target\":{\"@type\":\"EntryPoint\",\"urlTemplate\":\"https:\\\/\\\/www.heatsupply.nl\\\/de\\\/?s={search_term_string}\"},\"query-input\":{\"@type\":\"PropertyValueSpecification\",\"valueRequired\":true,\"valueName\":\"search_term_string\"}}],\"inLanguage\":\"de\"},{\"@type\":\"Organization\",\"@id\":\"https:\\\/\\\/www.heatsupply.nl\\\/de\\\/#organization\",\"name\":\"Heatsupply\",\"url\":\"https:\\\/\\\/www.heatsupply.nl\\\/de\\\/\",\"logo\":{\"@type\":\"ImageObject\",\"inLanguage\":\"de\",\"@id\":\"https:\\\/\\\/www.heatsupply.nl\\\/de\\\/#\\\/schema\\\/logo\\\/image\\\/\",\"url\":\"https:\\\/\\\/www.heatsupply.nl\\\/wp-content\\\/uploads\\\/2022\\\/10\\\/heatsupply-logo-rood.jpg\",\"contentUrl\":\"https:\\\/\\\/www.heatsupply.nl\\\/wp-content\\\/uploads\\\/2022\\\/10\\\/heatsupply-logo-rood.jpg\",\"width\":1000,\"height\":335,\"caption\":\"Heatsupply\"},\"image\":{\"@id\":\"https:\\\/\\\/www.heatsupply.nl\\\/de\\\/#\\\/schema\\\/logo\\\/image\\\/\"},\"sameAs\":[\"https:\\\/\\\/www.facebook.com\\\/heatsupplyNL\",\"https:\\\/\\\/www.instagram.com\\\/heatsuppy.nl\",\"https:\\\/\\\/www.youtube.com\\\/channel\\\/UC5pOWqQtljvxTz2SMWGWCsw\"]}]}<\/script>\n<meta property=\"product:price:amount\" content=\"9.95\" \/>\n<meta property=\"product:price:currency\" content=\"EUR\" \/>\n<meta property=\"og:availability\" content=\"instock\" \/>\n<meta property=\"product:availability\" content=\"instock\" \/>\n<meta property=\"product:retailer_item_id\" content=\"NAMNAMGINSCA001\" \/>\n<meta property=\"product:condition\" content=\"new\" \/>\n<!-- \/ Yoast SEO Premium plugin. -->","yoast_head_json":{"title":"Pretty NamNam Ginger & Scallion Umami Paste - Heatsupply","description":"Pretty NamNam Ginger & Scallion Umami Paste ist Ingwer von seiner besten Seite. Sch\u00f6n frisch und aromatisch mit Fr\u00fchlingszwiebeln. Ein absolut leckerer Aufstrich f\u00fcr Brot, Fisch oder Bowls.","robots":{"index":"index","follow":"follow","max-snippet":"max-snippet:-1","max-image-preview":"max-image-preview:large","max-video-preview":"max-video-preview:-1"},"canonical":"https:\/\/www.heatsupply.nl\/de\/produkt\/pretty-namnam-ginger-scallion-umami-paste\/","og_locale":"de_DE","og_type":"article","og_title":"Pretty NamNam Ginger & Scallion Umami Paste","og_description":"Pretty NamNam Ginger & Scallion Umami Paste ist Ingwer von seiner besten Seite. Sch\u00f6n frisch und aromatisch mit Fr\u00fchlingszwiebeln. Ein absolut leckerer Aufstrich f\u00fcr Brot, Fisch oder Bowls.","og_url":"https:\/\/www.heatsupply.nl\/de\/produkt\/pretty-namnam-ginger-scallion-umami-paste\/","og_site_name":"Heatsupply","article_publisher":"https:\/\/www.facebook.com\/heatsupplyNL","og_image":[{"width":1400,"height":1400,"url":"https:\/\/www.heatsupply.nl\/wp-content\/uploads\/2026\/04\/pretty-namnam-umami-paste.jpg","type":"image\/jpeg"}],"twitter_card":"summary_large_image","twitter_misc":{"Preis":"&euro;9,95","Verf\u00fcgbarkeit":"Auf Lager"},"schema":{"@context":"https:\/\/schema.org","@graph":[{"@type":"WebPage","@id":"https:\/\/www.heatsupply.nl\/de\/produkt\/pretty-namnam-ginger-scallion-umami-paste\/","url":"https:\/\/www.heatsupply.nl\/de\/produkt\/pretty-namnam-ginger-scallion-umami-paste\/","name":"Pretty NamNam Ginger & Scallion Umami Paste - Heatsupply","isPartOf":{"@id":"https:\/\/www.heatsupply.nl\/de\/#website"},"primaryImageOfPage":{"@id":"https:\/\/www.heatsupply.nl\/de\/produkt\/pretty-namnam-ginger-scallion-umami-paste\/#primaryimage"},"image":{"@id":"https:\/\/www.heatsupply.nl\/de\/produkt\/pretty-namnam-ginger-scallion-umami-paste\/#primaryimage"},"thumbnailUrl":"https:\/\/www.heatsupply.nl\/wp-content\/uploads\/2026\/04\/pretty-namnam-umami-paste.jpg","datePublished":"2026-04-16T08:25:33+00:00","description":"Pretty NamNam Ginger & Scallion Umami Paste ist Ingwer von seiner besten Seite. Sch\u00f6n frisch und aromatisch mit Fr\u00fchlingszwiebeln. Ein absolut leckerer Aufstrich f\u00fcr Brot, Fisch oder Bowls.","breadcrumb":{"@id":"https:\/\/www.heatsupply.nl\/de\/produkt\/pretty-namnam-ginger-scallion-umami-paste\/#breadcrumb"},"inLanguage":"de","potentialAction":[{"@type":"ReadAction","target":["https:\/\/www.heatsupply.nl\/de\/produkt\/pretty-namnam-ginger-scallion-umami-paste\/"]}]},{"@type":"ImageObject","inLanguage":"de","@id":"https:\/\/www.heatsupply.nl\/de\/produkt\/pretty-namnam-ginger-scallion-umami-paste\/#primaryimage","url":"https:\/\/www.heatsupply.nl\/wp-content\/uploads\/2026\/04\/pretty-namnam-umami-paste.jpg","contentUrl":"https:\/\/www.heatsupply.nl\/wp-content\/uploads\/2026\/04\/pretty-namnam-umami-paste.jpg","width":1400,"height":1400,"caption":"Pretty NamNam Ginger & Scallion Umami Paste"},{"@type":"BreadcrumbList","@id":"https:\/\/www.heatsupply.nl\/de\/produkt\/pretty-namnam-ginger-scallion-umami-paste\/#breadcrumb","itemListElement":[{"@type":"ListItem","position":1,"name":"Home","item":"https:\/\/www.heatsupply.nl\/de\/"},{"@type":"ListItem","position":2,"name":"Alle produkten","item":"https:\/\/www.heatsupply.nl\/de\/alle-produkten\/"},{"@type":"ListItem","position":3,"name":"Essen","item":"https:\/\/www.heatsupply.nl\/de\/essen\/"},{"@type":"ListItem","position":4,"name":"Pretty NamNam Ginger &#038; Scallion Umami Paste"}]},{"@type":"WebSite","@id":"https:\/\/www.heatsupply.nl\/de\/#website","url":"https:\/\/www.heatsupply.nl\/de\/","name":"Heatsupply","description":"Hot sauce webstore #1 in Europe","publisher":{"@id":"https:\/\/www.heatsupply.nl\/de\/#organization"},"potentialAction":[{"@type":"SearchAction","target":{"@type":"EntryPoint","urlTemplate":"https:\/\/www.heatsupply.nl\/de\/?s={search_term_string}"},"query-input":{"@type":"PropertyValueSpecification","valueRequired":true,"valueName":"search_term_string"}}],"inLanguage":"de"},{"@type":"Organization","@id":"https:\/\/www.heatsupply.nl\/de\/#organization","name":"Heatsupply","url":"https:\/\/www.heatsupply.nl\/de\/","logo":{"@type":"ImageObject","inLanguage":"de","@id":"https:\/\/www.heatsupply.nl\/de\/#\/schema\/logo\/image\/","url":"https:\/\/www.heatsupply.nl\/wp-content\/uploads\/2022\/10\/heatsupply-logo-rood.jpg","contentUrl":"https:\/\/www.heatsupply.nl\/wp-content\/uploads\/2022\/10\/heatsupply-logo-rood.jpg","width":1000,"height":335,"caption":"Heatsupply"},"image":{"@id":"https:\/\/www.heatsupply.nl\/de\/#\/schema\/logo\/image\/"},"sameAs":["https:\/\/www.facebook.com\/heatsupplyNL","https:\/\/www.instagram.com\/heatsuppy.nl","https:\/\/www.youtube.com\/channel\/UC5pOWqQtljvxTz2SMWGWCsw"]}]},"product_price_amount":"9.95","product_price_currency":"EUR","og_availability":"instock","product_availability":"instock","product_retailer_item_id":"NAMNAMGINSCA001","product_condition":"new"},"_links":{"self":[{"href":"https:\/\/www.heatsupply.nl\/de\/wp-json\/wp\/v2\/product\/209112","targetHints":{"allow":["GET"]}}],"collection":[{"href":"https:\/\/www.heatsupply.nl\/de\/wp-json\/wp\/v2\/product"}],"about":[{"href":"https:\/\/www.heatsupply.nl\/de\/wp-json\/wp\/v2\/types\/product"}],"replies":[{"embeddable":true,"href":"https:\/\/www.heatsupply.nl\/de\/wp-json\/wp\/v2\/comments?post=209112"}],"wp:featuredmedia":[{"embeddable":true,"href":"https:\/\/www.heatsupply.nl\/de\/wp-json\/wp\/v2\/media\/209005"}],"wp:attachment":[{"href":"https:\/\/www.heatsupply.nl\/de\/wp-json\/wp\/v2\/media?parent=209112"}],"wp:term":[{"taxonomy":"product_brand","embeddable":true,"href":"https:\/\/www.heatsupply.nl\/de\/wp-json\/wp\/v2\/product_brand?post=209112"},{"taxonomy":"product_cat","embeddable":true,"href":"https:\/\/www.heatsupply.nl\/de\/wp-json\/wp\/v2\/product_cat?post=209112"},{"taxonomy":"product_tag","embeddable":true,"href":"https:\/\/www.heatsupply.nl\/de\/wp-json\/wp\/v2\/product_tag?post=209112"}],"curies":[{"name":"wp","href":"https:\/\/api.w.org\/{rel}","templated":true}]}}