{"id":209108,"date":"2026-04-16T10:08:07","date_gmt":"2026-04-16T08:08:07","guid":{"rendered":"https:\/\/www.heatsupply.nl\/product\/pretty-namnam-chili-crisp-crunchy-garlic\/"},"modified":"2026-04-26T16:51:06","modified_gmt":"2026-04-26T14:51:06","slug":"pretty-namnam-chili-crisp-crunchy-garlic","status":"publish","type":"product","link":"https:\/\/www.heatsupply.nl\/de\/produkt\/pretty-namnam-chili-crisp-crunchy-garlic\/","title":{"rendered":"Pretty NamNam Chili Crisp Crunchy Garlic"},"content":{"rendered":"<p><strong>Zutaten Pretty NamNam Chili Crisp Crunchy Garlic<\/strong>: Sonnenblumen\u00f6l (48 %), Knoblauch (24 %), Chilischoten (9 %), Zwiebeln, Zucker, SESAM\u00d6L, Salz, SOJASAUCE (Wasser, SOJABOHNEN, WEIZEN, Salz), HEFEEXTRAKT, S\u00e4ureregulator: Zitronens\u00e4ure, Farbstoff: Paprikaextrakt.<\/p>\n<p><span style=\"text-decoration: underline;\">N\u00e4hrwerte pro 100 g:<\/span><br \/>\nEnergie: 2589 kJ \/ 625 kcal<br \/>\nFett: 51,8 g<br \/>\ndavon ges\u00e4ttigte Fetts\u00e4uren: 6,7 g<br \/>\nKohlenhydrate: 30,3 g<br \/>\ndavon Zucker: 4,9 g<br \/>\nEiwei\u00df: 6,1 g<br \/>\nSalz: 1,9 g<\/p>\n<p>K\u00fchl und dunkel lagern. Nach dem \u00d6ffnen im K\u00fchlschrank aufbewahren und innerhalb weniger Wochen verbrauchen.<\/p>\n","protected":false},"excerpt":{"rendered":"<p style=\"text-align: justify;\">Pretty NamNam Chili Crisp Crunchy Garlic ist ein super mildes, aber unglaublich geschmackvolles Chili\u00f6l. Hier steht nicht die Sch\u00e4rfe im Mittelpunkt, sondern der Knoblauch. Und der ist wirklich in rauen Mengen vorhanden und gibt deinen Gerichten einen ordentlichen Knoblauch-Kick. Dieses \u00d6l ist also wirklich was f\u00fcr echte Knoblauch-Fans! Geschmacklich ist das Chili\u00f6l von klassischem chinesischem Chili\u00f6l inspiriert. Super vielseitig \u2013 probier es einfach auf Reis- oder Nudelgerichten, Pizza &amp; Pasta, Tofu, H\u00e4hnchen und vielem mehr.<\/p>\n<ul>\n<li style=\"text-align: justify;\">Herkunft: Darmstadt, Deutschland<\/li>\n<li style=\"text-align: justify;\">Inhalt: 200 g<\/li>\n<\/ul>\n","protected":false},"featured_media":208996,"comment_status":"open","ping_status":"closed","template":"","meta":{"_acf_changed":false},"product_brand":[],"product_cat":[3909,4075,4046],"product_tag":[],"class_list":{"0":"post-209108","1":"product","2":"type-product","3":"status-publish","4":"has-post-thumbnail","6":"product_cat-crispy-chilioel","7":"product_cat-neu","8":"product_cat-spicy","10":"first","11":"instock","12":"taxable","13":"shipping-taxable","14":"purchasable","15":"product-type-simple"},"bundled_by":[],"bundle_stock_status":"instock","bundle_stock_quantity":4,"bundle_virtual":false,"bundle_layout":"","bundle_add_to_cart_form_location":"","bundle_editable_in_cart":false,"bundle_sold_individually_context":"","bundle_item_grouping":"","bundle_min_size":"","bundle_max_size":"","bundle_price":[],"bundled_items":[],"bundle_sell_ids":[],"acf":[],"yoast_head":"<!-- This site is optimized with the Yoast SEO Premium plugin v27.4 (Yoast SEO v27.4) - https:\/\/yoast.com\/product\/yoast-seo-premium-wordpress\/ -->\n<title>Pretty NamNam Chili Crisp Crunchy Garlic - Heatsupply<\/title>\n<meta name=\"description\" content=\"Pretty NamNam Chili Crisp Crunchy Garlic ist ein sehr mildes Chili\u00f6l mit viel Knoblauch! Super lecker zu Nudeln, Pasta und vielem mehr!\" \/>\n<meta name=\"robots\" content=\"index, follow, max-snippet:-1, max-image-preview:large, max-video-preview:-1\" \/>\n<link rel=\"canonical\" href=\"https:\/\/www.heatsupply.nl\/de\/produkt\/pretty-namnam-chili-crisp-crunchy-garlic\/\" \/>\n<meta property=\"og:locale\" content=\"de_DE\" \/>\n<meta property=\"og:type\" content=\"article\" \/>\n<meta property=\"og:title\" content=\"Pretty NamNam Chili Crisp Crunchy Garlic\" \/>\n<meta property=\"og:description\" content=\"Pretty NamNam Chili Crisp Crunchy Garlic ist ein sehr mildes Chili\u00f6l mit viel Knoblauch! Super lecker zu Nudeln, Pasta und vielem mehr!\" \/>\n<meta property=\"og:url\" content=\"https:\/\/www.heatsupply.nl\/de\/produkt\/pretty-namnam-chili-crisp-crunchy-garlic\/\" \/>\n<meta property=\"og:site_name\" content=\"Heatsupply\" \/>\n<meta property=\"article:publisher\" content=\"https:\/\/www.facebook.com\/heatsupplyNL\" \/>\n<meta property=\"article:modified_time\" content=\"2026-04-26T14:51:06+00:00\" \/>\n<meta property=\"og:image\" content=\"https:\/\/www.heatsupply.nl\/wp-content\/uploads\/2026\/04\/pretty-namnam-chili-crisp.jpg\" \/>\n\t<meta property=\"og:image:width\" content=\"1400\" \/>\n\t<meta property=\"og:image:height\" content=\"1400\" \/>\n\t<meta property=\"og:image:type\" content=\"image\/jpeg\" \/>\n<meta name=\"twitter:card\" content=\"summary_large_image\" \/>\n<meta name=\"twitter:label1\" content=\"Preis\" \/>\n\t<meta name=\"twitter:data1\" content=\"&euro;9,95\" \/>\n\t<meta name=\"twitter:label2\" content=\"Verf\u00fcgbarkeit\" \/>\n\t<meta name=\"twitter:data2\" content=\"Auf Lager\" \/>\n<script type=\"application\/ld+json\" class=\"yoast-schema-graph\">{\"@context\":\"https:\\\/\\\/schema.org\",\"@graph\":[{\"@type\":\"WebPage\",\"@id\":\"https:\\\/\\\/www.heatsupply.nl\\\/de\\\/produkt\\\/pretty-namnam-chili-crisp-crunchy-garlic\\\/\",\"url\":\"https:\\\/\\\/www.heatsupply.nl\\\/de\\\/produkt\\\/pretty-namnam-chili-crisp-crunchy-garlic\\\/\",\"name\":\"Pretty NamNam Chili Crisp Crunchy Garlic - Heatsupply\",\"isPartOf\":{\"@id\":\"https:\\\/\\\/www.heatsupply.nl\\\/de\\\/#website\"},\"primaryImageOfPage\":{\"@id\":\"https:\\\/\\\/www.heatsupply.nl\\\/de\\\/produkt\\\/pretty-namnam-chili-crisp-crunchy-garlic\\\/#primaryimage\"},\"image\":{\"@id\":\"https:\\\/\\\/www.heatsupply.nl\\\/de\\\/produkt\\\/pretty-namnam-chili-crisp-crunchy-garlic\\\/#primaryimage\"},\"thumbnailUrl\":\"https:\\\/\\\/www.heatsupply.nl\\\/wp-content\\\/uploads\\\/2026\\\/04\\\/pretty-namnam-chili-crisp.jpg\",\"datePublished\":\"2026-04-16T08:08:07+00:00\",\"dateModified\":\"2026-04-26T14:51:06+00:00\",\"description\":\"Pretty NamNam Chili Crisp Crunchy Garlic ist ein sehr mildes Chili\u00f6l mit viel Knoblauch! Super lecker zu Nudeln, Pasta und vielem mehr!\",\"breadcrumb\":{\"@id\":\"https:\\\/\\\/www.heatsupply.nl\\\/de\\\/produkt\\\/pretty-namnam-chili-crisp-crunchy-garlic\\\/#breadcrumb\"},\"inLanguage\":\"de\",\"potentialAction\":[{\"@type\":\"ReadAction\",\"target\":[\"https:\\\/\\\/www.heatsupply.nl\\\/de\\\/produkt\\\/pretty-namnam-chili-crisp-crunchy-garlic\\\/\"]}]},{\"@type\":\"ImageObject\",\"inLanguage\":\"de\",\"@id\":\"https:\\\/\\\/www.heatsupply.nl\\\/de\\\/produkt\\\/pretty-namnam-chili-crisp-crunchy-garlic\\\/#primaryimage\",\"url\":\"https:\\\/\\\/www.heatsupply.nl\\\/wp-content\\\/uploads\\\/2026\\\/04\\\/pretty-namnam-chili-crisp.jpg\",\"contentUrl\":\"https:\\\/\\\/www.heatsupply.nl\\\/wp-content\\\/uploads\\\/2026\\\/04\\\/pretty-namnam-chili-crisp.jpg\",\"width\":1400,\"height\":1400,\"caption\":\"pretty namnam chili crisp crunchy garlic\"},{\"@type\":\"BreadcrumbList\",\"@id\":\"https:\\\/\\\/www.heatsupply.nl\\\/de\\\/produkt\\\/pretty-namnam-chili-crisp-crunchy-garlic\\\/#breadcrumb\",\"itemListElement\":[{\"@type\":\"ListItem\",\"position\":1,\"name\":\"Home\",\"item\":\"https:\\\/\\\/www.heatsupply.nl\\\/de\\\/\"},{\"@type\":\"ListItem\",\"position\":2,\"name\":\"Alle produkten\",\"item\":\"https:\\\/\\\/www.heatsupply.nl\\\/de\\\/alle-produkten\\\/\"},{\"@type\":\"ListItem\",\"position\":3,\"name\":\"Neu\",\"item\":\"https:\\\/\\\/www.heatsupply.nl\\\/de\\\/neu\\\/\"},{\"@type\":\"ListItem\",\"position\":4,\"name\":\"Pretty NamNam Chili Crisp Crunchy Garlic\"}]},{\"@type\":\"WebSite\",\"@id\":\"https:\\\/\\\/www.heatsupply.nl\\\/de\\\/#website\",\"url\":\"https:\\\/\\\/www.heatsupply.nl\\\/de\\\/\",\"name\":\"Heatsupply\",\"description\":\"Hot sauce webstore #1 in Europe\",\"publisher\":{\"@id\":\"https:\\\/\\\/www.heatsupply.nl\\\/de\\\/#organization\"},\"potentialAction\":[{\"@type\":\"SearchAction\",\"target\":{\"@type\":\"EntryPoint\",\"urlTemplate\":\"https:\\\/\\\/www.heatsupply.nl\\\/de\\\/?s={search_term_string}\"},\"query-input\":{\"@type\":\"PropertyValueSpecification\",\"valueRequired\":true,\"valueName\":\"search_term_string\"}}],\"inLanguage\":\"de\"},{\"@type\":\"Organization\",\"@id\":\"https:\\\/\\\/www.heatsupply.nl\\\/de\\\/#organization\",\"name\":\"Heatsupply\",\"url\":\"https:\\\/\\\/www.heatsupply.nl\\\/de\\\/\",\"logo\":{\"@type\":\"ImageObject\",\"inLanguage\":\"de\",\"@id\":\"https:\\\/\\\/www.heatsupply.nl\\\/de\\\/#\\\/schema\\\/logo\\\/image\\\/\",\"url\":\"https:\\\/\\\/www.heatsupply.nl\\\/wp-content\\\/uploads\\\/2022\\\/10\\\/heatsupply-logo-rood.jpg\",\"contentUrl\":\"https:\\\/\\\/www.heatsupply.nl\\\/wp-content\\\/uploads\\\/2022\\\/10\\\/heatsupply-logo-rood.jpg\",\"width\":1000,\"height\":335,\"caption\":\"Heatsupply\"},\"image\":{\"@id\":\"https:\\\/\\\/www.heatsupply.nl\\\/de\\\/#\\\/schema\\\/logo\\\/image\\\/\"},\"sameAs\":[\"https:\\\/\\\/www.facebook.com\\\/heatsupplyNL\",\"https:\\\/\\\/www.instagram.com\\\/heatsuppy.nl\",\"https:\\\/\\\/www.youtube.com\\\/channel\\\/UC5pOWqQtljvxTz2SMWGWCsw\"]}]}<\/script>\n<meta property=\"product:price:amount\" content=\"9.95\" \/>\n<meta property=\"product:price:currency\" content=\"EUR\" \/>\n<meta property=\"og:availability\" content=\"instock\" \/>\n<meta property=\"product:availability\" content=\"instock\" \/>\n<meta property=\"product:retailer_item_id\" content=\"NAMNAMGARLIC001\" \/>\n<meta property=\"product:condition\" content=\"new\" \/>\n<!-- \/ Yoast SEO Premium plugin. -->","yoast_head_json":{"title":"Pretty NamNam Chili Crisp Crunchy Garlic - Heatsupply","description":"Pretty NamNam Chili Crisp Crunchy Garlic ist ein sehr mildes Chili\u00f6l mit viel Knoblauch! Super lecker zu Nudeln, Pasta und vielem mehr!","robots":{"index":"index","follow":"follow","max-snippet":"max-snippet:-1","max-image-preview":"max-image-preview:large","max-video-preview":"max-video-preview:-1"},"canonical":"https:\/\/www.heatsupply.nl\/de\/produkt\/pretty-namnam-chili-crisp-crunchy-garlic\/","og_locale":"de_DE","og_type":"article","og_title":"Pretty NamNam Chili Crisp Crunchy Garlic","og_description":"Pretty NamNam Chili Crisp Crunchy Garlic ist ein sehr mildes Chili\u00f6l mit viel Knoblauch! Super lecker zu Nudeln, Pasta und vielem mehr!","og_url":"https:\/\/www.heatsupply.nl\/de\/produkt\/pretty-namnam-chili-crisp-crunchy-garlic\/","og_site_name":"Heatsupply","article_publisher":"https:\/\/www.facebook.com\/heatsupplyNL","article_modified_time":"2026-04-26T14:51:06+00:00","og_image":[{"width":1400,"height":1400,"url":"https:\/\/www.heatsupply.nl\/wp-content\/uploads\/2026\/04\/pretty-namnam-chili-crisp.jpg","type":"image\/jpeg"}],"twitter_card":"summary_large_image","twitter_misc":{"Preis":"&euro;9,95","Verf\u00fcgbarkeit":"Auf Lager"},"schema":{"@context":"https:\/\/schema.org","@graph":[{"@type":"WebPage","@id":"https:\/\/www.heatsupply.nl\/de\/produkt\/pretty-namnam-chili-crisp-crunchy-garlic\/","url":"https:\/\/www.heatsupply.nl\/de\/produkt\/pretty-namnam-chili-crisp-crunchy-garlic\/","name":"Pretty NamNam Chili Crisp Crunchy Garlic - Heatsupply","isPartOf":{"@id":"https:\/\/www.heatsupply.nl\/de\/#website"},"primaryImageOfPage":{"@id":"https:\/\/www.heatsupply.nl\/de\/produkt\/pretty-namnam-chili-crisp-crunchy-garlic\/#primaryimage"},"image":{"@id":"https:\/\/www.heatsupply.nl\/de\/produkt\/pretty-namnam-chili-crisp-crunchy-garlic\/#primaryimage"},"thumbnailUrl":"https:\/\/www.heatsupply.nl\/wp-content\/uploads\/2026\/04\/pretty-namnam-chili-crisp.jpg","datePublished":"2026-04-16T08:08:07+00:00","dateModified":"2026-04-26T14:51:06+00:00","description":"Pretty NamNam Chili Crisp Crunchy Garlic ist ein sehr mildes Chili\u00f6l mit viel Knoblauch! Super lecker zu Nudeln, Pasta und vielem mehr!","breadcrumb":{"@id":"https:\/\/www.heatsupply.nl\/de\/produkt\/pretty-namnam-chili-crisp-crunchy-garlic\/#breadcrumb"},"inLanguage":"de","potentialAction":[{"@type":"ReadAction","target":["https:\/\/www.heatsupply.nl\/de\/produkt\/pretty-namnam-chili-crisp-crunchy-garlic\/"]}]},{"@type":"ImageObject","inLanguage":"de","@id":"https:\/\/www.heatsupply.nl\/de\/produkt\/pretty-namnam-chili-crisp-crunchy-garlic\/#primaryimage","url":"https:\/\/www.heatsupply.nl\/wp-content\/uploads\/2026\/04\/pretty-namnam-chili-crisp.jpg","contentUrl":"https:\/\/www.heatsupply.nl\/wp-content\/uploads\/2026\/04\/pretty-namnam-chili-crisp.jpg","width":1400,"height":1400,"caption":"pretty namnam chili crisp crunchy garlic"},{"@type":"BreadcrumbList","@id":"https:\/\/www.heatsupply.nl\/de\/produkt\/pretty-namnam-chili-crisp-crunchy-garlic\/#breadcrumb","itemListElement":[{"@type":"ListItem","position":1,"name":"Home","item":"https:\/\/www.heatsupply.nl\/de\/"},{"@type":"ListItem","position":2,"name":"Alle produkten","item":"https:\/\/www.heatsupply.nl\/de\/alle-produkten\/"},{"@type":"ListItem","position":3,"name":"Neu","item":"https:\/\/www.heatsupply.nl\/de\/neu\/"},{"@type":"ListItem","position":4,"name":"Pretty NamNam Chili Crisp Crunchy Garlic"}]},{"@type":"WebSite","@id":"https:\/\/www.heatsupply.nl\/de\/#website","url":"https:\/\/www.heatsupply.nl\/de\/","name":"Heatsupply","description":"Hot sauce webstore #1 in Europe","publisher":{"@id":"https:\/\/www.heatsupply.nl\/de\/#organization"},"potentialAction":[{"@type":"SearchAction","target":{"@type":"EntryPoint","urlTemplate":"https:\/\/www.heatsupply.nl\/de\/?s={search_term_string}"},"query-input":{"@type":"PropertyValueSpecification","valueRequired":true,"valueName":"search_term_string"}}],"inLanguage":"de"},{"@type":"Organization","@id":"https:\/\/www.heatsupply.nl\/de\/#organization","name":"Heatsupply","url":"https:\/\/www.heatsupply.nl\/de\/","logo":{"@type":"ImageObject","inLanguage":"de","@id":"https:\/\/www.heatsupply.nl\/de\/#\/schema\/logo\/image\/","url":"https:\/\/www.heatsupply.nl\/wp-content\/uploads\/2022\/10\/heatsupply-logo-rood.jpg","contentUrl":"https:\/\/www.heatsupply.nl\/wp-content\/uploads\/2022\/10\/heatsupply-logo-rood.jpg","width":1000,"height":335,"caption":"Heatsupply"},"image":{"@id":"https:\/\/www.heatsupply.nl\/de\/#\/schema\/logo\/image\/"},"sameAs":["https:\/\/www.facebook.com\/heatsupplyNL","https:\/\/www.instagram.com\/heatsuppy.nl","https:\/\/www.youtube.com\/channel\/UC5pOWqQtljvxTz2SMWGWCsw"]}]},"product_price_amount":"9.95","product_price_currency":"EUR","og_availability":"instock","product_availability":"instock","product_retailer_item_id":"NAMNAMGARLIC001","product_condition":"new"},"_links":{"self":[{"href":"https:\/\/www.heatsupply.nl\/de\/wp-json\/wp\/v2\/product\/209108","targetHints":{"allow":["GET"]}}],"collection":[{"href":"https:\/\/www.heatsupply.nl\/de\/wp-json\/wp\/v2\/product"}],"about":[{"href":"https:\/\/www.heatsupply.nl\/de\/wp-json\/wp\/v2\/types\/product"}],"replies":[{"embeddable":true,"href":"https:\/\/www.heatsupply.nl\/de\/wp-json\/wp\/v2\/comments?post=209108"}],"wp:featuredmedia":[{"embeddable":true,"href":"https:\/\/www.heatsupply.nl\/de\/wp-json\/wp\/v2\/media\/208996"}],"wp:attachment":[{"href":"https:\/\/www.heatsupply.nl\/de\/wp-json\/wp\/v2\/media?parent=209108"}],"wp:term":[{"taxonomy":"product_brand","embeddable":true,"href":"https:\/\/www.heatsupply.nl\/de\/wp-json\/wp\/v2\/product_brand?post=209108"},{"taxonomy":"product_cat","embeddable":true,"href":"https:\/\/www.heatsupply.nl\/de\/wp-json\/wp\/v2\/product_cat?post=209108"},{"taxonomy":"product_tag","embeddable":true,"href":"https:\/\/www.heatsupply.nl\/de\/wp-json\/wp\/v2\/product_tag?post=209108"}],"curies":[{"name":"wp","href":"https:\/\/api.w.org\/{rel}","templated":true}]}}