{"id":208805,"date":"2026-04-14T14:28:47","date_gmt":"2026-04-14T12:28:47","guid":{"rendered":"https:\/\/www.heatsupply.nl\/product\/piko-peppers-garlic-delight-hot-sauce\/"},"modified":"2026-04-26T12:35:54","modified_gmt":"2026-04-26T10:35:54","slug":"piko-peppers-garlic-delight-hot-sauce","status":"publish","type":"product","link":"https:\/\/www.heatsupply.nl\/de\/produkt\/piko-peppers-garlic-delight-hot-sauce\/","title":{"rendered":"Piko Peppers Garlic Delight Hot Sauce"},"content":{"rendered":"<p><strong>Zutaten Piko Peppers Garlic Delight Hot Sauce<\/strong>: Knoblauch, Orangensaft, Branntweinessig, Karotten, R\u00f6stknoblauch, Habanero-P\u00fcree, gelbe Paprika, Oliven\u00f6l, Meersalz, gemahlene Habanero-Chilis, getrocknete Petersilie.<\/p>\n<p>Allergene: Kann GLUTEN, SULFITE, FISCH, SOJA, SENF, SESAM und SELLERIE enthalten.<\/p>\n<p><span style=\"text-decoration: underline;\">N\u00e4hrwerte pro 100 g:<\/span><br \/>\nEnergie: 418 kJ\/100 kcal<br \/>\nFett: 3,9 g<br \/>\ndavon ges\u00e4ttigte Fetts\u00e4uren: 0,3 g<br \/>\nKohlenhydrate: 9 g<br \/>\ndavon Zucker: 9 g<br \/>\nBallaststoffe: 1,4 g<br \/>\nEiwei\u00df: 1,1 g<br \/>\nSalz: 3,5 g<\/p>\n<p>Vor Gebrauch sch\u00fctteln und nach dem \u00d6ffnen gek\u00fchlt aufbewahren.<\/p>\n","protected":false},"excerpt":{"rendered":"<p style=\"text-align: justify;\">Piko Peppers Garlic Delight Hot Sauce ist die neueste Sauce der kanadischen Marke und bekannt aus Hot Ones Staffel 29. Eigentlich sagt der Name schon alles \u00fcber diese Sauce, denn es gibt eine Zutat, die hier die Hauptrolle spielt und das ist nat\u00fcrlich Knoblauch. Sowohl frischer als auch ger\u00f6steter Knoblauch wurde verwendet, was f\u00fcr einen extra vielschichtigen Knoblauchgeschmack sorgt. Durch die Zugabe von etwas Oliven\u00f6l hat die Sauce eine wunderbar cremige Konsistenz bekommen. Orangensaft und Essig sorgen f\u00fcr eine angenehme S\u00e4ure, und die Karotte gibt ihr eine leichte S\u00fc\u00dfe. Das bringt die Sauce perfekt in Balance.<\/p>\n<p style=\"text-align: justify;\">Bei Hot Ones war diese Sauce auf Hot Wing Nummer 1, aber sie hat wirklich ordentlich Feuer! Das verdankt sie den Habaneros, die drin stecken. Au\u00dferdem ist diese Sauce fermentiert, was ihr noch einen extra funky Geschmack verleiht. Mega vielseitig, aber wir lieben sie besonders zu Pasta, H\u00fchnchen oder gemischt mit etwas Mayo f\u00fcr einen fantastischen Knoblauch-Mayo-Dip.<\/p>\n<ul>\n<li style=\"text-align: justify;\">Herkunft: Montr\u00e9al, Kanada<\/li>\n<li style=\"text-align: justify;\">Inhalt: 148 ml<\/li>\n<\/ul>\n","protected":false},"featured_media":205014,"comment_status":"open","ping_status":"closed","template":"","meta":{"_acf_changed":false},"product_brand":[],"product_cat":[3789,4075,3787,4046],"product_tag":[],"class_list":{"0":"post-208805","1":"product","2":"type-product","3":"status-publish","4":"has-post-thumbnail","6":"product_cat-hot-ones-saucen","7":"product_cat-neu","8":"product_cat-scharfe-sossen","9":"product_cat-spicy","11":"first","12":"instock","13":"taxable","14":"shipping-taxable","15":"purchasable","16":"product-type-simple"},"bundled_by":[],"bundle_stock_status":"instock","bundle_stock_quantity":146,"bundle_virtual":false,"bundle_layout":"","bundle_add_to_cart_form_location":"","bundle_editable_in_cart":false,"bundle_sold_individually_context":"","bundle_item_grouping":"","bundle_min_size":"","bundle_max_size":"","bundle_price":[],"bundled_items":[],"bundle_sell_ids":[],"acf":[],"yoast_head":"<!-- This site is optimized with the Yoast SEO Premium plugin v27.4 (Yoast SEO v27.4) - https:\/\/yoast.com\/product\/yoast-seo-premium-wordpress\/ -->\n<title>Piko Peppers Garlic Delight Hot Sauce - Heatsupply<\/title>\n<meta name=\"description\" content=\"Piko Peppers Garlic Delight Hot Sauce ist bekannt aus Hot Ones Staffel 29. Eine fermentierte scharfe Sauce mit Habanero und jede Menge Knoblauch!\" \/>\n<meta name=\"robots\" content=\"index, follow, max-snippet:-1, max-image-preview:large, max-video-preview:-1\" \/>\n<link rel=\"canonical\" href=\"https:\/\/www.heatsupply.nl\/de\/produkt\/piko-peppers-garlic-delight-hot-sauce\/\" \/>\n<meta property=\"og:locale\" content=\"de_DE\" \/>\n<meta property=\"og:type\" content=\"article\" \/>\n<meta property=\"og:title\" content=\"Piko Peppers Garlic Delight Hot Sauce\" \/>\n<meta property=\"og:description\" content=\"Piko Peppers Garlic Delight Hot Sauce ist bekannt aus Hot Ones Staffel 29. Eine fermentierte scharfe Sauce mit Habanero und jede Menge Knoblauch!\" \/>\n<meta property=\"og:url\" content=\"https:\/\/www.heatsupply.nl\/de\/produkt\/piko-peppers-garlic-delight-hot-sauce\/\" \/>\n<meta property=\"og:site_name\" content=\"Heatsupply\" \/>\n<meta property=\"article:publisher\" content=\"https:\/\/www.facebook.com\/heatsupplyNL\" \/>\n<meta property=\"article:modified_time\" content=\"2026-04-26T10:35:54+00:00\" \/>\n<meta property=\"og:image\" content=\"https:\/\/www.heatsupply.nl\/wp-content\/uploads\/2026\/03\/piko-peppers-garlic-delight.jpg\" \/>\n\t<meta property=\"og:image:width\" content=\"1400\" \/>\n\t<meta property=\"og:image:height\" content=\"1400\" \/>\n\t<meta property=\"og:image:type\" content=\"image\/jpeg\" \/>\n<meta name=\"twitter:card\" content=\"summary_large_image\" \/>\n<meta name=\"twitter:label1\" content=\"Preis\" \/>\n\t<meta name=\"twitter:data1\" content=\"&euro;10,95\" \/>\n\t<meta name=\"twitter:label2\" content=\"Verf\u00fcgbarkeit\" \/>\n\t<meta name=\"twitter:data2\" content=\"Auf Lager\" \/>\n<script type=\"application\/ld+json\" class=\"yoast-schema-graph\">{\"@context\":\"https:\\\/\\\/schema.org\",\"@graph\":[{\"@type\":\"WebPage\",\"@id\":\"https:\\\/\\\/www.heatsupply.nl\\\/de\\\/produkt\\\/piko-peppers-garlic-delight-hot-sauce\\\/\",\"url\":\"https:\\\/\\\/www.heatsupply.nl\\\/de\\\/produkt\\\/piko-peppers-garlic-delight-hot-sauce\\\/\",\"name\":\"Piko Peppers Garlic Delight Hot Sauce - Heatsupply\",\"isPartOf\":{\"@id\":\"https:\\\/\\\/www.heatsupply.nl\\\/de\\\/#website\"},\"primaryImageOfPage\":{\"@id\":\"https:\\\/\\\/www.heatsupply.nl\\\/de\\\/produkt\\\/piko-peppers-garlic-delight-hot-sauce\\\/#primaryimage\"},\"image\":{\"@id\":\"https:\\\/\\\/www.heatsupply.nl\\\/de\\\/produkt\\\/piko-peppers-garlic-delight-hot-sauce\\\/#primaryimage\"},\"thumbnailUrl\":\"https:\\\/\\\/www.heatsupply.nl\\\/wp-content\\\/uploads\\\/2026\\\/03\\\/piko-peppers-garlic-delight.jpg\",\"datePublished\":\"2026-04-14T12:28:47+00:00\",\"dateModified\":\"2026-04-26T10:35:54+00:00\",\"description\":\"Piko Peppers Garlic Delight Hot Sauce ist bekannt aus Hot Ones Staffel 29. Eine fermentierte scharfe Sauce mit Habanero und jede Menge Knoblauch!\",\"breadcrumb\":{\"@id\":\"https:\\\/\\\/www.heatsupply.nl\\\/de\\\/produkt\\\/piko-peppers-garlic-delight-hot-sauce\\\/#breadcrumb\"},\"inLanguage\":\"de\",\"potentialAction\":[{\"@type\":\"ReadAction\",\"target\":[\"https:\\\/\\\/www.heatsupply.nl\\\/de\\\/produkt\\\/piko-peppers-garlic-delight-hot-sauce\\\/\"]}]},{\"@type\":\"ImageObject\",\"inLanguage\":\"de\",\"@id\":\"https:\\\/\\\/www.heatsupply.nl\\\/de\\\/produkt\\\/piko-peppers-garlic-delight-hot-sauce\\\/#primaryimage\",\"url\":\"https:\\\/\\\/www.heatsupply.nl\\\/wp-content\\\/uploads\\\/2026\\\/03\\\/piko-peppers-garlic-delight.jpg\",\"contentUrl\":\"https:\\\/\\\/www.heatsupply.nl\\\/wp-content\\\/uploads\\\/2026\\\/03\\\/piko-peppers-garlic-delight.jpg\",\"width\":1400,\"height\":1400,\"caption\":\"piko peppers garlic delight hot sauce\"},{\"@type\":\"BreadcrumbList\",\"@id\":\"https:\\\/\\\/www.heatsupply.nl\\\/de\\\/produkt\\\/piko-peppers-garlic-delight-hot-sauce\\\/#breadcrumb\",\"itemListElement\":[{\"@type\":\"ListItem\",\"position\":1,\"name\":\"Home\",\"item\":\"https:\\\/\\\/www.heatsupply.nl\\\/de\\\/\"},{\"@type\":\"ListItem\",\"position\":2,\"name\":\"Alle produkten\",\"item\":\"https:\\\/\\\/www.heatsupply.nl\\\/de\\\/alle-produkten\\\/\"},{\"@type\":\"ListItem\",\"position\":3,\"name\":\"Scharfe So\u00dfen\",\"item\":\"https:\\\/\\\/www.heatsupply.nl\\\/de\\\/scharfe-sossen\\\/\"},{\"@type\":\"ListItem\",\"position\":4,\"name\":\"Piko Peppers Garlic Delight Hot Sauce\"}]},{\"@type\":\"WebSite\",\"@id\":\"https:\\\/\\\/www.heatsupply.nl\\\/de\\\/#website\",\"url\":\"https:\\\/\\\/www.heatsupply.nl\\\/de\\\/\",\"name\":\"Heatsupply\",\"description\":\"Hot sauce webstore #1 in Europe\",\"publisher\":{\"@id\":\"https:\\\/\\\/www.heatsupply.nl\\\/de\\\/#organization\"},\"potentialAction\":[{\"@type\":\"SearchAction\",\"target\":{\"@type\":\"EntryPoint\",\"urlTemplate\":\"https:\\\/\\\/www.heatsupply.nl\\\/de\\\/?s={search_term_string}\"},\"query-input\":{\"@type\":\"PropertyValueSpecification\",\"valueRequired\":true,\"valueName\":\"search_term_string\"}}],\"inLanguage\":\"de\"},{\"@type\":\"Organization\",\"@id\":\"https:\\\/\\\/www.heatsupply.nl\\\/de\\\/#organization\",\"name\":\"Heatsupply\",\"url\":\"https:\\\/\\\/www.heatsupply.nl\\\/de\\\/\",\"logo\":{\"@type\":\"ImageObject\",\"inLanguage\":\"de\",\"@id\":\"https:\\\/\\\/www.heatsupply.nl\\\/de\\\/#\\\/schema\\\/logo\\\/image\\\/\",\"url\":\"https:\\\/\\\/www.heatsupply.nl\\\/wp-content\\\/uploads\\\/2022\\\/10\\\/heatsupply-logo-rood.jpg\",\"contentUrl\":\"https:\\\/\\\/www.heatsupply.nl\\\/wp-content\\\/uploads\\\/2022\\\/10\\\/heatsupply-logo-rood.jpg\",\"width\":1000,\"height\":335,\"caption\":\"Heatsupply\"},\"image\":{\"@id\":\"https:\\\/\\\/www.heatsupply.nl\\\/de\\\/#\\\/schema\\\/logo\\\/image\\\/\"},\"sameAs\":[\"https:\\\/\\\/www.facebook.com\\\/heatsupplyNL\",\"https:\\\/\\\/www.instagram.com\\\/heatsuppy.nl\",\"https:\\\/\\\/www.youtube.com\\\/channel\\\/UC5pOWqQtljvxTz2SMWGWCsw\"]}]}<\/script>\n<meta property=\"product:brand\" content=\"Piko Peppers\" \/>\n<meta property=\"product:price:amount\" content=\"10.95\" \/>\n<meta property=\"product:price:currency\" content=\"EUR\" \/>\n<meta property=\"og:availability\" content=\"instock\" \/>\n<meta property=\"product:availability\" content=\"instock\" \/>\n<meta property=\"product:retailer_item_id\" content=\"PIKOGARLICD001\" \/>\n<meta property=\"product:condition\" content=\"new\" \/>\n<!-- \/ Yoast SEO Premium plugin. -->","yoast_head_json":{"title":"Piko Peppers Garlic Delight Hot Sauce - Heatsupply","description":"Piko Peppers Garlic Delight Hot Sauce ist bekannt aus Hot Ones Staffel 29. Eine fermentierte scharfe Sauce mit Habanero und jede Menge Knoblauch!","robots":{"index":"index","follow":"follow","max-snippet":"max-snippet:-1","max-image-preview":"max-image-preview:large","max-video-preview":"max-video-preview:-1"},"canonical":"https:\/\/www.heatsupply.nl\/de\/produkt\/piko-peppers-garlic-delight-hot-sauce\/","og_locale":"de_DE","og_type":"article","og_title":"Piko Peppers Garlic Delight Hot Sauce","og_description":"Piko Peppers Garlic Delight Hot Sauce ist bekannt aus Hot Ones Staffel 29. Eine fermentierte scharfe Sauce mit Habanero und jede Menge Knoblauch!","og_url":"https:\/\/www.heatsupply.nl\/de\/produkt\/piko-peppers-garlic-delight-hot-sauce\/","og_site_name":"Heatsupply","article_publisher":"https:\/\/www.facebook.com\/heatsupplyNL","article_modified_time":"2026-04-26T10:35:54+00:00","og_image":[{"width":1400,"height":1400,"url":"https:\/\/www.heatsupply.nl\/wp-content\/uploads\/2026\/03\/piko-peppers-garlic-delight.jpg","type":"image\/jpeg"}],"twitter_card":"summary_large_image","twitter_misc":{"Preis":"&euro;10,95","Verf\u00fcgbarkeit":"Auf Lager"},"schema":{"@context":"https:\/\/schema.org","@graph":[{"@type":"WebPage","@id":"https:\/\/www.heatsupply.nl\/de\/produkt\/piko-peppers-garlic-delight-hot-sauce\/","url":"https:\/\/www.heatsupply.nl\/de\/produkt\/piko-peppers-garlic-delight-hot-sauce\/","name":"Piko Peppers Garlic Delight Hot Sauce - Heatsupply","isPartOf":{"@id":"https:\/\/www.heatsupply.nl\/de\/#website"},"primaryImageOfPage":{"@id":"https:\/\/www.heatsupply.nl\/de\/produkt\/piko-peppers-garlic-delight-hot-sauce\/#primaryimage"},"image":{"@id":"https:\/\/www.heatsupply.nl\/de\/produkt\/piko-peppers-garlic-delight-hot-sauce\/#primaryimage"},"thumbnailUrl":"https:\/\/www.heatsupply.nl\/wp-content\/uploads\/2026\/03\/piko-peppers-garlic-delight.jpg","datePublished":"2026-04-14T12:28:47+00:00","dateModified":"2026-04-26T10:35:54+00:00","description":"Piko Peppers Garlic Delight Hot Sauce ist bekannt aus Hot Ones Staffel 29. Eine fermentierte scharfe Sauce mit Habanero und jede Menge Knoblauch!","breadcrumb":{"@id":"https:\/\/www.heatsupply.nl\/de\/produkt\/piko-peppers-garlic-delight-hot-sauce\/#breadcrumb"},"inLanguage":"de","potentialAction":[{"@type":"ReadAction","target":["https:\/\/www.heatsupply.nl\/de\/produkt\/piko-peppers-garlic-delight-hot-sauce\/"]}]},{"@type":"ImageObject","inLanguage":"de","@id":"https:\/\/www.heatsupply.nl\/de\/produkt\/piko-peppers-garlic-delight-hot-sauce\/#primaryimage","url":"https:\/\/www.heatsupply.nl\/wp-content\/uploads\/2026\/03\/piko-peppers-garlic-delight.jpg","contentUrl":"https:\/\/www.heatsupply.nl\/wp-content\/uploads\/2026\/03\/piko-peppers-garlic-delight.jpg","width":1400,"height":1400,"caption":"piko peppers garlic delight hot sauce"},{"@type":"BreadcrumbList","@id":"https:\/\/www.heatsupply.nl\/de\/produkt\/piko-peppers-garlic-delight-hot-sauce\/#breadcrumb","itemListElement":[{"@type":"ListItem","position":1,"name":"Home","item":"https:\/\/www.heatsupply.nl\/de\/"},{"@type":"ListItem","position":2,"name":"Alle produkten","item":"https:\/\/www.heatsupply.nl\/de\/alle-produkten\/"},{"@type":"ListItem","position":3,"name":"Scharfe So\u00dfen","item":"https:\/\/www.heatsupply.nl\/de\/scharfe-sossen\/"},{"@type":"ListItem","position":4,"name":"Piko Peppers Garlic Delight Hot Sauce"}]},{"@type":"WebSite","@id":"https:\/\/www.heatsupply.nl\/de\/#website","url":"https:\/\/www.heatsupply.nl\/de\/","name":"Heatsupply","description":"Hot sauce webstore #1 in Europe","publisher":{"@id":"https:\/\/www.heatsupply.nl\/de\/#organization"},"potentialAction":[{"@type":"SearchAction","target":{"@type":"EntryPoint","urlTemplate":"https:\/\/www.heatsupply.nl\/de\/?s={search_term_string}"},"query-input":{"@type":"PropertyValueSpecification","valueRequired":true,"valueName":"search_term_string"}}],"inLanguage":"de"},{"@type":"Organization","@id":"https:\/\/www.heatsupply.nl\/de\/#organization","name":"Heatsupply","url":"https:\/\/www.heatsupply.nl\/de\/","logo":{"@type":"ImageObject","inLanguage":"de","@id":"https:\/\/www.heatsupply.nl\/de\/#\/schema\/logo\/image\/","url":"https:\/\/www.heatsupply.nl\/wp-content\/uploads\/2022\/10\/heatsupply-logo-rood.jpg","contentUrl":"https:\/\/www.heatsupply.nl\/wp-content\/uploads\/2022\/10\/heatsupply-logo-rood.jpg","width":1000,"height":335,"caption":"Heatsupply"},"image":{"@id":"https:\/\/www.heatsupply.nl\/de\/#\/schema\/logo\/image\/"},"sameAs":["https:\/\/www.facebook.com\/heatsupplyNL","https:\/\/www.instagram.com\/heatsuppy.nl","https:\/\/www.youtube.com\/channel\/UC5pOWqQtljvxTz2SMWGWCsw"]}]},"product_brand":"Piko Peppers","product_price_amount":"10.95","product_price_currency":"EUR","og_availability":"instock","product_availability":"instock","product_retailer_item_id":"PIKOGARLICD001","product_condition":"new"},"_links":{"self":[{"href":"https:\/\/www.heatsupply.nl\/de\/wp-json\/wp\/v2\/product\/208805","targetHints":{"allow":["GET"]}}],"collection":[{"href":"https:\/\/www.heatsupply.nl\/de\/wp-json\/wp\/v2\/product"}],"about":[{"href":"https:\/\/www.heatsupply.nl\/de\/wp-json\/wp\/v2\/types\/product"}],"replies":[{"embeddable":true,"href":"https:\/\/www.heatsupply.nl\/de\/wp-json\/wp\/v2\/comments?post=208805"}],"wp:featuredmedia":[{"embeddable":true,"href":"https:\/\/www.heatsupply.nl\/de\/wp-json\/wp\/v2\/media\/205014"}],"wp:attachment":[{"href":"https:\/\/www.heatsupply.nl\/de\/wp-json\/wp\/v2\/media?parent=208805"}],"wp:term":[{"taxonomy":"product_brand","embeddable":true,"href":"https:\/\/www.heatsupply.nl\/de\/wp-json\/wp\/v2\/product_brand?post=208805"},{"taxonomy":"product_cat","embeddable":true,"href":"https:\/\/www.heatsupply.nl\/de\/wp-json\/wp\/v2\/product_cat?post=208805"},{"taxonomy":"product_tag","embeddable":true,"href":"https:\/\/www.heatsupply.nl\/de\/wp-json\/wp\/v2\/product_tag?post=208805"}],"curies":[{"name":"wp","href":"https:\/\/api.w.org\/{rel}","templated":true}]}}