{"id":207511,"date":"2026-04-03T12:52:09","date_gmt":"2026-04-03T10:52:09","guid":{"rendered":"https:\/\/www.heatsupply.nl\/?post_type=product&#038;p=207511"},"modified":"2026-04-03T14:23:15","modified_gmt":"2026-04-03T12:23:15","slug":"mr-dobelina-new-england-hot-dog-buns","status":"publish","type":"product","link":"https:\/\/www.heatsupply.nl\/de\/produkt\/mr-dobelina-new-england-hot-dog-buns\/","title":{"rendered":"Mr. Dobelina New England Hot Dog Buns"},"content":{"rendered":"<p><strong>Zutaten Mr. Dobelina New England Hot Dog Buns<\/strong>: WEICHWEIZENMEHL Typ 0, Sauerteigstarter (WEIZENMEHL Typ 0, Wasser, Backhefe), Wasser, Kartoffelflocken (3 %), Sonnenblumen\u00f6l, Trockenhefe aus WEICHWEIZENMEHL, Zucker, pflanzliche Fette (Kokosnuss), Salz, Malzextrakt (GERSTE, Mais), Emulgator: Mono- und Diglyceride von Speisefetts\u00e4uren, Backhefe, Kurkuma, pflanzliche Eiwei\u00dfe, Dextrose, Maltodextrin, Maisst\u00e4rke, Aromen, Sorbins\u00e4ure (E200).<\/p>\n<p>Kann MILCH, EIER, SESAMSAMEN, N\u00dcSSE und SENF enthalten.<\/p>\n<p><span style=\"text-decoration: underline;\">N\u00e4hrwerte pro 100 g:<\/span><br \/>\nEnergie: 1535 kJ\/364 kcal<br \/>\nFett: 7,6 g<br \/>\ndavon ges\u00e4ttigte Fetts\u00e4uren: 2 g<br \/>\nKohlenhydrate: 60,5 g<br \/>\ndavon Zucker: 3,3 g<br \/>\nBallaststoffe: 2,4 g<br \/>\nEiwei\u00df: 12,2 g<br \/>\nSalz: 1,6 g<\/p>\n<p>Das Produkt kann bis zum Mindesthaltbarkeitsdatum bei -18 \u00b0C bis zu 3 Tage eingefroren werden. Nach dem Auftauen innerhalb von 24 Stunden verbrauchen.<\/p>\n","protected":false},"excerpt":{"rendered":"<p style=\"text-align: justify;\">Mr. Dobelina New England Hot Dog Buns sind die besten Hotdog-Br\u00f6tchen, die du finden kannst! Sie sind inspiriert von den legend\u00e4ren Lobster Rolls aus New England. Dort werden sie mit Hummer gef\u00fcllt, aber sie sind auch eine perfekte Alternative zum klassischen Hotdog-Br\u00f6tchen. Das Brot ist herrlich weich, leicht s\u00fc\u00dflich und trotzdem fest genug, um eine ordentliche Portion Toppings und Sauce zu tragen. In einer Packung bekommst du 400 Gramm Brot, das du ganz einfach in 5 St\u00fccke teilen kannst.<\/p>\n<p style=\"text-align: justify;\">Schneide das Br\u00f6tchen oben vertikal ein, aber nicht komplett durch. Dort kommt die F\u00fcllung rein. Aber zuerst: R\u00f6ste es immer kurz in einer Pfanne mit einem St\u00fcck Butter, auf beiden Seiten. Neben Hummer und Hotdogs eignet es sich auch hervorragend f\u00fcr zum Beispiel Pulled Pork. Da mit frischen Zutaten gearbeitet wird, ist die Haltbarkeit etwas begrenzt. Pass also auf, dass du sie nicht zu lange ungenutzt liegen l\u00e4sst, aber wenn du gerne Hotdogs oder \u00c4hnliches isst, wird das kein Problem sein!<\/p>\n<ul>\n<li style=\"text-align: justify;\">Herkunft: Italien<\/li>\n<li style=\"text-align: justify;\">Inhalt: 400 g (5 x 80 g)<\/li>\n<li>Mindestens haltbar bis 27\/05\/2026<\/li>\n<\/ul>\n","protected":false},"featured_media":207522,"comment_status":"open","ping_status":"closed","template":"","meta":{"_acf_changed":false},"product_brand":[],"product_cat":[4042,3794,4075],"product_tag":[],"class_list":{"0":"post-207511","1":"product","2":"type-product","3":"status-publish","4":"has-post-thumbnail","6":"product_cat-andere-produkte","7":"product_cat-essen","8":"product_cat-neu","10":"first","11":"instock","12":"taxable","13":"shipping-taxable","14":"purchasable","15":"product-type-simple"},"bundled_by":[],"bundle_stock_status":"instock","bundle_stock_quantity":2,"bundle_virtual":false,"bundle_layout":"","bundle_add_to_cart_form_location":"","bundle_editable_in_cart":false,"bundle_sold_individually_context":"","bundle_item_grouping":"","bundle_min_size":"","bundle_max_size":"","bundle_price":[],"bundled_items":[],"bundle_sell_ids":[],"acf":[],"yoast_head":"<!-- This site is optimized with the Yoast SEO Premium plugin v27.4 (Yoast SEO v27.4) - https:\/\/yoast.com\/product\/yoast-seo-premium-wordpress\/ -->\n<title>Mr. Dobelina New England Hot Dog Buns - Heatsupply<\/title>\n<meta name=\"description\" content=\"Die Mr. Dobelina New England Hot Dog Buns sind von den legend\u00e4ren Lobster Roll Buns inspiriert. K\u00f6stlich weich, s\u00fc\u00df und in Italien hergestellt. Jetzt bei Heatsupply erh\u00e4ltlich!\" \/>\n<meta name=\"robots\" content=\"index, follow, max-snippet:-1, max-image-preview:large, max-video-preview:-1\" \/>\n<link rel=\"canonical\" href=\"https:\/\/www.heatsupply.nl\/de\/produkt\/mr-dobelina-new-england-hot-dog-buns\/\" \/>\n<meta property=\"og:locale\" content=\"de_DE\" \/>\n<meta property=\"og:type\" content=\"article\" \/>\n<meta property=\"og:title\" content=\"Mr. Dobelina New England Hot Dog Buns\" \/>\n<meta property=\"og:description\" content=\"Die Mr. Dobelina New England Hot Dog Buns sind von den legend\u00e4ren Lobster Roll Buns inspiriert. K\u00f6stlich weich, s\u00fc\u00df und in Italien hergestellt. Jetzt bei Heatsupply erh\u00e4ltlich!\" \/>\n<meta property=\"og:url\" content=\"https:\/\/www.heatsupply.nl\/de\/produkt\/mr-dobelina-new-england-hot-dog-buns\/\" \/>\n<meta property=\"og:site_name\" content=\"Heatsupply\" \/>\n<meta property=\"article:publisher\" content=\"https:\/\/www.facebook.com\/heatsupplyNL\" \/>\n<meta property=\"article:modified_time\" content=\"2026-04-03T12:23:15+00:00\" \/>\n<meta property=\"og:image\" content=\"https:\/\/www.heatsupply.nl\/wp-content\/uploads\/2026\/04\/hot-dog-potato-roll-new-england.jpg\" \/>\n\t<meta property=\"og:image:width\" content=\"1400\" \/>\n\t<meta property=\"og:image:height\" content=\"1400\" \/>\n\t<meta property=\"og:image:type\" content=\"image\/jpeg\" \/>\n<meta name=\"twitter:card\" content=\"summary_large_image\" \/>\n<meta name=\"twitter:label1\" content=\"Preis\" \/>\n\t<meta name=\"twitter:data1\" content=\"&euro;5,95\" \/>\n\t<meta name=\"twitter:label2\" content=\"Verf\u00fcgbarkeit\" \/>\n\t<meta name=\"twitter:data2\" content=\"Auf Lager\" \/>\n<script type=\"application\/ld+json\" class=\"yoast-schema-graph\">{\"@context\":\"https:\\\/\\\/schema.org\",\"@graph\":[{\"@type\":\"WebPage\",\"@id\":\"https:\\\/\\\/www.heatsupply.nl\\\/de\\\/produkt\\\/mr-dobelina-new-england-hot-dog-buns\\\/\",\"url\":\"https:\\\/\\\/www.heatsupply.nl\\\/de\\\/produkt\\\/mr-dobelina-new-england-hot-dog-buns\\\/\",\"name\":\"Mr. Dobelina New England Hot Dog Buns - Heatsupply\",\"isPartOf\":{\"@id\":\"https:\\\/\\\/www.heatsupply.nl\\\/de\\\/#website\"},\"primaryImageOfPage\":{\"@id\":\"https:\\\/\\\/www.heatsupply.nl\\\/de\\\/produkt\\\/mr-dobelina-new-england-hot-dog-buns\\\/#primaryimage\"},\"image\":{\"@id\":\"https:\\\/\\\/www.heatsupply.nl\\\/de\\\/produkt\\\/mr-dobelina-new-england-hot-dog-buns\\\/#primaryimage\"},\"thumbnailUrl\":\"https:\\\/\\\/www.heatsupply.nl\\\/wp-content\\\/uploads\\\/2026\\\/04\\\/hot-dog-potato-roll-new-england.jpg\",\"datePublished\":\"2026-04-03T10:52:09+00:00\",\"dateModified\":\"2026-04-03T12:23:15+00:00\",\"description\":\"Die Mr. Dobelina New England Hot Dog Buns sind von den legend\u00e4ren Lobster Roll Buns inspiriert. K\u00f6stlich weich, s\u00fc\u00df und in Italien hergestellt. Jetzt bei Heatsupply erh\u00e4ltlich!\",\"breadcrumb\":{\"@id\":\"https:\\\/\\\/www.heatsupply.nl\\\/de\\\/produkt\\\/mr-dobelina-new-england-hot-dog-buns\\\/#breadcrumb\"},\"inLanguage\":\"de\",\"potentialAction\":[{\"@type\":\"ReadAction\",\"target\":[\"https:\\\/\\\/www.heatsupply.nl\\\/de\\\/produkt\\\/mr-dobelina-new-england-hot-dog-buns\\\/\"]}]},{\"@type\":\"ImageObject\",\"inLanguage\":\"de\",\"@id\":\"https:\\\/\\\/www.heatsupply.nl\\\/de\\\/produkt\\\/mr-dobelina-new-england-hot-dog-buns\\\/#primaryimage\",\"url\":\"https:\\\/\\\/www.heatsupply.nl\\\/wp-content\\\/uploads\\\/2026\\\/04\\\/hot-dog-potato-roll-new-england.jpg\",\"contentUrl\":\"https:\\\/\\\/www.heatsupply.nl\\\/wp-content\\\/uploads\\\/2026\\\/04\\\/hot-dog-potato-roll-new-england.jpg\",\"width\":1400,\"height\":1400,\"caption\":\"Mr Dobelina New England Hot Dog buns hotdog broodjes\"},{\"@type\":\"BreadcrumbList\",\"@id\":\"https:\\\/\\\/www.heatsupply.nl\\\/de\\\/produkt\\\/mr-dobelina-new-england-hot-dog-buns\\\/#breadcrumb\",\"itemListElement\":[{\"@type\":\"ListItem\",\"position\":1,\"name\":\"Home\",\"item\":\"https:\\\/\\\/www.heatsupply.nl\\\/de\\\/\"},{\"@type\":\"ListItem\",\"position\":2,\"name\":\"Alle produkten\",\"item\":\"https:\\\/\\\/www.heatsupply.nl\\\/de\\\/alle-produkten\\\/\"},{\"@type\":\"ListItem\",\"position\":3,\"name\":\"Essen\",\"item\":\"https:\\\/\\\/www.heatsupply.nl\\\/de\\\/essen\\\/\"},{\"@type\":\"ListItem\",\"position\":4,\"name\":\"Mr. Dobelina New England Hot Dog Buns\"}]},{\"@type\":\"WebSite\",\"@id\":\"https:\\\/\\\/www.heatsupply.nl\\\/de\\\/#website\",\"url\":\"https:\\\/\\\/www.heatsupply.nl\\\/de\\\/\",\"name\":\"Heatsupply\",\"description\":\"Hot sauce webstore #1 in Europe\",\"publisher\":{\"@id\":\"https:\\\/\\\/www.heatsupply.nl\\\/de\\\/#organization\"},\"potentialAction\":[{\"@type\":\"SearchAction\",\"target\":{\"@type\":\"EntryPoint\",\"urlTemplate\":\"https:\\\/\\\/www.heatsupply.nl\\\/de\\\/?s={search_term_string}\"},\"query-input\":{\"@type\":\"PropertyValueSpecification\",\"valueRequired\":true,\"valueName\":\"search_term_string\"}}],\"inLanguage\":\"de\"},{\"@type\":\"Organization\",\"@id\":\"https:\\\/\\\/www.heatsupply.nl\\\/de\\\/#organization\",\"name\":\"Heatsupply\",\"url\":\"https:\\\/\\\/www.heatsupply.nl\\\/de\\\/\",\"logo\":{\"@type\":\"ImageObject\",\"inLanguage\":\"de\",\"@id\":\"https:\\\/\\\/www.heatsupply.nl\\\/de\\\/#\\\/schema\\\/logo\\\/image\\\/\",\"url\":\"https:\\\/\\\/www.heatsupply.nl\\\/wp-content\\\/uploads\\\/2022\\\/10\\\/heatsupply-logo-rood.jpg\",\"contentUrl\":\"https:\\\/\\\/www.heatsupply.nl\\\/wp-content\\\/uploads\\\/2022\\\/10\\\/heatsupply-logo-rood.jpg\",\"width\":1000,\"height\":335,\"caption\":\"Heatsupply\"},\"image\":{\"@id\":\"https:\\\/\\\/www.heatsupply.nl\\\/de\\\/#\\\/schema\\\/logo\\\/image\\\/\"},\"sameAs\":[\"https:\\\/\\\/www.facebook.com\\\/heatsupplyNL\",\"https:\\\/\\\/www.instagram.com\\\/heatsuppy.nl\",\"https:\\\/\\\/www.youtube.com\\\/channel\\\/UC5pOWqQtljvxTz2SMWGWCsw\"]}]}<\/script>\n<meta property=\"product:price:amount\" content=\"5.95\" \/>\n<meta property=\"product:price:currency\" content=\"EUR\" \/>\n<meta property=\"og:availability\" content=\"instock\" \/>\n<meta property=\"product:availability\" content=\"instock\" \/>\n<meta property=\"product:retailer_item_id\" content=\"MRDOBNEHOTDOG001\" \/>\n<meta property=\"product:condition\" content=\"new\" \/>\n<!-- \/ Yoast SEO Premium plugin. -->","yoast_head_json":{"title":"Mr. Dobelina New England Hot Dog Buns - Heatsupply","description":"Die Mr. Dobelina New England Hot Dog Buns sind von den legend\u00e4ren Lobster Roll Buns inspiriert. K\u00f6stlich weich, s\u00fc\u00df und in Italien hergestellt. Jetzt bei Heatsupply erh\u00e4ltlich!","robots":{"index":"index","follow":"follow","max-snippet":"max-snippet:-1","max-image-preview":"max-image-preview:large","max-video-preview":"max-video-preview:-1"},"canonical":"https:\/\/www.heatsupply.nl\/de\/produkt\/mr-dobelina-new-england-hot-dog-buns\/","og_locale":"de_DE","og_type":"article","og_title":"Mr. Dobelina New England Hot Dog Buns","og_description":"Die Mr. Dobelina New England Hot Dog Buns sind von den legend\u00e4ren Lobster Roll Buns inspiriert. K\u00f6stlich weich, s\u00fc\u00df und in Italien hergestellt. Jetzt bei Heatsupply erh\u00e4ltlich!","og_url":"https:\/\/www.heatsupply.nl\/de\/produkt\/mr-dobelina-new-england-hot-dog-buns\/","og_site_name":"Heatsupply","article_publisher":"https:\/\/www.facebook.com\/heatsupplyNL","article_modified_time":"2026-04-03T12:23:15+00:00","og_image":[{"width":1400,"height":1400,"url":"https:\/\/www.heatsupply.nl\/wp-content\/uploads\/2026\/04\/hot-dog-potato-roll-new-england.jpg","type":"image\/jpeg"}],"twitter_card":"summary_large_image","twitter_misc":{"Preis":"&euro;5,95","Verf\u00fcgbarkeit":"Auf Lager"},"schema":{"@context":"https:\/\/schema.org","@graph":[{"@type":"WebPage","@id":"https:\/\/www.heatsupply.nl\/de\/produkt\/mr-dobelina-new-england-hot-dog-buns\/","url":"https:\/\/www.heatsupply.nl\/de\/produkt\/mr-dobelina-new-england-hot-dog-buns\/","name":"Mr. Dobelina New England Hot Dog Buns - Heatsupply","isPartOf":{"@id":"https:\/\/www.heatsupply.nl\/de\/#website"},"primaryImageOfPage":{"@id":"https:\/\/www.heatsupply.nl\/de\/produkt\/mr-dobelina-new-england-hot-dog-buns\/#primaryimage"},"image":{"@id":"https:\/\/www.heatsupply.nl\/de\/produkt\/mr-dobelina-new-england-hot-dog-buns\/#primaryimage"},"thumbnailUrl":"https:\/\/www.heatsupply.nl\/wp-content\/uploads\/2026\/04\/hot-dog-potato-roll-new-england.jpg","datePublished":"2026-04-03T10:52:09+00:00","dateModified":"2026-04-03T12:23:15+00:00","description":"Die Mr. Dobelina New England Hot Dog Buns sind von den legend\u00e4ren Lobster Roll Buns inspiriert. K\u00f6stlich weich, s\u00fc\u00df und in Italien hergestellt. Jetzt bei Heatsupply erh\u00e4ltlich!","breadcrumb":{"@id":"https:\/\/www.heatsupply.nl\/de\/produkt\/mr-dobelina-new-england-hot-dog-buns\/#breadcrumb"},"inLanguage":"de","potentialAction":[{"@type":"ReadAction","target":["https:\/\/www.heatsupply.nl\/de\/produkt\/mr-dobelina-new-england-hot-dog-buns\/"]}]},{"@type":"ImageObject","inLanguage":"de","@id":"https:\/\/www.heatsupply.nl\/de\/produkt\/mr-dobelina-new-england-hot-dog-buns\/#primaryimage","url":"https:\/\/www.heatsupply.nl\/wp-content\/uploads\/2026\/04\/hot-dog-potato-roll-new-england.jpg","contentUrl":"https:\/\/www.heatsupply.nl\/wp-content\/uploads\/2026\/04\/hot-dog-potato-roll-new-england.jpg","width":1400,"height":1400,"caption":"Mr Dobelina New England Hot Dog buns hotdog broodjes"},{"@type":"BreadcrumbList","@id":"https:\/\/www.heatsupply.nl\/de\/produkt\/mr-dobelina-new-england-hot-dog-buns\/#breadcrumb","itemListElement":[{"@type":"ListItem","position":1,"name":"Home","item":"https:\/\/www.heatsupply.nl\/de\/"},{"@type":"ListItem","position":2,"name":"Alle produkten","item":"https:\/\/www.heatsupply.nl\/de\/alle-produkten\/"},{"@type":"ListItem","position":3,"name":"Essen","item":"https:\/\/www.heatsupply.nl\/de\/essen\/"},{"@type":"ListItem","position":4,"name":"Mr. Dobelina New England Hot Dog Buns"}]},{"@type":"WebSite","@id":"https:\/\/www.heatsupply.nl\/de\/#website","url":"https:\/\/www.heatsupply.nl\/de\/","name":"Heatsupply","description":"Hot sauce webstore #1 in Europe","publisher":{"@id":"https:\/\/www.heatsupply.nl\/de\/#organization"},"potentialAction":[{"@type":"SearchAction","target":{"@type":"EntryPoint","urlTemplate":"https:\/\/www.heatsupply.nl\/de\/?s={search_term_string}"},"query-input":{"@type":"PropertyValueSpecification","valueRequired":true,"valueName":"search_term_string"}}],"inLanguage":"de"},{"@type":"Organization","@id":"https:\/\/www.heatsupply.nl\/de\/#organization","name":"Heatsupply","url":"https:\/\/www.heatsupply.nl\/de\/","logo":{"@type":"ImageObject","inLanguage":"de","@id":"https:\/\/www.heatsupply.nl\/de\/#\/schema\/logo\/image\/","url":"https:\/\/www.heatsupply.nl\/wp-content\/uploads\/2022\/10\/heatsupply-logo-rood.jpg","contentUrl":"https:\/\/www.heatsupply.nl\/wp-content\/uploads\/2022\/10\/heatsupply-logo-rood.jpg","width":1000,"height":335,"caption":"Heatsupply"},"image":{"@id":"https:\/\/www.heatsupply.nl\/de\/#\/schema\/logo\/image\/"},"sameAs":["https:\/\/www.facebook.com\/heatsupplyNL","https:\/\/www.instagram.com\/heatsuppy.nl","https:\/\/www.youtube.com\/channel\/UC5pOWqQtljvxTz2SMWGWCsw"]}]},"product_price_amount":"5.95","product_price_currency":"EUR","og_availability":"instock","product_availability":"instock","product_retailer_item_id":"MRDOBNEHOTDOG001","product_condition":"new"},"_links":{"self":[{"href":"https:\/\/www.heatsupply.nl\/de\/wp-json\/wp\/v2\/product\/207511","targetHints":{"allow":["GET"]}}],"collection":[{"href":"https:\/\/www.heatsupply.nl\/de\/wp-json\/wp\/v2\/product"}],"about":[{"href":"https:\/\/www.heatsupply.nl\/de\/wp-json\/wp\/v2\/types\/product"}],"replies":[{"embeddable":true,"href":"https:\/\/www.heatsupply.nl\/de\/wp-json\/wp\/v2\/comments?post=207511"}],"wp:featuredmedia":[{"embeddable":true,"href":"https:\/\/www.heatsupply.nl\/de\/wp-json\/wp\/v2\/media\/207522"}],"wp:attachment":[{"href":"https:\/\/www.heatsupply.nl\/de\/wp-json\/wp\/v2\/media?parent=207511"}],"wp:term":[{"taxonomy":"product_brand","embeddable":true,"href":"https:\/\/www.heatsupply.nl\/de\/wp-json\/wp\/v2\/product_brand?post=207511"},{"taxonomy":"product_cat","embeddable":true,"href":"https:\/\/www.heatsupply.nl\/de\/wp-json\/wp\/v2\/product_cat?post=207511"},{"taxonomy":"product_tag","embeddable":true,"href":"https:\/\/www.heatsupply.nl\/de\/wp-json\/wp\/v2\/product_tag?post=207511"}],"curies":[{"name":"wp","href":"https:\/\/api.w.org\/{rel}","templated":true}]}}