{"id":206271,"date":"2026-03-30T15:11:15","date_gmt":"2026-03-30T13:11:15","guid":{"rendered":"https:\/\/www.heatsupply.nl\/?post_type=product&#038;p=206271"},"modified":"2026-04-14T13:39:45","modified_gmt":"2026-04-14T11:39:45","slug":"fik-hot-sauce-by-heatsupply","status":"publish","type":"product","link":"https:\/\/www.heatsupply.nl\/de\/produkt\/fik-hot-sauce-by-heatsupply\/","title":{"rendered":"FIK Hot Sauce by Heatsupply"},"content":{"rendered":"<p><strong>Zutaten FIK Hot Sauce von Heatsupply<\/strong>: Carolina Reaper (33 %), Tomaten, Apfelessig, rote Habanero (13 %), Rohrzucker, rote Cayennepfeffer (6 %), Knoblauch, Limettensaft, Paprikapulver, Zwiebelpulver, Salz, schwarzer Pfeffer.<\/p>\n<p><span style=\"text-decoration: underline;\">N\u00e4hrwerte pro 100 g:<\/span><br \/>\nEnergie: 297 kJ\/71 kcal<br \/>\nFett: 0,6 g<br \/>\ndavon ges\u00e4ttigte Fetts\u00e4uren: 0,06 g<br \/>\nKohlenhydrate: 19 g<br \/>\ndavon Zucker: 12 g<br \/>\nBallaststoffe: 1,8 g<br \/>\nEiwei\u00df: 1,2 g<br \/>\nSalz: 0,59 g<\/p>\n<p>Vor Gebrauch sch\u00fctteln und nach dem \u00d6ffnen gek\u00fchlt aufbewahren.<\/p>\n","protected":false},"excerpt":{"rendered":"<p style=\"text-align: justify;\">Lern FIK Hot Sauce by Heatsupply kennen. Mit Abstand unsere sch\u00e4rfste Sauce, die wir je gemacht haben und deshalb k\u00f6nnen wir wohl sagen, dass der Name mehr als passend ist (Fik ist umgangssprachlich niederl\u00e4ndisch und bedeutet Feuer). Zwei Sekunden S\u00fc\u00dfe werden von einem minutenlangen Brennen abgel\u00f6st, das immer weiter aufbaut. Cayennepfeffer sorgt f\u00fcr die erste Sch\u00e4rfe, gefolgt von der intensiven und fruchtigen Habanero-Hitze. Den Gnadensto\u00df liefert die Carolina Reaper, die mit 33% in sehr gro\u00dfen Mengen vertreten ist. Sie setzt deinen Mund in Brand \u2013 und dieses Brennen h\u00f6rt einfach nicht auf, bis du am liebsten die Feuerwehr rufen w\u00fcrdest.<\/p>\n<p style=\"text-align: justify;\">Ist es also nur brutale Sch\u00e4rfe? Nun, nein. Wie bereits gesagt, f\u00e4ngt es sch\u00f6n s\u00fc\u00df an. Tomate sorgt f\u00fcr einen guten Geschmack und eine gute Struktur, eine ordentliche Portion Knoblauch gibt Tiefe, genau wie der Apfelessig, der dem Ganzen eine s\u00fc\u00df-saure Note verleiht. Das sind Aromen, die du herausschmeckst, wenn du der Sch\u00e4rfe einigerma\u00dfen gewachsen bist \u2013 und dann ist es auch gleich eine unglaublich vielseitige Sauce, die du wunderbar einsetzen kannst, um anderen Saucen oder Suppen einen ordentlichen Kick zu geben.<\/p>\n<ul>\n<li style=\"text-align: justify;\">Herkunft: Niederlande<\/li>\n<li style=\"text-align: justify;\">Inhalt: 150 ml<\/li>\n<\/ul>\n","protected":false},"featured_media":200608,"comment_status":"open","ping_status":"closed","template":"","meta":{"_acf_changed":false},"product_brand":[],"product_cat":[3929,3994,3913,4011,4075,3787,4046],"product_tag":[],"class_list":{"0":"post-206271","1":"product","2":"type-product","3":"status-publish","4":"has-post-thumbnail","6":"product_cat-carolina-reaper","7":"product_cat-europaeische-scharfe-saucen","8":"product_cat-habanero","9":"product_cat-heatsupply-originals","10":"product_cat-neu","11":"product_cat-scharfe-sossen","12":"product_cat-spicy","14":"first","15":"instock","16":"taxable","17":"shipping-taxable","18":"purchasable","19":"product-type-simple"},"bundled_by":["141934"],"bundle_stock_status":"instock","bundle_stock_quantity":null,"bundle_virtual":false,"bundle_layout":"","bundle_add_to_cart_form_location":"","bundle_editable_in_cart":false,"bundle_sold_individually_context":"","bundle_item_grouping":"","bundle_min_size":"","bundle_max_size":"","bundle_price":[],"bundled_items":[],"bundle_sell_ids":[],"acf":[],"yoast_head":"<!-- This site is optimized with the Yoast SEO Premium plugin v27.4 (Yoast SEO v27.4) - https:\/\/yoast.com\/product\/yoast-seo-premium-wordpress\/ -->\n<title>FIK Hot Sauce by Heatsupply - Heatsupply<\/title>\n<meta name=\"robots\" content=\"index, follow, max-snippet:-1, max-image-preview:large, max-video-preview:-1\" \/>\n<link rel=\"canonical\" href=\"https:\/\/www.heatsupply.nl\/de\/produkt\/fik-hot-sauce-by-heatsupply\/\" \/>\n<meta property=\"og:locale\" content=\"de_DE\" \/>\n<meta property=\"og:type\" content=\"article\" \/>\n<meta property=\"og:title\" content=\"FIK Hot Sauce by Heatsupply\" \/>\n<meta property=\"og:description\" content=\"Lern FIK Hot Sauce by Heatsupply kennen. Mit Abstand unsere sch\u00e4rfste Sauce, die wir je gemacht haben und deshalb k\u00f6nnen wir wohl sagen, dass der Name mehr als passend ist (Fik ist umgangssprachlich niederl\u00e4ndisch und bedeutet Feuer). Zwei Sekunden S\u00fc\u00dfe werden von einem minutenlangen Brennen abgel\u00f6st, das immer weiter aufbaut. Cayennepfeffer sorgt f\u00fcr die erste Sch\u00e4rfe, gefolgt von der intensiven und fruchtigen Habanero-Hitze. Den Gnadensto\u00df liefert die Carolina Reaper, die mit 33% in sehr gro\u00dfen Mengen vertreten ist. Sie setzt deinen Mund in Brand \u2013 und dieses Brennen h\u00f6rt einfach nicht auf, bis du am liebsten die Feuerwehr rufen w\u00fcrdest. Ist es also nur brutale Sch\u00e4rfe? Nun, nein. Wie bereits gesagt, f\u00e4ngt es sch\u00f6n s\u00fc\u00df an. Tomate sorgt f\u00fcr einen guten Geschmack und eine gute Struktur, eine ordentliche Portion Knoblauch gibt Tiefe, genau wie der Apfelessig, der dem Ganzen eine s\u00fc\u00df-saure Note verleiht. Das sind Aromen, die du herausschmeckst, wenn du der Sch\u00e4rfe einigerma\u00dfen gewachsen bist \u2013 und dann ist es auch gleich eine unglaublich vielseitige Sauce, die du wunderbar einsetzen kannst, um anderen Saucen oder Suppen einen ordentlichen Kick zu geben.    Herkunft: Niederlande  Inhalt: 150 ml\" \/>\n<meta property=\"og:url\" content=\"https:\/\/www.heatsupply.nl\/de\/produkt\/fik-hot-sauce-by-heatsupply\/\" \/>\n<meta property=\"og:site_name\" content=\"Heatsupply\" \/>\n<meta property=\"article:publisher\" content=\"https:\/\/www.facebook.com\/heatsupplyNL\" \/>\n<meta property=\"article:modified_time\" content=\"2026-04-14T11:39:45+00:00\" \/>\n<meta property=\"og:image\" content=\"https:\/\/www.heatsupply.nl\/wp-content\/uploads\/2026\/02\/heatsupply-fik-hot-sauce-extreem-heet.jpg\" \/>\n\t<meta property=\"og:image:width\" content=\"1400\" \/>\n\t<meta property=\"og:image:height\" content=\"1400\" \/>\n\t<meta property=\"og:image:type\" content=\"image\/jpeg\" \/>\n<meta name=\"twitter:card\" content=\"summary_large_image\" \/>\n<meta name=\"twitter:label1\" content=\"Preis\" \/>\n\t<meta name=\"twitter:data1\" content=\"&euro;9,95\" \/>\n\t<meta name=\"twitter:label2\" content=\"Verf\u00fcgbarkeit\" \/>\n\t<meta name=\"twitter:data2\" content=\"Auf Lager\" \/>\n<script type=\"application\/ld+json\" class=\"yoast-schema-graph\">{\"@context\":\"https:\\\/\\\/schema.org\",\"@graph\":[{\"@type\":\"WebPage\",\"@id\":\"https:\\\/\\\/www.heatsupply.nl\\\/de\\\/produkt\\\/fik-hot-sauce-by-heatsupply\\\/\",\"url\":\"https:\\\/\\\/www.heatsupply.nl\\\/de\\\/produkt\\\/fik-hot-sauce-by-heatsupply\\\/\",\"name\":\"FIK Hot Sauce by Heatsupply - Heatsupply\",\"isPartOf\":{\"@id\":\"https:\\\/\\\/www.heatsupply.nl\\\/de\\\/#website\"},\"primaryImageOfPage\":{\"@id\":\"https:\\\/\\\/www.heatsupply.nl\\\/de\\\/produkt\\\/fik-hot-sauce-by-heatsupply\\\/#primaryimage\"},\"image\":{\"@id\":\"https:\\\/\\\/www.heatsupply.nl\\\/de\\\/produkt\\\/fik-hot-sauce-by-heatsupply\\\/#primaryimage\"},\"thumbnailUrl\":\"https:\\\/\\\/www.heatsupply.nl\\\/wp-content\\\/uploads\\\/2026\\\/02\\\/heatsupply-fik-hot-sauce-extreem-heet.jpg\",\"datePublished\":\"2026-03-30T13:11:15+00:00\",\"dateModified\":\"2026-04-14T11:39:45+00:00\",\"breadcrumb\":{\"@id\":\"https:\\\/\\\/www.heatsupply.nl\\\/de\\\/produkt\\\/fik-hot-sauce-by-heatsupply\\\/#breadcrumb\"},\"inLanguage\":\"de\",\"potentialAction\":[{\"@type\":\"ReadAction\",\"target\":[\"https:\\\/\\\/www.heatsupply.nl\\\/de\\\/produkt\\\/fik-hot-sauce-by-heatsupply\\\/\"]}]},{\"@type\":\"ImageObject\",\"inLanguage\":\"de\",\"@id\":\"https:\\\/\\\/www.heatsupply.nl\\\/de\\\/produkt\\\/fik-hot-sauce-by-heatsupply\\\/#primaryimage\",\"url\":\"https:\\\/\\\/www.heatsupply.nl\\\/wp-content\\\/uploads\\\/2026\\\/02\\\/heatsupply-fik-hot-sauce-extreem-heet.jpg\",\"contentUrl\":\"https:\\\/\\\/www.heatsupply.nl\\\/wp-content\\\/uploads\\\/2026\\\/02\\\/heatsupply-fik-hot-sauce-extreem-heet.jpg\",\"width\":1400,\"height\":1400,\"caption\":\"FIK Hot Sauce by Heatsupply extreem hete saus\"},{\"@type\":\"BreadcrumbList\",\"@id\":\"https:\\\/\\\/www.heatsupply.nl\\\/de\\\/produkt\\\/fik-hot-sauce-by-heatsupply\\\/#breadcrumb\",\"itemListElement\":[{\"@type\":\"ListItem\",\"position\":1,\"name\":\"Home\",\"item\":\"https:\\\/\\\/www.heatsupply.nl\\\/de\\\/\"},{\"@type\":\"ListItem\",\"position\":2,\"name\":\"Alle produkten\",\"item\":\"https:\\\/\\\/www.heatsupply.nl\\\/de\\\/alle-produkten\\\/\"},{\"@type\":\"ListItem\",\"position\":3,\"name\":\"Neu\",\"item\":\"https:\\\/\\\/www.heatsupply.nl\\\/de\\\/neu\\\/\"},{\"@type\":\"ListItem\",\"position\":4,\"name\":\"FIK Hot Sauce by Heatsupply\"}]},{\"@type\":\"WebSite\",\"@id\":\"https:\\\/\\\/www.heatsupply.nl\\\/de\\\/#website\",\"url\":\"https:\\\/\\\/www.heatsupply.nl\\\/de\\\/\",\"name\":\"Heatsupply\",\"description\":\"Hot sauce webstore #1 in Europe\",\"publisher\":{\"@id\":\"https:\\\/\\\/www.heatsupply.nl\\\/de\\\/#organization\"},\"potentialAction\":[{\"@type\":\"SearchAction\",\"target\":{\"@type\":\"EntryPoint\",\"urlTemplate\":\"https:\\\/\\\/www.heatsupply.nl\\\/de\\\/?s={search_term_string}\"},\"query-input\":{\"@type\":\"PropertyValueSpecification\",\"valueRequired\":true,\"valueName\":\"search_term_string\"}}],\"inLanguage\":\"de\"},{\"@type\":\"Organization\",\"@id\":\"https:\\\/\\\/www.heatsupply.nl\\\/de\\\/#organization\",\"name\":\"Heatsupply\",\"url\":\"https:\\\/\\\/www.heatsupply.nl\\\/de\\\/\",\"logo\":{\"@type\":\"ImageObject\",\"inLanguage\":\"de\",\"@id\":\"https:\\\/\\\/www.heatsupply.nl\\\/de\\\/#\\\/schema\\\/logo\\\/image\\\/\",\"url\":\"https:\\\/\\\/www.heatsupply.nl\\\/wp-content\\\/uploads\\\/2022\\\/10\\\/heatsupply-logo-rood.jpg\",\"contentUrl\":\"https:\\\/\\\/www.heatsupply.nl\\\/wp-content\\\/uploads\\\/2022\\\/10\\\/heatsupply-logo-rood.jpg\",\"width\":1000,\"height\":335,\"caption\":\"Heatsupply\"},\"image\":{\"@id\":\"https:\\\/\\\/www.heatsupply.nl\\\/de\\\/#\\\/schema\\\/logo\\\/image\\\/\"},\"sameAs\":[\"https:\\\/\\\/www.facebook.com\\\/heatsupplyNL\",\"https:\\\/\\\/www.instagram.com\\\/heatsuppy.nl\",\"https:\\\/\\\/www.youtube.com\\\/channel\\\/UC5pOWqQtljvxTz2SMWGWCsw\"]}]}<\/script>\n<meta property=\"product:brand\" content=\"Heatsupply\" \/>\n<meta property=\"product:price:amount\" content=\"9.95\" \/>\n<meta property=\"product:price:currency\" content=\"EUR\" \/>\n<meta property=\"og:availability\" content=\"instock\" \/>\n<meta property=\"product:availability\" content=\"instock\" \/>\n<meta property=\"product:retailer_item_id\" content=\"FIKHS001\" \/>\n<meta property=\"product:condition\" content=\"new\" \/>\n<!-- \/ Yoast SEO Premium plugin. -->","yoast_head_json":{"title":"FIK Hot Sauce by Heatsupply - Heatsupply","robots":{"index":"index","follow":"follow","max-snippet":"max-snippet:-1","max-image-preview":"max-image-preview:large","max-video-preview":"max-video-preview:-1"},"canonical":"https:\/\/www.heatsupply.nl\/de\/produkt\/fik-hot-sauce-by-heatsupply\/","og_locale":"de_DE","og_type":"article","og_title":"FIK Hot Sauce by Heatsupply","og_description":"Lern FIK Hot Sauce by Heatsupply kennen. Mit Abstand unsere sch\u00e4rfste Sauce, die wir je gemacht haben und deshalb k\u00f6nnen wir wohl sagen, dass der Name mehr als passend ist (Fik ist umgangssprachlich niederl\u00e4ndisch und bedeutet Feuer). Zwei Sekunden S\u00fc\u00dfe werden von einem minutenlangen Brennen abgel\u00f6st, das immer weiter aufbaut. Cayennepfeffer sorgt f\u00fcr die erste Sch\u00e4rfe, gefolgt von der intensiven und fruchtigen Habanero-Hitze. Den Gnadensto\u00df liefert die Carolina Reaper, die mit 33% in sehr gro\u00dfen Mengen vertreten ist. Sie setzt deinen Mund in Brand \u2013 und dieses Brennen h\u00f6rt einfach nicht auf, bis du am liebsten die Feuerwehr rufen w\u00fcrdest. Ist es also nur brutale Sch\u00e4rfe? Nun, nein. Wie bereits gesagt, f\u00e4ngt es sch\u00f6n s\u00fc\u00df an. Tomate sorgt f\u00fcr einen guten Geschmack und eine gute Struktur, eine ordentliche Portion Knoblauch gibt Tiefe, genau wie der Apfelessig, der dem Ganzen eine s\u00fc\u00df-saure Note verleiht. Das sind Aromen, die du herausschmeckst, wenn du der Sch\u00e4rfe einigerma\u00dfen gewachsen bist \u2013 und dann ist es auch gleich eine unglaublich vielseitige Sauce, die du wunderbar einsetzen kannst, um anderen Saucen oder Suppen einen ordentlichen Kick zu geben.    Herkunft: Niederlande  Inhalt: 150 ml","og_url":"https:\/\/www.heatsupply.nl\/de\/produkt\/fik-hot-sauce-by-heatsupply\/","og_site_name":"Heatsupply","article_publisher":"https:\/\/www.facebook.com\/heatsupplyNL","article_modified_time":"2026-04-14T11:39:45+00:00","og_image":[{"width":1400,"height":1400,"url":"https:\/\/www.heatsupply.nl\/wp-content\/uploads\/2026\/02\/heatsupply-fik-hot-sauce-extreem-heet.jpg","type":"image\/jpeg"}],"twitter_card":"summary_large_image","twitter_misc":{"Preis":"&euro;9,95","Verf\u00fcgbarkeit":"Auf Lager"},"schema":{"@context":"https:\/\/schema.org","@graph":[{"@type":"WebPage","@id":"https:\/\/www.heatsupply.nl\/de\/produkt\/fik-hot-sauce-by-heatsupply\/","url":"https:\/\/www.heatsupply.nl\/de\/produkt\/fik-hot-sauce-by-heatsupply\/","name":"FIK Hot Sauce by Heatsupply - Heatsupply","isPartOf":{"@id":"https:\/\/www.heatsupply.nl\/de\/#website"},"primaryImageOfPage":{"@id":"https:\/\/www.heatsupply.nl\/de\/produkt\/fik-hot-sauce-by-heatsupply\/#primaryimage"},"image":{"@id":"https:\/\/www.heatsupply.nl\/de\/produkt\/fik-hot-sauce-by-heatsupply\/#primaryimage"},"thumbnailUrl":"https:\/\/www.heatsupply.nl\/wp-content\/uploads\/2026\/02\/heatsupply-fik-hot-sauce-extreem-heet.jpg","datePublished":"2026-03-30T13:11:15+00:00","dateModified":"2026-04-14T11:39:45+00:00","breadcrumb":{"@id":"https:\/\/www.heatsupply.nl\/de\/produkt\/fik-hot-sauce-by-heatsupply\/#breadcrumb"},"inLanguage":"de","potentialAction":[{"@type":"ReadAction","target":["https:\/\/www.heatsupply.nl\/de\/produkt\/fik-hot-sauce-by-heatsupply\/"]}]},{"@type":"ImageObject","inLanguage":"de","@id":"https:\/\/www.heatsupply.nl\/de\/produkt\/fik-hot-sauce-by-heatsupply\/#primaryimage","url":"https:\/\/www.heatsupply.nl\/wp-content\/uploads\/2026\/02\/heatsupply-fik-hot-sauce-extreem-heet.jpg","contentUrl":"https:\/\/www.heatsupply.nl\/wp-content\/uploads\/2026\/02\/heatsupply-fik-hot-sauce-extreem-heet.jpg","width":1400,"height":1400,"caption":"FIK Hot Sauce by Heatsupply extreem hete saus"},{"@type":"BreadcrumbList","@id":"https:\/\/www.heatsupply.nl\/de\/produkt\/fik-hot-sauce-by-heatsupply\/#breadcrumb","itemListElement":[{"@type":"ListItem","position":1,"name":"Home","item":"https:\/\/www.heatsupply.nl\/de\/"},{"@type":"ListItem","position":2,"name":"Alle produkten","item":"https:\/\/www.heatsupply.nl\/de\/alle-produkten\/"},{"@type":"ListItem","position":3,"name":"Neu","item":"https:\/\/www.heatsupply.nl\/de\/neu\/"},{"@type":"ListItem","position":4,"name":"FIK Hot Sauce by Heatsupply"}]},{"@type":"WebSite","@id":"https:\/\/www.heatsupply.nl\/de\/#website","url":"https:\/\/www.heatsupply.nl\/de\/","name":"Heatsupply","description":"Hot sauce webstore #1 in Europe","publisher":{"@id":"https:\/\/www.heatsupply.nl\/de\/#organization"},"potentialAction":[{"@type":"SearchAction","target":{"@type":"EntryPoint","urlTemplate":"https:\/\/www.heatsupply.nl\/de\/?s={search_term_string}"},"query-input":{"@type":"PropertyValueSpecification","valueRequired":true,"valueName":"search_term_string"}}],"inLanguage":"de"},{"@type":"Organization","@id":"https:\/\/www.heatsupply.nl\/de\/#organization","name":"Heatsupply","url":"https:\/\/www.heatsupply.nl\/de\/","logo":{"@type":"ImageObject","inLanguage":"de","@id":"https:\/\/www.heatsupply.nl\/de\/#\/schema\/logo\/image\/","url":"https:\/\/www.heatsupply.nl\/wp-content\/uploads\/2022\/10\/heatsupply-logo-rood.jpg","contentUrl":"https:\/\/www.heatsupply.nl\/wp-content\/uploads\/2022\/10\/heatsupply-logo-rood.jpg","width":1000,"height":335,"caption":"Heatsupply"},"image":{"@id":"https:\/\/www.heatsupply.nl\/de\/#\/schema\/logo\/image\/"},"sameAs":["https:\/\/www.facebook.com\/heatsupplyNL","https:\/\/www.instagram.com\/heatsuppy.nl","https:\/\/www.youtube.com\/channel\/UC5pOWqQtljvxTz2SMWGWCsw"]}]},"product_brand":"Heatsupply","product_price_amount":"9.95","product_price_currency":"EUR","og_availability":"instock","product_availability":"instock","product_retailer_item_id":"FIKHS001","product_condition":"new"},"_links":{"self":[{"href":"https:\/\/www.heatsupply.nl\/de\/wp-json\/wp\/v2\/product\/206271","targetHints":{"allow":["GET"]}}],"collection":[{"href":"https:\/\/www.heatsupply.nl\/de\/wp-json\/wp\/v2\/product"}],"about":[{"href":"https:\/\/www.heatsupply.nl\/de\/wp-json\/wp\/v2\/types\/product"}],"replies":[{"embeddable":true,"href":"https:\/\/www.heatsupply.nl\/de\/wp-json\/wp\/v2\/comments?post=206271"}],"wp:featuredmedia":[{"embeddable":true,"href":"https:\/\/www.heatsupply.nl\/de\/wp-json\/wp\/v2\/media\/200608"}],"wp:attachment":[{"href":"https:\/\/www.heatsupply.nl\/de\/wp-json\/wp\/v2\/media?parent=206271"}],"wp:term":[{"taxonomy":"product_brand","embeddable":true,"href":"https:\/\/www.heatsupply.nl\/de\/wp-json\/wp\/v2\/product_brand?post=206271"},{"taxonomy":"product_cat","embeddable":true,"href":"https:\/\/www.heatsupply.nl\/de\/wp-json\/wp\/v2\/product_cat?post=206271"},{"taxonomy":"product_tag","embeddable":true,"href":"https:\/\/www.heatsupply.nl\/de\/wp-json\/wp\/v2\/product_tag?post=206271"}],"curies":[{"name":"wp","href":"https:\/\/api.w.org\/{rel}","templated":true}]}}