{"id":204077,"date":"2026-03-09T14:44:03","date_gmt":"2026-03-09T13:44:03","guid":{"rendered":"https:\/\/www.heatsupply.nl\/?post_type=product&#038;p=204077"},"modified":"2026-03-19T20:47:02","modified_gmt":"2026-03-19T19:47:02","slug":"wild-sauce-co-oui-madame-hot-sauce","status":"publish","type":"product","link":"https:\/\/www.heatsupply.nl\/de\/produkt\/wild-sauce-co-oui-madame-hot-sauce\/","title":{"rendered":"Wild Sauce Co Oui, Madame Hot Sauce"},"content":{"rendered":"<p><strong>Zutaten Wild Sauce Co Oui, Madame Hot Sauce<\/strong>: Chilischoten* 82 % (Madame Jeanette), rote Zwiebeln**, Knoblauch**, Apfelessig**, Rohrzucker, Salz.<\/p>\n<p>* aus nat\u00fcrlichem Anbau in Het Zonneveld ** aus kontrolliert biologischem Anbau<\/p>\n<p><span style=\"text-decoration: underline;\">N\u00e4hrwerte pro 100 ml:<\/span><br \/>\nEnergie: 230 kJ\/55 kcal<br \/>\nFett: 0,3 g<br \/>\ndavon ges\u00e4ttigte Fetts\u00e4uren: 0,1 g<br \/>\nKohlenhydrate: 8,0 g<br \/>\ndavon Zucker: 7,0 g<br \/>\nEiwei\u00df: 1,6 g<br \/>\nSalz: 1,2 g<\/p>\n<p>Vor Gebrauch sch\u00fctteln. Nach dem \u00d6ffnen gek\u00fchlt aufbewahren und innerhalb von 4 bis 6 Wochen verbrauchen.<\/p>\n","protected":false},"excerpt":{"rendered":"<p style=\"text-align: justify;\">Wild Sauce Co Oui, Madame Hot Sauce ist frisch, fruchtig, s\u00fc\u00df und mittelscharf. Diese Madame Jeanette Sauce kommt ohne viel Schnickschnack aus und stellt einfach die Paprika in den Mittelpunkt. Die surinamische Madame Jeanette mit ihrem typisch fruchtigen Geschmack wurde 2 Monate fermentiert und anschlie\u00dfend mit roter Zwiebel, Knoblauch, Apfelessig und Salz verfeinert. Das war&#8217;s. Nach dem Motto \u201eweniger ist mehr&#8220; \u2013 es wurden zwar nicht viele Zutaten verwendet, aber alle sind von h\u00f6chster Qualit\u00e4t (und meistens bio). Beachte jedoch, dass es eine ziemlich fl\u00fcssige Sauce ist. Also nicht zu gro\u00dfz\u00fcgig einschenken!<\/p>\n<p style=\"text-align: justify;\">Diese Madame Jeanette Hot Sauce von Wild Sauce Co ist eine herrliche Erg\u00e4nzung zu verschiedenen Fischgerichten, Meeresfr\u00fcchten, als Teil eines Dressings f\u00fcr Salate, Currys, H\u00fchnchen oder sogar in einem Cocktail.<\/p>\n<ul>\n<li style=\"text-align: justify;\">Herkunft: Kalmthout, Belgien<\/li>\n<li style=\"text-align: justify;\">Inhalt: 100 ml<\/li>\n<\/ul>\n","protected":false},"featured_media":204080,"comment_status":"open","ping_status":"closed","template":"","meta":{"_acf_changed":false},"product_brand":[],"product_cat":[3994,4075,3787,4046],"product_tag":[],"class_list":{"0":"post-204077","1":"product","2":"type-product","3":"status-publish","4":"has-post-thumbnail","6":"product_cat-europaeische-scharfe-saucen","7":"product_cat-neu","8":"product_cat-scharfe-sossen","9":"product_cat-spicy","11":"first","12":"outofstock","13":"taxable","14":"shipping-taxable","15":"purchasable","16":"product-type-simple"},"bundled_by":[],"bundle_stock_status":"outofstock","bundle_stock_quantity":0,"bundle_virtual":false,"bundle_layout":"","bundle_add_to_cart_form_location":"","bundle_editable_in_cart":false,"bundle_sold_individually_context":"","bundle_item_grouping":"","bundle_min_size":"","bundle_max_size":"","bundle_price":[],"bundled_items":[],"bundle_sell_ids":[],"acf":[],"yoast_head":"<!-- This site is optimized with the Yoast SEO Premium plugin v27.4 (Yoast SEO v27.4) - https:\/\/yoast.com\/product\/yoast-seo-premium-wordpress\/ -->\n<title>Wild Sauce Co Oui, Madame Hot Sauce - Heatsupply<\/title>\n<meta name=\"description\" content=\"Wild Sauce Co Oui, Madame Hot Sauce ist eine k\u00f6stliche, scharfe Sauce von Madame Jeanette aus Belgien. Frisch, fruchtig, s\u00fc\u00df und mittelscharf.\" \/>\n<meta name=\"robots\" content=\"index, follow, max-snippet:-1, max-image-preview:large, max-video-preview:-1\" \/>\n<link rel=\"canonical\" href=\"https:\/\/www.heatsupply.nl\/de\/produkt\/wild-sauce-co-oui-madame-hot-sauce\/\" \/>\n<meta property=\"og:locale\" content=\"de_DE\" \/>\n<meta property=\"og:type\" content=\"article\" \/>\n<meta property=\"og:title\" content=\"Wild Sauce Co Oui, Madame Hot Sauce\" \/>\n<meta property=\"og:description\" content=\"Wild Sauce Co Oui, Madame Hot Sauce ist eine k\u00f6stliche, scharfe Sauce von Madame Jeanette aus Belgien. Frisch, fruchtig, s\u00fc\u00df und mittelscharf.\" \/>\n<meta property=\"og:url\" content=\"https:\/\/www.heatsupply.nl\/de\/produkt\/wild-sauce-co-oui-madame-hot-sauce\/\" \/>\n<meta property=\"og:site_name\" content=\"Heatsupply\" \/>\n<meta property=\"article:publisher\" content=\"https:\/\/www.facebook.com\/heatsupplyNL\" \/>\n<meta property=\"article:modified_time\" content=\"2026-03-19T19:47:02+00:00\" \/>\n<meta property=\"og:image\" content=\"https:\/\/www.heatsupply.nl\/wp-content\/uploads\/2026\/03\/wild-sauce-oui-madame-hot-sauce.jpg\" \/>\n\t<meta property=\"og:image:width\" content=\"1400\" \/>\n\t<meta property=\"og:image:height\" content=\"1400\" \/>\n\t<meta property=\"og:image:type\" content=\"image\/jpeg\" \/>\n<meta name=\"twitter:card\" content=\"summary_large_image\" \/>\n<meta name=\"twitter:label1\" content=\"Preis\" \/>\n\t<meta name=\"twitter:data1\" content=\"&euro;9,95\" \/>\n\t<meta name=\"twitter:label2\" content=\"Verf\u00fcgbarkeit\" \/>\n\t<meta name=\"twitter:data2\" content=\"ausverkauft\" \/>\n<script type=\"application\/ld+json\" class=\"yoast-schema-graph\">{\"@context\":\"https:\\\/\\\/schema.org\",\"@graph\":[{\"@type\":\"WebPage\",\"@id\":\"https:\\\/\\\/www.heatsupply.nl\\\/de\\\/produkt\\\/wild-sauce-co-oui-madame-hot-sauce\\\/\",\"url\":\"https:\\\/\\\/www.heatsupply.nl\\\/de\\\/produkt\\\/wild-sauce-co-oui-madame-hot-sauce\\\/\",\"name\":\"Wild Sauce Co Oui, Madame Hot Sauce - Heatsupply\",\"isPartOf\":{\"@id\":\"https:\\\/\\\/www.heatsupply.nl\\\/de\\\/#website\"},\"primaryImageOfPage\":{\"@id\":\"https:\\\/\\\/www.heatsupply.nl\\\/de\\\/produkt\\\/wild-sauce-co-oui-madame-hot-sauce\\\/#primaryimage\"},\"image\":{\"@id\":\"https:\\\/\\\/www.heatsupply.nl\\\/de\\\/produkt\\\/wild-sauce-co-oui-madame-hot-sauce\\\/#primaryimage\"},\"thumbnailUrl\":\"https:\\\/\\\/www.heatsupply.nl\\\/wp-content\\\/uploads\\\/2026\\\/03\\\/wild-sauce-oui-madame-hot-sauce.jpg\",\"datePublished\":\"2026-03-09T13:44:03+00:00\",\"dateModified\":\"2026-03-19T19:47:02+00:00\",\"description\":\"Wild Sauce Co Oui, Madame Hot Sauce ist eine k\u00f6stliche, scharfe Sauce von Madame Jeanette aus Belgien. Frisch, fruchtig, s\u00fc\u00df und mittelscharf.\",\"breadcrumb\":{\"@id\":\"https:\\\/\\\/www.heatsupply.nl\\\/de\\\/produkt\\\/wild-sauce-co-oui-madame-hot-sauce\\\/#breadcrumb\"},\"inLanguage\":\"de\",\"potentialAction\":[{\"@type\":\"ReadAction\",\"target\":[\"https:\\\/\\\/www.heatsupply.nl\\\/de\\\/produkt\\\/wild-sauce-co-oui-madame-hot-sauce\\\/\"]}]},{\"@type\":\"ImageObject\",\"inLanguage\":\"de\",\"@id\":\"https:\\\/\\\/www.heatsupply.nl\\\/de\\\/produkt\\\/wild-sauce-co-oui-madame-hot-sauce\\\/#primaryimage\",\"url\":\"https:\\\/\\\/www.heatsupply.nl\\\/wp-content\\\/uploads\\\/2026\\\/03\\\/wild-sauce-oui-madame-hot-sauce.jpg\",\"contentUrl\":\"https:\\\/\\\/www.heatsupply.nl\\\/wp-content\\\/uploads\\\/2026\\\/03\\\/wild-sauce-oui-madame-hot-sauce.jpg\",\"width\":1400,\"height\":1400,\"caption\":\"wild sauce oui madame hot sauce\"},{\"@type\":\"BreadcrumbList\",\"@id\":\"https:\\\/\\\/www.heatsupply.nl\\\/de\\\/produkt\\\/wild-sauce-co-oui-madame-hot-sauce\\\/#breadcrumb\",\"itemListElement\":[{\"@type\":\"ListItem\",\"position\":1,\"name\":\"Home\",\"item\":\"https:\\\/\\\/www.heatsupply.nl\\\/de\\\/\"},{\"@type\":\"ListItem\",\"position\":2,\"name\":\"Alle produkten\",\"item\":\"https:\\\/\\\/www.heatsupply.nl\\\/de\\\/alle-produkten\\\/\"},{\"@type\":\"ListItem\",\"position\":3,\"name\":\"Scharfe So\u00dfen\",\"item\":\"https:\\\/\\\/www.heatsupply.nl\\\/de\\\/scharfe-sossen\\\/\"},{\"@type\":\"ListItem\",\"position\":4,\"name\":\"Wild Sauce Co Oui, Madame Hot Sauce\"}]},{\"@type\":\"WebSite\",\"@id\":\"https:\\\/\\\/www.heatsupply.nl\\\/de\\\/#website\",\"url\":\"https:\\\/\\\/www.heatsupply.nl\\\/de\\\/\",\"name\":\"Heatsupply\",\"description\":\"Hot sauce webstore #1 in Europe\",\"publisher\":{\"@id\":\"https:\\\/\\\/www.heatsupply.nl\\\/de\\\/#organization\"},\"potentialAction\":[{\"@type\":\"SearchAction\",\"target\":{\"@type\":\"EntryPoint\",\"urlTemplate\":\"https:\\\/\\\/www.heatsupply.nl\\\/de\\\/?s={search_term_string}\"},\"query-input\":{\"@type\":\"PropertyValueSpecification\",\"valueRequired\":true,\"valueName\":\"search_term_string\"}}],\"inLanguage\":\"de\"},{\"@type\":\"Organization\",\"@id\":\"https:\\\/\\\/www.heatsupply.nl\\\/de\\\/#organization\",\"name\":\"Heatsupply\",\"url\":\"https:\\\/\\\/www.heatsupply.nl\\\/de\\\/\",\"logo\":{\"@type\":\"ImageObject\",\"inLanguage\":\"de\",\"@id\":\"https:\\\/\\\/www.heatsupply.nl\\\/de\\\/#\\\/schema\\\/logo\\\/image\\\/\",\"url\":\"https:\\\/\\\/www.heatsupply.nl\\\/wp-content\\\/uploads\\\/2022\\\/10\\\/heatsupply-logo-rood.jpg\",\"contentUrl\":\"https:\\\/\\\/www.heatsupply.nl\\\/wp-content\\\/uploads\\\/2022\\\/10\\\/heatsupply-logo-rood.jpg\",\"width\":1000,\"height\":335,\"caption\":\"Heatsupply\"},\"image\":{\"@id\":\"https:\\\/\\\/www.heatsupply.nl\\\/de\\\/#\\\/schema\\\/logo\\\/image\\\/\"},\"sameAs\":[\"https:\\\/\\\/www.facebook.com\\\/heatsupplyNL\",\"https:\\\/\\\/www.instagram.com\\\/heatsuppy.nl\",\"https:\\\/\\\/www.youtube.com\\\/channel\\\/UC5pOWqQtljvxTz2SMWGWCsw\"]}]}<\/script>\n<meta property=\"product:price:amount\" content=\"9.95\" \/>\n<meta property=\"product:price:currency\" content=\"EUR\" \/>\n<meta property=\"og:availability\" content=\"out of stock\" \/>\n<meta property=\"product:availability\" content=\"out of stock\" \/>\n<meta property=\"product:retailer_item_id\" content=\"WSOUIMADAM001\" \/>\n<meta property=\"product:condition\" content=\"new\" \/>\n<!-- \/ Yoast SEO Premium plugin. -->","yoast_head_json":{"title":"Wild Sauce Co Oui, Madame Hot Sauce - Heatsupply","description":"Wild Sauce Co Oui, Madame Hot Sauce ist eine k\u00f6stliche, scharfe Sauce von Madame Jeanette aus Belgien. Frisch, fruchtig, s\u00fc\u00df und mittelscharf.","robots":{"index":"index","follow":"follow","max-snippet":"max-snippet:-1","max-image-preview":"max-image-preview:large","max-video-preview":"max-video-preview:-1"},"canonical":"https:\/\/www.heatsupply.nl\/de\/produkt\/wild-sauce-co-oui-madame-hot-sauce\/","og_locale":"de_DE","og_type":"article","og_title":"Wild Sauce Co Oui, Madame Hot Sauce","og_description":"Wild Sauce Co Oui, Madame Hot Sauce ist eine k\u00f6stliche, scharfe Sauce von Madame Jeanette aus Belgien. Frisch, fruchtig, s\u00fc\u00df und mittelscharf.","og_url":"https:\/\/www.heatsupply.nl\/de\/produkt\/wild-sauce-co-oui-madame-hot-sauce\/","og_site_name":"Heatsupply","article_publisher":"https:\/\/www.facebook.com\/heatsupplyNL","article_modified_time":"2026-03-19T19:47:02+00:00","og_image":[{"width":1400,"height":1400,"url":"https:\/\/www.heatsupply.nl\/wp-content\/uploads\/2026\/03\/wild-sauce-oui-madame-hot-sauce.jpg","type":"image\/jpeg"}],"twitter_card":"summary_large_image","twitter_misc":{"Preis":"&euro;9,95","Verf\u00fcgbarkeit":"ausverkauft"},"schema":{"@context":"https:\/\/schema.org","@graph":[{"@type":"WebPage","@id":"https:\/\/www.heatsupply.nl\/de\/produkt\/wild-sauce-co-oui-madame-hot-sauce\/","url":"https:\/\/www.heatsupply.nl\/de\/produkt\/wild-sauce-co-oui-madame-hot-sauce\/","name":"Wild Sauce Co Oui, Madame Hot Sauce - Heatsupply","isPartOf":{"@id":"https:\/\/www.heatsupply.nl\/de\/#website"},"primaryImageOfPage":{"@id":"https:\/\/www.heatsupply.nl\/de\/produkt\/wild-sauce-co-oui-madame-hot-sauce\/#primaryimage"},"image":{"@id":"https:\/\/www.heatsupply.nl\/de\/produkt\/wild-sauce-co-oui-madame-hot-sauce\/#primaryimage"},"thumbnailUrl":"https:\/\/www.heatsupply.nl\/wp-content\/uploads\/2026\/03\/wild-sauce-oui-madame-hot-sauce.jpg","datePublished":"2026-03-09T13:44:03+00:00","dateModified":"2026-03-19T19:47:02+00:00","description":"Wild Sauce Co Oui, Madame Hot Sauce ist eine k\u00f6stliche, scharfe Sauce von Madame Jeanette aus Belgien. Frisch, fruchtig, s\u00fc\u00df und mittelscharf.","breadcrumb":{"@id":"https:\/\/www.heatsupply.nl\/de\/produkt\/wild-sauce-co-oui-madame-hot-sauce\/#breadcrumb"},"inLanguage":"de","potentialAction":[{"@type":"ReadAction","target":["https:\/\/www.heatsupply.nl\/de\/produkt\/wild-sauce-co-oui-madame-hot-sauce\/"]}]},{"@type":"ImageObject","inLanguage":"de","@id":"https:\/\/www.heatsupply.nl\/de\/produkt\/wild-sauce-co-oui-madame-hot-sauce\/#primaryimage","url":"https:\/\/www.heatsupply.nl\/wp-content\/uploads\/2026\/03\/wild-sauce-oui-madame-hot-sauce.jpg","contentUrl":"https:\/\/www.heatsupply.nl\/wp-content\/uploads\/2026\/03\/wild-sauce-oui-madame-hot-sauce.jpg","width":1400,"height":1400,"caption":"wild sauce oui madame hot sauce"},{"@type":"BreadcrumbList","@id":"https:\/\/www.heatsupply.nl\/de\/produkt\/wild-sauce-co-oui-madame-hot-sauce\/#breadcrumb","itemListElement":[{"@type":"ListItem","position":1,"name":"Home","item":"https:\/\/www.heatsupply.nl\/de\/"},{"@type":"ListItem","position":2,"name":"Alle produkten","item":"https:\/\/www.heatsupply.nl\/de\/alle-produkten\/"},{"@type":"ListItem","position":3,"name":"Scharfe So\u00dfen","item":"https:\/\/www.heatsupply.nl\/de\/scharfe-sossen\/"},{"@type":"ListItem","position":4,"name":"Wild Sauce Co Oui, Madame Hot Sauce"}]},{"@type":"WebSite","@id":"https:\/\/www.heatsupply.nl\/de\/#website","url":"https:\/\/www.heatsupply.nl\/de\/","name":"Heatsupply","description":"Hot sauce webstore #1 in Europe","publisher":{"@id":"https:\/\/www.heatsupply.nl\/de\/#organization"},"potentialAction":[{"@type":"SearchAction","target":{"@type":"EntryPoint","urlTemplate":"https:\/\/www.heatsupply.nl\/de\/?s={search_term_string}"},"query-input":{"@type":"PropertyValueSpecification","valueRequired":true,"valueName":"search_term_string"}}],"inLanguage":"de"},{"@type":"Organization","@id":"https:\/\/www.heatsupply.nl\/de\/#organization","name":"Heatsupply","url":"https:\/\/www.heatsupply.nl\/de\/","logo":{"@type":"ImageObject","inLanguage":"de","@id":"https:\/\/www.heatsupply.nl\/de\/#\/schema\/logo\/image\/","url":"https:\/\/www.heatsupply.nl\/wp-content\/uploads\/2022\/10\/heatsupply-logo-rood.jpg","contentUrl":"https:\/\/www.heatsupply.nl\/wp-content\/uploads\/2022\/10\/heatsupply-logo-rood.jpg","width":1000,"height":335,"caption":"Heatsupply"},"image":{"@id":"https:\/\/www.heatsupply.nl\/de\/#\/schema\/logo\/image\/"},"sameAs":["https:\/\/www.facebook.com\/heatsupplyNL","https:\/\/www.instagram.com\/heatsuppy.nl","https:\/\/www.youtube.com\/channel\/UC5pOWqQtljvxTz2SMWGWCsw"]}]},"product_price_amount":"9.95","product_price_currency":"EUR","og_availability":"out of stock","product_availability":"out of stock","product_retailer_item_id":"WSOUIMADAM001","product_condition":"new"},"_links":{"self":[{"href":"https:\/\/www.heatsupply.nl\/de\/wp-json\/wp\/v2\/product\/204077","targetHints":{"allow":["GET"]}}],"collection":[{"href":"https:\/\/www.heatsupply.nl\/de\/wp-json\/wp\/v2\/product"}],"about":[{"href":"https:\/\/www.heatsupply.nl\/de\/wp-json\/wp\/v2\/types\/product"}],"replies":[{"embeddable":true,"href":"https:\/\/www.heatsupply.nl\/de\/wp-json\/wp\/v2\/comments?post=204077"}],"wp:featuredmedia":[{"embeddable":true,"href":"https:\/\/www.heatsupply.nl\/de\/wp-json\/wp\/v2\/media\/204080"}],"wp:attachment":[{"href":"https:\/\/www.heatsupply.nl\/de\/wp-json\/wp\/v2\/media?parent=204077"}],"wp:term":[{"taxonomy":"product_brand","embeddable":true,"href":"https:\/\/www.heatsupply.nl\/de\/wp-json\/wp\/v2\/product_brand?post=204077"},{"taxonomy":"product_cat","embeddable":true,"href":"https:\/\/www.heatsupply.nl\/de\/wp-json\/wp\/v2\/product_cat?post=204077"},{"taxonomy":"product_tag","embeddable":true,"href":"https:\/\/www.heatsupply.nl\/de\/wp-json\/wp\/v2\/product_tag?post=204077"}],"curies":[{"name":"wp","href":"https:\/\/api.w.org\/{rel}","templated":true}]}}