{"id":199697,"date":"2026-02-04T09:51:57","date_gmt":"2026-02-04T08:51:57","guid":{"rendered":"https:\/\/www.heatsupply.nl\/product\/ogawa-seimen-premium-soba-buchweizennudeln-3x-150g\/"},"modified":"2026-02-04T09:51:57","modified_gmt":"2026-02-04T08:51:57","slug":"ogawa-seimen-premium-soba-buchweizennudeln-3x-150g","status":"publish","type":"product","link":"https:\/\/www.heatsupply.nl\/de\/produkt\/ogawa-seimen-premium-soba-buchweizennudeln-3x-150g\/","title":{"rendered":"Ogawa Seimen Premium Soba &#8211; Buchweizennudeln (3x 150g)"},"content":{"rendered":"<p><strong>Zutaten Ogawa Seimen Premium Soba &#8211; Buchweizennudeln (3 x 150 g)<\/strong>: Weizenmehl (67,2 %), Buchweizenmehl (30 %), Japanische Yamswurzel (2 %), Weizenprotein (0,5 %), Salz (0,3 %)<\/p>\n<p><span style=\"text-decoration: underline;\">N\u00e4hrwerte pro 100 g:<\/span><br \/>\nBrennstoff: 1456 kJ\/348 kcal<br \/>\nFett: 0 g<br \/>\ndavon ges\u00e4ttigte Fetts\u00e4uren: 0 g<br \/>\nKohlenhydrate: 72,2 g<br \/>\ndavon Zucker: 1,97 g<br \/>\nEiwei\u00df: 14,7 g<br \/>\nSalz: 0,21 g<\/p>\n<p>Bei Raumtemperatur lagern.<\/p>\n","protected":false},"excerpt":{"rendered":"<p style=\"text-align: justify;\">Diese Ogawa Seimen Premium Soba &#8211; Buchweizennudeln (3x 150g) geh\u00f6ren zu den beliebtesten Nudeln in Japan. Soba, d\u00fcnne japanische Nudeln aus Buchweizenmehl und Wasser, kannst du warm in Br\u00fche oder kalt nach dem Absp\u00fclen genie\u00dfen, je nach Tradition und Jahreszeit. Ogawa Seimen verwendet ausschlie\u00dflich 100% japanisches Buchweizenmehl und legt besonderen Wert auf den entscheidenden Trocknungsschritt, bei dem Temperatur und Luftfeuchtigkeit pr\u00e4zise kontrolliert werden, um Aroma und Textur zu bewahren. Dank dieser Expertise k\u00f6nnen sie getrocknete Soba mit einem Geschmack und einer Geschmeidigkeit anbieten, die mit frisch zubereiteten Nudeln vergleichbar sind.<\/p>\n<p style=\"text-align: justify;\"><strong>Zubereitung<\/strong>: In reichlich kochendem Wasser 6 bis 7 Minuten kochen.<\/p>\n<p style=\"text-align: justify;\">Herkunft: Japan Inhalt: 3 x 150 g<\/p>\n","protected":false},"featured_media":199162,"comment_status":"open","ping_status":"closed","template":"","meta":{"_acf_changed":false},"product_brand":[],"product_cat":[4042,4097,3794,4106],"product_tag":[],"class_list":{"0":"post-199697","1":"product","2":"type-product","3":"status-publish","4":"has-post-thumbnail","6":"product_cat-andere-produkte","7":"product_cat-asiatische-aromen","8":"product_cat-essen","9":"product_cat-nudeln","11":"first","12":"instock","13":"taxable","14":"shipping-taxable","15":"purchasable","16":"product-type-simple"},"bundled_by":[],"bundle_stock_status":"instock","bundle_stock_quantity":12,"bundle_virtual":false,"bundle_layout":"","bundle_add_to_cart_form_location":"","bundle_editable_in_cart":false,"bundle_sold_individually_context":"","bundle_item_grouping":"","bundle_min_size":"","bundle_max_size":"","bundle_price":[],"bundled_items":[],"bundle_sell_ids":[],"acf":[],"yoast_head":"<!-- This site is optimized with the Yoast SEO Premium plugin v27.4 (Yoast SEO v27.4) - https:\/\/yoast.com\/product\/yoast-seo-premium-wordpress\/ -->\n<title>Ogawa Seimen Premium Soba - Buchweizennudeln (3x 150g) - Heatsupply<\/title>\n<meta name=\"description\" content=\"Soba-Buchweizennudeln geh\u00f6ren zu den beliebtesten Nudeln in Japan. Diese Premium-Soba-Nudeln sind in 3 x 150-Gramm-Packungen erh\u00e4ltlich.\" \/>\n<meta name=\"robots\" content=\"index, follow, max-snippet:-1, max-image-preview:large, max-video-preview:-1\" \/>\n<link rel=\"canonical\" href=\"https:\/\/www.heatsupply.nl\/de\/produkt\/ogawa-seimen-premium-soba-buchweizennudeln-3x-150g\/\" \/>\n<meta property=\"og:locale\" content=\"de_DE\" \/>\n<meta property=\"og:type\" content=\"article\" \/>\n<meta property=\"og:title\" content=\"Ogawa Seimen Premium Soba - Buchweizennudeln (3x 150g)\" \/>\n<meta property=\"og:description\" content=\"Soba-Buchweizennudeln geh\u00f6ren zu den beliebtesten Nudeln in Japan. Diese Premium-Soba-Nudeln sind in 3 x 150-Gramm-Packungen erh\u00e4ltlich.\" \/>\n<meta property=\"og:url\" content=\"https:\/\/www.heatsupply.nl\/de\/produkt\/ogawa-seimen-premium-soba-buchweizennudeln-3x-150g\/\" \/>\n<meta property=\"og:site_name\" content=\"Heatsupply\" \/>\n<meta property=\"article:publisher\" content=\"https:\/\/www.facebook.com\/heatsupplyNL\" \/>\n<meta property=\"og:image\" content=\"https:\/\/www.heatsupply.nl\/wp-content\/uploads\/2026\/01\/Soba-noedels-boekweit.jpg\" \/>\n\t<meta property=\"og:image:width\" content=\"1400\" \/>\n\t<meta property=\"og:image:height\" content=\"1400\" \/>\n\t<meta property=\"og:image:type\" content=\"image\/jpeg\" \/>\n<meta name=\"twitter:card\" content=\"summary_large_image\" \/>\n<meta name=\"twitter:label1\" content=\"Preis\" \/>\n\t<meta name=\"twitter:data1\" content=\"&euro;11,95\" \/>\n\t<meta name=\"twitter:label2\" content=\"Verf\u00fcgbarkeit\" \/>\n\t<meta name=\"twitter:data2\" content=\"Auf Lager\" \/>\n<script type=\"application\/ld+json\" class=\"yoast-schema-graph\">{\"@context\":\"https:\\\/\\\/schema.org\",\"@graph\":[{\"@type\":\"WebPage\",\"@id\":\"https:\\\/\\\/www.heatsupply.nl\\\/de\\\/produkt\\\/ogawa-seimen-premium-soba-buchweizennudeln-3x-150g\\\/\",\"url\":\"https:\\\/\\\/www.heatsupply.nl\\\/de\\\/produkt\\\/ogawa-seimen-premium-soba-buchweizennudeln-3x-150g\\\/\",\"name\":\"Ogawa Seimen Premium Soba - Buchweizennudeln (3x 150g) - Heatsupply\",\"isPartOf\":{\"@id\":\"https:\\\/\\\/www.heatsupply.nl\\\/de\\\/#website\"},\"primaryImageOfPage\":{\"@id\":\"https:\\\/\\\/www.heatsupply.nl\\\/de\\\/produkt\\\/ogawa-seimen-premium-soba-buchweizennudeln-3x-150g\\\/#primaryimage\"},\"image\":{\"@id\":\"https:\\\/\\\/www.heatsupply.nl\\\/de\\\/produkt\\\/ogawa-seimen-premium-soba-buchweizennudeln-3x-150g\\\/#primaryimage\"},\"thumbnailUrl\":\"https:\\\/\\\/www.heatsupply.nl\\\/wp-content\\\/uploads\\\/2026\\\/01\\\/Soba-noedels-boekweit.jpg\",\"datePublished\":\"2026-02-04T08:51:57+00:00\",\"description\":\"Soba-Buchweizennudeln geh\u00f6ren zu den beliebtesten Nudeln in Japan. Diese Premium-Soba-Nudeln sind in 3 x 150-Gramm-Packungen erh\u00e4ltlich.\",\"breadcrumb\":{\"@id\":\"https:\\\/\\\/www.heatsupply.nl\\\/de\\\/produkt\\\/ogawa-seimen-premium-soba-buchweizennudeln-3x-150g\\\/#breadcrumb\"},\"inLanguage\":\"de\",\"potentialAction\":[{\"@type\":\"ReadAction\",\"target\":[\"https:\\\/\\\/www.heatsupply.nl\\\/de\\\/produkt\\\/ogawa-seimen-premium-soba-buchweizennudeln-3x-150g\\\/\"]}]},{\"@type\":\"ImageObject\",\"inLanguage\":\"de\",\"@id\":\"https:\\\/\\\/www.heatsupply.nl\\\/de\\\/produkt\\\/ogawa-seimen-premium-soba-buchweizennudeln-3x-150g\\\/#primaryimage\",\"url\":\"https:\\\/\\\/www.heatsupply.nl\\\/wp-content\\\/uploads\\\/2026\\\/01\\\/Soba-noedels-boekweit.jpg\",\"contentUrl\":\"https:\\\/\\\/www.heatsupply.nl\\\/wp-content\\\/uploads\\\/2026\\\/01\\\/Soba-noedels-boekweit.jpg\",\"width\":1400,\"height\":1400,\"caption\":\"Ogawa Seimen Premium Soba - Buchweizennudeln (3x 150g)\"},{\"@type\":\"BreadcrumbList\",\"@id\":\"https:\\\/\\\/www.heatsupply.nl\\\/de\\\/produkt\\\/ogawa-seimen-premium-soba-buchweizennudeln-3x-150g\\\/#breadcrumb\",\"itemListElement\":[{\"@type\":\"ListItem\",\"position\":1,\"name\":\"Home\",\"item\":\"https:\\\/\\\/www.heatsupply.nl\\\/de\\\/\"},{\"@type\":\"ListItem\",\"position\":2,\"name\":\"Alle produkten\",\"item\":\"https:\\\/\\\/www.heatsupply.nl\\\/de\\\/alle-produkten\\\/\"},{\"@type\":\"ListItem\",\"position\":3,\"name\":\"Andere produkte\",\"item\":\"https:\\\/\\\/www.heatsupply.nl\\\/de\\\/andere-produkte\\\/\"},{\"@type\":\"ListItem\",\"position\":4,\"name\":\"Asiatische Aromen\",\"item\":\"https:\\\/\\\/www.heatsupply.nl\\\/de\\\/andere-produkte\\\/asiatische-aromen\\\/\"},{\"@type\":\"ListItem\",\"position\":5,\"name\":\"Nudeln\",\"item\":\"https:\\\/\\\/www.heatsupply.nl\\\/de\\\/andere-produkte\\\/asiatische-aromen\\\/nudeln\\\/\"},{\"@type\":\"ListItem\",\"position\":6,\"name\":\"Ogawa Seimen Premium Soba &#8211; Buchweizennudeln (3x 150g)\"}]},{\"@type\":\"WebSite\",\"@id\":\"https:\\\/\\\/www.heatsupply.nl\\\/de\\\/#website\",\"url\":\"https:\\\/\\\/www.heatsupply.nl\\\/de\\\/\",\"name\":\"Heatsupply\",\"description\":\"Hot sauce webstore #1 in Europe\",\"publisher\":{\"@id\":\"https:\\\/\\\/www.heatsupply.nl\\\/de\\\/#organization\"},\"potentialAction\":[{\"@type\":\"SearchAction\",\"target\":{\"@type\":\"EntryPoint\",\"urlTemplate\":\"https:\\\/\\\/www.heatsupply.nl\\\/de\\\/?s={search_term_string}\"},\"query-input\":{\"@type\":\"PropertyValueSpecification\",\"valueRequired\":true,\"valueName\":\"search_term_string\"}}],\"inLanguage\":\"de\"},{\"@type\":\"Organization\",\"@id\":\"https:\\\/\\\/www.heatsupply.nl\\\/de\\\/#organization\",\"name\":\"Heatsupply\",\"url\":\"https:\\\/\\\/www.heatsupply.nl\\\/de\\\/\",\"logo\":{\"@type\":\"ImageObject\",\"inLanguage\":\"de\",\"@id\":\"https:\\\/\\\/www.heatsupply.nl\\\/de\\\/#\\\/schema\\\/logo\\\/image\\\/\",\"url\":\"https:\\\/\\\/www.heatsupply.nl\\\/wp-content\\\/uploads\\\/2022\\\/10\\\/heatsupply-logo-rood.jpg\",\"contentUrl\":\"https:\\\/\\\/www.heatsupply.nl\\\/wp-content\\\/uploads\\\/2022\\\/10\\\/heatsupply-logo-rood.jpg\",\"width\":1000,\"height\":335,\"caption\":\"Heatsupply\"},\"image\":{\"@id\":\"https:\\\/\\\/www.heatsupply.nl\\\/de\\\/#\\\/schema\\\/logo\\\/image\\\/\"},\"sameAs\":[\"https:\\\/\\\/www.facebook.com\\\/heatsupplyNL\",\"https:\\\/\\\/www.instagram.com\\\/heatsuppy.nl\",\"https:\\\/\\\/www.youtube.com\\\/channel\\\/UC5pOWqQtljvxTz2SMWGWCsw\"]}]}<\/script>\n<meta property=\"product:price:amount\" content=\"11.95\" \/>\n<meta property=\"product:price:currency\" content=\"EUR\" \/>\n<meta property=\"og:availability\" content=\"instock\" \/>\n<meta property=\"product:availability\" content=\"instock\" \/>\n<meta property=\"product:retailer_item_id\" content=\"SOBABWN001\" \/>\n<meta property=\"product:condition\" content=\"new\" \/>\n<!-- \/ Yoast SEO Premium plugin. -->","yoast_head_json":{"title":"Ogawa Seimen Premium Soba - Buchweizennudeln (3x 150g) - Heatsupply","description":"Soba-Buchweizennudeln geh\u00f6ren zu den beliebtesten Nudeln in Japan. Diese Premium-Soba-Nudeln sind in 3 x 150-Gramm-Packungen erh\u00e4ltlich.","robots":{"index":"index","follow":"follow","max-snippet":"max-snippet:-1","max-image-preview":"max-image-preview:large","max-video-preview":"max-video-preview:-1"},"canonical":"https:\/\/www.heatsupply.nl\/de\/produkt\/ogawa-seimen-premium-soba-buchweizennudeln-3x-150g\/","og_locale":"de_DE","og_type":"article","og_title":"Ogawa Seimen Premium Soba - Buchweizennudeln (3x 150g)","og_description":"Soba-Buchweizennudeln geh\u00f6ren zu den beliebtesten Nudeln in Japan. Diese Premium-Soba-Nudeln sind in 3 x 150-Gramm-Packungen erh\u00e4ltlich.","og_url":"https:\/\/www.heatsupply.nl\/de\/produkt\/ogawa-seimen-premium-soba-buchweizennudeln-3x-150g\/","og_site_name":"Heatsupply","article_publisher":"https:\/\/www.facebook.com\/heatsupplyNL","og_image":[{"width":1400,"height":1400,"url":"https:\/\/www.heatsupply.nl\/wp-content\/uploads\/2026\/01\/Soba-noedels-boekweit.jpg","type":"image\/jpeg"}],"twitter_card":"summary_large_image","twitter_misc":{"Preis":"&euro;11,95","Verf\u00fcgbarkeit":"Auf Lager"},"schema":{"@context":"https:\/\/schema.org","@graph":[{"@type":"WebPage","@id":"https:\/\/www.heatsupply.nl\/de\/produkt\/ogawa-seimen-premium-soba-buchweizennudeln-3x-150g\/","url":"https:\/\/www.heatsupply.nl\/de\/produkt\/ogawa-seimen-premium-soba-buchweizennudeln-3x-150g\/","name":"Ogawa Seimen Premium Soba - Buchweizennudeln (3x 150g) - Heatsupply","isPartOf":{"@id":"https:\/\/www.heatsupply.nl\/de\/#website"},"primaryImageOfPage":{"@id":"https:\/\/www.heatsupply.nl\/de\/produkt\/ogawa-seimen-premium-soba-buchweizennudeln-3x-150g\/#primaryimage"},"image":{"@id":"https:\/\/www.heatsupply.nl\/de\/produkt\/ogawa-seimen-premium-soba-buchweizennudeln-3x-150g\/#primaryimage"},"thumbnailUrl":"https:\/\/www.heatsupply.nl\/wp-content\/uploads\/2026\/01\/Soba-noedels-boekweit.jpg","datePublished":"2026-02-04T08:51:57+00:00","description":"Soba-Buchweizennudeln geh\u00f6ren zu den beliebtesten Nudeln in Japan. Diese Premium-Soba-Nudeln sind in 3 x 150-Gramm-Packungen erh\u00e4ltlich.","breadcrumb":{"@id":"https:\/\/www.heatsupply.nl\/de\/produkt\/ogawa-seimen-premium-soba-buchweizennudeln-3x-150g\/#breadcrumb"},"inLanguage":"de","potentialAction":[{"@type":"ReadAction","target":["https:\/\/www.heatsupply.nl\/de\/produkt\/ogawa-seimen-premium-soba-buchweizennudeln-3x-150g\/"]}]},{"@type":"ImageObject","inLanguage":"de","@id":"https:\/\/www.heatsupply.nl\/de\/produkt\/ogawa-seimen-premium-soba-buchweizennudeln-3x-150g\/#primaryimage","url":"https:\/\/www.heatsupply.nl\/wp-content\/uploads\/2026\/01\/Soba-noedels-boekweit.jpg","contentUrl":"https:\/\/www.heatsupply.nl\/wp-content\/uploads\/2026\/01\/Soba-noedels-boekweit.jpg","width":1400,"height":1400,"caption":"Ogawa Seimen Premium Soba - Buchweizennudeln (3x 150g)"},{"@type":"BreadcrumbList","@id":"https:\/\/www.heatsupply.nl\/de\/produkt\/ogawa-seimen-premium-soba-buchweizennudeln-3x-150g\/#breadcrumb","itemListElement":[{"@type":"ListItem","position":1,"name":"Home","item":"https:\/\/www.heatsupply.nl\/de\/"},{"@type":"ListItem","position":2,"name":"Alle produkten","item":"https:\/\/www.heatsupply.nl\/de\/alle-produkten\/"},{"@type":"ListItem","position":3,"name":"Andere produkte","item":"https:\/\/www.heatsupply.nl\/de\/andere-produkte\/"},{"@type":"ListItem","position":4,"name":"Asiatische Aromen","item":"https:\/\/www.heatsupply.nl\/de\/andere-produkte\/asiatische-aromen\/"},{"@type":"ListItem","position":5,"name":"Nudeln","item":"https:\/\/www.heatsupply.nl\/de\/andere-produkte\/asiatische-aromen\/nudeln\/"},{"@type":"ListItem","position":6,"name":"Ogawa Seimen Premium Soba &#8211; Buchweizennudeln (3x 150g)"}]},{"@type":"WebSite","@id":"https:\/\/www.heatsupply.nl\/de\/#website","url":"https:\/\/www.heatsupply.nl\/de\/","name":"Heatsupply","description":"Hot sauce webstore #1 in Europe","publisher":{"@id":"https:\/\/www.heatsupply.nl\/de\/#organization"},"potentialAction":[{"@type":"SearchAction","target":{"@type":"EntryPoint","urlTemplate":"https:\/\/www.heatsupply.nl\/de\/?s={search_term_string}"},"query-input":{"@type":"PropertyValueSpecification","valueRequired":true,"valueName":"search_term_string"}}],"inLanguage":"de"},{"@type":"Organization","@id":"https:\/\/www.heatsupply.nl\/de\/#organization","name":"Heatsupply","url":"https:\/\/www.heatsupply.nl\/de\/","logo":{"@type":"ImageObject","inLanguage":"de","@id":"https:\/\/www.heatsupply.nl\/de\/#\/schema\/logo\/image\/","url":"https:\/\/www.heatsupply.nl\/wp-content\/uploads\/2022\/10\/heatsupply-logo-rood.jpg","contentUrl":"https:\/\/www.heatsupply.nl\/wp-content\/uploads\/2022\/10\/heatsupply-logo-rood.jpg","width":1000,"height":335,"caption":"Heatsupply"},"image":{"@id":"https:\/\/www.heatsupply.nl\/de\/#\/schema\/logo\/image\/"},"sameAs":["https:\/\/www.facebook.com\/heatsupplyNL","https:\/\/www.instagram.com\/heatsuppy.nl","https:\/\/www.youtube.com\/channel\/UC5pOWqQtljvxTz2SMWGWCsw"]}]},"product_price_amount":"11.95","product_price_currency":"EUR","og_availability":"instock","product_availability":"instock","product_retailer_item_id":"SOBABWN001","product_condition":"new"},"_links":{"self":[{"href":"https:\/\/www.heatsupply.nl\/de\/wp-json\/wp\/v2\/product\/199697","targetHints":{"allow":["GET"]}}],"collection":[{"href":"https:\/\/www.heatsupply.nl\/de\/wp-json\/wp\/v2\/product"}],"about":[{"href":"https:\/\/www.heatsupply.nl\/de\/wp-json\/wp\/v2\/types\/product"}],"replies":[{"embeddable":true,"href":"https:\/\/www.heatsupply.nl\/de\/wp-json\/wp\/v2\/comments?post=199697"}],"wp:featuredmedia":[{"embeddable":true,"href":"https:\/\/www.heatsupply.nl\/de\/wp-json\/wp\/v2\/media\/199162"}],"wp:attachment":[{"href":"https:\/\/www.heatsupply.nl\/de\/wp-json\/wp\/v2\/media?parent=199697"}],"wp:term":[{"taxonomy":"product_brand","embeddable":true,"href":"https:\/\/www.heatsupply.nl\/de\/wp-json\/wp\/v2\/product_brand?post=199697"},{"taxonomy":"product_cat","embeddable":true,"href":"https:\/\/www.heatsupply.nl\/de\/wp-json\/wp\/v2\/product_cat?post=199697"},{"taxonomy":"product_tag","embeddable":true,"href":"https:\/\/www.heatsupply.nl\/de\/wp-json\/wp\/v2\/product_tag?post=199697"}],"curies":[{"name":"wp","href":"https:\/\/api.w.org\/{rel}","templated":true}]}}