{"id":199646,"date":"2026-02-03T16:14:39","date_gmt":"2026-02-03T15:14:39","guid":{"rendered":"https:\/\/www.heatsupply.nl\/product\/noda-miso-instant-vegan-miso-suppe\/"},"modified":"2026-02-03T16:14:39","modified_gmt":"2026-02-03T15:14:39","slug":"noda-miso-instant-vegan-miso-suppe","status":"publish","type":"product","link":"https:\/\/www.heatsupply.nl\/de\/produkt\/noda-miso-instant-vegan-miso-suppe\/","title":{"rendered":"Noda Miso Instant Vegan Miso Suppe"},"content":{"rendered":"<p><strong>Zutaten Noda Miso Instant Vegane Miso Suppe<\/strong>: Wakame-Algen (42 %), gebratener Tofu (SOJA) (33 %), Fr\u00fchlingszwiebeln (25 %). Gew\u00fcrztes Miso: Miso (SOJA, Wasser, Salz, Kinako (ger\u00f6stetes SOJAPULVER), Koji) (57 %), Wasser (25,85 %), japanische Kombu-Dashi-Br\u00fche (Kombu, Alkohol, modifizierter St\u00e4rkesirup, Salz, Hefeextrakt, Wasser, Stabilisator (E415)) (8,15 %), Zucker (6 %), Alkohol (2 %), Salz (1 %).<\/p>\n<p><span style=\"text-decoration: underline;\">N\u00e4hrwertangaben pro 100 ml:<\/span><br \/>\nEnergie: 817 kJ\/195,4 kcal<br \/>\nFett: 5,17 g<br \/>\ndavon ges\u00e4ttigte Fetts\u00e4uren: 0,86 g<br \/>\nKohlenhydrate: 25,29 g<br \/>\ndavon Zucker: 10,34 g<br \/>\nEiwei\u00df: 12,64 g<br \/>\nSalz: 11,49 g<\/p>\n<p>Bei Raumtemperatur und vor Sonnenlicht gesch\u00fctzt lagern.<\/p>\n","protected":false},"excerpt":{"rendered":"<p style=\"text-align: justify;\">Diese Noda Miso Instant Miso Suppe ist komplett aus pflanzlichen Zutaten wie Kombu hergestellt und damit perfekt geeignet f\u00fcr vegetarische und vegane Ern\u00e4hrung. In der Packung findest du Akadashi rote Miso, gebraut aus Sojabohnen, die langsam in Zedernholzf\u00e4ssern gereift sind (mehr als anderthalb Jahre), und ein weiteres T\u00fctchen mit gefriergetrockneten Zutaten f\u00fcr die Suppe (Fr\u00fchlingszwiebeln, gebratener Tofu, Wakame).<\/p>\n<p style=\"text-align: justify;\">Gib den Inhalt der Miso-Tube und des Folienbeutels mit den getrockneten Kr\u00e4utern in eine Sch\u00fcssel, f\u00fcge 150 ml hei\u00dfes Wasser hinzu und vermische alles gut. Eine Packung Instant Miso Suppe reicht f\u00fcr 4 Portionen Misosuppe (4 Beutel Miso und 4 Beutel getrocknete Kr\u00e4uter).<\/p>\n<ul>\n<li>Herkunft: Japan<\/li>\n<\/ul>\n","protected":false},"featured_media":199141,"comment_status":"open","ping_status":"closed","template":"","meta":{"_acf_changed":false},"product_brand":[],"product_cat":[4042,4097,3794,4103],"product_tag":[],"class_list":{"0":"post-199646","1":"product","2":"type-product","3":"status-publish","4":"has-post-thumbnail","6":"product_cat-andere-produkte","7":"product_cat-asiatische-aromen","8":"product_cat-essen","9":"product_cat-miso","11":"first","12":"instock","13":"taxable","14":"shipping-taxable","15":"purchasable","16":"product-type-simple"},"bundled_by":[],"bundle_stock_status":"instock","bundle_stock_quantity":9,"bundle_virtual":false,"bundle_layout":"","bundle_add_to_cart_form_location":"","bundle_editable_in_cart":false,"bundle_sold_individually_context":"","bundle_item_grouping":"","bundle_min_size":"","bundle_max_size":"","bundle_price":[],"bundled_items":[],"bundle_sell_ids":[],"acf":[],"yoast_head":"<!-- This site is optimized with the Yoast SEO Premium plugin v27.4 (Yoast SEO v27.4) - https:\/\/yoast.com\/product\/yoast-seo-premium-wordpress\/ -->\n<title>Noda Miso Instant Vegan Miso Suppe - Heatsupply<\/title>\n<meta name=\"description\" content=\"Diese vegane Instant Miso Suppe wird ausschlie\u00dflich aus pflanzlichen Zutaten wie Kombu hergestellt und ist perfekt f\u00fcr Vegetarier und Veganer.\" \/>\n<meta name=\"robots\" content=\"index, follow, max-snippet:-1, max-image-preview:large, max-video-preview:-1\" \/>\n<link rel=\"canonical\" href=\"https:\/\/www.heatsupply.nl\/de\/produkt\/noda-miso-instant-vegan-miso-suppe\/\" \/>\n<meta property=\"og:locale\" content=\"de_DE\" \/>\n<meta property=\"og:type\" content=\"article\" \/>\n<meta property=\"og:title\" content=\"Noda Miso Instant Vegan Miso Suppe\" \/>\n<meta property=\"og:description\" content=\"Diese vegane Instant Miso Suppe wird ausschlie\u00dflich aus pflanzlichen Zutaten wie Kombu hergestellt und ist perfekt f\u00fcr Vegetarier und Veganer.\" \/>\n<meta property=\"og:url\" content=\"https:\/\/www.heatsupply.nl\/de\/produkt\/noda-miso-instant-vegan-miso-suppe\/\" \/>\n<meta property=\"og:site_name\" content=\"Heatsupply\" \/>\n<meta property=\"article:publisher\" content=\"https:\/\/www.facebook.com\/heatsupplyNL\" \/>\n<meta property=\"og:image\" content=\"https:\/\/www.heatsupply.nl\/wp-content\/uploads\/2026\/01\/instant-vegan-miso-soep.jpg\" \/>\n\t<meta property=\"og:image:width\" content=\"1400\" \/>\n\t<meta property=\"og:image:height\" content=\"1400\" \/>\n\t<meta property=\"og:image:type\" content=\"image\/jpeg\" \/>\n<meta name=\"twitter:card\" content=\"summary_large_image\" \/>\n<meta name=\"twitter:label1\" content=\"Preis\" \/>\n\t<meta name=\"twitter:data1\" content=\"&euro;7,95\" \/>\n\t<meta name=\"twitter:label2\" content=\"Verf\u00fcgbarkeit\" \/>\n\t<meta name=\"twitter:data2\" content=\"Auf Lager\" \/>\n<script type=\"application\/ld+json\" class=\"yoast-schema-graph\">{\"@context\":\"https:\\\/\\\/schema.org\",\"@graph\":[{\"@type\":\"WebPage\",\"@id\":\"https:\\\/\\\/www.heatsupply.nl\\\/de\\\/produkt\\\/noda-miso-instant-vegan-miso-suppe\\\/\",\"url\":\"https:\\\/\\\/www.heatsupply.nl\\\/de\\\/produkt\\\/noda-miso-instant-vegan-miso-suppe\\\/\",\"name\":\"Noda Miso Instant Vegan Miso Suppe - Heatsupply\",\"isPartOf\":{\"@id\":\"https:\\\/\\\/www.heatsupply.nl\\\/de\\\/#website\"},\"primaryImageOfPage\":{\"@id\":\"https:\\\/\\\/www.heatsupply.nl\\\/de\\\/produkt\\\/noda-miso-instant-vegan-miso-suppe\\\/#primaryimage\"},\"image\":{\"@id\":\"https:\\\/\\\/www.heatsupply.nl\\\/de\\\/produkt\\\/noda-miso-instant-vegan-miso-suppe\\\/#primaryimage\"},\"thumbnailUrl\":\"https:\\\/\\\/www.heatsupply.nl\\\/wp-content\\\/uploads\\\/2026\\\/01\\\/instant-vegan-miso-soep.jpg\",\"datePublished\":\"2026-02-03T15:14:39+00:00\",\"description\":\"Diese vegane Instant Miso Suppe wird ausschlie\u00dflich aus pflanzlichen Zutaten wie Kombu hergestellt und ist perfekt f\u00fcr Vegetarier und Veganer.\",\"breadcrumb\":{\"@id\":\"https:\\\/\\\/www.heatsupply.nl\\\/de\\\/produkt\\\/noda-miso-instant-vegan-miso-suppe\\\/#breadcrumb\"},\"inLanguage\":\"de\",\"potentialAction\":[{\"@type\":\"ReadAction\",\"target\":[\"https:\\\/\\\/www.heatsupply.nl\\\/de\\\/produkt\\\/noda-miso-instant-vegan-miso-suppe\\\/\"]}]},{\"@type\":\"ImageObject\",\"inLanguage\":\"de\",\"@id\":\"https:\\\/\\\/www.heatsupply.nl\\\/de\\\/produkt\\\/noda-miso-instant-vegan-miso-suppe\\\/#primaryimage\",\"url\":\"https:\\\/\\\/www.heatsupply.nl\\\/wp-content\\\/uploads\\\/2026\\\/01\\\/instant-vegan-miso-soep.jpg\",\"contentUrl\":\"https:\\\/\\\/www.heatsupply.nl\\\/wp-content\\\/uploads\\\/2026\\\/01\\\/instant-vegan-miso-soep.jpg\",\"width\":1400,\"height\":1400,\"caption\":\"Noda Miso instant vegan miso suppe\"},{\"@type\":\"BreadcrumbList\",\"@id\":\"https:\\\/\\\/www.heatsupply.nl\\\/de\\\/produkt\\\/noda-miso-instant-vegan-miso-suppe\\\/#breadcrumb\",\"itemListElement\":[{\"@type\":\"ListItem\",\"position\":1,\"name\":\"Home\",\"item\":\"https:\\\/\\\/www.heatsupply.nl\\\/de\\\/\"},{\"@type\":\"ListItem\",\"position\":2,\"name\":\"Alle produkten\",\"item\":\"https:\\\/\\\/www.heatsupply.nl\\\/de\\\/alle-produkten\\\/\"},{\"@type\":\"ListItem\",\"position\":3,\"name\":\"Andere produkte\",\"item\":\"https:\\\/\\\/www.heatsupply.nl\\\/de\\\/andere-produkte\\\/\"},{\"@type\":\"ListItem\",\"position\":4,\"name\":\"Asiatische Aromen\",\"item\":\"https:\\\/\\\/www.heatsupply.nl\\\/de\\\/andere-produkte\\\/asiatische-aromen\\\/\"},{\"@type\":\"ListItem\",\"position\":5,\"name\":\"Miso\",\"item\":\"https:\\\/\\\/www.heatsupply.nl\\\/de\\\/andere-produkte\\\/asiatische-aromen\\\/miso\\\/\"},{\"@type\":\"ListItem\",\"position\":6,\"name\":\"Noda Miso Instant Vegan Miso Suppe\"}]},{\"@type\":\"WebSite\",\"@id\":\"https:\\\/\\\/www.heatsupply.nl\\\/de\\\/#website\",\"url\":\"https:\\\/\\\/www.heatsupply.nl\\\/de\\\/\",\"name\":\"Heatsupply\",\"description\":\"Hot sauce webstore #1 in Europe\",\"publisher\":{\"@id\":\"https:\\\/\\\/www.heatsupply.nl\\\/de\\\/#organization\"},\"potentialAction\":[{\"@type\":\"SearchAction\",\"target\":{\"@type\":\"EntryPoint\",\"urlTemplate\":\"https:\\\/\\\/www.heatsupply.nl\\\/de\\\/?s={search_term_string}\"},\"query-input\":{\"@type\":\"PropertyValueSpecification\",\"valueRequired\":true,\"valueName\":\"search_term_string\"}}],\"inLanguage\":\"de\"},{\"@type\":\"Organization\",\"@id\":\"https:\\\/\\\/www.heatsupply.nl\\\/de\\\/#organization\",\"name\":\"Heatsupply\",\"url\":\"https:\\\/\\\/www.heatsupply.nl\\\/de\\\/\",\"logo\":{\"@type\":\"ImageObject\",\"inLanguage\":\"de\",\"@id\":\"https:\\\/\\\/www.heatsupply.nl\\\/de\\\/#\\\/schema\\\/logo\\\/image\\\/\",\"url\":\"https:\\\/\\\/www.heatsupply.nl\\\/wp-content\\\/uploads\\\/2022\\\/10\\\/heatsupply-logo-rood.jpg\",\"contentUrl\":\"https:\\\/\\\/www.heatsupply.nl\\\/wp-content\\\/uploads\\\/2022\\\/10\\\/heatsupply-logo-rood.jpg\",\"width\":1000,\"height\":335,\"caption\":\"Heatsupply\"},\"image\":{\"@id\":\"https:\\\/\\\/www.heatsupply.nl\\\/de\\\/#\\\/schema\\\/logo\\\/image\\\/\"},\"sameAs\":[\"https:\\\/\\\/www.facebook.com\\\/heatsupplyNL\",\"https:\\\/\\\/www.instagram.com\\\/heatsuppy.nl\",\"https:\\\/\\\/www.youtube.com\\\/channel\\\/UC5pOWqQtljvxTz2SMWGWCsw\"]}]}<\/script>\n<meta property=\"product:price:amount\" content=\"7.95\" \/>\n<meta property=\"product:price:currency\" content=\"EUR\" \/>\n<meta property=\"og:availability\" content=\"instock\" \/>\n<meta property=\"product:availability\" content=\"instock\" \/>\n<meta property=\"product:retailer_item_id\" content=\"MISOSOUP001\" \/>\n<meta property=\"product:condition\" content=\"new\" \/>\n<!-- \/ Yoast SEO Premium plugin. -->","yoast_head_json":{"title":"Noda Miso Instant Vegan Miso Suppe - Heatsupply","description":"Diese vegane Instant Miso Suppe wird ausschlie\u00dflich aus pflanzlichen Zutaten wie Kombu hergestellt und ist perfekt f\u00fcr Vegetarier und Veganer.","robots":{"index":"index","follow":"follow","max-snippet":"max-snippet:-1","max-image-preview":"max-image-preview:large","max-video-preview":"max-video-preview:-1"},"canonical":"https:\/\/www.heatsupply.nl\/de\/produkt\/noda-miso-instant-vegan-miso-suppe\/","og_locale":"de_DE","og_type":"article","og_title":"Noda Miso Instant Vegan Miso Suppe","og_description":"Diese vegane Instant Miso Suppe wird ausschlie\u00dflich aus pflanzlichen Zutaten wie Kombu hergestellt und ist perfekt f\u00fcr Vegetarier und Veganer.","og_url":"https:\/\/www.heatsupply.nl\/de\/produkt\/noda-miso-instant-vegan-miso-suppe\/","og_site_name":"Heatsupply","article_publisher":"https:\/\/www.facebook.com\/heatsupplyNL","og_image":[{"width":1400,"height":1400,"url":"https:\/\/www.heatsupply.nl\/wp-content\/uploads\/2026\/01\/instant-vegan-miso-soep.jpg","type":"image\/jpeg"}],"twitter_card":"summary_large_image","twitter_misc":{"Preis":"&euro;7,95","Verf\u00fcgbarkeit":"Auf Lager"},"schema":{"@context":"https:\/\/schema.org","@graph":[{"@type":"WebPage","@id":"https:\/\/www.heatsupply.nl\/de\/produkt\/noda-miso-instant-vegan-miso-suppe\/","url":"https:\/\/www.heatsupply.nl\/de\/produkt\/noda-miso-instant-vegan-miso-suppe\/","name":"Noda Miso Instant Vegan Miso Suppe - Heatsupply","isPartOf":{"@id":"https:\/\/www.heatsupply.nl\/de\/#website"},"primaryImageOfPage":{"@id":"https:\/\/www.heatsupply.nl\/de\/produkt\/noda-miso-instant-vegan-miso-suppe\/#primaryimage"},"image":{"@id":"https:\/\/www.heatsupply.nl\/de\/produkt\/noda-miso-instant-vegan-miso-suppe\/#primaryimage"},"thumbnailUrl":"https:\/\/www.heatsupply.nl\/wp-content\/uploads\/2026\/01\/instant-vegan-miso-soep.jpg","datePublished":"2026-02-03T15:14:39+00:00","description":"Diese vegane Instant Miso Suppe wird ausschlie\u00dflich aus pflanzlichen Zutaten wie Kombu hergestellt und ist perfekt f\u00fcr Vegetarier und Veganer.","breadcrumb":{"@id":"https:\/\/www.heatsupply.nl\/de\/produkt\/noda-miso-instant-vegan-miso-suppe\/#breadcrumb"},"inLanguage":"de","potentialAction":[{"@type":"ReadAction","target":["https:\/\/www.heatsupply.nl\/de\/produkt\/noda-miso-instant-vegan-miso-suppe\/"]}]},{"@type":"ImageObject","inLanguage":"de","@id":"https:\/\/www.heatsupply.nl\/de\/produkt\/noda-miso-instant-vegan-miso-suppe\/#primaryimage","url":"https:\/\/www.heatsupply.nl\/wp-content\/uploads\/2026\/01\/instant-vegan-miso-soep.jpg","contentUrl":"https:\/\/www.heatsupply.nl\/wp-content\/uploads\/2026\/01\/instant-vegan-miso-soep.jpg","width":1400,"height":1400,"caption":"Noda Miso instant vegan miso suppe"},{"@type":"BreadcrumbList","@id":"https:\/\/www.heatsupply.nl\/de\/produkt\/noda-miso-instant-vegan-miso-suppe\/#breadcrumb","itemListElement":[{"@type":"ListItem","position":1,"name":"Home","item":"https:\/\/www.heatsupply.nl\/de\/"},{"@type":"ListItem","position":2,"name":"Alle produkten","item":"https:\/\/www.heatsupply.nl\/de\/alle-produkten\/"},{"@type":"ListItem","position":3,"name":"Andere produkte","item":"https:\/\/www.heatsupply.nl\/de\/andere-produkte\/"},{"@type":"ListItem","position":4,"name":"Asiatische Aromen","item":"https:\/\/www.heatsupply.nl\/de\/andere-produkte\/asiatische-aromen\/"},{"@type":"ListItem","position":5,"name":"Miso","item":"https:\/\/www.heatsupply.nl\/de\/andere-produkte\/asiatische-aromen\/miso\/"},{"@type":"ListItem","position":6,"name":"Noda Miso Instant Vegan Miso Suppe"}]},{"@type":"WebSite","@id":"https:\/\/www.heatsupply.nl\/de\/#website","url":"https:\/\/www.heatsupply.nl\/de\/","name":"Heatsupply","description":"Hot sauce webstore #1 in Europe","publisher":{"@id":"https:\/\/www.heatsupply.nl\/de\/#organization"},"potentialAction":[{"@type":"SearchAction","target":{"@type":"EntryPoint","urlTemplate":"https:\/\/www.heatsupply.nl\/de\/?s={search_term_string}"},"query-input":{"@type":"PropertyValueSpecification","valueRequired":true,"valueName":"search_term_string"}}],"inLanguage":"de"},{"@type":"Organization","@id":"https:\/\/www.heatsupply.nl\/de\/#organization","name":"Heatsupply","url":"https:\/\/www.heatsupply.nl\/de\/","logo":{"@type":"ImageObject","inLanguage":"de","@id":"https:\/\/www.heatsupply.nl\/de\/#\/schema\/logo\/image\/","url":"https:\/\/www.heatsupply.nl\/wp-content\/uploads\/2022\/10\/heatsupply-logo-rood.jpg","contentUrl":"https:\/\/www.heatsupply.nl\/wp-content\/uploads\/2022\/10\/heatsupply-logo-rood.jpg","width":1000,"height":335,"caption":"Heatsupply"},"image":{"@id":"https:\/\/www.heatsupply.nl\/de\/#\/schema\/logo\/image\/"},"sameAs":["https:\/\/www.facebook.com\/heatsupplyNL","https:\/\/www.instagram.com\/heatsuppy.nl","https:\/\/www.youtube.com\/channel\/UC5pOWqQtljvxTz2SMWGWCsw"]}]},"product_price_amount":"7.95","product_price_currency":"EUR","og_availability":"instock","product_availability":"instock","product_retailer_item_id":"MISOSOUP001","product_condition":"new"},"_links":{"self":[{"href":"https:\/\/www.heatsupply.nl\/de\/wp-json\/wp\/v2\/product\/199646","targetHints":{"allow":["GET"]}}],"collection":[{"href":"https:\/\/www.heatsupply.nl\/de\/wp-json\/wp\/v2\/product"}],"about":[{"href":"https:\/\/www.heatsupply.nl\/de\/wp-json\/wp\/v2\/types\/product"}],"replies":[{"embeddable":true,"href":"https:\/\/www.heatsupply.nl\/de\/wp-json\/wp\/v2\/comments?post=199646"}],"wp:featuredmedia":[{"embeddable":true,"href":"https:\/\/www.heatsupply.nl\/de\/wp-json\/wp\/v2\/media\/199141"}],"wp:attachment":[{"href":"https:\/\/www.heatsupply.nl\/de\/wp-json\/wp\/v2\/media?parent=199646"}],"wp:term":[{"taxonomy":"product_brand","embeddable":true,"href":"https:\/\/www.heatsupply.nl\/de\/wp-json\/wp\/v2\/product_brand?post=199646"},{"taxonomy":"product_cat","embeddable":true,"href":"https:\/\/www.heatsupply.nl\/de\/wp-json\/wp\/v2\/product_cat?post=199646"},{"taxonomy":"product_tag","embeddable":true,"href":"https:\/\/www.heatsupply.nl\/de\/wp-json\/wp\/v2\/product_tag?post=199646"}],"curies":[{"name":"wp","href":"https:\/\/api.w.org\/{rel}","templated":true}]}}