{"id":199316,"date":"2026-01-30T10:24:44","date_gmt":"2026-01-30T09:24:44","guid":{"rendered":"https:\/\/www.heatsupply.nl\/product\/naogen-sichuan-sansho-sojasauce\/"},"modified":"2026-02-06T11:10:07","modified_gmt":"2026-02-06T10:10:07","slug":"naogen-sichuan-sansho-sojasauce","status":"publish","type":"product","link":"https:\/\/www.heatsupply.nl\/de\/produkt\/naogen-sichuan-sansho-sojasauce\/","title":{"rendered":"Naogen Sichuan Sansho Sojasauce"},"content":{"rendered":"<p><strong>Naogen Sichuan Sansho Sojasauce Zutaten<\/strong>: SOJASAUCE (Wasser, SOJABOHNEN, WEIZEN, Salz) (70 %), Wasser (21,2 %), Sansho-Pfeffer (4 %), Sichuanpfeffer (3 %), Alkohol (1,6 %), Polysaccharid-Verdickungsmittel (E412, E415, St\u00e4rkehydrolysat, Salz) (0,2 %).<\/p>\n<p><span style=\"text-decoration: underline;\">N\u00e4hrwerte pro 100 ml:<\/span><br \/>\nEnergie: 536 kJ\/128 kcal<br \/>\nFett: 0,2 g<br \/>\ndavon ges\u00e4ttigte Fetts\u00e4uren: 0 g<br \/>\nKohlenhydrate: 24,2 g<br \/>\ndavon Zucker: 1,5 g<br \/>\nEiwei\u00df: 7,4 g<br \/>\nSalz: 10,16 g<\/p>\n<p>Vor direkter Sonneneinstrahlung sch\u00fctzen. Gek\u00fchlt aufbewahren und nach dem \u00d6ffnen innerhalb von 3 Monaten verbrauchen.<\/p>\n","protected":false},"excerpt":{"rendered":"<p style=\"text-align: justify;\">Naogen Sansho Sojasauce wird ein ganzes Jahr lang fermentiert und bekommt dadurch eine leichte, nat\u00fcrliche S\u00fc\u00dfe und einen ausgepr\u00e4gten Umami-Geschmack. Sie wird mit einer Mischung aus Sichuanpfeffer und Sansho-Pfeffer kombiniert, was eine frische und w\u00fcrzige Note hinzuf\u00fcgt. Die Sauce reift anschlie\u00dfend ein Jahr lang in Holzf\u00e4ssern. Echte japanische Sojasauce in Top-Qualit\u00e4t.<\/p>\n<p style=\"text-align: justify;\">Du kannst sie verwenden, um Fleisch, Tofu, Gyoza oder gekochten Reis zu verfeinern. Sansho Sojasauce ist perfekt zum Kochen, zum Beispiel f\u00fcr die Zubereitung chinesischer Gerichte, und kann auch als einfaches W\u00fcrzmittel verwendet werden, in Kombination mit einem \u00d6l deiner Wahl. Verarbeitet in einem Salatdressing oder zum Anbraten von Gem\u00fcse in der Pfanne \u2013 sie hebt dein Gericht auf ein neues Level!<\/p>\n<ul>\n<li style=\"text-align: justify;\">Herkunft: Japan<\/li>\n<li style=\"text-align: justify;\">Inhalt: 120 ml<\/li>\n<\/ul>\n","protected":false},"featured_media":199165,"comment_status":"open","ping_status":"closed","template":"","meta":{"_acf_changed":false},"product_brand":[],"product_cat":[4042,4097,4067],"product_tag":[],"class_list":{"0":"post-199316","1":"product","2":"type-product","3":"status-publish","4":"has-post-thumbnail","6":"product_cat-andere-produkte","7":"product_cat-asiatische-aromen","8":"product_cat-sojasauce","10":"first","11":"outofstock","12":"taxable","13":"shipping-taxable","14":"purchasable","15":"product-type-simple"},"bundled_by":[],"bundle_stock_status":"outofstock","bundle_stock_quantity":0,"bundle_virtual":false,"bundle_layout":"","bundle_add_to_cart_form_location":"","bundle_editable_in_cart":false,"bundle_sold_individually_context":"","bundle_item_grouping":"","bundle_min_size":"","bundle_max_size":"","bundle_price":[],"bundled_items":[],"bundle_sell_ids":[],"acf":[],"yoast_head":"<!-- This site is optimized with the Yoast SEO Premium plugin v27.4 (Yoast SEO v27.4) - https:\/\/yoast.com\/product\/yoast-seo-premium-wordpress\/ -->\n<title>Naogen Sichuan Sansho Sojasauce - Heatsupply<\/title>\n<meta name=\"description\" content=\"Naogen Sansho Sojasauce wird ein Jahr lang fermentiert und wird mit einer Mischung aus Sichuanpfeffer und Sansho-Pfeffer kombiniert.\" \/>\n<meta name=\"robots\" content=\"index, follow, max-snippet:-1, max-image-preview:large, max-video-preview:-1\" \/>\n<link rel=\"canonical\" href=\"https:\/\/www.heatsupply.nl\/de\/produkt\/naogen-sichuan-sansho-sojasauce\/\" \/>\n<meta property=\"og:locale\" content=\"de_DE\" \/>\n<meta property=\"og:type\" content=\"article\" \/>\n<meta property=\"og:title\" content=\"Naogen Sichuan Sansho Sojasauce\" \/>\n<meta property=\"og:description\" content=\"Naogen Sansho Sojasauce wird ein Jahr lang fermentiert und wird mit einer Mischung aus Sichuanpfeffer und Sansho-Pfeffer kombiniert.\" \/>\n<meta property=\"og:url\" content=\"https:\/\/www.heatsupply.nl\/de\/produkt\/naogen-sichuan-sansho-sojasauce\/\" \/>\n<meta property=\"og:site_name\" content=\"Heatsupply\" \/>\n<meta property=\"article:publisher\" content=\"https:\/\/www.facebook.com\/heatsupplyNL\" \/>\n<meta property=\"article:modified_time\" content=\"2026-02-06T10:10:07+00:00\" \/>\n<meta property=\"og:image\" content=\"https:\/\/www.heatsupply.nl\/wp-content\/uploads\/2026\/01\/szechuan-sojasaus.jpg\" \/>\n\t<meta property=\"og:image:width\" content=\"1400\" \/>\n\t<meta property=\"og:image:height\" content=\"1400\" \/>\n\t<meta property=\"og:image:type\" content=\"image\/jpeg\" \/>\n<meta name=\"twitter:card\" content=\"summary_large_image\" \/>\n<meta name=\"twitter:label1\" content=\"Preis\" \/>\n\t<meta name=\"twitter:data1\" content=\"&euro;8,95\" \/>\n\t<meta name=\"twitter:label2\" content=\"Verf\u00fcgbarkeit\" \/>\n\t<meta name=\"twitter:data2\" content=\"ausverkauft\" \/>\n<script type=\"application\/ld+json\" class=\"yoast-schema-graph\">{\"@context\":\"https:\\\/\\\/schema.org\",\"@graph\":[{\"@type\":\"WebPage\",\"@id\":\"https:\\\/\\\/www.heatsupply.nl\\\/de\\\/produkt\\\/naogen-sichuan-sansho-sojasauce\\\/\",\"url\":\"https:\\\/\\\/www.heatsupply.nl\\\/de\\\/produkt\\\/naogen-sichuan-sansho-sojasauce\\\/\",\"name\":\"Naogen Sichuan Sansho Sojasauce - Heatsupply\",\"isPartOf\":{\"@id\":\"https:\\\/\\\/www.heatsupply.nl\\\/de\\\/#website\"},\"primaryImageOfPage\":{\"@id\":\"https:\\\/\\\/www.heatsupply.nl\\\/de\\\/produkt\\\/naogen-sichuan-sansho-sojasauce\\\/#primaryimage\"},\"image\":{\"@id\":\"https:\\\/\\\/www.heatsupply.nl\\\/de\\\/produkt\\\/naogen-sichuan-sansho-sojasauce\\\/#primaryimage\"},\"thumbnailUrl\":\"https:\\\/\\\/www.heatsupply.nl\\\/wp-content\\\/uploads\\\/2026\\\/01\\\/szechuan-sojasaus.jpg\",\"datePublished\":\"2026-01-30T09:24:44+00:00\",\"dateModified\":\"2026-02-06T10:10:07+00:00\",\"description\":\"Naogen Sansho Sojasauce wird ein Jahr lang fermentiert und wird mit einer Mischung aus Sichuanpfeffer und Sansho-Pfeffer kombiniert.\",\"breadcrumb\":{\"@id\":\"https:\\\/\\\/www.heatsupply.nl\\\/de\\\/produkt\\\/naogen-sichuan-sansho-sojasauce\\\/#breadcrumb\"},\"inLanguage\":\"de\",\"potentialAction\":[{\"@type\":\"ReadAction\",\"target\":[\"https:\\\/\\\/www.heatsupply.nl\\\/de\\\/produkt\\\/naogen-sichuan-sansho-sojasauce\\\/\"]}]},{\"@type\":\"ImageObject\",\"inLanguage\":\"de\",\"@id\":\"https:\\\/\\\/www.heatsupply.nl\\\/de\\\/produkt\\\/naogen-sichuan-sansho-sojasauce\\\/#primaryimage\",\"url\":\"https:\\\/\\\/www.heatsupply.nl\\\/wp-content\\\/uploads\\\/2026\\\/01\\\/szechuan-sojasaus.jpg\",\"contentUrl\":\"https:\\\/\\\/www.heatsupply.nl\\\/wp-content\\\/uploads\\\/2026\\\/01\\\/szechuan-sojasaus.jpg\",\"width\":1400,\"height\":1400,\"caption\":\"Naogen Sansho Sojasaus\"},{\"@type\":\"BreadcrumbList\",\"@id\":\"https:\\\/\\\/www.heatsupply.nl\\\/de\\\/produkt\\\/naogen-sichuan-sansho-sojasauce\\\/#breadcrumb\",\"itemListElement\":[{\"@type\":\"ListItem\",\"position\":1,\"name\":\"Home\",\"item\":\"https:\\\/\\\/www.heatsupply.nl\\\/de\\\/\"},{\"@type\":\"ListItem\",\"position\":2,\"name\":\"Alle produkten\",\"item\":\"https:\\\/\\\/www.heatsupply.nl\\\/de\\\/alle-produkten\\\/\"},{\"@type\":\"ListItem\",\"position\":3,\"name\":\"Andere produkte\",\"item\":\"https:\\\/\\\/www.heatsupply.nl\\\/de\\\/andere-produkte\\\/\"},{\"@type\":\"ListItem\",\"position\":4,\"name\":\"Asiatische Aromen\",\"item\":\"https:\\\/\\\/www.heatsupply.nl\\\/de\\\/andere-produkte\\\/asiatische-aromen\\\/\"},{\"@type\":\"ListItem\",\"position\":5,\"name\":\"Sojasauce\",\"item\":\"https:\\\/\\\/www.heatsupply.nl\\\/de\\\/andere-produkte\\\/asiatische-aromen\\\/sojasauce\\\/\"},{\"@type\":\"ListItem\",\"position\":6,\"name\":\"Naogen Sichuan Sansho Sojasauce\"}]},{\"@type\":\"WebSite\",\"@id\":\"https:\\\/\\\/www.heatsupply.nl\\\/de\\\/#website\",\"url\":\"https:\\\/\\\/www.heatsupply.nl\\\/de\\\/\",\"name\":\"Heatsupply\",\"description\":\"Hot sauce webstore #1 in Europe\",\"publisher\":{\"@id\":\"https:\\\/\\\/www.heatsupply.nl\\\/de\\\/#organization\"},\"potentialAction\":[{\"@type\":\"SearchAction\",\"target\":{\"@type\":\"EntryPoint\",\"urlTemplate\":\"https:\\\/\\\/www.heatsupply.nl\\\/de\\\/?s={search_term_string}\"},\"query-input\":{\"@type\":\"PropertyValueSpecification\",\"valueRequired\":true,\"valueName\":\"search_term_string\"}}],\"inLanguage\":\"de\"},{\"@type\":\"Organization\",\"@id\":\"https:\\\/\\\/www.heatsupply.nl\\\/de\\\/#organization\",\"name\":\"Heatsupply\",\"url\":\"https:\\\/\\\/www.heatsupply.nl\\\/de\\\/\",\"logo\":{\"@type\":\"ImageObject\",\"inLanguage\":\"de\",\"@id\":\"https:\\\/\\\/www.heatsupply.nl\\\/de\\\/#\\\/schema\\\/logo\\\/image\\\/\",\"url\":\"https:\\\/\\\/www.heatsupply.nl\\\/wp-content\\\/uploads\\\/2022\\\/10\\\/heatsupply-logo-rood.jpg\",\"contentUrl\":\"https:\\\/\\\/www.heatsupply.nl\\\/wp-content\\\/uploads\\\/2022\\\/10\\\/heatsupply-logo-rood.jpg\",\"width\":1000,\"height\":335,\"caption\":\"Heatsupply\"},\"image\":{\"@id\":\"https:\\\/\\\/www.heatsupply.nl\\\/de\\\/#\\\/schema\\\/logo\\\/image\\\/\"},\"sameAs\":[\"https:\\\/\\\/www.facebook.com\\\/heatsupplyNL\",\"https:\\\/\\\/www.instagram.com\\\/heatsuppy.nl\",\"https:\\\/\\\/www.youtube.com\\\/channel\\\/UC5pOWqQtljvxTz2SMWGWCsw\"]}]}<\/script>\n<meta property=\"product:price:amount\" content=\"8.95\" \/>\n<meta property=\"product:price:currency\" content=\"EUR\" \/>\n<meta property=\"og:availability\" content=\"out of stock\" \/>\n<meta property=\"product:availability\" content=\"out of stock\" \/>\n<meta property=\"product:retailer_item_id\" content=\"NAOSICSOY001\" \/>\n<meta property=\"product:condition\" content=\"new\" \/>\n<!-- \/ Yoast SEO Premium plugin. -->","yoast_head_json":{"title":"Naogen Sichuan Sansho Sojasauce - Heatsupply","description":"Naogen Sansho Sojasauce wird ein Jahr lang fermentiert und wird mit einer Mischung aus Sichuanpfeffer und Sansho-Pfeffer kombiniert.","robots":{"index":"index","follow":"follow","max-snippet":"max-snippet:-1","max-image-preview":"max-image-preview:large","max-video-preview":"max-video-preview:-1"},"canonical":"https:\/\/www.heatsupply.nl\/de\/produkt\/naogen-sichuan-sansho-sojasauce\/","og_locale":"de_DE","og_type":"article","og_title":"Naogen Sichuan Sansho Sojasauce","og_description":"Naogen Sansho Sojasauce wird ein Jahr lang fermentiert und wird mit einer Mischung aus Sichuanpfeffer und Sansho-Pfeffer kombiniert.","og_url":"https:\/\/www.heatsupply.nl\/de\/produkt\/naogen-sichuan-sansho-sojasauce\/","og_site_name":"Heatsupply","article_publisher":"https:\/\/www.facebook.com\/heatsupplyNL","article_modified_time":"2026-02-06T10:10:07+00:00","og_image":[{"width":1400,"height":1400,"url":"https:\/\/www.heatsupply.nl\/wp-content\/uploads\/2026\/01\/szechuan-sojasaus.jpg","type":"image\/jpeg"}],"twitter_card":"summary_large_image","twitter_misc":{"Preis":"&euro;8,95","Verf\u00fcgbarkeit":"ausverkauft"},"schema":{"@context":"https:\/\/schema.org","@graph":[{"@type":"WebPage","@id":"https:\/\/www.heatsupply.nl\/de\/produkt\/naogen-sichuan-sansho-sojasauce\/","url":"https:\/\/www.heatsupply.nl\/de\/produkt\/naogen-sichuan-sansho-sojasauce\/","name":"Naogen Sichuan Sansho Sojasauce - Heatsupply","isPartOf":{"@id":"https:\/\/www.heatsupply.nl\/de\/#website"},"primaryImageOfPage":{"@id":"https:\/\/www.heatsupply.nl\/de\/produkt\/naogen-sichuan-sansho-sojasauce\/#primaryimage"},"image":{"@id":"https:\/\/www.heatsupply.nl\/de\/produkt\/naogen-sichuan-sansho-sojasauce\/#primaryimage"},"thumbnailUrl":"https:\/\/www.heatsupply.nl\/wp-content\/uploads\/2026\/01\/szechuan-sojasaus.jpg","datePublished":"2026-01-30T09:24:44+00:00","dateModified":"2026-02-06T10:10:07+00:00","description":"Naogen Sansho Sojasauce wird ein Jahr lang fermentiert und wird mit einer Mischung aus Sichuanpfeffer und Sansho-Pfeffer kombiniert.","breadcrumb":{"@id":"https:\/\/www.heatsupply.nl\/de\/produkt\/naogen-sichuan-sansho-sojasauce\/#breadcrumb"},"inLanguage":"de","potentialAction":[{"@type":"ReadAction","target":["https:\/\/www.heatsupply.nl\/de\/produkt\/naogen-sichuan-sansho-sojasauce\/"]}]},{"@type":"ImageObject","inLanguage":"de","@id":"https:\/\/www.heatsupply.nl\/de\/produkt\/naogen-sichuan-sansho-sojasauce\/#primaryimage","url":"https:\/\/www.heatsupply.nl\/wp-content\/uploads\/2026\/01\/szechuan-sojasaus.jpg","contentUrl":"https:\/\/www.heatsupply.nl\/wp-content\/uploads\/2026\/01\/szechuan-sojasaus.jpg","width":1400,"height":1400,"caption":"Naogen Sansho Sojasaus"},{"@type":"BreadcrumbList","@id":"https:\/\/www.heatsupply.nl\/de\/produkt\/naogen-sichuan-sansho-sojasauce\/#breadcrumb","itemListElement":[{"@type":"ListItem","position":1,"name":"Home","item":"https:\/\/www.heatsupply.nl\/de\/"},{"@type":"ListItem","position":2,"name":"Alle produkten","item":"https:\/\/www.heatsupply.nl\/de\/alle-produkten\/"},{"@type":"ListItem","position":3,"name":"Andere produkte","item":"https:\/\/www.heatsupply.nl\/de\/andere-produkte\/"},{"@type":"ListItem","position":4,"name":"Asiatische Aromen","item":"https:\/\/www.heatsupply.nl\/de\/andere-produkte\/asiatische-aromen\/"},{"@type":"ListItem","position":5,"name":"Sojasauce","item":"https:\/\/www.heatsupply.nl\/de\/andere-produkte\/asiatische-aromen\/sojasauce\/"},{"@type":"ListItem","position":6,"name":"Naogen Sichuan Sansho Sojasauce"}]},{"@type":"WebSite","@id":"https:\/\/www.heatsupply.nl\/de\/#website","url":"https:\/\/www.heatsupply.nl\/de\/","name":"Heatsupply","description":"Hot sauce webstore #1 in Europe","publisher":{"@id":"https:\/\/www.heatsupply.nl\/de\/#organization"},"potentialAction":[{"@type":"SearchAction","target":{"@type":"EntryPoint","urlTemplate":"https:\/\/www.heatsupply.nl\/de\/?s={search_term_string}"},"query-input":{"@type":"PropertyValueSpecification","valueRequired":true,"valueName":"search_term_string"}}],"inLanguage":"de"},{"@type":"Organization","@id":"https:\/\/www.heatsupply.nl\/de\/#organization","name":"Heatsupply","url":"https:\/\/www.heatsupply.nl\/de\/","logo":{"@type":"ImageObject","inLanguage":"de","@id":"https:\/\/www.heatsupply.nl\/de\/#\/schema\/logo\/image\/","url":"https:\/\/www.heatsupply.nl\/wp-content\/uploads\/2022\/10\/heatsupply-logo-rood.jpg","contentUrl":"https:\/\/www.heatsupply.nl\/wp-content\/uploads\/2022\/10\/heatsupply-logo-rood.jpg","width":1000,"height":335,"caption":"Heatsupply"},"image":{"@id":"https:\/\/www.heatsupply.nl\/de\/#\/schema\/logo\/image\/"},"sameAs":["https:\/\/www.facebook.com\/heatsupplyNL","https:\/\/www.instagram.com\/heatsuppy.nl","https:\/\/www.youtube.com\/channel\/UC5pOWqQtljvxTz2SMWGWCsw"]}]},"product_price_amount":"8.95","product_price_currency":"EUR","og_availability":"out of stock","product_availability":"out of stock","product_retailer_item_id":"NAOSICSOY001","product_condition":"new"},"_links":{"self":[{"href":"https:\/\/www.heatsupply.nl\/de\/wp-json\/wp\/v2\/product\/199316","targetHints":{"allow":["GET"]}}],"collection":[{"href":"https:\/\/www.heatsupply.nl\/de\/wp-json\/wp\/v2\/product"}],"about":[{"href":"https:\/\/www.heatsupply.nl\/de\/wp-json\/wp\/v2\/types\/product"}],"replies":[{"embeddable":true,"href":"https:\/\/www.heatsupply.nl\/de\/wp-json\/wp\/v2\/comments?post=199316"}],"wp:featuredmedia":[{"embeddable":true,"href":"https:\/\/www.heatsupply.nl\/de\/wp-json\/wp\/v2\/media\/199165"}],"wp:attachment":[{"href":"https:\/\/www.heatsupply.nl\/de\/wp-json\/wp\/v2\/media?parent=199316"}],"wp:term":[{"taxonomy":"product_brand","embeddable":true,"href":"https:\/\/www.heatsupply.nl\/de\/wp-json\/wp\/v2\/product_brand?post=199316"},{"taxonomy":"product_cat","embeddable":true,"href":"https:\/\/www.heatsupply.nl\/de\/wp-json\/wp\/v2\/product_cat?post=199316"},{"taxonomy":"product_tag","embeddable":true,"href":"https:\/\/www.heatsupply.nl\/de\/wp-json\/wp\/v2\/product_tag?post=199316"}],"curies":[{"name":"wp","href":"https:\/\/api.w.org\/{rel}","templated":true}]}}