{"id":199313,"date":"2026-01-30T10:10:12","date_gmt":"2026-01-30T09:10:12","guid":{"rendered":"https:\/\/www.heatsupply.nl\/product\/naogen-ingwer-sojasauce\/"},"modified":"2026-02-06T11:10:07","modified_gmt":"2026-02-06T10:10:07","slug":"naogen-ingwer-sojasauce","status":"publish","type":"product","link":"https:\/\/www.heatsupply.nl\/de\/produkt\/naogen-ingwer-sojasauce\/","title":{"rendered":"Naogen Ingwer Sojasauce"},"content":{"rendered":"<p><strong>Naogen Ingwer Sojasauce Zutaten<\/strong>: SOJASAUCE (Wasser, SOJABOHNEN, WEIZEN, Salz) (76,22 %), Ingwersaft (13,37 %), geriebener Ingwer (8,92 %), Alkohol (1,49 %)<\/p>\n<p><span style=\"text-decoration: underline;\">N\u00e4hrwerte pro 100 ml:<\/span><br \/>\nEnergie: 381 kJ\/91 kcal<br \/>\nFett: 0,8 g<br \/>\ndavon ges\u00e4ttigte Fetts\u00e4uren: 0,2 g<br \/>\nKohlenhydrate: 14,3 g<br \/>\ndavon Zucker: 1,2 g<br \/>\nEiwei\u00df: 6,7 g<br \/>\nSalz: 12 g<\/p>\n<p>Vor direkter Sonneneinstrahlung sch\u00fctzen. Gek\u00fchlt aufbewahren und nach dem \u00d6ffnen innerhalb von 3 Monaten verbrauchen.<\/p>\n","protected":false},"excerpt":{"rendered":"<p style=\"text-align: justify;\">Naogen Ingwer Sojasauce ist echte japanische Sojasauce in Top-Qualit\u00e4t. Diese Sojasauce mit Ingwergeschmack wird aus Naogens charakteristischer Koikuchi Marudaizu Sojasauce hergestellt, der geriebener Ingwer aus der Pr\u00e4fektur Kochi, bekannt f\u00fcr seine Ingwerproduktion, hinzugef\u00fcgt wurde. Naogens Ingwer Sojasauce enth\u00e4lt weniger Salz als normale Sojasauce.<\/p>\n<p style=\"text-align: justify;\">Perfekt, um deine gebratenen Nudeln oder Gem\u00fcse, gebratenen Reis, gegrilltes Schweinefleisch oder sogar Sashimi damit zu verfeinern. Besonders Sashimi von wei\u00dfem Fisch wie Makrele oder Tintenfisch. Sie verleiht auch rohem Gem\u00fcse und frittierten Gerichten wie Karaage und Eint\u00f6pfen eine frische Note.<\/p>\n<ul>\n<li style=\"text-align: justify;\">Herkunft: Japan<\/li>\n<li style=\"text-align: justify;\">Inhalt: 120 ml<\/li>\n<\/ul>\n","protected":false},"featured_media":199144,"comment_status":"open","ping_status":"closed","template":"","meta":{"_acf_changed":false},"product_brand":[],"product_cat":[4042,4097,4067],"product_tag":[],"class_list":{"0":"post-199313","1":"product","2":"type-product","3":"status-publish","4":"has-post-thumbnail","6":"product_cat-andere-produkte","7":"product_cat-asiatische-aromen","8":"product_cat-sojasauce","10":"first","11":"instock","12":"taxable","13":"shipping-taxable","14":"purchasable","15":"product-type-simple"},"bundled_by":[],"bundle_stock_status":"instock","bundle_stock_quantity":23,"bundle_virtual":false,"bundle_layout":"","bundle_add_to_cart_form_location":"","bundle_editable_in_cart":false,"bundle_sold_individually_context":"","bundle_item_grouping":"","bundle_min_size":"","bundle_max_size":"","bundle_price":[],"bundled_items":[],"bundle_sell_ids":[],"acf":[],"yoast_head":"<!-- This site is optimized with the Yoast SEO Premium plugin v27.4 (Yoast SEO v27.4) - https:\/\/yoast.com\/product\/yoast-seo-premium-wordpress\/ -->\n<title>Naogen Ingwer Sojasauce - Heatsupply<\/title>\n<meta name=\"description\" content=\"Naogen Ingwer Sojasauce ist eine authentische, hochwertige japanische Sojasauce. Hergestellt mit Naogens charakteristischer Koikuchi Marudaizu Sojasauce und geriebenem Ingwer.\" \/>\n<meta name=\"robots\" content=\"index, follow, max-snippet:-1, max-image-preview:large, max-video-preview:-1\" \/>\n<link rel=\"canonical\" href=\"https:\/\/www.heatsupply.nl\/de\/produkt\/naogen-ingwer-sojasauce\/\" \/>\n<meta property=\"og:locale\" content=\"de_DE\" \/>\n<meta property=\"og:type\" content=\"article\" \/>\n<meta property=\"og:title\" content=\"Naogen Ingwer Sojasauce\" \/>\n<meta property=\"og:description\" content=\"Naogen Ingwer Sojasauce ist eine authentische, hochwertige japanische Sojasauce. Hergestellt mit Naogens charakteristischer Koikuchi Marudaizu Sojasauce und geriebenem Ingwer.\" \/>\n<meta property=\"og:url\" content=\"https:\/\/www.heatsupply.nl\/de\/produkt\/naogen-ingwer-sojasauce\/\" \/>\n<meta property=\"og:site_name\" content=\"Heatsupply\" \/>\n<meta property=\"article:publisher\" content=\"https:\/\/www.facebook.com\/heatsupplyNL\" \/>\n<meta property=\"article:modified_time\" content=\"2026-02-06T10:10:07+00:00\" \/>\n<meta property=\"og:image\" content=\"https:\/\/www.heatsupply.nl\/wp-content\/uploads\/2026\/01\/japanse-gember-sojasaus.jpg\" \/>\n\t<meta property=\"og:image:width\" content=\"1400\" \/>\n\t<meta property=\"og:image:height\" content=\"1400\" \/>\n\t<meta property=\"og:image:type\" content=\"image\/jpeg\" \/>\n<meta name=\"twitter:card\" content=\"summary_large_image\" \/>\n<meta name=\"twitter:label1\" content=\"Preis\" \/>\n\t<meta name=\"twitter:data1\" content=\"&euro;8,95\" \/>\n\t<meta name=\"twitter:label2\" content=\"Verf\u00fcgbarkeit\" \/>\n\t<meta name=\"twitter:data2\" content=\"Auf Lager\" \/>\n<script type=\"application\/ld+json\" class=\"yoast-schema-graph\">{\"@context\":\"https:\\\/\\\/schema.org\",\"@graph\":[{\"@type\":\"WebPage\",\"@id\":\"https:\\\/\\\/www.heatsupply.nl\\\/de\\\/produkt\\\/naogen-ingwer-sojasauce\\\/\",\"url\":\"https:\\\/\\\/www.heatsupply.nl\\\/de\\\/produkt\\\/naogen-ingwer-sojasauce\\\/\",\"name\":\"Naogen Ingwer Sojasauce - Heatsupply\",\"isPartOf\":{\"@id\":\"https:\\\/\\\/www.heatsupply.nl\\\/de\\\/#website\"},\"primaryImageOfPage\":{\"@id\":\"https:\\\/\\\/www.heatsupply.nl\\\/de\\\/produkt\\\/naogen-ingwer-sojasauce\\\/#primaryimage\"},\"image\":{\"@id\":\"https:\\\/\\\/www.heatsupply.nl\\\/de\\\/produkt\\\/naogen-ingwer-sojasauce\\\/#primaryimage\"},\"thumbnailUrl\":\"https:\\\/\\\/www.heatsupply.nl\\\/wp-content\\\/uploads\\\/2026\\\/01\\\/japanse-gember-sojasaus.jpg\",\"datePublished\":\"2026-01-30T09:10:12+00:00\",\"dateModified\":\"2026-02-06T10:10:07+00:00\",\"description\":\"Naogen Ingwer Sojasauce ist eine authentische, hochwertige japanische Sojasauce. Hergestellt mit Naogens charakteristischer Koikuchi Marudaizu Sojasauce und geriebenem Ingwer.\",\"breadcrumb\":{\"@id\":\"https:\\\/\\\/www.heatsupply.nl\\\/de\\\/produkt\\\/naogen-ingwer-sojasauce\\\/#breadcrumb\"},\"inLanguage\":\"de\",\"potentialAction\":[{\"@type\":\"ReadAction\",\"target\":[\"https:\\\/\\\/www.heatsupply.nl\\\/de\\\/produkt\\\/naogen-ingwer-sojasauce\\\/\"]}]},{\"@type\":\"ImageObject\",\"inLanguage\":\"de\",\"@id\":\"https:\\\/\\\/www.heatsupply.nl\\\/de\\\/produkt\\\/naogen-ingwer-sojasauce\\\/#primaryimage\",\"url\":\"https:\\\/\\\/www.heatsupply.nl\\\/wp-content\\\/uploads\\\/2026\\\/01\\\/japanse-gember-sojasaus.jpg\",\"contentUrl\":\"https:\\\/\\\/www.heatsupply.nl\\\/wp-content\\\/uploads\\\/2026\\\/01\\\/japanse-gember-sojasaus.jpg\",\"width\":1400,\"height\":1400,\"caption\":\"naogen ingwer sojasauce\"},{\"@type\":\"BreadcrumbList\",\"@id\":\"https:\\\/\\\/www.heatsupply.nl\\\/de\\\/produkt\\\/naogen-ingwer-sojasauce\\\/#breadcrumb\",\"itemListElement\":[{\"@type\":\"ListItem\",\"position\":1,\"name\":\"Home\",\"item\":\"https:\\\/\\\/www.heatsupply.nl\\\/de\\\/\"},{\"@type\":\"ListItem\",\"position\":2,\"name\":\"Alle produkten\",\"item\":\"https:\\\/\\\/www.heatsupply.nl\\\/de\\\/alle-produkten\\\/\"},{\"@type\":\"ListItem\",\"position\":3,\"name\":\"Andere produkte\",\"item\":\"https:\\\/\\\/www.heatsupply.nl\\\/de\\\/andere-produkte\\\/\"},{\"@type\":\"ListItem\",\"position\":4,\"name\":\"Asiatische Aromen\",\"item\":\"https:\\\/\\\/www.heatsupply.nl\\\/de\\\/andere-produkte\\\/asiatische-aromen\\\/\"},{\"@type\":\"ListItem\",\"position\":5,\"name\":\"Sojasauce\",\"item\":\"https:\\\/\\\/www.heatsupply.nl\\\/de\\\/andere-produkte\\\/asiatische-aromen\\\/sojasauce\\\/\"},{\"@type\":\"ListItem\",\"position\":6,\"name\":\"Naogen Ingwer Sojasauce\"}]},{\"@type\":\"WebSite\",\"@id\":\"https:\\\/\\\/www.heatsupply.nl\\\/de\\\/#website\",\"url\":\"https:\\\/\\\/www.heatsupply.nl\\\/de\\\/\",\"name\":\"Heatsupply\",\"description\":\"Hot sauce webstore #1 in Europe\",\"publisher\":{\"@id\":\"https:\\\/\\\/www.heatsupply.nl\\\/de\\\/#organization\"},\"potentialAction\":[{\"@type\":\"SearchAction\",\"target\":{\"@type\":\"EntryPoint\",\"urlTemplate\":\"https:\\\/\\\/www.heatsupply.nl\\\/de\\\/?s={search_term_string}\"},\"query-input\":{\"@type\":\"PropertyValueSpecification\",\"valueRequired\":true,\"valueName\":\"search_term_string\"}}],\"inLanguage\":\"de\"},{\"@type\":\"Organization\",\"@id\":\"https:\\\/\\\/www.heatsupply.nl\\\/de\\\/#organization\",\"name\":\"Heatsupply\",\"url\":\"https:\\\/\\\/www.heatsupply.nl\\\/de\\\/\",\"logo\":{\"@type\":\"ImageObject\",\"inLanguage\":\"de\",\"@id\":\"https:\\\/\\\/www.heatsupply.nl\\\/de\\\/#\\\/schema\\\/logo\\\/image\\\/\",\"url\":\"https:\\\/\\\/www.heatsupply.nl\\\/wp-content\\\/uploads\\\/2022\\\/10\\\/heatsupply-logo-rood.jpg\",\"contentUrl\":\"https:\\\/\\\/www.heatsupply.nl\\\/wp-content\\\/uploads\\\/2022\\\/10\\\/heatsupply-logo-rood.jpg\",\"width\":1000,\"height\":335,\"caption\":\"Heatsupply\"},\"image\":{\"@id\":\"https:\\\/\\\/www.heatsupply.nl\\\/de\\\/#\\\/schema\\\/logo\\\/image\\\/\"},\"sameAs\":[\"https:\\\/\\\/www.facebook.com\\\/heatsupplyNL\",\"https:\\\/\\\/www.instagram.com\\\/heatsuppy.nl\",\"https:\\\/\\\/www.youtube.com\\\/channel\\\/UC5pOWqQtljvxTz2SMWGWCsw\"]}]}<\/script>\n<meta property=\"product:price:amount\" content=\"8.95\" \/>\n<meta property=\"product:price:currency\" content=\"EUR\" \/>\n<meta property=\"og:availability\" content=\"instock\" \/>\n<meta property=\"product:availability\" content=\"instock\" \/>\n<meta property=\"product:retailer_item_id\" content=\"NAOGINSOY001\" \/>\n<meta property=\"product:condition\" content=\"new\" \/>\n<!-- \/ Yoast SEO Premium plugin. -->","yoast_head_json":{"title":"Naogen Ingwer Sojasauce - Heatsupply","description":"Naogen Ingwer Sojasauce ist eine authentische, hochwertige japanische Sojasauce. Hergestellt mit Naogens charakteristischer Koikuchi Marudaizu Sojasauce und geriebenem Ingwer.","robots":{"index":"index","follow":"follow","max-snippet":"max-snippet:-1","max-image-preview":"max-image-preview:large","max-video-preview":"max-video-preview:-1"},"canonical":"https:\/\/www.heatsupply.nl\/de\/produkt\/naogen-ingwer-sojasauce\/","og_locale":"de_DE","og_type":"article","og_title":"Naogen Ingwer Sojasauce","og_description":"Naogen Ingwer Sojasauce ist eine authentische, hochwertige japanische Sojasauce. Hergestellt mit Naogens charakteristischer Koikuchi Marudaizu Sojasauce und geriebenem Ingwer.","og_url":"https:\/\/www.heatsupply.nl\/de\/produkt\/naogen-ingwer-sojasauce\/","og_site_name":"Heatsupply","article_publisher":"https:\/\/www.facebook.com\/heatsupplyNL","article_modified_time":"2026-02-06T10:10:07+00:00","og_image":[{"width":1400,"height":1400,"url":"https:\/\/www.heatsupply.nl\/wp-content\/uploads\/2026\/01\/japanse-gember-sojasaus.jpg","type":"image\/jpeg"}],"twitter_card":"summary_large_image","twitter_misc":{"Preis":"&euro;8,95","Verf\u00fcgbarkeit":"Auf Lager"},"schema":{"@context":"https:\/\/schema.org","@graph":[{"@type":"WebPage","@id":"https:\/\/www.heatsupply.nl\/de\/produkt\/naogen-ingwer-sojasauce\/","url":"https:\/\/www.heatsupply.nl\/de\/produkt\/naogen-ingwer-sojasauce\/","name":"Naogen Ingwer Sojasauce - Heatsupply","isPartOf":{"@id":"https:\/\/www.heatsupply.nl\/de\/#website"},"primaryImageOfPage":{"@id":"https:\/\/www.heatsupply.nl\/de\/produkt\/naogen-ingwer-sojasauce\/#primaryimage"},"image":{"@id":"https:\/\/www.heatsupply.nl\/de\/produkt\/naogen-ingwer-sojasauce\/#primaryimage"},"thumbnailUrl":"https:\/\/www.heatsupply.nl\/wp-content\/uploads\/2026\/01\/japanse-gember-sojasaus.jpg","datePublished":"2026-01-30T09:10:12+00:00","dateModified":"2026-02-06T10:10:07+00:00","description":"Naogen Ingwer Sojasauce ist eine authentische, hochwertige japanische Sojasauce. Hergestellt mit Naogens charakteristischer Koikuchi Marudaizu Sojasauce und geriebenem Ingwer.","breadcrumb":{"@id":"https:\/\/www.heatsupply.nl\/de\/produkt\/naogen-ingwer-sojasauce\/#breadcrumb"},"inLanguage":"de","potentialAction":[{"@type":"ReadAction","target":["https:\/\/www.heatsupply.nl\/de\/produkt\/naogen-ingwer-sojasauce\/"]}]},{"@type":"ImageObject","inLanguage":"de","@id":"https:\/\/www.heatsupply.nl\/de\/produkt\/naogen-ingwer-sojasauce\/#primaryimage","url":"https:\/\/www.heatsupply.nl\/wp-content\/uploads\/2026\/01\/japanse-gember-sojasaus.jpg","contentUrl":"https:\/\/www.heatsupply.nl\/wp-content\/uploads\/2026\/01\/japanse-gember-sojasaus.jpg","width":1400,"height":1400,"caption":"naogen ingwer sojasauce"},{"@type":"BreadcrumbList","@id":"https:\/\/www.heatsupply.nl\/de\/produkt\/naogen-ingwer-sojasauce\/#breadcrumb","itemListElement":[{"@type":"ListItem","position":1,"name":"Home","item":"https:\/\/www.heatsupply.nl\/de\/"},{"@type":"ListItem","position":2,"name":"Alle produkten","item":"https:\/\/www.heatsupply.nl\/de\/alle-produkten\/"},{"@type":"ListItem","position":3,"name":"Andere produkte","item":"https:\/\/www.heatsupply.nl\/de\/andere-produkte\/"},{"@type":"ListItem","position":4,"name":"Asiatische Aromen","item":"https:\/\/www.heatsupply.nl\/de\/andere-produkte\/asiatische-aromen\/"},{"@type":"ListItem","position":5,"name":"Sojasauce","item":"https:\/\/www.heatsupply.nl\/de\/andere-produkte\/asiatische-aromen\/sojasauce\/"},{"@type":"ListItem","position":6,"name":"Naogen Ingwer Sojasauce"}]},{"@type":"WebSite","@id":"https:\/\/www.heatsupply.nl\/de\/#website","url":"https:\/\/www.heatsupply.nl\/de\/","name":"Heatsupply","description":"Hot sauce webstore #1 in Europe","publisher":{"@id":"https:\/\/www.heatsupply.nl\/de\/#organization"},"potentialAction":[{"@type":"SearchAction","target":{"@type":"EntryPoint","urlTemplate":"https:\/\/www.heatsupply.nl\/de\/?s={search_term_string}"},"query-input":{"@type":"PropertyValueSpecification","valueRequired":true,"valueName":"search_term_string"}}],"inLanguage":"de"},{"@type":"Organization","@id":"https:\/\/www.heatsupply.nl\/de\/#organization","name":"Heatsupply","url":"https:\/\/www.heatsupply.nl\/de\/","logo":{"@type":"ImageObject","inLanguage":"de","@id":"https:\/\/www.heatsupply.nl\/de\/#\/schema\/logo\/image\/","url":"https:\/\/www.heatsupply.nl\/wp-content\/uploads\/2022\/10\/heatsupply-logo-rood.jpg","contentUrl":"https:\/\/www.heatsupply.nl\/wp-content\/uploads\/2022\/10\/heatsupply-logo-rood.jpg","width":1000,"height":335,"caption":"Heatsupply"},"image":{"@id":"https:\/\/www.heatsupply.nl\/de\/#\/schema\/logo\/image\/"},"sameAs":["https:\/\/www.facebook.com\/heatsupplyNL","https:\/\/www.instagram.com\/heatsuppy.nl","https:\/\/www.youtube.com\/channel\/UC5pOWqQtljvxTz2SMWGWCsw"]}]},"product_price_amount":"8.95","product_price_currency":"EUR","og_availability":"instock","product_availability":"instock","product_retailer_item_id":"NAOGINSOY001","product_condition":"new"},"_links":{"self":[{"href":"https:\/\/www.heatsupply.nl\/de\/wp-json\/wp\/v2\/product\/199313","targetHints":{"allow":["GET"]}}],"collection":[{"href":"https:\/\/www.heatsupply.nl\/de\/wp-json\/wp\/v2\/product"}],"about":[{"href":"https:\/\/www.heatsupply.nl\/de\/wp-json\/wp\/v2\/types\/product"}],"replies":[{"embeddable":true,"href":"https:\/\/www.heatsupply.nl\/de\/wp-json\/wp\/v2\/comments?post=199313"}],"wp:featuredmedia":[{"embeddable":true,"href":"https:\/\/www.heatsupply.nl\/de\/wp-json\/wp\/v2\/media\/199144"}],"wp:attachment":[{"href":"https:\/\/www.heatsupply.nl\/de\/wp-json\/wp\/v2\/media?parent=199313"}],"wp:term":[{"taxonomy":"product_brand","embeddable":true,"href":"https:\/\/www.heatsupply.nl\/de\/wp-json\/wp\/v2\/product_brand?post=199313"},{"taxonomy":"product_cat","embeddable":true,"href":"https:\/\/www.heatsupply.nl\/de\/wp-json\/wp\/v2\/product_cat?post=199313"},{"taxonomy":"product_tag","embeddable":true,"href":"https:\/\/www.heatsupply.nl\/de\/wp-json\/wp\/v2\/product_tag?post=199313"}],"curies":[{"name":"wp","href":"https:\/\/api.w.org\/{rel}","templated":true}]}}