{"id":199206,"date":"2026-01-28T16:30:13","date_gmt":"2026-01-28T15:30:13","guid":{"rendered":"https:\/\/www.heatsupply.nl\/product\/glug-extra-natives-olivenoel-zum-betraeufeln\/"},"modified":"2026-02-06T16:44:52","modified_gmt":"2026-02-06T15:44:52","slug":"glug-extra-natives-olivenoel-zum-betraeufeln","status":"publish","type":"product","link":"https:\/\/www.heatsupply.nl\/de\/produkt\/glug-extra-natives-olivenoel-zum-betraeufeln\/","title":{"rendered":"Glug Extra Natives Oliven\u00f6l (Zum Betr\u00e4ufeln)"},"content":{"rendered":"<p><strong>Zutaten Glug Extra Natives Oliven\u00f6l (Zum Betr\u00e4ufeln)<\/strong>: 100 % Picual-Oliven<\/p>\n<p><span style=\"text-decoration: underline;\">N\u00e4hrwerte pro 100 ml:<\/span><br \/>\nEnergie: 3700 kJ\/900 kcal<br \/>\nFett: 100 g<br \/>\ndavon ges\u00e4ttigte Fetts\u00e4uren: 16 g<br \/>\nKohlenhydrate: 0 g<br \/>\ndavon Zucker: 0 g<br \/>\nEiwei\u00df: 0 g<br \/>\nSalz: 0 g<\/p>\n<p>K\u00fchl lagern. Vor Licht und W\u00e4rme sch\u00fctzen.<\/p>\n","protected":false},"excerpt":{"rendered":"<p style=\"text-align: justify;\">Glug Extra Natives Oliven\u00f6l (Zum Betr\u00e4ufeln) wird aus kraftvollen Picual-Oliven hergestellt, die zwischen Oktober und November in Ja\u00e9n, Spanien, geerntet werden. Das Ergebnis? Ein superfrisches kaltgepresstes extra natives Oliven\u00f6l voller frischer, grasiger Aromen und gesunder Polyphenole. Keine Mischungen, keine Chemikalien &#8211; einfach gro\u00dfartiges Oliven\u00f6l, hergestellt auf traditionelle Weise. Gro\u00dfz\u00fcgig \u00fcber Brot, Pasta, Salate und sogar Eis tr\u00e4ufeln. Spitzenklasse!<\/p>\n<ul>\n<li style=\"text-align: justify;\">Herkunft: Ja\u00e9n, Spanien<\/li>\n<li style=\"text-align: justify;\">Inhalt: 750 ml<\/li>\n<\/ul>\n","protected":false},"featured_media":199118,"comment_status":"open","ping_status":"closed","template":"","meta":{"_acf_changed":false},"product_brand":[],"product_cat":[4042,3968,4032,4071],"product_tag":[],"class_list":{"0":"post-199206","1":"product","2":"type-product","3":"status-publish","4":"has-post-thumbnail","6":"product_cat-andere-produkte","7":"product_cat-geschenke","8":"product_cat-oel-und-essig","9":"product_cat-unter-30","11":"first","12":"outofstock","13":"taxable","14":"shipping-taxable","15":"purchasable","16":"product-type-simple"},"bundled_by":[],"bundle_stock_status":"outofstock","bundle_stock_quantity":0,"bundle_virtual":false,"bundle_layout":"","bundle_add_to_cart_form_location":"","bundle_editable_in_cart":false,"bundle_sold_individually_context":"","bundle_item_grouping":"","bundle_min_size":"","bundle_max_size":"","bundle_price":[],"bundled_items":[],"bundle_sell_ids":[],"acf":[],"yoast_head":"<!-- This site is optimized with the Yoast SEO Premium plugin v27.5 (Yoast SEO v27.5) - https:\/\/yoast.com\/product\/yoast-seo-premium-wordpress\/ -->\n<title>Glug Extra Natives Oliven\u00f6l (Zum Betr\u00e4ufeln) - Heatsupply<\/title>\n<meta name=\"description\" content=\"Glug Extra Natives Oliven\u00f6l (Zum Betr\u00e4ufeln) wird aus Picual-Oliven hergestellt, die zwischen Oktober und November in Ja\u00e9n, Spanien, geerntet werden.\" \/>\n<meta name=\"robots\" content=\"index, follow, max-snippet:-1, max-image-preview:large, max-video-preview:-1\" \/>\n<link rel=\"canonical\" href=\"https:\/\/www.heatsupply.nl\/de\/produkt\/glug-extra-natives-olivenoel-zum-betraeufeln\/\" \/>\n<meta property=\"og:locale\" content=\"de_DE\" \/>\n<meta property=\"og:type\" content=\"article\" \/>\n<meta property=\"og:title\" content=\"Glug Extra Natives Oliven\u00f6l (Zum Betr\u00e4ufeln)\" \/>\n<meta property=\"og:description\" content=\"Glug Extra Natives Oliven\u00f6l (Zum Betr\u00e4ufeln) wird aus Picual-Oliven hergestellt, die zwischen Oktober und November in Ja\u00e9n, Spanien, geerntet werden.\" \/>\n<meta property=\"og:url\" content=\"https:\/\/www.heatsupply.nl\/de\/produkt\/glug-extra-natives-olivenoel-zum-betraeufeln\/\" \/>\n<meta property=\"og:site_name\" content=\"Heatsupply\" \/>\n<meta property=\"article:publisher\" content=\"https:\/\/www.facebook.com\/heatsupplyNL\" \/>\n<meta property=\"article:modified_time\" content=\"2026-02-06T15:44:52+00:00\" \/>\n<meta property=\"og:image\" content=\"https:\/\/www.heatsupply.nl\/wp-content\/uploads\/2026\/01\/Glug-extra-vergine-olive-oil-for-drizzling.jpg\" \/>\n\t<meta property=\"og:image:width\" content=\"1400\" \/>\n\t<meta property=\"og:image:height\" content=\"1400\" \/>\n\t<meta property=\"og:image:type\" content=\"image\/jpeg\" \/>\n<meta name=\"twitter:card\" content=\"summary_large_image\" \/>\n<meta name=\"twitter:label1\" content=\"Preis\" \/>\n\t<meta name=\"twitter:data1\" content=\"&euro;18,95\" \/>\n\t<meta name=\"twitter:label2\" content=\"Verf\u00fcgbarkeit\" \/>\n\t<meta name=\"twitter:data2\" content=\"ausverkauft\" \/>\n<script type=\"application\/ld+json\" class=\"yoast-schema-graph\">{\"@context\":\"https:\\\/\\\/schema.org\",\"@graph\":[{\"@type\":\"WebPage\",\"@id\":\"https:\\\/\\\/www.heatsupply.nl\\\/de\\\/produkt\\\/glug-extra-natives-olivenoel-zum-betraeufeln\\\/\",\"url\":\"https:\\\/\\\/www.heatsupply.nl\\\/de\\\/produkt\\\/glug-extra-natives-olivenoel-zum-betraeufeln\\\/\",\"name\":\"Glug Extra Natives Oliven\u00f6l (Zum Betr\u00e4ufeln) - Heatsupply\",\"isPartOf\":{\"@id\":\"https:\\\/\\\/www.heatsupply.nl\\\/de\\\/#website\"},\"primaryImageOfPage\":{\"@id\":\"https:\\\/\\\/www.heatsupply.nl\\\/de\\\/produkt\\\/glug-extra-natives-olivenoel-zum-betraeufeln\\\/#primaryimage\"},\"image\":{\"@id\":\"https:\\\/\\\/www.heatsupply.nl\\\/de\\\/produkt\\\/glug-extra-natives-olivenoel-zum-betraeufeln\\\/#primaryimage\"},\"thumbnailUrl\":\"https:\\\/\\\/www.heatsupply.nl\\\/wp-content\\\/uploads\\\/2026\\\/01\\\/Glug-extra-vergine-olive-oil-for-drizzling.jpg\",\"datePublished\":\"2026-01-28T15:30:13+00:00\",\"dateModified\":\"2026-02-06T15:44:52+00:00\",\"description\":\"Glug Extra Natives Oliven\u00f6l (Zum Betr\u00e4ufeln) wird aus Picual-Oliven hergestellt, die zwischen Oktober und November in Ja\u00e9n, Spanien, geerntet werden.\",\"breadcrumb\":{\"@id\":\"https:\\\/\\\/www.heatsupply.nl\\\/de\\\/produkt\\\/glug-extra-natives-olivenoel-zum-betraeufeln\\\/#breadcrumb\"},\"inLanguage\":\"de\",\"potentialAction\":[{\"@type\":\"ReadAction\",\"target\":[\"https:\\\/\\\/www.heatsupply.nl\\\/de\\\/produkt\\\/glug-extra-natives-olivenoel-zum-betraeufeln\\\/\"]}]},{\"@type\":\"ImageObject\",\"inLanguage\":\"de\",\"@id\":\"https:\\\/\\\/www.heatsupply.nl\\\/de\\\/produkt\\\/glug-extra-natives-olivenoel-zum-betraeufeln\\\/#primaryimage\",\"url\":\"https:\\\/\\\/www.heatsupply.nl\\\/wp-content\\\/uploads\\\/2026\\\/01\\\/Glug-extra-vergine-olive-oil-for-drizzling.jpg\",\"contentUrl\":\"https:\\\/\\\/www.heatsupply.nl\\\/wp-content\\\/uploads\\\/2026\\\/01\\\/Glug-extra-vergine-olive-oil-for-drizzling.jpg\",\"width\":1400,\"height\":1400,\"caption\":\"Glug extra vierge olijfolie for drizzling\"},{\"@type\":\"BreadcrumbList\",\"@id\":\"https:\\\/\\\/www.heatsupply.nl\\\/de\\\/produkt\\\/glug-extra-natives-olivenoel-zum-betraeufeln\\\/#breadcrumb\",\"itemListElement\":[{\"@type\":\"ListItem\",\"position\":1,\"name\":\"Home\",\"item\":\"https:\\\/\\\/www.heatsupply.nl\\\/de\\\/\"},{\"@type\":\"ListItem\",\"position\":2,\"name\":\"Alle produkten\",\"item\":\"https:\\\/\\\/www.heatsupply.nl\\\/de\\\/alle-produkten\\\/\"},{\"@type\":\"ListItem\",\"position\":3,\"name\":\"Andere produkte\",\"item\":\"https:\\\/\\\/www.heatsupply.nl\\\/de\\\/andere-produkte\\\/\"},{\"@type\":\"ListItem\",\"position\":4,\"name\":\"Oliven\u00f6l &amp; Essig\",\"item\":\"https:\\\/\\\/www.heatsupply.nl\\\/de\\\/andere-produkte\\\/oel-und-essig\\\/\"},{\"@type\":\"ListItem\",\"position\":5,\"name\":\"Glug Extra Natives Oliven\u00f6l (Zum Betr\u00e4ufeln)\"}]},{\"@type\":\"WebSite\",\"@id\":\"https:\\\/\\\/www.heatsupply.nl\\\/de\\\/#website\",\"url\":\"https:\\\/\\\/www.heatsupply.nl\\\/de\\\/\",\"name\":\"Heatsupply\",\"description\":\"Hot sauce webstore #1 in Europe\",\"publisher\":{\"@id\":\"https:\\\/\\\/www.heatsupply.nl\\\/de\\\/#organization\"},\"potentialAction\":[{\"@type\":\"SearchAction\",\"target\":{\"@type\":\"EntryPoint\",\"urlTemplate\":\"https:\\\/\\\/www.heatsupply.nl\\\/de\\\/?s={search_term_string}\"},\"query-input\":{\"@type\":\"PropertyValueSpecification\",\"valueRequired\":true,\"valueName\":\"search_term_string\"}}],\"inLanguage\":\"de\"},{\"@type\":\"Organization\",\"@id\":\"https:\\\/\\\/www.heatsupply.nl\\\/de\\\/#organization\",\"name\":\"Heatsupply\",\"url\":\"https:\\\/\\\/www.heatsupply.nl\\\/de\\\/\",\"logo\":{\"@type\":\"ImageObject\",\"inLanguage\":\"de\",\"@id\":\"https:\\\/\\\/www.heatsupply.nl\\\/de\\\/#\\\/schema\\\/logo\\\/image\\\/\",\"url\":\"https:\\\/\\\/www.heatsupply.nl\\\/wp-content\\\/uploads\\\/2022\\\/10\\\/heatsupply-logo-rood.jpg\",\"contentUrl\":\"https:\\\/\\\/www.heatsupply.nl\\\/wp-content\\\/uploads\\\/2022\\\/10\\\/heatsupply-logo-rood.jpg\",\"width\":1000,\"height\":335,\"caption\":\"Heatsupply\"},\"image\":{\"@id\":\"https:\\\/\\\/www.heatsupply.nl\\\/de\\\/#\\\/schema\\\/logo\\\/image\\\/\"},\"sameAs\":[\"https:\\\/\\\/www.facebook.com\\\/heatsupplyNL\",\"https:\\\/\\\/www.instagram.com\\\/heatsuppy.nl\",\"https:\\\/\\\/www.youtube.com\\\/channel\\\/UC5pOWqQtljvxTz2SMWGWCsw\"]}]}<\/script>\n<meta property=\"product:price:amount\" content=\"18.95\" \/>\n<meta property=\"product:price:currency\" content=\"EUR\" \/>\n<meta property=\"og:availability\" content=\"out of stock\" \/>\n<meta property=\"product:availability\" content=\"out of stock\" \/>\n<meta property=\"product:retailer_item_id\" content=\"GLUGDRIZ001\" \/>\n<meta property=\"product:condition\" content=\"new\" \/>\n<!-- \/ Yoast SEO Premium plugin. -->","yoast_head_json":{"title":"Glug Extra Natives Oliven\u00f6l (Zum Betr\u00e4ufeln) - Heatsupply","description":"Glug Extra Natives Oliven\u00f6l (Zum Betr\u00e4ufeln) wird aus Picual-Oliven hergestellt, die zwischen Oktober und November in Ja\u00e9n, Spanien, geerntet werden.","robots":{"index":"index","follow":"follow","max-snippet":"max-snippet:-1","max-image-preview":"max-image-preview:large","max-video-preview":"max-video-preview:-1"},"canonical":"https:\/\/www.heatsupply.nl\/de\/produkt\/glug-extra-natives-olivenoel-zum-betraeufeln\/","og_locale":"de_DE","og_type":"article","og_title":"Glug Extra Natives Oliven\u00f6l (Zum Betr\u00e4ufeln)","og_description":"Glug Extra Natives Oliven\u00f6l (Zum Betr\u00e4ufeln) wird aus Picual-Oliven hergestellt, die zwischen Oktober und November in Ja\u00e9n, Spanien, geerntet werden.","og_url":"https:\/\/www.heatsupply.nl\/de\/produkt\/glug-extra-natives-olivenoel-zum-betraeufeln\/","og_site_name":"Heatsupply","article_publisher":"https:\/\/www.facebook.com\/heatsupplyNL","article_modified_time":"2026-02-06T15:44:52+00:00","og_image":[{"width":1400,"height":1400,"url":"https:\/\/www.heatsupply.nl\/wp-content\/uploads\/2026\/01\/Glug-extra-vergine-olive-oil-for-drizzling.jpg","type":"image\/jpeg"}],"twitter_card":"summary_large_image","twitter_misc":{"Preis":"&euro;18,95","Verf\u00fcgbarkeit":"ausverkauft"},"schema":{"@context":"https:\/\/schema.org","@graph":[{"@type":"WebPage","@id":"https:\/\/www.heatsupply.nl\/de\/produkt\/glug-extra-natives-olivenoel-zum-betraeufeln\/","url":"https:\/\/www.heatsupply.nl\/de\/produkt\/glug-extra-natives-olivenoel-zum-betraeufeln\/","name":"Glug Extra Natives Oliven\u00f6l (Zum Betr\u00e4ufeln) - Heatsupply","isPartOf":{"@id":"https:\/\/www.heatsupply.nl\/de\/#website"},"primaryImageOfPage":{"@id":"https:\/\/www.heatsupply.nl\/de\/produkt\/glug-extra-natives-olivenoel-zum-betraeufeln\/#primaryimage"},"image":{"@id":"https:\/\/www.heatsupply.nl\/de\/produkt\/glug-extra-natives-olivenoel-zum-betraeufeln\/#primaryimage"},"thumbnailUrl":"https:\/\/www.heatsupply.nl\/wp-content\/uploads\/2026\/01\/Glug-extra-vergine-olive-oil-for-drizzling.jpg","datePublished":"2026-01-28T15:30:13+00:00","dateModified":"2026-02-06T15:44:52+00:00","description":"Glug Extra Natives Oliven\u00f6l (Zum Betr\u00e4ufeln) wird aus Picual-Oliven hergestellt, die zwischen Oktober und November in Ja\u00e9n, Spanien, geerntet werden.","breadcrumb":{"@id":"https:\/\/www.heatsupply.nl\/de\/produkt\/glug-extra-natives-olivenoel-zum-betraeufeln\/#breadcrumb"},"inLanguage":"de","potentialAction":[{"@type":"ReadAction","target":["https:\/\/www.heatsupply.nl\/de\/produkt\/glug-extra-natives-olivenoel-zum-betraeufeln\/"]}]},{"@type":"ImageObject","inLanguage":"de","@id":"https:\/\/www.heatsupply.nl\/de\/produkt\/glug-extra-natives-olivenoel-zum-betraeufeln\/#primaryimage","url":"https:\/\/www.heatsupply.nl\/wp-content\/uploads\/2026\/01\/Glug-extra-vergine-olive-oil-for-drizzling.jpg","contentUrl":"https:\/\/www.heatsupply.nl\/wp-content\/uploads\/2026\/01\/Glug-extra-vergine-olive-oil-for-drizzling.jpg","width":1400,"height":1400,"caption":"Glug extra vierge olijfolie for drizzling"},{"@type":"BreadcrumbList","@id":"https:\/\/www.heatsupply.nl\/de\/produkt\/glug-extra-natives-olivenoel-zum-betraeufeln\/#breadcrumb","itemListElement":[{"@type":"ListItem","position":1,"name":"Home","item":"https:\/\/www.heatsupply.nl\/de\/"},{"@type":"ListItem","position":2,"name":"Alle produkten","item":"https:\/\/www.heatsupply.nl\/de\/alle-produkten\/"},{"@type":"ListItem","position":3,"name":"Andere produkte","item":"https:\/\/www.heatsupply.nl\/de\/andere-produkte\/"},{"@type":"ListItem","position":4,"name":"Oliven\u00f6l &amp; Essig","item":"https:\/\/www.heatsupply.nl\/de\/andere-produkte\/oel-und-essig\/"},{"@type":"ListItem","position":5,"name":"Glug Extra Natives Oliven\u00f6l (Zum Betr\u00e4ufeln)"}]},{"@type":"WebSite","@id":"https:\/\/www.heatsupply.nl\/de\/#website","url":"https:\/\/www.heatsupply.nl\/de\/","name":"Heatsupply","description":"Hot sauce webstore #1 in Europe","publisher":{"@id":"https:\/\/www.heatsupply.nl\/de\/#organization"},"potentialAction":[{"@type":"SearchAction","target":{"@type":"EntryPoint","urlTemplate":"https:\/\/www.heatsupply.nl\/de\/?s={search_term_string}"},"query-input":{"@type":"PropertyValueSpecification","valueRequired":true,"valueName":"search_term_string"}}],"inLanguage":"de"},{"@type":"Organization","@id":"https:\/\/www.heatsupply.nl\/de\/#organization","name":"Heatsupply","url":"https:\/\/www.heatsupply.nl\/de\/","logo":{"@type":"ImageObject","inLanguage":"de","@id":"https:\/\/www.heatsupply.nl\/de\/#\/schema\/logo\/image\/","url":"https:\/\/www.heatsupply.nl\/wp-content\/uploads\/2022\/10\/heatsupply-logo-rood.jpg","contentUrl":"https:\/\/www.heatsupply.nl\/wp-content\/uploads\/2022\/10\/heatsupply-logo-rood.jpg","width":1000,"height":335,"caption":"Heatsupply"},"image":{"@id":"https:\/\/www.heatsupply.nl\/de\/#\/schema\/logo\/image\/"},"sameAs":["https:\/\/www.facebook.com\/heatsupplyNL","https:\/\/www.instagram.com\/heatsuppy.nl","https:\/\/www.youtube.com\/channel\/UC5pOWqQtljvxTz2SMWGWCsw"]}]},"product_price_amount":"18.95","product_price_currency":"EUR","og_availability":"out of stock","product_availability":"out of stock","product_retailer_item_id":"GLUGDRIZ001","product_condition":"new"},"_links":{"self":[{"href":"https:\/\/www.heatsupply.nl\/de\/wp-json\/wp\/v2\/product\/199206","targetHints":{"allow":["GET"]}}],"collection":[{"href":"https:\/\/www.heatsupply.nl\/de\/wp-json\/wp\/v2\/product"}],"about":[{"href":"https:\/\/www.heatsupply.nl\/de\/wp-json\/wp\/v2\/types\/product"}],"replies":[{"embeddable":true,"href":"https:\/\/www.heatsupply.nl\/de\/wp-json\/wp\/v2\/comments?post=199206"}],"wp:featuredmedia":[{"embeddable":true,"href":"https:\/\/www.heatsupply.nl\/de\/wp-json\/wp\/v2\/media\/199118"}],"wp:attachment":[{"href":"https:\/\/www.heatsupply.nl\/de\/wp-json\/wp\/v2\/media?parent=199206"}],"wp:term":[{"taxonomy":"product_brand","embeddable":true,"href":"https:\/\/www.heatsupply.nl\/de\/wp-json\/wp\/v2\/product_brand?post=199206"},{"taxonomy":"product_cat","embeddable":true,"href":"https:\/\/www.heatsupply.nl\/de\/wp-json\/wp\/v2\/product_cat?post=199206"},{"taxonomy":"product_tag","embeddable":true,"href":"https:\/\/www.heatsupply.nl\/de\/wp-json\/wp\/v2\/product_tag?post=199206"}],"curies":[{"name":"wp","href":"https:\/\/api.w.org\/{rel}","templated":true}]}}