{"id":199196,"date":"2026-01-28T15:51:55","date_gmt":"2026-01-28T14:51:55","guid":{"rendered":"https:\/\/www.heatsupply.nl\/product\/phans-kecap-manis-ikan\/"},"modified":"2026-02-06T11:10:10","modified_gmt":"2026-02-06T10:10:10","slug":"phans-kecap-manis-ikan","status":"publish","type":"product","link":"https:\/\/www.heatsupply.nl\/de\/produkt\/phans-kecap-manis-ikan\/","title":{"rendered":"Phans Kecap Manis Ikan"},"content":{"rendered":"<p><strong>Phans Kecap Manis Ikan Zutaten<\/strong>: FISCHSAUCE (MSC Nordsee-Scholle (Pleuronectes platessa) und Meersalz) 50 %, Melasse, Zucker, Karamellzucker und konzentrierter Zwiebelsaft.<\/p>\n<p><span style=\"text-decoration: underline;\">N\u00e4hrwerte pro 100 ml:<\/span><br \/>\nEnergie: 821 kJ\/193 kcal<br \/>\nFett: 0 g<br \/>\ndavon ges\u00e4ttigte Fetts\u00e4uren: 0 g<br \/>\nKohlenhydrate: 43,6 g<br \/>\ndavon Zucker: 42 g<br \/>\nEiwei\u00df: 4,7 g<br \/>\nSalz: 14,9 g<\/p>\n<p>Nach dem \u00d6ffnen gek\u00fchlt aufbewahren.<\/p>\n","protected":false},"excerpt":{"rendered":"<p style=\"text-align: justify;\">Phans Kecap Manis Ikan ist eine vollmundige, leicht sirupartige Ketjap Manis, hergestellt mit Scholle aus Beifang der Nordsee. Herrlich s\u00fc\u00df, herzhaft und tief im Geschmack, ohne Soja und Gluten. Perfekt zum Karamellisieren von Gerichten, f\u00fcr Marinaden oder als Finishing Touch \u00fcber Reis, Gem\u00fcse und gegrilltem Fleisch oder Fisch.<\/p>\n<ul>\n<li style=\"text-align: justify;\">Herkunft: Urk, Niederlande<\/li>\n<li style=\"text-align: justify;\">Inhalt: 100ml<\/li>\n<\/ul>\n","protected":false},"featured_media":199100,"comment_status":"open","ping_status":"closed","template":"","meta":{"_acf_changed":false},"product_brand":[],"product_cat":[4042,4097,4109,4122],"product_tag":[],"class_list":{"0":"post-199196","1":"product","2":"type-product","3":"status-publish","4":"has-post-thumbnail","6":"product_cat-andere-produkte","7":"product_cat-asiatische-aromen","8":"product_cat-fischsauce","9":"product_cat-koenigstag-deals-2026","11":"first","12":"outofstock","13":"sale","14":"taxable","15":"shipping-taxable","16":"purchasable","17":"product-type-simple"},"bundled_by":[],"bundle_stock_status":"outofstock","bundle_stock_quantity":0,"bundle_virtual":false,"bundle_layout":"","bundle_add_to_cart_form_location":"","bundle_editable_in_cart":false,"bundle_sold_individually_context":"","bundle_item_grouping":"","bundle_min_size":"","bundle_max_size":"","bundle_price":[],"bundled_items":[],"bundle_sell_ids":[],"acf":[],"yoast_head":"<!-- This site is optimized with the Yoast SEO Premium plugin v27.4 (Yoast SEO v27.4) - https:\/\/yoast.com\/product\/yoast-seo-premium-wordpress\/ -->\n<title>Phans Kecap Manis Ikan - Heatsupply<\/title>\n<meta name=\"description\" content=\"Phans Kecap Manis Ikan ist eine vollmundige, leicht sirupartige Ketjap Manis, hergestellt mit Scholle aus Beifang der Nordsee. S\u00fc\u00df, herzhaft und tief im Geschmack.\" \/>\n<meta name=\"robots\" content=\"index, follow, max-snippet:-1, max-image-preview:large, max-video-preview:-1\" \/>\n<link rel=\"canonical\" href=\"https:\/\/www.heatsupply.nl\/de\/produkt\/phans-kecap-manis-ikan\/\" \/>\n<meta property=\"og:locale\" content=\"de_DE\" \/>\n<meta property=\"og:type\" content=\"article\" \/>\n<meta property=\"og:title\" content=\"Phans Kecap Manis Ikan\" \/>\n<meta property=\"og:description\" content=\"Phans Kecap Manis Ikan ist eine vollmundige, leicht sirupartige Ketjap Manis, hergestellt mit Scholle aus Beifang der Nordsee. S\u00fc\u00df, herzhaft und tief im Geschmack.\" \/>\n<meta property=\"og:url\" content=\"https:\/\/www.heatsupply.nl\/de\/produkt\/phans-kecap-manis-ikan\/\" \/>\n<meta property=\"og:site_name\" content=\"Heatsupply\" \/>\n<meta property=\"article:publisher\" content=\"https:\/\/www.facebook.com\/heatsupplyNL\" \/>\n<meta property=\"article:modified_time\" content=\"2026-02-06T10:10:10+00:00\" \/>\n<meta property=\"og:image\" content=\"https:\/\/www.heatsupply.nl\/wp-content\/uploads\/2026\/01\/phans-kecap-manis-ikan.jpg\" \/>\n\t<meta property=\"og:image:width\" content=\"1400\" \/>\n\t<meta property=\"og:image:height\" content=\"1400\" \/>\n\t<meta property=\"og:image:type\" content=\"image\/jpeg\" \/>\n<meta name=\"twitter:card\" content=\"summary_large_image\" \/>\n<meta name=\"twitter:label1\" content=\"Preis\" \/>\n\t<meta name=\"twitter:data1\" content=\"&euro;7,16\" \/>\n\t<meta name=\"twitter:label2\" content=\"Verf\u00fcgbarkeit\" \/>\n\t<meta name=\"twitter:data2\" content=\"ausverkauft\" \/>\n<script type=\"application\/ld+json\" class=\"yoast-schema-graph\">{\"@context\":\"https:\\\/\\\/schema.org\",\"@graph\":[{\"@type\":\"WebPage\",\"@id\":\"https:\\\/\\\/www.heatsupply.nl\\\/de\\\/produkt\\\/phans-kecap-manis-ikan\\\/\",\"url\":\"https:\\\/\\\/www.heatsupply.nl\\\/de\\\/produkt\\\/phans-kecap-manis-ikan\\\/\",\"name\":\"Phans Kecap Manis Ikan - Heatsupply\",\"isPartOf\":{\"@id\":\"https:\\\/\\\/www.heatsupply.nl\\\/de\\\/#website\"},\"primaryImageOfPage\":{\"@id\":\"https:\\\/\\\/www.heatsupply.nl\\\/de\\\/produkt\\\/phans-kecap-manis-ikan\\\/#primaryimage\"},\"image\":{\"@id\":\"https:\\\/\\\/www.heatsupply.nl\\\/de\\\/produkt\\\/phans-kecap-manis-ikan\\\/#primaryimage\"},\"thumbnailUrl\":\"https:\\\/\\\/www.heatsupply.nl\\\/wp-content\\\/uploads\\\/2026\\\/01\\\/phans-kecap-manis-ikan.jpg\",\"datePublished\":\"2026-01-28T14:51:55+00:00\",\"dateModified\":\"2026-02-06T10:10:10+00:00\",\"description\":\"Phans Kecap Manis Ikan ist eine vollmundige, leicht sirupartige Ketjap Manis, hergestellt mit Scholle aus Beifang der Nordsee. S\u00fc\u00df, herzhaft und tief im Geschmack.\",\"breadcrumb\":{\"@id\":\"https:\\\/\\\/www.heatsupply.nl\\\/de\\\/produkt\\\/phans-kecap-manis-ikan\\\/#breadcrumb\"},\"inLanguage\":\"de\",\"potentialAction\":[{\"@type\":\"ReadAction\",\"target\":[\"https:\\\/\\\/www.heatsupply.nl\\\/de\\\/produkt\\\/phans-kecap-manis-ikan\\\/\"]}]},{\"@type\":\"ImageObject\",\"inLanguage\":\"de\",\"@id\":\"https:\\\/\\\/www.heatsupply.nl\\\/de\\\/produkt\\\/phans-kecap-manis-ikan\\\/#primaryimage\",\"url\":\"https:\\\/\\\/www.heatsupply.nl\\\/wp-content\\\/uploads\\\/2026\\\/01\\\/phans-kecap-manis-ikan.jpg\",\"contentUrl\":\"https:\\\/\\\/www.heatsupply.nl\\\/wp-content\\\/uploads\\\/2026\\\/01\\\/phans-kecap-manis-ikan.jpg\",\"width\":1400,\"height\":1400,\"caption\":\"phans kecap manis ikan\"},{\"@type\":\"BreadcrumbList\",\"@id\":\"https:\\\/\\\/www.heatsupply.nl\\\/de\\\/produkt\\\/phans-kecap-manis-ikan\\\/#breadcrumb\",\"itemListElement\":[{\"@type\":\"ListItem\",\"position\":1,\"name\":\"Home\",\"item\":\"https:\\\/\\\/www.heatsupply.nl\\\/de\\\/\"},{\"@type\":\"ListItem\",\"position\":2,\"name\":\"Alle produkten\",\"item\":\"https:\\\/\\\/www.heatsupply.nl\\\/de\\\/alle-produkten\\\/\"},{\"@type\":\"ListItem\",\"position\":3,\"name\":\"Andere produkte\",\"item\":\"https:\\\/\\\/www.heatsupply.nl\\\/de\\\/andere-produkte\\\/\"},{\"@type\":\"ListItem\",\"position\":4,\"name\":\"Asiatische Aromen\",\"item\":\"https:\\\/\\\/www.heatsupply.nl\\\/de\\\/andere-produkte\\\/asiatische-aromen\\\/\"},{\"@type\":\"ListItem\",\"position\":5,\"name\":\"Fischsauce\",\"item\":\"https:\\\/\\\/www.heatsupply.nl\\\/de\\\/andere-produkte\\\/asiatische-aromen\\\/fischsauce\\\/\"},{\"@type\":\"ListItem\",\"position\":6,\"name\":\"Phans Kecap Manis Ikan\"}]},{\"@type\":\"WebSite\",\"@id\":\"https:\\\/\\\/www.heatsupply.nl\\\/de\\\/#website\",\"url\":\"https:\\\/\\\/www.heatsupply.nl\\\/de\\\/\",\"name\":\"Heatsupply\",\"description\":\"Hot sauce webstore #1 in Europe\",\"publisher\":{\"@id\":\"https:\\\/\\\/www.heatsupply.nl\\\/de\\\/#organization\"},\"potentialAction\":[{\"@type\":\"SearchAction\",\"target\":{\"@type\":\"EntryPoint\",\"urlTemplate\":\"https:\\\/\\\/www.heatsupply.nl\\\/de\\\/?s={search_term_string}\"},\"query-input\":{\"@type\":\"PropertyValueSpecification\",\"valueRequired\":true,\"valueName\":\"search_term_string\"}}],\"inLanguage\":\"de\"},{\"@type\":\"Organization\",\"@id\":\"https:\\\/\\\/www.heatsupply.nl\\\/de\\\/#organization\",\"name\":\"Heatsupply\",\"url\":\"https:\\\/\\\/www.heatsupply.nl\\\/de\\\/\",\"logo\":{\"@type\":\"ImageObject\",\"inLanguage\":\"de\",\"@id\":\"https:\\\/\\\/www.heatsupply.nl\\\/de\\\/#\\\/schema\\\/logo\\\/image\\\/\",\"url\":\"https:\\\/\\\/www.heatsupply.nl\\\/wp-content\\\/uploads\\\/2022\\\/10\\\/heatsupply-logo-rood.jpg\",\"contentUrl\":\"https:\\\/\\\/www.heatsupply.nl\\\/wp-content\\\/uploads\\\/2022\\\/10\\\/heatsupply-logo-rood.jpg\",\"width\":1000,\"height\":335,\"caption\":\"Heatsupply\"},\"image\":{\"@id\":\"https:\\\/\\\/www.heatsupply.nl\\\/de\\\/#\\\/schema\\\/logo\\\/image\\\/\"},\"sameAs\":[\"https:\\\/\\\/www.facebook.com\\\/heatsupplyNL\",\"https:\\\/\\\/www.instagram.com\\\/heatsuppy.nl\",\"https:\\\/\\\/www.youtube.com\\\/channel\\\/UC5pOWqQtljvxTz2SMWGWCsw\"]}]}<\/script>\n<meta property=\"product:price:amount\" content=\"7.16\" \/>\n<meta property=\"product:price:currency\" content=\"EUR\" \/>\n<meta property=\"og:availability\" content=\"out of stock\" \/>\n<meta property=\"product:availability\" content=\"out of stock\" \/>\n<meta property=\"product:retailer_item_id\" content=\"PHAKMI\" \/>\n<meta property=\"product:condition\" content=\"new\" \/>\n<!-- \/ Yoast SEO Premium plugin. -->","yoast_head_json":{"title":"Phans Kecap Manis Ikan - Heatsupply","description":"Phans Kecap Manis Ikan ist eine vollmundige, leicht sirupartige Ketjap Manis, hergestellt mit Scholle aus Beifang der Nordsee. S\u00fc\u00df, herzhaft und tief im Geschmack.","robots":{"index":"index","follow":"follow","max-snippet":"max-snippet:-1","max-image-preview":"max-image-preview:large","max-video-preview":"max-video-preview:-1"},"canonical":"https:\/\/www.heatsupply.nl\/de\/produkt\/phans-kecap-manis-ikan\/","og_locale":"de_DE","og_type":"article","og_title":"Phans Kecap Manis Ikan","og_description":"Phans Kecap Manis Ikan ist eine vollmundige, leicht sirupartige Ketjap Manis, hergestellt mit Scholle aus Beifang der Nordsee. S\u00fc\u00df, herzhaft und tief im Geschmack.","og_url":"https:\/\/www.heatsupply.nl\/de\/produkt\/phans-kecap-manis-ikan\/","og_site_name":"Heatsupply","article_publisher":"https:\/\/www.facebook.com\/heatsupplyNL","article_modified_time":"2026-02-06T10:10:10+00:00","og_image":[{"width":1400,"height":1400,"url":"https:\/\/www.heatsupply.nl\/wp-content\/uploads\/2026\/01\/phans-kecap-manis-ikan.jpg","type":"image\/jpeg"}],"twitter_card":"summary_large_image","twitter_misc":{"Preis":"&euro;7,16","Verf\u00fcgbarkeit":"ausverkauft"},"schema":{"@context":"https:\/\/schema.org","@graph":[{"@type":"WebPage","@id":"https:\/\/www.heatsupply.nl\/de\/produkt\/phans-kecap-manis-ikan\/","url":"https:\/\/www.heatsupply.nl\/de\/produkt\/phans-kecap-manis-ikan\/","name":"Phans Kecap Manis Ikan - Heatsupply","isPartOf":{"@id":"https:\/\/www.heatsupply.nl\/de\/#website"},"primaryImageOfPage":{"@id":"https:\/\/www.heatsupply.nl\/de\/produkt\/phans-kecap-manis-ikan\/#primaryimage"},"image":{"@id":"https:\/\/www.heatsupply.nl\/de\/produkt\/phans-kecap-manis-ikan\/#primaryimage"},"thumbnailUrl":"https:\/\/www.heatsupply.nl\/wp-content\/uploads\/2026\/01\/phans-kecap-manis-ikan.jpg","datePublished":"2026-01-28T14:51:55+00:00","dateModified":"2026-02-06T10:10:10+00:00","description":"Phans Kecap Manis Ikan ist eine vollmundige, leicht sirupartige Ketjap Manis, hergestellt mit Scholle aus Beifang der Nordsee. S\u00fc\u00df, herzhaft und tief im Geschmack.","breadcrumb":{"@id":"https:\/\/www.heatsupply.nl\/de\/produkt\/phans-kecap-manis-ikan\/#breadcrumb"},"inLanguage":"de","potentialAction":[{"@type":"ReadAction","target":["https:\/\/www.heatsupply.nl\/de\/produkt\/phans-kecap-manis-ikan\/"]}]},{"@type":"ImageObject","inLanguage":"de","@id":"https:\/\/www.heatsupply.nl\/de\/produkt\/phans-kecap-manis-ikan\/#primaryimage","url":"https:\/\/www.heatsupply.nl\/wp-content\/uploads\/2026\/01\/phans-kecap-manis-ikan.jpg","contentUrl":"https:\/\/www.heatsupply.nl\/wp-content\/uploads\/2026\/01\/phans-kecap-manis-ikan.jpg","width":1400,"height":1400,"caption":"phans kecap manis ikan"},{"@type":"BreadcrumbList","@id":"https:\/\/www.heatsupply.nl\/de\/produkt\/phans-kecap-manis-ikan\/#breadcrumb","itemListElement":[{"@type":"ListItem","position":1,"name":"Home","item":"https:\/\/www.heatsupply.nl\/de\/"},{"@type":"ListItem","position":2,"name":"Alle produkten","item":"https:\/\/www.heatsupply.nl\/de\/alle-produkten\/"},{"@type":"ListItem","position":3,"name":"Andere produkte","item":"https:\/\/www.heatsupply.nl\/de\/andere-produkte\/"},{"@type":"ListItem","position":4,"name":"Asiatische Aromen","item":"https:\/\/www.heatsupply.nl\/de\/andere-produkte\/asiatische-aromen\/"},{"@type":"ListItem","position":5,"name":"Fischsauce","item":"https:\/\/www.heatsupply.nl\/de\/andere-produkte\/asiatische-aromen\/fischsauce\/"},{"@type":"ListItem","position":6,"name":"Phans Kecap Manis Ikan"}]},{"@type":"WebSite","@id":"https:\/\/www.heatsupply.nl\/de\/#website","url":"https:\/\/www.heatsupply.nl\/de\/","name":"Heatsupply","description":"Hot sauce webstore #1 in Europe","publisher":{"@id":"https:\/\/www.heatsupply.nl\/de\/#organization"},"potentialAction":[{"@type":"SearchAction","target":{"@type":"EntryPoint","urlTemplate":"https:\/\/www.heatsupply.nl\/de\/?s={search_term_string}"},"query-input":{"@type":"PropertyValueSpecification","valueRequired":true,"valueName":"search_term_string"}}],"inLanguage":"de"},{"@type":"Organization","@id":"https:\/\/www.heatsupply.nl\/de\/#organization","name":"Heatsupply","url":"https:\/\/www.heatsupply.nl\/de\/","logo":{"@type":"ImageObject","inLanguage":"de","@id":"https:\/\/www.heatsupply.nl\/de\/#\/schema\/logo\/image\/","url":"https:\/\/www.heatsupply.nl\/wp-content\/uploads\/2022\/10\/heatsupply-logo-rood.jpg","contentUrl":"https:\/\/www.heatsupply.nl\/wp-content\/uploads\/2022\/10\/heatsupply-logo-rood.jpg","width":1000,"height":335,"caption":"Heatsupply"},"image":{"@id":"https:\/\/www.heatsupply.nl\/de\/#\/schema\/logo\/image\/"},"sameAs":["https:\/\/www.facebook.com\/heatsupplyNL","https:\/\/www.instagram.com\/heatsuppy.nl","https:\/\/www.youtube.com\/channel\/UC5pOWqQtljvxTz2SMWGWCsw"]}]},"product_price_amount":"7.16","product_price_currency":"EUR","og_availability":"out of stock","product_availability":"out of stock","product_retailer_item_id":"PHAKMI","product_condition":"new"},"_links":{"self":[{"href":"https:\/\/www.heatsupply.nl\/de\/wp-json\/wp\/v2\/product\/199196","targetHints":{"allow":["GET"]}}],"collection":[{"href":"https:\/\/www.heatsupply.nl\/de\/wp-json\/wp\/v2\/product"}],"about":[{"href":"https:\/\/www.heatsupply.nl\/de\/wp-json\/wp\/v2\/types\/product"}],"replies":[{"embeddable":true,"href":"https:\/\/www.heatsupply.nl\/de\/wp-json\/wp\/v2\/comments?post=199196"}],"wp:featuredmedia":[{"embeddable":true,"href":"https:\/\/www.heatsupply.nl\/de\/wp-json\/wp\/v2\/media\/199100"}],"wp:attachment":[{"href":"https:\/\/www.heatsupply.nl\/de\/wp-json\/wp\/v2\/media?parent=199196"}],"wp:term":[{"taxonomy":"product_brand","embeddable":true,"href":"https:\/\/www.heatsupply.nl\/de\/wp-json\/wp\/v2\/product_brand?post=199196"},{"taxonomy":"product_cat","embeddable":true,"href":"https:\/\/www.heatsupply.nl\/de\/wp-json\/wp\/v2\/product_cat?post=199196"},{"taxonomy":"product_tag","embeddable":true,"href":"https:\/\/www.heatsupply.nl\/de\/wp-json\/wp\/v2\/product_tag?post=199196"}],"curies":[{"name":"wp","href":"https:\/\/api.w.org\/{rel}","templated":true}]}}