{"id":199185,"date":"2026-01-28T14:59:23","date_gmt":"2026-01-28T13:59:23","guid":{"rendered":"https:\/\/www.heatsupply.nl\/product\/phans-vietnamesisches-fischsaucen-dressing\/"},"modified":"2026-01-28T16:36:19","modified_gmt":"2026-01-28T15:36:19","slug":"phans-vietnamesisches-fischsaucen-dressing","status":"publish","type":"product","link":"https:\/\/www.heatsupply.nl\/de\/produkt\/phans-vietnamesisches-fischsaucen-dressing\/","title":{"rendered":"Phans vietnamesisches Fischsaucen-Dressing"},"content":{"rendered":"<p><strong>Zutaten Phans vietnamesisches Fischsaucen-Dressing<\/strong>: Zucker, Wasser, Branntweinessig, 18 % Fischsauce (80 % Trisopterus luscus, 20 % Meersalz), rote Chilischote und Knoblauch.<\/p>\n<p><span style=\"text-decoration: underline;\">N\u00e4hrwerte pro 100 ml:<\/span><br \/>\nEnergie: 494 kJ\/125 kcal<br \/>\nFett: 0 g<br \/>\ndavon ges\u00e4ttigte Fetts\u00e4uren: 0 g<br \/>\nKohlenhydrate: 27,7 g<br \/>\ndavon Zucker: 27,6 g<br \/>\nEiwei\u00df: 2,2 g<br \/>\nSalz: 4,8 g<\/p>\n<p>Vor Gebrauch sch\u00fctteln und nach dem \u00d6ffnen im K\u00fchlschrank aufbewahren.<\/p>\n","protected":false},"excerpt":{"rendered":"<p style=\"text-align: justify;\">Phans Vietnamesisches Fischsauce-Dressing (N\u01b0\u1edbc ch\u1ea5m t\u1ecfi \u1edbt) ist ein fertiges, authentisches Dressing voller Geschmack. Die originale Fischsauce von Phans, hergestellt mit nachhaltig gefangenem Steink\u00f6hler aus der Nordsee, ein Hauch Chilischote und Knoblauch verleihen diesem Dressing einen tiefen, herzhaften Geschmack. Zucker macht es sch\u00f6n s\u00fc\u00df und Naturessig sorgt f\u00fcr eine feine S\u00e4ure. Perfekt \u00fcber deinem Salat, zum Grillen oder zu Fr\u00fchlingsrollen oder Reisgerichten. Pure Aromen mit einem Hauch Vietnam.<\/p>\n<ul>\n<li style=\"text-align: justify;\">Herkunft: Urk, Niederlande<\/li>\n<li style=\"text-align: justify;\">Inhalt: 100ml<\/li>\n<\/ul>\n","protected":false},"featured_media":199115,"comment_status":"open","ping_status":"closed","template":"","meta":{"_acf_changed":false},"product_brand":[],"product_cat":[4042,4097,4109,4122],"product_tag":[],"class_list":{"0":"post-199185","1":"product","2":"type-product","3":"status-publish","4":"has-post-thumbnail","6":"product_cat-andere-produkte","7":"product_cat-asiatische-aromen","8":"product_cat-fischsauce","9":"product_cat-koenigstag-deals-2026","11":"first","12":"instock","13":"sale","14":"taxable","15":"shipping-taxable","16":"purchasable","17":"product-type-simple"},"bundled_by":[],"bundle_stock_status":"instock","bundle_stock_quantity":4,"bundle_virtual":false,"bundle_layout":"","bundle_add_to_cart_form_location":"","bundle_editable_in_cart":false,"bundle_sold_individually_context":"","bundle_item_grouping":"","bundle_min_size":"","bundle_max_size":"","bundle_price":[],"bundled_items":[],"bundle_sell_ids":[],"acf":[],"yoast_head":"<!-- This site is optimized with the Yoast SEO Premium plugin v27.4 (Yoast SEO v27.4) - https:\/\/yoast.com\/product\/yoast-seo-premium-wordpress\/ -->\n<title>Phans vietnamesisches Fischsaucen-Dressing - Heatsupply<\/title>\n<meta name=\"description\" content=\"Phans Vietnamesisches Fischsaucen-Dressing ist ein fertiges, authentisches Dressing voller Geschmack. Perfekt f\u00fcr deinen Salat, zu Fr\u00fchlingsrollen oder Reisgerichten.\" \/>\n<meta name=\"robots\" content=\"index, follow, max-snippet:-1, max-image-preview:large, max-video-preview:-1\" \/>\n<link rel=\"canonical\" href=\"https:\/\/www.heatsupply.nl\/de\/produkt\/phans-vietnamesisches-fischsaucen-dressing\/\" \/>\n<meta property=\"og:locale\" content=\"de_DE\" \/>\n<meta property=\"og:type\" content=\"article\" \/>\n<meta property=\"og:title\" content=\"Phans vietnamesisches Fischsaucen-Dressing\" \/>\n<meta property=\"og:description\" content=\"Phans Vietnamesisches Fischsaucen-Dressing ist ein fertiges, authentisches Dressing voller Geschmack. Perfekt f\u00fcr deinen Salat, zu Fr\u00fchlingsrollen oder Reisgerichten.\" \/>\n<meta property=\"og:url\" content=\"https:\/\/www.heatsupply.nl\/de\/produkt\/phans-vietnamesisches-fischsaucen-dressing\/\" \/>\n<meta property=\"og:site_name\" content=\"Heatsupply\" \/>\n<meta property=\"article:publisher\" content=\"https:\/\/www.facebook.com\/heatsupplyNL\" \/>\n<meta property=\"article:modified_time\" content=\"2026-01-28T15:36:19+00:00\" \/>\n<meta property=\"og:image\" content=\"https:\/\/www.heatsupply.nl\/wp-content\/uploads\/2026\/01\/phans-vietnamese-vissausdressing.jpg\" \/>\n\t<meta property=\"og:image:width\" content=\"1400\" \/>\n\t<meta property=\"og:image:height\" content=\"1400\" \/>\n\t<meta property=\"og:image:type\" content=\"image\/jpeg\" \/>\n<meta name=\"twitter:card\" content=\"summary_large_image\" \/>\n<meta name=\"twitter:label1\" content=\"Preis\" \/>\n\t<meta name=\"twitter:data1\" content=\"&euro;7,16\" \/>\n\t<meta name=\"twitter:label2\" content=\"Verf\u00fcgbarkeit\" \/>\n\t<meta name=\"twitter:data2\" content=\"Auf Lager\" \/>\n<script type=\"application\/ld+json\" class=\"yoast-schema-graph\">{\"@context\":\"https:\\\/\\\/schema.org\",\"@graph\":[{\"@type\":\"WebPage\",\"@id\":\"https:\\\/\\\/www.heatsupply.nl\\\/de\\\/produkt\\\/phans-vietnamesisches-fischsaucen-dressing\\\/\",\"url\":\"https:\\\/\\\/www.heatsupply.nl\\\/de\\\/produkt\\\/phans-vietnamesisches-fischsaucen-dressing\\\/\",\"name\":\"Phans vietnamesisches Fischsaucen-Dressing - Heatsupply\",\"isPartOf\":{\"@id\":\"https:\\\/\\\/www.heatsupply.nl\\\/de\\\/#website\"},\"primaryImageOfPage\":{\"@id\":\"https:\\\/\\\/www.heatsupply.nl\\\/de\\\/produkt\\\/phans-vietnamesisches-fischsaucen-dressing\\\/#primaryimage\"},\"image\":{\"@id\":\"https:\\\/\\\/www.heatsupply.nl\\\/de\\\/produkt\\\/phans-vietnamesisches-fischsaucen-dressing\\\/#primaryimage\"},\"thumbnailUrl\":\"https:\\\/\\\/www.heatsupply.nl\\\/wp-content\\\/uploads\\\/2026\\\/01\\\/phans-vietnamese-vissausdressing.jpg\",\"datePublished\":\"2026-01-28T13:59:23+00:00\",\"dateModified\":\"2026-01-28T15:36:19+00:00\",\"description\":\"Phans Vietnamesisches Fischsaucen-Dressing ist ein fertiges, authentisches Dressing voller Geschmack. Perfekt f\u00fcr deinen Salat, zu Fr\u00fchlingsrollen oder Reisgerichten.\",\"breadcrumb\":{\"@id\":\"https:\\\/\\\/www.heatsupply.nl\\\/de\\\/produkt\\\/phans-vietnamesisches-fischsaucen-dressing\\\/#breadcrumb\"},\"inLanguage\":\"de\",\"potentialAction\":[{\"@type\":\"ReadAction\",\"target\":[\"https:\\\/\\\/www.heatsupply.nl\\\/de\\\/produkt\\\/phans-vietnamesisches-fischsaucen-dressing\\\/\"]}]},{\"@type\":\"ImageObject\",\"inLanguage\":\"de\",\"@id\":\"https:\\\/\\\/www.heatsupply.nl\\\/de\\\/produkt\\\/phans-vietnamesisches-fischsaucen-dressing\\\/#primaryimage\",\"url\":\"https:\\\/\\\/www.heatsupply.nl\\\/wp-content\\\/uploads\\\/2026\\\/01\\\/phans-vietnamese-vissausdressing.jpg\",\"contentUrl\":\"https:\\\/\\\/www.heatsupply.nl\\\/wp-content\\\/uploads\\\/2026\\\/01\\\/phans-vietnamese-vissausdressing.jpg\",\"width\":1400,\"height\":1400,\"caption\":\"phans vietnamese vissausdressing\"},{\"@type\":\"BreadcrumbList\",\"@id\":\"https:\\\/\\\/www.heatsupply.nl\\\/de\\\/produkt\\\/phans-vietnamesisches-fischsaucen-dressing\\\/#breadcrumb\",\"itemListElement\":[{\"@type\":\"ListItem\",\"position\":1,\"name\":\"Home\",\"item\":\"https:\\\/\\\/www.heatsupply.nl\\\/de\\\/\"},{\"@type\":\"ListItem\",\"position\":2,\"name\":\"Alle produkten\",\"item\":\"https:\\\/\\\/www.heatsupply.nl\\\/de\\\/alle-produkten\\\/\"},{\"@type\":\"ListItem\",\"position\":3,\"name\":\"Andere produkte\",\"item\":\"https:\\\/\\\/www.heatsupply.nl\\\/de\\\/andere-produkte\\\/\"},{\"@type\":\"ListItem\",\"position\":4,\"name\":\"Asiatische Aromen\",\"item\":\"https:\\\/\\\/www.heatsupply.nl\\\/de\\\/andere-produkte\\\/asiatische-aromen\\\/\"},{\"@type\":\"ListItem\",\"position\":5,\"name\":\"Fischsauce\",\"item\":\"https:\\\/\\\/www.heatsupply.nl\\\/de\\\/andere-produkte\\\/asiatische-aromen\\\/fischsauce\\\/\"},{\"@type\":\"ListItem\",\"position\":6,\"name\":\"Phans vietnamesisches Fischsaucen-Dressing\"}]},{\"@type\":\"WebSite\",\"@id\":\"https:\\\/\\\/www.heatsupply.nl\\\/de\\\/#website\",\"url\":\"https:\\\/\\\/www.heatsupply.nl\\\/de\\\/\",\"name\":\"Heatsupply\",\"description\":\"Hot sauce webstore #1 in Europe\",\"publisher\":{\"@id\":\"https:\\\/\\\/www.heatsupply.nl\\\/de\\\/#organization\"},\"potentialAction\":[{\"@type\":\"SearchAction\",\"target\":{\"@type\":\"EntryPoint\",\"urlTemplate\":\"https:\\\/\\\/www.heatsupply.nl\\\/de\\\/?s={search_term_string}\"},\"query-input\":{\"@type\":\"PropertyValueSpecification\",\"valueRequired\":true,\"valueName\":\"search_term_string\"}}],\"inLanguage\":\"de\"},{\"@type\":\"Organization\",\"@id\":\"https:\\\/\\\/www.heatsupply.nl\\\/de\\\/#organization\",\"name\":\"Heatsupply\",\"url\":\"https:\\\/\\\/www.heatsupply.nl\\\/de\\\/\",\"logo\":{\"@type\":\"ImageObject\",\"inLanguage\":\"de\",\"@id\":\"https:\\\/\\\/www.heatsupply.nl\\\/de\\\/#\\\/schema\\\/logo\\\/image\\\/\",\"url\":\"https:\\\/\\\/www.heatsupply.nl\\\/wp-content\\\/uploads\\\/2022\\\/10\\\/heatsupply-logo-rood.jpg\",\"contentUrl\":\"https:\\\/\\\/www.heatsupply.nl\\\/wp-content\\\/uploads\\\/2022\\\/10\\\/heatsupply-logo-rood.jpg\",\"width\":1000,\"height\":335,\"caption\":\"Heatsupply\"},\"image\":{\"@id\":\"https:\\\/\\\/www.heatsupply.nl\\\/de\\\/#\\\/schema\\\/logo\\\/image\\\/\"},\"sameAs\":[\"https:\\\/\\\/www.facebook.com\\\/heatsupplyNL\",\"https:\\\/\\\/www.instagram.com\\\/heatsuppy.nl\",\"https:\\\/\\\/www.youtube.com\\\/channel\\\/UC5pOWqQtljvxTz2SMWGWCsw\"]}]}<\/script>\n<meta property=\"product:price:amount\" content=\"7.16\" \/>\n<meta property=\"product:price:currency\" content=\"EUR\" \/>\n<meta property=\"og:availability\" content=\"instock\" \/>\n<meta property=\"product:availability\" content=\"instock\" \/>\n<meta property=\"product:retailer_item_id\" content=\"PHAVVSD001\" \/>\n<meta property=\"product:condition\" content=\"new\" \/>\n<!-- \/ Yoast SEO Premium plugin. -->","yoast_head_json":{"title":"Phans vietnamesisches Fischsaucen-Dressing - Heatsupply","description":"Phans Vietnamesisches Fischsaucen-Dressing ist ein fertiges, authentisches Dressing voller Geschmack. Perfekt f\u00fcr deinen Salat, zu Fr\u00fchlingsrollen oder Reisgerichten.","robots":{"index":"index","follow":"follow","max-snippet":"max-snippet:-1","max-image-preview":"max-image-preview:large","max-video-preview":"max-video-preview:-1"},"canonical":"https:\/\/www.heatsupply.nl\/de\/produkt\/phans-vietnamesisches-fischsaucen-dressing\/","og_locale":"de_DE","og_type":"article","og_title":"Phans vietnamesisches Fischsaucen-Dressing","og_description":"Phans Vietnamesisches Fischsaucen-Dressing ist ein fertiges, authentisches Dressing voller Geschmack. Perfekt f\u00fcr deinen Salat, zu Fr\u00fchlingsrollen oder Reisgerichten.","og_url":"https:\/\/www.heatsupply.nl\/de\/produkt\/phans-vietnamesisches-fischsaucen-dressing\/","og_site_name":"Heatsupply","article_publisher":"https:\/\/www.facebook.com\/heatsupplyNL","article_modified_time":"2026-01-28T15:36:19+00:00","og_image":[{"width":1400,"height":1400,"url":"https:\/\/www.heatsupply.nl\/wp-content\/uploads\/2026\/01\/phans-vietnamese-vissausdressing.jpg","type":"image\/jpeg"}],"twitter_card":"summary_large_image","twitter_misc":{"Preis":"&euro;7,16","Verf\u00fcgbarkeit":"Auf Lager"},"schema":{"@context":"https:\/\/schema.org","@graph":[{"@type":"WebPage","@id":"https:\/\/www.heatsupply.nl\/de\/produkt\/phans-vietnamesisches-fischsaucen-dressing\/","url":"https:\/\/www.heatsupply.nl\/de\/produkt\/phans-vietnamesisches-fischsaucen-dressing\/","name":"Phans vietnamesisches Fischsaucen-Dressing - Heatsupply","isPartOf":{"@id":"https:\/\/www.heatsupply.nl\/de\/#website"},"primaryImageOfPage":{"@id":"https:\/\/www.heatsupply.nl\/de\/produkt\/phans-vietnamesisches-fischsaucen-dressing\/#primaryimage"},"image":{"@id":"https:\/\/www.heatsupply.nl\/de\/produkt\/phans-vietnamesisches-fischsaucen-dressing\/#primaryimage"},"thumbnailUrl":"https:\/\/www.heatsupply.nl\/wp-content\/uploads\/2026\/01\/phans-vietnamese-vissausdressing.jpg","datePublished":"2026-01-28T13:59:23+00:00","dateModified":"2026-01-28T15:36:19+00:00","description":"Phans Vietnamesisches Fischsaucen-Dressing ist ein fertiges, authentisches Dressing voller Geschmack. Perfekt f\u00fcr deinen Salat, zu Fr\u00fchlingsrollen oder Reisgerichten.","breadcrumb":{"@id":"https:\/\/www.heatsupply.nl\/de\/produkt\/phans-vietnamesisches-fischsaucen-dressing\/#breadcrumb"},"inLanguage":"de","potentialAction":[{"@type":"ReadAction","target":["https:\/\/www.heatsupply.nl\/de\/produkt\/phans-vietnamesisches-fischsaucen-dressing\/"]}]},{"@type":"ImageObject","inLanguage":"de","@id":"https:\/\/www.heatsupply.nl\/de\/produkt\/phans-vietnamesisches-fischsaucen-dressing\/#primaryimage","url":"https:\/\/www.heatsupply.nl\/wp-content\/uploads\/2026\/01\/phans-vietnamese-vissausdressing.jpg","contentUrl":"https:\/\/www.heatsupply.nl\/wp-content\/uploads\/2026\/01\/phans-vietnamese-vissausdressing.jpg","width":1400,"height":1400,"caption":"phans vietnamese vissausdressing"},{"@type":"BreadcrumbList","@id":"https:\/\/www.heatsupply.nl\/de\/produkt\/phans-vietnamesisches-fischsaucen-dressing\/#breadcrumb","itemListElement":[{"@type":"ListItem","position":1,"name":"Home","item":"https:\/\/www.heatsupply.nl\/de\/"},{"@type":"ListItem","position":2,"name":"Alle produkten","item":"https:\/\/www.heatsupply.nl\/de\/alle-produkten\/"},{"@type":"ListItem","position":3,"name":"Andere produkte","item":"https:\/\/www.heatsupply.nl\/de\/andere-produkte\/"},{"@type":"ListItem","position":4,"name":"Asiatische Aromen","item":"https:\/\/www.heatsupply.nl\/de\/andere-produkte\/asiatische-aromen\/"},{"@type":"ListItem","position":5,"name":"Fischsauce","item":"https:\/\/www.heatsupply.nl\/de\/andere-produkte\/asiatische-aromen\/fischsauce\/"},{"@type":"ListItem","position":6,"name":"Phans vietnamesisches Fischsaucen-Dressing"}]},{"@type":"WebSite","@id":"https:\/\/www.heatsupply.nl\/de\/#website","url":"https:\/\/www.heatsupply.nl\/de\/","name":"Heatsupply","description":"Hot sauce webstore #1 in Europe","publisher":{"@id":"https:\/\/www.heatsupply.nl\/de\/#organization"},"potentialAction":[{"@type":"SearchAction","target":{"@type":"EntryPoint","urlTemplate":"https:\/\/www.heatsupply.nl\/de\/?s={search_term_string}"},"query-input":{"@type":"PropertyValueSpecification","valueRequired":true,"valueName":"search_term_string"}}],"inLanguage":"de"},{"@type":"Organization","@id":"https:\/\/www.heatsupply.nl\/de\/#organization","name":"Heatsupply","url":"https:\/\/www.heatsupply.nl\/de\/","logo":{"@type":"ImageObject","inLanguage":"de","@id":"https:\/\/www.heatsupply.nl\/de\/#\/schema\/logo\/image\/","url":"https:\/\/www.heatsupply.nl\/wp-content\/uploads\/2022\/10\/heatsupply-logo-rood.jpg","contentUrl":"https:\/\/www.heatsupply.nl\/wp-content\/uploads\/2022\/10\/heatsupply-logo-rood.jpg","width":1000,"height":335,"caption":"Heatsupply"},"image":{"@id":"https:\/\/www.heatsupply.nl\/de\/#\/schema\/logo\/image\/"},"sameAs":["https:\/\/www.facebook.com\/heatsupplyNL","https:\/\/www.instagram.com\/heatsuppy.nl","https:\/\/www.youtube.com\/channel\/UC5pOWqQtljvxTz2SMWGWCsw"]}]},"product_price_amount":"7.16","product_price_currency":"EUR","og_availability":"instock","product_availability":"instock","product_retailer_item_id":"PHAVVSD001","product_condition":"new"},"_links":{"self":[{"href":"https:\/\/www.heatsupply.nl\/de\/wp-json\/wp\/v2\/product\/199185","targetHints":{"allow":["GET"]}}],"collection":[{"href":"https:\/\/www.heatsupply.nl\/de\/wp-json\/wp\/v2\/product"}],"about":[{"href":"https:\/\/www.heatsupply.nl\/de\/wp-json\/wp\/v2\/types\/product"}],"replies":[{"embeddable":true,"href":"https:\/\/www.heatsupply.nl\/de\/wp-json\/wp\/v2\/comments?post=199185"}],"wp:featuredmedia":[{"embeddable":true,"href":"https:\/\/www.heatsupply.nl\/de\/wp-json\/wp\/v2\/media\/199115"}],"wp:attachment":[{"href":"https:\/\/www.heatsupply.nl\/de\/wp-json\/wp\/v2\/media?parent=199185"}],"wp:term":[{"taxonomy":"product_brand","embeddable":true,"href":"https:\/\/www.heatsupply.nl\/de\/wp-json\/wp\/v2\/product_brand?post=199185"},{"taxonomy":"product_cat","embeddable":true,"href":"https:\/\/www.heatsupply.nl\/de\/wp-json\/wp\/v2\/product_cat?post=199185"},{"taxonomy":"product_tag","embeddable":true,"href":"https:\/\/www.heatsupply.nl\/de\/wp-json\/wp\/v2\/product_tag?post=199185"}],"curies":[{"name":"wp","href":"https:\/\/api.w.org\/{rel}","templated":true}]}}