{"id":198417,"date":"2026-01-19T15:50:59","date_gmt":"2026-01-19T14:50:59","guid":{"rendered":"https:\/\/www.heatsupply.nl\/product\/fruitslagers-holunderbluete-szechuan-essig\/"},"modified":"2026-03-30T14:16:23","modified_gmt":"2026-03-30T12:16:23","slug":"fruitslagers-holunderbluete-szechuan-essig","status":"publish","type":"product","link":"https:\/\/www.heatsupply.nl\/de\/produkt\/fruitslagers-holunderbluete-szechuan-essig\/","title":{"rendered":"Fruitslagers Holunderbl\u00fcte Szechuan Essig"},"content":{"rendered":"<p><strong>Zutaten Fruitslagers Holunderbl\u00fcten Szechuan Essig<\/strong>: Wei\u00dfweinessig, Holunderbl\u00fcte, Szechuanblatt.<\/p>\n<p><span style=\"text-decoration: underline;\">N\u00e4hrwerte pro 100ml: <\/span><br \/>\nEnergie: 10 kJ\/2 kcal<br \/>\nFett: 0 g<br \/>\ndavon ges\u00e4ttigte Fetts\u00e4uren: 0 g<br \/>\nKohlenhydrate: 0,1 g<br \/>\ndavon Zucker: 0,1 g<br \/>\nEiwei\u00df: 0 g<br \/>\nSalz: 0 g<\/p>\n<p>An einem k\u00fchlen und dunklen Ort aufbewahren.<\/p>\n","protected":false},"excerpt":{"rendered":"<p style=\"text-align: justify;\">Dieser Fruitslagers Holunderbl\u00fcten Szechuan Essig ist auf Basis eines nat\u00fcrlich fermentierten Essigs hergestellt. Andere Zutaten, wie die Holunderbl\u00fcte, sind in Nahrungsw\u00e4ldern gepfl\u00fcckt und gesammelt worden. Au\u00dferdem ist er in Zusammenarbeit mit regenerativen Landwirtschaftsprojekten hergestellt. Der Essig ist herrlich blumig, aber durch das Szechuan-Blatt auch leicht prickelnd. Super lecker in einem Dressing, Salat, zum Abl\u00f6schen oder herrlich funky als Aperitif.<\/p>\n<ul>\n<li style=\"text-align: justify;\">Herkunft: Culemborg, Niederlande<\/li>\n<li style=\"text-align: justify;\">Inhalt: 350 ml<\/li>\n<\/ul>\n","protected":false},"featured_media":203302,"comment_status":"open","ping_status":"closed","template":"","meta":{"_acf_changed":false},"product_brand":[],"product_cat":[4042,3968,4032,4071,4073],"product_tag":[],"class_list":{"0":"post-198417","1":"product","2":"type-product","3":"status-publish","4":"has-post-thumbnail","6":"product_cat-andere-produkte","7":"product_cat-geschenke","8":"product_cat-oel-und-essig","9":"product_cat-unter-30","10":"product_cat-unter-50","12":"first","13":"outofstock","14":"taxable","15":"shipping-taxable","16":"purchasable","17":"product-type-simple"},"bundled_by":[],"bundle_stock_status":"outofstock","bundle_stock_quantity":0,"bundle_virtual":false,"bundle_layout":"","bundle_add_to_cart_form_location":"","bundle_editable_in_cart":false,"bundle_sold_individually_context":"","bundle_item_grouping":"","bundle_min_size":"","bundle_max_size":"","bundle_price":[],"bundled_items":[],"bundle_sell_ids":[],"acf":[],"yoast_head":"<!-- This site is optimized with the Yoast SEO Premium plugin v27.5 (Yoast SEO v27.5) - https:\/\/yoast.com\/product\/yoast-seo-premium-wordpress\/ -->\n<title>Fruitslagers Holunderbl\u00fcte Szechuan Essig - Heatsupply<\/title>\n<meta name=\"description\" content=\"Fruitslagers Holunderbl\u00fcten Szechuan Essig ist blumig und leicht prickelnd. Super lecker in einem Dressing, zum Abl\u00f6schen oder als Aperitif.\" \/>\n<meta name=\"robots\" content=\"index, follow, max-snippet:-1, max-image-preview:large, max-video-preview:-1\" \/>\n<link rel=\"canonical\" href=\"https:\/\/www.heatsupply.nl\/de\/produkt\/fruitslagers-holunderbluete-szechuan-essig\/\" \/>\n<meta property=\"og:locale\" content=\"de_DE\" \/>\n<meta property=\"og:type\" content=\"article\" \/>\n<meta property=\"og:title\" content=\"Fruitslagers Holunderbl\u00fcte Szechuan Essig\" \/>\n<meta property=\"og:description\" content=\"Fruitslagers Holunderbl\u00fcten Szechuan Essig ist blumig und leicht prickelnd. Super lecker in einem Dressing, zum Abl\u00f6schen oder als Aperitif.\" \/>\n<meta property=\"og:url\" content=\"https:\/\/www.heatsupply.nl\/de\/produkt\/fruitslagers-holunderbluete-szechuan-essig\/\" \/>\n<meta property=\"og:site_name\" content=\"Heatsupply\" \/>\n<meta property=\"article:publisher\" content=\"https:\/\/www.facebook.com\/heatsupplyNL\" \/>\n<meta property=\"article:modified_time\" content=\"2026-03-30T12:16:23+00:00\" \/>\n<meta property=\"og:image\" content=\"https:\/\/www.heatsupply.nl\/wp-content\/uploads\/2026\/01\/fruitslagers-vlierbloesem-szechuan-azijn.jpg\" \/>\n\t<meta property=\"og:image:width\" content=\"1400\" \/>\n\t<meta property=\"og:image:height\" content=\"1400\" \/>\n\t<meta property=\"og:image:type\" content=\"image\/jpeg\" \/>\n<meta name=\"twitter:card\" content=\"summary_large_image\" \/>\n<meta name=\"twitter:label1\" content=\"Preis\" \/>\n\t<meta name=\"twitter:data1\" content=\"&euro;11,95\" \/>\n\t<meta name=\"twitter:label2\" content=\"Verf\u00fcgbarkeit\" \/>\n\t<meta name=\"twitter:data2\" content=\"ausverkauft\" \/>\n<script type=\"application\/ld+json\" class=\"yoast-schema-graph\">{\"@context\":\"https:\\\/\\\/schema.org\",\"@graph\":[{\"@type\":\"WebPage\",\"@id\":\"https:\\\/\\\/www.heatsupply.nl\\\/de\\\/produkt\\\/fruitslagers-holunderbluete-szechuan-essig\\\/\",\"url\":\"https:\\\/\\\/www.heatsupply.nl\\\/de\\\/produkt\\\/fruitslagers-holunderbluete-szechuan-essig\\\/\",\"name\":\"Fruitslagers Holunderbl\u00fcte Szechuan Essig - Heatsupply\",\"isPartOf\":{\"@id\":\"https:\\\/\\\/www.heatsupply.nl\\\/de\\\/#website\"},\"primaryImageOfPage\":{\"@id\":\"https:\\\/\\\/www.heatsupply.nl\\\/de\\\/produkt\\\/fruitslagers-holunderbluete-szechuan-essig\\\/#primaryimage\"},\"image\":{\"@id\":\"https:\\\/\\\/www.heatsupply.nl\\\/de\\\/produkt\\\/fruitslagers-holunderbluete-szechuan-essig\\\/#primaryimage\"},\"thumbnailUrl\":\"https:\\\/\\\/www.heatsupply.nl\\\/wp-content\\\/uploads\\\/2026\\\/01\\\/fruitslagers-vlierbloesem-szechuan-azijn-350ml-1.jpg\",\"datePublished\":\"2026-01-19T14:50:59+00:00\",\"dateModified\":\"2026-03-30T12:16:23+00:00\",\"description\":\"Fruitslagers Holunderbl\u00fcten Szechuan Essig ist blumig und leicht prickelnd. Super lecker in einem Dressing, zum Abl\u00f6schen oder als Aperitif.\",\"breadcrumb\":{\"@id\":\"https:\\\/\\\/www.heatsupply.nl\\\/de\\\/produkt\\\/fruitslagers-holunderbluete-szechuan-essig\\\/#breadcrumb\"},\"inLanguage\":\"de\",\"potentialAction\":[{\"@type\":\"ReadAction\",\"target\":[\"https:\\\/\\\/www.heatsupply.nl\\\/de\\\/produkt\\\/fruitslagers-holunderbluete-szechuan-essig\\\/\"]}]},{\"@type\":\"ImageObject\",\"inLanguage\":\"de\",\"@id\":\"https:\\\/\\\/www.heatsupply.nl\\\/de\\\/produkt\\\/fruitslagers-holunderbluete-szechuan-essig\\\/#primaryimage\",\"url\":\"https:\\\/\\\/www.heatsupply.nl\\\/wp-content\\\/uploads\\\/2026\\\/01\\\/fruitslagers-vlierbloesem-szechuan-azijn-350ml-1.jpg\",\"contentUrl\":\"https:\\\/\\\/www.heatsupply.nl\\\/wp-content\\\/uploads\\\/2026\\\/01\\\/fruitslagers-vlierbloesem-szechuan-azijn-350ml-1.jpg\",\"width\":1400,\"height\":1400},{\"@type\":\"BreadcrumbList\",\"@id\":\"https:\\\/\\\/www.heatsupply.nl\\\/de\\\/produkt\\\/fruitslagers-holunderbluete-szechuan-essig\\\/#breadcrumb\",\"itemListElement\":[{\"@type\":\"ListItem\",\"position\":1,\"name\":\"Home\",\"item\":\"https:\\\/\\\/www.heatsupply.nl\\\/de\\\/\"},{\"@type\":\"ListItem\",\"position\":2,\"name\":\"Alle produkten\",\"item\":\"https:\\\/\\\/www.heatsupply.nl\\\/de\\\/alle-produkten\\\/\"},{\"@type\":\"ListItem\",\"position\":3,\"name\":\"Andere produkte\",\"item\":\"https:\\\/\\\/www.heatsupply.nl\\\/de\\\/andere-produkte\\\/\"},{\"@type\":\"ListItem\",\"position\":4,\"name\":\"Oliven\u00f6l &amp; Essig\",\"item\":\"https:\\\/\\\/www.heatsupply.nl\\\/de\\\/andere-produkte\\\/oel-und-essig\\\/\"},{\"@type\":\"ListItem\",\"position\":5,\"name\":\"Fruitslagers Holunderbl\u00fcte Szechuan Essig\"}]},{\"@type\":\"WebSite\",\"@id\":\"https:\\\/\\\/www.heatsupply.nl\\\/de\\\/#website\",\"url\":\"https:\\\/\\\/www.heatsupply.nl\\\/de\\\/\",\"name\":\"Heatsupply\",\"description\":\"Hot sauce webstore #1 in Europe\",\"publisher\":{\"@id\":\"https:\\\/\\\/www.heatsupply.nl\\\/de\\\/#organization\"},\"potentialAction\":[{\"@type\":\"SearchAction\",\"target\":{\"@type\":\"EntryPoint\",\"urlTemplate\":\"https:\\\/\\\/www.heatsupply.nl\\\/de\\\/?s={search_term_string}\"},\"query-input\":{\"@type\":\"PropertyValueSpecification\",\"valueRequired\":true,\"valueName\":\"search_term_string\"}}],\"inLanguage\":\"de\"},{\"@type\":\"Organization\",\"@id\":\"https:\\\/\\\/www.heatsupply.nl\\\/de\\\/#organization\",\"name\":\"Heatsupply\",\"url\":\"https:\\\/\\\/www.heatsupply.nl\\\/de\\\/\",\"logo\":{\"@type\":\"ImageObject\",\"inLanguage\":\"de\",\"@id\":\"https:\\\/\\\/www.heatsupply.nl\\\/de\\\/#\\\/schema\\\/logo\\\/image\\\/\",\"url\":\"https:\\\/\\\/www.heatsupply.nl\\\/wp-content\\\/uploads\\\/2022\\\/10\\\/heatsupply-logo-rood.jpg\",\"contentUrl\":\"https:\\\/\\\/www.heatsupply.nl\\\/wp-content\\\/uploads\\\/2022\\\/10\\\/heatsupply-logo-rood.jpg\",\"width\":1000,\"height\":335,\"caption\":\"Heatsupply\"},\"image\":{\"@id\":\"https:\\\/\\\/www.heatsupply.nl\\\/de\\\/#\\\/schema\\\/logo\\\/image\\\/\"},\"sameAs\":[\"https:\\\/\\\/www.facebook.com\\\/heatsupplyNL\",\"https:\\\/\\\/www.instagram.com\\\/heatsuppy.nl\",\"https:\\\/\\\/www.youtube.com\\\/channel\\\/UC5pOWqQtljvxTz2SMWGWCsw\"]}]}<\/script>\n<meta property=\"product:price:amount\" content=\"11.95\" \/>\n<meta property=\"product:price:currency\" content=\"EUR\" \/>\n<meta property=\"og:availability\" content=\"out of stock\" \/>\n<meta property=\"product:availability\" content=\"out of stock\" \/>\n<meta property=\"product:retailer_item_id\" content=\"FSVSA001\" \/>\n<meta property=\"product:condition\" content=\"new\" \/>\n<!-- \/ Yoast SEO Premium plugin. -->","yoast_head_json":{"title":"Fruitslagers Holunderbl\u00fcte Szechuan Essig - Heatsupply","description":"Fruitslagers Holunderbl\u00fcten Szechuan Essig ist blumig und leicht prickelnd. Super lecker in einem Dressing, zum Abl\u00f6schen oder als Aperitif.","robots":{"index":"index","follow":"follow","max-snippet":"max-snippet:-1","max-image-preview":"max-image-preview:large","max-video-preview":"max-video-preview:-1"},"canonical":"https:\/\/www.heatsupply.nl\/de\/produkt\/fruitslagers-holunderbluete-szechuan-essig\/","og_locale":"de_DE","og_type":"article","og_title":"Fruitslagers Holunderbl\u00fcte Szechuan Essig","og_description":"Fruitslagers Holunderbl\u00fcten Szechuan Essig ist blumig und leicht prickelnd. Super lecker in einem Dressing, zum Abl\u00f6schen oder als Aperitif.","og_url":"https:\/\/www.heatsupply.nl\/de\/produkt\/fruitslagers-holunderbluete-szechuan-essig\/","og_site_name":"Heatsupply","article_publisher":"https:\/\/www.facebook.com\/heatsupplyNL","article_modified_time":"2026-03-30T12:16:23+00:00","og_image":[{"width":1400,"height":1400,"url":"https:\/\/www.heatsupply.nl\/wp-content\/uploads\/2026\/01\/fruitslagers-vlierbloesem-szechuan-azijn.jpg","type":"image\/jpeg"}],"twitter_card":"summary_large_image","twitter_misc":{"Preis":"&euro;11,95","Verf\u00fcgbarkeit":"ausverkauft"},"schema":{"@context":"https:\/\/schema.org","@graph":[{"@type":"WebPage","@id":"https:\/\/www.heatsupply.nl\/de\/produkt\/fruitslagers-holunderbluete-szechuan-essig\/","url":"https:\/\/www.heatsupply.nl\/de\/produkt\/fruitslagers-holunderbluete-szechuan-essig\/","name":"Fruitslagers Holunderbl\u00fcte Szechuan Essig - Heatsupply","isPartOf":{"@id":"https:\/\/www.heatsupply.nl\/de\/#website"},"primaryImageOfPage":{"@id":"https:\/\/www.heatsupply.nl\/de\/produkt\/fruitslagers-holunderbluete-szechuan-essig\/#primaryimage"},"image":{"@id":"https:\/\/www.heatsupply.nl\/de\/produkt\/fruitslagers-holunderbluete-szechuan-essig\/#primaryimage"},"thumbnailUrl":"https:\/\/www.heatsupply.nl\/wp-content\/uploads\/2026\/01\/fruitslagers-vlierbloesem-szechuan-azijn-350ml-1.jpg","datePublished":"2026-01-19T14:50:59+00:00","dateModified":"2026-03-30T12:16:23+00:00","description":"Fruitslagers Holunderbl\u00fcten Szechuan Essig ist blumig und leicht prickelnd. Super lecker in einem Dressing, zum Abl\u00f6schen oder als Aperitif.","breadcrumb":{"@id":"https:\/\/www.heatsupply.nl\/de\/produkt\/fruitslagers-holunderbluete-szechuan-essig\/#breadcrumb"},"inLanguage":"de","potentialAction":[{"@type":"ReadAction","target":["https:\/\/www.heatsupply.nl\/de\/produkt\/fruitslagers-holunderbluete-szechuan-essig\/"]}]},{"@type":"ImageObject","inLanguage":"de","@id":"https:\/\/www.heatsupply.nl\/de\/produkt\/fruitslagers-holunderbluete-szechuan-essig\/#primaryimage","url":"https:\/\/www.heatsupply.nl\/wp-content\/uploads\/2026\/01\/fruitslagers-vlierbloesem-szechuan-azijn-350ml-1.jpg","contentUrl":"https:\/\/www.heatsupply.nl\/wp-content\/uploads\/2026\/01\/fruitslagers-vlierbloesem-szechuan-azijn-350ml-1.jpg","width":1400,"height":1400},{"@type":"BreadcrumbList","@id":"https:\/\/www.heatsupply.nl\/de\/produkt\/fruitslagers-holunderbluete-szechuan-essig\/#breadcrumb","itemListElement":[{"@type":"ListItem","position":1,"name":"Home","item":"https:\/\/www.heatsupply.nl\/de\/"},{"@type":"ListItem","position":2,"name":"Alle produkten","item":"https:\/\/www.heatsupply.nl\/de\/alle-produkten\/"},{"@type":"ListItem","position":3,"name":"Andere produkte","item":"https:\/\/www.heatsupply.nl\/de\/andere-produkte\/"},{"@type":"ListItem","position":4,"name":"Oliven\u00f6l &amp; Essig","item":"https:\/\/www.heatsupply.nl\/de\/andere-produkte\/oel-und-essig\/"},{"@type":"ListItem","position":5,"name":"Fruitslagers Holunderbl\u00fcte Szechuan Essig"}]},{"@type":"WebSite","@id":"https:\/\/www.heatsupply.nl\/de\/#website","url":"https:\/\/www.heatsupply.nl\/de\/","name":"Heatsupply","description":"Hot sauce webstore #1 in Europe","publisher":{"@id":"https:\/\/www.heatsupply.nl\/de\/#organization"},"potentialAction":[{"@type":"SearchAction","target":{"@type":"EntryPoint","urlTemplate":"https:\/\/www.heatsupply.nl\/de\/?s={search_term_string}"},"query-input":{"@type":"PropertyValueSpecification","valueRequired":true,"valueName":"search_term_string"}}],"inLanguage":"de"},{"@type":"Organization","@id":"https:\/\/www.heatsupply.nl\/de\/#organization","name":"Heatsupply","url":"https:\/\/www.heatsupply.nl\/de\/","logo":{"@type":"ImageObject","inLanguage":"de","@id":"https:\/\/www.heatsupply.nl\/de\/#\/schema\/logo\/image\/","url":"https:\/\/www.heatsupply.nl\/wp-content\/uploads\/2022\/10\/heatsupply-logo-rood.jpg","contentUrl":"https:\/\/www.heatsupply.nl\/wp-content\/uploads\/2022\/10\/heatsupply-logo-rood.jpg","width":1000,"height":335,"caption":"Heatsupply"},"image":{"@id":"https:\/\/www.heatsupply.nl\/de\/#\/schema\/logo\/image\/"},"sameAs":["https:\/\/www.facebook.com\/heatsupplyNL","https:\/\/www.instagram.com\/heatsuppy.nl","https:\/\/www.youtube.com\/channel\/UC5pOWqQtljvxTz2SMWGWCsw"]}]},"product_price_amount":"11.95","product_price_currency":"EUR","og_availability":"out of stock","product_availability":"out of stock","product_retailer_item_id":"FSVSA001","product_condition":"new"},"_links":{"self":[{"href":"https:\/\/www.heatsupply.nl\/de\/wp-json\/wp\/v2\/product\/198417","targetHints":{"allow":["GET"]}}],"collection":[{"href":"https:\/\/www.heatsupply.nl\/de\/wp-json\/wp\/v2\/product"}],"about":[{"href":"https:\/\/www.heatsupply.nl\/de\/wp-json\/wp\/v2\/types\/product"}],"replies":[{"embeddable":true,"href":"https:\/\/www.heatsupply.nl\/de\/wp-json\/wp\/v2\/comments?post=198417"}],"wp:featuredmedia":[{"embeddable":true,"href":"https:\/\/www.heatsupply.nl\/de\/wp-json\/wp\/v2\/media\/203302"}],"wp:attachment":[{"href":"https:\/\/www.heatsupply.nl\/de\/wp-json\/wp\/v2\/media?parent=198417"}],"wp:term":[{"taxonomy":"product_brand","embeddable":true,"href":"https:\/\/www.heatsupply.nl\/de\/wp-json\/wp\/v2\/product_brand?post=198417"},{"taxonomy":"product_cat","embeddable":true,"href":"https:\/\/www.heatsupply.nl\/de\/wp-json\/wp\/v2\/product_cat?post=198417"},{"taxonomy":"product_tag","embeddable":true,"href":"https:\/\/www.heatsupply.nl\/de\/wp-json\/wp\/v2\/product_tag?post=198417"}],"curies":[{"name":"wp","href":"https:\/\/api.w.org\/{rel}","templated":true}]}}