{"id":198183,"date":"2026-01-23T15:27:28","date_gmt":"2026-01-23T14:27:28","guid":{"rendered":"https:\/\/www.heatsupply.nl\/?post_type=product&#038;p=198183"},"modified":"2026-03-03T13:38:50","modified_gmt":"2026-03-03T12:38:50","slug":"nomie-shichimi-togarashi","status":"publish","type":"product","link":"https:\/\/www.heatsupply.nl\/de\/produkt\/nomie-shichimi-togarashi\/","title":{"rendered":"Nomie Shichimi Togarashi"},"content":{"rendered":"<p><strong>Zutaten Nomie Shichimi Togarashi<\/strong>: Schwarzer SESAM, Chilischoten, Bitterorangenschale, Andalimanbeeren, Wakame-Algen.<\/p>\n<p>Glutenfrei, salzfrei, ohne Zusatzstoffe, 100 % nat\u00fcrlich.<\/p>\n","protected":false},"excerpt":{"rendered":"<p style=\"text-align: justify;\">Nomie Shichimi Togarashi ist eine herrliche Gew\u00fcrzmischung, die besonders bei Gerichten aus der japanischen K\u00fcche verwendet werden kann. Mehr noch, in Japan ist es eine essenzielle Gew\u00fcrzmischung, vergleichbar mit Pfeffer und Salz bei uns. Die Shichimi Togarashi-Mischung hat eine interessante Balance an Aromen: frisch und zitrusartig mit Andaliman-Beeren und Bitterorangenschale, salzig durch die Zugabe von Wakame-Seetang, vollmundig dank schwarzem Sesam und ein bisschen scharf durch die Chilis. Diese Gew\u00fcrze heben deine Ramen, Reisgerichte, Fisch oder sogar Salate auf ein h\u00f6heres Level!<\/p>\n<ul>\n<li style=\"text-align: justify;\">Herkunft: Paris, Frankreich<\/li>\n<li style=\"text-align: justify;\">Inhalt: 35 g<\/li>\n<\/ul>\n","protected":false},"featured_media":198770,"comment_status":"open","ping_status":"closed","template":"","meta":{"_acf_changed":false},"product_brand":[],"product_cat":[3795,4046],"product_tag":[],"class_list":{"0":"post-198183","1":"product","2":"type-product","3":"status-publish","4":"has-post-thumbnail","6":"product_cat-getrocknete-chili","7":"product_cat-spicy","9":"first","10":"outofstock","11":"taxable","12":"shipping-taxable","13":"purchasable","14":"product-type-simple"},"bundled_by":[],"bundle_stock_status":"outofstock","bundle_stock_quantity":0,"bundle_virtual":false,"bundle_layout":"","bundle_add_to_cart_form_location":"","bundle_editable_in_cart":false,"bundle_sold_individually_context":"","bundle_item_grouping":"","bundle_min_size":"","bundle_max_size":"","bundle_price":[],"bundled_items":[],"bundle_sell_ids":[],"acf":[],"yoast_head":"<!-- This site is optimized with the Yoast SEO Premium plugin v27.4 (Yoast SEO v27.4) - https:\/\/yoast.com\/product\/yoast-seo-premium-wordpress\/ -->\n<title>Nomie Shichimi Togarashi - Heatsupply<\/title>\n<meta name=\"description\" content=\"Shichimi Togarashi ist eine unverzichtbare japanische Gew\u00fcrzmischung. Nomie kreierte diese Mischung aus Zutaten wie Sesam, Chilischoten und Algen. Jetzt bei Heatsupply bestellen!\" \/>\n<meta name=\"robots\" content=\"index, follow, max-snippet:-1, max-image-preview:large, max-video-preview:-1\" \/>\n<link rel=\"canonical\" href=\"https:\/\/www.heatsupply.nl\/de\/produkt\/nomie-shichimi-togarashi\/\" \/>\n<meta property=\"og:locale\" content=\"de_DE\" \/>\n<meta property=\"og:type\" content=\"article\" \/>\n<meta property=\"og:title\" content=\"Nomie Shichimi Togarashi\" \/>\n<meta property=\"og:description\" content=\"Shichimi Togarashi ist eine unverzichtbare japanische Gew\u00fcrzmischung. Nomie kreierte diese Mischung aus Zutaten wie Sesam, Chilischoten und Algen. Jetzt bei Heatsupply bestellen!\" \/>\n<meta property=\"og:url\" content=\"https:\/\/www.heatsupply.nl\/de\/produkt\/nomie-shichimi-togarashi\/\" \/>\n<meta property=\"og:site_name\" content=\"Heatsupply\" \/>\n<meta property=\"article:publisher\" content=\"https:\/\/www.facebook.com\/heatsupplyNL\" \/>\n<meta property=\"article:modified_time\" content=\"2026-03-03T12:38:50+00:00\" \/>\n<meta property=\"og:image\" content=\"https:\/\/www.heatsupply.nl\/wp-content\/uploads\/2026\/01\/shichima-togarashi-nomie-kruiden.jpg\" \/>\n\t<meta property=\"og:image:width\" content=\"1400\" \/>\n\t<meta property=\"og:image:height\" content=\"1400\" \/>\n\t<meta property=\"og:image:type\" content=\"image\/jpeg\" \/>\n<meta name=\"twitter:card\" content=\"summary_large_image\" \/>\n<meta name=\"twitter:label1\" content=\"Preis\" \/>\n\t<meta name=\"twitter:data1\" content=\"&euro;5,95\" \/>\n\t<meta name=\"twitter:label2\" content=\"Verf\u00fcgbarkeit\" \/>\n\t<meta name=\"twitter:data2\" content=\"ausverkauft\" \/>\n<script type=\"application\/ld+json\" class=\"yoast-schema-graph\">{\"@context\":\"https:\\\/\\\/schema.org\",\"@graph\":[{\"@type\":\"WebPage\",\"@id\":\"https:\\\/\\\/www.heatsupply.nl\\\/de\\\/produkt\\\/nomie-shichimi-togarashi\\\/\",\"url\":\"https:\\\/\\\/www.heatsupply.nl\\\/de\\\/produkt\\\/nomie-shichimi-togarashi\\\/\",\"name\":\"Nomie Shichimi Togarashi - Heatsupply\",\"isPartOf\":{\"@id\":\"https:\\\/\\\/www.heatsupply.nl\\\/de\\\/#website\"},\"primaryImageOfPage\":{\"@id\":\"https:\\\/\\\/www.heatsupply.nl\\\/de\\\/produkt\\\/nomie-shichimi-togarashi\\\/#primaryimage\"},\"image\":{\"@id\":\"https:\\\/\\\/www.heatsupply.nl\\\/de\\\/produkt\\\/nomie-shichimi-togarashi\\\/#primaryimage\"},\"thumbnailUrl\":\"https:\\\/\\\/www.heatsupply.nl\\\/wp-content\\\/uploads\\\/2026\\\/01\\\/shichima-togarashi-nomie-kruiden.jpg\",\"datePublished\":\"2026-01-23T14:27:28+00:00\",\"dateModified\":\"2026-03-03T12:38:50+00:00\",\"description\":\"Shichimi Togarashi ist eine unverzichtbare japanische Gew\u00fcrzmischung. Nomie kreierte diese Mischung aus Zutaten wie Sesam, Chilischoten und Algen. Jetzt bei Heatsupply bestellen!\",\"breadcrumb\":{\"@id\":\"https:\\\/\\\/www.heatsupply.nl\\\/de\\\/produkt\\\/nomie-shichimi-togarashi\\\/#breadcrumb\"},\"inLanguage\":\"de\",\"potentialAction\":[{\"@type\":\"ReadAction\",\"target\":[\"https:\\\/\\\/www.heatsupply.nl\\\/de\\\/produkt\\\/nomie-shichimi-togarashi\\\/\"]}]},{\"@type\":\"ImageObject\",\"inLanguage\":\"de\",\"@id\":\"https:\\\/\\\/www.heatsupply.nl\\\/de\\\/produkt\\\/nomie-shichimi-togarashi\\\/#primaryimage\",\"url\":\"https:\\\/\\\/www.heatsupply.nl\\\/wp-content\\\/uploads\\\/2026\\\/01\\\/shichima-togarashi-nomie-kruiden.jpg\",\"contentUrl\":\"https:\\\/\\\/www.heatsupply.nl\\\/wp-content\\\/uploads\\\/2026\\\/01\\\/shichima-togarashi-nomie-kruiden.jpg\",\"width\":1400,\"height\":1400,\"caption\":\"nomie shichimi togarashi kruiden\"},{\"@type\":\"BreadcrumbList\",\"@id\":\"https:\\\/\\\/www.heatsupply.nl\\\/de\\\/produkt\\\/nomie-shichimi-togarashi\\\/#breadcrumb\",\"itemListElement\":[{\"@type\":\"ListItem\",\"position\":1,\"name\":\"Home\",\"item\":\"https:\\\/\\\/www.heatsupply.nl\\\/de\\\/\"},{\"@type\":\"ListItem\",\"position\":2,\"name\":\"Alle produkten\",\"item\":\"https:\\\/\\\/www.heatsupply.nl\\\/de\\\/alle-produkten\\\/\"},{\"@type\":\"ListItem\",\"position\":3,\"name\":\"Getrocknete Chili\",\"item\":\"https:\\\/\\\/www.heatsupply.nl\\\/de\\\/getrocknete-chili\\\/\"},{\"@type\":\"ListItem\",\"position\":4,\"name\":\"Nomie Shichimi Togarashi\"}]},{\"@type\":\"WebSite\",\"@id\":\"https:\\\/\\\/www.heatsupply.nl\\\/de\\\/#website\",\"url\":\"https:\\\/\\\/www.heatsupply.nl\\\/de\\\/\",\"name\":\"Heatsupply\",\"description\":\"Hot sauce webstore #1 in Europe\",\"publisher\":{\"@id\":\"https:\\\/\\\/www.heatsupply.nl\\\/de\\\/#organization\"},\"potentialAction\":[{\"@type\":\"SearchAction\",\"target\":{\"@type\":\"EntryPoint\",\"urlTemplate\":\"https:\\\/\\\/www.heatsupply.nl\\\/de\\\/?s={search_term_string}\"},\"query-input\":{\"@type\":\"PropertyValueSpecification\",\"valueRequired\":true,\"valueName\":\"search_term_string\"}}],\"inLanguage\":\"de\"},{\"@type\":\"Organization\",\"@id\":\"https:\\\/\\\/www.heatsupply.nl\\\/de\\\/#organization\",\"name\":\"Heatsupply\",\"url\":\"https:\\\/\\\/www.heatsupply.nl\\\/de\\\/\",\"logo\":{\"@type\":\"ImageObject\",\"inLanguage\":\"de\",\"@id\":\"https:\\\/\\\/www.heatsupply.nl\\\/de\\\/#\\\/schema\\\/logo\\\/image\\\/\",\"url\":\"https:\\\/\\\/www.heatsupply.nl\\\/wp-content\\\/uploads\\\/2022\\\/10\\\/heatsupply-logo-rood.jpg\",\"contentUrl\":\"https:\\\/\\\/www.heatsupply.nl\\\/wp-content\\\/uploads\\\/2022\\\/10\\\/heatsupply-logo-rood.jpg\",\"width\":1000,\"height\":335,\"caption\":\"Heatsupply\"},\"image\":{\"@id\":\"https:\\\/\\\/www.heatsupply.nl\\\/de\\\/#\\\/schema\\\/logo\\\/image\\\/\"},\"sameAs\":[\"https:\\\/\\\/www.facebook.com\\\/heatsupplyNL\",\"https:\\\/\\\/www.instagram.com\\\/heatsuppy.nl\",\"https:\\\/\\\/www.youtube.com\\\/channel\\\/UC5pOWqQtljvxTz2SMWGWCsw\"]}]}<\/script>\n<meta property=\"product:price:amount\" content=\"5.95\" \/>\n<meta property=\"product:price:currency\" content=\"EUR\" \/>\n<meta property=\"og:availability\" content=\"out of stock\" \/>\n<meta property=\"product:availability\" content=\"out of stock\" \/>\n<meta property=\"product:retailer_item_id\" content=\"NOMIEST001\" \/>\n<meta property=\"product:condition\" content=\"new\" \/>\n<!-- \/ Yoast SEO Premium plugin. -->","yoast_head_json":{"title":"Nomie Shichimi Togarashi - Heatsupply","description":"Shichimi Togarashi ist eine unverzichtbare japanische Gew\u00fcrzmischung. Nomie kreierte diese Mischung aus Zutaten wie Sesam, Chilischoten und Algen. Jetzt bei Heatsupply bestellen!","robots":{"index":"index","follow":"follow","max-snippet":"max-snippet:-1","max-image-preview":"max-image-preview:large","max-video-preview":"max-video-preview:-1"},"canonical":"https:\/\/www.heatsupply.nl\/de\/produkt\/nomie-shichimi-togarashi\/","og_locale":"de_DE","og_type":"article","og_title":"Nomie Shichimi Togarashi","og_description":"Shichimi Togarashi ist eine unverzichtbare japanische Gew\u00fcrzmischung. Nomie kreierte diese Mischung aus Zutaten wie Sesam, Chilischoten und Algen. Jetzt bei Heatsupply bestellen!","og_url":"https:\/\/www.heatsupply.nl\/de\/produkt\/nomie-shichimi-togarashi\/","og_site_name":"Heatsupply","article_publisher":"https:\/\/www.facebook.com\/heatsupplyNL","article_modified_time":"2026-03-03T12:38:50+00:00","og_image":[{"width":1400,"height":1400,"url":"https:\/\/www.heatsupply.nl\/wp-content\/uploads\/2026\/01\/shichima-togarashi-nomie-kruiden.jpg","type":"image\/jpeg"}],"twitter_card":"summary_large_image","twitter_misc":{"Preis":"&euro;5,95","Verf\u00fcgbarkeit":"ausverkauft"},"schema":{"@context":"https:\/\/schema.org","@graph":[{"@type":"WebPage","@id":"https:\/\/www.heatsupply.nl\/de\/produkt\/nomie-shichimi-togarashi\/","url":"https:\/\/www.heatsupply.nl\/de\/produkt\/nomie-shichimi-togarashi\/","name":"Nomie Shichimi Togarashi - Heatsupply","isPartOf":{"@id":"https:\/\/www.heatsupply.nl\/de\/#website"},"primaryImageOfPage":{"@id":"https:\/\/www.heatsupply.nl\/de\/produkt\/nomie-shichimi-togarashi\/#primaryimage"},"image":{"@id":"https:\/\/www.heatsupply.nl\/de\/produkt\/nomie-shichimi-togarashi\/#primaryimage"},"thumbnailUrl":"https:\/\/www.heatsupply.nl\/wp-content\/uploads\/2026\/01\/shichima-togarashi-nomie-kruiden.jpg","datePublished":"2026-01-23T14:27:28+00:00","dateModified":"2026-03-03T12:38:50+00:00","description":"Shichimi Togarashi ist eine unverzichtbare japanische Gew\u00fcrzmischung. Nomie kreierte diese Mischung aus Zutaten wie Sesam, Chilischoten und Algen. Jetzt bei Heatsupply bestellen!","breadcrumb":{"@id":"https:\/\/www.heatsupply.nl\/de\/produkt\/nomie-shichimi-togarashi\/#breadcrumb"},"inLanguage":"de","potentialAction":[{"@type":"ReadAction","target":["https:\/\/www.heatsupply.nl\/de\/produkt\/nomie-shichimi-togarashi\/"]}]},{"@type":"ImageObject","inLanguage":"de","@id":"https:\/\/www.heatsupply.nl\/de\/produkt\/nomie-shichimi-togarashi\/#primaryimage","url":"https:\/\/www.heatsupply.nl\/wp-content\/uploads\/2026\/01\/shichima-togarashi-nomie-kruiden.jpg","contentUrl":"https:\/\/www.heatsupply.nl\/wp-content\/uploads\/2026\/01\/shichima-togarashi-nomie-kruiden.jpg","width":1400,"height":1400,"caption":"nomie shichimi togarashi kruiden"},{"@type":"BreadcrumbList","@id":"https:\/\/www.heatsupply.nl\/de\/produkt\/nomie-shichimi-togarashi\/#breadcrumb","itemListElement":[{"@type":"ListItem","position":1,"name":"Home","item":"https:\/\/www.heatsupply.nl\/de\/"},{"@type":"ListItem","position":2,"name":"Alle produkten","item":"https:\/\/www.heatsupply.nl\/de\/alle-produkten\/"},{"@type":"ListItem","position":3,"name":"Getrocknete Chili","item":"https:\/\/www.heatsupply.nl\/de\/getrocknete-chili\/"},{"@type":"ListItem","position":4,"name":"Nomie Shichimi Togarashi"}]},{"@type":"WebSite","@id":"https:\/\/www.heatsupply.nl\/de\/#website","url":"https:\/\/www.heatsupply.nl\/de\/","name":"Heatsupply","description":"Hot sauce webstore #1 in Europe","publisher":{"@id":"https:\/\/www.heatsupply.nl\/de\/#organization"},"potentialAction":[{"@type":"SearchAction","target":{"@type":"EntryPoint","urlTemplate":"https:\/\/www.heatsupply.nl\/de\/?s={search_term_string}"},"query-input":{"@type":"PropertyValueSpecification","valueRequired":true,"valueName":"search_term_string"}}],"inLanguage":"de"},{"@type":"Organization","@id":"https:\/\/www.heatsupply.nl\/de\/#organization","name":"Heatsupply","url":"https:\/\/www.heatsupply.nl\/de\/","logo":{"@type":"ImageObject","inLanguage":"de","@id":"https:\/\/www.heatsupply.nl\/de\/#\/schema\/logo\/image\/","url":"https:\/\/www.heatsupply.nl\/wp-content\/uploads\/2022\/10\/heatsupply-logo-rood.jpg","contentUrl":"https:\/\/www.heatsupply.nl\/wp-content\/uploads\/2022\/10\/heatsupply-logo-rood.jpg","width":1000,"height":335,"caption":"Heatsupply"},"image":{"@id":"https:\/\/www.heatsupply.nl\/de\/#\/schema\/logo\/image\/"},"sameAs":["https:\/\/www.facebook.com\/heatsupplyNL","https:\/\/www.instagram.com\/heatsuppy.nl","https:\/\/www.youtube.com\/channel\/UC5pOWqQtljvxTz2SMWGWCsw"]}]},"product_price_amount":"5.95","product_price_currency":"EUR","og_availability":"out of stock","product_availability":"out of stock","product_retailer_item_id":"NOMIEST001","product_condition":"new"},"_links":{"self":[{"href":"https:\/\/www.heatsupply.nl\/de\/wp-json\/wp\/v2\/product\/198183","targetHints":{"allow":["GET"]}}],"collection":[{"href":"https:\/\/www.heatsupply.nl\/de\/wp-json\/wp\/v2\/product"}],"about":[{"href":"https:\/\/www.heatsupply.nl\/de\/wp-json\/wp\/v2\/types\/product"}],"replies":[{"embeddable":true,"href":"https:\/\/www.heatsupply.nl\/de\/wp-json\/wp\/v2\/comments?post=198183"}],"wp:featuredmedia":[{"embeddable":true,"href":"https:\/\/www.heatsupply.nl\/de\/wp-json\/wp\/v2\/media\/198770"}],"wp:attachment":[{"href":"https:\/\/www.heatsupply.nl\/de\/wp-json\/wp\/v2\/media?parent=198183"}],"wp:term":[{"taxonomy":"product_brand","embeddable":true,"href":"https:\/\/www.heatsupply.nl\/de\/wp-json\/wp\/v2\/product_brand?post=198183"},{"taxonomy":"product_cat","embeddable":true,"href":"https:\/\/www.heatsupply.nl\/de\/wp-json\/wp\/v2\/product_cat?post=198183"},{"taxonomy":"product_tag","embeddable":true,"href":"https:\/\/www.heatsupply.nl\/de\/wp-json\/wp\/v2\/product_tag?post=198183"}],"curies":[{"name":"wp","href":"https:\/\/api.w.org\/{rel}","templated":true}]}}