{"id":194765,"date":"2025-12-18T14:17:29","date_gmt":"2025-12-18T13:17:29","guid":{"rendered":"https:\/\/www.heatsupply.nl\/product\/mama-yus-crispy-shallot-chilli-oil\/"},"modified":"2026-04-13T08:36:33","modified_gmt":"2026-04-13T06:36:33","slug":"mama-yus-crispy-shallot-chilli-oil","status":"publish","type":"product","link":"https:\/\/www.heatsupply.nl\/de\/produkt\/mama-yus-crispy-shallot-chilli-oil\/","title":{"rendered":"Mama Yu&#8217;s Crispy Shallot Chilli Oil"},"content":{"rendered":"<p><strong>Zutaten Mama Yu&#8217;s Crispy Shallot Chilli Oil<\/strong>: rote Chilischote (42 %), Raps\u00f6l (30 %), Schalotte (16 %), Zwiebel, Knoblauch, Zitronengras, Limettensaft, Salz, Zucker, Mononatriumglutamat.<\/p>\n<p><span style=\"text-decoration: underline;\">N\u00e4hrwerte pro 100 ml:<\/span><br \/>\nBrennstoff: 1815 kJ\/436 kcal<br \/>\nFett: 27,3 g<br \/>\ndavon ges\u00e4ttigte Fetts\u00e4uren: 5,4 g<br \/>\nKohlenhydrate: 43 g<br \/>\ndavon Zucker: 2,9 g<br \/>\nEiwei\u00df: 2,5 g<br \/>\nSalz: 1,97 g<\/p>\n<p>K\u00fchl und dunkel lagern. Nach dem \u00d6ffnen im K\u00fchlschrank aufbewahren und innerhalb eines Monats verbrauchen.<\/p>\n","protected":false},"excerpt":{"rendered":"<p style=\"text-align: justify;\">Mama Yu&#8217;s Crispy Shallot Chilli Oil ist ein s\u00fcchtig machendes Chili\u00f6l vom Mutter-Tochter-Duo Xien und Jolene, das besonders bei Liebhabern von Schalotten und\/oder Zwiebeln super gut ankommt! Es ist eine herrlich aromatische und herzhafte Mischung aus knusprigen Schalotten und roten Chilischoten, mit der Zugabe von frischen Zutaten wie Zitronengras und Limettensaft. Nat\u00fcrlich ist auch das Umami-Level hoch, wodurch es ein sch\u00f6n ausbalanciertes Chili\u00f6l von Mama Yu geworden ist, das auch von der Textur her richtig \u00fcberraschend ist. Genial auf einem Avocado &amp; Ei Toast, zu Pasta, Reis- und Nudelgerichten, Salaten und so kannst du noch eine Weile weitermachen.<\/p>\n<ul>\n<li style=\"text-align: justify;\">Herkunft: London, Vereinigtes K\u00f6nigreich<\/li>\n<li style=\"text-align: justify;\">Inhalt: 160 ml<\/li>\n<\/ul>\n","protected":false},"featured_media":194686,"comment_status":"open","ping_status":"closed","template":"","meta":{"_acf_changed":false},"product_brand":[],"product_cat":[3909,4046],"product_tag":[],"class_list":{"0":"post-194765","1":"product","2":"type-product","3":"status-publish","4":"has-post-thumbnail","6":"product_cat-crispy-chilioel","7":"product_cat-spicy","9":"first","10":"outofstock","11":"taxable","12":"shipping-taxable","13":"purchasable","14":"product-type-simple"},"bundled_by":["194886"],"bundle_stock_status":"outofstock","bundle_stock_quantity":0,"bundle_virtual":false,"bundle_layout":"","bundle_add_to_cart_form_location":"","bundle_editable_in_cart":false,"bundle_sold_individually_context":"","bundle_item_grouping":"","bundle_min_size":"","bundle_max_size":"","bundle_price":[],"bundled_items":[],"bundle_sell_ids":[],"acf":[],"yoast_head":"<!-- This site is optimized with the Yoast SEO Premium plugin v27.4 (Yoast SEO v27.4) - https:\/\/yoast.com\/product\/yoast-seo-premium-wordpress\/ -->\n<title>Mama Yu&#039;s Crispy Shallot Chilli Oil - Heatsupply<\/title>\n<meta name=\"description\" content=\"Mama Yu&#039;s Crispy Shallot Chilli Oil ist eine aromatische und herzhafte Mischung aus knusprigen Schalotten und roten Chilischoten. Bestellen Sie Mama Yu jetzt bei Heatsupply!\" \/>\n<meta name=\"robots\" content=\"index, follow, max-snippet:-1, max-image-preview:large, max-video-preview:-1\" \/>\n<link rel=\"canonical\" href=\"https:\/\/www.heatsupply.nl\/de\/produkt\/mama-yus-crispy-shallot-chilli-oil\/\" \/>\n<meta property=\"og:locale\" content=\"de_DE\" \/>\n<meta property=\"og:type\" content=\"article\" \/>\n<meta property=\"og:title\" content=\"Mama Yu&#039;s Crispy Shallot Chilli Oil\" \/>\n<meta property=\"og:description\" content=\"Mama Yu&#039;s Crispy Shallot Chilli Oil ist eine aromatische und herzhafte Mischung aus knusprigen Schalotten und roten Chilischoten. Bestellen Sie Mama Yu jetzt bei Heatsupply!\" \/>\n<meta property=\"og:url\" content=\"https:\/\/www.heatsupply.nl\/de\/produkt\/mama-yus-crispy-shallot-chilli-oil\/\" \/>\n<meta property=\"og:site_name\" content=\"Heatsupply\" \/>\n<meta property=\"article:publisher\" content=\"https:\/\/www.facebook.com\/heatsupplyNL\" \/>\n<meta property=\"article:modified_time\" content=\"2026-04-13T06:36:33+00:00\" \/>\n<meta property=\"og:image\" content=\"https:\/\/www.heatsupply.nl\/wp-content\/uploads\/2025\/12\/mama-yus-crispy-shallot-chilli-oil.jpg\" \/>\n\t<meta property=\"og:image:width\" content=\"1400\" \/>\n\t<meta property=\"og:image:height\" content=\"1400\" \/>\n\t<meta property=\"og:image:type\" content=\"image\/jpeg\" \/>\n<meta name=\"twitter:card\" content=\"summary_large_image\" \/>\n<meta name=\"twitter:label1\" content=\"Preis\" \/>\n\t<meta name=\"twitter:data1\" content=\"&euro;8,95\" \/>\n\t<meta name=\"twitter:label2\" content=\"Verf\u00fcgbarkeit\" \/>\n\t<meta name=\"twitter:data2\" content=\"ausverkauft\" \/>\n<script type=\"application\/ld+json\" class=\"yoast-schema-graph\">{\"@context\":\"https:\\\/\\\/schema.org\",\"@graph\":[{\"@type\":\"WebPage\",\"@id\":\"https:\\\/\\\/www.heatsupply.nl\\\/de\\\/produkt\\\/mama-yus-crispy-shallot-chilli-oil\\\/\",\"url\":\"https:\\\/\\\/www.heatsupply.nl\\\/de\\\/produkt\\\/mama-yus-crispy-shallot-chilli-oil\\\/\",\"name\":\"Mama Yu's Crispy Shallot Chilli Oil - Heatsupply\",\"isPartOf\":{\"@id\":\"https:\\\/\\\/www.heatsupply.nl\\\/de\\\/#website\"},\"primaryImageOfPage\":{\"@id\":\"https:\\\/\\\/www.heatsupply.nl\\\/de\\\/produkt\\\/mama-yus-crispy-shallot-chilli-oil\\\/#primaryimage\"},\"image\":{\"@id\":\"https:\\\/\\\/www.heatsupply.nl\\\/de\\\/produkt\\\/mama-yus-crispy-shallot-chilli-oil\\\/#primaryimage\"},\"thumbnailUrl\":\"https:\\\/\\\/www.heatsupply.nl\\\/wp-content\\\/uploads\\\/2025\\\/12\\\/mama-yus-crispy-shallot-chilli-oil.jpg\",\"datePublished\":\"2025-12-18T13:17:29+00:00\",\"dateModified\":\"2026-04-13T06:36:33+00:00\",\"description\":\"Mama Yu's Crispy Shallot Chilli Oil ist eine aromatische und herzhafte Mischung aus knusprigen Schalotten und roten Chilischoten. Bestellen Sie Mama Yu jetzt bei Heatsupply!\",\"breadcrumb\":{\"@id\":\"https:\\\/\\\/www.heatsupply.nl\\\/de\\\/produkt\\\/mama-yus-crispy-shallot-chilli-oil\\\/#breadcrumb\"},\"inLanguage\":\"de\",\"potentialAction\":[{\"@type\":\"ReadAction\",\"target\":[\"https:\\\/\\\/www.heatsupply.nl\\\/de\\\/produkt\\\/mama-yus-crispy-shallot-chilli-oil\\\/\"]}]},{\"@type\":\"ImageObject\",\"inLanguage\":\"de\",\"@id\":\"https:\\\/\\\/www.heatsupply.nl\\\/de\\\/produkt\\\/mama-yus-crispy-shallot-chilli-oil\\\/#primaryimage\",\"url\":\"https:\\\/\\\/www.heatsupply.nl\\\/wp-content\\\/uploads\\\/2025\\\/12\\\/mama-yus-crispy-shallot-chilli-oil.jpg\",\"contentUrl\":\"https:\\\/\\\/www.heatsupply.nl\\\/wp-content\\\/uploads\\\/2025\\\/12\\\/mama-yus-crispy-shallot-chilli-oil.jpg\",\"width\":1400,\"height\":1400,\"caption\":\"mama yu's crispy shallot chilli oil mama yu\"},{\"@type\":\"BreadcrumbList\",\"@id\":\"https:\\\/\\\/www.heatsupply.nl\\\/de\\\/produkt\\\/mama-yus-crispy-shallot-chilli-oil\\\/#breadcrumb\",\"itemListElement\":[{\"@type\":\"ListItem\",\"position\":1,\"name\":\"Home\",\"item\":\"https:\\\/\\\/www.heatsupply.nl\\\/de\\\/\"},{\"@type\":\"ListItem\",\"position\":2,\"name\":\"Alle produkten\",\"item\":\"https:\\\/\\\/www.heatsupply.nl\\\/de\\\/alle-produkten\\\/\"},{\"@type\":\"ListItem\",\"position\":3,\"name\":\"Crispy Chili Oil\",\"item\":\"https:\\\/\\\/www.heatsupply.nl\\\/de\\\/crispy-chilioel\\\/\"},{\"@type\":\"ListItem\",\"position\":4,\"name\":\"Mama Yu&#8217;s Crispy Shallot Chilli Oil\"}]},{\"@type\":\"WebSite\",\"@id\":\"https:\\\/\\\/www.heatsupply.nl\\\/de\\\/#website\",\"url\":\"https:\\\/\\\/www.heatsupply.nl\\\/de\\\/\",\"name\":\"Heatsupply\",\"description\":\"Hot sauce webstore #1 in Europe\",\"publisher\":{\"@id\":\"https:\\\/\\\/www.heatsupply.nl\\\/de\\\/#organization\"},\"potentialAction\":[{\"@type\":\"SearchAction\",\"target\":{\"@type\":\"EntryPoint\",\"urlTemplate\":\"https:\\\/\\\/www.heatsupply.nl\\\/de\\\/?s={search_term_string}\"},\"query-input\":{\"@type\":\"PropertyValueSpecification\",\"valueRequired\":true,\"valueName\":\"search_term_string\"}}],\"inLanguage\":\"de\"},{\"@type\":\"Organization\",\"@id\":\"https:\\\/\\\/www.heatsupply.nl\\\/de\\\/#organization\",\"name\":\"Heatsupply\",\"url\":\"https:\\\/\\\/www.heatsupply.nl\\\/de\\\/\",\"logo\":{\"@type\":\"ImageObject\",\"inLanguage\":\"de\",\"@id\":\"https:\\\/\\\/www.heatsupply.nl\\\/de\\\/#\\\/schema\\\/logo\\\/image\\\/\",\"url\":\"https:\\\/\\\/www.heatsupply.nl\\\/wp-content\\\/uploads\\\/2022\\\/10\\\/heatsupply-logo-rood.jpg\",\"contentUrl\":\"https:\\\/\\\/www.heatsupply.nl\\\/wp-content\\\/uploads\\\/2022\\\/10\\\/heatsupply-logo-rood.jpg\",\"width\":1000,\"height\":335,\"caption\":\"Heatsupply\"},\"image\":{\"@id\":\"https:\\\/\\\/www.heatsupply.nl\\\/de\\\/#\\\/schema\\\/logo\\\/image\\\/\"},\"sameAs\":[\"https:\\\/\\\/www.facebook.com\\\/heatsupplyNL\",\"https:\\\/\\\/www.instagram.com\\\/heatsuppy.nl\",\"https:\\\/\\\/www.youtube.com\\\/channel\\\/UC5pOWqQtljvxTz2SMWGWCsw\"]}]}<\/script>\n<meta property=\"product:price:amount\" content=\"8.95\" \/>\n<meta property=\"product:price:currency\" content=\"EUR\" \/>\n<meta property=\"og:availability\" content=\"out of stock\" \/>\n<meta property=\"product:availability\" content=\"out of stock\" \/>\n<meta property=\"product:retailer_item_id\" content=\"MAYUSHAL001\" \/>\n<meta property=\"product:condition\" content=\"new\" \/>\n<!-- \/ Yoast SEO Premium plugin. -->","yoast_head_json":{"title":"Mama Yu's Crispy Shallot Chilli Oil - Heatsupply","description":"Mama Yu's Crispy Shallot Chilli Oil ist eine aromatische und herzhafte Mischung aus knusprigen Schalotten und roten Chilischoten. Bestellen Sie Mama Yu jetzt bei Heatsupply!","robots":{"index":"index","follow":"follow","max-snippet":"max-snippet:-1","max-image-preview":"max-image-preview:large","max-video-preview":"max-video-preview:-1"},"canonical":"https:\/\/www.heatsupply.nl\/de\/produkt\/mama-yus-crispy-shallot-chilli-oil\/","og_locale":"de_DE","og_type":"article","og_title":"Mama Yu's Crispy Shallot Chilli Oil","og_description":"Mama Yu's Crispy Shallot Chilli Oil ist eine aromatische und herzhafte Mischung aus knusprigen Schalotten und roten Chilischoten. Bestellen Sie Mama Yu jetzt bei Heatsupply!","og_url":"https:\/\/www.heatsupply.nl\/de\/produkt\/mama-yus-crispy-shallot-chilli-oil\/","og_site_name":"Heatsupply","article_publisher":"https:\/\/www.facebook.com\/heatsupplyNL","article_modified_time":"2026-04-13T06:36:33+00:00","og_image":[{"width":1400,"height":1400,"url":"https:\/\/www.heatsupply.nl\/wp-content\/uploads\/2025\/12\/mama-yus-crispy-shallot-chilli-oil.jpg","type":"image\/jpeg"}],"twitter_card":"summary_large_image","twitter_misc":{"Preis":"&euro;8,95","Verf\u00fcgbarkeit":"ausverkauft"},"schema":{"@context":"https:\/\/schema.org","@graph":[{"@type":"WebPage","@id":"https:\/\/www.heatsupply.nl\/de\/produkt\/mama-yus-crispy-shallot-chilli-oil\/","url":"https:\/\/www.heatsupply.nl\/de\/produkt\/mama-yus-crispy-shallot-chilli-oil\/","name":"Mama Yu's Crispy Shallot Chilli Oil - Heatsupply","isPartOf":{"@id":"https:\/\/www.heatsupply.nl\/de\/#website"},"primaryImageOfPage":{"@id":"https:\/\/www.heatsupply.nl\/de\/produkt\/mama-yus-crispy-shallot-chilli-oil\/#primaryimage"},"image":{"@id":"https:\/\/www.heatsupply.nl\/de\/produkt\/mama-yus-crispy-shallot-chilli-oil\/#primaryimage"},"thumbnailUrl":"https:\/\/www.heatsupply.nl\/wp-content\/uploads\/2025\/12\/mama-yus-crispy-shallot-chilli-oil.jpg","datePublished":"2025-12-18T13:17:29+00:00","dateModified":"2026-04-13T06:36:33+00:00","description":"Mama Yu's Crispy Shallot Chilli Oil ist eine aromatische und herzhafte Mischung aus knusprigen Schalotten und roten Chilischoten. Bestellen Sie Mama Yu jetzt bei Heatsupply!","breadcrumb":{"@id":"https:\/\/www.heatsupply.nl\/de\/produkt\/mama-yus-crispy-shallot-chilli-oil\/#breadcrumb"},"inLanguage":"de","potentialAction":[{"@type":"ReadAction","target":["https:\/\/www.heatsupply.nl\/de\/produkt\/mama-yus-crispy-shallot-chilli-oil\/"]}]},{"@type":"ImageObject","inLanguage":"de","@id":"https:\/\/www.heatsupply.nl\/de\/produkt\/mama-yus-crispy-shallot-chilli-oil\/#primaryimage","url":"https:\/\/www.heatsupply.nl\/wp-content\/uploads\/2025\/12\/mama-yus-crispy-shallot-chilli-oil.jpg","contentUrl":"https:\/\/www.heatsupply.nl\/wp-content\/uploads\/2025\/12\/mama-yus-crispy-shallot-chilli-oil.jpg","width":1400,"height":1400,"caption":"mama yu's crispy shallot chilli oil mama yu"},{"@type":"BreadcrumbList","@id":"https:\/\/www.heatsupply.nl\/de\/produkt\/mama-yus-crispy-shallot-chilli-oil\/#breadcrumb","itemListElement":[{"@type":"ListItem","position":1,"name":"Home","item":"https:\/\/www.heatsupply.nl\/de\/"},{"@type":"ListItem","position":2,"name":"Alle produkten","item":"https:\/\/www.heatsupply.nl\/de\/alle-produkten\/"},{"@type":"ListItem","position":3,"name":"Crispy Chili Oil","item":"https:\/\/www.heatsupply.nl\/de\/crispy-chilioel\/"},{"@type":"ListItem","position":4,"name":"Mama Yu&#8217;s Crispy Shallot Chilli Oil"}]},{"@type":"WebSite","@id":"https:\/\/www.heatsupply.nl\/de\/#website","url":"https:\/\/www.heatsupply.nl\/de\/","name":"Heatsupply","description":"Hot sauce webstore #1 in Europe","publisher":{"@id":"https:\/\/www.heatsupply.nl\/de\/#organization"},"potentialAction":[{"@type":"SearchAction","target":{"@type":"EntryPoint","urlTemplate":"https:\/\/www.heatsupply.nl\/de\/?s={search_term_string}"},"query-input":{"@type":"PropertyValueSpecification","valueRequired":true,"valueName":"search_term_string"}}],"inLanguage":"de"},{"@type":"Organization","@id":"https:\/\/www.heatsupply.nl\/de\/#organization","name":"Heatsupply","url":"https:\/\/www.heatsupply.nl\/de\/","logo":{"@type":"ImageObject","inLanguage":"de","@id":"https:\/\/www.heatsupply.nl\/de\/#\/schema\/logo\/image\/","url":"https:\/\/www.heatsupply.nl\/wp-content\/uploads\/2022\/10\/heatsupply-logo-rood.jpg","contentUrl":"https:\/\/www.heatsupply.nl\/wp-content\/uploads\/2022\/10\/heatsupply-logo-rood.jpg","width":1000,"height":335,"caption":"Heatsupply"},"image":{"@id":"https:\/\/www.heatsupply.nl\/de\/#\/schema\/logo\/image\/"},"sameAs":["https:\/\/www.facebook.com\/heatsupplyNL","https:\/\/www.instagram.com\/heatsuppy.nl","https:\/\/www.youtube.com\/channel\/UC5pOWqQtljvxTz2SMWGWCsw"]}]},"product_price_amount":"8.95","product_price_currency":"EUR","og_availability":"out of stock","product_availability":"out of stock","product_retailer_item_id":"MAYUSHAL001","product_condition":"new"},"_links":{"self":[{"href":"https:\/\/www.heatsupply.nl\/de\/wp-json\/wp\/v2\/product\/194765","targetHints":{"allow":["GET"]}}],"collection":[{"href":"https:\/\/www.heatsupply.nl\/de\/wp-json\/wp\/v2\/product"}],"about":[{"href":"https:\/\/www.heatsupply.nl\/de\/wp-json\/wp\/v2\/types\/product"}],"replies":[{"embeddable":true,"href":"https:\/\/www.heatsupply.nl\/de\/wp-json\/wp\/v2\/comments?post=194765"}],"wp:featuredmedia":[{"embeddable":true,"href":"https:\/\/www.heatsupply.nl\/de\/wp-json\/wp\/v2\/media\/194686"}],"wp:attachment":[{"href":"https:\/\/www.heatsupply.nl\/de\/wp-json\/wp\/v2\/media?parent=194765"}],"wp:term":[{"taxonomy":"product_brand","embeddable":true,"href":"https:\/\/www.heatsupply.nl\/de\/wp-json\/wp\/v2\/product_brand?post=194765"},{"taxonomy":"product_cat","embeddable":true,"href":"https:\/\/www.heatsupply.nl\/de\/wp-json\/wp\/v2\/product_cat?post=194765"},{"taxonomy":"product_tag","embeddable":true,"href":"https:\/\/www.heatsupply.nl\/de\/wp-json\/wp\/v2\/product_tag?post=194765"}],"curies":[{"name":"wp","href":"https:\/\/api.w.org\/{rel}","templated":true}]}}