{"id":194407,"date":"2025-12-16T14:47:43","date_gmt":"2025-12-16T13:47:43","guid":{"rendered":"https:\/\/www.heatsupply.nl\/?post_type=product&#038;p=194407"},"modified":"2026-04-02T14:22:51","modified_gmt":"2026-04-02T12:22:51","slug":"hammo-chilioel-extra-vergine","status":"publish","type":"product","link":"https:\/\/www.heatsupply.nl\/de\/produkt\/hammo-chilioel-extra-vergine\/","title":{"rendered":"HAMMO Chili\u00f6l &#8211; Extra Vergine"},"content":{"rendered":"<p>Zutaten Hammo Chili\u00f6l: Natives Oliven\u00f6l extra, Cayennepfeffer, Knoblauch, Rosmarin.<\/p>\n<p><span style=\"text-decoration: underline;\">N\u00e4hrwerte pro 100 ml:<\/span><br \/>\nEnergie: 3487 kJ\/ 847 kcal<br \/>\nFett: 90,2 Gramm<br \/>\ndavon ges\u00e4ttigte Fetts\u00e4uren: 15,2 Gramm<br \/>\nKohlenhydrate: 8,1 Gramm<br \/>\ndavon Zucker: 0,0 Gramm<br \/>\nEiwei\u00df: 0,0 Gramm<br \/>\nSalz: 0,0 Gramm<\/p>\n<p>Nach dem \u00d6ffnen die Flasche in der Verpackung aufbewahren, damit das \u00d6l vor Sonnenlicht und Hitze gesch\u00fctzt ist.<\/p>\n","protected":false},"excerpt":{"rendered":"<p style=\"text-align: justify;\">Dieses HAMMO Chili-\u00d6l wird aus hochwertigem tunesischem nativem Oliven\u00f6l extra und Cayennepfeffer hergestellt. Dar\u00fcber hinaus enth\u00e4lt dieses \u00d6l eine gesunde Dosis Knoblauch und Rosmarin. Alle diese Zutaten stammen aus Hammos eigenem Olivenhain in Mornag (Tunesien), wo die mediterrane Sonne ihre Arbeit verrichtet. Dieses w\u00fcrzige Oliven\u00f6l schmeckt k\u00f6stlich auf Pizza, in Hummus, in Dips, zu Eiern, Avocado-Toast oder einfach zu einem St\u00fcck Brot.<\/p>\n<p><strong>Voraussichtliche Wiederauff\u00fcllung: Ende April\/Anfang Mai<\/strong><\/p>\n<ul>\n<li style=\"text-align: justify;\">Herkunft: Mornag, Tunesien.<\/li>\n<li style=\"text-align: justify;\">Inhalt: 250 ml<\/li>\n<\/ul>\n","protected":false},"featured_media":194394,"comment_status":"open","ping_status":"closed","template":"","meta":{"_acf_changed":false},"product_brand":[],"product_cat":[4042,4043,4032,4046],"product_tag":[],"class_list":{"0":"post-194407","1":"product","2":"type-product","3":"status-publish","4":"has-post-thumbnail","6":"product_cat-andere-produkte","7":"product_cat-aromen","8":"product_cat-oel-und-essig","9":"product_cat-spicy","11":"first","12":"outofstock","13":"taxable","14":"shipping-taxable","15":"purchasable","16":"product-type-simple"},"bundled_by":[],"bundle_stock_status":"outofstock","bundle_stock_quantity":0,"bundle_virtual":false,"bundle_layout":"","bundle_add_to_cart_form_location":"","bundle_editable_in_cart":false,"bundle_sold_individually_context":"","bundle_item_grouping":"","bundle_min_size":"","bundle_max_size":"","bundle_price":[],"bundled_items":[],"bundle_sell_ids":[],"acf":[],"yoast_head":"<!-- This site is optimized with the Yoast SEO Premium plugin v27.4 (Yoast SEO v27.4) - https:\/\/yoast.com\/product\/yoast-seo-premium-wordpress\/ -->\n<title>HAMMO Chili\u00f6l - Extra Vergine - Heatsupply<\/title>\n<meta name=\"description\" content=\"Entdecken Sie Hammo&#039;s Premium Chili\u00f6l, hergestellt aus hochwertigem tunesischem nativem Oliven\u00f6l extra und Cayenne. Exklusiv in der EU.\" \/>\n<meta name=\"robots\" content=\"index, follow, max-snippet:-1, max-image-preview:large, max-video-preview:-1\" \/>\n<link rel=\"canonical\" href=\"https:\/\/www.heatsupply.nl\/de\/produkt\/hammo-chilioel-extra-vergine\/\" \/>\n<meta property=\"og:locale\" content=\"de_DE\" \/>\n<meta property=\"og:type\" content=\"article\" \/>\n<meta property=\"og:title\" content=\"HAMMO Chili\u00f6l - Extra Vergine\" \/>\n<meta property=\"og:description\" content=\"Entdecken Sie Hammo&#039;s Premium Chili\u00f6l, hergestellt aus hochwertigem tunesischem nativem Oliven\u00f6l extra und Cayenne. Exklusiv in der EU.\" \/>\n<meta property=\"og:url\" content=\"https:\/\/www.heatsupply.nl\/de\/produkt\/hammo-chilioel-extra-vergine\/\" \/>\n<meta property=\"og:site_name\" content=\"Heatsupply\" \/>\n<meta property=\"article:publisher\" content=\"https:\/\/www.facebook.com\/heatsupplyNL\" \/>\n<meta property=\"article:modified_time\" content=\"2026-04-02T12:22:51+00:00\" \/>\n<meta property=\"og:image\" content=\"https:\/\/www.heatsupply.nl\/wp-content\/uploads\/2025\/12\/hammo-chili-olie-tunesisch.jpg\" \/>\n\t<meta property=\"og:image:width\" content=\"1400\" \/>\n\t<meta property=\"og:image:height\" content=\"1400\" \/>\n\t<meta property=\"og:image:type\" content=\"image\/jpeg\" \/>\n<meta name=\"twitter:card\" content=\"summary_large_image\" \/>\n<meta name=\"twitter:label1\" content=\"Preis\" \/>\n\t<meta name=\"twitter:data1\" content=\"&euro;12,95\" \/>\n\t<meta name=\"twitter:label2\" content=\"Verf\u00fcgbarkeit\" \/>\n\t<meta name=\"twitter:data2\" content=\"ausverkauft\" \/>\n<script type=\"application\/ld+json\" class=\"yoast-schema-graph\">{\"@context\":\"https:\\\/\\\/schema.org\",\"@graph\":[{\"@type\":\"WebPage\",\"@id\":\"https:\\\/\\\/www.heatsupply.nl\\\/de\\\/produkt\\\/hammo-chilioel-extra-vergine\\\/\",\"url\":\"https:\\\/\\\/www.heatsupply.nl\\\/de\\\/produkt\\\/hammo-chilioel-extra-vergine\\\/\",\"name\":\"HAMMO Chili\u00f6l - Extra Vergine - Heatsupply\",\"isPartOf\":{\"@id\":\"https:\\\/\\\/www.heatsupply.nl\\\/de\\\/#website\"},\"primaryImageOfPage\":{\"@id\":\"https:\\\/\\\/www.heatsupply.nl\\\/de\\\/produkt\\\/hammo-chilioel-extra-vergine\\\/#primaryimage\"},\"image\":{\"@id\":\"https:\\\/\\\/www.heatsupply.nl\\\/de\\\/produkt\\\/hammo-chilioel-extra-vergine\\\/#primaryimage\"},\"thumbnailUrl\":\"https:\\\/\\\/www.heatsupply.nl\\\/wp-content\\\/uploads\\\/2025\\\/12\\\/hammo-chili-olie-tunesisch.jpg\",\"datePublished\":\"2025-12-16T13:47:43+00:00\",\"dateModified\":\"2026-04-02T12:22:51+00:00\",\"description\":\"Entdecken Sie Hammo's Premium Chili\u00f6l, hergestellt aus hochwertigem tunesischem nativem Oliven\u00f6l extra und Cayenne. Exklusiv in der EU.\",\"breadcrumb\":{\"@id\":\"https:\\\/\\\/www.heatsupply.nl\\\/de\\\/produkt\\\/hammo-chilioel-extra-vergine\\\/#breadcrumb\"},\"inLanguage\":\"de\",\"potentialAction\":[{\"@type\":\"ReadAction\",\"target\":[\"https:\\\/\\\/www.heatsupply.nl\\\/de\\\/produkt\\\/hammo-chilioel-extra-vergine\\\/\"]}]},{\"@type\":\"ImageObject\",\"inLanguage\":\"de\",\"@id\":\"https:\\\/\\\/www.heatsupply.nl\\\/de\\\/produkt\\\/hammo-chilioel-extra-vergine\\\/#primaryimage\",\"url\":\"https:\\\/\\\/www.heatsupply.nl\\\/wp-content\\\/uploads\\\/2025\\\/12\\\/hammo-chili-olie-tunesisch.jpg\",\"contentUrl\":\"https:\\\/\\\/www.heatsupply.nl\\\/wp-content\\\/uploads\\\/2025\\\/12\\\/hammo-chili-olie-tunesisch.jpg\",\"width\":1400,\"height\":1400},{\"@type\":\"BreadcrumbList\",\"@id\":\"https:\\\/\\\/www.heatsupply.nl\\\/de\\\/produkt\\\/hammo-chilioel-extra-vergine\\\/#breadcrumb\",\"itemListElement\":[{\"@type\":\"ListItem\",\"position\":1,\"name\":\"Home\",\"item\":\"https:\\\/\\\/www.heatsupply.nl\\\/de\\\/\"},{\"@type\":\"ListItem\",\"position\":2,\"name\":\"Alle produkten\",\"item\":\"https:\\\/\\\/www.heatsupply.nl\\\/de\\\/alle-produkten\\\/\"},{\"@type\":\"ListItem\",\"position\":3,\"name\":\"Andere produkte\",\"item\":\"https:\\\/\\\/www.heatsupply.nl\\\/de\\\/andere-produkte\\\/\"},{\"@type\":\"ListItem\",\"position\":4,\"name\":\"Oliven\u00f6l &amp; Essig\",\"item\":\"https:\\\/\\\/www.heatsupply.nl\\\/de\\\/andere-produkte\\\/oel-und-essig\\\/\"},{\"@type\":\"ListItem\",\"position\":5,\"name\":\"HAMMO Chili\u00f6l &#8211; Extra Vergine\"}]},{\"@type\":\"WebSite\",\"@id\":\"https:\\\/\\\/www.heatsupply.nl\\\/de\\\/#website\",\"url\":\"https:\\\/\\\/www.heatsupply.nl\\\/de\\\/\",\"name\":\"Heatsupply\",\"description\":\"Hot sauce webstore #1 in Europe\",\"publisher\":{\"@id\":\"https:\\\/\\\/www.heatsupply.nl\\\/de\\\/#organization\"},\"potentialAction\":[{\"@type\":\"SearchAction\",\"target\":{\"@type\":\"EntryPoint\",\"urlTemplate\":\"https:\\\/\\\/www.heatsupply.nl\\\/de\\\/?s={search_term_string}\"},\"query-input\":{\"@type\":\"PropertyValueSpecification\",\"valueRequired\":true,\"valueName\":\"search_term_string\"}}],\"inLanguage\":\"de\"},{\"@type\":\"Organization\",\"@id\":\"https:\\\/\\\/www.heatsupply.nl\\\/de\\\/#organization\",\"name\":\"Heatsupply\",\"url\":\"https:\\\/\\\/www.heatsupply.nl\\\/de\\\/\",\"logo\":{\"@type\":\"ImageObject\",\"inLanguage\":\"de\",\"@id\":\"https:\\\/\\\/www.heatsupply.nl\\\/de\\\/#\\\/schema\\\/logo\\\/image\\\/\",\"url\":\"https:\\\/\\\/www.heatsupply.nl\\\/wp-content\\\/uploads\\\/2022\\\/10\\\/heatsupply-logo-rood.jpg\",\"contentUrl\":\"https:\\\/\\\/www.heatsupply.nl\\\/wp-content\\\/uploads\\\/2022\\\/10\\\/heatsupply-logo-rood.jpg\",\"width\":1000,\"height\":335,\"caption\":\"Heatsupply\"},\"image\":{\"@id\":\"https:\\\/\\\/www.heatsupply.nl\\\/de\\\/#\\\/schema\\\/logo\\\/image\\\/\"},\"sameAs\":[\"https:\\\/\\\/www.facebook.com\\\/heatsupplyNL\",\"https:\\\/\\\/www.instagram.com\\\/heatsuppy.nl\",\"https:\\\/\\\/www.youtube.com\\\/channel\\\/UC5pOWqQtljvxTz2SMWGWCsw\"]}]}<\/script>\n<meta property=\"product:price:amount\" content=\"12.95\" \/>\n<meta property=\"product:price:currency\" content=\"EUR\" \/>\n<meta property=\"og:availability\" content=\"out of stock\" \/>\n<meta property=\"product:availability\" content=\"out of stock\" \/>\n<meta property=\"product:retailer_item_id\" content=\"HCEV001\" \/>\n<meta property=\"product:condition\" content=\"new\" \/>\n<!-- \/ Yoast SEO Premium plugin. -->","yoast_head_json":{"title":"HAMMO Chili\u00f6l - Extra Vergine - Heatsupply","description":"Entdecken Sie Hammo's Premium Chili\u00f6l, hergestellt aus hochwertigem tunesischem nativem Oliven\u00f6l extra und Cayenne. Exklusiv in der EU.","robots":{"index":"index","follow":"follow","max-snippet":"max-snippet:-1","max-image-preview":"max-image-preview:large","max-video-preview":"max-video-preview:-1"},"canonical":"https:\/\/www.heatsupply.nl\/de\/produkt\/hammo-chilioel-extra-vergine\/","og_locale":"de_DE","og_type":"article","og_title":"HAMMO Chili\u00f6l - Extra Vergine","og_description":"Entdecken Sie Hammo's Premium Chili\u00f6l, hergestellt aus hochwertigem tunesischem nativem Oliven\u00f6l extra und Cayenne. Exklusiv in der EU.","og_url":"https:\/\/www.heatsupply.nl\/de\/produkt\/hammo-chilioel-extra-vergine\/","og_site_name":"Heatsupply","article_publisher":"https:\/\/www.facebook.com\/heatsupplyNL","article_modified_time":"2026-04-02T12:22:51+00:00","og_image":[{"width":1400,"height":1400,"url":"https:\/\/www.heatsupply.nl\/wp-content\/uploads\/2025\/12\/hammo-chili-olie-tunesisch.jpg","type":"image\/jpeg"}],"twitter_card":"summary_large_image","twitter_misc":{"Preis":"&euro;12,95","Verf\u00fcgbarkeit":"ausverkauft"},"schema":{"@context":"https:\/\/schema.org","@graph":[{"@type":"WebPage","@id":"https:\/\/www.heatsupply.nl\/de\/produkt\/hammo-chilioel-extra-vergine\/","url":"https:\/\/www.heatsupply.nl\/de\/produkt\/hammo-chilioel-extra-vergine\/","name":"HAMMO Chili\u00f6l - Extra Vergine - Heatsupply","isPartOf":{"@id":"https:\/\/www.heatsupply.nl\/de\/#website"},"primaryImageOfPage":{"@id":"https:\/\/www.heatsupply.nl\/de\/produkt\/hammo-chilioel-extra-vergine\/#primaryimage"},"image":{"@id":"https:\/\/www.heatsupply.nl\/de\/produkt\/hammo-chilioel-extra-vergine\/#primaryimage"},"thumbnailUrl":"https:\/\/www.heatsupply.nl\/wp-content\/uploads\/2025\/12\/hammo-chili-olie-tunesisch.jpg","datePublished":"2025-12-16T13:47:43+00:00","dateModified":"2026-04-02T12:22:51+00:00","description":"Entdecken Sie Hammo's Premium Chili\u00f6l, hergestellt aus hochwertigem tunesischem nativem Oliven\u00f6l extra und Cayenne. Exklusiv in der EU.","breadcrumb":{"@id":"https:\/\/www.heatsupply.nl\/de\/produkt\/hammo-chilioel-extra-vergine\/#breadcrumb"},"inLanguage":"de","potentialAction":[{"@type":"ReadAction","target":["https:\/\/www.heatsupply.nl\/de\/produkt\/hammo-chilioel-extra-vergine\/"]}]},{"@type":"ImageObject","inLanguage":"de","@id":"https:\/\/www.heatsupply.nl\/de\/produkt\/hammo-chilioel-extra-vergine\/#primaryimage","url":"https:\/\/www.heatsupply.nl\/wp-content\/uploads\/2025\/12\/hammo-chili-olie-tunesisch.jpg","contentUrl":"https:\/\/www.heatsupply.nl\/wp-content\/uploads\/2025\/12\/hammo-chili-olie-tunesisch.jpg","width":1400,"height":1400},{"@type":"BreadcrumbList","@id":"https:\/\/www.heatsupply.nl\/de\/produkt\/hammo-chilioel-extra-vergine\/#breadcrumb","itemListElement":[{"@type":"ListItem","position":1,"name":"Home","item":"https:\/\/www.heatsupply.nl\/de\/"},{"@type":"ListItem","position":2,"name":"Alle produkten","item":"https:\/\/www.heatsupply.nl\/de\/alle-produkten\/"},{"@type":"ListItem","position":3,"name":"Andere produkte","item":"https:\/\/www.heatsupply.nl\/de\/andere-produkte\/"},{"@type":"ListItem","position":4,"name":"Oliven\u00f6l &amp; Essig","item":"https:\/\/www.heatsupply.nl\/de\/andere-produkte\/oel-und-essig\/"},{"@type":"ListItem","position":5,"name":"HAMMO Chili\u00f6l &#8211; Extra Vergine"}]},{"@type":"WebSite","@id":"https:\/\/www.heatsupply.nl\/de\/#website","url":"https:\/\/www.heatsupply.nl\/de\/","name":"Heatsupply","description":"Hot sauce webstore #1 in Europe","publisher":{"@id":"https:\/\/www.heatsupply.nl\/de\/#organization"},"potentialAction":[{"@type":"SearchAction","target":{"@type":"EntryPoint","urlTemplate":"https:\/\/www.heatsupply.nl\/de\/?s={search_term_string}"},"query-input":{"@type":"PropertyValueSpecification","valueRequired":true,"valueName":"search_term_string"}}],"inLanguage":"de"},{"@type":"Organization","@id":"https:\/\/www.heatsupply.nl\/de\/#organization","name":"Heatsupply","url":"https:\/\/www.heatsupply.nl\/de\/","logo":{"@type":"ImageObject","inLanguage":"de","@id":"https:\/\/www.heatsupply.nl\/de\/#\/schema\/logo\/image\/","url":"https:\/\/www.heatsupply.nl\/wp-content\/uploads\/2022\/10\/heatsupply-logo-rood.jpg","contentUrl":"https:\/\/www.heatsupply.nl\/wp-content\/uploads\/2022\/10\/heatsupply-logo-rood.jpg","width":1000,"height":335,"caption":"Heatsupply"},"image":{"@id":"https:\/\/www.heatsupply.nl\/de\/#\/schema\/logo\/image\/"},"sameAs":["https:\/\/www.facebook.com\/heatsupplyNL","https:\/\/www.instagram.com\/heatsuppy.nl","https:\/\/www.youtube.com\/channel\/UC5pOWqQtljvxTz2SMWGWCsw"]}]},"product_price_amount":"12.95","product_price_currency":"EUR","og_availability":"out of stock","product_availability":"out of stock","product_retailer_item_id":"HCEV001","product_condition":"new"},"_links":{"self":[{"href":"https:\/\/www.heatsupply.nl\/de\/wp-json\/wp\/v2\/product\/194407","targetHints":{"allow":["GET"]}}],"collection":[{"href":"https:\/\/www.heatsupply.nl\/de\/wp-json\/wp\/v2\/product"}],"about":[{"href":"https:\/\/www.heatsupply.nl\/de\/wp-json\/wp\/v2\/types\/product"}],"replies":[{"embeddable":true,"href":"https:\/\/www.heatsupply.nl\/de\/wp-json\/wp\/v2\/comments?post=194407"}],"wp:featuredmedia":[{"embeddable":true,"href":"https:\/\/www.heatsupply.nl\/de\/wp-json\/wp\/v2\/media\/194394"}],"wp:attachment":[{"href":"https:\/\/www.heatsupply.nl\/de\/wp-json\/wp\/v2\/media?parent=194407"}],"wp:term":[{"taxonomy":"product_brand","embeddable":true,"href":"https:\/\/www.heatsupply.nl\/de\/wp-json\/wp\/v2\/product_brand?post=194407"},{"taxonomy":"product_cat","embeddable":true,"href":"https:\/\/www.heatsupply.nl\/de\/wp-json\/wp\/v2\/product_cat?post=194407"},{"taxonomy":"product_tag","embeddable":true,"href":"https:\/\/www.heatsupply.nl\/de\/wp-json\/wp\/v2\/product_tag?post=194407"}],"curies":[{"name":"wp","href":"https:\/\/api.w.org\/{rel}","templated":true}]}}