{"id":192857,"date":"2025-12-08T10:19:58","date_gmt":"2025-12-08T09:19:58","guid":{"rendered":"https:\/\/www.heatsupply.nl\/?post_type=product&#038;p=192857"},"modified":"2026-04-01T21:40:39","modified_gmt":"2026-04-01T19:40:39","slug":"hellfire-5-pepper-sriracha","status":"publish","type":"product","link":"https:\/\/www.heatsupply.nl\/de\/produkt\/hellfire-5-pepper-sriracha\/","title":{"rendered":"Hellfire 5 Pepper Sriracha"},"content":{"rendered":"<p><strong>Hellfire 5 Pepper Sriracha Zutaten<\/strong>: Knoblauch (Knoblauch, Wasser, Zitronens\u00e4ure), Jalape\u00f1o-P\u00fcree (Jalape\u00f1o-Chilis, Salz, Essig), Rohrzucker, Cayennepfeffer-P\u00fcree (Cayennepfeffer, Salz, Essigs\u00e4ure), Branntweinessig (SULFITE), Habanero-P\u00fcree (Habanero-Chilis, Salz, Essigs\u00e4ure), Ghost-Pepper-P\u00fcree (Ghost-Peppers, Salz, Essigs\u00e4ure), Carolina-Reaper-P\u00fcree (Carolina-Reaper-Chilis, Salz, Essigs\u00e4ure).<\/p>\n<p><span style=\"text-decoration: underline;\">N\u00e4hrwertangaben pro 100 g:<\/span><br \/>\nEnergie: 77,5 kcal\/324,3 kJ<br \/>\nFett: 0,18 g<br \/>\ndavon ges\u00e4ttigte Fetts\u00e4uren: 0,02 g<br \/>\nKohlenhydrate: 19 g<br \/>\ndavon Zucker: 12,7 g<br \/>\nEiwei\u00df: 1,69 g<br \/>\nSalz: 6,17 g<\/p>\n<p>Vor Gebrauch sch\u00fctteln und nach dem \u00d6ffnen im K\u00fchlschrank aufbewahren.<\/p>\n","protected":false},"excerpt":{"rendered":"<p style=\"text-align: justify;\">Hellfire 5 Pepper Sriracha ist eine richtig coole Variante der klassischen Sriracha. Es wurden n\u00e4mlich gleich f\u00fcnf verschiedene Chilis verwendet: Jalapeno, Cayenne, Habanero, Ghost Pepper und Carolina Reaper! Trotzdem ist es keine super scharfe Sauce, sondern vor allem eine super leckere Sauce voller Knoblauch. Es ist sogar die erste Zutat, also dann wei\u00dft du Bescheid. Au\u00dferdem sorgt der Rohrzucker f\u00fcr einen lecker s\u00fc\u00dfen Geschmack und das ist auch genau das, was du von einer Sriracha willst. Verwende diese scharfe Sauce wie du eine Sriracha verwenden w\u00fcrdest, aber sie ist auch einfach herrlich zu Tacos, Burgern, in einer Mayo und noch vielem mehr!<\/p>\n<ul>\n<li style=\"text-align: justify;\">Herkunft: Lake Geneva, Wisconsin (USA)<\/li>\n<li style=\"text-align: justify;\">Inhalt: 148 ml<\/li>\n<\/ul>\n","protected":false},"featured_media":193097,"comment_status":"open","ping_status":"closed","template":"","meta":{"_acf_changed":false},"product_brand":[],"product_cat":[3929,3931,3913,3915,3787,4046],"product_tag":[],"class_list":{"0":"post-192857","1":"product","2":"type-product","3":"status-publish","4":"has-post-thumbnail","6":"product_cat-carolina-reaper","7":"product_cat-ghost-pepper","8":"product_cat-habanero","9":"product_cat-jalapeno","10":"product_cat-scharfe-sossen","11":"product_cat-spicy","13":"first","14":"instock","15":"taxable","16":"shipping-taxable","17":"purchasable","18":"product-type-simple"},"bundled_by":[],"bundle_stock_status":"instock","bundle_stock_quantity":9,"bundle_virtual":false,"bundle_layout":"","bundle_add_to_cart_form_location":"","bundle_editable_in_cart":false,"bundle_sold_individually_context":"","bundle_item_grouping":"","bundle_min_size":"","bundle_max_size":"","bundle_price":[],"bundled_items":[],"bundle_sell_ids":[],"acf":[],"yoast_head":"<!-- This site is optimized with the Yoast SEO Premium plugin v27.4 (Yoast SEO v27.4) - https:\/\/yoast.com\/product\/yoast-seo-premium-wordpress\/ -->\n<title>Hellfire 5 Pepper Sriracha - Heatsupply<\/title>\n<meta name=\"description\" content=\"Hellfire 5 Pepper Sriracha ist mit sage und schreibe 5 verschiedenen Chilis gemacht: Jalapeno, Cayenne, Habanero, Ghost Pepper und Carolina Reaper. Bestell ihn hier!\" \/>\n<meta name=\"robots\" content=\"index, follow, max-snippet:-1, max-image-preview:large, max-video-preview:-1\" \/>\n<link rel=\"canonical\" href=\"https:\/\/www.heatsupply.nl\/de\/produkt\/hellfire-5-pepper-sriracha\/\" \/>\n<meta property=\"og:locale\" content=\"de_DE\" \/>\n<meta property=\"og:type\" content=\"article\" \/>\n<meta property=\"og:title\" content=\"Hellfire 5 Pepper Sriracha\" \/>\n<meta property=\"og:description\" content=\"Hellfire 5 Pepper Sriracha ist mit sage und schreibe 5 verschiedenen Chilis gemacht: Jalapeno, Cayenne, Habanero, Ghost Pepper und Carolina Reaper. Bestell ihn hier!\" \/>\n<meta property=\"og:url\" content=\"https:\/\/www.heatsupply.nl\/de\/produkt\/hellfire-5-pepper-sriracha\/\" \/>\n<meta property=\"og:site_name\" content=\"Heatsupply\" \/>\n<meta property=\"article:publisher\" content=\"https:\/\/www.facebook.com\/heatsupplyNL\" \/>\n<meta property=\"article:modified_time\" content=\"2026-04-01T19:40:39+00:00\" \/>\n<meta property=\"og:image\" content=\"https:\/\/www.heatsupply.nl\/wp-content\/uploads\/2025\/12\/hellfire-5-pepper-sriracha.jpg\" \/>\n\t<meta property=\"og:image:width\" content=\"1400\" \/>\n\t<meta property=\"og:image:height\" content=\"1400\" \/>\n\t<meta property=\"og:image:type\" content=\"image\/jpeg\" \/>\n<meta name=\"twitter:card\" content=\"summary_large_image\" \/>\n<meta name=\"twitter:label1\" content=\"Preis\" \/>\n\t<meta name=\"twitter:data1\" content=\"&euro;9,95\" \/>\n\t<meta name=\"twitter:label2\" content=\"Verf\u00fcgbarkeit\" \/>\n\t<meta name=\"twitter:data2\" content=\"Auf Lager\" \/>\n<script type=\"application\/ld+json\" class=\"yoast-schema-graph\">{\"@context\":\"https:\\\/\\\/schema.org\",\"@graph\":[{\"@type\":\"WebPage\",\"@id\":\"https:\\\/\\\/www.heatsupply.nl\\\/de\\\/produkt\\\/hellfire-5-pepper-sriracha\\\/\",\"url\":\"https:\\\/\\\/www.heatsupply.nl\\\/de\\\/produkt\\\/hellfire-5-pepper-sriracha\\\/\",\"name\":\"Hellfire 5 Pepper Sriracha - Heatsupply\",\"isPartOf\":{\"@id\":\"https:\\\/\\\/www.heatsupply.nl\\\/de\\\/#website\"},\"primaryImageOfPage\":{\"@id\":\"https:\\\/\\\/www.heatsupply.nl\\\/de\\\/produkt\\\/hellfire-5-pepper-sriracha\\\/#primaryimage\"},\"image\":{\"@id\":\"https:\\\/\\\/www.heatsupply.nl\\\/de\\\/produkt\\\/hellfire-5-pepper-sriracha\\\/#primaryimage\"},\"thumbnailUrl\":\"https:\\\/\\\/www.heatsupply.nl\\\/wp-content\\\/uploads\\\/2025\\\/12\\\/hellfire-5-pepper-sriracha.jpg\",\"datePublished\":\"2025-12-08T09:19:58+00:00\",\"dateModified\":\"2026-04-01T19:40:39+00:00\",\"description\":\"Hellfire 5 Pepper Sriracha ist mit sage und schreibe 5 verschiedenen Chilis gemacht: Jalapeno, Cayenne, Habanero, Ghost Pepper und Carolina Reaper. Bestell ihn hier!\",\"breadcrumb\":{\"@id\":\"https:\\\/\\\/www.heatsupply.nl\\\/de\\\/produkt\\\/hellfire-5-pepper-sriracha\\\/#breadcrumb\"},\"inLanguage\":\"de\",\"potentialAction\":[{\"@type\":\"ReadAction\",\"target\":[\"https:\\\/\\\/www.heatsupply.nl\\\/de\\\/produkt\\\/hellfire-5-pepper-sriracha\\\/\"]}]},{\"@type\":\"ImageObject\",\"inLanguage\":\"de\",\"@id\":\"https:\\\/\\\/www.heatsupply.nl\\\/de\\\/produkt\\\/hellfire-5-pepper-sriracha\\\/#primaryimage\",\"url\":\"https:\\\/\\\/www.heatsupply.nl\\\/wp-content\\\/uploads\\\/2025\\\/12\\\/hellfire-5-pepper-sriracha.jpg\",\"contentUrl\":\"https:\\\/\\\/www.heatsupply.nl\\\/wp-content\\\/uploads\\\/2025\\\/12\\\/hellfire-5-pepper-sriracha.jpg\",\"width\":1400,\"height\":1400},{\"@type\":\"BreadcrumbList\",\"@id\":\"https:\\\/\\\/www.heatsupply.nl\\\/de\\\/produkt\\\/hellfire-5-pepper-sriracha\\\/#breadcrumb\",\"itemListElement\":[{\"@type\":\"ListItem\",\"position\":1,\"name\":\"Home\",\"item\":\"https:\\\/\\\/www.heatsupply.nl\\\/de\\\/\"},{\"@type\":\"ListItem\",\"position\":2,\"name\":\"Alle produkten\",\"item\":\"https:\\\/\\\/www.heatsupply.nl\\\/de\\\/alle-produkten\\\/\"},{\"@type\":\"ListItem\",\"position\":3,\"name\":\"Spicy\",\"item\":\"https:\\\/\\\/www.heatsupply.nl\\\/de\\\/spicy\\\/\"},{\"@type\":\"ListItem\",\"position\":4,\"name\":\"Hellfire 5 Pepper Sriracha\"}]},{\"@type\":\"WebSite\",\"@id\":\"https:\\\/\\\/www.heatsupply.nl\\\/de\\\/#website\",\"url\":\"https:\\\/\\\/www.heatsupply.nl\\\/de\\\/\",\"name\":\"Heatsupply\",\"description\":\"Hot sauce webstore #1 in Europe\",\"publisher\":{\"@id\":\"https:\\\/\\\/www.heatsupply.nl\\\/de\\\/#organization\"},\"potentialAction\":[{\"@type\":\"SearchAction\",\"target\":{\"@type\":\"EntryPoint\",\"urlTemplate\":\"https:\\\/\\\/www.heatsupply.nl\\\/de\\\/?s={search_term_string}\"},\"query-input\":{\"@type\":\"PropertyValueSpecification\",\"valueRequired\":true,\"valueName\":\"search_term_string\"}}],\"inLanguage\":\"de\"},{\"@type\":\"Organization\",\"@id\":\"https:\\\/\\\/www.heatsupply.nl\\\/de\\\/#organization\",\"name\":\"Heatsupply\",\"url\":\"https:\\\/\\\/www.heatsupply.nl\\\/de\\\/\",\"logo\":{\"@type\":\"ImageObject\",\"inLanguage\":\"de\",\"@id\":\"https:\\\/\\\/www.heatsupply.nl\\\/de\\\/#\\\/schema\\\/logo\\\/image\\\/\",\"url\":\"https:\\\/\\\/www.heatsupply.nl\\\/wp-content\\\/uploads\\\/2022\\\/10\\\/heatsupply-logo-rood.jpg\",\"contentUrl\":\"https:\\\/\\\/www.heatsupply.nl\\\/wp-content\\\/uploads\\\/2022\\\/10\\\/heatsupply-logo-rood.jpg\",\"width\":1000,\"height\":335,\"caption\":\"Heatsupply\"},\"image\":{\"@id\":\"https:\\\/\\\/www.heatsupply.nl\\\/de\\\/#\\\/schema\\\/logo\\\/image\\\/\"},\"sameAs\":[\"https:\\\/\\\/www.facebook.com\\\/heatsupplyNL\",\"https:\\\/\\\/www.instagram.com\\\/heatsuppy.nl\",\"https:\\\/\\\/www.youtube.com\\\/channel\\\/UC5pOWqQtljvxTz2SMWGWCsw\"]}]}<\/script>\n<meta property=\"product:brand\" content=\"Hellfire\" \/>\n<meta property=\"product:price:amount\" content=\"9.95\" \/>\n<meta property=\"product:price:currency\" content=\"EUR\" \/>\n<meta property=\"og:availability\" content=\"instock\" \/>\n<meta property=\"product:availability\" content=\"instock\" \/>\n<meta property=\"product:retailer_item_id\" content=\"HELL5PEP001\" \/>\n<meta property=\"product:condition\" content=\"new\" \/>\n<!-- \/ Yoast SEO Premium plugin. -->","yoast_head_json":{"title":"Hellfire 5 Pepper Sriracha - Heatsupply","description":"Hellfire 5 Pepper Sriracha ist mit sage und schreibe 5 verschiedenen Chilis gemacht: Jalapeno, Cayenne, Habanero, Ghost Pepper und Carolina Reaper. Bestell ihn hier!","robots":{"index":"index","follow":"follow","max-snippet":"max-snippet:-1","max-image-preview":"max-image-preview:large","max-video-preview":"max-video-preview:-1"},"canonical":"https:\/\/www.heatsupply.nl\/de\/produkt\/hellfire-5-pepper-sriracha\/","og_locale":"de_DE","og_type":"article","og_title":"Hellfire 5 Pepper Sriracha","og_description":"Hellfire 5 Pepper Sriracha ist mit sage und schreibe 5 verschiedenen Chilis gemacht: Jalapeno, Cayenne, Habanero, Ghost Pepper und Carolina Reaper. Bestell ihn hier!","og_url":"https:\/\/www.heatsupply.nl\/de\/produkt\/hellfire-5-pepper-sriracha\/","og_site_name":"Heatsupply","article_publisher":"https:\/\/www.facebook.com\/heatsupplyNL","article_modified_time":"2026-04-01T19:40:39+00:00","og_image":[{"width":1400,"height":1400,"url":"https:\/\/www.heatsupply.nl\/wp-content\/uploads\/2025\/12\/hellfire-5-pepper-sriracha.jpg","type":"image\/jpeg"}],"twitter_card":"summary_large_image","twitter_misc":{"Preis":"&euro;9,95","Verf\u00fcgbarkeit":"Auf Lager"},"schema":{"@context":"https:\/\/schema.org","@graph":[{"@type":"WebPage","@id":"https:\/\/www.heatsupply.nl\/de\/produkt\/hellfire-5-pepper-sriracha\/","url":"https:\/\/www.heatsupply.nl\/de\/produkt\/hellfire-5-pepper-sriracha\/","name":"Hellfire 5 Pepper Sriracha - Heatsupply","isPartOf":{"@id":"https:\/\/www.heatsupply.nl\/de\/#website"},"primaryImageOfPage":{"@id":"https:\/\/www.heatsupply.nl\/de\/produkt\/hellfire-5-pepper-sriracha\/#primaryimage"},"image":{"@id":"https:\/\/www.heatsupply.nl\/de\/produkt\/hellfire-5-pepper-sriracha\/#primaryimage"},"thumbnailUrl":"https:\/\/www.heatsupply.nl\/wp-content\/uploads\/2025\/12\/hellfire-5-pepper-sriracha.jpg","datePublished":"2025-12-08T09:19:58+00:00","dateModified":"2026-04-01T19:40:39+00:00","description":"Hellfire 5 Pepper Sriracha ist mit sage und schreibe 5 verschiedenen Chilis gemacht: Jalapeno, Cayenne, Habanero, Ghost Pepper und Carolina Reaper. Bestell ihn hier!","breadcrumb":{"@id":"https:\/\/www.heatsupply.nl\/de\/produkt\/hellfire-5-pepper-sriracha\/#breadcrumb"},"inLanguage":"de","potentialAction":[{"@type":"ReadAction","target":["https:\/\/www.heatsupply.nl\/de\/produkt\/hellfire-5-pepper-sriracha\/"]}]},{"@type":"ImageObject","inLanguage":"de","@id":"https:\/\/www.heatsupply.nl\/de\/produkt\/hellfire-5-pepper-sriracha\/#primaryimage","url":"https:\/\/www.heatsupply.nl\/wp-content\/uploads\/2025\/12\/hellfire-5-pepper-sriracha.jpg","contentUrl":"https:\/\/www.heatsupply.nl\/wp-content\/uploads\/2025\/12\/hellfire-5-pepper-sriracha.jpg","width":1400,"height":1400},{"@type":"BreadcrumbList","@id":"https:\/\/www.heatsupply.nl\/de\/produkt\/hellfire-5-pepper-sriracha\/#breadcrumb","itemListElement":[{"@type":"ListItem","position":1,"name":"Home","item":"https:\/\/www.heatsupply.nl\/de\/"},{"@type":"ListItem","position":2,"name":"Alle produkten","item":"https:\/\/www.heatsupply.nl\/de\/alle-produkten\/"},{"@type":"ListItem","position":3,"name":"Spicy","item":"https:\/\/www.heatsupply.nl\/de\/spicy\/"},{"@type":"ListItem","position":4,"name":"Hellfire 5 Pepper Sriracha"}]},{"@type":"WebSite","@id":"https:\/\/www.heatsupply.nl\/de\/#website","url":"https:\/\/www.heatsupply.nl\/de\/","name":"Heatsupply","description":"Hot sauce webstore #1 in Europe","publisher":{"@id":"https:\/\/www.heatsupply.nl\/de\/#organization"},"potentialAction":[{"@type":"SearchAction","target":{"@type":"EntryPoint","urlTemplate":"https:\/\/www.heatsupply.nl\/de\/?s={search_term_string}"},"query-input":{"@type":"PropertyValueSpecification","valueRequired":true,"valueName":"search_term_string"}}],"inLanguage":"de"},{"@type":"Organization","@id":"https:\/\/www.heatsupply.nl\/de\/#organization","name":"Heatsupply","url":"https:\/\/www.heatsupply.nl\/de\/","logo":{"@type":"ImageObject","inLanguage":"de","@id":"https:\/\/www.heatsupply.nl\/de\/#\/schema\/logo\/image\/","url":"https:\/\/www.heatsupply.nl\/wp-content\/uploads\/2022\/10\/heatsupply-logo-rood.jpg","contentUrl":"https:\/\/www.heatsupply.nl\/wp-content\/uploads\/2022\/10\/heatsupply-logo-rood.jpg","width":1000,"height":335,"caption":"Heatsupply"},"image":{"@id":"https:\/\/www.heatsupply.nl\/de\/#\/schema\/logo\/image\/"},"sameAs":["https:\/\/www.facebook.com\/heatsupplyNL","https:\/\/www.instagram.com\/heatsuppy.nl","https:\/\/www.youtube.com\/channel\/UC5pOWqQtljvxTz2SMWGWCsw"]}]},"product_brand":"Hellfire","product_price_amount":"9.95","product_price_currency":"EUR","og_availability":"instock","product_availability":"instock","product_retailer_item_id":"HELL5PEP001","product_condition":"new"},"_links":{"self":[{"href":"https:\/\/www.heatsupply.nl\/de\/wp-json\/wp\/v2\/product\/192857","targetHints":{"allow":["GET"]}}],"collection":[{"href":"https:\/\/www.heatsupply.nl\/de\/wp-json\/wp\/v2\/product"}],"about":[{"href":"https:\/\/www.heatsupply.nl\/de\/wp-json\/wp\/v2\/types\/product"}],"replies":[{"embeddable":true,"href":"https:\/\/www.heatsupply.nl\/de\/wp-json\/wp\/v2\/comments?post=192857"}],"wp:featuredmedia":[{"embeddable":true,"href":"https:\/\/www.heatsupply.nl\/de\/wp-json\/wp\/v2\/media\/193097"}],"wp:attachment":[{"href":"https:\/\/www.heatsupply.nl\/de\/wp-json\/wp\/v2\/media?parent=192857"}],"wp:term":[{"taxonomy":"product_brand","embeddable":true,"href":"https:\/\/www.heatsupply.nl\/de\/wp-json\/wp\/v2\/product_brand?post=192857"},{"taxonomy":"product_cat","embeddable":true,"href":"https:\/\/www.heatsupply.nl\/de\/wp-json\/wp\/v2\/product_cat?post=192857"},{"taxonomy":"product_tag","embeddable":true,"href":"https:\/\/www.heatsupply.nl\/de\/wp-json\/wp\/v2\/product_tag?post=192857"}],"curies":[{"name":"wp","href":"https:\/\/api.w.org\/{rel}","templated":true}]}}