{"id":190220,"date":"2025-11-19T09:04:39","date_gmt":"2025-11-19T08:04:39","guid":{"rendered":"https:\/\/www.heatsupply.nl\/?post_type=product&#038;p=190220"},"modified":"2026-03-25T18:39:39","modified_gmt":"2026-03-25T17:39:39","slug":"de-sambal-longsleeve-per-de-man","status":"publish","type":"product","link":"https:\/\/www.heatsupply.nl\/de\/produkt\/de-sambal-longsleeve-per-de-man\/","title":{"rendered":"De Sambal Longsleeve &#8211; Per de Man"},"content":{"rendered":"<p>Langarmshirt mit DE SAMBAL Print auf der R\u00fcckseite und Drachen-Print auf den \u00c4rmeln. Zeig deine Unterst\u00fctzung f\u00fcr De Sambal von Per de Man und\/oder unsere Foodshow mit diesem Langarmshirt!<\/p>\n<ul>\n<li>Model ist 1,89 m gro\u00df und tr\u00e4gt Gr\u00f6\u00dfe L<\/li>\n<li>Medium Fit<\/li>\n<li>Rundhalsausschnitt<\/li>\n<li>Waschtipps: Farben mit \u00e4hnlichen T\u00f6nen zusammen waschen, nicht auf Bedruckungen b\u00fcgeln, auf links waschen und b\u00fcgeln<\/li>\n<li>Bio-Baumwolle<\/li>\n<li>Hochwertiger Siebdruck aus den Niederlanden<\/li>\n<\/ul>\n","protected":false},"excerpt":{"rendered":"<p style=\"text-align: justify;\">Zu Ehren der jetzt schon ikonischen <a href=\"https:\/\/www.heatsupply.nl\/de\/produkt\/de-sambal-per-de-man\/\"><strong>De Sambal von Per de Man<\/strong><\/a> haben wir diesen Longsleeve machen lassen. Der Longsleeve ist in Wei\u00df mit nicht einem, sondern zwei verschiedenen hochwertigen blauen Prints. Auf der R\u00fcckseite nat\u00fcrlich &#8218;DE SAMBAL&#8216; und auf den \u00c4rmeln kommt der Drache zur\u00fcck, den du auch auf dem Glas findest. Oh, und vergiss nicht den Schriftzug \u201eHOT IN HOT OUT\u201c auf der Brust! Jetzt kannst du diese Liebe zur Sambal (und unserem <a href=\"https:\/\/www.youtube.com\/@heatsupply\"><strong>Foodshow<\/strong><\/a>-Host Perry) jedem mit diesem fetten DE SAMBAL Longsleeve zeigen.<\/p>\n<p style=\"text-align: justify;\">Der Longsleeve ist aus Bio-Baumwolle gemacht, hat eine Medium Fit und einen Rundhalsausschnitt.<\/p>\n","protected":false},"featured_media":190364,"comment_status":"open","ping_status":"closed","template":"","meta":{"_acf_changed":false},"product_brand":[],"product_cat":[3799,4091],"product_tag":[],"class_list":{"0":"post-190220","1":"product","2":"type-product","3":"status-publish","4":"has-post-thumbnail","6":"product_cat-merchandise","7":"product_cat-perry-de-man","9":"first","10":"instock","11":"taxable","12":"shipping-taxable","13":"purchasable","14":"product-type-variable"},"bundled_by":[],"bundle_stock_status":"instock","bundle_stock_quantity":null,"bundle_virtual":false,"bundle_layout":"","bundle_add_to_cart_form_location":"","bundle_editable_in_cart":false,"bundle_sold_individually_context":"","bundle_item_grouping":"","bundle_min_size":"","bundle_max_size":"","bundle_price":[],"bundled_items":[],"bundle_sell_ids":[],"acf":[],"yoast_head":"<!-- This site is optimized with the Yoast SEO Premium plugin v27.5 (Yoast SEO v27.5) - https:\/\/yoast.com\/product\/yoast-seo-premium-wordpress\/ -->\n<title>De Sambal Longsleeve - Per de Man - Heatsupply<\/title>\n<meta name=\"description\" content=\"Zeig deine Liebe f\u00fcr De Sambal von Per de Man mit diesem DE SAMBAL Longsleeve! Hergestellt aus Bio-Baumwolle mit richtig fetten hochwertigen Prints.\" \/>\n<meta name=\"robots\" content=\"index, follow, max-snippet:-1, max-image-preview:large, max-video-preview:-1\" \/>\n<link rel=\"canonical\" href=\"https:\/\/www.heatsupply.nl\/de\/produkt\/de-sambal-longsleeve-per-de-man\/\" \/>\n<meta property=\"og:locale\" content=\"de_DE\" \/>\n<meta property=\"og:type\" content=\"article\" \/>\n<meta property=\"og:title\" content=\"De Sambal Longsleeve - Per de Man\" \/>\n<meta property=\"og:description\" content=\"Zeig deine Liebe f\u00fcr De Sambal von Per de Man mit diesem DE SAMBAL Longsleeve! Hergestellt aus Bio-Baumwolle mit richtig fetten hochwertigen Prints.\" \/>\n<meta property=\"og:url\" content=\"https:\/\/www.heatsupply.nl\/de\/produkt\/de-sambal-longsleeve-per-de-man\/\" \/>\n<meta property=\"og:site_name\" content=\"Heatsupply\" \/>\n<meta property=\"article:publisher\" content=\"https:\/\/www.facebook.com\/heatsupplyNL\" \/>\n<meta property=\"article:modified_time\" content=\"2026-03-25T17:39:39+00:00\" \/>\n<meta property=\"og:image\" content=\"https:\/\/www.heatsupply.nl\/wp-content\/uploads\/2025\/11\/perry-de-man-sambal-longsleeve-front.jpg\" \/>\n\t<meta property=\"og:image:width\" content=\"1200\" \/>\n\t<meta property=\"og:image:height\" content=\"1500\" \/>\n\t<meta property=\"og:image:type\" content=\"image\/jpeg\" \/>\n<meta name=\"twitter:card\" content=\"summary_large_image\" \/>\n<meta name=\"twitter:label1\" content=\"Verf\u00fcgbarkeit\" \/>\n\t<meta name=\"twitter:data1\" content=\"Auf Lager\" \/>\n<script type=\"application\/ld+json\" class=\"yoast-schema-graph\">{\"@context\":\"https:\\\/\\\/schema.org\",\"@graph\":[{\"@type\":\"WebPage\",\"@id\":\"https:\\\/\\\/www.heatsupply.nl\\\/de\\\/produkt\\\/de-sambal-longsleeve-per-de-man\\\/\",\"url\":\"https:\\\/\\\/www.heatsupply.nl\\\/de\\\/produkt\\\/de-sambal-longsleeve-per-de-man\\\/\",\"name\":\"De Sambal Longsleeve - Per de Man - Heatsupply\",\"isPartOf\":{\"@id\":\"https:\\\/\\\/www.heatsupply.nl\\\/de\\\/#website\"},\"primaryImageOfPage\":{\"@id\":\"https:\\\/\\\/www.heatsupply.nl\\\/de\\\/produkt\\\/de-sambal-longsleeve-per-de-man\\\/#primaryimage\"},\"image\":{\"@id\":\"https:\\\/\\\/www.heatsupply.nl\\\/de\\\/produkt\\\/de-sambal-longsleeve-per-de-man\\\/#primaryimage\"},\"thumbnailUrl\":\"https:\\\/\\\/www.heatsupply.nl\\\/wp-content\\\/uploads\\\/2025\\\/11\\\/perry-de-man-sambal-longsleeve-front.jpg\",\"datePublished\":\"2025-11-19T08:04:39+00:00\",\"dateModified\":\"2026-03-25T17:39:39+00:00\",\"description\":\"Zeig deine Liebe f\u00fcr De Sambal von Per de Man mit diesem DE SAMBAL Longsleeve! Hergestellt aus Bio-Baumwolle mit richtig fetten hochwertigen Prints.\",\"breadcrumb\":{\"@id\":\"https:\\\/\\\/www.heatsupply.nl\\\/de\\\/produkt\\\/de-sambal-longsleeve-per-de-man\\\/#breadcrumb\"},\"inLanguage\":\"de\",\"potentialAction\":[{\"@type\":\"ReadAction\",\"target\":[\"https:\\\/\\\/www.heatsupply.nl\\\/de\\\/produkt\\\/de-sambal-longsleeve-per-de-man\\\/\"]}]},{\"@type\":\"ImageObject\",\"inLanguage\":\"de\",\"@id\":\"https:\\\/\\\/www.heatsupply.nl\\\/de\\\/produkt\\\/de-sambal-longsleeve-per-de-man\\\/#primaryimage\",\"url\":\"https:\\\/\\\/www.heatsupply.nl\\\/wp-content\\\/uploads\\\/2025\\\/11\\\/perry-de-man-sambal-longsleeve-front.jpg\",\"contentUrl\":\"https:\\\/\\\/www.heatsupply.nl\\\/wp-content\\\/uploads\\\/2025\\\/11\\\/perry-de-man-sambal-longsleeve-front.jpg\",\"width\":1200,\"height\":1500,\"caption\":\"De Sambal longsleeve per de man front perry de man\"},{\"@type\":\"BreadcrumbList\",\"@id\":\"https:\\\/\\\/www.heatsupply.nl\\\/de\\\/produkt\\\/de-sambal-longsleeve-per-de-man\\\/#breadcrumb\",\"itemListElement\":[{\"@type\":\"ListItem\",\"position\":1,\"name\":\"Home\",\"item\":\"https:\\\/\\\/www.heatsupply.nl\\\/de\\\/\"},{\"@type\":\"ListItem\",\"position\":2,\"name\":\"Alle produkten\",\"item\":\"https:\\\/\\\/www.heatsupply.nl\\\/de\\\/alle-produkten\\\/\"},{\"@type\":\"ListItem\",\"position\":3,\"name\":\"Andere produkte\",\"item\":\"https:\\\/\\\/www.heatsupply.nl\\\/de\\\/andere-produkte\\\/\"},{\"@type\":\"ListItem\",\"position\":4,\"name\":\"Merchandise\",\"item\":\"https:\\\/\\\/www.heatsupply.nl\\\/de\\\/andere-produkte\\\/merchandise\\\/\"},{\"@type\":\"ListItem\",\"position\":5,\"name\":\"De Sambal Longsleeve &#8211; Per de Man\"}]},{\"@type\":\"WebSite\",\"@id\":\"https:\\\/\\\/www.heatsupply.nl\\\/de\\\/#website\",\"url\":\"https:\\\/\\\/www.heatsupply.nl\\\/de\\\/\",\"name\":\"Heatsupply\",\"description\":\"Hot sauce webstore #1 in Europe\",\"publisher\":{\"@id\":\"https:\\\/\\\/www.heatsupply.nl\\\/de\\\/#organization\"},\"potentialAction\":[{\"@type\":\"SearchAction\",\"target\":{\"@type\":\"EntryPoint\",\"urlTemplate\":\"https:\\\/\\\/www.heatsupply.nl\\\/de\\\/?s={search_term_string}\"},\"query-input\":{\"@type\":\"PropertyValueSpecification\",\"valueRequired\":true,\"valueName\":\"search_term_string\"}}],\"inLanguage\":\"de\"},{\"@type\":\"Organization\",\"@id\":\"https:\\\/\\\/www.heatsupply.nl\\\/de\\\/#organization\",\"name\":\"Heatsupply\",\"url\":\"https:\\\/\\\/www.heatsupply.nl\\\/de\\\/\",\"logo\":{\"@type\":\"ImageObject\",\"inLanguage\":\"de\",\"@id\":\"https:\\\/\\\/www.heatsupply.nl\\\/de\\\/#\\\/schema\\\/logo\\\/image\\\/\",\"url\":\"https:\\\/\\\/www.heatsupply.nl\\\/wp-content\\\/uploads\\\/2022\\\/10\\\/heatsupply-logo-rood.jpg\",\"contentUrl\":\"https:\\\/\\\/www.heatsupply.nl\\\/wp-content\\\/uploads\\\/2022\\\/10\\\/heatsupply-logo-rood.jpg\",\"width\":1000,\"height\":335,\"caption\":\"Heatsupply\"},\"image\":{\"@id\":\"https:\\\/\\\/www.heatsupply.nl\\\/de\\\/#\\\/schema\\\/logo\\\/image\\\/\"},\"sameAs\":[\"https:\\\/\\\/www.facebook.com\\\/heatsupplyNL\",\"https:\\\/\\\/www.instagram.com\\\/heatsuppy.nl\",\"https:\\\/\\\/www.youtube.com\\\/channel\\\/UC5pOWqQtljvxTz2SMWGWCsw\"]}]}<\/script>\n<meta property=\"og:availability\" content=\"instock\" \/>\n<meta property=\"product:availability\" content=\"instock\" \/>\n<meta property=\"product:retailer_item_id\" content=\"SAMBALSLV\" \/>\n<meta property=\"product:condition\" content=\"new\" \/>\n<!-- \/ Yoast SEO Premium plugin. -->","yoast_head_json":{"title":"De Sambal Longsleeve - Per de Man - Heatsupply","description":"Zeig deine Liebe f\u00fcr De Sambal von Per de Man mit diesem DE SAMBAL Longsleeve! Hergestellt aus Bio-Baumwolle mit richtig fetten hochwertigen Prints.","robots":{"index":"index","follow":"follow","max-snippet":"max-snippet:-1","max-image-preview":"max-image-preview:large","max-video-preview":"max-video-preview:-1"},"canonical":"https:\/\/www.heatsupply.nl\/de\/produkt\/de-sambal-longsleeve-per-de-man\/","og_locale":"de_DE","og_type":"article","og_title":"De Sambal Longsleeve - Per de Man","og_description":"Zeig deine Liebe f\u00fcr De Sambal von Per de Man mit diesem DE SAMBAL Longsleeve! Hergestellt aus Bio-Baumwolle mit richtig fetten hochwertigen Prints.","og_url":"https:\/\/www.heatsupply.nl\/de\/produkt\/de-sambal-longsleeve-per-de-man\/","og_site_name":"Heatsupply","article_publisher":"https:\/\/www.facebook.com\/heatsupplyNL","article_modified_time":"2026-03-25T17:39:39+00:00","og_image":[{"width":1200,"height":1500,"url":"https:\/\/www.heatsupply.nl\/wp-content\/uploads\/2025\/11\/perry-de-man-sambal-longsleeve-front.jpg","type":"image\/jpeg"}],"twitter_card":"summary_large_image","twitter_misc":{"Verf\u00fcgbarkeit":"Auf Lager"},"schema":{"@context":"https:\/\/schema.org","@graph":[{"@type":"WebPage","@id":"https:\/\/www.heatsupply.nl\/de\/produkt\/de-sambal-longsleeve-per-de-man\/","url":"https:\/\/www.heatsupply.nl\/de\/produkt\/de-sambal-longsleeve-per-de-man\/","name":"De Sambal Longsleeve - Per de Man - Heatsupply","isPartOf":{"@id":"https:\/\/www.heatsupply.nl\/de\/#website"},"primaryImageOfPage":{"@id":"https:\/\/www.heatsupply.nl\/de\/produkt\/de-sambal-longsleeve-per-de-man\/#primaryimage"},"image":{"@id":"https:\/\/www.heatsupply.nl\/de\/produkt\/de-sambal-longsleeve-per-de-man\/#primaryimage"},"thumbnailUrl":"https:\/\/www.heatsupply.nl\/wp-content\/uploads\/2025\/11\/perry-de-man-sambal-longsleeve-front.jpg","datePublished":"2025-11-19T08:04:39+00:00","dateModified":"2026-03-25T17:39:39+00:00","description":"Zeig deine Liebe f\u00fcr De Sambal von Per de Man mit diesem DE SAMBAL Longsleeve! Hergestellt aus Bio-Baumwolle mit richtig fetten hochwertigen Prints.","breadcrumb":{"@id":"https:\/\/www.heatsupply.nl\/de\/produkt\/de-sambal-longsleeve-per-de-man\/#breadcrumb"},"inLanguage":"de","potentialAction":[{"@type":"ReadAction","target":["https:\/\/www.heatsupply.nl\/de\/produkt\/de-sambal-longsleeve-per-de-man\/"]}]},{"@type":"ImageObject","inLanguage":"de","@id":"https:\/\/www.heatsupply.nl\/de\/produkt\/de-sambal-longsleeve-per-de-man\/#primaryimage","url":"https:\/\/www.heatsupply.nl\/wp-content\/uploads\/2025\/11\/perry-de-man-sambal-longsleeve-front.jpg","contentUrl":"https:\/\/www.heatsupply.nl\/wp-content\/uploads\/2025\/11\/perry-de-man-sambal-longsleeve-front.jpg","width":1200,"height":1500,"caption":"De Sambal longsleeve per de man front perry de man"},{"@type":"BreadcrumbList","@id":"https:\/\/www.heatsupply.nl\/de\/produkt\/de-sambal-longsleeve-per-de-man\/#breadcrumb","itemListElement":[{"@type":"ListItem","position":1,"name":"Home","item":"https:\/\/www.heatsupply.nl\/de\/"},{"@type":"ListItem","position":2,"name":"Alle produkten","item":"https:\/\/www.heatsupply.nl\/de\/alle-produkten\/"},{"@type":"ListItem","position":3,"name":"Andere produkte","item":"https:\/\/www.heatsupply.nl\/de\/andere-produkte\/"},{"@type":"ListItem","position":4,"name":"Merchandise","item":"https:\/\/www.heatsupply.nl\/de\/andere-produkte\/merchandise\/"},{"@type":"ListItem","position":5,"name":"De Sambal Longsleeve &#8211; Per de Man"}]},{"@type":"WebSite","@id":"https:\/\/www.heatsupply.nl\/de\/#website","url":"https:\/\/www.heatsupply.nl\/de\/","name":"Heatsupply","description":"Hot sauce webstore #1 in Europe","publisher":{"@id":"https:\/\/www.heatsupply.nl\/de\/#organization"},"potentialAction":[{"@type":"SearchAction","target":{"@type":"EntryPoint","urlTemplate":"https:\/\/www.heatsupply.nl\/de\/?s={search_term_string}"},"query-input":{"@type":"PropertyValueSpecification","valueRequired":true,"valueName":"search_term_string"}}],"inLanguage":"de"},{"@type":"Organization","@id":"https:\/\/www.heatsupply.nl\/de\/#organization","name":"Heatsupply","url":"https:\/\/www.heatsupply.nl\/de\/","logo":{"@type":"ImageObject","inLanguage":"de","@id":"https:\/\/www.heatsupply.nl\/de\/#\/schema\/logo\/image\/","url":"https:\/\/www.heatsupply.nl\/wp-content\/uploads\/2022\/10\/heatsupply-logo-rood.jpg","contentUrl":"https:\/\/www.heatsupply.nl\/wp-content\/uploads\/2022\/10\/heatsupply-logo-rood.jpg","width":1000,"height":335,"caption":"Heatsupply"},"image":{"@id":"https:\/\/www.heatsupply.nl\/de\/#\/schema\/logo\/image\/"},"sameAs":["https:\/\/www.facebook.com\/heatsupplyNL","https:\/\/www.instagram.com\/heatsuppy.nl","https:\/\/www.youtube.com\/channel\/UC5pOWqQtljvxTz2SMWGWCsw"]}]},"og_availability":"instock","product_availability":"instock","product_retailer_item_id":"SAMBALSLV","product_condition":"new"},"_links":{"self":[{"href":"https:\/\/www.heatsupply.nl\/de\/wp-json\/wp\/v2\/product\/190220","targetHints":{"allow":["GET"]}}],"collection":[{"href":"https:\/\/www.heatsupply.nl\/de\/wp-json\/wp\/v2\/product"}],"about":[{"href":"https:\/\/www.heatsupply.nl\/de\/wp-json\/wp\/v2\/types\/product"}],"replies":[{"embeddable":true,"href":"https:\/\/www.heatsupply.nl\/de\/wp-json\/wp\/v2\/comments?post=190220"}],"wp:featuredmedia":[{"embeddable":true,"href":"https:\/\/www.heatsupply.nl\/de\/wp-json\/wp\/v2\/media\/190364"}],"wp:attachment":[{"href":"https:\/\/www.heatsupply.nl\/de\/wp-json\/wp\/v2\/media?parent=190220"}],"wp:term":[{"taxonomy":"product_brand","embeddable":true,"href":"https:\/\/www.heatsupply.nl\/de\/wp-json\/wp\/v2\/product_brand?post=190220"},{"taxonomy":"product_cat","embeddable":true,"href":"https:\/\/www.heatsupply.nl\/de\/wp-json\/wp\/v2\/product_cat?post=190220"},{"taxonomy":"product_tag","embeddable":true,"href":"https:\/\/www.heatsupply.nl\/de\/wp-json\/wp\/v2\/product_tag?post=190220"}],"curies":[{"name":"wp","href":"https:\/\/api.w.org\/{rel}","templated":true}]}}