{"id":189902,"date":"2025-11-14T16:34:09","date_gmt":"2025-11-14T15:34:09","guid":{"rendered":"https:\/\/www.heatsupply.nl\/?post_type=product&#038;p=189902"},"modified":"2026-03-03T12:40:48","modified_gmt":"2026-03-03T11:40:48","slug":"oh-na-mi-korean-bbq-sauce-mit-gochujang","status":"publish","type":"product","link":"https:\/\/www.heatsupply.nl\/de\/produkt\/oh-na-mi-korean-bbq-sauce-mit-gochujang\/","title":{"rendered":"Oh Na Mi Korean BBQ Sauce mit Gochujang"},"content":{"rendered":"<p><strong>Zutaten Oh Na Mi Koreanische BBQ-Sauce mit Gochujang<\/strong>: Wasser, fermentierte SOJABOHNEN, Chilipulver, Reismehl, Zucker, Apfelsirup (Apfel, Rote-Bete-Saft, Pektin), Knoblauch, Zwiebeln, SOJASAUCE, Salz, Gerstenmalzmehl, Tomatenmark, helle Sojasauce, Essig, dunkle Sojasauce, Apfelkonzentrat, Sesam\u00f6l, wei\u00dfer Pfeffer, nat\u00fcrliches Raucharoma, Maltodextrin, SOJALECITHIN, modifizierte St\u00e4rke.<\/p>\n<p><span style=\"text-decoration: underline;\">N\u00e4hrwerte pro 100 g:<\/span><br \/>\nBrennstoff: 460 kJ\/110 kcal<br \/>\nFett: 5,5 g<br \/>\ndavon ges\u00e4ttigte Fetts\u00e4uren: 0,8 g<br \/>\nKohlenhydrate: 14 g<br \/>\ndavon Zucker: 9 g<br \/>\nEiwei\u00df: 2,5 g<br \/>\nSalz: 3,5 g<\/p>\n<p>Nach dem \u00d6ffnen gek\u00fchlt aufbewahren.<\/p>\n","protected":false},"excerpt":{"rendered":"<p style=\"text-align: justify;\">Oh Na Mi Korean BBQ mit Gochujang ist eine wahre Geschmacksexplosion. Ikonische koreanische Aromen wie fermentierte Soja, Chilipfeffer und dunkle Soja bringen einen reichhaltigen Umami-Geschmack, der durch rauchige, scharfe und s\u00fc\u00dfe Noten erg\u00e4nzt wird. Eine herrliche Ribs- und Wings-Glaze, die auch Tofu und Gem\u00fcse zu ungeahnten H\u00f6hen hebt. Grillen, braten, pfannenr\u00fchren oder barbecuen &#8211; eine Barbecuesauce, die f\u00fcr alles geeignet ist!<\/p>\n<ul>\n<li style=\"text-align: justify;\">Herkunft: Amsterdam, Niederlande<\/li>\n<li style=\"text-align: justify;\">Inhalt: 200 ml<\/li>\n<\/ul>\n","protected":false},"featured_media":190010,"comment_status":"open","ping_status":"closed","template":"","meta":{"_acf_changed":false},"product_brand":[],"product_cat":[4043,4059,4122],"product_tag":[],"class_list":{"0":"post-189902","1":"product","2":"type-product","3":"status-publish","4":"has-post-thumbnail","6":"product_cat-aromen","7":"product_cat-gochujang","8":"product_cat-koenigstag-deals-2026","10":"first","11":"instock","12":"sale","13":"taxable","14":"shipping-taxable","15":"purchasable","16":"product-type-simple"},"bundled_by":[],"bundle_stock_status":"instock","bundle_stock_quantity":15,"bundle_virtual":false,"bundle_layout":"","bundle_add_to_cart_form_location":"","bundle_editable_in_cart":false,"bundle_sold_individually_context":"","bundle_item_grouping":"","bundle_min_size":"","bundle_max_size":"","bundle_price":[],"bundled_items":[],"bundle_sell_ids":[],"acf":[],"yoast_head":"<!-- This site is optimized with the Yoast SEO Premium plugin v27.4 (Yoast SEO v27.4) - https:\/\/yoast.com\/product\/yoast-seo-premium-wordpress\/ -->\n<title>Oh Na Mi Korean BBQ Sauce mit Gochujang - Heatsupply<\/title>\n<meta name=\"description\" content=\"Oh Na Mi Korean BBQ Sauce mit Gochujang ist eine wahre Geschmacksexplosion und perfekt zum Grillen, Braten, Wok-Gerichten oder Barbecue. Jetzt bei Heatsupply bestellen!\" \/>\n<meta name=\"robots\" content=\"index, follow, max-snippet:-1, max-image-preview:large, max-video-preview:-1\" \/>\n<link rel=\"canonical\" href=\"https:\/\/www.heatsupply.nl\/de\/produkt\/oh-na-mi-korean-bbq-sauce-mit-gochujang\/\" \/>\n<meta property=\"og:locale\" content=\"de_DE\" \/>\n<meta property=\"og:type\" content=\"article\" \/>\n<meta property=\"og:title\" content=\"Oh Na Mi Korean BBQ Sauce mit Gochujang\" \/>\n<meta property=\"og:description\" content=\"Oh Na Mi Korean BBQ Sauce mit Gochujang ist eine wahre Geschmacksexplosion und perfekt zum Grillen, Braten, Wok-Gerichten oder Barbecue. Jetzt bei Heatsupply bestellen!\" \/>\n<meta property=\"og:url\" content=\"https:\/\/www.heatsupply.nl\/de\/produkt\/oh-na-mi-korean-bbq-sauce-mit-gochujang\/\" \/>\n<meta property=\"og:site_name\" content=\"Heatsupply\" \/>\n<meta property=\"article:publisher\" content=\"https:\/\/www.facebook.com\/heatsupplyNL\" \/>\n<meta property=\"article:modified_time\" content=\"2026-03-03T11:40:48+00:00\" \/>\n<meta property=\"og:image\" content=\"https:\/\/www.heatsupply.nl\/wp-content\/uploads\/2025\/11\/oh-na-mi-gochujang-bbq-saus.jpg\" \/>\n\t<meta property=\"og:image:width\" content=\"1400\" \/>\n\t<meta property=\"og:image:height\" content=\"1400\" \/>\n\t<meta property=\"og:image:type\" content=\"image\/jpeg\" \/>\n<meta name=\"twitter:card\" content=\"summary_large_image\" \/>\n<meta name=\"twitter:label1\" content=\"Preis\" \/>\n\t<meta name=\"twitter:data1\" content=\"&euro;7,16\" \/>\n\t<meta name=\"twitter:label2\" content=\"Verf\u00fcgbarkeit\" \/>\n\t<meta name=\"twitter:data2\" content=\"Auf Lager\" \/>\n<script type=\"application\/ld+json\" class=\"yoast-schema-graph\">{\"@context\":\"https:\\\/\\\/schema.org\",\"@graph\":[{\"@type\":\"WebPage\",\"@id\":\"https:\\\/\\\/www.heatsupply.nl\\\/de\\\/produkt\\\/oh-na-mi-korean-bbq-sauce-mit-gochujang\\\/\",\"url\":\"https:\\\/\\\/www.heatsupply.nl\\\/de\\\/produkt\\\/oh-na-mi-korean-bbq-sauce-mit-gochujang\\\/\",\"name\":\"Oh Na Mi Korean BBQ Sauce mit Gochujang - Heatsupply\",\"isPartOf\":{\"@id\":\"https:\\\/\\\/www.heatsupply.nl\\\/de\\\/#website\"},\"primaryImageOfPage\":{\"@id\":\"https:\\\/\\\/www.heatsupply.nl\\\/de\\\/produkt\\\/oh-na-mi-korean-bbq-sauce-mit-gochujang\\\/#primaryimage\"},\"image\":{\"@id\":\"https:\\\/\\\/www.heatsupply.nl\\\/de\\\/produkt\\\/oh-na-mi-korean-bbq-sauce-mit-gochujang\\\/#primaryimage\"},\"thumbnailUrl\":\"https:\\\/\\\/www.heatsupply.nl\\\/wp-content\\\/uploads\\\/2025\\\/11\\\/oh-na-mi-gochujang-bbq-saus.jpg\",\"datePublished\":\"2025-11-14T15:34:09+00:00\",\"dateModified\":\"2026-03-03T11:40:48+00:00\",\"description\":\"Oh Na Mi Korean BBQ Sauce mit Gochujang ist eine wahre Geschmacksexplosion und perfekt zum Grillen, Braten, Wok-Gerichten oder Barbecue. Jetzt bei Heatsupply bestellen!\",\"breadcrumb\":{\"@id\":\"https:\\\/\\\/www.heatsupply.nl\\\/de\\\/produkt\\\/oh-na-mi-korean-bbq-sauce-mit-gochujang\\\/#breadcrumb\"},\"inLanguage\":\"de\",\"potentialAction\":[{\"@type\":\"ReadAction\",\"target\":[\"https:\\\/\\\/www.heatsupply.nl\\\/de\\\/produkt\\\/oh-na-mi-korean-bbq-sauce-mit-gochujang\\\/\"]}]},{\"@type\":\"ImageObject\",\"inLanguage\":\"de\",\"@id\":\"https:\\\/\\\/www.heatsupply.nl\\\/de\\\/produkt\\\/oh-na-mi-korean-bbq-sauce-mit-gochujang\\\/#primaryimage\",\"url\":\"https:\\\/\\\/www.heatsupply.nl\\\/wp-content\\\/uploads\\\/2025\\\/11\\\/oh-na-mi-gochujang-bbq-saus.jpg\",\"contentUrl\":\"https:\\\/\\\/www.heatsupply.nl\\\/wp-content\\\/uploads\\\/2025\\\/11\\\/oh-na-mi-gochujang-bbq-saus.jpg\",\"width\":1400,\"height\":1400},{\"@type\":\"BreadcrumbList\",\"@id\":\"https:\\\/\\\/www.heatsupply.nl\\\/de\\\/produkt\\\/oh-na-mi-korean-bbq-sauce-mit-gochujang\\\/#breadcrumb\",\"itemListElement\":[{\"@type\":\"ListItem\",\"position\":1,\"name\":\"Home\",\"item\":\"https:\\\/\\\/www.heatsupply.nl\\\/de\\\/\"},{\"@type\":\"ListItem\",\"position\":2,\"name\":\"Alle produkten\",\"item\":\"https:\\\/\\\/www.heatsupply.nl\\\/de\\\/alle-produkten\\\/\"},{\"@type\":\"ListItem\",\"position\":3,\"name\":\"Spicy\",\"item\":\"https:\\\/\\\/www.heatsupply.nl\\\/de\\\/spicy\\\/\"},{\"@type\":\"ListItem\",\"position\":4,\"name\":\"Aromen\",\"item\":\"https:\\\/\\\/www.heatsupply.nl\\\/de\\\/spicy\\\/aromen\\\/\"},{\"@type\":\"ListItem\",\"position\":5,\"name\":\"Gochujang\",\"item\":\"https:\\\/\\\/www.heatsupply.nl\\\/de\\\/spicy\\\/aromen\\\/gochujang\\\/\"},{\"@type\":\"ListItem\",\"position\":6,\"name\":\"Oh Na Mi Korean BBQ Sauce mit Gochujang\"}]},{\"@type\":\"WebSite\",\"@id\":\"https:\\\/\\\/www.heatsupply.nl\\\/de\\\/#website\",\"url\":\"https:\\\/\\\/www.heatsupply.nl\\\/de\\\/\",\"name\":\"Heatsupply\",\"description\":\"Hot sauce webstore #1 in Europe\",\"publisher\":{\"@id\":\"https:\\\/\\\/www.heatsupply.nl\\\/de\\\/#organization\"},\"potentialAction\":[{\"@type\":\"SearchAction\",\"target\":{\"@type\":\"EntryPoint\",\"urlTemplate\":\"https:\\\/\\\/www.heatsupply.nl\\\/de\\\/?s={search_term_string}\"},\"query-input\":{\"@type\":\"PropertyValueSpecification\",\"valueRequired\":true,\"valueName\":\"search_term_string\"}}],\"inLanguage\":\"de\"},{\"@type\":\"Organization\",\"@id\":\"https:\\\/\\\/www.heatsupply.nl\\\/de\\\/#organization\",\"name\":\"Heatsupply\",\"url\":\"https:\\\/\\\/www.heatsupply.nl\\\/de\\\/\",\"logo\":{\"@type\":\"ImageObject\",\"inLanguage\":\"de\",\"@id\":\"https:\\\/\\\/www.heatsupply.nl\\\/de\\\/#\\\/schema\\\/logo\\\/image\\\/\",\"url\":\"https:\\\/\\\/www.heatsupply.nl\\\/wp-content\\\/uploads\\\/2022\\\/10\\\/heatsupply-logo-rood.jpg\",\"contentUrl\":\"https:\\\/\\\/www.heatsupply.nl\\\/wp-content\\\/uploads\\\/2022\\\/10\\\/heatsupply-logo-rood.jpg\",\"width\":1000,\"height\":335,\"caption\":\"Heatsupply\"},\"image\":{\"@id\":\"https:\\\/\\\/www.heatsupply.nl\\\/de\\\/#\\\/schema\\\/logo\\\/image\\\/\"},\"sameAs\":[\"https:\\\/\\\/www.facebook.com\\\/heatsupplyNL\",\"https:\\\/\\\/www.instagram.com\\\/heatsuppy.nl\",\"https:\\\/\\\/www.youtube.com\\\/channel\\\/UC5pOWqQtljvxTz2SMWGWCsw\"]}]}<\/script>\n<meta property=\"product:price:amount\" content=\"7.16\" \/>\n<meta property=\"product:price:currency\" content=\"EUR\" \/>\n<meta property=\"og:availability\" content=\"instock\" \/>\n<meta property=\"product:availability\" content=\"instock\" \/>\n<meta property=\"product:retailer_item_id\" content=\"ONMKBBQ001\" \/>\n<meta property=\"product:condition\" content=\"new\" \/>\n<!-- \/ Yoast SEO Premium plugin. -->","yoast_head_json":{"title":"Oh Na Mi Korean BBQ Sauce mit Gochujang - Heatsupply","description":"Oh Na Mi Korean BBQ Sauce mit Gochujang ist eine wahre Geschmacksexplosion und perfekt zum Grillen, Braten, Wok-Gerichten oder Barbecue. Jetzt bei Heatsupply bestellen!","robots":{"index":"index","follow":"follow","max-snippet":"max-snippet:-1","max-image-preview":"max-image-preview:large","max-video-preview":"max-video-preview:-1"},"canonical":"https:\/\/www.heatsupply.nl\/de\/produkt\/oh-na-mi-korean-bbq-sauce-mit-gochujang\/","og_locale":"de_DE","og_type":"article","og_title":"Oh Na Mi Korean BBQ Sauce mit Gochujang","og_description":"Oh Na Mi Korean BBQ Sauce mit Gochujang ist eine wahre Geschmacksexplosion und perfekt zum Grillen, Braten, Wok-Gerichten oder Barbecue. Jetzt bei Heatsupply bestellen!","og_url":"https:\/\/www.heatsupply.nl\/de\/produkt\/oh-na-mi-korean-bbq-sauce-mit-gochujang\/","og_site_name":"Heatsupply","article_publisher":"https:\/\/www.facebook.com\/heatsupplyNL","article_modified_time":"2026-03-03T11:40:48+00:00","og_image":[{"width":1400,"height":1400,"url":"https:\/\/www.heatsupply.nl\/wp-content\/uploads\/2025\/11\/oh-na-mi-gochujang-bbq-saus.jpg","type":"image\/jpeg"}],"twitter_card":"summary_large_image","twitter_misc":{"Preis":"&euro;7,16","Verf\u00fcgbarkeit":"Auf Lager"},"schema":{"@context":"https:\/\/schema.org","@graph":[{"@type":"WebPage","@id":"https:\/\/www.heatsupply.nl\/de\/produkt\/oh-na-mi-korean-bbq-sauce-mit-gochujang\/","url":"https:\/\/www.heatsupply.nl\/de\/produkt\/oh-na-mi-korean-bbq-sauce-mit-gochujang\/","name":"Oh Na Mi Korean BBQ Sauce mit Gochujang - Heatsupply","isPartOf":{"@id":"https:\/\/www.heatsupply.nl\/de\/#website"},"primaryImageOfPage":{"@id":"https:\/\/www.heatsupply.nl\/de\/produkt\/oh-na-mi-korean-bbq-sauce-mit-gochujang\/#primaryimage"},"image":{"@id":"https:\/\/www.heatsupply.nl\/de\/produkt\/oh-na-mi-korean-bbq-sauce-mit-gochujang\/#primaryimage"},"thumbnailUrl":"https:\/\/www.heatsupply.nl\/wp-content\/uploads\/2025\/11\/oh-na-mi-gochujang-bbq-saus.jpg","datePublished":"2025-11-14T15:34:09+00:00","dateModified":"2026-03-03T11:40:48+00:00","description":"Oh Na Mi Korean BBQ Sauce mit Gochujang ist eine wahre Geschmacksexplosion und perfekt zum Grillen, Braten, Wok-Gerichten oder Barbecue. Jetzt bei Heatsupply bestellen!","breadcrumb":{"@id":"https:\/\/www.heatsupply.nl\/de\/produkt\/oh-na-mi-korean-bbq-sauce-mit-gochujang\/#breadcrumb"},"inLanguage":"de","potentialAction":[{"@type":"ReadAction","target":["https:\/\/www.heatsupply.nl\/de\/produkt\/oh-na-mi-korean-bbq-sauce-mit-gochujang\/"]}]},{"@type":"ImageObject","inLanguage":"de","@id":"https:\/\/www.heatsupply.nl\/de\/produkt\/oh-na-mi-korean-bbq-sauce-mit-gochujang\/#primaryimage","url":"https:\/\/www.heatsupply.nl\/wp-content\/uploads\/2025\/11\/oh-na-mi-gochujang-bbq-saus.jpg","contentUrl":"https:\/\/www.heatsupply.nl\/wp-content\/uploads\/2025\/11\/oh-na-mi-gochujang-bbq-saus.jpg","width":1400,"height":1400},{"@type":"BreadcrumbList","@id":"https:\/\/www.heatsupply.nl\/de\/produkt\/oh-na-mi-korean-bbq-sauce-mit-gochujang\/#breadcrumb","itemListElement":[{"@type":"ListItem","position":1,"name":"Home","item":"https:\/\/www.heatsupply.nl\/de\/"},{"@type":"ListItem","position":2,"name":"Alle produkten","item":"https:\/\/www.heatsupply.nl\/de\/alle-produkten\/"},{"@type":"ListItem","position":3,"name":"Spicy","item":"https:\/\/www.heatsupply.nl\/de\/spicy\/"},{"@type":"ListItem","position":4,"name":"Aromen","item":"https:\/\/www.heatsupply.nl\/de\/spicy\/aromen\/"},{"@type":"ListItem","position":5,"name":"Gochujang","item":"https:\/\/www.heatsupply.nl\/de\/spicy\/aromen\/gochujang\/"},{"@type":"ListItem","position":6,"name":"Oh Na Mi Korean BBQ Sauce mit Gochujang"}]},{"@type":"WebSite","@id":"https:\/\/www.heatsupply.nl\/de\/#website","url":"https:\/\/www.heatsupply.nl\/de\/","name":"Heatsupply","description":"Hot sauce webstore #1 in Europe","publisher":{"@id":"https:\/\/www.heatsupply.nl\/de\/#organization"},"potentialAction":[{"@type":"SearchAction","target":{"@type":"EntryPoint","urlTemplate":"https:\/\/www.heatsupply.nl\/de\/?s={search_term_string}"},"query-input":{"@type":"PropertyValueSpecification","valueRequired":true,"valueName":"search_term_string"}}],"inLanguage":"de"},{"@type":"Organization","@id":"https:\/\/www.heatsupply.nl\/de\/#organization","name":"Heatsupply","url":"https:\/\/www.heatsupply.nl\/de\/","logo":{"@type":"ImageObject","inLanguage":"de","@id":"https:\/\/www.heatsupply.nl\/de\/#\/schema\/logo\/image\/","url":"https:\/\/www.heatsupply.nl\/wp-content\/uploads\/2022\/10\/heatsupply-logo-rood.jpg","contentUrl":"https:\/\/www.heatsupply.nl\/wp-content\/uploads\/2022\/10\/heatsupply-logo-rood.jpg","width":1000,"height":335,"caption":"Heatsupply"},"image":{"@id":"https:\/\/www.heatsupply.nl\/de\/#\/schema\/logo\/image\/"},"sameAs":["https:\/\/www.facebook.com\/heatsupplyNL","https:\/\/www.instagram.com\/heatsuppy.nl","https:\/\/www.youtube.com\/channel\/UC5pOWqQtljvxTz2SMWGWCsw"]}]},"product_price_amount":"7.16","product_price_currency":"EUR","og_availability":"instock","product_availability":"instock","product_retailer_item_id":"ONMKBBQ001","product_condition":"new"},"_links":{"self":[{"href":"https:\/\/www.heatsupply.nl\/de\/wp-json\/wp\/v2\/product\/189902","targetHints":{"allow":["GET"]}}],"collection":[{"href":"https:\/\/www.heatsupply.nl\/de\/wp-json\/wp\/v2\/product"}],"about":[{"href":"https:\/\/www.heatsupply.nl\/de\/wp-json\/wp\/v2\/types\/product"}],"replies":[{"embeddable":true,"href":"https:\/\/www.heatsupply.nl\/de\/wp-json\/wp\/v2\/comments?post=189902"}],"wp:featuredmedia":[{"embeddable":true,"href":"https:\/\/www.heatsupply.nl\/de\/wp-json\/wp\/v2\/media\/190010"}],"wp:attachment":[{"href":"https:\/\/www.heatsupply.nl\/de\/wp-json\/wp\/v2\/media?parent=189902"}],"wp:term":[{"taxonomy":"product_brand","embeddable":true,"href":"https:\/\/www.heatsupply.nl\/de\/wp-json\/wp\/v2\/product_brand?post=189902"},{"taxonomy":"product_cat","embeddable":true,"href":"https:\/\/www.heatsupply.nl\/de\/wp-json\/wp\/v2\/product_cat?post=189902"},{"taxonomy":"product_tag","embeddable":true,"href":"https:\/\/www.heatsupply.nl\/de\/wp-json\/wp\/v2\/product_tag?post=189902"}],"curies":[{"name":"wp","href":"https:\/\/api.w.org\/{rel}","templated":true}]}}