{"id":189392,"date":"2025-11-06T11:07:32","date_gmt":"2025-11-06T10:07:32","guid":{"rendered":"https:\/\/www.heatsupply.nl\/?post_type=product&#038;p=189392"},"modified":"2026-05-15T14:06:43","modified_gmt":"2026-05-15T12:06:43","slug":"wild-sauce-co-oh-hot-berry-hot-sauce","status":"publish","type":"product","link":"https:\/\/www.heatsupply.nl\/de\/produkt\/wild-sauce-co-oh-hot-berry-hot-sauce\/","title":{"rendered":"Wild Sauce Co Oh, Hot Berry Hot Sauce"},"content":{"rendered":"<p><strong>Zutaten Wild Sauce Co Oh, Hot Berry Hot Sauce<\/strong>: Habanero*, Tomatillo*, Tomate*, Sanddorn, Satsuma**, Knoblauch**, Kumquat**, Apfelessig**, Ingwer**, Rohrzucker, Salz.<\/p>\n<p>* Nat\u00fcrlich angebaut in Het Zonneveld ** Aus kontrolliert biologischem Anbau<\/p>\n<p><span style=\"text-decoration: underline;\">N\u00e4hrwerte pro 100 ml:<\/span><br \/>\nEnergie: 250 kJ\/59 kcal<br \/>\nFett: 0,8 g<br \/>\nKohlenhydrate: 11 g<br \/>\nEiwei\u00df: 1 g<br \/>\nSalz: 0,8 g<\/p>\n<p>Vor Gebrauch sch\u00fctteln und nach dem \u00d6ffnen k\u00fchl lagern.<\/p>\n","protected":false},"excerpt":{"rendered":"<p>Wild Sauce Co Oh, Hot Berry Hot Sauce ist eine besondere belgische Hot Sauce mit vielen biologischen und sogar wildgepfl\u00fcckten Zutaten. Hergestellt mit fermentierten mexikanischen Habaneros, wilden Sanddornbeeren, wilden Galapagos-Tomaten und gelber Tomatillo &#8218;Queen of Malinalco&#8216;. Die Sauce ist zus\u00e4tzlich mit Ingwer, Satsuma und Kumquat verfeinert.<\/p>\n<p>Das Ergebnis? Eine leuchtend orange, s\u00fc\u00df-saure und fruchtige Sauce mit ordentlich Kick! Es ist eine \u00fcberraschend vielseitige Hot Sauce, die breit einsetzbar ist \u2013 von Chicken Wings bis zum leckeren Salat und von Bloody Mary bis Pasta.<\/p>\n<p>Herkunft: Kalmthout, Belgien<\/p>\n<p>Inhalt: 100 ml<\/p>\n","protected":false},"featured_media":189473,"comment_status":"open","ping_status":"closed","template":"","meta":{"_acf_changed":false},"product_brand":[],"product_cat":[3994,4115,3913,3787,4046],"product_tag":[],"class_list":{"0":"post-189392","1":"product","2":"type-product","3":"status-publish","4":"has-post-thumbnail","6":"product_cat-europaeische-scharfe-saucen","7":"product_cat-fruehling-deals","8":"product_cat-habanero","9":"product_cat-scharfe-sossen","10":"product_cat-spicy","12":"first","13":"instock","14":"taxable","15":"shipping-taxable","16":"purchasable","17":"product-type-simple"},"bundled_by":[],"bundle_stock_status":"instock","bundle_stock_quantity":10,"bundle_virtual":false,"bundle_layout":"","bundle_add_to_cart_form_location":"","bundle_editable_in_cart":false,"bundle_sold_individually_context":"","bundle_item_grouping":"","bundle_min_size":"","bundle_max_size":"","bundle_price":[],"bundled_items":[],"bundle_sell_ids":[],"acf":[],"yoast_head":"<!-- This site is optimized with the Yoast SEO Premium plugin v27.5 (Yoast SEO v27.5) - https:\/\/yoast.com\/product\/yoast-seo-premium-wordpress\/ -->\n<title>Wild Sauce Co Oh, Hot Berry Hot Sauce - Heatsupply<\/title>\n<meta name=\"description\" content=\"Wild Sauce Co. Oh, Hot Berry Hot Sauce ist eine leuchtend orangefarbene, s\u00fc\u00df-saure, fruchtige Sauce mit ordentlich Sch\u00e4rfe! Hergestellt mit Habanero, Sanddorn, Kumquat und Satsuma.\" \/>\n<meta name=\"robots\" content=\"index, follow, max-snippet:-1, max-image-preview:large, max-video-preview:-1\" \/>\n<link rel=\"canonical\" href=\"https:\/\/www.heatsupply.nl\/de\/produkt\/wild-sauce-co-oh-hot-berry-hot-sauce\/\" \/>\n<meta property=\"og:locale\" content=\"de_DE\" \/>\n<meta property=\"og:type\" content=\"article\" \/>\n<meta property=\"og:title\" content=\"Wild Sauce Co Oh, Hot Berry Hot Sauce\" \/>\n<meta property=\"og:description\" content=\"Wild Sauce Co. Oh, Hot Berry Hot Sauce ist eine leuchtend orangefarbene, s\u00fc\u00df-saure, fruchtige Sauce mit ordentlich Sch\u00e4rfe! Hergestellt mit Habanero, Sanddorn, Kumquat und Satsuma.\" \/>\n<meta property=\"og:url\" content=\"https:\/\/www.heatsupply.nl\/de\/produkt\/wild-sauce-co-oh-hot-berry-hot-sauce\/\" \/>\n<meta property=\"og:site_name\" content=\"Heatsupply\" \/>\n<meta property=\"article:publisher\" content=\"https:\/\/www.facebook.com\/heatsupplyNL\" \/>\n<meta property=\"article:modified_time\" content=\"2026-05-15T12:06:43+00:00\" \/>\n<meta property=\"og:image\" content=\"https:\/\/www.heatsupply.nl\/wp-content\/uploads\/2025\/11\/wild-sauce-oh-hot-berry-hot-sauce.jpg\" \/>\n\t<meta property=\"og:image:width\" content=\"1400\" \/>\n\t<meta property=\"og:image:height\" content=\"1400\" \/>\n\t<meta property=\"og:image:type\" content=\"image\/jpeg\" \/>\n<meta name=\"twitter:card\" content=\"summary_large_image\" \/>\n<meta name=\"twitter:label1\" content=\"Preis\" \/>\n\t<meta name=\"twitter:data1\" content=\"&euro;9,95\" \/>\n\t<meta name=\"twitter:label2\" content=\"Verf\u00fcgbarkeit\" \/>\n\t<meta name=\"twitter:data2\" content=\"Auf Lager\" \/>\n<script type=\"application\/ld+json\" class=\"yoast-schema-graph\">{\"@context\":\"https:\\\/\\\/schema.org\",\"@graph\":[{\"@type\":\"WebPage\",\"@id\":\"https:\\\/\\\/www.heatsupply.nl\\\/de\\\/produkt\\\/wild-sauce-co-oh-hot-berry-hot-sauce\\\/\",\"url\":\"https:\\\/\\\/www.heatsupply.nl\\\/de\\\/produkt\\\/wild-sauce-co-oh-hot-berry-hot-sauce\\\/\",\"name\":\"Wild Sauce Co Oh, Hot Berry Hot Sauce - Heatsupply\",\"isPartOf\":{\"@id\":\"https:\\\/\\\/www.heatsupply.nl\\\/de\\\/#website\"},\"primaryImageOfPage\":{\"@id\":\"https:\\\/\\\/www.heatsupply.nl\\\/de\\\/produkt\\\/wild-sauce-co-oh-hot-berry-hot-sauce\\\/#primaryimage\"},\"image\":{\"@id\":\"https:\\\/\\\/www.heatsupply.nl\\\/de\\\/produkt\\\/wild-sauce-co-oh-hot-berry-hot-sauce\\\/#primaryimage\"},\"thumbnailUrl\":\"https:\\\/\\\/www.heatsupply.nl\\\/wp-content\\\/uploads\\\/2025\\\/11\\\/wild-sauce-oh-hot-berry-hot-sauce.jpg\",\"datePublished\":\"2025-11-06T10:07:32+00:00\",\"dateModified\":\"2026-05-15T12:06:43+00:00\",\"description\":\"Wild Sauce Co. Oh, Hot Berry Hot Sauce ist eine leuchtend orangefarbene, s\u00fc\u00df-saure, fruchtige Sauce mit ordentlich Sch\u00e4rfe! Hergestellt mit Habanero, Sanddorn, Kumquat und Satsuma.\",\"breadcrumb\":{\"@id\":\"https:\\\/\\\/www.heatsupply.nl\\\/de\\\/produkt\\\/wild-sauce-co-oh-hot-berry-hot-sauce\\\/#breadcrumb\"},\"inLanguage\":\"de\",\"potentialAction\":[{\"@type\":\"ReadAction\",\"target\":[\"https:\\\/\\\/www.heatsupply.nl\\\/de\\\/produkt\\\/wild-sauce-co-oh-hot-berry-hot-sauce\\\/\"]}]},{\"@type\":\"ImageObject\",\"inLanguage\":\"de\",\"@id\":\"https:\\\/\\\/www.heatsupply.nl\\\/de\\\/produkt\\\/wild-sauce-co-oh-hot-berry-hot-sauce\\\/#primaryimage\",\"url\":\"https:\\\/\\\/www.heatsupply.nl\\\/wp-content\\\/uploads\\\/2025\\\/11\\\/wild-sauce-oh-hot-berry-hot-sauce.jpg\",\"contentUrl\":\"https:\\\/\\\/www.heatsupply.nl\\\/wp-content\\\/uploads\\\/2025\\\/11\\\/wild-sauce-oh-hot-berry-hot-sauce.jpg\",\"width\":1400,\"height\":1400,\"caption\":\"wild sauce co oh hot berry hot sauce\"},{\"@type\":\"BreadcrumbList\",\"@id\":\"https:\\\/\\\/www.heatsupply.nl\\\/de\\\/produkt\\\/wild-sauce-co-oh-hot-berry-hot-sauce\\\/#breadcrumb\",\"itemListElement\":[{\"@type\":\"ListItem\",\"position\":1,\"name\":\"Home\",\"item\":\"https:\\\/\\\/www.heatsupply.nl\\\/de\\\/\"},{\"@type\":\"ListItem\",\"position\":2,\"name\":\"Alle produkten\",\"item\":\"https:\\\/\\\/www.heatsupply.nl\\\/de\\\/alle-produkten\\\/\"},{\"@type\":\"ListItem\",\"position\":3,\"name\":\"Scharfe So\u00dfen\",\"item\":\"https:\\\/\\\/www.heatsupply.nl\\\/de\\\/scharfe-sossen\\\/\"},{\"@type\":\"ListItem\",\"position\":4,\"name\":\"Europ\u00e4ische scharfe Saucen\",\"item\":\"https:\\\/\\\/www.heatsupply.nl\\\/de\\\/scharfe-sossen\\\/europaeische-scharfe-saucen\\\/\"},{\"@type\":\"ListItem\",\"position\":5,\"name\":\"Wild Sauce Co Oh, Hot Berry Hot Sauce\"}]},{\"@type\":\"WebSite\",\"@id\":\"https:\\\/\\\/www.heatsupply.nl\\\/de\\\/#website\",\"url\":\"https:\\\/\\\/www.heatsupply.nl\\\/de\\\/\",\"name\":\"Heatsupply\",\"description\":\"Hot sauce webstore #1 in Europe\",\"publisher\":{\"@id\":\"https:\\\/\\\/www.heatsupply.nl\\\/de\\\/#organization\"},\"potentialAction\":[{\"@type\":\"SearchAction\",\"target\":{\"@type\":\"EntryPoint\",\"urlTemplate\":\"https:\\\/\\\/www.heatsupply.nl\\\/de\\\/?s={search_term_string}\"},\"query-input\":{\"@type\":\"PropertyValueSpecification\",\"valueRequired\":true,\"valueName\":\"search_term_string\"}}],\"inLanguage\":\"de\"},{\"@type\":\"Organization\",\"@id\":\"https:\\\/\\\/www.heatsupply.nl\\\/de\\\/#organization\",\"name\":\"Heatsupply\",\"url\":\"https:\\\/\\\/www.heatsupply.nl\\\/de\\\/\",\"logo\":{\"@type\":\"ImageObject\",\"inLanguage\":\"de\",\"@id\":\"https:\\\/\\\/www.heatsupply.nl\\\/de\\\/#\\\/schema\\\/logo\\\/image\\\/\",\"url\":\"https:\\\/\\\/www.heatsupply.nl\\\/wp-content\\\/uploads\\\/2022\\\/10\\\/heatsupply-logo-rood.jpg\",\"contentUrl\":\"https:\\\/\\\/www.heatsupply.nl\\\/wp-content\\\/uploads\\\/2022\\\/10\\\/heatsupply-logo-rood.jpg\",\"width\":1000,\"height\":335,\"caption\":\"Heatsupply\"},\"image\":{\"@id\":\"https:\\\/\\\/www.heatsupply.nl\\\/de\\\/#\\\/schema\\\/logo\\\/image\\\/\"},\"sameAs\":[\"https:\\\/\\\/www.facebook.com\\\/heatsupplyNL\",\"https:\\\/\\\/www.instagram.com\\\/heatsuppy.nl\",\"https:\\\/\\\/www.youtube.com\\\/channel\\\/UC5pOWqQtljvxTz2SMWGWCsw\"]}]}<\/script>\n<meta property=\"product:brand\" content=\"Wild Sauce Co\" \/>\n<meta property=\"product:price:amount\" content=\"9.95\" \/>\n<meta property=\"product:price:currency\" content=\"EUR\" \/>\n<meta property=\"og:availability\" content=\"instock\" \/>\n<meta property=\"product:availability\" content=\"instock\" \/>\n<meta property=\"product:retailer_item_id\" content=\"WSHOTBERRY003\" \/>\n<meta property=\"product:condition\" content=\"new\" \/>\n<!-- \/ Yoast SEO Premium plugin. -->","yoast_head_json":{"title":"Wild Sauce Co Oh, Hot Berry Hot Sauce - Heatsupply","description":"Wild Sauce Co. Oh, Hot Berry Hot Sauce ist eine leuchtend orangefarbene, s\u00fc\u00df-saure, fruchtige Sauce mit ordentlich Sch\u00e4rfe! Hergestellt mit Habanero, Sanddorn, Kumquat und Satsuma.","robots":{"index":"index","follow":"follow","max-snippet":"max-snippet:-1","max-image-preview":"max-image-preview:large","max-video-preview":"max-video-preview:-1"},"canonical":"https:\/\/www.heatsupply.nl\/de\/produkt\/wild-sauce-co-oh-hot-berry-hot-sauce\/","og_locale":"de_DE","og_type":"article","og_title":"Wild Sauce Co Oh, Hot Berry Hot Sauce","og_description":"Wild Sauce Co. Oh, Hot Berry Hot Sauce ist eine leuchtend orangefarbene, s\u00fc\u00df-saure, fruchtige Sauce mit ordentlich Sch\u00e4rfe! Hergestellt mit Habanero, Sanddorn, Kumquat und Satsuma.","og_url":"https:\/\/www.heatsupply.nl\/de\/produkt\/wild-sauce-co-oh-hot-berry-hot-sauce\/","og_site_name":"Heatsupply","article_publisher":"https:\/\/www.facebook.com\/heatsupplyNL","article_modified_time":"2026-05-15T12:06:43+00:00","og_image":[{"width":1400,"height":1400,"url":"https:\/\/www.heatsupply.nl\/wp-content\/uploads\/2025\/11\/wild-sauce-oh-hot-berry-hot-sauce.jpg","type":"image\/jpeg"}],"twitter_card":"summary_large_image","twitter_misc":{"Preis":"&euro;9,95","Verf\u00fcgbarkeit":"Auf Lager"},"schema":{"@context":"https:\/\/schema.org","@graph":[{"@type":"WebPage","@id":"https:\/\/www.heatsupply.nl\/de\/produkt\/wild-sauce-co-oh-hot-berry-hot-sauce\/","url":"https:\/\/www.heatsupply.nl\/de\/produkt\/wild-sauce-co-oh-hot-berry-hot-sauce\/","name":"Wild Sauce Co Oh, Hot Berry Hot Sauce - Heatsupply","isPartOf":{"@id":"https:\/\/www.heatsupply.nl\/de\/#website"},"primaryImageOfPage":{"@id":"https:\/\/www.heatsupply.nl\/de\/produkt\/wild-sauce-co-oh-hot-berry-hot-sauce\/#primaryimage"},"image":{"@id":"https:\/\/www.heatsupply.nl\/de\/produkt\/wild-sauce-co-oh-hot-berry-hot-sauce\/#primaryimage"},"thumbnailUrl":"https:\/\/www.heatsupply.nl\/wp-content\/uploads\/2025\/11\/wild-sauce-oh-hot-berry-hot-sauce.jpg","datePublished":"2025-11-06T10:07:32+00:00","dateModified":"2026-05-15T12:06:43+00:00","description":"Wild Sauce Co. Oh, Hot Berry Hot Sauce ist eine leuchtend orangefarbene, s\u00fc\u00df-saure, fruchtige Sauce mit ordentlich Sch\u00e4rfe! Hergestellt mit Habanero, Sanddorn, Kumquat und Satsuma.","breadcrumb":{"@id":"https:\/\/www.heatsupply.nl\/de\/produkt\/wild-sauce-co-oh-hot-berry-hot-sauce\/#breadcrumb"},"inLanguage":"de","potentialAction":[{"@type":"ReadAction","target":["https:\/\/www.heatsupply.nl\/de\/produkt\/wild-sauce-co-oh-hot-berry-hot-sauce\/"]}]},{"@type":"ImageObject","inLanguage":"de","@id":"https:\/\/www.heatsupply.nl\/de\/produkt\/wild-sauce-co-oh-hot-berry-hot-sauce\/#primaryimage","url":"https:\/\/www.heatsupply.nl\/wp-content\/uploads\/2025\/11\/wild-sauce-oh-hot-berry-hot-sauce.jpg","contentUrl":"https:\/\/www.heatsupply.nl\/wp-content\/uploads\/2025\/11\/wild-sauce-oh-hot-berry-hot-sauce.jpg","width":1400,"height":1400,"caption":"wild sauce co oh hot berry hot sauce"},{"@type":"BreadcrumbList","@id":"https:\/\/www.heatsupply.nl\/de\/produkt\/wild-sauce-co-oh-hot-berry-hot-sauce\/#breadcrumb","itemListElement":[{"@type":"ListItem","position":1,"name":"Home","item":"https:\/\/www.heatsupply.nl\/de\/"},{"@type":"ListItem","position":2,"name":"Alle produkten","item":"https:\/\/www.heatsupply.nl\/de\/alle-produkten\/"},{"@type":"ListItem","position":3,"name":"Scharfe So\u00dfen","item":"https:\/\/www.heatsupply.nl\/de\/scharfe-sossen\/"},{"@type":"ListItem","position":4,"name":"Europ\u00e4ische scharfe Saucen","item":"https:\/\/www.heatsupply.nl\/de\/scharfe-sossen\/europaeische-scharfe-saucen\/"},{"@type":"ListItem","position":5,"name":"Wild Sauce Co Oh, Hot Berry Hot Sauce"}]},{"@type":"WebSite","@id":"https:\/\/www.heatsupply.nl\/de\/#website","url":"https:\/\/www.heatsupply.nl\/de\/","name":"Heatsupply","description":"Hot sauce webstore #1 in Europe","publisher":{"@id":"https:\/\/www.heatsupply.nl\/de\/#organization"},"potentialAction":[{"@type":"SearchAction","target":{"@type":"EntryPoint","urlTemplate":"https:\/\/www.heatsupply.nl\/de\/?s={search_term_string}"},"query-input":{"@type":"PropertyValueSpecification","valueRequired":true,"valueName":"search_term_string"}}],"inLanguage":"de"},{"@type":"Organization","@id":"https:\/\/www.heatsupply.nl\/de\/#organization","name":"Heatsupply","url":"https:\/\/www.heatsupply.nl\/de\/","logo":{"@type":"ImageObject","inLanguage":"de","@id":"https:\/\/www.heatsupply.nl\/de\/#\/schema\/logo\/image\/","url":"https:\/\/www.heatsupply.nl\/wp-content\/uploads\/2022\/10\/heatsupply-logo-rood.jpg","contentUrl":"https:\/\/www.heatsupply.nl\/wp-content\/uploads\/2022\/10\/heatsupply-logo-rood.jpg","width":1000,"height":335,"caption":"Heatsupply"},"image":{"@id":"https:\/\/www.heatsupply.nl\/de\/#\/schema\/logo\/image\/"},"sameAs":["https:\/\/www.facebook.com\/heatsupplyNL","https:\/\/www.instagram.com\/heatsuppy.nl","https:\/\/www.youtube.com\/channel\/UC5pOWqQtljvxTz2SMWGWCsw"]}]},"product_brand":"Wild Sauce Co","product_price_amount":"9.95","product_price_currency":"EUR","og_availability":"instock","product_availability":"instock","product_retailer_item_id":"WSHOTBERRY003","product_condition":"new"},"_links":{"self":[{"href":"https:\/\/www.heatsupply.nl\/de\/wp-json\/wp\/v2\/product\/189392","targetHints":{"allow":["GET"]}}],"collection":[{"href":"https:\/\/www.heatsupply.nl\/de\/wp-json\/wp\/v2\/product"}],"about":[{"href":"https:\/\/www.heatsupply.nl\/de\/wp-json\/wp\/v2\/types\/product"}],"replies":[{"embeddable":true,"href":"https:\/\/www.heatsupply.nl\/de\/wp-json\/wp\/v2\/comments?post=189392"}],"wp:featuredmedia":[{"embeddable":true,"href":"https:\/\/www.heatsupply.nl\/de\/wp-json\/wp\/v2\/media\/189473"}],"wp:attachment":[{"href":"https:\/\/www.heatsupply.nl\/de\/wp-json\/wp\/v2\/media?parent=189392"}],"wp:term":[{"taxonomy":"product_brand","embeddable":true,"href":"https:\/\/www.heatsupply.nl\/de\/wp-json\/wp\/v2\/product_brand?post=189392"},{"taxonomy":"product_cat","embeddable":true,"href":"https:\/\/www.heatsupply.nl\/de\/wp-json\/wp\/v2\/product_cat?post=189392"},{"taxonomy":"product_tag","embeddable":true,"href":"https:\/\/www.heatsupply.nl\/de\/wp-json\/wp\/v2\/product_tag?post=189392"}],"curies":[{"name":"wp","href":"https:\/\/api.w.org\/{rel}","templated":true}]}}