{"id":188679,"date":"2025-10-28T15:04:55","date_gmt":"2025-10-28T14:04:55","guid":{"rendered":"https:\/\/www.heatsupply.nl\/?post_type=product&#038;p=188679"},"modified":"2026-05-15T15:08:58","modified_gmt":"2026-05-15T13:08:58","slug":"queen-majesty-sicilian-scorpion-hot-sauce","status":"publish","type":"product","link":"https:\/\/www.heatsupply.nl\/de\/produkt\/queen-majesty-sicilian-scorpion-hot-sauce\/","title":{"rendered":"Queen Majesty Sicilian Scorpion Hot Sauce"},"content":{"rendered":"<p><strong>Zutaten Queen Majesty Sicilian Scorpion Hot Sauce<\/strong>: Wei\u00dfer Essig, Trinidad Scorpion Peppers, Tomatenmark, Zitronensaft, Oliven\u00f6l, Knoblauch, Pfefferk\u00f6rner, koscheres Salz, R\u00f6stzwiebeln, Oregano und Basilikum.<\/p>\n<p>Allergene: Kann <strong>Sulfite<\/strong> enthalten.<\/p>\n<p><span style=\"text-decoration: underline;\">N\u00e4hrwerte pro 100 g:<\/span><br \/>\nEnergie: 184 kJ\/44 kcal<br \/>\nFett: 1 g<br \/>\ndavon ges\u00e4ttigte Fetts\u00e4uren: 0 g<br \/>\nKohlenhydrate: 5 g<br \/>\ndavon Zucker: 2 g<br \/>\nEiwei\u00df: 1 g<br \/>\nSalz: 0,46 g<\/p>\n<p>Vor Gebrauch sch\u00fctteln und nach dem \u00d6ffnen im K\u00fchlschrank aufbewahren.<\/p>\n","protected":false},"excerpt":{"rendered":"<p style=\"text-align: justify;\">Queen Majesty Sicilian Scorpion Hot Sauce ist die sch\u00e4rfste Sauce, die die Marke aus New York bisher gemacht hat. Nicht umsonst war diese Sauce bei <a href=\"https:\/\/www.heatsupply.nl\/de\/scharfe-saucen\/hot-ones-sauces\/\"><strong>Hot Ones<\/strong><\/a> Staffel 26 auf Hot Wing Nummer 9 von 10. Aber was extrem scharfe Saucen angeht, ist das unserer Meinung nach eine der geschmackvollsten. Sch\u00f6n fruchtig von der Trinidad Scorpion Chili und herrliche italienische Einfl\u00fcsse in Form von Tomatenp\u00fcree, Oliven\u00f6l, Knoblauch, Pfefferk\u00f6rnern, Zwiebel, Oregano und Basilikum. Also auch sch\u00f6n herzhaft, aber die dringend ben\u00f6tigte S\u00e4ure ist durch Essig und Zitrone ebenfalls vorhanden.<\/p>\n<p style=\"text-align: justify;\">Sehr sch\u00f6n ausbalanciert also, und wenn du richtig viel Sch\u00e4rfe liebst, dann wird das deine Lieblingszugabe zu Pasta &amp; Pizza, Tomatensuppe, Chili, H\u00e4hnchen Parmesan, einem leckeren italienischen Sandwich und noch vielem mehr.<\/p>\n<ul>\n<li style=\"text-align: justify;\">Herkunft: New York (USA)<\/li>\n<li style=\"text-align: justify;\">Inhalt: 148ml<\/li>\n<\/ul>\n","protected":false},"featured_media":188978,"comment_status":"open","ping_status":"closed","template":"","meta":{"_acf_changed":false},"product_brand":[],"product_cat":[3789,3787,4046,3936],"product_tag":[],"class_list":{"0":"post-188679","1":"product","2":"type-product","3":"status-publish","4":"has-post-thumbnail","6":"product_cat-hot-ones-saucen","7":"product_cat-scharfe-sossen","8":"product_cat-spicy","9":"product_cat-trinidad-scorpion","11":"first","12":"instock","13":"taxable","14":"shipping-taxable","15":"purchasable","16":"product-type-simple"},"bundled_by":["143298"],"bundle_stock_status":"instock","bundle_stock_quantity":211,"bundle_virtual":false,"bundle_layout":"","bundle_add_to_cart_form_location":"","bundle_editable_in_cart":false,"bundle_sold_individually_context":"","bundle_item_grouping":"","bundle_min_size":"","bundle_max_size":"","bundle_price":[],"bundled_items":[],"bundle_sell_ids":[],"acf":[],"yoast_head":"<!-- This site is optimized with the Yoast SEO Premium plugin v27.5 (Yoast SEO v27.5) - https:\/\/yoast.com\/product\/yoast-seo-premium-wordpress\/ -->\n<title>Queen Majesty Sicilian Scorpion Hot Sauce - Heatsupply<\/title>\n<meta name=\"description\" content=\"Queen Majesty Sicilian Scorpion ist die sch\u00e4rfste Sauce der New Yorker Marke mit deutlichen italienischen Geschmackseinfl\u00fcssen. Was f\u00fcr eine Kombination!\" \/>\n<meta name=\"robots\" content=\"index, follow, max-snippet:-1, max-image-preview:large, max-video-preview:-1\" \/>\n<link rel=\"canonical\" href=\"https:\/\/www.heatsupply.nl\/de\/produkt\/queen-majesty-sicilian-scorpion-hot-sauce\/\" \/>\n<meta property=\"og:locale\" content=\"de_DE\" \/>\n<meta property=\"og:type\" content=\"article\" \/>\n<meta property=\"og:title\" content=\"Queen Majesty Sicilian Scorpion Hot Sauce\" \/>\n<meta property=\"og:description\" content=\"Queen Majesty Sicilian Scorpion ist die sch\u00e4rfste Sauce der New Yorker Marke mit deutlichen italienischen Geschmackseinfl\u00fcssen. Was f\u00fcr eine Kombination!\" \/>\n<meta property=\"og:url\" content=\"https:\/\/www.heatsupply.nl\/de\/produkt\/queen-majesty-sicilian-scorpion-hot-sauce\/\" \/>\n<meta property=\"og:site_name\" content=\"Heatsupply\" \/>\n<meta property=\"article:publisher\" content=\"https:\/\/www.facebook.com\/heatsupplyNL\" \/>\n<meta property=\"article:modified_time\" content=\"2026-05-15T13:08:58+00:00\" \/>\n<meta property=\"og:image\" content=\"https:\/\/www.heatsupply.nl\/wp-content\/uploads\/2025\/10\/queen-majesty-sicilian-scorpion-hot-sauce.jpg\" \/>\n\t<meta property=\"og:image:width\" content=\"1400\" \/>\n\t<meta property=\"og:image:height\" content=\"1400\" \/>\n\t<meta property=\"og:image:type\" content=\"image\/jpeg\" \/>\n<meta name=\"twitter:card\" content=\"summary_large_image\" \/>\n<meta name=\"twitter:label1\" content=\"Preis\" \/>\n\t<meta name=\"twitter:data1\" content=\"&euro;11,95\" \/>\n\t<meta name=\"twitter:label2\" content=\"Verf\u00fcgbarkeit\" \/>\n\t<meta name=\"twitter:data2\" content=\"Auf Lager\" \/>\n<script type=\"application\/ld+json\" class=\"yoast-schema-graph\">{\"@context\":\"https:\\\/\\\/schema.org\",\"@graph\":[{\"@type\":\"WebPage\",\"@id\":\"https:\\\/\\\/www.heatsupply.nl\\\/de\\\/produkt\\\/queen-majesty-sicilian-scorpion-hot-sauce\\\/\",\"url\":\"https:\\\/\\\/www.heatsupply.nl\\\/de\\\/produkt\\\/queen-majesty-sicilian-scorpion-hot-sauce\\\/\",\"name\":\"Queen Majesty Sicilian Scorpion Hot Sauce - Heatsupply\",\"isPartOf\":{\"@id\":\"https:\\\/\\\/www.heatsupply.nl\\\/de\\\/#website\"},\"primaryImageOfPage\":{\"@id\":\"https:\\\/\\\/www.heatsupply.nl\\\/de\\\/produkt\\\/queen-majesty-sicilian-scorpion-hot-sauce\\\/#primaryimage\"},\"image\":{\"@id\":\"https:\\\/\\\/www.heatsupply.nl\\\/de\\\/produkt\\\/queen-majesty-sicilian-scorpion-hot-sauce\\\/#primaryimage\"},\"thumbnailUrl\":\"https:\\\/\\\/www.heatsupply.nl\\\/wp-content\\\/uploads\\\/2025\\\/10\\\/queen-majesty-sicilian-scorpion-hot-sauce.jpg\",\"datePublished\":\"2025-10-28T14:04:55+00:00\",\"dateModified\":\"2026-05-15T13:08:58+00:00\",\"description\":\"Queen Majesty Sicilian Scorpion ist die sch\u00e4rfste Sauce der New Yorker Marke mit deutlichen italienischen Geschmackseinfl\u00fcssen. Was f\u00fcr eine Kombination!\",\"breadcrumb\":{\"@id\":\"https:\\\/\\\/www.heatsupply.nl\\\/de\\\/produkt\\\/queen-majesty-sicilian-scorpion-hot-sauce\\\/#breadcrumb\"},\"inLanguage\":\"de\",\"potentialAction\":[{\"@type\":\"ReadAction\",\"target\":[\"https:\\\/\\\/www.heatsupply.nl\\\/de\\\/produkt\\\/queen-majesty-sicilian-scorpion-hot-sauce\\\/\"]}]},{\"@type\":\"ImageObject\",\"inLanguage\":\"de\",\"@id\":\"https:\\\/\\\/www.heatsupply.nl\\\/de\\\/produkt\\\/queen-majesty-sicilian-scorpion-hot-sauce\\\/#primaryimage\",\"url\":\"https:\\\/\\\/www.heatsupply.nl\\\/wp-content\\\/uploads\\\/2025\\\/10\\\/queen-majesty-sicilian-scorpion-hot-sauce.jpg\",\"contentUrl\":\"https:\\\/\\\/www.heatsupply.nl\\\/wp-content\\\/uploads\\\/2025\\\/10\\\/queen-majesty-sicilian-scorpion-hot-sauce.jpg\",\"width\":1400,\"height\":1400},{\"@type\":\"BreadcrumbList\",\"@id\":\"https:\\\/\\\/www.heatsupply.nl\\\/de\\\/produkt\\\/queen-majesty-sicilian-scorpion-hot-sauce\\\/#breadcrumb\",\"itemListElement\":[{\"@type\":\"ListItem\",\"position\":1,\"name\":\"Home\",\"item\":\"https:\\\/\\\/www.heatsupply.nl\\\/de\\\/\"},{\"@type\":\"ListItem\",\"position\":2,\"name\":\"Alle produkten\",\"item\":\"https:\\\/\\\/www.heatsupply.nl\\\/de\\\/alle-produkten\\\/\"},{\"@type\":\"ListItem\",\"position\":3,\"name\":\"Scharfe So\u00dfen\",\"item\":\"https:\\\/\\\/www.heatsupply.nl\\\/de\\\/scharfe-sossen\\\/\"},{\"@type\":\"ListItem\",\"position\":4,\"name\":\"Hot Ones Saucen\",\"item\":\"https:\\\/\\\/www.heatsupply.nl\\\/de\\\/scharfe-sossen\\\/hot-ones-saucen\\\/\"},{\"@type\":\"ListItem\",\"position\":5,\"name\":\"Queen Majesty Sicilian Scorpion Hot Sauce\"}]},{\"@type\":\"WebSite\",\"@id\":\"https:\\\/\\\/www.heatsupply.nl\\\/de\\\/#website\",\"url\":\"https:\\\/\\\/www.heatsupply.nl\\\/de\\\/\",\"name\":\"Heatsupply\",\"description\":\"Hot sauce webstore #1 in Europe\",\"publisher\":{\"@id\":\"https:\\\/\\\/www.heatsupply.nl\\\/de\\\/#organization\"},\"potentialAction\":[{\"@type\":\"SearchAction\",\"target\":{\"@type\":\"EntryPoint\",\"urlTemplate\":\"https:\\\/\\\/www.heatsupply.nl\\\/de\\\/?s={search_term_string}\"},\"query-input\":{\"@type\":\"PropertyValueSpecification\",\"valueRequired\":true,\"valueName\":\"search_term_string\"}}],\"inLanguage\":\"de\"},{\"@type\":\"Organization\",\"@id\":\"https:\\\/\\\/www.heatsupply.nl\\\/de\\\/#organization\",\"name\":\"Heatsupply\",\"url\":\"https:\\\/\\\/www.heatsupply.nl\\\/de\\\/\",\"logo\":{\"@type\":\"ImageObject\",\"inLanguage\":\"de\",\"@id\":\"https:\\\/\\\/www.heatsupply.nl\\\/de\\\/#\\\/schema\\\/logo\\\/image\\\/\",\"url\":\"https:\\\/\\\/www.heatsupply.nl\\\/wp-content\\\/uploads\\\/2022\\\/10\\\/heatsupply-logo-rood.jpg\",\"contentUrl\":\"https:\\\/\\\/www.heatsupply.nl\\\/wp-content\\\/uploads\\\/2022\\\/10\\\/heatsupply-logo-rood.jpg\",\"width\":1000,\"height\":335,\"caption\":\"Heatsupply\"},\"image\":{\"@id\":\"https:\\\/\\\/www.heatsupply.nl\\\/de\\\/#\\\/schema\\\/logo\\\/image\\\/\"},\"sameAs\":[\"https:\\\/\\\/www.facebook.com\\\/heatsupplyNL\",\"https:\\\/\\\/www.instagram.com\\\/heatsuppy.nl\",\"https:\\\/\\\/www.youtube.com\\\/channel\\\/UC5pOWqQtljvxTz2SMWGWCsw\"]}]}<\/script>\n<meta property=\"product:brand\" content=\"Queen Majesty\" \/>\n<meta property=\"product:price:amount\" content=\"11.95\" \/>\n<meta property=\"product:price:currency\" content=\"EUR\" \/>\n<meta property=\"og:availability\" content=\"instock\" \/>\n<meta property=\"product:availability\" content=\"instock\" \/>\n<meta property=\"product:retailer_item_id\" content=\"QMSISCO002\" \/>\n<meta property=\"product:condition\" content=\"new\" \/>\n<!-- \/ Yoast SEO Premium plugin. -->","yoast_head_json":{"title":"Queen Majesty Sicilian Scorpion Hot Sauce - Heatsupply","description":"Queen Majesty Sicilian Scorpion ist die sch\u00e4rfste Sauce der New Yorker Marke mit deutlichen italienischen Geschmackseinfl\u00fcssen. Was f\u00fcr eine Kombination!","robots":{"index":"index","follow":"follow","max-snippet":"max-snippet:-1","max-image-preview":"max-image-preview:large","max-video-preview":"max-video-preview:-1"},"canonical":"https:\/\/www.heatsupply.nl\/de\/produkt\/queen-majesty-sicilian-scorpion-hot-sauce\/","og_locale":"de_DE","og_type":"article","og_title":"Queen Majesty Sicilian Scorpion Hot Sauce","og_description":"Queen Majesty Sicilian Scorpion ist die sch\u00e4rfste Sauce der New Yorker Marke mit deutlichen italienischen Geschmackseinfl\u00fcssen. Was f\u00fcr eine Kombination!","og_url":"https:\/\/www.heatsupply.nl\/de\/produkt\/queen-majesty-sicilian-scorpion-hot-sauce\/","og_site_name":"Heatsupply","article_publisher":"https:\/\/www.facebook.com\/heatsupplyNL","article_modified_time":"2026-05-15T13:08:58+00:00","og_image":[{"width":1400,"height":1400,"url":"https:\/\/www.heatsupply.nl\/wp-content\/uploads\/2025\/10\/queen-majesty-sicilian-scorpion-hot-sauce.jpg","type":"image\/jpeg"}],"twitter_card":"summary_large_image","twitter_misc":{"Preis":"&euro;11,95","Verf\u00fcgbarkeit":"Auf Lager"},"schema":{"@context":"https:\/\/schema.org","@graph":[{"@type":"WebPage","@id":"https:\/\/www.heatsupply.nl\/de\/produkt\/queen-majesty-sicilian-scorpion-hot-sauce\/","url":"https:\/\/www.heatsupply.nl\/de\/produkt\/queen-majesty-sicilian-scorpion-hot-sauce\/","name":"Queen Majesty Sicilian Scorpion Hot Sauce - Heatsupply","isPartOf":{"@id":"https:\/\/www.heatsupply.nl\/de\/#website"},"primaryImageOfPage":{"@id":"https:\/\/www.heatsupply.nl\/de\/produkt\/queen-majesty-sicilian-scorpion-hot-sauce\/#primaryimage"},"image":{"@id":"https:\/\/www.heatsupply.nl\/de\/produkt\/queen-majesty-sicilian-scorpion-hot-sauce\/#primaryimage"},"thumbnailUrl":"https:\/\/www.heatsupply.nl\/wp-content\/uploads\/2025\/10\/queen-majesty-sicilian-scorpion-hot-sauce.jpg","datePublished":"2025-10-28T14:04:55+00:00","dateModified":"2026-05-15T13:08:58+00:00","description":"Queen Majesty Sicilian Scorpion ist die sch\u00e4rfste Sauce der New Yorker Marke mit deutlichen italienischen Geschmackseinfl\u00fcssen. Was f\u00fcr eine Kombination!","breadcrumb":{"@id":"https:\/\/www.heatsupply.nl\/de\/produkt\/queen-majesty-sicilian-scorpion-hot-sauce\/#breadcrumb"},"inLanguage":"de","potentialAction":[{"@type":"ReadAction","target":["https:\/\/www.heatsupply.nl\/de\/produkt\/queen-majesty-sicilian-scorpion-hot-sauce\/"]}]},{"@type":"ImageObject","inLanguage":"de","@id":"https:\/\/www.heatsupply.nl\/de\/produkt\/queen-majesty-sicilian-scorpion-hot-sauce\/#primaryimage","url":"https:\/\/www.heatsupply.nl\/wp-content\/uploads\/2025\/10\/queen-majesty-sicilian-scorpion-hot-sauce.jpg","contentUrl":"https:\/\/www.heatsupply.nl\/wp-content\/uploads\/2025\/10\/queen-majesty-sicilian-scorpion-hot-sauce.jpg","width":1400,"height":1400},{"@type":"BreadcrumbList","@id":"https:\/\/www.heatsupply.nl\/de\/produkt\/queen-majesty-sicilian-scorpion-hot-sauce\/#breadcrumb","itemListElement":[{"@type":"ListItem","position":1,"name":"Home","item":"https:\/\/www.heatsupply.nl\/de\/"},{"@type":"ListItem","position":2,"name":"Alle produkten","item":"https:\/\/www.heatsupply.nl\/de\/alle-produkten\/"},{"@type":"ListItem","position":3,"name":"Scharfe So\u00dfen","item":"https:\/\/www.heatsupply.nl\/de\/scharfe-sossen\/"},{"@type":"ListItem","position":4,"name":"Hot Ones Saucen","item":"https:\/\/www.heatsupply.nl\/de\/scharfe-sossen\/hot-ones-saucen\/"},{"@type":"ListItem","position":5,"name":"Queen Majesty Sicilian Scorpion Hot Sauce"}]},{"@type":"WebSite","@id":"https:\/\/www.heatsupply.nl\/de\/#website","url":"https:\/\/www.heatsupply.nl\/de\/","name":"Heatsupply","description":"Hot sauce webstore #1 in Europe","publisher":{"@id":"https:\/\/www.heatsupply.nl\/de\/#organization"},"potentialAction":[{"@type":"SearchAction","target":{"@type":"EntryPoint","urlTemplate":"https:\/\/www.heatsupply.nl\/de\/?s={search_term_string}"},"query-input":{"@type":"PropertyValueSpecification","valueRequired":true,"valueName":"search_term_string"}}],"inLanguage":"de"},{"@type":"Organization","@id":"https:\/\/www.heatsupply.nl\/de\/#organization","name":"Heatsupply","url":"https:\/\/www.heatsupply.nl\/de\/","logo":{"@type":"ImageObject","inLanguage":"de","@id":"https:\/\/www.heatsupply.nl\/de\/#\/schema\/logo\/image\/","url":"https:\/\/www.heatsupply.nl\/wp-content\/uploads\/2022\/10\/heatsupply-logo-rood.jpg","contentUrl":"https:\/\/www.heatsupply.nl\/wp-content\/uploads\/2022\/10\/heatsupply-logo-rood.jpg","width":1000,"height":335,"caption":"Heatsupply"},"image":{"@id":"https:\/\/www.heatsupply.nl\/de\/#\/schema\/logo\/image\/"},"sameAs":["https:\/\/www.facebook.com\/heatsupplyNL","https:\/\/www.instagram.com\/heatsuppy.nl","https:\/\/www.youtube.com\/channel\/UC5pOWqQtljvxTz2SMWGWCsw"]}]},"product_brand":"Queen Majesty","product_price_amount":"11.95","product_price_currency":"EUR","og_availability":"instock","product_availability":"instock","product_retailer_item_id":"QMSISCO002","product_condition":"new"},"_links":{"self":[{"href":"https:\/\/www.heatsupply.nl\/de\/wp-json\/wp\/v2\/product\/188679","targetHints":{"allow":["GET"]}}],"collection":[{"href":"https:\/\/www.heatsupply.nl\/de\/wp-json\/wp\/v2\/product"}],"about":[{"href":"https:\/\/www.heatsupply.nl\/de\/wp-json\/wp\/v2\/types\/product"}],"replies":[{"embeddable":true,"href":"https:\/\/www.heatsupply.nl\/de\/wp-json\/wp\/v2\/comments?post=188679"}],"wp:featuredmedia":[{"embeddable":true,"href":"https:\/\/www.heatsupply.nl\/de\/wp-json\/wp\/v2\/media\/188978"}],"wp:attachment":[{"href":"https:\/\/www.heatsupply.nl\/de\/wp-json\/wp\/v2\/media?parent=188679"}],"wp:term":[{"taxonomy":"product_brand","embeddable":true,"href":"https:\/\/www.heatsupply.nl\/de\/wp-json\/wp\/v2\/product_brand?post=188679"},{"taxonomy":"product_cat","embeddable":true,"href":"https:\/\/www.heatsupply.nl\/de\/wp-json\/wp\/v2\/product_cat?post=188679"},{"taxonomy":"product_tag","embeddable":true,"href":"https:\/\/www.heatsupply.nl\/de\/wp-json\/wp\/v2\/product_tag?post=188679"}],"curies":[{"name":"wp","href":"https:\/\/api.w.org\/{rel}","templated":true}]}}