{"id":188676,"date":"2025-10-28T15:04:59","date_gmt":"2025-10-28T14:04:59","guid":{"rendered":"https:\/\/www.heatsupply.nl\/?post_type=product&#038;p=188676"},"modified":"2026-05-02T15:01:45","modified_gmt":"2026-05-02T13:01:45","slug":"torchbearer-sucker-punch-hot-sauce","status":"publish","type":"product","link":"https:\/\/www.heatsupply.nl\/de\/produkt\/torchbearer-sucker-punch-hot-sauce\/","title":{"rendered":"Torchbearer Sucker Punch Hot Sauce"},"content":{"rendered":"<p><strong>Torchbearer Sucker Punch Hot Sauce Zutaten<\/strong>: Zwiebeln, Carolina Reaper P\u00fcree (Carolina Reaper Chilis, destillierter Wei\u00dfweinessig, Salz), Wasser, destillierter Wei\u00dfweinessig, Ghost Pepper P\u00fcree (Ghost Pepper, destillierter Wei\u00dfweinessig, Salz), Wei\u00dfzucker, Zitronens\u00e4ure, Limettensaft, gehackte Zwiebeln, Dragon&#8217;s Breath Chilipulver, Salz.<\/p>\n<p>Diese scharfe Sauce ist auch aus der YouTube-Show \u201e<a href=\"https:\/\/www.heatsupply.nl\/de\/scharfe-sossen\/hot-ones-saucen\/\"><strong>Hot Ones<\/strong><\/a>\u201c bekannt. In Staffel 27 war sie die neunt- von zehn scharfen Chicken Wings.<\/p>\n<p><span style=\"text-decoration: underline;\">N\u00e4hrwerte pro 100 g:<\/span><br \/>\nEnergie: 292,8 kJ\/70 kcal<br \/>\nFett: 0 g<br \/>\ndavon ges\u00e4ttigte Fetts\u00e4uren: 0 g<br \/>\nKohlenhydrate: 14 g<br \/>\ndavon Zucker: 10 g<br \/>\nEiwei\u00df: 1 g<br \/>\nSalz: 0,83 g<\/p>\n<p>Vor Gebrauch sch\u00fctteln und nach dem \u00d6ffnen im K\u00fchlschrank aufbewahren.<\/p>\n","protected":false},"excerpt":{"rendered":"<p style=\"text-align: justify;\">Torchbearer Sucker Punch Hot Sauce ist eine s\u00fc\u00df-saure Geschmacksbombe! Und mit Bombe meinen wir definitiv auch die Sch\u00e4rfe, denn mit Carolina Reaper, Ghost Pepper UND Dragon&#8217;s Breath Chilis kannst du wirklich von einer Explosion in deinem Mund sprechen. Der typische Superhot-Geschmack und die Fruchtigkeit der Chilis kommen sch\u00f6n durch, aber es ist auch vor allem herrlich sauer durch den Essig, Zitrone und Limette. Zucker sorgt f\u00fcr eine leckere S\u00fc\u00dfe, wodurch es ein bisschen an die s\u00fc\u00df-saure Sauce vom Chinesen erinnert, aber dann unglaublich scharf. Nicht ganz \u00fcberraschend ist diese Sauce also vor allem super lecker zur chinesischen K\u00fcche, Fr\u00fchlingsrollen, Schweinefleisch oder zum Beispiel zu Mac &amp; Cheese.<\/p>\n<p>Sucker Punch Hot Sauce ist auch aus <a href=\"https:\/\/www.heatsupply.nl\/de\/scharfe-saucen\/hot-ones-sauces\/\"><strong>Hot Ones<\/strong><\/a> bekannt. In Staffel 27 war diese Sauce auf Hot Wings Nummer 9 von 10.<\/p>\n<ul>\n<li style=\"text-align: justify;\">Herkunft: Mechanicsburg, Pennsylvania (USA)<\/li>\n<li style=\"text-align: justify;\">Inhalt: 142 g<\/li>\n<\/ul>\n","protected":false},"featured_media":188984,"comment_status":"open","ping_status":"closed","template":"","meta":{"_acf_changed":false},"product_brand":[],"product_cat":[3789,3787,4046],"product_tag":[],"class_list":{"0":"post-188676","1":"product","2":"type-product","3":"status-publish","4":"has-post-thumbnail","6":"product_cat-hot-ones-saucen","7":"product_cat-scharfe-sossen","8":"product_cat-spicy","10":"first","11":"instock","12":"taxable","13":"shipping-taxable","14":"purchasable","15":"product-type-simple"},"bundled_by":[],"bundle_stock_status":"instock","bundle_stock_quantity":142,"bundle_virtual":false,"bundle_layout":"","bundle_add_to_cart_form_location":"","bundle_editable_in_cart":false,"bundle_sold_individually_context":"","bundle_item_grouping":"","bundle_min_size":"","bundle_max_size":"","bundle_price":[],"bundled_items":[],"bundle_sell_ids":[],"acf":[],"yoast_head":"<!-- This site is optimized with the Yoast SEO Premium plugin v27.5 (Yoast SEO v27.5) - https:\/\/yoast.com\/product\/yoast-seo-premium-wordpress\/ -->\n<title>Torchbearer Sucker Punch Hot Sauce - Heatsupply<\/title>\n<meta name=\"description\" content=\"Torchbearer Sucker Punch Hot Sauce ist eine s\u00fc\u00df-saure Geschmacksbombe mit extremer Sch\u00e4rfe! Sie wurde bei Hot Ones vorgestellt, wo sie die zweitsch\u00e4rfste Sauce war.\" \/>\n<meta name=\"robots\" content=\"index, follow, max-snippet:-1, max-image-preview:large, max-video-preview:-1\" \/>\n<link rel=\"canonical\" href=\"https:\/\/www.heatsupply.nl\/de\/produkt\/torchbearer-sucker-punch-hot-sauce\/\" \/>\n<meta property=\"og:locale\" content=\"de_DE\" \/>\n<meta property=\"og:type\" content=\"article\" \/>\n<meta property=\"og:title\" content=\"Torchbearer Sucker Punch Hot Sauce\" \/>\n<meta property=\"og:description\" content=\"Torchbearer Sucker Punch Hot Sauce ist eine s\u00fc\u00df-saure Geschmacksbombe mit extremer Sch\u00e4rfe! Sie wurde bei Hot Ones vorgestellt, wo sie die zweitsch\u00e4rfste Sauce war.\" \/>\n<meta property=\"og:url\" content=\"https:\/\/www.heatsupply.nl\/de\/produkt\/torchbearer-sucker-punch-hot-sauce\/\" \/>\n<meta property=\"og:site_name\" content=\"Heatsupply\" \/>\n<meta property=\"article:publisher\" content=\"https:\/\/www.facebook.com\/heatsupplyNL\" \/>\n<meta property=\"article:modified_time\" content=\"2026-05-02T13:01:45+00:00\" \/>\n<meta property=\"og:image\" content=\"https:\/\/www.heatsupply.nl\/wp-content\/uploads\/2025\/10\/torchbearer-sucker-punch.jpg\" \/>\n\t<meta property=\"og:image:width\" content=\"1400\" \/>\n\t<meta property=\"og:image:height\" content=\"1400\" \/>\n\t<meta property=\"og:image:type\" content=\"image\/jpeg\" \/>\n<meta name=\"twitter:card\" content=\"summary_large_image\" \/>\n<meta name=\"twitter:label1\" content=\"Preis\" \/>\n\t<meta name=\"twitter:data1\" content=\"&euro;14,95\" \/>\n\t<meta name=\"twitter:label2\" content=\"Verf\u00fcgbarkeit\" \/>\n\t<meta name=\"twitter:data2\" content=\"Auf Lager\" \/>\n<script type=\"application\/ld+json\" class=\"yoast-schema-graph\">{\"@context\":\"https:\\\/\\\/schema.org\",\"@graph\":[{\"@type\":\"WebPage\",\"@id\":\"https:\\\/\\\/www.heatsupply.nl\\\/de\\\/produkt\\\/torchbearer-sucker-punch-hot-sauce\\\/\",\"url\":\"https:\\\/\\\/www.heatsupply.nl\\\/de\\\/produkt\\\/torchbearer-sucker-punch-hot-sauce\\\/\",\"name\":\"Torchbearer Sucker Punch Hot Sauce - Heatsupply\",\"isPartOf\":{\"@id\":\"https:\\\/\\\/www.heatsupply.nl\\\/de\\\/#website\"},\"primaryImageOfPage\":{\"@id\":\"https:\\\/\\\/www.heatsupply.nl\\\/de\\\/produkt\\\/torchbearer-sucker-punch-hot-sauce\\\/#primaryimage\"},\"image\":{\"@id\":\"https:\\\/\\\/www.heatsupply.nl\\\/de\\\/produkt\\\/torchbearer-sucker-punch-hot-sauce\\\/#primaryimage\"},\"thumbnailUrl\":\"https:\\\/\\\/www.heatsupply.nl\\\/wp-content\\\/uploads\\\/2025\\\/10\\\/torchbearer-sucker-punch.jpg\",\"datePublished\":\"2025-10-28T14:04:59+00:00\",\"dateModified\":\"2026-05-02T13:01:45+00:00\",\"description\":\"Torchbearer Sucker Punch Hot Sauce ist eine s\u00fc\u00df-saure Geschmacksbombe mit extremer Sch\u00e4rfe! Sie wurde bei Hot Ones vorgestellt, wo sie die zweitsch\u00e4rfste Sauce war.\",\"breadcrumb\":{\"@id\":\"https:\\\/\\\/www.heatsupply.nl\\\/de\\\/produkt\\\/torchbearer-sucker-punch-hot-sauce\\\/#breadcrumb\"},\"inLanguage\":\"de\",\"potentialAction\":[{\"@type\":\"ReadAction\",\"target\":[\"https:\\\/\\\/www.heatsupply.nl\\\/de\\\/produkt\\\/torchbearer-sucker-punch-hot-sauce\\\/\"]}]},{\"@type\":\"ImageObject\",\"inLanguage\":\"de\",\"@id\":\"https:\\\/\\\/www.heatsupply.nl\\\/de\\\/produkt\\\/torchbearer-sucker-punch-hot-sauce\\\/#primaryimage\",\"url\":\"https:\\\/\\\/www.heatsupply.nl\\\/wp-content\\\/uploads\\\/2025\\\/10\\\/torchbearer-sucker-punch.jpg\",\"contentUrl\":\"https:\\\/\\\/www.heatsupply.nl\\\/wp-content\\\/uploads\\\/2025\\\/10\\\/torchbearer-sucker-punch.jpg\",\"width\":1400,\"height\":1400},{\"@type\":\"BreadcrumbList\",\"@id\":\"https:\\\/\\\/www.heatsupply.nl\\\/de\\\/produkt\\\/torchbearer-sucker-punch-hot-sauce\\\/#breadcrumb\",\"itemListElement\":[{\"@type\":\"ListItem\",\"position\":1,\"name\":\"Home\",\"item\":\"https:\\\/\\\/www.heatsupply.nl\\\/de\\\/\"},{\"@type\":\"ListItem\",\"position\":2,\"name\":\"Alle produkten\",\"item\":\"https:\\\/\\\/www.heatsupply.nl\\\/de\\\/alle-produkten\\\/\"},{\"@type\":\"ListItem\",\"position\":3,\"name\":\"Scharfe So\u00dfen\",\"item\":\"https:\\\/\\\/www.heatsupply.nl\\\/de\\\/scharfe-sossen\\\/\"},{\"@type\":\"ListItem\",\"position\":4,\"name\":\"Torchbearer Sucker Punch Hot Sauce\"}]},{\"@type\":\"WebSite\",\"@id\":\"https:\\\/\\\/www.heatsupply.nl\\\/de\\\/#website\",\"url\":\"https:\\\/\\\/www.heatsupply.nl\\\/de\\\/\",\"name\":\"Heatsupply\",\"description\":\"Hot sauce webstore #1 in Europe\",\"publisher\":{\"@id\":\"https:\\\/\\\/www.heatsupply.nl\\\/de\\\/#organization\"},\"potentialAction\":[{\"@type\":\"SearchAction\",\"target\":{\"@type\":\"EntryPoint\",\"urlTemplate\":\"https:\\\/\\\/www.heatsupply.nl\\\/de\\\/?s={search_term_string}\"},\"query-input\":{\"@type\":\"PropertyValueSpecification\",\"valueRequired\":true,\"valueName\":\"search_term_string\"}}],\"inLanguage\":\"de\"},{\"@type\":\"Organization\",\"@id\":\"https:\\\/\\\/www.heatsupply.nl\\\/de\\\/#organization\",\"name\":\"Heatsupply\",\"url\":\"https:\\\/\\\/www.heatsupply.nl\\\/de\\\/\",\"logo\":{\"@type\":\"ImageObject\",\"inLanguage\":\"de\",\"@id\":\"https:\\\/\\\/www.heatsupply.nl\\\/de\\\/#\\\/schema\\\/logo\\\/image\\\/\",\"url\":\"https:\\\/\\\/www.heatsupply.nl\\\/wp-content\\\/uploads\\\/2022\\\/10\\\/heatsupply-logo-rood.jpg\",\"contentUrl\":\"https:\\\/\\\/www.heatsupply.nl\\\/wp-content\\\/uploads\\\/2022\\\/10\\\/heatsupply-logo-rood.jpg\",\"width\":1000,\"height\":335,\"caption\":\"Heatsupply\"},\"image\":{\"@id\":\"https:\\\/\\\/www.heatsupply.nl\\\/de\\\/#\\\/schema\\\/logo\\\/image\\\/\"},\"sameAs\":[\"https:\\\/\\\/www.facebook.com\\\/heatsupplyNL\",\"https:\\\/\\\/www.instagram.com\\\/heatsuppy.nl\",\"https:\\\/\\\/www.youtube.com\\\/channel\\\/UC5pOWqQtljvxTz2SMWGWCsw\"]}]}<\/script>\n<meta property=\"product:brand\" content=\"Torchbearer\" \/>\n<meta property=\"product:price:amount\" content=\"14.95\" \/>\n<meta property=\"product:price:currency\" content=\"EUR\" \/>\n<meta property=\"og:availability\" content=\"instock\" \/>\n<meta property=\"product:availability\" content=\"instock\" \/>\n<meta property=\"product:retailer_item_id\" content=\"TBSUCPUN001\" \/>\n<meta property=\"product:condition\" content=\"new\" \/>\n<!-- \/ Yoast SEO Premium plugin. -->","yoast_head_json":{"title":"Torchbearer Sucker Punch Hot Sauce - Heatsupply","description":"Torchbearer Sucker Punch Hot Sauce ist eine s\u00fc\u00df-saure Geschmacksbombe mit extremer Sch\u00e4rfe! Sie wurde bei Hot Ones vorgestellt, wo sie die zweitsch\u00e4rfste Sauce war.","robots":{"index":"index","follow":"follow","max-snippet":"max-snippet:-1","max-image-preview":"max-image-preview:large","max-video-preview":"max-video-preview:-1"},"canonical":"https:\/\/www.heatsupply.nl\/de\/produkt\/torchbearer-sucker-punch-hot-sauce\/","og_locale":"de_DE","og_type":"article","og_title":"Torchbearer Sucker Punch Hot Sauce","og_description":"Torchbearer Sucker Punch Hot Sauce ist eine s\u00fc\u00df-saure Geschmacksbombe mit extremer Sch\u00e4rfe! Sie wurde bei Hot Ones vorgestellt, wo sie die zweitsch\u00e4rfste Sauce war.","og_url":"https:\/\/www.heatsupply.nl\/de\/produkt\/torchbearer-sucker-punch-hot-sauce\/","og_site_name":"Heatsupply","article_publisher":"https:\/\/www.facebook.com\/heatsupplyNL","article_modified_time":"2026-05-02T13:01:45+00:00","og_image":[{"width":1400,"height":1400,"url":"https:\/\/www.heatsupply.nl\/wp-content\/uploads\/2025\/10\/torchbearer-sucker-punch.jpg","type":"image\/jpeg"}],"twitter_card":"summary_large_image","twitter_misc":{"Preis":"&euro;14,95","Verf\u00fcgbarkeit":"Auf Lager"},"schema":{"@context":"https:\/\/schema.org","@graph":[{"@type":"WebPage","@id":"https:\/\/www.heatsupply.nl\/de\/produkt\/torchbearer-sucker-punch-hot-sauce\/","url":"https:\/\/www.heatsupply.nl\/de\/produkt\/torchbearer-sucker-punch-hot-sauce\/","name":"Torchbearer Sucker Punch Hot Sauce - Heatsupply","isPartOf":{"@id":"https:\/\/www.heatsupply.nl\/de\/#website"},"primaryImageOfPage":{"@id":"https:\/\/www.heatsupply.nl\/de\/produkt\/torchbearer-sucker-punch-hot-sauce\/#primaryimage"},"image":{"@id":"https:\/\/www.heatsupply.nl\/de\/produkt\/torchbearer-sucker-punch-hot-sauce\/#primaryimage"},"thumbnailUrl":"https:\/\/www.heatsupply.nl\/wp-content\/uploads\/2025\/10\/torchbearer-sucker-punch.jpg","datePublished":"2025-10-28T14:04:59+00:00","dateModified":"2026-05-02T13:01:45+00:00","description":"Torchbearer Sucker Punch Hot Sauce ist eine s\u00fc\u00df-saure Geschmacksbombe mit extremer Sch\u00e4rfe! Sie wurde bei Hot Ones vorgestellt, wo sie die zweitsch\u00e4rfste Sauce war.","breadcrumb":{"@id":"https:\/\/www.heatsupply.nl\/de\/produkt\/torchbearer-sucker-punch-hot-sauce\/#breadcrumb"},"inLanguage":"de","potentialAction":[{"@type":"ReadAction","target":["https:\/\/www.heatsupply.nl\/de\/produkt\/torchbearer-sucker-punch-hot-sauce\/"]}]},{"@type":"ImageObject","inLanguage":"de","@id":"https:\/\/www.heatsupply.nl\/de\/produkt\/torchbearer-sucker-punch-hot-sauce\/#primaryimage","url":"https:\/\/www.heatsupply.nl\/wp-content\/uploads\/2025\/10\/torchbearer-sucker-punch.jpg","contentUrl":"https:\/\/www.heatsupply.nl\/wp-content\/uploads\/2025\/10\/torchbearer-sucker-punch.jpg","width":1400,"height":1400},{"@type":"BreadcrumbList","@id":"https:\/\/www.heatsupply.nl\/de\/produkt\/torchbearer-sucker-punch-hot-sauce\/#breadcrumb","itemListElement":[{"@type":"ListItem","position":1,"name":"Home","item":"https:\/\/www.heatsupply.nl\/de\/"},{"@type":"ListItem","position":2,"name":"Alle produkten","item":"https:\/\/www.heatsupply.nl\/de\/alle-produkten\/"},{"@type":"ListItem","position":3,"name":"Scharfe So\u00dfen","item":"https:\/\/www.heatsupply.nl\/de\/scharfe-sossen\/"},{"@type":"ListItem","position":4,"name":"Torchbearer Sucker Punch Hot Sauce"}]},{"@type":"WebSite","@id":"https:\/\/www.heatsupply.nl\/de\/#website","url":"https:\/\/www.heatsupply.nl\/de\/","name":"Heatsupply","description":"Hot sauce webstore #1 in Europe","publisher":{"@id":"https:\/\/www.heatsupply.nl\/de\/#organization"},"potentialAction":[{"@type":"SearchAction","target":{"@type":"EntryPoint","urlTemplate":"https:\/\/www.heatsupply.nl\/de\/?s={search_term_string}"},"query-input":{"@type":"PropertyValueSpecification","valueRequired":true,"valueName":"search_term_string"}}],"inLanguage":"de"},{"@type":"Organization","@id":"https:\/\/www.heatsupply.nl\/de\/#organization","name":"Heatsupply","url":"https:\/\/www.heatsupply.nl\/de\/","logo":{"@type":"ImageObject","inLanguage":"de","@id":"https:\/\/www.heatsupply.nl\/de\/#\/schema\/logo\/image\/","url":"https:\/\/www.heatsupply.nl\/wp-content\/uploads\/2022\/10\/heatsupply-logo-rood.jpg","contentUrl":"https:\/\/www.heatsupply.nl\/wp-content\/uploads\/2022\/10\/heatsupply-logo-rood.jpg","width":1000,"height":335,"caption":"Heatsupply"},"image":{"@id":"https:\/\/www.heatsupply.nl\/de\/#\/schema\/logo\/image\/"},"sameAs":["https:\/\/www.facebook.com\/heatsupplyNL","https:\/\/www.instagram.com\/heatsuppy.nl","https:\/\/www.youtube.com\/channel\/UC5pOWqQtljvxTz2SMWGWCsw"]}]},"product_brand":"Torchbearer","product_price_amount":"14.95","product_price_currency":"EUR","og_availability":"instock","product_availability":"instock","product_retailer_item_id":"TBSUCPUN001","product_condition":"new"},"_links":{"self":[{"href":"https:\/\/www.heatsupply.nl\/de\/wp-json\/wp\/v2\/product\/188676","targetHints":{"allow":["GET"]}}],"collection":[{"href":"https:\/\/www.heatsupply.nl\/de\/wp-json\/wp\/v2\/product"}],"about":[{"href":"https:\/\/www.heatsupply.nl\/de\/wp-json\/wp\/v2\/types\/product"}],"replies":[{"embeddable":true,"href":"https:\/\/www.heatsupply.nl\/de\/wp-json\/wp\/v2\/comments?post=188676"}],"wp:featuredmedia":[{"embeddable":true,"href":"https:\/\/www.heatsupply.nl\/de\/wp-json\/wp\/v2\/media\/188984"}],"wp:attachment":[{"href":"https:\/\/www.heatsupply.nl\/de\/wp-json\/wp\/v2\/media?parent=188676"}],"wp:term":[{"taxonomy":"product_brand","embeddable":true,"href":"https:\/\/www.heatsupply.nl\/de\/wp-json\/wp\/v2\/product_brand?post=188676"},{"taxonomy":"product_cat","embeddable":true,"href":"https:\/\/www.heatsupply.nl\/de\/wp-json\/wp\/v2\/product_cat?post=188676"},{"taxonomy":"product_tag","embeddable":true,"href":"https:\/\/www.heatsupply.nl\/de\/wp-json\/wp\/v2\/product_tag?post=188676"}],"curies":[{"name":"wp","href":"https:\/\/api.w.org\/{rel}","templated":true}]}}