{"id":187742,"date":"2025-10-16T09:57:22","date_gmt":"2025-10-16T07:57:22","guid":{"rendered":"https:\/\/www.heatsupply.nl\/product\/honest-toil-griechisches-natives-olivenoel-extra-5-liter\/"},"modified":"2026-02-15T18:41:28","modified_gmt":"2026-02-15T17:41:28","slug":"honest-toil-griechisches-natives-olivenoel-extra-5-liter","status":"publish","type":"product","link":"https:\/\/www.heatsupply.nl\/de\/produkt\/honest-toil-griechisches-natives-olivenoel-extra-5-liter\/","title":{"rendered":"Honest Toil &#8211; Griechisches Natives Oliven\u00f6l Extra &#8211; 5 Liter"},"content":{"rendered":"<h1>Honest Toil Extra Natives Oliven\u00f6l 5 Liter<\/h1>\n<p>Entdecke authentisches griechisches Oliven\u00f6l von Honest Toil. Dieses Extra Native Oliven\u00f6l stammt direkt aus der Ernte vom November 2024 und geh\u00f6rt zu den frischesten Oliven\u00f6len, die du derzeit finden kannst.<\/p>\n<h2>Die wichtigsten Merkmale dieses Oliven\u00f6ls<\/h2>\n<p>Die folgenden Punkte unterstreichen einmal mehr die Qualit\u00e4t von Honest Toil Extra Nativem Oliven\u00f6l:<\/p>\n<ul>\n<li>Extrem hoher Polyphenolgehalt: 540 mg\/kg, das liegt deutlich \u00fcber der EU-Norm von 250 mg\/kg<\/li>\n<li>Sehr niedriger S\u00e4uregehalt: Nur 0,25% dank fr\u00fcher Ernte<\/li>\n<li>100% rein: Ungefiltert, unvermischt und in kleinen Mengen produziert<\/li>\n<li>Frischer Geschmack: Gr\u00fcne Farbe mit w\u00fcrzigem Abgang und grasigen Noten<\/li>\n<li>Schnelle Verarbeitung: Gepresst innerhalb von 24 Stunden nach der Ernte<\/li>\n<\/ul>\n<h2>Das gesunde Oliven\u00f6l<\/h2>\n<p>Dieses Oliven\u00f6l ist mehr als ein Geschmacksgeber, es ist ein nat\u00fcrliches Nahrungserg\u00e4nzungsmittel. Die Koroneiki-Oliven aus Griechenland sind weltweit f\u00fcr ihren au\u00dfergew\u00f6hnlichen Polyphenolgehalt bekannt. Diese kraftvollen Antioxidantien unterst\u00fctzen dein Herz, deinen Darm und helfen, Entz\u00fcndungen zu reduzieren.<\/p>\n<p>Dank der fr\u00fchen Ernte (\u201eAgoureleo&#8220;) und Kaltpressung bleiben alle gesunden Eigenschaften optimal erhalten. Du bekommst buchst\u00e4blich frischen Olivensaft, direkt von den Familien\u00f6lm\u00fchlen in Armeni, Vrises und Ampelofito in deine Flasche.<\/p>\n<h2>Echtes Handwerk aus Griechenland<\/h2>\n<p>Dieses Oliven\u00f6l stammt von kleinen Olivenhainen rund um traditionelle griechische D\u00f6rfer. Keine industrielle Produktion, sondern handwerkliche Arbeit mit Respekt f\u00fcr das Produkt. Der lange, trockene Sommer<\/p>\n","protected":false},"excerpt":{"rendered":"<p style=\"text-align: justify;\">Dieses griechische Extra Native Oliven\u00f6l von Honest Toil ist von allerh\u00f6chster Qualit\u00e4t und daher in jeder K\u00fcche unverzichtbar. Es wird kalt gepresst aus 100% Koroneiki-Oliven und ist ungefiltert. Das Oliven\u00f6l von Honest Toil stammt von kleinen Olivenhainen rund um traditionelle griechische D\u00f6rfer. Keine industrielle Produktion, sondern handwerkliche Arbeit mit Respekt f\u00fcr das Produkt. Mehr Informationen \u00fcber die gesundheitlichen Vorteile dieses Oliven\u00f6ls findest du am Ende dieser Seite.<\/p>\n<p style=\"text-align: justify;\">Verwendung: Perfekt f\u00fcr Salate, Dressings oder einfach zum Verfeinern deiner Gerichte. Aber du kannst damit auch problemlos braten, denn in S\u00fcdeuropa macht man es nicht anders.<\/p>\n<p style=\"text-align: justify;\">Inhalt: 5 Liter<\/p>\n","protected":false},"featured_media":187446,"comment_status":"open","ping_status":"closed","template":"","meta":{"_acf_changed":false},"product_brand":[],"product_cat":[4042,4032],"product_tag":[],"class_list":{"0":"post-187742","1":"product","2":"type-product","3":"status-publish","4":"has-post-thumbnail","6":"product_cat-andere-produkte","7":"product_cat-oel-und-essig","9":"first","10":"instock","11":"taxable","12":"shipping-taxable","13":"purchasable","14":"product-type-simple"},"bundled_by":[],"bundle_stock_status":"instock","bundle_stock_quantity":1,"bundle_virtual":false,"bundle_layout":"","bundle_add_to_cart_form_location":"","bundle_editable_in_cart":false,"bundle_sold_individually_context":"","bundle_item_grouping":"","bundle_min_size":"","bundle_max_size":"","bundle_price":[],"bundled_items":[],"bundle_sell_ids":[],"acf":[],"yoast_head":"<!-- This site is optimized with the Yoast SEO Premium plugin v27.5 (Yoast SEO v27.5) - https:\/\/yoast.com\/product\/yoast-seo-premium-wordpress\/ -->\n<title>Honest Toil - Griechisches Natives Oliven\u00f6l Extra - 5 Liter - Heatsupply<\/title>\n<meta name=\"description\" content=\"Griechisches Extra Natives Oliven\u00f6l von allerh\u00f6chster Qualit\u00e4t, jetzt erh\u00e4ltlich in einer praktischen 5-Liter-Dose. Schneller DHL-Versand nach Deutschland.\" \/>\n<meta name=\"robots\" content=\"index, follow, max-snippet:-1, max-image-preview:large, max-video-preview:-1\" \/>\n<link rel=\"canonical\" href=\"https:\/\/www.heatsupply.nl\/de\/produkt\/honest-toil-griechisches-natives-olivenoel-extra-5-liter\/\" \/>\n<meta property=\"og:locale\" content=\"de_DE\" \/>\n<meta property=\"og:type\" content=\"article\" \/>\n<meta property=\"og:title\" content=\"Honest Toil - Griechisches Natives Oliven\u00f6l Extra - 5 Liter\" \/>\n<meta property=\"og:description\" content=\"Griechisches Extra Natives Oliven\u00f6l von allerh\u00f6chster Qualit\u00e4t, jetzt erh\u00e4ltlich in einer praktischen 5-Liter-Dose. Schneller DHL-Versand nach Deutschland.\" \/>\n<meta property=\"og:url\" content=\"https:\/\/www.heatsupply.nl\/de\/produkt\/honest-toil-griechisches-natives-olivenoel-extra-5-liter\/\" \/>\n<meta property=\"og:site_name\" content=\"Heatsupply\" \/>\n<meta property=\"article:publisher\" content=\"https:\/\/www.facebook.com\/heatsupplyNL\" \/>\n<meta property=\"article:modified_time\" content=\"2026-02-15T17:41:28+00:00\" \/>\n<meta property=\"og:image\" content=\"https:\/\/www.heatsupply.nl\/wp-content\/uploads\/2025\/10\/honest-toil-griekse-extra-vierge-olijfolie-5-liter.jpg\" \/>\n\t<meta property=\"og:image:width\" content=\"1400\" \/>\n\t<meta property=\"og:image:height\" content=\"1400\" \/>\n\t<meta property=\"og:image:type\" content=\"image\/jpeg\" \/>\n<meta name=\"twitter:card\" content=\"summary_large_image\" \/>\n<meta name=\"twitter:label1\" content=\"Preis\" \/>\n\t<meta name=\"twitter:data1\" content=\"&euro;85,95\" \/>\n\t<meta name=\"twitter:label2\" content=\"Verf\u00fcgbarkeit\" \/>\n\t<meta name=\"twitter:data2\" content=\"Auf Lager\" \/>\n<script type=\"application\/ld+json\" class=\"yoast-schema-graph\">{\"@context\":\"https:\\\/\\\/schema.org\",\"@graph\":[{\"@type\":\"WebPage\",\"@id\":\"https:\\\/\\\/www.heatsupply.nl\\\/de\\\/produkt\\\/honest-toil-griechisches-natives-olivenoel-extra-5-liter\\\/\",\"url\":\"https:\\\/\\\/www.heatsupply.nl\\\/de\\\/produkt\\\/honest-toil-griechisches-natives-olivenoel-extra-5-liter\\\/\",\"name\":\"Honest Toil - Griechisches Natives Oliven\u00f6l Extra - 5 Liter - Heatsupply\",\"isPartOf\":{\"@id\":\"https:\\\/\\\/www.heatsupply.nl\\\/de\\\/#website\"},\"primaryImageOfPage\":{\"@id\":\"https:\\\/\\\/www.heatsupply.nl\\\/de\\\/produkt\\\/honest-toil-griechisches-natives-olivenoel-extra-5-liter\\\/#primaryimage\"},\"image\":{\"@id\":\"https:\\\/\\\/www.heatsupply.nl\\\/de\\\/produkt\\\/honest-toil-griechisches-natives-olivenoel-extra-5-liter\\\/#primaryimage\"},\"thumbnailUrl\":\"https:\\\/\\\/www.heatsupply.nl\\\/wp-content\\\/uploads\\\/2025\\\/10\\\/honest-toil-griekse-extra-vierge-olijfolie-5-liter.jpg\",\"datePublished\":\"2025-10-16T07:57:22+00:00\",\"dateModified\":\"2026-02-15T17:41:28+00:00\",\"description\":\"Griechisches Extra Natives Oliven\u00f6l von allerh\u00f6chster Qualit\u00e4t, jetzt erh\u00e4ltlich in einer praktischen 5-Liter-Dose. Schneller DHL-Versand nach Deutschland.\",\"breadcrumb\":{\"@id\":\"https:\\\/\\\/www.heatsupply.nl\\\/de\\\/produkt\\\/honest-toil-griechisches-natives-olivenoel-extra-5-liter\\\/#breadcrumb\"},\"inLanguage\":\"de\",\"potentialAction\":[{\"@type\":\"ReadAction\",\"target\":[\"https:\\\/\\\/www.heatsupply.nl\\\/de\\\/produkt\\\/honest-toil-griechisches-natives-olivenoel-extra-5-liter\\\/\"]}]},{\"@type\":\"ImageObject\",\"inLanguage\":\"de\",\"@id\":\"https:\\\/\\\/www.heatsupply.nl\\\/de\\\/produkt\\\/honest-toil-griechisches-natives-olivenoel-extra-5-liter\\\/#primaryimage\",\"url\":\"https:\\\/\\\/www.heatsupply.nl\\\/wp-content\\\/uploads\\\/2025\\\/10\\\/honest-toil-griekse-extra-vierge-olijfolie-5-liter.jpg\",\"contentUrl\":\"https:\\\/\\\/www.heatsupply.nl\\\/wp-content\\\/uploads\\\/2025\\\/10\\\/honest-toil-griekse-extra-vierge-olijfolie-5-liter.jpg\",\"width\":1400,\"height\":1400},{\"@type\":\"BreadcrumbList\",\"@id\":\"https:\\\/\\\/www.heatsupply.nl\\\/de\\\/produkt\\\/honest-toil-griechisches-natives-olivenoel-extra-5-liter\\\/#breadcrumb\",\"itemListElement\":[{\"@type\":\"ListItem\",\"position\":1,\"name\":\"Home\",\"item\":\"https:\\\/\\\/www.heatsupply.nl\\\/de\\\/\"},{\"@type\":\"ListItem\",\"position\":2,\"name\":\"Alle produkten\",\"item\":\"https:\\\/\\\/www.heatsupply.nl\\\/de\\\/alle-produkten\\\/\"},{\"@type\":\"ListItem\",\"position\":3,\"name\":\"Andere produkte\",\"item\":\"https:\\\/\\\/www.heatsupply.nl\\\/de\\\/andere-produkte\\\/\"},{\"@type\":\"ListItem\",\"position\":4,\"name\":\"Oliven\u00f6l &amp; Essig\",\"item\":\"https:\\\/\\\/www.heatsupply.nl\\\/de\\\/andere-produkte\\\/oel-und-essig\\\/\"},{\"@type\":\"ListItem\",\"position\":5,\"name\":\"Honest Toil &#8211; Griechisches Natives Oliven\u00f6l Extra &#8211; 5 Liter\"}]},{\"@type\":\"WebSite\",\"@id\":\"https:\\\/\\\/www.heatsupply.nl\\\/de\\\/#website\",\"url\":\"https:\\\/\\\/www.heatsupply.nl\\\/de\\\/\",\"name\":\"Heatsupply\",\"description\":\"Hot sauce webstore #1 in Europe\",\"publisher\":{\"@id\":\"https:\\\/\\\/www.heatsupply.nl\\\/de\\\/#organization\"},\"potentialAction\":[{\"@type\":\"SearchAction\",\"target\":{\"@type\":\"EntryPoint\",\"urlTemplate\":\"https:\\\/\\\/www.heatsupply.nl\\\/de\\\/?s={search_term_string}\"},\"query-input\":{\"@type\":\"PropertyValueSpecification\",\"valueRequired\":true,\"valueName\":\"search_term_string\"}}],\"inLanguage\":\"de\"},{\"@type\":\"Organization\",\"@id\":\"https:\\\/\\\/www.heatsupply.nl\\\/de\\\/#organization\",\"name\":\"Heatsupply\",\"url\":\"https:\\\/\\\/www.heatsupply.nl\\\/de\\\/\",\"logo\":{\"@type\":\"ImageObject\",\"inLanguage\":\"de\",\"@id\":\"https:\\\/\\\/www.heatsupply.nl\\\/de\\\/#\\\/schema\\\/logo\\\/image\\\/\",\"url\":\"https:\\\/\\\/www.heatsupply.nl\\\/wp-content\\\/uploads\\\/2022\\\/10\\\/heatsupply-logo-rood.jpg\",\"contentUrl\":\"https:\\\/\\\/www.heatsupply.nl\\\/wp-content\\\/uploads\\\/2022\\\/10\\\/heatsupply-logo-rood.jpg\",\"width\":1000,\"height\":335,\"caption\":\"Heatsupply\"},\"image\":{\"@id\":\"https:\\\/\\\/www.heatsupply.nl\\\/de\\\/#\\\/schema\\\/logo\\\/image\\\/\"},\"sameAs\":[\"https:\\\/\\\/www.facebook.com\\\/heatsupplyNL\",\"https:\\\/\\\/www.instagram.com\\\/heatsuppy.nl\",\"https:\\\/\\\/www.youtube.com\\\/channel\\\/UC5pOWqQtljvxTz2SMWGWCsw\"]}]}<\/script>\n<meta property=\"product:price:amount\" content=\"85.95\" \/>\n<meta property=\"product:price:currency\" content=\"EUR\" \/>\n<meta property=\"og:availability\" content=\"instock\" \/>\n<meta property=\"product:availability\" content=\"instock\" \/>\n<meta property=\"product:retailer_item_id\" content=\"HT5L002\" \/>\n<meta property=\"product:condition\" content=\"new\" \/>\n<!-- \/ Yoast SEO Premium plugin. -->","yoast_head_json":{"title":"Honest Toil - Griechisches Natives Oliven\u00f6l Extra - 5 Liter - Heatsupply","description":"Griechisches Extra Natives Oliven\u00f6l von allerh\u00f6chster Qualit\u00e4t, jetzt erh\u00e4ltlich in einer praktischen 5-Liter-Dose. Schneller DHL-Versand nach Deutschland.","robots":{"index":"index","follow":"follow","max-snippet":"max-snippet:-1","max-image-preview":"max-image-preview:large","max-video-preview":"max-video-preview:-1"},"canonical":"https:\/\/www.heatsupply.nl\/de\/produkt\/honest-toil-griechisches-natives-olivenoel-extra-5-liter\/","og_locale":"de_DE","og_type":"article","og_title":"Honest Toil - Griechisches Natives Oliven\u00f6l Extra - 5 Liter","og_description":"Griechisches Extra Natives Oliven\u00f6l von allerh\u00f6chster Qualit\u00e4t, jetzt erh\u00e4ltlich in einer praktischen 5-Liter-Dose. Schneller DHL-Versand nach Deutschland.","og_url":"https:\/\/www.heatsupply.nl\/de\/produkt\/honest-toil-griechisches-natives-olivenoel-extra-5-liter\/","og_site_name":"Heatsupply","article_publisher":"https:\/\/www.facebook.com\/heatsupplyNL","article_modified_time":"2026-02-15T17:41:28+00:00","og_image":[{"width":1400,"height":1400,"url":"https:\/\/www.heatsupply.nl\/wp-content\/uploads\/2025\/10\/honest-toil-griekse-extra-vierge-olijfolie-5-liter.jpg","type":"image\/jpeg"}],"twitter_card":"summary_large_image","twitter_misc":{"Preis":"&euro;85,95","Verf\u00fcgbarkeit":"Auf Lager"},"schema":{"@context":"https:\/\/schema.org","@graph":[{"@type":"WebPage","@id":"https:\/\/www.heatsupply.nl\/de\/produkt\/honest-toil-griechisches-natives-olivenoel-extra-5-liter\/","url":"https:\/\/www.heatsupply.nl\/de\/produkt\/honest-toil-griechisches-natives-olivenoel-extra-5-liter\/","name":"Honest Toil - Griechisches Natives Oliven\u00f6l Extra - 5 Liter - Heatsupply","isPartOf":{"@id":"https:\/\/www.heatsupply.nl\/de\/#website"},"primaryImageOfPage":{"@id":"https:\/\/www.heatsupply.nl\/de\/produkt\/honest-toil-griechisches-natives-olivenoel-extra-5-liter\/#primaryimage"},"image":{"@id":"https:\/\/www.heatsupply.nl\/de\/produkt\/honest-toil-griechisches-natives-olivenoel-extra-5-liter\/#primaryimage"},"thumbnailUrl":"https:\/\/www.heatsupply.nl\/wp-content\/uploads\/2025\/10\/honest-toil-griekse-extra-vierge-olijfolie-5-liter.jpg","datePublished":"2025-10-16T07:57:22+00:00","dateModified":"2026-02-15T17:41:28+00:00","description":"Griechisches Extra Natives Oliven\u00f6l von allerh\u00f6chster Qualit\u00e4t, jetzt erh\u00e4ltlich in einer praktischen 5-Liter-Dose. Schneller DHL-Versand nach Deutschland.","breadcrumb":{"@id":"https:\/\/www.heatsupply.nl\/de\/produkt\/honest-toil-griechisches-natives-olivenoel-extra-5-liter\/#breadcrumb"},"inLanguage":"de","potentialAction":[{"@type":"ReadAction","target":["https:\/\/www.heatsupply.nl\/de\/produkt\/honest-toil-griechisches-natives-olivenoel-extra-5-liter\/"]}]},{"@type":"ImageObject","inLanguage":"de","@id":"https:\/\/www.heatsupply.nl\/de\/produkt\/honest-toil-griechisches-natives-olivenoel-extra-5-liter\/#primaryimage","url":"https:\/\/www.heatsupply.nl\/wp-content\/uploads\/2025\/10\/honest-toil-griekse-extra-vierge-olijfolie-5-liter.jpg","contentUrl":"https:\/\/www.heatsupply.nl\/wp-content\/uploads\/2025\/10\/honest-toil-griekse-extra-vierge-olijfolie-5-liter.jpg","width":1400,"height":1400},{"@type":"BreadcrumbList","@id":"https:\/\/www.heatsupply.nl\/de\/produkt\/honest-toil-griechisches-natives-olivenoel-extra-5-liter\/#breadcrumb","itemListElement":[{"@type":"ListItem","position":1,"name":"Home","item":"https:\/\/www.heatsupply.nl\/de\/"},{"@type":"ListItem","position":2,"name":"Alle produkten","item":"https:\/\/www.heatsupply.nl\/de\/alle-produkten\/"},{"@type":"ListItem","position":3,"name":"Andere produkte","item":"https:\/\/www.heatsupply.nl\/de\/andere-produkte\/"},{"@type":"ListItem","position":4,"name":"Oliven\u00f6l &amp; Essig","item":"https:\/\/www.heatsupply.nl\/de\/andere-produkte\/oel-und-essig\/"},{"@type":"ListItem","position":5,"name":"Honest Toil &#8211; Griechisches Natives Oliven\u00f6l Extra &#8211; 5 Liter"}]},{"@type":"WebSite","@id":"https:\/\/www.heatsupply.nl\/de\/#website","url":"https:\/\/www.heatsupply.nl\/de\/","name":"Heatsupply","description":"Hot sauce webstore #1 in Europe","publisher":{"@id":"https:\/\/www.heatsupply.nl\/de\/#organization"},"potentialAction":[{"@type":"SearchAction","target":{"@type":"EntryPoint","urlTemplate":"https:\/\/www.heatsupply.nl\/de\/?s={search_term_string}"},"query-input":{"@type":"PropertyValueSpecification","valueRequired":true,"valueName":"search_term_string"}}],"inLanguage":"de"},{"@type":"Organization","@id":"https:\/\/www.heatsupply.nl\/de\/#organization","name":"Heatsupply","url":"https:\/\/www.heatsupply.nl\/de\/","logo":{"@type":"ImageObject","inLanguage":"de","@id":"https:\/\/www.heatsupply.nl\/de\/#\/schema\/logo\/image\/","url":"https:\/\/www.heatsupply.nl\/wp-content\/uploads\/2022\/10\/heatsupply-logo-rood.jpg","contentUrl":"https:\/\/www.heatsupply.nl\/wp-content\/uploads\/2022\/10\/heatsupply-logo-rood.jpg","width":1000,"height":335,"caption":"Heatsupply"},"image":{"@id":"https:\/\/www.heatsupply.nl\/de\/#\/schema\/logo\/image\/"},"sameAs":["https:\/\/www.facebook.com\/heatsupplyNL","https:\/\/www.instagram.com\/heatsuppy.nl","https:\/\/www.youtube.com\/channel\/UC5pOWqQtljvxTz2SMWGWCsw"]}]},"product_price_amount":"85.95","product_price_currency":"EUR","og_availability":"instock","product_availability":"instock","product_retailer_item_id":"HT5L002","product_condition":"new"},"_links":{"self":[{"href":"https:\/\/www.heatsupply.nl\/de\/wp-json\/wp\/v2\/product\/187742","targetHints":{"allow":["GET"]}}],"collection":[{"href":"https:\/\/www.heatsupply.nl\/de\/wp-json\/wp\/v2\/product"}],"about":[{"href":"https:\/\/www.heatsupply.nl\/de\/wp-json\/wp\/v2\/types\/product"}],"replies":[{"embeddable":true,"href":"https:\/\/www.heatsupply.nl\/de\/wp-json\/wp\/v2\/comments?post=187742"}],"wp:featuredmedia":[{"embeddable":true,"href":"https:\/\/www.heatsupply.nl\/de\/wp-json\/wp\/v2\/media\/187446"}],"wp:attachment":[{"href":"https:\/\/www.heatsupply.nl\/de\/wp-json\/wp\/v2\/media?parent=187742"}],"wp:term":[{"taxonomy":"product_brand","embeddable":true,"href":"https:\/\/www.heatsupply.nl\/de\/wp-json\/wp\/v2\/product_brand?post=187742"},{"taxonomy":"product_cat","embeddable":true,"href":"https:\/\/www.heatsupply.nl\/de\/wp-json\/wp\/v2\/product_cat?post=187742"},{"taxonomy":"product_tag","embeddable":true,"href":"https:\/\/www.heatsupply.nl\/de\/wp-json\/wp\/v2\/product_tag?post=187742"}],"curies":[{"name":"wp","href":"https:\/\/api.w.org\/{rel}","templated":true}]}}