{"id":187204,"date":"2025-11-19T18:32:06","date_gmt":"2025-11-19T17:32:06","guid":{"rendered":"https:\/\/www.heatsupply.nl\/?post_type=product&#038;p=187204"},"modified":"2026-05-12T08:39:13","modified_gmt":"2026-05-12T06:39:13","slug":"per-de-man-sambal-kochbuch-pakket","status":"publish","type":"product","link":"https:\/\/www.heatsupply.nl\/de\/produkt\/per-de-man-sambal-kochbuch-pakket\/","title":{"rendered":"Per de Man Sambal &#038; Kochbuch Pakket"},"content":{"rendered":"<p style=\"text-align: justify;\">Dieses Paket enth\u00e4lt Perry de Mans Sambal und sein Kochbuch \u201e<a href=\"https:\/\/www.heatsupply.nl\/de\/produkt\/sama-sama-perry-de-man\/\"><strong>SAMA SAMA<\/strong><\/a>\u201c. Per de Man ist (TV)Koch und nat\u00fcrlich Host unserer eigenen <a href=\"https:\/\/www.youtube.com\/@heatsupply\"><strong>Foodshow<\/strong><\/a>. Au\u00dferdem leitete er eine Zeit lang De Toko in Rotterdam, wo er unter anderem sein eigenes Sambal-Rezept entwickelte.<\/p>\n","protected":false},"excerpt":{"rendered":"<p style=\"text-align: justify;\">Bist du ein gro\u00dfer Fan von Perry de Man? Wer nicht?! Dann musst du auf jeden Fall dieses Paket haben mit sowohl De Sambal van Perry de Man als auch seinem Kochbuch <a href=\"https:\/\/www.heatsupply.nl\/de\/produkt\/sama-sama-perry-de-man\/\"><strong>SAMA SAMA<\/strong><\/a>. Perry de Man ist (TV-)Koch und nat\u00fcrlich der Host unserer eigenen <a href=\"https:\/\/www.youtube.com\/@heatsupply\"><strong>Foodshow.<\/strong><\/a> Au\u00dferdem hat er eine Zeit lang De Toko in Rotterdam gef\u00fchrt, wo er u.a. sein Rezept f\u00fcr die Sambal entwickelt hat. Mehr Infos \u00fcber diese Sambal findest du weiter unten.<\/p>\n<p style=\"text-align: justify;\">De Toko spielte auch eine entscheidende Rolle bei der Entstehung seines Kochbuchs, denn das war der Ort, wo er viele indische und molukische Menschen kennenlernte und Freunde f\u00fcrs Leben fand. SAMA SAMA ist voll mit tollen Geschichten und Rezepten vom indischen und molukischen K\u00fcchentisch.<\/p>\n<p style=\"text-align: justify;\">Schnapp dir dieses Paket f\u00fcr dich selbst oder nat\u00fcrlich als Geschenk!<\/p>\n","protected":false},"featured_media":187194,"comment_status":"open","ping_status":"closed","template":"","meta":{"_acf_changed":false},"product_brand":[],"product_cat":[3968,4069,4019,4091,3903,4046,4073],"product_tag":[],"class_list":{"0":"post-187204","1":"product","2":"type-product","3":"status-publish","4":"has-post-thumbnail","6":"product_cat-geschenke","7":"product_cat-geschenksets","8":"product_cat-kochbuchen","9":"product_cat-perry-de-man","10":"product_cat-sambal","11":"product_cat-spicy","12":"product_cat-unter-50","14":"first","15":"instock","16":"sale","17":"virtual","18":"taxable","19":"purchasable","20":"product-type-bundle"},"bundled_by":[],"bundle_stock_status":"instock","bundle_stock_quantity":78,"bundle_virtual":false,"bundle_layout":"default","bundle_add_to_cart_form_location":"after_summary","bundle_editable_in_cart":false,"bundle_sold_individually_context":"product","bundle_item_grouping":"parent","bundle_min_size":"","bundle_max_size":"","bundle_price":{"price":{"min":{"incl_tax":"36.95","excl_tax":"33.899083"},"max":{"incl_tax":"36.95","excl_tax":"33.899083"}},"regular_price":{"min":{"incl_tax":"38.94","excl_tax":"35.724771"},"max":{"incl_tax":"38.94","excl_tax":"35.724771"}}},"bundled_items":[{"bundled_item_id":1694,"product_id":187181,"menu_order":0,"quantity_min":1,"quantity_max":1,"quantity_default":1,"priced_individually":false,"shipped_individually":false,"override_title":false,"title":"De Sambal &#8211; Per de Man","override_description":false,"description":"De Sambal &#8211; Per de Man","optional":false,"hide_thumbnail":false,"discount":"","override_variations":false,"allowed_variations":[""],"override_default_variation_attributes":false,"default_variation_attributes":[],"single_product_visibility":"visible","cart_visibility":"visible","order_visibility":"visible","single_product_price_visibility":"visible","cart_price_visibility":"visible","order_price_visibility":"visible","stock_status":"in_stock"},{"bundled_item_id":1695,"product_id":186944,"menu_order":1,"quantity_min":1,"quantity_max":1,"quantity_default":1,"priced_individually":false,"shipped_individually":false,"override_title":false,"title":"SAMA SAMA &#8211; Perry de Man","override_description":false,"description":"SAMA SAMA &#8211; Perry de Man","optional":false,"hide_thumbnail":false,"discount":"","override_variations":false,"allowed_variations":[""],"override_default_variation_attributes":false,"default_variation_attributes":[],"single_product_visibility":"visible","cart_visibility":"visible","order_visibility":"visible","single_product_price_visibility":"visible","cart_price_visibility":"visible","order_price_visibility":"visible","stock_status":"in_stock"}],"bundle_sell_ids":[],"acf":[],"yoast_head":"<!-- This site is optimized with the Yoast SEO Premium plugin v27.5 (Yoast SEO v27.5) - https:\/\/yoast.com\/product\/yoast-seo-premium-wordpress\/ -->\n<title>Per de Man Sambal &amp; Kochbuch Pakket - Heatsupply<\/title>\n<meta name=\"description\" content=\"Fan von Perry de Man? Dann musst du nat\u00fcrlich dieses Per de Man Sambal &amp; Kochbuch (SAMA SAMA) Paket haben. Auch super zum Verschenken!\" \/>\n<meta name=\"robots\" content=\"index, follow, max-snippet:-1, max-image-preview:large, max-video-preview:-1\" \/>\n<link rel=\"canonical\" href=\"https:\/\/www.heatsupply.nl\/de\/produkt\/per-de-man-sambal-kochbuch-pakket\/\" \/>\n<meta property=\"og:locale\" content=\"de_DE\" \/>\n<meta property=\"og:type\" content=\"article\" \/>\n<meta property=\"og:title\" content=\"Per de Man Sambal &amp; Kochbuch Pakket\" \/>\n<meta property=\"og:description\" content=\"Fan von Perry de Man? Dann musst du nat\u00fcrlich dieses Per de Man Sambal &amp; Kochbuch (SAMA SAMA) Paket haben. Auch super zum Verschenken!\" \/>\n<meta property=\"og:url\" content=\"https:\/\/www.heatsupply.nl\/de\/produkt\/per-de-man-sambal-kochbuch-pakket\/\" \/>\n<meta property=\"og:site_name\" content=\"Heatsupply\" \/>\n<meta property=\"article:publisher\" content=\"https:\/\/www.facebook.com\/heatsupplyNL\" \/>\n<meta property=\"article:modified_time\" content=\"2026-05-12T06:39:13+00:00\" \/>\n<meta property=\"og:image\" content=\"https:\/\/www.heatsupply.nl\/wp-content\/uploads\/2025\/10\/per-de-man-sambal-en-kookboek.jpg\" \/>\n\t<meta property=\"og:image:width\" content=\"1400\" \/>\n\t<meta property=\"og:image:height\" content=\"1400\" \/>\n\t<meta property=\"og:image:type\" content=\"image\/jpeg\" \/>\n<meta name=\"twitter:card\" content=\"summary_large_image\" \/>\n<meta name=\"twitter:label1\" content=\"Preis\" \/>\n\t<meta name=\"twitter:data1\" content=\"&euro;36,95\" \/>\n\t<meta name=\"twitter:label2\" content=\"Verf\u00fcgbarkeit\" \/>\n\t<meta name=\"twitter:data2\" content=\"Auf Lager\" \/>\n<script type=\"application\/ld+json\" class=\"yoast-schema-graph\">{\"@context\":\"https:\\\/\\\/schema.org\",\"@graph\":[{\"@type\":\"WebPage\",\"@id\":\"https:\\\/\\\/www.heatsupply.nl\\\/de\\\/produkt\\\/per-de-man-sambal-kochbuch-pakket\\\/\",\"url\":\"https:\\\/\\\/www.heatsupply.nl\\\/de\\\/produkt\\\/per-de-man-sambal-kochbuch-pakket\\\/\",\"name\":\"Per de Man Sambal & Kochbuch Pakket - Heatsupply\",\"isPartOf\":{\"@id\":\"https:\\\/\\\/www.heatsupply.nl\\\/de\\\/#website\"},\"primaryImageOfPage\":{\"@id\":\"https:\\\/\\\/www.heatsupply.nl\\\/de\\\/produkt\\\/per-de-man-sambal-kochbuch-pakket\\\/#primaryimage\"},\"image\":{\"@id\":\"https:\\\/\\\/www.heatsupply.nl\\\/de\\\/produkt\\\/per-de-man-sambal-kochbuch-pakket\\\/#primaryimage\"},\"thumbnailUrl\":\"https:\\\/\\\/www.heatsupply.nl\\\/wp-content\\\/uploads\\\/2025\\\/10\\\/per-de-man-sambal-en-kookboek.jpg\",\"datePublished\":\"2025-11-19T17:32:06+00:00\",\"dateModified\":\"2026-05-12T06:39:13+00:00\",\"description\":\"Fan von Perry de Man? Dann musst du nat\u00fcrlich dieses Per de Man Sambal & Kochbuch (SAMA SAMA) Paket haben. Auch super zum Verschenken!\",\"breadcrumb\":{\"@id\":\"https:\\\/\\\/www.heatsupply.nl\\\/de\\\/produkt\\\/per-de-man-sambal-kochbuch-pakket\\\/#breadcrumb\"},\"inLanguage\":\"de\",\"potentialAction\":[{\"@type\":\"ReadAction\",\"target\":[\"https:\\\/\\\/www.heatsupply.nl\\\/de\\\/produkt\\\/per-de-man-sambal-kochbuch-pakket\\\/\"]}]},{\"@type\":\"ImageObject\",\"inLanguage\":\"de\",\"@id\":\"https:\\\/\\\/www.heatsupply.nl\\\/de\\\/produkt\\\/per-de-man-sambal-kochbuch-pakket\\\/#primaryimage\",\"url\":\"https:\\\/\\\/www.heatsupply.nl\\\/wp-content\\\/uploads\\\/2025\\\/10\\\/per-de-man-sambal-en-kookboek.jpg\",\"contentUrl\":\"https:\\\/\\\/www.heatsupply.nl\\\/wp-content\\\/uploads\\\/2025\\\/10\\\/per-de-man-sambal-en-kookboek.jpg\",\"width\":1400,\"height\":1400,\"caption\":\"per de man sambal und kochbuch paket\"},{\"@type\":\"BreadcrumbList\",\"@id\":\"https:\\\/\\\/www.heatsupply.nl\\\/de\\\/produkt\\\/per-de-man-sambal-kochbuch-pakket\\\/#breadcrumb\",\"itemListElement\":[{\"@type\":\"ListItem\",\"position\":1,\"name\":\"Home\",\"item\":\"https:\\\/\\\/www.heatsupply.nl\\\/de\\\/\"},{\"@type\":\"ListItem\",\"position\":2,\"name\":\"Alle produkten\",\"item\":\"https:\\\/\\\/www.heatsupply.nl\\\/de\\\/alle-produkten\\\/\"},{\"@type\":\"ListItem\",\"position\":3,\"name\":\"Geschenke\",\"item\":\"https:\\\/\\\/www.heatsupply.nl\\\/de\\\/geschenke\\\/\"},{\"@type\":\"ListItem\",\"position\":4,\"name\":\"Unter \u20ac50\",\"item\":\"https:\\\/\\\/www.heatsupply.nl\\\/de\\\/geschenke\\\/unter-50\\\/\"},{\"@type\":\"ListItem\",\"position\":5,\"name\":\"Per de Man Sambal &#038; Kochbuch Pakket\"}]},{\"@type\":\"WebSite\",\"@id\":\"https:\\\/\\\/www.heatsupply.nl\\\/de\\\/#website\",\"url\":\"https:\\\/\\\/www.heatsupply.nl\\\/de\\\/\",\"name\":\"Heatsupply\",\"description\":\"Hot sauce webstore #1 in Europe\",\"publisher\":{\"@id\":\"https:\\\/\\\/www.heatsupply.nl\\\/de\\\/#organization\"},\"potentialAction\":[{\"@type\":\"SearchAction\",\"target\":{\"@type\":\"EntryPoint\",\"urlTemplate\":\"https:\\\/\\\/www.heatsupply.nl\\\/de\\\/?s={search_term_string}\"},\"query-input\":{\"@type\":\"PropertyValueSpecification\",\"valueRequired\":true,\"valueName\":\"search_term_string\"}}],\"inLanguage\":\"de\"},{\"@type\":\"Organization\",\"@id\":\"https:\\\/\\\/www.heatsupply.nl\\\/de\\\/#organization\",\"name\":\"Heatsupply\",\"url\":\"https:\\\/\\\/www.heatsupply.nl\\\/de\\\/\",\"logo\":{\"@type\":\"ImageObject\",\"inLanguage\":\"de\",\"@id\":\"https:\\\/\\\/www.heatsupply.nl\\\/de\\\/#\\\/schema\\\/logo\\\/image\\\/\",\"url\":\"https:\\\/\\\/www.heatsupply.nl\\\/wp-content\\\/uploads\\\/2022\\\/10\\\/heatsupply-logo-rood.jpg\",\"contentUrl\":\"https:\\\/\\\/www.heatsupply.nl\\\/wp-content\\\/uploads\\\/2022\\\/10\\\/heatsupply-logo-rood.jpg\",\"width\":1000,\"height\":335,\"caption\":\"Heatsupply\"},\"image\":{\"@id\":\"https:\\\/\\\/www.heatsupply.nl\\\/de\\\/#\\\/schema\\\/logo\\\/image\\\/\"},\"sameAs\":[\"https:\\\/\\\/www.facebook.com\\\/heatsupplyNL\",\"https:\\\/\\\/www.instagram.com\\\/heatsuppy.nl\",\"https:\\\/\\\/www.youtube.com\\\/channel\\\/UC5pOWqQtljvxTz2SMWGWCsw\"]}]}<\/script>\n<meta property=\"product:price:amount\" content=\"36.95\" \/>\n<meta property=\"product:price:currency\" content=\"EUR\" \/>\n<meta property=\"og:availability\" content=\"instock\" \/>\n<meta property=\"product:availability\" content=\"instock\" \/>\n<meta property=\"product:retailer_item_id\" content=\"SAMBALSAMA002\" \/>\n<meta property=\"product:condition\" content=\"new\" \/>\n<!-- \/ Yoast SEO Premium plugin. -->","yoast_head_json":{"title":"Per de Man Sambal & Kochbuch Pakket - Heatsupply","description":"Fan von Perry de Man? Dann musst du nat\u00fcrlich dieses Per de Man Sambal & Kochbuch (SAMA SAMA) Paket haben. Auch super zum Verschenken!","robots":{"index":"index","follow":"follow","max-snippet":"max-snippet:-1","max-image-preview":"max-image-preview:large","max-video-preview":"max-video-preview:-1"},"canonical":"https:\/\/www.heatsupply.nl\/de\/produkt\/per-de-man-sambal-kochbuch-pakket\/","og_locale":"de_DE","og_type":"article","og_title":"Per de Man Sambal & Kochbuch Pakket","og_description":"Fan von Perry de Man? Dann musst du nat\u00fcrlich dieses Per de Man Sambal & Kochbuch (SAMA SAMA) Paket haben. Auch super zum Verschenken!","og_url":"https:\/\/www.heatsupply.nl\/de\/produkt\/per-de-man-sambal-kochbuch-pakket\/","og_site_name":"Heatsupply","article_publisher":"https:\/\/www.facebook.com\/heatsupplyNL","article_modified_time":"2026-05-12T06:39:13+00:00","og_image":[{"width":1400,"height":1400,"url":"https:\/\/www.heatsupply.nl\/wp-content\/uploads\/2025\/10\/per-de-man-sambal-en-kookboek.jpg","type":"image\/jpeg"}],"twitter_card":"summary_large_image","twitter_misc":{"Preis":"&euro;36,95","Verf\u00fcgbarkeit":"Auf Lager"},"schema":{"@context":"https:\/\/schema.org","@graph":[{"@type":"WebPage","@id":"https:\/\/www.heatsupply.nl\/de\/produkt\/per-de-man-sambal-kochbuch-pakket\/","url":"https:\/\/www.heatsupply.nl\/de\/produkt\/per-de-man-sambal-kochbuch-pakket\/","name":"Per de Man Sambal & Kochbuch Pakket - Heatsupply","isPartOf":{"@id":"https:\/\/www.heatsupply.nl\/de\/#website"},"primaryImageOfPage":{"@id":"https:\/\/www.heatsupply.nl\/de\/produkt\/per-de-man-sambal-kochbuch-pakket\/#primaryimage"},"image":{"@id":"https:\/\/www.heatsupply.nl\/de\/produkt\/per-de-man-sambal-kochbuch-pakket\/#primaryimage"},"thumbnailUrl":"https:\/\/www.heatsupply.nl\/wp-content\/uploads\/2025\/10\/per-de-man-sambal-en-kookboek.jpg","datePublished":"2025-11-19T17:32:06+00:00","dateModified":"2026-05-12T06:39:13+00:00","description":"Fan von Perry de Man? Dann musst du nat\u00fcrlich dieses Per de Man Sambal & Kochbuch (SAMA SAMA) Paket haben. Auch super zum Verschenken!","breadcrumb":{"@id":"https:\/\/www.heatsupply.nl\/de\/produkt\/per-de-man-sambal-kochbuch-pakket\/#breadcrumb"},"inLanguage":"de","potentialAction":[{"@type":"ReadAction","target":["https:\/\/www.heatsupply.nl\/de\/produkt\/per-de-man-sambal-kochbuch-pakket\/"]}]},{"@type":"ImageObject","inLanguage":"de","@id":"https:\/\/www.heatsupply.nl\/de\/produkt\/per-de-man-sambal-kochbuch-pakket\/#primaryimage","url":"https:\/\/www.heatsupply.nl\/wp-content\/uploads\/2025\/10\/per-de-man-sambal-en-kookboek.jpg","contentUrl":"https:\/\/www.heatsupply.nl\/wp-content\/uploads\/2025\/10\/per-de-man-sambal-en-kookboek.jpg","width":1400,"height":1400,"caption":"per de man sambal und kochbuch paket"},{"@type":"BreadcrumbList","@id":"https:\/\/www.heatsupply.nl\/de\/produkt\/per-de-man-sambal-kochbuch-pakket\/#breadcrumb","itemListElement":[{"@type":"ListItem","position":1,"name":"Home","item":"https:\/\/www.heatsupply.nl\/de\/"},{"@type":"ListItem","position":2,"name":"Alle produkten","item":"https:\/\/www.heatsupply.nl\/de\/alle-produkten\/"},{"@type":"ListItem","position":3,"name":"Geschenke","item":"https:\/\/www.heatsupply.nl\/de\/geschenke\/"},{"@type":"ListItem","position":4,"name":"Unter \u20ac50","item":"https:\/\/www.heatsupply.nl\/de\/geschenke\/unter-50\/"},{"@type":"ListItem","position":5,"name":"Per de Man Sambal &#038; Kochbuch Pakket"}]},{"@type":"WebSite","@id":"https:\/\/www.heatsupply.nl\/de\/#website","url":"https:\/\/www.heatsupply.nl\/de\/","name":"Heatsupply","description":"Hot sauce webstore #1 in Europe","publisher":{"@id":"https:\/\/www.heatsupply.nl\/de\/#organization"},"potentialAction":[{"@type":"SearchAction","target":{"@type":"EntryPoint","urlTemplate":"https:\/\/www.heatsupply.nl\/de\/?s={search_term_string}"},"query-input":{"@type":"PropertyValueSpecification","valueRequired":true,"valueName":"search_term_string"}}],"inLanguage":"de"},{"@type":"Organization","@id":"https:\/\/www.heatsupply.nl\/de\/#organization","name":"Heatsupply","url":"https:\/\/www.heatsupply.nl\/de\/","logo":{"@type":"ImageObject","inLanguage":"de","@id":"https:\/\/www.heatsupply.nl\/de\/#\/schema\/logo\/image\/","url":"https:\/\/www.heatsupply.nl\/wp-content\/uploads\/2022\/10\/heatsupply-logo-rood.jpg","contentUrl":"https:\/\/www.heatsupply.nl\/wp-content\/uploads\/2022\/10\/heatsupply-logo-rood.jpg","width":1000,"height":335,"caption":"Heatsupply"},"image":{"@id":"https:\/\/www.heatsupply.nl\/de\/#\/schema\/logo\/image\/"},"sameAs":["https:\/\/www.facebook.com\/heatsupplyNL","https:\/\/www.instagram.com\/heatsuppy.nl","https:\/\/www.youtube.com\/channel\/UC5pOWqQtljvxTz2SMWGWCsw"]}]},"product_price_amount":"36.95","product_price_currency":"EUR","og_availability":"instock","product_availability":"instock","product_retailer_item_id":"SAMBALSAMA002","product_condition":"new"},"_links":{"self":[{"href":"https:\/\/www.heatsupply.nl\/de\/wp-json\/wp\/v2\/product\/187204","targetHints":{"allow":["GET"]}}],"collection":[{"href":"https:\/\/www.heatsupply.nl\/de\/wp-json\/wp\/v2\/product"}],"about":[{"href":"https:\/\/www.heatsupply.nl\/de\/wp-json\/wp\/v2\/types\/product"}],"replies":[{"embeddable":true,"href":"https:\/\/www.heatsupply.nl\/de\/wp-json\/wp\/v2\/comments?post=187204"}],"wp:featuredmedia":[{"embeddable":true,"href":"https:\/\/www.heatsupply.nl\/de\/wp-json\/wp\/v2\/media\/187194"}],"wp:attachment":[{"href":"https:\/\/www.heatsupply.nl\/de\/wp-json\/wp\/v2\/media?parent=187204"}],"wp:term":[{"taxonomy":"product_brand","embeddable":true,"href":"https:\/\/www.heatsupply.nl\/de\/wp-json\/wp\/v2\/product_brand?post=187204"},{"taxonomy":"product_cat","embeddable":true,"href":"https:\/\/www.heatsupply.nl\/de\/wp-json\/wp\/v2\/product_cat?post=187204"},{"taxonomy":"product_tag","embeddable":true,"href":"https:\/\/www.heatsupply.nl\/de\/wp-json\/wp\/v2\/product_tag?post=187204"}],"curies":[{"name":"wp","href":"https:\/\/api.w.org\/{rel}","templated":true}]}}