{"id":187181,"date":"2025-11-20T18:31:55","date_gmt":"2025-11-20T17:31:55","guid":{"rendered":"https:\/\/www.heatsupply.nl\/?post_type=product&#038;p=187181"},"modified":"2026-05-13T09:15:40","modified_gmt":"2026-05-13T07:15:40","slug":"de-sambal-per-de-man","status":"publish","type":"product","link":"https:\/\/www.heatsupply.nl\/de\/produkt\/de-sambal-per-de-man\/","title":{"rendered":"De Sambal &#8211; Per de Man"},"content":{"rendered":"<p><strong>De Sambal \u2013 Per de Man Zutaten<\/strong>: Zwiebeln, Chili (16 %), Sonnenblumen\u00f6l, Zuckersirup, Knoblauch, Tomatenmark, Ingwer, Zitronengras, Tamarindenwasser, Galgant, Limettenbl\u00e4tter, Kurkuma, Salz.<\/p>\n<p><span style=\"text-decoration: underline;\">N\u00e4hrwerte pro 100 g:<\/span><br \/>\nEnergie: 873 kJ\/209 kcal<br \/>\nFett: 15,0 g<br \/>\ndavon ges\u00e4ttigte Fetts\u00e4uren: 1,7 g<br \/>\nKohlenhydrate: 17,5 g<br \/>\ndavon Zucker: 14,5 g<br \/>\nEiwei\u00df: 1,6 g<br \/>\nSalz: 0,7 g<\/p>\n<p>Gek\u00fchlt lagern. Nach dem \u00d6ffnen nur begrenzt haltbar.<\/p>\n","protected":false},"excerpt":{"rendered":"<p style=\"text-align: justify;\">Hier ist er endlich: De Sambal von Perry de Man! Der Rotterdamer (TV-)Koch und Host unserer <a href=\"https:\/\/www.youtube.com\/@heatsupply\"><strong>eigenen Foodshow<\/strong><\/a> hat (zusammen mit uns) dieses Sambal entwickelt, basierend auf Pers eigenem Toko-Rezept. Sch\u00f6n scharf, s\u00fc\u00df &amp; frisch. Scharf durch die leckeren Chilis, die drin sind, s\u00fc\u00df durch die Zwiebel &amp; Zucker und frisch durch das Limettenblatt, Zitronengras und Ingwer. Knoblauch, Tomate, Galgant und Kurkuma machen es komplett und wir trauen uns zu sagen, dass dies dein neues Lieblings-Sambal wird.<\/p>\n<p style=\"text-align: justify;\">Wie Per selbst sagt: kein Schnickschnack, einfach verdammt gutes Sambal! Jetzt k\u00f6nnten wir dir alle m\u00f6glichen Tipps geben, wie du es verwenden kannst, aber eigentlich macht dieses Zeug einfach alles lecker. Von einer Rijsttafel bis zum simpelsten Sandwich, schmei\u00df das Sambal von Perry de Man dr\u00fcber und es wird besser.<\/p>\n<ul>\n<li style=\"text-align: justify;\">Herkunft: Niederlande<\/li>\n<li style=\"text-align: justify;\">Inhalt: 200 ml<\/li>\n<\/ul>\n","protected":false},"featured_media":187197,"comment_status":"open","ping_status":"closed","template":"","meta":{"_acf_changed":false},"product_brand":[],"product_cat":[4091,3903,4046,3788],"product_tag":[],"class_list":{"0":"post-187181","1":"product","2":"type-product","3":"status-publish","4":"has-post-thumbnail","6":"product_cat-perry-de-man","7":"product_cat-sambal","8":"product_cat-spicy","9":"product_cat-top-10","11":"first","12":"instock","13":"taxable","14":"shipping-taxable","15":"purchasable","16":"product-type-simple"},"bundled_by":["187204","190778","141217"],"bundle_stock_status":"instock","bundle_stock_quantity":91,"bundle_virtual":false,"bundle_layout":"","bundle_add_to_cart_form_location":"","bundle_editable_in_cart":false,"bundle_sold_individually_context":"","bundle_item_grouping":"","bundle_min_size":"","bundle_max_size":"","bundle_price":[],"bundled_items":[],"bundle_sell_ids":[],"acf":[],"yoast_head":"<!-- This site is optimized with the Yoast SEO Premium plugin v27.5 (Yoast SEO v27.5) - https:\/\/yoast.com\/product\/yoast-seo-premium-wordpress\/ -->\n<title>De Sambal - Per de Man - Heatsupply<\/title>\n<meta name=\"description\" content=\"Hier ist es: Per de Mans Sambal! Basierend auf seinem beliebten Toko-Rezept. W\u00fcrzig, s\u00fc\u00df und erfrischend. Kein Schnickschnack, einfach ein fantastisches Sambal!\" \/>\n<meta name=\"robots\" content=\"index, follow, max-snippet:-1, max-image-preview:large, max-video-preview:-1\" \/>\n<link rel=\"canonical\" href=\"https:\/\/www.heatsupply.nl\/de\/produkt\/de-sambal-per-de-man\/\" \/>\n<meta property=\"og:locale\" content=\"de_DE\" \/>\n<meta property=\"og:type\" content=\"article\" \/>\n<meta property=\"og:title\" content=\"De Sambal - Per de Man\" \/>\n<meta property=\"og:description\" content=\"Hier ist es: Per de Mans Sambal! Basierend auf seinem beliebten Toko-Rezept. W\u00fcrzig, s\u00fc\u00df und erfrischend. Kein Schnickschnack, einfach ein fantastisches Sambal!\" \/>\n<meta property=\"og:url\" content=\"https:\/\/www.heatsupply.nl\/de\/produkt\/de-sambal-per-de-man\/\" \/>\n<meta property=\"og:site_name\" content=\"Heatsupply\" \/>\n<meta property=\"article:publisher\" content=\"https:\/\/www.facebook.com\/heatsupplyNL\" \/>\n<meta property=\"article:modified_time\" content=\"2026-05-13T07:15:40+00:00\" \/>\n<meta property=\"og:image\" content=\"https:\/\/www.heatsupply.nl\/wp-content\/uploads\/2025\/10\/de-sambal-per-de-man.jpg\" \/>\n\t<meta property=\"og:image:width\" content=\"1400\" \/>\n\t<meta property=\"og:image:height\" content=\"1400\" \/>\n\t<meta property=\"og:image:type\" content=\"image\/jpeg\" \/>\n<meta name=\"twitter:card\" content=\"summary_large_image\" \/>\n<meta name=\"twitter:label1\" content=\"Preis\" \/>\n\t<meta name=\"twitter:data1\" content=\"&euro;8,95\" \/>\n\t<meta name=\"twitter:label2\" content=\"Verf\u00fcgbarkeit\" \/>\n\t<meta name=\"twitter:data2\" content=\"Auf Lager\" \/>\n<script type=\"application\/ld+json\" class=\"yoast-schema-graph\">{\"@context\":\"https:\\\/\\\/schema.org\",\"@graph\":[{\"@type\":\"WebPage\",\"@id\":\"https:\\\/\\\/www.heatsupply.nl\\\/de\\\/produkt\\\/de-sambal-per-de-man\\\/\",\"url\":\"https:\\\/\\\/www.heatsupply.nl\\\/de\\\/produkt\\\/de-sambal-per-de-man\\\/\",\"name\":\"De Sambal - Per de Man - Heatsupply\",\"isPartOf\":{\"@id\":\"https:\\\/\\\/www.heatsupply.nl\\\/de\\\/#website\"},\"primaryImageOfPage\":{\"@id\":\"https:\\\/\\\/www.heatsupply.nl\\\/de\\\/produkt\\\/de-sambal-per-de-man\\\/#primaryimage\"},\"image\":{\"@id\":\"https:\\\/\\\/www.heatsupply.nl\\\/de\\\/produkt\\\/de-sambal-per-de-man\\\/#primaryimage\"},\"thumbnailUrl\":\"https:\\\/\\\/www.heatsupply.nl\\\/wp-content\\\/uploads\\\/2025\\\/10\\\/de-sambal-per-de-man.jpg\",\"datePublished\":\"2025-11-20T17:31:55+00:00\",\"dateModified\":\"2026-05-13T07:15:40+00:00\",\"description\":\"Hier ist es: Per de Mans Sambal! Basierend auf seinem beliebten Toko-Rezept. W\u00fcrzig, s\u00fc\u00df und erfrischend. Kein Schnickschnack, einfach ein fantastisches Sambal!\",\"breadcrumb\":{\"@id\":\"https:\\\/\\\/www.heatsupply.nl\\\/de\\\/produkt\\\/de-sambal-per-de-man\\\/#breadcrumb\"},\"inLanguage\":\"de\",\"potentialAction\":[{\"@type\":\"ReadAction\",\"target\":[\"https:\\\/\\\/www.heatsupply.nl\\\/de\\\/produkt\\\/de-sambal-per-de-man\\\/\"]}]},{\"@type\":\"ImageObject\",\"inLanguage\":\"de\",\"@id\":\"https:\\\/\\\/www.heatsupply.nl\\\/de\\\/produkt\\\/de-sambal-per-de-man\\\/#primaryimage\",\"url\":\"https:\\\/\\\/www.heatsupply.nl\\\/wp-content\\\/uploads\\\/2025\\\/10\\\/de-sambal-per-de-man.jpg\",\"contentUrl\":\"https:\\\/\\\/www.heatsupply.nl\\\/wp-content\\\/uploads\\\/2025\\\/10\\\/de-sambal-per-de-man.jpg\",\"width\":1400,\"height\":1400,\"caption\":\"de sambal per de man heatsupply\"},{\"@type\":\"BreadcrumbList\",\"@id\":\"https:\\\/\\\/www.heatsupply.nl\\\/de\\\/produkt\\\/de-sambal-per-de-man\\\/#breadcrumb\",\"itemListElement\":[{\"@type\":\"ListItem\",\"position\":1,\"name\":\"Home\",\"item\":\"https:\\\/\\\/www.heatsupply.nl\\\/de\\\/\"},{\"@type\":\"ListItem\",\"position\":2,\"name\":\"Alle produkten\",\"item\":\"https:\\\/\\\/www.heatsupply.nl\\\/de\\\/alle-produkten\\\/\"},{\"@type\":\"ListItem\",\"position\":3,\"name\":\"Scharfe So\u00dfen\",\"item\":\"https:\\\/\\\/www.heatsupply.nl\\\/de\\\/scharfe-sossen\\\/\"},{\"@type\":\"ListItem\",\"position\":4,\"name\":\"Top 10\",\"item\":\"https:\\\/\\\/www.heatsupply.nl\\\/de\\\/scharfe-sossen\\\/top-10\\\/\"},{\"@type\":\"ListItem\",\"position\":5,\"name\":\"De Sambal &#8211; Per de Man\"}]},{\"@type\":\"WebSite\",\"@id\":\"https:\\\/\\\/www.heatsupply.nl\\\/de\\\/#website\",\"url\":\"https:\\\/\\\/www.heatsupply.nl\\\/de\\\/\",\"name\":\"Heatsupply\",\"description\":\"Hot sauce webstore #1 in Europe\",\"publisher\":{\"@id\":\"https:\\\/\\\/www.heatsupply.nl\\\/de\\\/#organization\"},\"potentialAction\":[{\"@type\":\"SearchAction\",\"target\":{\"@type\":\"EntryPoint\",\"urlTemplate\":\"https:\\\/\\\/www.heatsupply.nl\\\/de\\\/?s={search_term_string}\"},\"query-input\":{\"@type\":\"PropertyValueSpecification\",\"valueRequired\":true,\"valueName\":\"search_term_string\"}}],\"inLanguage\":\"de\"},{\"@type\":\"Organization\",\"@id\":\"https:\\\/\\\/www.heatsupply.nl\\\/de\\\/#organization\",\"name\":\"Heatsupply\",\"url\":\"https:\\\/\\\/www.heatsupply.nl\\\/de\\\/\",\"logo\":{\"@type\":\"ImageObject\",\"inLanguage\":\"de\",\"@id\":\"https:\\\/\\\/www.heatsupply.nl\\\/de\\\/#\\\/schema\\\/logo\\\/image\\\/\",\"url\":\"https:\\\/\\\/www.heatsupply.nl\\\/wp-content\\\/uploads\\\/2022\\\/10\\\/heatsupply-logo-rood.jpg\",\"contentUrl\":\"https:\\\/\\\/www.heatsupply.nl\\\/wp-content\\\/uploads\\\/2022\\\/10\\\/heatsupply-logo-rood.jpg\",\"width\":1000,\"height\":335,\"caption\":\"Heatsupply\"},\"image\":{\"@id\":\"https:\\\/\\\/www.heatsupply.nl\\\/de\\\/#\\\/schema\\\/logo\\\/image\\\/\"},\"sameAs\":[\"https:\\\/\\\/www.facebook.com\\\/heatsupplyNL\",\"https:\\\/\\\/www.instagram.com\\\/heatsuppy.nl\",\"https:\\\/\\\/www.youtube.com\\\/channel\\\/UC5pOWqQtljvxTz2SMWGWCsw\"]}]}<\/script>\n<meta property=\"product:price:amount\" content=\"8.95\" \/>\n<meta property=\"product:price:currency\" content=\"EUR\" \/>\n<meta property=\"og:availability\" content=\"instock\" \/>\n<meta property=\"product:availability\" content=\"instock\" \/>\n<meta property=\"product:retailer_item_id\" content=\"DESAMBAL007\" \/>\n<meta property=\"product:condition\" content=\"new\" \/>\n<!-- \/ Yoast SEO Premium plugin. -->","yoast_head_json":{"title":"De Sambal - Per de Man - Heatsupply","description":"Hier ist es: Per de Mans Sambal! Basierend auf seinem beliebten Toko-Rezept. W\u00fcrzig, s\u00fc\u00df und erfrischend. Kein Schnickschnack, einfach ein fantastisches Sambal!","robots":{"index":"index","follow":"follow","max-snippet":"max-snippet:-1","max-image-preview":"max-image-preview:large","max-video-preview":"max-video-preview:-1"},"canonical":"https:\/\/www.heatsupply.nl\/de\/produkt\/de-sambal-per-de-man\/","og_locale":"de_DE","og_type":"article","og_title":"De Sambal - Per de Man","og_description":"Hier ist es: Per de Mans Sambal! Basierend auf seinem beliebten Toko-Rezept. W\u00fcrzig, s\u00fc\u00df und erfrischend. Kein Schnickschnack, einfach ein fantastisches Sambal!","og_url":"https:\/\/www.heatsupply.nl\/de\/produkt\/de-sambal-per-de-man\/","og_site_name":"Heatsupply","article_publisher":"https:\/\/www.facebook.com\/heatsupplyNL","article_modified_time":"2026-05-13T07:15:40+00:00","og_image":[{"width":1400,"height":1400,"url":"https:\/\/www.heatsupply.nl\/wp-content\/uploads\/2025\/10\/de-sambal-per-de-man.jpg","type":"image\/jpeg"}],"twitter_card":"summary_large_image","twitter_misc":{"Preis":"&euro;8,95","Verf\u00fcgbarkeit":"Auf Lager"},"schema":{"@context":"https:\/\/schema.org","@graph":[{"@type":"WebPage","@id":"https:\/\/www.heatsupply.nl\/de\/produkt\/de-sambal-per-de-man\/","url":"https:\/\/www.heatsupply.nl\/de\/produkt\/de-sambal-per-de-man\/","name":"De Sambal - Per de Man - Heatsupply","isPartOf":{"@id":"https:\/\/www.heatsupply.nl\/de\/#website"},"primaryImageOfPage":{"@id":"https:\/\/www.heatsupply.nl\/de\/produkt\/de-sambal-per-de-man\/#primaryimage"},"image":{"@id":"https:\/\/www.heatsupply.nl\/de\/produkt\/de-sambal-per-de-man\/#primaryimage"},"thumbnailUrl":"https:\/\/www.heatsupply.nl\/wp-content\/uploads\/2025\/10\/de-sambal-per-de-man.jpg","datePublished":"2025-11-20T17:31:55+00:00","dateModified":"2026-05-13T07:15:40+00:00","description":"Hier ist es: Per de Mans Sambal! Basierend auf seinem beliebten Toko-Rezept. W\u00fcrzig, s\u00fc\u00df und erfrischend. Kein Schnickschnack, einfach ein fantastisches Sambal!","breadcrumb":{"@id":"https:\/\/www.heatsupply.nl\/de\/produkt\/de-sambal-per-de-man\/#breadcrumb"},"inLanguage":"de","potentialAction":[{"@type":"ReadAction","target":["https:\/\/www.heatsupply.nl\/de\/produkt\/de-sambal-per-de-man\/"]}]},{"@type":"ImageObject","inLanguage":"de","@id":"https:\/\/www.heatsupply.nl\/de\/produkt\/de-sambal-per-de-man\/#primaryimage","url":"https:\/\/www.heatsupply.nl\/wp-content\/uploads\/2025\/10\/de-sambal-per-de-man.jpg","contentUrl":"https:\/\/www.heatsupply.nl\/wp-content\/uploads\/2025\/10\/de-sambal-per-de-man.jpg","width":1400,"height":1400,"caption":"de sambal per de man heatsupply"},{"@type":"BreadcrumbList","@id":"https:\/\/www.heatsupply.nl\/de\/produkt\/de-sambal-per-de-man\/#breadcrumb","itemListElement":[{"@type":"ListItem","position":1,"name":"Home","item":"https:\/\/www.heatsupply.nl\/de\/"},{"@type":"ListItem","position":2,"name":"Alle produkten","item":"https:\/\/www.heatsupply.nl\/de\/alle-produkten\/"},{"@type":"ListItem","position":3,"name":"Scharfe So\u00dfen","item":"https:\/\/www.heatsupply.nl\/de\/scharfe-sossen\/"},{"@type":"ListItem","position":4,"name":"Top 10","item":"https:\/\/www.heatsupply.nl\/de\/scharfe-sossen\/top-10\/"},{"@type":"ListItem","position":5,"name":"De Sambal &#8211; Per de Man"}]},{"@type":"WebSite","@id":"https:\/\/www.heatsupply.nl\/de\/#website","url":"https:\/\/www.heatsupply.nl\/de\/","name":"Heatsupply","description":"Hot sauce webstore #1 in Europe","publisher":{"@id":"https:\/\/www.heatsupply.nl\/de\/#organization"},"potentialAction":[{"@type":"SearchAction","target":{"@type":"EntryPoint","urlTemplate":"https:\/\/www.heatsupply.nl\/de\/?s={search_term_string}"},"query-input":{"@type":"PropertyValueSpecification","valueRequired":true,"valueName":"search_term_string"}}],"inLanguage":"de"},{"@type":"Organization","@id":"https:\/\/www.heatsupply.nl\/de\/#organization","name":"Heatsupply","url":"https:\/\/www.heatsupply.nl\/de\/","logo":{"@type":"ImageObject","inLanguage":"de","@id":"https:\/\/www.heatsupply.nl\/de\/#\/schema\/logo\/image\/","url":"https:\/\/www.heatsupply.nl\/wp-content\/uploads\/2022\/10\/heatsupply-logo-rood.jpg","contentUrl":"https:\/\/www.heatsupply.nl\/wp-content\/uploads\/2022\/10\/heatsupply-logo-rood.jpg","width":1000,"height":335,"caption":"Heatsupply"},"image":{"@id":"https:\/\/www.heatsupply.nl\/de\/#\/schema\/logo\/image\/"},"sameAs":["https:\/\/www.facebook.com\/heatsupplyNL","https:\/\/www.instagram.com\/heatsuppy.nl","https:\/\/www.youtube.com\/channel\/UC5pOWqQtljvxTz2SMWGWCsw"]}]},"product_price_amount":"8.95","product_price_currency":"EUR","og_availability":"instock","product_availability":"instock","product_retailer_item_id":"DESAMBAL007","product_condition":"new"},"_links":{"self":[{"href":"https:\/\/www.heatsupply.nl\/de\/wp-json\/wp\/v2\/product\/187181","targetHints":{"allow":["GET"]}}],"collection":[{"href":"https:\/\/www.heatsupply.nl\/de\/wp-json\/wp\/v2\/product"}],"about":[{"href":"https:\/\/www.heatsupply.nl\/de\/wp-json\/wp\/v2\/types\/product"}],"replies":[{"embeddable":true,"href":"https:\/\/www.heatsupply.nl\/de\/wp-json\/wp\/v2\/comments?post=187181"}],"wp:featuredmedia":[{"embeddable":true,"href":"https:\/\/www.heatsupply.nl\/de\/wp-json\/wp\/v2\/media\/187197"}],"wp:attachment":[{"href":"https:\/\/www.heatsupply.nl\/de\/wp-json\/wp\/v2\/media?parent=187181"}],"wp:term":[{"taxonomy":"product_brand","embeddable":true,"href":"https:\/\/www.heatsupply.nl\/de\/wp-json\/wp\/v2\/product_brand?post=187181"},{"taxonomy":"product_cat","embeddable":true,"href":"https:\/\/www.heatsupply.nl\/de\/wp-json\/wp\/v2\/product_cat?post=187181"},{"taxonomy":"product_tag","embeddable":true,"href":"https:\/\/www.heatsupply.nl\/de\/wp-json\/wp\/v2\/product_tag?post=187181"}],"curies":[{"name":"wp","href":"https:\/\/api.w.org\/{rel}","templated":true}]}}