{"id":186944,"date":"2025-10-06T14:53:02","date_gmt":"2025-10-06T12:53:02","guid":{"rendered":"https:\/\/www.heatsupply.nl\/product\/sama-sama-perry-de-man\/"},"modified":"2025-10-25T20:55:37","modified_gmt":"2025-10-25T18:55:37","slug":"sama-sama-perry-de-man","status":"publish","type":"product","link":"https:\/\/www.heatsupply.nl\/de\/produkt\/sama-sama-perry-de-man\/","title":{"rendered":"SAMA SAMA &#8211; Perry de Man"},"content":{"rendered":"<ul>\n<li>Autor: Perry de Man<\/li>\n<li>Seitenzahl: 210<\/li>\n<li>Verlag: Becht<\/li>\n<li>Erscheinungsdatum: 26. September 2025<\/li>\n<li>EAN: 9789023017318<\/li>\n<\/ul>\n","protected":false},"excerpt":{"rendered":"<p style=\"text-align: justify;\">Perry de Man ist nat\u00fcrlich der <em>Host with the Most<\/em> unserer <a href=\"https:\/\/www.youtube.com\/@heatsupply\"><strong>eigenen Foodshow<\/strong><\/a>, (TV-)Koch und Kochbuchautor. Jahrelang f\u00fchrte er De Toko in Rotterdam, wo er viele indonesische und molukische Menschen kennenlernte und Freunde f\u00fcrs Leben fand. In diesem Buch geht es nicht um ihn, sondern um die Menschen, denen er eine Stimme gibt.<\/p>\n<p style=\"text-align: justify;\">Dieses Kochbuch erz\u00e4hlt n\u00e4mlich die ungefilterte Geschichte der indonesischen und molukischen Esskultur in den Niederlanden. Diese K\u00fcchen sind n\u00e4mlich so viel mehr als nur eine Sammlung von Rezepten. In SAMA SAMA setzt sich Perry de Man an elf indonesische und molukische K\u00fcchentische, wo Geschichten von fr\u00fcher und charakteristische Familienrezepte geteilt werden. N\u00fcchtern, ohne Schnickschnack, einfach so wie das Leben lief und wuchs.<\/p>\n<p style=\"text-align: justify;\">Probier Vanjas Rendang mit Polenta, koste Ricks Nasi Goreng mit Corned Beef, oder serviere Fr\u00e9d\u00e9riques indonesischen Hutspot mit B\u00e4llchen \u2013 nat\u00fcrlich mit Sambal von De Toko. Indonesische und molukische Gerichte, wie du sie noch nie zuvor aufgeschrieben gesehen hast, mit Einfl\u00fcssen aus allen Ecken der Welt. Mit diesem Buch hast du ein besonderes St\u00fcck Kultur in den H\u00e4nden!<\/p>\n<p>Dieses Buch ist auf Niederl\u00e4ndisch geschrieben.<\/p>\n","protected":false},"featured_media":186915,"comment_status":"open","ping_status":"closed","template":"","meta":{"_acf_changed":false},"product_brand":[],"product_cat":[4042,3968,4019,4091,4071,4073],"product_tag":[],"class_list":{"0":"post-186944","1":"product","2":"type-product","3":"status-publish","4":"has-post-thumbnail","6":"product_cat-andere-produkte","7":"product_cat-geschenke","8":"product_cat-kochbuchen","9":"product_cat-perry-de-man","10":"product_cat-unter-30","11":"product_cat-unter-50","13":"first","14":"instock","15":"taxable","16":"shipping-taxable","17":"purchasable","18":"product-type-simple"},"bundled_by":["187204"],"bundle_stock_status":"instock","bundle_stock_quantity":29,"bundle_virtual":false,"bundle_layout":"","bundle_add_to_cart_form_location":"","bundle_editable_in_cart":false,"bundle_sold_individually_context":"","bundle_item_grouping":"","bundle_min_size":"","bundle_max_size":"","bundle_price":[],"bundled_items":[],"bundle_sell_ids":[],"acf":[],"yoast_head":"<!-- This site is optimized with the Yoast SEO Premium plugin v27.5 (Yoast SEO v27.5) - https:\/\/yoast.com\/product\/yoast-seo-premium-wordpress\/ -->\n<title>SAMA SAMA - Perry de Man - Heatsupply<\/title>\n<meta name=\"description\" content=\"SAMA SAMA ist das Kochbuch von Perry de Man, Fernsehkoch und nat\u00fcrlich Moderator unserer eigenen Kochshow. Wahre Geschichten aus der indonesischen und molukkischen Esskultur!\" \/>\n<meta name=\"robots\" content=\"index, follow, max-snippet:-1, max-image-preview:large, max-video-preview:-1\" \/>\n<link rel=\"canonical\" href=\"https:\/\/www.heatsupply.nl\/de\/produkt\/sama-sama-perry-de-man\/\" \/>\n<meta property=\"og:locale\" content=\"de_DE\" \/>\n<meta property=\"og:type\" content=\"article\" \/>\n<meta property=\"og:title\" content=\"SAMA SAMA - Perry de Man\" \/>\n<meta property=\"og:description\" content=\"SAMA SAMA ist das Kochbuch von Perry de Man, Fernsehkoch und nat\u00fcrlich Moderator unserer eigenen Kochshow. Wahre Geschichten aus der indonesischen und molukkischen Esskultur!\" \/>\n<meta property=\"og:url\" content=\"https:\/\/www.heatsupply.nl\/de\/produkt\/sama-sama-perry-de-man\/\" \/>\n<meta property=\"og:site_name\" content=\"Heatsupply\" \/>\n<meta property=\"article:publisher\" content=\"https:\/\/www.facebook.com\/heatsupplyNL\" \/>\n<meta property=\"article:modified_time\" content=\"2025-10-25T18:55:37+00:00\" \/>\n<meta property=\"og:image\" content=\"https:\/\/www.heatsupply.nl\/wp-content\/uploads\/2025\/10\/perry-de-man-kookboek-sama-sama.jpg\" \/>\n\t<meta property=\"og:image:width\" content=\"1400\" \/>\n\t<meta property=\"og:image:height\" content=\"1400\" \/>\n\t<meta property=\"og:image:type\" content=\"image\/jpeg\" \/>\n<meta name=\"twitter:card\" content=\"summary_large_image\" \/>\n<meta name=\"twitter:label1\" content=\"Preis\" \/>\n\t<meta name=\"twitter:data1\" content=\"&euro;29,99\" \/>\n\t<meta name=\"twitter:label2\" content=\"Verf\u00fcgbarkeit\" \/>\n\t<meta name=\"twitter:data2\" content=\"Auf Lager\" \/>\n<script type=\"application\/ld+json\" class=\"yoast-schema-graph\">{\"@context\":\"https:\\\/\\\/schema.org\",\"@graph\":[{\"@type\":\"WebPage\",\"@id\":\"https:\\\/\\\/www.heatsupply.nl\\\/de\\\/produkt\\\/sama-sama-perry-de-man\\\/\",\"url\":\"https:\\\/\\\/www.heatsupply.nl\\\/de\\\/produkt\\\/sama-sama-perry-de-man\\\/\",\"name\":\"SAMA SAMA - Perry de Man - Heatsupply\",\"isPartOf\":{\"@id\":\"https:\\\/\\\/www.heatsupply.nl\\\/de\\\/#website\"},\"primaryImageOfPage\":{\"@id\":\"https:\\\/\\\/www.heatsupply.nl\\\/de\\\/produkt\\\/sama-sama-perry-de-man\\\/#primaryimage\"},\"image\":{\"@id\":\"https:\\\/\\\/www.heatsupply.nl\\\/de\\\/produkt\\\/sama-sama-perry-de-man\\\/#primaryimage\"},\"thumbnailUrl\":\"https:\\\/\\\/www.heatsupply.nl\\\/wp-content\\\/uploads\\\/2025\\\/10\\\/perry-de-man-kookboek-sama-sama.jpg\",\"datePublished\":\"2025-10-06T12:53:02+00:00\",\"dateModified\":\"2025-10-25T18:55:37+00:00\",\"description\":\"SAMA SAMA ist das Kochbuch von Perry de Man, Fernsehkoch und nat\u00fcrlich Moderator unserer eigenen Kochshow. Wahre Geschichten aus der indonesischen und molukkischen Esskultur!\",\"breadcrumb\":{\"@id\":\"https:\\\/\\\/www.heatsupply.nl\\\/de\\\/produkt\\\/sama-sama-perry-de-man\\\/#breadcrumb\"},\"inLanguage\":\"de\",\"potentialAction\":[{\"@type\":\"ReadAction\",\"target\":[\"https:\\\/\\\/www.heatsupply.nl\\\/de\\\/produkt\\\/sama-sama-perry-de-man\\\/\"]}]},{\"@type\":\"ImageObject\",\"inLanguage\":\"de\",\"@id\":\"https:\\\/\\\/www.heatsupply.nl\\\/de\\\/produkt\\\/sama-sama-perry-de-man\\\/#primaryimage\",\"url\":\"https:\\\/\\\/www.heatsupply.nl\\\/wp-content\\\/uploads\\\/2025\\\/10\\\/perry-de-man-kookboek-sama-sama.jpg\",\"contentUrl\":\"https:\\\/\\\/www.heatsupply.nl\\\/wp-content\\\/uploads\\\/2025\\\/10\\\/perry-de-man-kookboek-sama-sama.jpg\",\"width\":1400,\"height\":1400,\"caption\":\"SAMA SAMA Perry de Man Kochbuch\"},{\"@type\":\"BreadcrumbList\",\"@id\":\"https:\\\/\\\/www.heatsupply.nl\\\/de\\\/produkt\\\/sama-sama-perry-de-man\\\/#breadcrumb\",\"itemListElement\":[{\"@type\":\"ListItem\",\"position\":1,\"name\":\"Home\",\"item\":\"https:\\\/\\\/www.heatsupply.nl\\\/de\\\/\"},{\"@type\":\"ListItem\",\"position\":2,\"name\":\"Alle produkten\",\"item\":\"https:\\\/\\\/www.heatsupply.nl\\\/de\\\/alle-produkten\\\/\"},{\"@type\":\"ListItem\",\"position\":3,\"name\":\"Geschenke\",\"item\":\"https:\\\/\\\/www.heatsupply.nl\\\/de\\\/geschenke\\\/\"},{\"@type\":\"ListItem\",\"position\":4,\"name\":\"Unter \u20ac30\",\"item\":\"https:\\\/\\\/www.heatsupply.nl\\\/de\\\/geschenke\\\/unter-30\\\/\"},{\"@type\":\"ListItem\",\"position\":5,\"name\":\"SAMA SAMA &#8211; Perry de Man\"}]},{\"@type\":\"WebSite\",\"@id\":\"https:\\\/\\\/www.heatsupply.nl\\\/de\\\/#website\",\"url\":\"https:\\\/\\\/www.heatsupply.nl\\\/de\\\/\",\"name\":\"Heatsupply\",\"description\":\"Hot sauce webstore #1 in Europe\",\"publisher\":{\"@id\":\"https:\\\/\\\/www.heatsupply.nl\\\/de\\\/#organization\"},\"potentialAction\":[{\"@type\":\"SearchAction\",\"target\":{\"@type\":\"EntryPoint\",\"urlTemplate\":\"https:\\\/\\\/www.heatsupply.nl\\\/de\\\/?s={search_term_string}\"},\"query-input\":{\"@type\":\"PropertyValueSpecification\",\"valueRequired\":true,\"valueName\":\"search_term_string\"}}],\"inLanguage\":\"de\"},{\"@type\":\"Organization\",\"@id\":\"https:\\\/\\\/www.heatsupply.nl\\\/de\\\/#organization\",\"name\":\"Heatsupply\",\"url\":\"https:\\\/\\\/www.heatsupply.nl\\\/de\\\/\",\"logo\":{\"@type\":\"ImageObject\",\"inLanguage\":\"de\",\"@id\":\"https:\\\/\\\/www.heatsupply.nl\\\/de\\\/#\\\/schema\\\/logo\\\/image\\\/\",\"url\":\"https:\\\/\\\/www.heatsupply.nl\\\/wp-content\\\/uploads\\\/2022\\\/10\\\/heatsupply-logo-rood.jpg\",\"contentUrl\":\"https:\\\/\\\/www.heatsupply.nl\\\/wp-content\\\/uploads\\\/2022\\\/10\\\/heatsupply-logo-rood.jpg\",\"width\":1000,\"height\":335,\"caption\":\"Heatsupply\"},\"image\":{\"@id\":\"https:\\\/\\\/www.heatsupply.nl\\\/de\\\/#\\\/schema\\\/logo\\\/image\\\/\"},\"sameAs\":[\"https:\\\/\\\/www.facebook.com\\\/heatsupplyNL\",\"https:\\\/\\\/www.instagram.com\\\/heatsuppy.nl\",\"https:\\\/\\\/www.youtube.com\\\/channel\\\/UC5pOWqQtljvxTz2SMWGWCsw\"]}]}<\/script>\n<meta property=\"product:price:amount\" content=\"29.99\" \/>\n<meta property=\"product:price:currency\" content=\"EUR\" \/>\n<meta property=\"og:availability\" content=\"instock\" \/>\n<meta property=\"product:availability\" content=\"instock\" \/>\n<meta property=\"product:retailer_item_id\" content=\"SAMA001\" \/>\n<meta property=\"product:condition\" content=\"new\" \/>\n<!-- \/ Yoast SEO Premium plugin. -->","yoast_head_json":{"title":"SAMA SAMA - Perry de Man - Heatsupply","description":"SAMA SAMA ist das Kochbuch von Perry de Man, Fernsehkoch und nat\u00fcrlich Moderator unserer eigenen Kochshow. Wahre Geschichten aus der indonesischen und molukkischen Esskultur!","robots":{"index":"index","follow":"follow","max-snippet":"max-snippet:-1","max-image-preview":"max-image-preview:large","max-video-preview":"max-video-preview:-1"},"canonical":"https:\/\/www.heatsupply.nl\/de\/produkt\/sama-sama-perry-de-man\/","og_locale":"de_DE","og_type":"article","og_title":"SAMA SAMA - Perry de Man","og_description":"SAMA SAMA ist das Kochbuch von Perry de Man, Fernsehkoch und nat\u00fcrlich Moderator unserer eigenen Kochshow. Wahre Geschichten aus der indonesischen und molukkischen Esskultur!","og_url":"https:\/\/www.heatsupply.nl\/de\/produkt\/sama-sama-perry-de-man\/","og_site_name":"Heatsupply","article_publisher":"https:\/\/www.facebook.com\/heatsupplyNL","article_modified_time":"2025-10-25T18:55:37+00:00","og_image":[{"width":1400,"height":1400,"url":"https:\/\/www.heatsupply.nl\/wp-content\/uploads\/2025\/10\/perry-de-man-kookboek-sama-sama.jpg","type":"image\/jpeg"}],"twitter_card":"summary_large_image","twitter_misc":{"Preis":"&euro;29,99","Verf\u00fcgbarkeit":"Auf Lager"},"schema":{"@context":"https:\/\/schema.org","@graph":[{"@type":"WebPage","@id":"https:\/\/www.heatsupply.nl\/de\/produkt\/sama-sama-perry-de-man\/","url":"https:\/\/www.heatsupply.nl\/de\/produkt\/sama-sama-perry-de-man\/","name":"SAMA SAMA - Perry de Man - Heatsupply","isPartOf":{"@id":"https:\/\/www.heatsupply.nl\/de\/#website"},"primaryImageOfPage":{"@id":"https:\/\/www.heatsupply.nl\/de\/produkt\/sama-sama-perry-de-man\/#primaryimage"},"image":{"@id":"https:\/\/www.heatsupply.nl\/de\/produkt\/sama-sama-perry-de-man\/#primaryimage"},"thumbnailUrl":"https:\/\/www.heatsupply.nl\/wp-content\/uploads\/2025\/10\/perry-de-man-kookboek-sama-sama.jpg","datePublished":"2025-10-06T12:53:02+00:00","dateModified":"2025-10-25T18:55:37+00:00","description":"SAMA SAMA ist das Kochbuch von Perry de Man, Fernsehkoch und nat\u00fcrlich Moderator unserer eigenen Kochshow. Wahre Geschichten aus der indonesischen und molukkischen Esskultur!","breadcrumb":{"@id":"https:\/\/www.heatsupply.nl\/de\/produkt\/sama-sama-perry-de-man\/#breadcrumb"},"inLanguage":"de","potentialAction":[{"@type":"ReadAction","target":["https:\/\/www.heatsupply.nl\/de\/produkt\/sama-sama-perry-de-man\/"]}]},{"@type":"ImageObject","inLanguage":"de","@id":"https:\/\/www.heatsupply.nl\/de\/produkt\/sama-sama-perry-de-man\/#primaryimage","url":"https:\/\/www.heatsupply.nl\/wp-content\/uploads\/2025\/10\/perry-de-man-kookboek-sama-sama.jpg","contentUrl":"https:\/\/www.heatsupply.nl\/wp-content\/uploads\/2025\/10\/perry-de-man-kookboek-sama-sama.jpg","width":1400,"height":1400,"caption":"SAMA SAMA Perry de Man Kochbuch"},{"@type":"BreadcrumbList","@id":"https:\/\/www.heatsupply.nl\/de\/produkt\/sama-sama-perry-de-man\/#breadcrumb","itemListElement":[{"@type":"ListItem","position":1,"name":"Home","item":"https:\/\/www.heatsupply.nl\/de\/"},{"@type":"ListItem","position":2,"name":"Alle produkten","item":"https:\/\/www.heatsupply.nl\/de\/alle-produkten\/"},{"@type":"ListItem","position":3,"name":"Geschenke","item":"https:\/\/www.heatsupply.nl\/de\/geschenke\/"},{"@type":"ListItem","position":4,"name":"Unter \u20ac30","item":"https:\/\/www.heatsupply.nl\/de\/geschenke\/unter-30\/"},{"@type":"ListItem","position":5,"name":"SAMA SAMA &#8211; Perry de Man"}]},{"@type":"WebSite","@id":"https:\/\/www.heatsupply.nl\/de\/#website","url":"https:\/\/www.heatsupply.nl\/de\/","name":"Heatsupply","description":"Hot sauce webstore #1 in Europe","publisher":{"@id":"https:\/\/www.heatsupply.nl\/de\/#organization"},"potentialAction":[{"@type":"SearchAction","target":{"@type":"EntryPoint","urlTemplate":"https:\/\/www.heatsupply.nl\/de\/?s={search_term_string}"},"query-input":{"@type":"PropertyValueSpecification","valueRequired":true,"valueName":"search_term_string"}}],"inLanguage":"de"},{"@type":"Organization","@id":"https:\/\/www.heatsupply.nl\/de\/#organization","name":"Heatsupply","url":"https:\/\/www.heatsupply.nl\/de\/","logo":{"@type":"ImageObject","inLanguage":"de","@id":"https:\/\/www.heatsupply.nl\/de\/#\/schema\/logo\/image\/","url":"https:\/\/www.heatsupply.nl\/wp-content\/uploads\/2022\/10\/heatsupply-logo-rood.jpg","contentUrl":"https:\/\/www.heatsupply.nl\/wp-content\/uploads\/2022\/10\/heatsupply-logo-rood.jpg","width":1000,"height":335,"caption":"Heatsupply"},"image":{"@id":"https:\/\/www.heatsupply.nl\/de\/#\/schema\/logo\/image\/"},"sameAs":["https:\/\/www.facebook.com\/heatsupplyNL","https:\/\/www.instagram.com\/heatsuppy.nl","https:\/\/www.youtube.com\/channel\/UC5pOWqQtljvxTz2SMWGWCsw"]}]},"product_price_amount":"29.99","product_price_currency":"EUR","og_availability":"instock","product_availability":"instock","product_retailer_item_id":"SAMA001","product_condition":"new"},"_links":{"self":[{"href":"https:\/\/www.heatsupply.nl\/de\/wp-json\/wp\/v2\/product\/186944","targetHints":{"allow":["GET"]}}],"collection":[{"href":"https:\/\/www.heatsupply.nl\/de\/wp-json\/wp\/v2\/product"}],"about":[{"href":"https:\/\/www.heatsupply.nl\/de\/wp-json\/wp\/v2\/types\/product"}],"replies":[{"embeddable":true,"href":"https:\/\/www.heatsupply.nl\/de\/wp-json\/wp\/v2\/comments?post=186944"}],"wp:featuredmedia":[{"embeddable":true,"href":"https:\/\/www.heatsupply.nl\/de\/wp-json\/wp\/v2\/media\/186915"}],"wp:attachment":[{"href":"https:\/\/www.heatsupply.nl\/de\/wp-json\/wp\/v2\/media?parent=186944"}],"wp:term":[{"taxonomy":"product_brand","embeddable":true,"href":"https:\/\/www.heatsupply.nl\/de\/wp-json\/wp\/v2\/product_brand?post=186944"},{"taxonomy":"product_cat","embeddable":true,"href":"https:\/\/www.heatsupply.nl\/de\/wp-json\/wp\/v2\/product_cat?post=186944"},{"taxonomy":"product_tag","embeddable":true,"href":"https:\/\/www.heatsupply.nl\/de\/wp-json\/wp\/v2\/product_tag?post=186944"}],"curies":[{"name":"wp","href":"https:\/\/api.w.org\/{rel}","templated":true}]}}