{"id":185557,"date":"2025-09-15T15:33:05","date_gmt":"2025-09-15T13:33:05","guid":{"rendered":"https:\/\/www.heatsupply.nl\/product\/tomasu-madame-jeanette-sweet-spicy-sojasauce-limited-edition\/"},"modified":"2026-05-03T20:06:43","modified_gmt":"2026-05-03T18:06:43","slug":"tomasu-madame-jeanette-sweet-spicy-sojasauce-limited-edition","status":"publish","type":"product","link":"https:\/\/www.heatsupply.nl\/de\/produkt\/tomasu-madame-jeanette-sweet-spicy-sojasauce-limited-edition\/","title":{"rendered":"Tomasu Madame Jeanette Sweet Spicy Sojasauce (Limited Edition)"},"content":{"rendered":"<p><strong>Zutaten Tomasu Madame Jeanette Sweet Spicy Sojasauce<\/strong>: Zeit, SOJASAUCE (Wasser, SOJABOHNEN, WEIZEN, Salz), Zucker, Madame Jeanette Paprika, SESAM<\/p>\n<p><span style=\"text-decoration: underline;\">N\u00e4hrwerte pro 100 g:<\/span><br \/>\nEnergie: 1036 kJ\/244 kcal<br \/>\nFett: 0 g<br \/>\ndavon ges\u00e4ttigte Fetts\u00e4uren: 0 g<br \/>\nKohlenhydrate: 57,7 g<br \/>\ndavon Zucker: 57,1 g<br \/>\nEiwei\u00df: 3,8 g<br \/>\nSalz: 15,5 g<\/p>\n<p>Vor Gebrauch sch\u00fctteln und nach dem \u00d6ffnen im K\u00fchlschrank aufbewahren.<\/p>\n","protected":false},"excerpt":{"rendered":"<p style=\"text-align: justify;\">Tomasu Madame Jeanette Sweet Spicy Soy Sauce ist eine ganz besondere Limited Edition Sojasauce von der allseits gepriesenen Rotterdamer Marke. Sie machen sowieso schon (eine der) leckersten Sojasaucen, die du nur finden kannst, aber diese Madame Jeanette Sojasauce ist unserer Meinung nach noch eine Stufe h\u00f6her. Diese Sojasauce ist ein Experiment und sie haben sie mit selbst angebauten Chilischoten gemacht. Dar\u00fcber l\u00e4sst sich noch einiges Sch\u00f6nes sagen.<\/p>\n<p style=\"text-align: justify;\">Zusammen mit dem Zentrum f\u00fcr Genetische Ressourcen Niederlande (CGN) machten sie sich auf die Suche nach der perfekten Chilischoten und bekamen 2018 5 bis 10 Samen verschiedener Sorten. Anschlie\u00dfend war Tomasu 5 Jahre lang damit besch\u00e4ftigt, die Samen aufzuziehen, zu testen und zu sammeln. Nach viel Zeit, Blut, Schwei\u00df und Tr\u00e4nen haben sie die perfekte Erg\u00e4nzung zur &#8218;<a href=\"https:\/\/www.heatsupply.nl\/de\/produkt\/tomasu-sweet-spicy-sojasauce-200ml\/\"><strong>Sweet &amp; Spicy Sojasauce<\/strong><\/a>&#8218; gefunden: die Madame Jeanette. Mit Tomas\u00fas charakteristischer Sojasauce als Basis wird die Sch\u00e4rfe gemildert, wodurch der Geschmack der Chili noch besser zur Geltung kommt. Wirklich einzigartiges &amp; fantastisches Zeug!<\/p>\n<ul>\n<li style=\"text-align: justify;\">Herkunft: Rotterdam, Niederlande<\/li>\n<li style=\"text-align: justify;\">Inhalt: 200 ml<\/li>\n<\/ul>\n","protected":false},"featured_media":185549,"comment_status":"open","ping_status":"closed","template":"","meta":{"_acf_changed":false},"product_brand":[],"product_cat":[4042,4043,4097,3968,4067,4071,4073],"product_tag":[],"class_list":{"0":"post-185557","1":"product","2":"type-product","3":"status-publish","4":"has-post-thumbnail","6":"product_cat-andere-produkte","7":"product_cat-aromen","8":"product_cat-asiatische-aromen","9":"product_cat-geschenke","10":"product_cat-sojasauce","11":"product_cat-unter-30","12":"product_cat-unter-50","14":"first","15":"instock","16":"taxable","17":"shipping-taxable","18":"purchasable","19":"product-type-simple"},"bundled_by":[],"bundle_stock_status":"instock","bundle_stock_quantity":19,"bundle_virtual":false,"bundle_layout":"","bundle_add_to_cart_form_location":"","bundle_editable_in_cart":false,"bundle_sold_individually_context":"","bundle_item_grouping":"","bundle_min_size":"","bundle_max_size":"","bundle_price":[],"bundled_items":[],"bundle_sell_ids":[],"acf":[],"yoast_head":"<!-- This site is optimized with the Yoast SEO Premium plugin v27.5 (Yoast SEO v27.5) - https:\/\/yoast.com\/product\/yoast-seo-premium-wordpress\/ -->\n<title>Tomasu Madame Jeanette Sweet Spicy Sojasauce (Limited Edition) - Heatsupply<\/title>\n<meta name=\"description\" content=\"Tomasu Madame Jeanette Sweet Spicy Sojasauce ist eine limitierte Version der beliebten Rotterdamer Sojasauce. Jetzt bei Heatsupply bestellen!\" \/>\n<meta name=\"robots\" content=\"index, follow, max-snippet:-1, max-image-preview:large, max-video-preview:-1\" \/>\n<link rel=\"canonical\" href=\"https:\/\/www.heatsupply.nl\/de\/produkt\/tomasu-madame-jeanette-sweet-spicy-sojasauce-limited-edition\/\" \/>\n<meta property=\"og:locale\" content=\"de_DE\" \/>\n<meta property=\"og:type\" content=\"article\" \/>\n<meta property=\"og:title\" content=\"Tomasu Madame Jeanette Sweet Spicy Sojasauce (Limited Edition)\" \/>\n<meta property=\"og:description\" content=\"Tomasu Madame Jeanette Sweet Spicy Sojasauce ist eine limitierte Version der beliebten Rotterdamer Sojasauce. Jetzt bei Heatsupply bestellen!\" \/>\n<meta property=\"og:url\" content=\"https:\/\/www.heatsupply.nl\/de\/produkt\/tomasu-madame-jeanette-sweet-spicy-sojasauce-limited-edition\/\" \/>\n<meta property=\"og:site_name\" content=\"Heatsupply\" \/>\n<meta property=\"article:publisher\" content=\"https:\/\/www.facebook.com\/heatsupplyNL\" \/>\n<meta property=\"article:modified_time\" content=\"2026-05-03T18:06:43+00:00\" \/>\n<meta property=\"og:image\" content=\"https:\/\/www.heatsupply.nl\/wp-content\/uploads\/2025\/09\/tomasu-madame-jeanette-sojasaus.jpg\" \/>\n\t<meta property=\"og:image:width\" content=\"1400\" \/>\n\t<meta property=\"og:image:height\" content=\"1400\" \/>\n\t<meta property=\"og:image:type\" content=\"image\/jpeg\" \/>\n<meta name=\"twitter:card\" content=\"summary_large_image\" \/>\n<meta name=\"twitter:label1\" content=\"Preis\" \/>\n\t<meta name=\"twitter:data1\" content=\"&euro;24,95\" \/>\n\t<meta name=\"twitter:label2\" content=\"Verf\u00fcgbarkeit\" \/>\n\t<meta name=\"twitter:data2\" content=\"Auf Lager\" \/>\n<script type=\"application\/ld+json\" class=\"yoast-schema-graph\">{\"@context\":\"https:\\\/\\\/schema.org\",\"@graph\":[{\"@type\":\"WebPage\",\"@id\":\"https:\\\/\\\/www.heatsupply.nl\\\/de\\\/produkt\\\/tomasu-madame-jeanette-sweet-spicy-sojasauce-limited-edition\\\/\",\"url\":\"https:\\\/\\\/www.heatsupply.nl\\\/de\\\/produkt\\\/tomasu-madame-jeanette-sweet-spicy-sojasauce-limited-edition\\\/\",\"name\":\"Tomasu Madame Jeanette Sweet Spicy Sojasauce (Limited Edition) - Heatsupply\",\"isPartOf\":{\"@id\":\"https:\\\/\\\/www.heatsupply.nl\\\/de\\\/#website\"},\"primaryImageOfPage\":{\"@id\":\"https:\\\/\\\/www.heatsupply.nl\\\/de\\\/produkt\\\/tomasu-madame-jeanette-sweet-spicy-sojasauce-limited-edition\\\/#primaryimage\"},\"image\":{\"@id\":\"https:\\\/\\\/www.heatsupply.nl\\\/de\\\/produkt\\\/tomasu-madame-jeanette-sweet-spicy-sojasauce-limited-edition\\\/#primaryimage\"},\"thumbnailUrl\":\"https:\\\/\\\/www.heatsupply.nl\\\/wp-content\\\/uploads\\\/2025\\\/09\\\/tomasu-madame-jeanette-sojasaus.jpg\",\"datePublished\":\"2025-09-15T13:33:05+00:00\",\"dateModified\":\"2026-05-03T18:06:43+00:00\",\"description\":\"Tomasu Madame Jeanette Sweet Spicy Sojasauce ist eine limitierte Version der beliebten Rotterdamer Sojasauce. Jetzt bei Heatsupply bestellen!\",\"breadcrumb\":{\"@id\":\"https:\\\/\\\/www.heatsupply.nl\\\/de\\\/produkt\\\/tomasu-madame-jeanette-sweet-spicy-sojasauce-limited-edition\\\/#breadcrumb\"},\"inLanguage\":\"de\",\"potentialAction\":[{\"@type\":\"ReadAction\",\"target\":[\"https:\\\/\\\/www.heatsupply.nl\\\/de\\\/produkt\\\/tomasu-madame-jeanette-sweet-spicy-sojasauce-limited-edition\\\/\"]}]},{\"@type\":\"ImageObject\",\"inLanguage\":\"de\",\"@id\":\"https:\\\/\\\/www.heatsupply.nl\\\/de\\\/produkt\\\/tomasu-madame-jeanette-sweet-spicy-sojasauce-limited-edition\\\/#primaryimage\",\"url\":\"https:\\\/\\\/www.heatsupply.nl\\\/wp-content\\\/uploads\\\/2025\\\/09\\\/tomasu-madame-jeanette-sojasaus.jpg\",\"contentUrl\":\"https:\\\/\\\/www.heatsupply.nl\\\/wp-content\\\/uploads\\\/2025\\\/09\\\/tomasu-madame-jeanette-sojasaus.jpg\",\"width\":1400,\"height\":1400,\"caption\":\"Tomasu Sweet Spicy Soy Sauce Madame Jeanette Limited Edition\"},{\"@type\":\"BreadcrumbList\",\"@id\":\"https:\\\/\\\/www.heatsupply.nl\\\/de\\\/produkt\\\/tomasu-madame-jeanette-sweet-spicy-sojasauce-limited-edition\\\/#breadcrumb\",\"itemListElement\":[{\"@type\":\"ListItem\",\"position\":1,\"name\":\"Home\",\"item\":\"https:\\\/\\\/www.heatsupply.nl\\\/de\\\/\"},{\"@type\":\"ListItem\",\"position\":2,\"name\":\"Alle produkten\",\"item\":\"https:\\\/\\\/www.heatsupply.nl\\\/de\\\/alle-produkten\\\/\"},{\"@type\":\"ListItem\",\"position\":3,\"name\":\"Andere produkte\",\"item\":\"https:\\\/\\\/www.heatsupply.nl\\\/de\\\/andere-produkte\\\/\"},{\"@type\":\"ListItem\",\"position\":4,\"name\":\"Asiatische Aromen\",\"item\":\"https:\\\/\\\/www.heatsupply.nl\\\/de\\\/andere-produkte\\\/asiatische-aromen\\\/\"},{\"@type\":\"ListItem\",\"position\":5,\"name\":\"Sojasauce\",\"item\":\"https:\\\/\\\/www.heatsupply.nl\\\/de\\\/andere-produkte\\\/asiatische-aromen\\\/sojasauce\\\/\"},{\"@type\":\"ListItem\",\"position\":6,\"name\":\"Tomasu Madame Jeanette Sweet Spicy Sojasauce (Limited Edition)\"}]},{\"@type\":\"WebSite\",\"@id\":\"https:\\\/\\\/www.heatsupply.nl\\\/de\\\/#website\",\"url\":\"https:\\\/\\\/www.heatsupply.nl\\\/de\\\/\",\"name\":\"Heatsupply\",\"description\":\"Hot sauce webstore #1 in Europe\",\"publisher\":{\"@id\":\"https:\\\/\\\/www.heatsupply.nl\\\/de\\\/#organization\"},\"potentialAction\":[{\"@type\":\"SearchAction\",\"target\":{\"@type\":\"EntryPoint\",\"urlTemplate\":\"https:\\\/\\\/www.heatsupply.nl\\\/de\\\/?s={search_term_string}\"},\"query-input\":{\"@type\":\"PropertyValueSpecification\",\"valueRequired\":true,\"valueName\":\"search_term_string\"}}],\"inLanguage\":\"de\"},{\"@type\":\"Organization\",\"@id\":\"https:\\\/\\\/www.heatsupply.nl\\\/de\\\/#organization\",\"name\":\"Heatsupply\",\"url\":\"https:\\\/\\\/www.heatsupply.nl\\\/de\\\/\",\"logo\":{\"@type\":\"ImageObject\",\"inLanguage\":\"de\",\"@id\":\"https:\\\/\\\/www.heatsupply.nl\\\/de\\\/#\\\/schema\\\/logo\\\/image\\\/\",\"url\":\"https:\\\/\\\/www.heatsupply.nl\\\/wp-content\\\/uploads\\\/2022\\\/10\\\/heatsupply-logo-rood.jpg\",\"contentUrl\":\"https:\\\/\\\/www.heatsupply.nl\\\/wp-content\\\/uploads\\\/2022\\\/10\\\/heatsupply-logo-rood.jpg\",\"width\":1000,\"height\":335,\"caption\":\"Heatsupply\"},\"image\":{\"@id\":\"https:\\\/\\\/www.heatsupply.nl\\\/de\\\/#\\\/schema\\\/logo\\\/image\\\/\"},\"sameAs\":[\"https:\\\/\\\/www.facebook.com\\\/heatsupplyNL\",\"https:\\\/\\\/www.instagram.com\\\/heatsuppy.nl\",\"https:\\\/\\\/www.youtube.com\\\/channel\\\/UC5pOWqQtljvxTz2SMWGWCsw\"]}]}<\/script>\n<meta property=\"product:price:amount\" content=\"24.95\" \/>\n<meta property=\"product:price:currency\" content=\"EUR\" \/>\n<meta property=\"og:availability\" content=\"instock\" \/>\n<meta property=\"product:availability\" content=\"instock\" \/>\n<meta property=\"product:retailer_item_id\" content=\"TOMAMADAME001\" \/>\n<meta property=\"product:condition\" content=\"new\" \/>\n<!-- \/ Yoast SEO Premium plugin. -->","yoast_head_json":{"title":"Tomasu Madame Jeanette Sweet Spicy Sojasauce (Limited Edition) - Heatsupply","description":"Tomasu Madame Jeanette Sweet Spicy Sojasauce ist eine limitierte Version der beliebten Rotterdamer Sojasauce. Jetzt bei Heatsupply bestellen!","robots":{"index":"index","follow":"follow","max-snippet":"max-snippet:-1","max-image-preview":"max-image-preview:large","max-video-preview":"max-video-preview:-1"},"canonical":"https:\/\/www.heatsupply.nl\/de\/produkt\/tomasu-madame-jeanette-sweet-spicy-sojasauce-limited-edition\/","og_locale":"de_DE","og_type":"article","og_title":"Tomasu Madame Jeanette Sweet Spicy Sojasauce (Limited Edition)","og_description":"Tomasu Madame Jeanette Sweet Spicy Sojasauce ist eine limitierte Version der beliebten Rotterdamer Sojasauce. Jetzt bei Heatsupply bestellen!","og_url":"https:\/\/www.heatsupply.nl\/de\/produkt\/tomasu-madame-jeanette-sweet-spicy-sojasauce-limited-edition\/","og_site_name":"Heatsupply","article_publisher":"https:\/\/www.facebook.com\/heatsupplyNL","article_modified_time":"2026-05-03T18:06:43+00:00","og_image":[{"width":1400,"height":1400,"url":"https:\/\/www.heatsupply.nl\/wp-content\/uploads\/2025\/09\/tomasu-madame-jeanette-sojasaus.jpg","type":"image\/jpeg"}],"twitter_card":"summary_large_image","twitter_misc":{"Preis":"&euro;24,95","Verf\u00fcgbarkeit":"Auf Lager"},"schema":{"@context":"https:\/\/schema.org","@graph":[{"@type":"WebPage","@id":"https:\/\/www.heatsupply.nl\/de\/produkt\/tomasu-madame-jeanette-sweet-spicy-sojasauce-limited-edition\/","url":"https:\/\/www.heatsupply.nl\/de\/produkt\/tomasu-madame-jeanette-sweet-spicy-sojasauce-limited-edition\/","name":"Tomasu Madame Jeanette Sweet Spicy Sojasauce (Limited Edition) - Heatsupply","isPartOf":{"@id":"https:\/\/www.heatsupply.nl\/de\/#website"},"primaryImageOfPage":{"@id":"https:\/\/www.heatsupply.nl\/de\/produkt\/tomasu-madame-jeanette-sweet-spicy-sojasauce-limited-edition\/#primaryimage"},"image":{"@id":"https:\/\/www.heatsupply.nl\/de\/produkt\/tomasu-madame-jeanette-sweet-spicy-sojasauce-limited-edition\/#primaryimage"},"thumbnailUrl":"https:\/\/www.heatsupply.nl\/wp-content\/uploads\/2025\/09\/tomasu-madame-jeanette-sojasaus.jpg","datePublished":"2025-09-15T13:33:05+00:00","dateModified":"2026-05-03T18:06:43+00:00","description":"Tomasu Madame Jeanette Sweet Spicy Sojasauce ist eine limitierte Version der beliebten Rotterdamer Sojasauce. Jetzt bei Heatsupply bestellen!","breadcrumb":{"@id":"https:\/\/www.heatsupply.nl\/de\/produkt\/tomasu-madame-jeanette-sweet-spicy-sojasauce-limited-edition\/#breadcrumb"},"inLanguage":"de","potentialAction":[{"@type":"ReadAction","target":["https:\/\/www.heatsupply.nl\/de\/produkt\/tomasu-madame-jeanette-sweet-spicy-sojasauce-limited-edition\/"]}]},{"@type":"ImageObject","inLanguage":"de","@id":"https:\/\/www.heatsupply.nl\/de\/produkt\/tomasu-madame-jeanette-sweet-spicy-sojasauce-limited-edition\/#primaryimage","url":"https:\/\/www.heatsupply.nl\/wp-content\/uploads\/2025\/09\/tomasu-madame-jeanette-sojasaus.jpg","contentUrl":"https:\/\/www.heatsupply.nl\/wp-content\/uploads\/2025\/09\/tomasu-madame-jeanette-sojasaus.jpg","width":1400,"height":1400,"caption":"Tomasu Sweet Spicy Soy Sauce Madame Jeanette Limited Edition"},{"@type":"BreadcrumbList","@id":"https:\/\/www.heatsupply.nl\/de\/produkt\/tomasu-madame-jeanette-sweet-spicy-sojasauce-limited-edition\/#breadcrumb","itemListElement":[{"@type":"ListItem","position":1,"name":"Home","item":"https:\/\/www.heatsupply.nl\/de\/"},{"@type":"ListItem","position":2,"name":"Alle produkten","item":"https:\/\/www.heatsupply.nl\/de\/alle-produkten\/"},{"@type":"ListItem","position":3,"name":"Andere produkte","item":"https:\/\/www.heatsupply.nl\/de\/andere-produkte\/"},{"@type":"ListItem","position":4,"name":"Asiatische Aromen","item":"https:\/\/www.heatsupply.nl\/de\/andere-produkte\/asiatische-aromen\/"},{"@type":"ListItem","position":5,"name":"Sojasauce","item":"https:\/\/www.heatsupply.nl\/de\/andere-produkte\/asiatische-aromen\/sojasauce\/"},{"@type":"ListItem","position":6,"name":"Tomasu Madame Jeanette Sweet Spicy Sojasauce (Limited Edition)"}]},{"@type":"WebSite","@id":"https:\/\/www.heatsupply.nl\/de\/#website","url":"https:\/\/www.heatsupply.nl\/de\/","name":"Heatsupply","description":"Hot sauce webstore #1 in Europe","publisher":{"@id":"https:\/\/www.heatsupply.nl\/de\/#organization"},"potentialAction":[{"@type":"SearchAction","target":{"@type":"EntryPoint","urlTemplate":"https:\/\/www.heatsupply.nl\/de\/?s={search_term_string}"},"query-input":{"@type":"PropertyValueSpecification","valueRequired":true,"valueName":"search_term_string"}}],"inLanguage":"de"},{"@type":"Organization","@id":"https:\/\/www.heatsupply.nl\/de\/#organization","name":"Heatsupply","url":"https:\/\/www.heatsupply.nl\/de\/","logo":{"@type":"ImageObject","inLanguage":"de","@id":"https:\/\/www.heatsupply.nl\/de\/#\/schema\/logo\/image\/","url":"https:\/\/www.heatsupply.nl\/wp-content\/uploads\/2022\/10\/heatsupply-logo-rood.jpg","contentUrl":"https:\/\/www.heatsupply.nl\/wp-content\/uploads\/2022\/10\/heatsupply-logo-rood.jpg","width":1000,"height":335,"caption":"Heatsupply"},"image":{"@id":"https:\/\/www.heatsupply.nl\/de\/#\/schema\/logo\/image\/"},"sameAs":["https:\/\/www.facebook.com\/heatsupplyNL","https:\/\/www.instagram.com\/heatsuppy.nl","https:\/\/www.youtube.com\/channel\/UC5pOWqQtljvxTz2SMWGWCsw"]}]},"product_price_amount":"24.95","product_price_currency":"EUR","og_availability":"instock","product_availability":"instock","product_retailer_item_id":"TOMAMADAME001","product_condition":"new"},"_links":{"self":[{"href":"https:\/\/www.heatsupply.nl\/de\/wp-json\/wp\/v2\/product\/185557","targetHints":{"allow":["GET"]}}],"collection":[{"href":"https:\/\/www.heatsupply.nl\/de\/wp-json\/wp\/v2\/product"}],"about":[{"href":"https:\/\/www.heatsupply.nl\/de\/wp-json\/wp\/v2\/types\/product"}],"replies":[{"embeddable":true,"href":"https:\/\/www.heatsupply.nl\/de\/wp-json\/wp\/v2\/comments?post=185557"}],"wp:featuredmedia":[{"embeddable":true,"href":"https:\/\/www.heatsupply.nl\/de\/wp-json\/wp\/v2\/media\/185549"}],"wp:attachment":[{"href":"https:\/\/www.heatsupply.nl\/de\/wp-json\/wp\/v2\/media?parent=185557"}],"wp:term":[{"taxonomy":"product_brand","embeddable":true,"href":"https:\/\/www.heatsupply.nl\/de\/wp-json\/wp\/v2\/product_brand?post=185557"},{"taxonomy":"product_cat","embeddable":true,"href":"https:\/\/www.heatsupply.nl\/de\/wp-json\/wp\/v2\/product_cat?post=185557"},{"taxonomy":"product_tag","embeddable":true,"href":"https:\/\/www.heatsupply.nl\/de\/wp-json\/wp\/v2\/product_tag?post=185557"}],"curies":[{"name":"wp","href":"https:\/\/api.w.org\/{rel}","templated":true}]}}