{"id":185293,"date":"2025-09-11T14:46:53","date_gmt":"2025-09-11T12:46:53","guid":{"rendered":"https:\/\/www.heatsupply.nl\/product\/raijmakers-heetmakers-giftset-hot-honey\/"},"modified":"2026-03-03T12:33:48","modified_gmt":"2026-03-03T11:33:48","slug":"raijmakers-heetmakers-giftset-hot-honey","status":"publish","type":"product","link":"https:\/\/www.heatsupply.nl\/de\/produkt\/raijmakers-heetmakers-giftset-hot-honey\/","title":{"rendered":"Raijmakers Heetmakers Giftset + Hot Honey"},"content":{"rendered":"<p>In diesem Paket findest du all die sch\u00f6nen und k\u00f6stlichen Dinge, die Raijmakers Heetmakers zu bieten hat. Alle vier scharfen Saucen werden in einer sch\u00f6nen Geschenkbox geliefert, plus der neue Smoked Habanero Hot Honey. Jetzt zusammen zum Top-Preis. Perfekt f\u00fcr dich selbst oder als Geschenk.<\/p>\n<p><strong>Zutatenliste Raijmakers Heetmakers Immune Booster<\/strong>: Jalape\u00f1o-Chilischoten (30 %), Tomatillo, Wasser, Limettensaft (8 %), Essig (SULFITE), Knoblauch, Paprika, Gin (5 %), Zwiebel, Honig, Salz, Zucker, Gew\u00fcrze, Raps\u00f6l, Verdickungsmittel: Xanthangummi.<\/p>\n<p><span style=\"text-decoration: underline;\">N\u00e4hrwerte pro 100 g:<\/span><br \/>\nEnergie: 226 kJ\/54 kcal<br \/>\nFett: 0,4 g<br \/>\ndavon ges\u00e4ttigte Fetts\u00e4uren: 0,4 g<br \/>\nKohlenhydrate: 9 g<br \/>\ndavon Zucker: 6,4 g<br \/>\nBallaststoffe: 1,5 g<br \/>\nEiwei\u00df: 1,0 g<br \/>\nSalz: 2,0 g<\/p>\n<p><strong>Zutaten Raijmakers Heetmakers Tranquilizer<\/strong>: Wasser, Habanero, Zwiebelp\u00fcree, S\u00fc\u00dfkartoffel, Karotte, Essig (SULFITE), Knoblauchp\u00fcree, Limettensaft, Salz, Raps\u00f6l, ger\u00e4uchertes Paprikapulver, Xanthangummi (Verdickungsmittel E415)<\/p>\n<p><span style=\"text-decoration: underline;\">N\u00e4hrwerte pro 100 g:<\/span><br \/>\nEnergie: 121 kJ\/29 kcal<br \/>\nFett: 0,2 g<br \/>\ndavon ges\u00e4ttigte Fetts\u00e4uren: 0,1 g<br \/>\nKohlenhydrate: 4,7 g<br \/>\ndavon Zucker: 1,7 g<br \/>\nEiwei\u00df: 0,8 g<br \/>\nSalz: 2,03 g<\/p>\n<p><strong>Zutaten Raijmakers Heetmakers Heat Enhancer<\/strong>: Zucker, Wasser, Habanero (15,7 %), Essig (SULFITE), Tomatenmark, Whisky (2,1 %), Chipotle (2,1 %), Salz, Karamellzuckersirup, Raps\u00f6l, Pflaumen, Kr\u00e4uter &amp; Gew\u00fcrze, Zwiebeln, Invertzuckersirup, Jodsalz, Xanthangummi (E415), SOJA\u00d6L, Knoblauch.<\/p>\n<p><span style=\"text-decoration: underline;\">N\u00e4hrwerte pro 100 g:<\/span><br \/>\nEnergie: 711 kJ\/170 kcal<br \/>\nFett: 1,3 g<br \/>\ndavon ges\u00e4ttigte Fetts\u00e4uren: 0,12 g<br \/>\nKohlenhydrate: 36,6 g<br \/>\ndavon Zucker: 34,9 g<br \/>\nEiwei\u00df: 0,8 g<br \/>\nSalz: 2,04 g<\/p>\n<p><strong>Zutaten Raijmakers Heetmakers Brain Buzzer<\/strong>: Tomaten, Zwiebelp\u00fcree, Wasser, Zucker, Carolina Reaper Pfeffer, Reis, Knoblauchp\u00fcree, Salz, Ingwer, Raps\u00f6l, WEIZEN, SOJABOHNEN, Essig, Gew\u00fcrze, Karamellzuckersirup, Zitronens\u00e4ure (E330), Xanthangummi (E415), Invertzuckersirup, Zitrusfasern.<\/p>\n<p><span style=\"text-decoration: underline;\">N\u00e4hrwerte pro 100 g:<\/span><br \/>\nEnergie: 259 kJ\/62 kcal<br \/>\nFett: 0,3 g<br \/>\ndavon ges\u00e4ttigte Fetts\u00e4uren: 0,03 g<br \/>\nKohlenhydrate: 13,5 g<br \/>\ndavon Zucker: 10,6 g<br \/>\nEiwei\u00df: 1,7 g<br \/>\nSalz: 2,49 g<\/p>\n<p><strong>Zutaten Raijmakers Heetmakers Smoked Habanero Hot Honey<\/strong>: Habanero-Honig (100 %)<\/p>\n<p><span style=\"text-decoration: underline;\">N\u00e4hrwerte pro 100 g:<\/span><br \/>\nEnergie: 1272 kJ\/304 kcal<br \/>\nFett: 0 g<br \/>\ndavon ges\u00e4ttigte Fetts\u00e4uren: 0 g<br \/>\nKohlenhydrate: 82 g<br \/>\ndavon Zucker: 82 g<br \/>\nEiwei\u00df: 0 g<br \/>\nSalz: 0,01 g<\/p>\n","protected":false},"excerpt":{"rendered":"<p style=\"text-align: justify;\">Alles Sch\u00f6ne &amp; Leckere, was Raijmakers Heetmakers zu bieten hat, kannst du jetzt auf einen Schlag abr\u00e4umen. Das wundersch\u00f6ne <a href=\"https:\/\/www.heatsupply.nl\/de\/produkt\/raijmakers-heetmakers-hot-sauce-4-giftset\/\"><strong>Geschenkset<\/strong><\/a> mit allen vier Hot Sauces UND dem Smoked Habanero Hot Honey!<\/p>\n<p style=\"text-align: justify;\">Raijmakers Heetmakers ist bekannt f\u00fcr herrliche Geschmackskombinationen wie Jalape\u00f1o, Gin &amp; Lime oder Chipotle, Habanero &amp; Whiskey. Au\u00dferdem sehen die Flaschen auch noch fantastisch aus und haben mehrere Design-Awards gewonnen! Dar\u00fcber hinaus gewann der <a href=\"https:\/\/www.heatsupply.nl\/de\/produkt\/raijmakers-heetmakers-chipotle-whiskey\/\"><strong>Heat Enhancer<\/strong><\/a> den ersten Preis als &#8218;Best Hot Sauce&#8216; beim &#8218;Dutch Chili Fest 2024&#8216; und auch bei den &#8218;German Chili Awards 2019&#8216;.<\/p>\n<p style=\"text-align: justify;\">Der <a href=\"https:\/\/www.heatsupply.nl\/de\/produkt\/raijmakers-heetmakers-smoked-habanero-hot-honey\/\"><strong>Raijmakers Heetmakers Smoked Habanero Hot Honey<\/strong><\/a>, oder Sweet Sting, ist ein einzigartiger scharfer Honig mit einer rauchigen Note. Au\u00dferdem ist er auch noch einer der sch\u00e4rferen Honige, die du bekommen kannst, also den musst du als Liebhaber von Spicy unbedingt zu Hause haben.<\/p>\n<ul>\n<li style=\"text-align: justify;\">Herkunft: Niederlande &amp; Frankreich<\/li>\n<li style=\"text-align: justify;\">Inhalt: 4 x 150 ml + 250 g<\/li>\n<\/ul>\n","protected":false},"featured_media":185240,"comment_status":"open","ping_status":"closed","template":"","meta":{"_acf_changed":false},"product_brand":[],"product_cat":[3968,3965,4077,4069,4046,4073,4112],"product_tag":[],"class_list":{"0":"post-185293","1":"product","2":"type-product","3":"status-publish","4":"has-post-thumbnail","6":"product_cat-geschenke","7":"product_cat-packs","8":"product_cat-packs-spicy","9":"product_cat-geschenksets","10":"product_cat-spicy","11":"product_cat-unter-50","12":"product_cat-valentinstag-saucen","14":"first","15":"instock","16":"taxable","17":"shipping-taxable","18":"purchasable","19":"product-type-simple"},"bundled_by":[],"bundle_stock_status":"instock","bundle_stock_quantity":null,"bundle_virtual":false,"bundle_layout":"","bundle_add_to_cart_form_location":"","bundle_editable_in_cart":false,"bundle_sold_individually_context":"","bundle_item_grouping":"","bundle_min_size":"","bundle_max_size":"","bundle_price":[],"bundled_items":[],"bundle_sell_ids":[],"acf":[],"yoast_head":"<!-- This site is optimized with the Yoast SEO Premium plugin v27.4 (Yoast SEO v27.4) - https:\/\/yoast.com\/product\/yoast-seo-premium-wordpress\/ -->\n<title>Raijmakers Heetmakers Giftset + Hot Honey - Heatsupply<\/title>\n<meta name=\"description\" content=\"Kaufst du jetzt das Raijmakers Heetmakers Geschenkset + Hot Honey zum Top-Preis. Alle vier Hot Saucen plus der w\u00fcrzige Honig in einer Packung.\" \/>\n<meta name=\"robots\" content=\"index, follow, max-snippet:-1, max-image-preview:large, max-video-preview:-1\" \/>\n<link rel=\"canonical\" href=\"https:\/\/www.heatsupply.nl\/de\/produkt\/raijmakers-heetmakers-giftset-hot-honey\/\" \/>\n<meta property=\"og:locale\" content=\"de_DE\" \/>\n<meta property=\"og:type\" content=\"article\" \/>\n<meta property=\"og:title\" content=\"Raijmakers Heetmakers Giftset + Hot Honey\" \/>\n<meta property=\"og:description\" content=\"Kaufst du jetzt das Raijmakers Heetmakers Geschenkset + Hot Honey zum Top-Preis. Alle vier Hot Saucen plus der w\u00fcrzige Honig in einer Packung.\" \/>\n<meta property=\"og:url\" content=\"https:\/\/www.heatsupply.nl\/de\/produkt\/raijmakers-heetmakers-giftset-hot-honey\/\" \/>\n<meta property=\"og:site_name\" content=\"Heatsupply\" \/>\n<meta property=\"article:publisher\" content=\"https:\/\/www.facebook.com\/heatsupplyNL\" \/>\n<meta property=\"article:modified_time\" content=\"2026-03-03T11:33:48+00:00\" \/>\n<meta property=\"og:image\" content=\"https:\/\/www.heatsupply.nl\/wp-content\/uploads\/2025\/09\/raijmakers-heetmakers-giftpack-hot-honey.jpg\" \/>\n\t<meta property=\"og:image:width\" content=\"1400\" \/>\n\t<meta property=\"og:image:height\" content=\"1400\" \/>\n\t<meta property=\"og:image:type\" content=\"image\/jpeg\" \/>\n<meta name=\"twitter:card\" content=\"summary_large_image\" \/>\n<meta name=\"twitter:label1\" content=\"Preis\" \/>\n\t<meta name=\"twitter:data1\" content=\"&euro;49,75\" \/>\n\t<meta name=\"twitter:label2\" content=\"Verf\u00fcgbarkeit\" \/>\n\t<meta name=\"twitter:data2\" content=\"Auf Lager\" \/>\n<script type=\"application\/ld+json\" class=\"yoast-schema-graph\">{\"@context\":\"https:\\\/\\\/schema.org\",\"@graph\":[{\"@type\":\"WebPage\",\"@id\":\"https:\\\/\\\/www.heatsupply.nl\\\/de\\\/produkt\\\/raijmakers-heetmakers-giftset-hot-honey\\\/\",\"url\":\"https:\\\/\\\/www.heatsupply.nl\\\/de\\\/produkt\\\/raijmakers-heetmakers-giftset-hot-honey\\\/\",\"name\":\"Raijmakers Heetmakers Giftset + Hot Honey - Heatsupply\",\"isPartOf\":{\"@id\":\"https:\\\/\\\/www.heatsupply.nl\\\/de\\\/#website\"},\"primaryImageOfPage\":{\"@id\":\"https:\\\/\\\/www.heatsupply.nl\\\/de\\\/produkt\\\/raijmakers-heetmakers-giftset-hot-honey\\\/#primaryimage\"},\"image\":{\"@id\":\"https:\\\/\\\/www.heatsupply.nl\\\/de\\\/produkt\\\/raijmakers-heetmakers-giftset-hot-honey\\\/#primaryimage\"},\"thumbnailUrl\":\"https:\\\/\\\/www.heatsupply.nl\\\/wp-content\\\/uploads\\\/2025\\\/09\\\/raijmakers-heetmakers-giftpack-hot-honey.jpg\",\"datePublished\":\"2025-09-11T12:46:53+00:00\",\"dateModified\":\"2026-03-03T11:33:48+00:00\",\"description\":\"Kaufst du jetzt das Raijmakers Heetmakers Geschenkset + Hot Honey zum Top-Preis. Alle vier Hot Saucen plus der w\u00fcrzige Honig in einer Packung.\",\"breadcrumb\":{\"@id\":\"https:\\\/\\\/www.heatsupply.nl\\\/de\\\/produkt\\\/raijmakers-heetmakers-giftset-hot-honey\\\/#breadcrumb\"},\"inLanguage\":\"de\",\"potentialAction\":[{\"@type\":\"ReadAction\",\"target\":[\"https:\\\/\\\/www.heatsupply.nl\\\/de\\\/produkt\\\/raijmakers-heetmakers-giftset-hot-honey\\\/\"]}]},{\"@type\":\"ImageObject\",\"inLanguage\":\"de\",\"@id\":\"https:\\\/\\\/www.heatsupply.nl\\\/de\\\/produkt\\\/raijmakers-heetmakers-giftset-hot-honey\\\/#primaryimage\",\"url\":\"https:\\\/\\\/www.heatsupply.nl\\\/wp-content\\\/uploads\\\/2025\\\/09\\\/raijmakers-heetmakers-giftpack-hot-honey.jpg\",\"contentUrl\":\"https:\\\/\\\/www.heatsupply.nl\\\/wp-content\\\/uploads\\\/2025\\\/09\\\/raijmakers-heetmakers-giftpack-hot-honey.jpg\",\"width\":1400,\"height\":1400,\"caption\":\"raijmakers heetmakers giftpack hot honey\"},{\"@type\":\"BreadcrumbList\",\"@id\":\"https:\\\/\\\/www.heatsupply.nl\\\/de\\\/produkt\\\/raijmakers-heetmakers-giftset-hot-honey\\\/#breadcrumb\",\"itemListElement\":[{\"@type\":\"ListItem\",\"position\":1,\"name\":\"Home\",\"item\":\"https:\\\/\\\/www.heatsupply.nl\\\/de\\\/\"},{\"@type\":\"ListItem\",\"position\":2,\"name\":\"Alle produkten\",\"item\":\"https:\\\/\\\/www.heatsupply.nl\\\/de\\\/alle-produkten\\\/\"},{\"@type\":\"ListItem\",\"position\":3,\"name\":\"Scharfe So\u00dfen\",\"item\":\"https:\\\/\\\/www.heatsupply.nl\\\/de\\\/scharfe-sossen\\\/\"},{\"@type\":\"ListItem\",\"position\":4,\"name\":\"Geschenksets\",\"item\":\"https:\\\/\\\/www.heatsupply.nl\\\/de\\\/scharfe-sossen\\\/packs\\\/\"},{\"@type\":\"ListItem\",\"position\":5,\"name\":\"Raijmakers Heetmakers Giftset + Hot Honey\"}]},{\"@type\":\"WebSite\",\"@id\":\"https:\\\/\\\/www.heatsupply.nl\\\/de\\\/#website\",\"url\":\"https:\\\/\\\/www.heatsupply.nl\\\/de\\\/\",\"name\":\"Heatsupply\",\"description\":\"Hot sauce webstore #1 in Europe\",\"publisher\":{\"@id\":\"https:\\\/\\\/www.heatsupply.nl\\\/de\\\/#organization\"},\"potentialAction\":[{\"@type\":\"SearchAction\",\"target\":{\"@type\":\"EntryPoint\",\"urlTemplate\":\"https:\\\/\\\/www.heatsupply.nl\\\/de\\\/?s={search_term_string}\"},\"query-input\":{\"@type\":\"PropertyValueSpecification\",\"valueRequired\":true,\"valueName\":\"search_term_string\"}}],\"inLanguage\":\"de\"},{\"@type\":\"Organization\",\"@id\":\"https:\\\/\\\/www.heatsupply.nl\\\/de\\\/#organization\",\"name\":\"Heatsupply\",\"url\":\"https:\\\/\\\/www.heatsupply.nl\\\/de\\\/\",\"logo\":{\"@type\":\"ImageObject\",\"inLanguage\":\"de\",\"@id\":\"https:\\\/\\\/www.heatsupply.nl\\\/de\\\/#\\\/schema\\\/logo\\\/image\\\/\",\"url\":\"https:\\\/\\\/www.heatsupply.nl\\\/wp-content\\\/uploads\\\/2022\\\/10\\\/heatsupply-logo-rood.jpg\",\"contentUrl\":\"https:\\\/\\\/www.heatsupply.nl\\\/wp-content\\\/uploads\\\/2022\\\/10\\\/heatsupply-logo-rood.jpg\",\"width\":1000,\"height\":335,\"caption\":\"Heatsupply\"},\"image\":{\"@id\":\"https:\\\/\\\/www.heatsupply.nl\\\/de\\\/#\\\/schema\\\/logo\\\/image\\\/\"},\"sameAs\":[\"https:\\\/\\\/www.facebook.com\\\/heatsupplyNL\",\"https:\\\/\\\/www.instagram.com\\\/heatsuppy.nl\",\"https:\\\/\\\/www.youtube.com\\\/channel\\\/UC5pOWqQtljvxTz2SMWGWCsw\"]}]}<\/script>\n<meta property=\"product:price:amount\" content=\"49.75\" \/>\n<meta property=\"product:price:currency\" content=\"EUR\" \/>\n<meta property=\"og:availability\" content=\"instock\" \/>\n<meta property=\"product:availability\" content=\"instock\" \/>\n<meta property=\"product:retailer_item_id\" content=\"RHGSHH001\" \/>\n<meta property=\"product:condition\" content=\"new\" \/>\n<!-- \/ Yoast SEO Premium plugin. -->","yoast_head_json":{"title":"Raijmakers Heetmakers Giftset + Hot Honey - Heatsupply","description":"Kaufst du jetzt das Raijmakers Heetmakers Geschenkset + Hot Honey zum Top-Preis. Alle vier Hot Saucen plus der w\u00fcrzige Honig in einer Packung.","robots":{"index":"index","follow":"follow","max-snippet":"max-snippet:-1","max-image-preview":"max-image-preview:large","max-video-preview":"max-video-preview:-1"},"canonical":"https:\/\/www.heatsupply.nl\/de\/produkt\/raijmakers-heetmakers-giftset-hot-honey\/","og_locale":"de_DE","og_type":"article","og_title":"Raijmakers Heetmakers Giftset + Hot Honey","og_description":"Kaufst du jetzt das Raijmakers Heetmakers Geschenkset + Hot Honey zum Top-Preis. Alle vier Hot Saucen plus der w\u00fcrzige Honig in einer Packung.","og_url":"https:\/\/www.heatsupply.nl\/de\/produkt\/raijmakers-heetmakers-giftset-hot-honey\/","og_site_name":"Heatsupply","article_publisher":"https:\/\/www.facebook.com\/heatsupplyNL","article_modified_time":"2026-03-03T11:33:48+00:00","og_image":[{"width":1400,"height":1400,"url":"https:\/\/www.heatsupply.nl\/wp-content\/uploads\/2025\/09\/raijmakers-heetmakers-giftpack-hot-honey.jpg","type":"image\/jpeg"}],"twitter_card":"summary_large_image","twitter_misc":{"Preis":"&euro;49,75","Verf\u00fcgbarkeit":"Auf Lager"},"schema":{"@context":"https:\/\/schema.org","@graph":[{"@type":"WebPage","@id":"https:\/\/www.heatsupply.nl\/de\/produkt\/raijmakers-heetmakers-giftset-hot-honey\/","url":"https:\/\/www.heatsupply.nl\/de\/produkt\/raijmakers-heetmakers-giftset-hot-honey\/","name":"Raijmakers Heetmakers Giftset + Hot Honey - Heatsupply","isPartOf":{"@id":"https:\/\/www.heatsupply.nl\/de\/#website"},"primaryImageOfPage":{"@id":"https:\/\/www.heatsupply.nl\/de\/produkt\/raijmakers-heetmakers-giftset-hot-honey\/#primaryimage"},"image":{"@id":"https:\/\/www.heatsupply.nl\/de\/produkt\/raijmakers-heetmakers-giftset-hot-honey\/#primaryimage"},"thumbnailUrl":"https:\/\/www.heatsupply.nl\/wp-content\/uploads\/2025\/09\/raijmakers-heetmakers-giftpack-hot-honey.jpg","datePublished":"2025-09-11T12:46:53+00:00","dateModified":"2026-03-03T11:33:48+00:00","description":"Kaufst du jetzt das Raijmakers Heetmakers Geschenkset + Hot Honey zum Top-Preis. Alle vier Hot Saucen plus der w\u00fcrzige Honig in einer Packung.","breadcrumb":{"@id":"https:\/\/www.heatsupply.nl\/de\/produkt\/raijmakers-heetmakers-giftset-hot-honey\/#breadcrumb"},"inLanguage":"de","potentialAction":[{"@type":"ReadAction","target":["https:\/\/www.heatsupply.nl\/de\/produkt\/raijmakers-heetmakers-giftset-hot-honey\/"]}]},{"@type":"ImageObject","inLanguage":"de","@id":"https:\/\/www.heatsupply.nl\/de\/produkt\/raijmakers-heetmakers-giftset-hot-honey\/#primaryimage","url":"https:\/\/www.heatsupply.nl\/wp-content\/uploads\/2025\/09\/raijmakers-heetmakers-giftpack-hot-honey.jpg","contentUrl":"https:\/\/www.heatsupply.nl\/wp-content\/uploads\/2025\/09\/raijmakers-heetmakers-giftpack-hot-honey.jpg","width":1400,"height":1400,"caption":"raijmakers heetmakers giftpack hot honey"},{"@type":"BreadcrumbList","@id":"https:\/\/www.heatsupply.nl\/de\/produkt\/raijmakers-heetmakers-giftset-hot-honey\/#breadcrumb","itemListElement":[{"@type":"ListItem","position":1,"name":"Home","item":"https:\/\/www.heatsupply.nl\/de\/"},{"@type":"ListItem","position":2,"name":"Alle produkten","item":"https:\/\/www.heatsupply.nl\/de\/alle-produkten\/"},{"@type":"ListItem","position":3,"name":"Scharfe So\u00dfen","item":"https:\/\/www.heatsupply.nl\/de\/scharfe-sossen\/"},{"@type":"ListItem","position":4,"name":"Geschenksets","item":"https:\/\/www.heatsupply.nl\/de\/scharfe-sossen\/packs\/"},{"@type":"ListItem","position":5,"name":"Raijmakers Heetmakers Giftset + Hot Honey"}]},{"@type":"WebSite","@id":"https:\/\/www.heatsupply.nl\/de\/#website","url":"https:\/\/www.heatsupply.nl\/de\/","name":"Heatsupply","description":"Hot sauce webstore #1 in Europe","publisher":{"@id":"https:\/\/www.heatsupply.nl\/de\/#organization"},"potentialAction":[{"@type":"SearchAction","target":{"@type":"EntryPoint","urlTemplate":"https:\/\/www.heatsupply.nl\/de\/?s={search_term_string}"},"query-input":{"@type":"PropertyValueSpecification","valueRequired":true,"valueName":"search_term_string"}}],"inLanguage":"de"},{"@type":"Organization","@id":"https:\/\/www.heatsupply.nl\/de\/#organization","name":"Heatsupply","url":"https:\/\/www.heatsupply.nl\/de\/","logo":{"@type":"ImageObject","inLanguage":"de","@id":"https:\/\/www.heatsupply.nl\/de\/#\/schema\/logo\/image\/","url":"https:\/\/www.heatsupply.nl\/wp-content\/uploads\/2022\/10\/heatsupply-logo-rood.jpg","contentUrl":"https:\/\/www.heatsupply.nl\/wp-content\/uploads\/2022\/10\/heatsupply-logo-rood.jpg","width":1000,"height":335,"caption":"Heatsupply"},"image":{"@id":"https:\/\/www.heatsupply.nl\/de\/#\/schema\/logo\/image\/"},"sameAs":["https:\/\/www.facebook.com\/heatsupplyNL","https:\/\/www.instagram.com\/heatsuppy.nl","https:\/\/www.youtube.com\/channel\/UC5pOWqQtljvxTz2SMWGWCsw"]}]},"product_price_amount":"49.75","product_price_currency":"EUR","og_availability":"instock","product_availability":"instock","product_retailer_item_id":"RHGSHH001","product_condition":"new"},"_links":{"self":[{"href":"https:\/\/www.heatsupply.nl\/de\/wp-json\/wp\/v2\/product\/185293","targetHints":{"allow":["GET"]}}],"collection":[{"href":"https:\/\/www.heatsupply.nl\/de\/wp-json\/wp\/v2\/product"}],"about":[{"href":"https:\/\/www.heatsupply.nl\/de\/wp-json\/wp\/v2\/types\/product"}],"replies":[{"embeddable":true,"href":"https:\/\/www.heatsupply.nl\/de\/wp-json\/wp\/v2\/comments?post=185293"}],"wp:featuredmedia":[{"embeddable":true,"href":"https:\/\/www.heatsupply.nl\/de\/wp-json\/wp\/v2\/media\/185240"}],"wp:attachment":[{"href":"https:\/\/www.heatsupply.nl\/de\/wp-json\/wp\/v2\/media?parent=185293"}],"wp:term":[{"taxonomy":"product_brand","embeddable":true,"href":"https:\/\/www.heatsupply.nl\/de\/wp-json\/wp\/v2\/product_brand?post=185293"},{"taxonomy":"product_cat","embeddable":true,"href":"https:\/\/www.heatsupply.nl\/de\/wp-json\/wp\/v2\/product_cat?post=185293"},{"taxonomy":"product_tag","embeddable":true,"href":"https:\/\/www.heatsupply.nl\/de\/wp-json\/wp\/v2\/product_tag?post=185293"}],"curies":[{"name":"wp","href":"https:\/\/api.w.org\/{rel}","templated":true}]}}