{"id":185274,"date":"2024-09-01T13:42:44","date_gmt":"2024-09-01T11:42:44","guid":{"rendered":"https:\/\/www.heatsupply.nl\/product\/doctor-salsas-peanuts-from-beyond-hell-level-2\/"},"modified":"2026-05-14T21:51:11","modified_gmt":"2026-05-14T19:51:11","slug":"doctor-salsas-peanuts-from-beyond-hell-level-2","status":"publish","type":"product","link":"https:\/\/www.heatsupply.nl\/de\/produkt\/doctor-salsas-peanuts-from-beyond-hell-level-2\/","title":{"rendered":"Doctor Salsas Peanuts From Beyond Hell Level 2"},"content":{"rendered":"<p><strong>Zutaten Doctor Salsas Peanuts From Beyond Hell Level 2<\/strong>: Gesch\u00e4lte ERDN\u00dcSSE, Oliven\u00f6l, Salz, Carolina Reaper &amp; Moruga Scorpion Paprika<\/p>\n<p>Allergene: ERDN\u00dcSSE<\/p>\n<p><span style=\"text-decoration: underline;\">N\u00e4hrwerte pro 100 g:<\/span><br \/>\nEnergie: 2689 kJ\/641 kcal<br \/>\nFett: 62,1 g<br \/>\ndavon ges\u00e4ttigte Fetts\u00e4uren: 8,9 g<br \/>\nKohlenhydrate: 18,5 g<br \/>\ndavon Zucker: 4,8 g<br \/>\nEiwei\u00df: 24,9 g<br \/>\nSalz: 2,2 g<\/p>\n","protected":false},"excerpt":{"rendered":"<p>Doctor Salsas Peanuts From Beyond Hell Level 2 sind unglaublich scharfe Erdn\u00fcsse, \u00fcberzogen mit Carolina Reaper &amp; Morgua Scorpion Pulver. Doctor Salsas behauptet sogar, dass sie zu den sch\u00e4rfsten Erdn\u00fcssen der Welt geh\u00f6ren und das glauben wir sofort. Der Geschmack der Chilis kommt sch\u00f6n zur Geltung, aber schnell \u00fcbernimmt die Sch\u00e4rfe das Kommando. Nur f\u00fcr echte Chili-Freaks!<\/p>\n<p><strong>Au\u00dferhalb der Reichweite von Kindern aufbewahren!<\/strong><\/p>\n<ul>\n<li>Herkunft: Granada, Spanien<\/li>\n<li>Inhalt: 20g<\/li>\n<\/ul>\n","protected":false},"featured_media":185130,"comment_status":"open","ping_status":"closed","template":"","meta":{"_acf_changed":false},"product_brand":[],"product_cat":[4047],"product_tag":[],"class_list":{"0":"post-185274","1":"product","2":"type-product","3":"status-publish","4":"has-post-thumbnail","6":"product_cat-snacks","8":"first","9":"instock","10":"taxable","11":"shipping-taxable","12":"purchasable","13":"product-type-simple"},"bundled_by":[],"bundle_stock_status":"instock","bundle_stock_quantity":13,"bundle_virtual":false,"bundle_layout":"","bundle_add_to_cart_form_location":"","bundle_editable_in_cart":false,"bundle_sold_individually_context":"","bundle_item_grouping":"","bundle_min_size":"","bundle_max_size":"","bundle_price":[],"bundled_items":[],"bundle_sell_ids":[],"acf":[],"yoast_head":"<!-- This site is optimized with the Yoast SEO Premium plugin v27.5 (Yoast SEO v27.5) - https:\/\/yoast.com\/product\/yoast-seo-premium-wordpress\/ -->\n<title>Doctor Salsas Peanuts From Beyond Hell Level 2 - Heatsupply<\/title>\n<meta name=\"description\" content=\"Doctor Salsas Peanuts From Beyond Hell Level 2 sind unglaublich scharfe Erdn\u00fcsse, die mit Carolina Reaper- und Morgua Scorpion-Pulver \u00fcberzogen sind.\" \/>\n<meta name=\"robots\" content=\"index, follow, max-snippet:-1, max-image-preview:large, max-video-preview:-1\" \/>\n<link rel=\"canonical\" href=\"https:\/\/www.heatsupply.nl\/de\/produkt\/doctor-salsas-peanuts-from-beyond-hell-level-2\/\" \/>\n<meta property=\"og:locale\" content=\"de_DE\" \/>\n<meta property=\"og:type\" content=\"article\" \/>\n<meta property=\"og:title\" content=\"Doctor Salsas Peanuts From Beyond Hell Level 2\" \/>\n<meta property=\"og:description\" content=\"Doctor Salsas Peanuts From Beyond Hell Level 2 sind unglaublich scharfe Erdn\u00fcsse, die mit Carolina Reaper- und Morgua Scorpion-Pulver \u00fcberzogen sind.\" \/>\n<meta property=\"og:url\" content=\"https:\/\/www.heatsupply.nl\/de\/produkt\/doctor-salsas-peanuts-from-beyond-hell-level-2\/\" \/>\n<meta property=\"og:site_name\" content=\"Heatsupply\" \/>\n<meta property=\"article:publisher\" content=\"https:\/\/www.facebook.com\/heatsupplyNL\" \/>\n<meta property=\"article:modified_time\" content=\"2026-05-14T19:51:11+00:00\" \/>\n<meta property=\"og:image\" content=\"https:\/\/www.heatsupply.nl\/wp-content\/uploads\/2025\/09\/dr-salsa-peanuts-from-beyond-hell-2.jpg\" \/>\n\t<meta property=\"og:image:width\" content=\"1400\" \/>\n\t<meta property=\"og:image:height\" content=\"1400\" \/>\n\t<meta property=\"og:image:type\" content=\"image\/jpeg\" \/>\n<meta name=\"twitter:card\" content=\"summary_large_image\" \/>\n<meta name=\"twitter:label1\" content=\"Preis\" \/>\n\t<meta name=\"twitter:data1\" content=\"&euro;5,95\" \/>\n\t<meta name=\"twitter:label2\" content=\"Verf\u00fcgbarkeit\" \/>\n\t<meta name=\"twitter:data2\" content=\"Auf Lager\" \/>\n<script type=\"application\/ld+json\" class=\"yoast-schema-graph\">{\"@context\":\"https:\\\/\\\/schema.org\",\"@graph\":[{\"@type\":\"WebPage\",\"@id\":\"https:\\\/\\\/www.heatsupply.nl\\\/de\\\/produkt\\\/doctor-salsas-peanuts-from-beyond-hell-level-2\\\/\",\"url\":\"https:\\\/\\\/www.heatsupply.nl\\\/de\\\/produkt\\\/doctor-salsas-peanuts-from-beyond-hell-level-2\\\/\",\"name\":\"Doctor Salsas Peanuts From Beyond Hell Level 2 - Heatsupply\",\"isPartOf\":{\"@id\":\"https:\\\/\\\/www.heatsupply.nl\\\/de\\\/#website\"},\"primaryImageOfPage\":{\"@id\":\"https:\\\/\\\/www.heatsupply.nl\\\/de\\\/produkt\\\/doctor-salsas-peanuts-from-beyond-hell-level-2\\\/#primaryimage\"},\"image\":{\"@id\":\"https:\\\/\\\/www.heatsupply.nl\\\/de\\\/produkt\\\/doctor-salsas-peanuts-from-beyond-hell-level-2\\\/#primaryimage\"},\"thumbnailUrl\":\"https:\\\/\\\/www.heatsupply.nl\\\/wp-content\\\/uploads\\\/2025\\\/09\\\/dr-salsa-peanuts-from-beyond-hell-2.jpg\",\"datePublished\":\"2024-09-01T11:42:44+00:00\",\"dateModified\":\"2026-05-14T19:51:11+00:00\",\"description\":\"Doctor Salsas Peanuts From Beyond Hell Level 2 sind unglaublich scharfe Erdn\u00fcsse, die mit Carolina Reaper- und Morgua Scorpion-Pulver \u00fcberzogen sind.\",\"breadcrumb\":{\"@id\":\"https:\\\/\\\/www.heatsupply.nl\\\/de\\\/produkt\\\/doctor-salsas-peanuts-from-beyond-hell-level-2\\\/#breadcrumb\"},\"inLanguage\":\"de\",\"potentialAction\":[{\"@type\":\"ReadAction\",\"target\":[\"https:\\\/\\\/www.heatsupply.nl\\\/de\\\/produkt\\\/doctor-salsas-peanuts-from-beyond-hell-level-2\\\/\"]}]},{\"@type\":\"ImageObject\",\"inLanguage\":\"de\",\"@id\":\"https:\\\/\\\/www.heatsupply.nl\\\/de\\\/produkt\\\/doctor-salsas-peanuts-from-beyond-hell-level-2\\\/#primaryimage\",\"url\":\"https:\\\/\\\/www.heatsupply.nl\\\/wp-content\\\/uploads\\\/2025\\\/09\\\/dr-salsa-peanuts-from-beyond-hell-2.jpg\",\"contentUrl\":\"https:\\\/\\\/www.heatsupply.nl\\\/wp-content\\\/uploads\\\/2025\\\/09\\\/dr-salsa-peanuts-from-beyond-hell-2.jpg\",\"width\":1400,\"height\":1400,\"caption\":\"doctor salsas peanuts from beyond hell level 2\"},{\"@type\":\"BreadcrumbList\",\"@id\":\"https:\\\/\\\/www.heatsupply.nl\\\/de\\\/produkt\\\/doctor-salsas-peanuts-from-beyond-hell-level-2\\\/#breadcrumb\",\"itemListElement\":[{\"@type\":\"ListItem\",\"position\":1,\"name\":\"Home\",\"item\":\"https:\\\/\\\/www.heatsupply.nl\\\/de\\\/\"},{\"@type\":\"ListItem\",\"position\":2,\"name\":\"Alle produkten\",\"item\":\"https:\\\/\\\/www.heatsupply.nl\\\/de\\\/alle-produkten\\\/\"},{\"@type\":\"ListItem\",\"position\":3,\"name\":\"Spicy\",\"item\":\"https:\\\/\\\/www.heatsupply.nl\\\/de\\\/spicy\\\/\"},{\"@type\":\"ListItem\",\"position\":4,\"name\":\"Snacks\",\"item\":\"https:\\\/\\\/www.heatsupply.nl\\\/de\\\/spicy\\\/snacks\\\/\"},{\"@type\":\"ListItem\",\"position\":5,\"name\":\"Doctor Salsas Peanuts From Beyond Hell Level 2\"}]},{\"@type\":\"WebSite\",\"@id\":\"https:\\\/\\\/www.heatsupply.nl\\\/de\\\/#website\",\"url\":\"https:\\\/\\\/www.heatsupply.nl\\\/de\\\/\",\"name\":\"Heatsupply\",\"description\":\"Hot sauce webstore #1 in Europe\",\"publisher\":{\"@id\":\"https:\\\/\\\/www.heatsupply.nl\\\/de\\\/#organization\"},\"potentialAction\":[{\"@type\":\"SearchAction\",\"target\":{\"@type\":\"EntryPoint\",\"urlTemplate\":\"https:\\\/\\\/www.heatsupply.nl\\\/de\\\/?s={search_term_string}\"},\"query-input\":{\"@type\":\"PropertyValueSpecification\",\"valueRequired\":true,\"valueName\":\"search_term_string\"}}],\"inLanguage\":\"de\"},{\"@type\":\"Organization\",\"@id\":\"https:\\\/\\\/www.heatsupply.nl\\\/de\\\/#organization\",\"name\":\"Heatsupply\",\"url\":\"https:\\\/\\\/www.heatsupply.nl\\\/de\\\/\",\"logo\":{\"@type\":\"ImageObject\",\"inLanguage\":\"de\",\"@id\":\"https:\\\/\\\/www.heatsupply.nl\\\/de\\\/#\\\/schema\\\/logo\\\/image\\\/\",\"url\":\"https:\\\/\\\/www.heatsupply.nl\\\/wp-content\\\/uploads\\\/2022\\\/10\\\/heatsupply-logo-rood.jpg\",\"contentUrl\":\"https:\\\/\\\/www.heatsupply.nl\\\/wp-content\\\/uploads\\\/2022\\\/10\\\/heatsupply-logo-rood.jpg\",\"width\":1000,\"height\":335,\"caption\":\"Heatsupply\"},\"image\":{\"@id\":\"https:\\\/\\\/www.heatsupply.nl\\\/de\\\/#\\\/schema\\\/logo\\\/image\\\/\"},\"sameAs\":[\"https:\\\/\\\/www.facebook.com\\\/heatsupplyNL\",\"https:\\\/\\\/www.instagram.com\\\/heatsuppy.nl\",\"https:\\\/\\\/www.youtube.com\\\/channel\\\/UC5pOWqQtljvxTz2SMWGWCsw\"]}]}<\/script>\n<meta property=\"product:price:amount\" content=\"5.95\" \/>\n<meta property=\"product:price:currency\" content=\"EUR\" \/>\n<meta property=\"og:availability\" content=\"instock\" \/>\n<meta property=\"product:availability\" content=\"instock\" \/>\n<meta property=\"product:retailer_item_id\" content=\"DSPFBHL2001\" \/>\n<meta property=\"product:condition\" content=\"new\" \/>\n<!-- \/ Yoast SEO Premium plugin. -->","yoast_head_json":{"title":"Doctor Salsas Peanuts From Beyond Hell Level 2 - Heatsupply","description":"Doctor Salsas Peanuts From Beyond Hell Level 2 sind unglaublich scharfe Erdn\u00fcsse, die mit Carolina Reaper- und Morgua Scorpion-Pulver \u00fcberzogen sind.","robots":{"index":"index","follow":"follow","max-snippet":"max-snippet:-1","max-image-preview":"max-image-preview:large","max-video-preview":"max-video-preview:-1"},"canonical":"https:\/\/www.heatsupply.nl\/de\/produkt\/doctor-salsas-peanuts-from-beyond-hell-level-2\/","og_locale":"de_DE","og_type":"article","og_title":"Doctor Salsas Peanuts From Beyond Hell Level 2","og_description":"Doctor Salsas Peanuts From Beyond Hell Level 2 sind unglaublich scharfe Erdn\u00fcsse, die mit Carolina Reaper- und Morgua Scorpion-Pulver \u00fcberzogen sind.","og_url":"https:\/\/www.heatsupply.nl\/de\/produkt\/doctor-salsas-peanuts-from-beyond-hell-level-2\/","og_site_name":"Heatsupply","article_publisher":"https:\/\/www.facebook.com\/heatsupplyNL","article_modified_time":"2026-05-14T19:51:11+00:00","og_image":[{"width":1400,"height":1400,"url":"https:\/\/www.heatsupply.nl\/wp-content\/uploads\/2025\/09\/dr-salsa-peanuts-from-beyond-hell-2.jpg","type":"image\/jpeg"}],"twitter_card":"summary_large_image","twitter_misc":{"Preis":"&euro;5,95","Verf\u00fcgbarkeit":"Auf Lager"},"schema":{"@context":"https:\/\/schema.org","@graph":[{"@type":"WebPage","@id":"https:\/\/www.heatsupply.nl\/de\/produkt\/doctor-salsas-peanuts-from-beyond-hell-level-2\/","url":"https:\/\/www.heatsupply.nl\/de\/produkt\/doctor-salsas-peanuts-from-beyond-hell-level-2\/","name":"Doctor Salsas Peanuts From Beyond Hell Level 2 - Heatsupply","isPartOf":{"@id":"https:\/\/www.heatsupply.nl\/de\/#website"},"primaryImageOfPage":{"@id":"https:\/\/www.heatsupply.nl\/de\/produkt\/doctor-salsas-peanuts-from-beyond-hell-level-2\/#primaryimage"},"image":{"@id":"https:\/\/www.heatsupply.nl\/de\/produkt\/doctor-salsas-peanuts-from-beyond-hell-level-2\/#primaryimage"},"thumbnailUrl":"https:\/\/www.heatsupply.nl\/wp-content\/uploads\/2025\/09\/dr-salsa-peanuts-from-beyond-hell-2.jpg","datePublished":"2024-09-01T11:42:44+00:00","dateModified":"2026-05-14T19:51:11+00:00","description":"Doctor Salsas Peanuts From Beyond Hell Level 2 sind unglaublich scharfe Erdn\u00fcsse, die mit Carolina Reaper- und Morgua Scorpion-Pulver \u00fcberzogen sind.","breadcrumb":{"@id":"https:\/\/www.heatsupply.nl\/de\/produkt\/doctor-salsas-peanuts-from-beyond-hell-level-2\/#breadcrumb"},"inLanguage":"de","potentialAction":[{"@type":"ReadAction","target":["https:\/\/www.heatsupply.nl\/de\/produkt\/doctor-salsas-peanuts-from-beyond-hell-level-2\/"]}]},{"@type":"ImageObject","inLanguage":"de","@id":"https:\/\/www.heatsupply.nl\/de\/produkt\/doctor-salsas-peanuts-from-beyond-hell-level-2\/#primaryimage","url":"https:\/\/www.heatsupply.nl\/wp-content\/uploads\/2025\/09\/dr-salsa-peanuts-from-beyond-hell-2.jpg","contentUrl":"https:\/\/www.heatsupply.nl\/wp-content\/uploads\/2025\/09\/dr-salsa-peanuts-from-beyond-hell-2.jpg","width":1400,"height":1400,"caption":"doctor salsas peanuts from beyond hell level 2"},{"@type":"BreadcrumbList","@id":"https:\/\/www.heatsupply.nl\/de\/produkt\/doctor-salsas-peanuts-from-beyond-hell-level-2\/#breadcrumb","itemListElement":[{"@type":"ListItem","position":1,"name":"Home","item":"https:\/\/www.heatsupply.nl\/de\/"},{"@type":"ListItem","position":2,"name":"Alle produkten","item":"https:\/\/www.heatsupply.nl\/de\/alle-produkten\/"},{"@type":"ListItem","position":3,"name":"Spicy","item":"https:\/\/www.heatsupply.nl\/de\/spicy\/"},{"@type":"ListItem","position":4,"name":"Snacks","item":"https:\/\/www.heatsupply.nl\/de\/spicy\/snacks\/"},{"@type":"ListItem","position":5,"name":"Doctor Salsas Peanuts From Beyond Hell Level 2"}]},{"@type":"WebSite","@id":"https:\/\/www.heatsupply.nl\/de\/#website","url":"https:\/\/www.heatsupply.nl\/de\/","name":"Heatsupply","description":"Hot sauce webstore #1 in Europe","publisher":{"@id":"https:\/\/www.heatsupply.nl\/de\/#organization"},"potentialAction":[{"@type":"SearchAction","target":{"@type":"EntryPoint","urlTemplate":"https:\/\/www.heatsupply.nl\/de\/?s={search_term_string}"},"query-input":{"@type":"PropertyValueSpecification","valueRequired":true,"valueName":"search_term_string"}}],"inLanguage":"de"},{"@type":"Organization","@id":"https:\/\/www.heatsupply.nl\/de\/#organization","name":"Heatsupply","url":"https:\/\/www.heatsupply.nl\/de\/","logo":{"@type":"ImageObject","inLanguage":"de","@id":"https:\/\/www.heatsupply.nl\/de\/#\/schema\/logo\/image\/","url":"https:\/\/www.heatsupply.nl\/wp-content\/uploads\/2022\/10\/heatsupply-logo-rood.jpg","contentUrl":"https:\/\/www.heatsupply.nl\/wp-content\/uploads\/2022\/10\/heatsupply-logo-rood.jpg","width":1000,"height":335,"caption":"Heatsupply"},"image":{"@id":"https:\/\/www.heatsupply.nl\/de\/#\/schema\/logo\/image\/"},"sameAs":["https:\/\/www.facebook.com\/heatsupplyNL","https:\/\/www.instagram.com\/heatsuppy.nl","https:\/\/www.youtube.com\/channel\/UC5pOWqQtljvxTz2SMWGWCsw"]}]},"product_price_amount":"5.95","product_price_currency":"EUR","og_availability":"instock","product_availability":"instock","product_retailer_item_id":"DSPFBHL2001","product_condition":"new"},"_links":{"self":[{"href":"https:\/\/www.heatsupply.nl\/de\/wp-json\/wp\/v2\/product\/185274","targetHints":{"allow":["GET"]}}],"collection":[{"href":"https:\/\/www.heatsupply.nl\/de\/wp-json\/wp\/v2\/product"}],"about":[{"href":"https:\/\/www.heatsupply.nl\/de\/wp-json\/wp\/v2\/types\/product"}],"replies":[{"embeddable":true,"href":"https:\/\/www.heatsupply.nl\/de\/wp-json\/wp\/v2\/comments?post=185274"}],"wp:featuredmedia":[{"embeddable":true,"href":"https:\/\/www.heatsupply.nl\/de\/wp-json\/wp\/v2\/media\/185130"}],"wp:attachment":[{"href":"https:\/\/www.heatsupply.nl\/de\/wp-json\/wp\/v2\/media?parent=185274"}],"wp:term":[{"taxonomy":"product_brand","embeddable":true,"href":"https:\/\/www.heatsupply.nl\/de\/wp-json\/wp\/v2\/product_brand?post=185274"},{"taxonomy":"product_cat","embeddable":true,"href":"https:\/\/www.heatsupply.nl\/de\/wp-json\/wp\/v2\/product_cat?post=185274"},{"taxonomy":"product_tag","embeddable":true,"href":"https:\/\/www.heatsupply.nl\/de\/wp-json\/wp\/v2\/product_tag?post=185274"}],"curies":[{"name":"wp","href":"https:\/\/api.w.org\/{rel}","templated":true}]}}