{"id":185148,"date":"2025-09-11T10:16:47","date_gmt":"2025-09-11T08:16:47","guid":{"rendered":"https:\/\/www.heatsupply.nl\/?post_type=product&#038;p=185148"},"modified":"2026-03-12T21:49:02","modified_gmt":"2026-03-12T20:49:02","slug":"renae-black-coffee-habanero-hot-sauce","status":"publish","type":"product","link":"https:\/\/www.heatsupply.nl\/de\/produkt\/renae-black-coffee-habanero-hot-sauce\/","title":{"rendered":"Renae Black Coffee Habanero Hot Sauce"},"content":{"rendered":"<p><strong>Zutaten Renae Black Coffee Habanero Hot Sauce<\/strong>: Rote Paprika, s\u00fc\u00dfe Zwiebeln, Kaffee-essig, rote Habaneros, EVOO (natives Oliven\u00f6l extra), Apfelessig, Knoblauch, frische Ingwerwurzel, Salz, ger\u00e4ucherter Paprika, Chipotle, Zimt.<\/p>\n<p><span style=\"text-decoration: underline;\">N\u00e4hrwerte pro 100 g:<\/span><br \/>\nEnergie: 295 kJ\/71 kcal<br \/>\nFett: 4,3 g<br \/>\ndavon ges\u00e4ttigte Fetts\u00e4uren: 0,6 g<br \/>\nKohlenhydrate: 6,8 g<br \/>\ndavon Zucker: 3,5 g<br \/>\nEiwei\u00df: 0,9 g<br \/>\nSalz: 0,75 g<\/p>\n<p>Vor Gebrauch sch\u00fctteln und nach dem \u00d6ffnen im K\u00fchlschrank aufbewahren.<\/p>\n","protected":false},"excerpt":{"rendered":"<p style=\"text-align: justify;\">Renae Black Coffee Habanero Hot Sauce ist mit kaffee-infundiertem Essig gemacht und das schmeckt man gut raus. Neben einer leichten S\u00e4ure hat sie n\u00e4mlich auch eine leicht bittere Note. Ansonsten ist sie vor allem herzhaft und s\u00fc\u00df im Geschmack. Das kommt durch die Verwendung von s\u00fc\u00dfen Zwiebeln, Paprika, Zimt, Knoblauch und Oliven\u00f6l. Zum Schluss gibt&#8217;s auch noch einen rauchigen Nachgeschmack. Den verdankt sie ger\u00e4uchertem Paprikapulver und Chipotle.<\/p>\n<p style=\"text-align: justify;\">Alles in allem eine super ausbalancierte Hot Sauce, die richtig gut zu rotem Fleisch und Pasta passt, wie zum Beispiel einem Champignon-Risotto.<\/p>\n<ul>\n<li style=\"text-align: justify;\">Herkunft: Andalusien, Spanien<\/li>\n<li style=\"text-align: justify;\">Inhalt: 100 ml<\/li>\n<\/ul>\n","protected":false},"featured_media":185171,"comment_status":"open","ping_status":"closed","template":"","meta":{"_acf_changed":false},"product_brand":[],"product_cat":[3930,3994,3787,4046],"product_tag":[],"class_list":{"0":"post-185148","1":"product","2":"type-product","3":"status-publish","4":"has-post-thumbnail","6":"product_cat-chipotle","7":"product_cat-europaeische-scharfe-saucen","8":"product_cat-scharfe-sossen","9":"product_cat-spicy","11":"first","12":"instock","13":"taxable","14":"shipping-taxable","15":"purchasable","16":"product-type-simple"},"bundled_by":[],"bundle_stock_status":"instock","bundle_stock_quantity":14,"bundle_virtual":false,"bundle_layout":"","bundle_add_to_cart_form_location":"","bundle_editable_in_cart":false,"bundle_sold_individually_context":"","bundle_item_grouping":"","bundle_min_size":"","bundle_max_size":"","bundle_price":[],"bundled_items":[],"bundle_sell_ids":[],"acf":[],"yoast_head":"<!-- This site is optimized with the Yoast SEO Premium plugin v27.4 (Yoast SEO v27.4) - https:\/\/yoast.com\/product\/yoast-seo-premium-wordpress\/ -->\n<title>Renae Black Coffee Habanero Hot Sauce - Heatsupply<\/title>\n<meta name=\"description\" content=\"Renae Black Coffee Habanero Hot Sauce wird aus Kaffeeessig, s\u00fc\u00dfen Zwiebeln, Paprika und Zimt hergestellt. S\u00fc\u00df, herzhaft und mit einem Hauch Rauch.\" \/>\n<meta name=\"robots\" content=\"index, follow, max-snippet:-1, max-image-preview:large, max-video-preview:-1\" \/>\n<link rel=\"canonical\" href=\"https:\/\/www.heatsupply.nl\/de\/produkt\/renae-black-coffee-habanero-hot-sauce\/\" \/>\n<meta property=\"og:locale\" content=\"de_DE\" \/>\n<meta property=\"og:type\" content=\"article\" \/>\n<meta property=\"og:title\" content=\"Renae Black Coffee Habanero Hot Sauce\" \/>\n<meta property=\"og:description\" content=\"Renae Black Coffee Habanero Hot Sauce wird aus Kaffeeessig, s\u00fc\u00dfen Zwiebeln, Paprika und Zimt hergestellt. S\u00fc\u00df, herzhaft und mit einem Hauch Rauch.\" \/>\n<meta property=\"og:url\" content=\"https:\/\/www.heatsupply.nl\/de\/produkt\/renae-black-coffee-habanero-hot-sauce\/\" \/>\n<meta property=\"og:site_name\" content=\"Heatsupply\" \/>\n<meta property=\"article:publisher\" content=\"https:\/\/www.facebook.com\/heatsupplyNL\" \/>\n<meta property=\"article:modified_time\" content=\"2026-03-12T20:49:02+00:00\" \/>\n<meta property=\"og:image\" content=\"https:\/\/www.heatsupply.nl\/wp-content\/uploads\/2025\/09\/renae-black-coffee-habanero-hot-sauce.jpg\" \/>\n\t<meta property=\"og:image:width\" content=\"1400\" \/>\n\t<meta property=\"og:image:height\" content=\"1400\" \/>\n\t<meta property=\"og:image:type\" content=\"image\/jpeg\" \/>\n<meta name=\"twitter:card\" content=\"summary_large_image\" \/>\n<meta name=\"twitter:label1\" content=\"Preis\" \/>\n\t<meta name=\"twitter:data1\" content=\"&euro;8,95\" \/>\n\t<meta name=\"twitter:label2\" content=\"Verf\u00fcgbarkeit\" \/>\n\t<meta name=\"twitter:data2\" content=\"Auf Lager\" \/>\n<script type=\"application\/ld+json\" class=\"yoast-schema-graph\">{\"@context\":\"https:\\\/\\\/schema.org\",\"@graph\":[{\"@type\":\"WebPage\",\"@id\":\"https:\\\/\\\/www.heatsupply.nl\\\/de\\\/produkt\\\/renae-black-coffee-habanero-hot-sauce\\\/\",\"url\":\"https:\\\/\\\/www.heatsupply.nl\\\/de\\\/produkt\\\/renae-black-coffee-habanero-hot-sauce\\\/\",\"name\":\"Renae Black Coffee Habanero Hot Sauce - Heatsupply\",\"isPartOf\":{\"@id\":\"https:\\\/\\\/www.heatsupply.nl\\\/de\\\/#website\"},\"primaryImageOfPage\":{\"@id\":\"https:\\\/\\\/www.heatsupply.nl\\\/de\\\/produkt\\\/renae-black-coffee-habanero-hot-sauce\\\/#primaryimage\"},\"image\":{\"@id\":\"https:\\\/\\\/www.heatsupply.nl\\\/de\\\/produkt\\\/renae-black-coffee-habanero-hot-sauce\\\/#primaryimage\"},\"thumbnailUrl\":\"https:\\\/\\\/www.heatsupply.nl\\\/wp-content\\\/uploads\\\/2025\\\/09\\\/renae-black-coffee-habanero-hot-sauce.jpg\",\"datePublished\":\"2025-09-11T08:16:47+00:00\",\"dateModified\":\"2026-03-12T20:49:02+00:00\",\"description\":\"Renae Black Coffee Habanero Hot Sauce wird aus Kaffeeessig, s\u00fc\u00dfen Zwiebeln, Paprika und Zimt hergestellt. S\u00fc\u00df, herzhaft und mit einem Hauch Rauch.\",\"breadcrumb\":{\"@id\":\"https:\\\/\\\/www.heatsupply.nl\\\/de\\\/produkt\\\/renae-black-coffee-habanero-hot-sauce\\\/#breadcrumb\"},\"inLanguage\":\"de\",\"potentialAction\":[{\"@type\":\"ReadAction\",\"target\":[\"https:\\\/\\\/www.heatsupply.nl\\\/de\\\/produkt\\\/renae-black-coffee-habanero-hot-sauce\\\/\"]}]},{\"@type\":\"ImageObject\",\"inLanguage\":\"de\",\"@id\":\"https:\\\/\\\/www.heatsupply.nl\\\/de\\\/produkt\\\/renae-black-coffee-habanero-hot-sauce\\\/#primaryimage\",\"url\":\"https:\\\/\\\/www.heatsupply.nl\\\/wp-content\\\/uploads\\\/2025\\\/09\\\/renae-black-coffee-habanero-hot-sauce.jpg\",\"contentUrl\":\"https:\\\/\\\/www.heatsupply.nl\\\/wp-content\\\/uploads\\\/2025\\\/09\\\/renae-black-coffee-habanero-hot-sauce.jpg\",\"width\":1400,\"height\":1400,\"caption\":\"renae black coffee habanero hot sauce\"},{\"@type\":\"BreadcrumbList\",\"@id\":\"https:\\\/\\\/www.heatsupply.nl\\\/de\\\/produkt\\\/renae-black-coffee-habanero-hot-sauce\\\/#breadcrumb\",\"itemListElement\":[{\"@type\":\"ListItem\",\"position\":1,\"name\":\"Home\",\"item\":\"https:\\\/\\\/www.heatsupply.nl\\\/de\\\/\"},{\"@type\":\"ListItem\",\"position\":2,\"name\":\"Alle produkten\",\"item\":\"https:\\\/\\\/www.heatsupply.nl\\\/de\\\/alle-produkten\\\/\"},{\"@type\":\"ListItem\",\"position\":3,\"name\":\"Scharfe So\u00dfen\",\"item\":\"https:\\\/\\\/www.heatsupply.nl\\\/de\\\/scharfe-sossen\\\/\"},{\"@type\":\"ListItem\",\"position\":4,\"name\":\"Chipotle\",\"item\":\"https:\\\/\\\/www.heatsupply.nl\\\/de\\\/scharfe-sossen\\\/chipotle\\\/\"},{\"@type\":\"ListItem\",\"position\":5,\"name\":\"Renae Black Coffee Habanero Hot Sauce\"}]},{\"@type\":\"WebSite\",\"@id\":\"https:\\\/\\\/www.heatsupply.nl\\\/de\\\/#website\",\"url\":\"https:\\\/\\\/www.heatsupply.nl\\\/de\\\/\",\"name\":\"Heatsupply\",\"description\":\"Hot sauce webstore #1 in Europe\",\"publisher\":{\"@id\":\"https:\\\/\\\/www.heatsupply.nl\\\/de\\\/#organization\"},\"potentialAction\":[{\"@type\":\"SearchAction\",\"target\":{\"@type\":\"EntryPoint\",\"urlTemplate\":\"https:\\\/\\\/www.heatsupply.nl\\\/de\\\/?s={search_term_string}\"},\"query-input\":{\"@type\":\"PropertyValueSpecification\",\"valueRequired\":true,\"valueName\":\"search_term_string\"}}],\"inLanguage\":\"de\"},{\"@type\":\"Organization\",\"@id\":\"https:\\\/\\\/www.heatsupply.nl\\\/de\\\/#organization\",\"name\":\"Heatsupply\",\"url\":\"https:\\\/\\\/www.heatsupply.nl\\\/de\\\/\",\"logo\":{\"@type\":\"ImageObject\",\"inLanguage\":\"de\",\"@id\":\"https:\\\/\\\/www.heatsupply.nl\\\/de\\\/#\\\/schema\\\/logo\\\/image\\\/\",\"url\":\"https:\\\/\\\/www.heatsupply.nl\\\/wp-content\\\/uploads\\\/2022\\\/10\\\/heatsupply-logo-rood.jpg\",\"contentUrl\":\"https:\\\/\\\/www.heatsupply.nl\\\/wp-content\\\/uploads\\\/2022\\\/10\\\/heatsupply-logo-rood.jpg\",\"width\":1000,\"height\":335,\"caption\":\"Heatsupply\"},\"image\":{\"@id\":\"https:\\\/\\\/www.heatsupply.nl\\\/de\\\/#\\\/schema\\\/logo\\\/image\\\/\"},\"sameAs\":[\"https:\\\/\\\/www.facebook.com\\\/heatsupplyNL\",\"https:\\\/\\\/www.instagram.com\\\/heatsuppy.nl\",\"https:\\\/\\\/www.youtube.com\\\/channel\\\/UC5pOWqQtljvxTz2SMWGWCsw\"]}]}<\/script>\n<meta property=\"product:brand\" content=\"Renae\" \/>\n<meta property=\"product:price:amount\" content=\"8.95\" \/>\n<meta property=\"product:price:currency\" content=\"EUR\" \/>\n<meta property=\"og:availability\" content=\"instock\" \/>\n<meta property=\"product:availability\" content=\"instock\" \/>\n<meta property=\"product:retailer_item_id\" content=\"RENBCH001\" \/>\n<meta property=\"product:condition\" content=\"new\" \/>\n<!-- \/ Yoast SEO Premium plugin. -->","yoast_head_json":{"title":"Renae Black Coffee Habanero Hot Sauce - Heatsupply","description":"Renae Black Coffee Habanero Hot Sauce wird aus Kaffeeessig, s\u00fc\u00dfen Zwiebeln, Paprika und Zimt hergestellt. S\u00fc\u00df, herzhaft und mit einem Hauch Rauch.","robots":{"index":"index","follow":"follow","max-snippet":"max-snippet:-1","max-image-preview":"max-image-preview:large","max-video-preview":"max-video-preview:-1"},"canonical":"https:\/\/www.heatsupply.nl\/de\/produkt\/renae-black-coffee-habanero-hot-sauce\/","og_locale":"de_DE","og_type":"article","og_title":"Renae Black Coffee Habanero Hot Sauce","og_description":"Renae Black Coffee Habanero Hot Sauce wird aus Kaffeeessig, s\u00fc\u00dfen Zwiebeln, Paprika und Zimt hergestellt. S\u00fc\u00df, herzhaft und mit einem Hauch Rauch.","og_url":"https:\/\/www.heatsupply.nl\/de\/produkt\/renae-black-coffee-habanero-hot-sauce\/","og_site_name":"Heatsupply","article_publisher":"https:\/\/www.facebook.com\/heatsupplyNL","article_modified_time":"2026-03-12T20:49:02+00:00","og_image":[{"width":1400,"height":1400,"url":"https:\/\/www.heatsupply.nl\/wp-content\/uploads\/2025\/09\/renae-black-coffee-habanero-hot-sauce.jpg","type":"image\/jpeg"}],"twitter_card":"summary_large_image","twitter_misc":{"Preis":"&euro;8,95","Verf\u00fcgbarkeit":"Auf Lager"},"schema":{"@context":"https:\/\/schema.org","@graph":[{"@type":"WebPage","@id":"https:\/\/www.heatsupply.nl\/de\/produkt\/renae-black-coffee-habanero-hot-sauce\/","url":"https:\/\/www.heatsupply.nl\/de\/produkt\/renae-black-coffee-habanero-hot-sauce\/","name":"Renae Black Coffee Habanero Hot Sauce - Heatsupply","isPartOf":{"@id":"https:\/\/www.heatsupply.nl\/de\/#website"},"primaryImageOfPage":{"@id":"https:\/\/www.heatsupply.nl\/de\/produkt\/renae-black-coffee-habanero-hot-sauce\/#primaryimage"},"image":{"@id":"https:\/\/www.heatsupply.nl\/de\/produkt\/renae-black-coffee-habanero-hot-sauce\/#primaryimage"},"thumbnailUrl":"https:\/\/www.heatsupply.nl\/wp-content\/uploads\/2025\/09\/renae-black-coffee-habanero-hot-sauce.jpg","datePublished":"2025-09-11T08:16:47+00:00","dateModified":"2026-03-12T20:49:02+00:00","description":"Renae Black Coffee Habanero Hot Sauce wird aus Kaffeeessig, s\u00fc\u00dfen Zwiebeln, Paprika und Zimt hergestellt. S\u00fc\u00df, herzhaft und mit einem Hauch Rauch.","breadcrumb":{"@id":"https:\/\/www.heatsupply.nl\/de\/produkt\/renae-black-coffee-habanero-hot-sauce\/#breadcrumb"},"inLanguage":"de","potentialAction":[{"@type":"ReadAction","target":["https:\/\/www.heatsupply.nl\/de\/produkt\/renae-black-coffee-habanero-hot-sauce\/"]}]},{"@type":"ImageObject","inLanguage":"de","@id":"https:\/\/www.heatsupply.nl\/de\/produkt\/renae-black-coffee-habanero-hot-sauce\/#primaryimage","url":"https:\/\/www.heatsupply.nl\/wp-content\/uploads\/2025\/09\/renae-black-coffee-habanero-hot-sauce.jpg","contentUrl":"https:\/\/www.heatsupply.nl\/wp-content\/uploads\/2025\/09\/renae-black-coffee-habanero-hot-sauce.jpg","width":1400,"height":1400,"caption":"renae black coffee habanero hot sauce"},{"@type":"BreadcrumbList","@id":"https:\/\/www.heatsupply.nl\/de\/produkt\/renae-black-coffee-habanero-hot-sauce\/#breadcrumb","itemListElement":[{"@type":"ListItem","position":1,"name":"Home","item":"https:\/\/www.heatsupply.nl\/de\/"},{"@type":"ListItem","position":2,"name":"Alle produkten","item":"https:\/\/www.heatsupply.nl\/de\/alle-produkten\/"},{"@type":"ListItem","position":3,"name":"Scharfe So\u00dfen","item":"https:\/\/www.heatsupply.nl\/de\/scharfe-sossen\/"},{"@type":"ListItem","position":4,"name":"Chipotle","item":"https:\/\/www.heatsupply.nl\/de\/scharfe-sossen\/chipotle\/"},{"@type":"ListItem","position":5,"name":"Renae Black Coffee Habanero Hot Sauce"}]},{"@type":"WebSite","@id":"https:\/\/www.heatsupply.nl\/de\/#website","url":"https:\/\/www.heatsupply.nl\/de\/","name":"Heatsupply","description":"Hot sauce webstore #1 in Europe","publisher":{"@id":"https:\/\/www.heatsupply.nl\/de\/#organization"},"potentialAction":[{"@type":"SearchAction","target":{"@type":"EntryPoint","urlTemplate":"https:\/\/www.heatsupply.nl\/de\/?s={search_term_string}"},"query-input":{"@type":"PropertyValueSpecification","valueRequired":true,"valueName":"search_term_string"}}],"inLanguage":"de"},{"@type":"Organization","@id":"https:\/\/www.heatsupply.nl\/de\/#organization","name":"Heatsupply","url":"https:\/\/www.heatsupply.nl\/de\/","logo":{"@type":"ImageObject","inLanguage":"de","@id":"https:\/\/www.heatsupply.nl\/de\/#\/schema\/logo\/image\/","url":"https:\/\/www.heatsupply.nl\/wp-content\/uploads\/2022\/10\/heatsupply-logo-rood.jpg","contentUrl":"https:\/\/www.heatsupply.nl\/wp-content\/uploads\/2022\/10\/heatsupply-logo-rood.jpg","width":1000,"height":335,"caption":"Heatsupply"},"image":{"@id":"https:\/\/www.heatsupply.nl\/de\/#\/schema\/logo\/image\/"},"sameAs":["https:\/\/www.facebook.com\/heatsupplyNL","https:\/\/www.instagram.com\/heatsuppy.nl","https:\/\/www.youtube.com\/channel\/UC5pOWqQtljvxTz2SMWGWCsw"]}]},"product_brand":"Renae","product_price_amount":"8.95","product_price_currency":"EUR","og_availability":"instock","product_availability":"instock","product_retailer_item_id":"RENBCH001","product_condition":"new"},"_links":{"self":[{"href":"https:\/\/www.heatsupply.nl\/de\/wp-json\/wp\/v2\/product\/185148","targetHints":{"allow":["GET"]}}],"collection":[{"href":"https:\/\/www.heatsupply.nl\/de\/wp-json\/wp\/v2\/product"}],"about":[{"href":"https:\/\/www.heatsupply.nl\/de\/wp-json\/wp\/v2\/types\/product"}],"replies":[{"embeddable":true,"href":"https:\/\/www.heatsupply.nl\/de\/wp-json\/wp\/v2\/comments?post=185148"}],"wp:featuredmedia":[{"embeddable":true,"href":"https:\/\/www.heatsupply.nl\/de\/wp-json\/wp\/v2\/media\/185171"}],"wp:attachment":[{"href":"https:\/\/www.heatsupply.nl\/de\/wp-json\/wp\/v2\/media?parent=185148"}],"wp:term":[{"taxonomy":"product_brand","embeddable":true,"href":"https:\/\/www.heatsupply.nl\/de\/wp-json\/wp\/v2\/product_brand?post=185148"},{"taxonomy":"product_cat","embeddable":true,"href":"https:\/\/www.heatsupply.nl\/de\/wp-json\/wp\/v2\/product_cat?post=185148"},{"taxonomy":"product_tag","embeddable":true,"href":"https:\/\/www.heatsupply.nl\/de\/wp-json\/wp\/v2\/product_tag?post=185148"}],"curies":[{"name":"wp","href":"https:\/\/api.w.org\/{rel}","templated":true}]}}