{"id":184875,"date":"2025-09-08T14:43:41","date_gmt":"2025-09-08T12:43:41","guid":{"rendered":"https:\/\/www.heatsupply.nl\/?post_type=product&#038;p=184875"},"modified":"2026-03-18T21:56:51","modified_gmt":"2026-03-18T20:56:51","slug":"laurent-dagenais-x-heartbeat-salsa-verde","status":"publish","type":"product","link":"https:\/\/www.heatsupply.nl\/de\/produkt\/laurent-dagenais-x-heartbeat-salsa-verde\/","title":{"rendered":"Laurent Dagenais x Heartbeat Salsa Verde"},"content":{"rendered":"<p><strong>Zutaten Laurent Dagenais x Heartbeat Salsa Verde<\/strong>: Destillierter Essig, Serrano, Jalape\u00f1o, Poblano, Ananas, Tomatillo, Zwiebel, Limettensaft, Zucker (Honig), Fr\u00fchlingszwiebel, Meersalz, Knoblauch, Oliven\u00f6l, Petersilie, Avocado\u00f6l, Koriander, Oregano.<\/p>\n<p><span style=\"text-decoration: underline;\">N\u00e4hrwerte pro 100 g:<\/span><br \/>\nEnergie: 334,72 kJ\/80 kcal<br \/>\nFett: 4 g<br \/>\ndavon ges\u00e4ttigte Fetts\u00e4uren: 0,5 g<br \/>\nKohlenhydrate: 10 g<br \/>\ndavon Zucker: 6 g<br \/>\nEiwei\u00df: 1 g<br \/>\nSalz: 2,895 g<\/p>\n<p>Vor Gebrauch sch\u00fctteln und nach dem \u00d6ffnen im K\u00fchlschrank aufbewahren.<\/p>\n","protected":false},"excerpt":{"rendered":"<p style=\"text-align: justify;\">Diese Laurent Dagenais x Heartbeat Salsa Verde Hot Sauce ist das Ergebnis einer Zusammenarbeit zwischen zwei echten kanadischen Ikonen. Der eine ist ein Star in der (Online-)K\u00fcchenwelt, der andere ein absoluter Profi im Hot Sauce Business. Die Sauce ist eine Hommage an das Video, das Laurent Dagenais ber\u00fchmt gemacht hat \u2013 ein legend\u00e4res Steak-Taco-Rezept mit Salsa Verde. In dieser Hot Sauce stecken gleich drei verschiedene Chilis (Jalape\u00f1o, Serrano &amp; Poblano), dazu Ananas, Tomatillo, Fr\u00fchlingszwiebel und jede Menge andere leckere Zutaten.<\/p>\n<p style=\"text-align: justify;\">Das Ergebnis? Eine herrlich frische, s\u00e4uerliche und herzhafte Hot Sauce mit mittlerer Sch\u00e4rfe und einem fruchtigen Twist. Perfekt zu Steak-Tacos nat\u00fcrlich, aber auch zu Fisch, gegrilltem Gem\u00fcse, einem Ei und vielem mehr.<\/p>\n<ul>\n<li style=\"text-align: justify;\">Herkunft: Kanada<\/li>\n<li style=\"text-align: justify;\">Inhalt: 177 ml<\/li>\n<\/ul>\n","protected":false},"featured_media":184887,"comment_status":"open","ping_status":"closed","template":"","meta":{"_acf_changed":false},"product_brand":[],"product_cat":[3915,3787,4046],"product_tag":[],"class_list":{"0":"post-184875","1":"product","2":"type-product","3":"status-publish","4":"has-post-thumbnail","6":"product_cat-jalapeno","7":"product_cat-scharfe-sossen","8":"product_cat-spicy","10":"first","11":"outofstock","12":"taxable","13":"shipping-taxable","14":"purchasable","15":"product-type-simple"},"bundled_by":[],"bundle_stock_status":"outofstock","bundle_stock_quantity":0,"bundle_virtual":false,"bundle_layout":"","bundle_add_to_cart_form_location":"","bundle_editable_in_cart":false,"bundle_sold_individually_context":"","bundle_item_grouping":"","bundle_min_size":"","bundle_max_size":"","bundle_price":[],"bundled_items":[],"bundle_sell_ids":[],"acf":[],"yoast_head":"<!-- This site is optimized with the Yoast SEO Premium plugin v27.4 (Yoast SEO v27.4) - https:\/\/yoast.com\/product\/yoast-seo-premium-wordpress\/ -->\n<title>Laurent Dagenais x Heartbeat Salsa Verde - Heatsupply<\/title>\n<meta name=\"description\" content=\"Diese scharfe Sauce ist eine Zusammenarbeit von Laurent Dagenais und Heartbeat, inspiriert vom viralen Video des K\u00fcchenchefs Dagenais. Jetzt bei Heatsupply bestellen!\" \/>\n<meta name=\"robots\" content=\"index, follow, max-snippet:-1, max-image-preview:large, max-video-preview:-1\" \/>\n<link rel=\"canonical\" href=\"https:\/\/www.heatsupply.nl\/de\/produkt\/laurent-dagenais-x-heartbeat-salsa-verde\/\" \/>\n<meta property=\"og:locale\" content=\"de_DE\" \/>\n<meta property=\"og:type\" content=\"article\" \/>\n<meta property=\"og:title\" content=\"Laurent Dagenais x Heartbeat Salsa Verde\" \/>\n<meta property=\"og:description\" content=\"Diese scharfe Sauce ist eine Zusammenarbeit von Laurent Dagenais und Heartbeat, inspiriert vom viralen Video des K\u00fcchenchefs Dagenais. Jetzt bei Heatsupply bestellen!\" \/>\n<meta property=\"og:url\" content=\"https:\/\/www.heatsupply.nl\/de\/produkt\/laurent-dagenais-x-heartbeat-salsa-verde\/\" \/>\n<meta property=\"og:site_name\" content=\"Heatsupply\" \/>\n<meta property=\"article:publisher\" content=\"https:\/\/www.facebook.com\/heatsupplyNL\" \/>\n<meta property=\"article:modified_time\" content=\"2026-03-18T20:56:51+00:00\" \/>\n<meta property=\"og:image\" content=\"https:\/\/www.heatsupply.nl\/wp-content\/uploads\/2025\/09\/heartbeat-laurent-dagenais-salsa-verder-hot-sauce.jpg\" \/>\n\t<meta property=\"og:image:width\" content=\"1400\" \/>\n\t<meta property=\"og:image:height\" content=\"1400\" \/>\n\t<meta property=\"og:image:type\" content=\"image\/jpeg\" \/>\n<meta name=\"twitter:card\" content=\"summary_large_image\" \/>\n<meta name=\"twitter:label1\" content=\"Preis\" \/>\n\t<meta name=\"twitter:data1\" content=\"&euro;10,95\" \/>\n\t<meta name=\"twitter:label2\" content=\"Verf\u00fcgbarkeit\" \/>\n\t<meta name=\"twitter:data2\" content=\"ausverkauft\" \/>\n<script type=\"application\/ld+json\" class=\"yoast-schema-graph\">{\"@context\":\"https:\\\/\\\/schema.org\",\"@graph\":[{\"@type\":\"WebPage\",\"@id\":\"https:\\\/\\\/www.heatsupply.nl\\\/de\\\/produkt\\\/laurent-dagenais-x-heartbeat-salsa-verde\\\/\",\"url\":\"https:\\\/\\\/www.heatsupply.nl\\\/de\\\/produkt\\\/laurent-dagenais-x-heartbeat-salsa-verde\\\/\",\"name\":\"Laurent Dagenais x Heartbeat Salsa Verde - Heatsupply\",\"isPartOf\":{\"@id\":\"https:\\\/\\\/www.heatsupply.nl\\\/de\\\/#website\"},\"primaryImageOfPage\":{\"@id\":\"https:\\\/\\\/www.heatsupply.nl\\\/de\\\/produkt\\\/laurent-dagenais-x-heartbeat-salsa-verde\\\/#primaryimage\"},\"image\":{\"@id\":\"https:\\\/\\\/www.heatsupply.nl\\\/de\\\/produkt\\\/laurent-dagenais-x-heartbeat-salsa-verde\\\/#primaryimage\"},\"thumbnailUrl\":\"https:\\\/\\\/www.heatsupply.nl\\\/wp-content\\\/uploads\\\/2025\\\/09\\\/heartbeat-laurent-dagenais-salsa-verder-hot-sauce.jpg\",\"datePublished\":\"2025-09-08T12:43:41+00:00\",\"dateModified\":\"2026-03-18T20:56:51+00:00\",\"description\":\"Diese scharfe Sauce ist eine Zusammenarbeit von Laurent Dagenais und Heartbeat, inspiriert vom viralen Video des K\u00fcchenchefs Dagenais. Jetzt bei Heatsupply bestellen!\",\"breadcrumb\":{\"@id\":\"https:\\\/\\\/www.heatsupply.nl\\\/de\\\/produkt\\\/laurent-dagenais-x-heartbeat-salsa-verde\\\/#breadcrumb\"},\"inLanguage\":\"de\",\"potentialAction\":[{\"@type\":\"ReadAction\",\"target\":[\"https:\\\/\\\/www.heatsupply.nl\\\/de\\\/produkt\\\/laurent-dagenais-x-heartbeat-salsa-verde\\\/\"]}]},{\"@type\":\"ImageObject\",\"inLanguage\":\"de\",\"@id\":\"https:\\\/\\\/www.heatsupply.nl\\\/de\\\/produkt\\\/laurent-dagenais-x-heartbeat-salsa-verde\\\/#primaryimage\",\"url\":\"https:\\\/\\\/www.heatsupply.nl\\\/wp-content\\\/uploads\\\/2025\\\/09\\\/heartbeat-laurent-dagenais-salsa-verder-hot-sauce.jpg\",\"contentUrl\":\"https:\\\/\\\/www.heatsupply.nl\\\/wp-content\\\/uploads\\\/2025\\\/09\\\/heartbeat-laurent-dagenais-salsa-verder-hot-sauce.jpg\",\"width\":1400,\"height\":1400,\"caption\":\"laurent dagenais heartbeat salsa verde hot sauce\"},{\"@type\":\"BreadcrumbList\",\"@id\":\"https:\\\/\\\/www.heatsupply.nl\\\/de\\\/produkt\\\/laurent-dagenais-x-heartbeat-salsa-verde\\\/#breadcrumb\",\"itemListElement\":[{\"@type\":\"ListItem\",\"position\":1,\"name\":\"Home\",\"item\":\"https:\\\/\\\/www.heatsupply.nl\\\/de\\\/\"},{\"@type\":\"ListItem\",\"position\":2,\"name\":\"Alle produkten\",\"item\":\"https:\\\/\\\/www.heatsupply.nl\\\/de\\\/alle-produkten\\\/\"},{\"@type\":\"ListItem\",\"position\":3,\"name\":\"Scharfe So\u00dfen\",\"item\":\"https:\\\/\\\/www.heatsupply.nl\\\/de\\\/scharfe-sossen\\\/\"},{\"@type\":\"ListItem\",\"position\":4,\"name\":\"Jalapeno\",\"item\":\"https:\\\/\\\/www.heatsupply.nl\\\/de\\\/scharfe-sossen\\\/jalapeno\\\/\"},{\"@type\":\"ListItem\",\"position\":5,\"name\":\"Laurent Dagenais x Heartbeat Salsa Verde\"}]},{\"@type\":\"WebSite\",\"@id\":\"https:\\\/\\\/www.heatsupply.nl\\\/de\\\/#website\",\"url\":\"https:\\\/\\\/www.heatsupply.nl\\\/de\\\/\",\"name\":\"Heatsupply\",\"description\":\"Hot sauce webstore #1 in Europe\",\"publisher\":{\"@id\":\"https:\\\/\\\/www.heatsupply.nl\\\/de\\\/#organization\"},\"potentialAction\":[{\"@type\":\"SearchAction\",\"target\":{\"@type\":\"EntryPoint\",\"urlTemplate\":\"https:\\\/\\\/www.heatsupply.nl\\\/de\\\/?s={search_term_string}\"},\"query-input\":{\"@type\":\"PropertyValueSpecification\",\"valueRequired\":true,\"valueName\":\"search_term_string\"}}],\"inLanguage\":\"de\"},{\"@type\":\"Organization\",\"@id\":\"https:\\\/\\\/www.heatsupply.nl\\\/de\\\/#organization\",\"name\":\"Heatsupply\",\"url\":\"https:\\\/\\\/www.heatsupply.nl\\\/de\\\/\",\"logo\":{\"@type\":\"ImageObject\",\"inLanguage\":\"de\",\"@id\":\"https:\\\/\\\/www.heatsupply.nl\\\/de\\\/#\\\/schema\\\/logo\\\/image\\\/\",\"url\":\"https:\\\/\\\/www.heatsupply.nl\\\/wp-content\\\/uploads\\\/2022\\\/10\\\/heatsupply-logo-rood.jpg\",\"contentUrl\":\"https:\\\/\\\/www.heatsupply.nl\\\/wp-content\\\/uploads\\\/2022\\\/10\\\/heatsupply-logo-rood.jpg\",\"width\":1000,\"height\":335,\"caption\":\"Heatsupply\"},\"image\":{\"@id\":\"https:\\\/\\\/www.heatsupply.nl\\\/de\\\/#\\\/schema\\\/logo\\\/image\\\/\"},\"sameAs\":[\"https:\\\/\\\/www.facebook.com\\\/heatsupplyNL\",\"https:\\\/\\\/www.instagram.com\\\/heatsuppy.nl\",\"https:\\\/\\\/www.youtube.com\\\/channel\\\/UC5pOWqQtljvxTz2SMWGWCsw\"]}]}<\/script>\n<meta property=\"product:brand\" content=\"Heartbeat\" \/>\n<meta property=\"product:price:amount\" content=\"10.95\" \/>\n<meta property=\"product:price:currency\" content=\"EUR\" \/>\n<meta property=\"og:availability\" content=\"out of stock\" \/>\n<meta property=\"product:availability\" content=\"out of stock\" \/>\n<meta property=\"product:retailer_item_id\" content=\"DAGHB001\" \/>\n<meta property=\"product:condition\" content=\"new\" \/>\n<!-- \/ Yoast SEO Premium plugin. -->","yoast_head_json":{"title":"Laurent Dagenais x Heartbeat Salsa Verde - Heatsupply","description":"Diese scharfe Sauce ist eine Zusammenarbeit von Laurent Dagenais und Heartbeat, inspiriert vom viralen Video des K\u00fcchenchefs Dagenais. Jetzt bei Heatsupply bestellen!","robots":{"index":"index","follow":"follow","max-snippet":"max-snippet:-1","max-image-preview":"max-image-preview:large","max-video-preview":"max-video-preview:-1"},"canonical":"https:\/\/www.heatsupply.nl\/de\/produkt\/laurent-dagenais-x-heartbeat-salsa-verde\/","og_locale":"de_DE","og_type":"article","og_title":"Laurent Dagenais x Heartbeat Salsa Verde","og_description":"Diese scharfe Sauce ist eine Zusammenarbeit von Laurent Dagenais und Heartbeat, inspiriert vom viralen Video des K\u00fcchenchefs Dagenais. Jetzt bei Heatsupply bestellen!","og_url":"https:\/\/www.heatsupply.nl\/de\/produkt\/laurent-dagenais-x-heartbeat-salsa-verde\/","og_site_name":"Heatsupply","article_publisher":"https:\/\/www.facebook.com\/heatsupplyNL","article_modified_time":"2026-03-18T20:56:51+00:00","og_image":[{"width":1400,"height":1400,"url":"https:\/\/www.heatsupply.nl\/wp-content\/uploads\/2025\/09\/heartbeat-laurent-dagenais-salsa-verder-hot-sauce.jpg","type":"image\/jpeg"}],"twitter_card":"summary_large_image","twitter_misc":{"Preis":"&euro;10,95","Verf\u00fcgbarkeit":"ausverkauft"},"schema":{"@context":"https:\/\/schema.org","@graph":[{"@type":"WebPage","@id":"https:\/\/www.heatsupply.nl\/de\/produkt\/laurent-dagenais-x-heartbeat-salsa-verde\/","url":"https:\/\/www.heatsupply.nl\/de\/produkt\/laurent-dagenais-x-heartbeat-salsa-verde\/","name":"Laurent Dagenais x Heartbeat Salsa Verde - Heatsupply","isPartOf":{"@id":"https:\/\/www.heatsupply.nl\/de\/#website"},"primaryImageOfPage":{"@id":"https:\/\/www.heatsupply.nl\/de\/produkt\/laurent-dagenais-x-heartbeat-salsa-verde\/#primaryimage"},"image":{"@id":"https:\/\/www.heatsupply.nl\/de\/produkt\/laurent-dagenais-x-heartbeat-salsa-verde\/#primaryimage"},"thumbnailUrl":"https:\/\/www.heatsupply.nl\/wp-content\/uploads\/2025\/09\/heartbeat-laurent-dagenais-salsa-verder-hot-sauce.jpg","datePublished":"2025-09-08T12:43:41+00:00","dateModified":"2026-03-18T20:56:51+00:00","description":"Diese scharfe Sauce ist eine Zusammenarbeit von Laurent Dagenais und Heartbeat, inspiriert vom viralen Video des K\u00fcchenchefs Dagenais. Jetzt bei Heatsupply bestellen!","breadcrumb":{"@id":"https:\/\/www.heatsupply.nl\/de\/produkt\/laurent-dagenais-x-heartbeat-salsa-verde\/#breadcrumb"},"inLanguage":"de","potentialAction":[{"@type":"ReadAction","target":["https:\/\/www.heatsupply.nl\/de\/produkt\/laurent-dagenais-x-heartbeat-salsa-verde\/"]}]},{"@type":"ImageObject","inLanguage":"de","@id":"https:\/\/www.heatsupply.nl\/de\/produkt\/laurent-dagenais-x-heartbeat-salsa-verde\/#primaryimage","url":"https:\/\/www.heatsupply.nl\/wp-content\/uploads\/2025\/09\/heartbeat-laurent-dagenais-salsa-verder-hot-sauce.jpg","contentUrl":"https:\/\/www.heatsupply.nl\/wp-content\/uploads\/2025\/09\/heartbeat-laurent-dagenais-salsa-verder-hot-sauce.jpg","width":1400,"height":1400,"caption":"laurent dagenais heartbeat salsa verde hot sauce"},{"@type":"BreadcrumbList","@id":"https:\/\/www.heatsupply.nl\/de\/produkt\/laurent-dagenais-x-heartbeat-salsa-verde\/#breadcrumb","itemListElement":[{"@type":"ListItem","position":1,"name":"Home","item":"https:\/\/www.heatsupply.nl\/de\/"},{"@type":"ListItem","position":2,"name":"Alle produkten","item":"https:\/\/www.heatsupply.nl\/de\/alle-produkten\/"},{"@type":"ListItem","position":3,"name":"Scharfe So\u00dfen","item":"https:\/\/www.heatsupply.nl\/de\/scharfe-sossen\/"},{"@type":"ListItem","position":4,"name":"Jalapeno","item":"https:\/\/www.heatsupply.nl\/de\/scharfe-sossen\/jalapeno\/"},{"@type":"ListItem","position":5,"name":"Laurent Dagenais x Heartbeat Salsa Verde"}]},{"@type":"WebSite","@id":"https:\/\/www.heatsupply.nl\/de\/#website","url":"https:\/\/www.heatsupply.nl\/de\/","name":"Heatsupply","description":"Hot sauce webstore #1 in Europe","publisher":{"@id":"https:\/\/www.heatsupply.nl\/de\/#organization"},"potentialAction":[{"@type":"SearchAction","target":{"@type":"EntryPoint","urlTemplate":"https:\/\/www.heatsupply.nl\/de\/?s={search_term_string}"},"query-input":{"@type":"PropertyValueSpecification","valueRequired":true,"valueName":"search_term_string"}}],"inLanguage":"de"},{"@type":"Organization","@id":"https:\/\/www.heatsupply.nl\/de\/#organization","name":"Heatsupply","url":"https:\/\/www.heatsupply.nl\/de\/","logo":{"@type":"ImageObject","inLanguage":"de","@id":"https:\/\/www.heatsupply.nl\/de\/#\/schema\/logo\/image\/","url":"https:\/\/www.heatsupply.nl\/wp-content\/uploads\/2022\/10\/heatsupply-logo-rood.jpg","contentUrl":"https:\/\/www.heatsupply.nl\/wp-content\/uploads\/2022\/10\/heatsupply-logo-rood.jpg","width":1000,"height":335,"caption":"Heatsupply"},"image":{"@id":"https:\/\/www.heatsupply.nl\/de\/#\/schema\/logo\/image\/"},"sameAs":["https:\/\/www.facebook.com\/heatsupplyNL","https:\/\/www.instagram.com\/heatsuppy.nl","https:\/\/www.youtube.com\/channel\/UC5pOWqQtljvxTz2SMWGWCsw"]}]},"product_brand":"Heartbeat","product_price_amount":"10.95","product_price_currency":"EUR","og_availability":"out of stock","product_availability":"out of stock","product_retailer_item_id":"DAGHB001","product_condition":"new"},"_links":{"self":[{"href":"https:\/\/www.heatsupply.nl\/de\/wp-json\/wp\/v2\/product\/184875","targetHints":{"allow":["GET"]}}],"collection":[{"href":"https:\/\/www.heatsupply.nl\/de\/wp-json\/wp\/v2\/product"}],"about":[{"href":"https:\/\/www.heatsupply.nl\/de\/wp-json\/wp\/v2\/types\/product"}],"replies":[{"embeddable":true,"href":"https:\/\/www.heatsupply.nl\/de\/wp-json\/wp\/v2\/comments?post=184875"}],"wp:featuredmedia":[{"embeddable":true,"href":"https:\/\/www.heatsupply.nl\/de\/wp-json\/wp\/v2\/media\/184887"}],"wp:attachment":[{"href":"https:\/\/www.heatsupply.nl\/de\/wp-json\/wp\/v2\/media?parent=184875"}],"wp:term":[{"taxonomy":"product_brand","embeddable":true,"href":"https:\/\/www.heatsupply.nl\/de\/wp-json\/wp\/v2\/product_brand?post=184875"},{"taxonomy":"product_cat","embeddable":true,"href":"https:\/\/www.heatsupply.nl\/de\/wp-json\/wp\/v2\/product_cat?post=184875"},{"taxonomy":"product_tag","embeddable":true,"href":"https:\/\/www.heatsupply.nl\/de\/wp-json\/wp\/v2\/product_tag?post=184875"}],"curies":[{"name":"wp","href":"https:\/\/api.w.org\/{rel}","templated":true}]}}