{"id":184234,"date":"2025-08-29T15:42:31","date_gmt":"2025-08-29T13:42:31","guid":{"rendered":"https:\/\/www.heatsupply.nl\/?post_type=product&#038;p=184234"},"modified":"2026-03-03T12:32:29","modified_gmt":"2026-03-03T11:32:29","slug":"sumo-hot-miso-sauce","status":"publish","type":"product","link":"https:\/\/www.heatsupply.nl\/de\/produkt\/sumo-hot-miso-sauce\/","title":{"rendered":"Sumo Hot Miso Sauce"},"content":{"rendered":"<p><strong>Zutaten Sumo Hot Miso Sauce<\/strong>:\u00a0Miso-Mix (SOJABOHNEN-MISO, GERSTEN-MISO) (17,11 %), Zucker (17,11 %), Glukose-Fruktose-Sirup (17,11 %), SOJASOSSE (14,67 %), Knoblauch (9,79 %), fermentierte Reisgew\u00fcrze (4,89 %), Geschmacksverst\u00e4rker (E621, E635) (3,67 %), Alkohol (3,67 %), rote Paprika (2,93 %), Salz (2,45 %), Verdickungsmittel (modifizierte St\u00e4rke) (2,45 %), SESAM\u00d6L (1,22 %), SESAM (0,98 %), Hefeextrakt (0,73 %), Ingwer (0,73 %), hydriertes St\u00e4rkehydrolysat (0,49 %), Isomaltulose.<\/p>\n<p><span style=\"text-decoration: underline;\">N\u00e4hrwerte pro 100 g:<\/span><br \/>\nEnergie: 925 kJ\/221 kcal<br \/>\nFett: 3,3 g<br \/>\ndavon ges\u00e4ttigte Fetts\u00e4uren: 0,31 g<br \/>\nKohlenhydrate: 41,1 g<br \/>\ndavon Zucker: 34,2 g<br \/>\nEiwei\u00df: 6,8 g<br \/>\nSalz: 6,8 g<\/p>\n<p>K\u00fchl und dunkel lagern. Nach dem \u00d6ffnen im K\u00fchlschrank aufbewahren und innerhalb von 3 Monaten verbrauchen.<\/p>\n","protected":false},"excerpt":{"rendered":"<p style=\"text-align: justify;\">Diese Sumo Hot Miso Sauce ist eine Bereicherung f\u00fcr jeden K\u00fcche! Wenn du nach etwas suchst, das eine ordentliche Portion Umami und sch\u00f6n viel Sch\u00e4rfe zu deinem gegrillten Fleisch, Wok-Gerichten, Gem\u00fcse oder was auch immer hinzuf\u00fcgt, dann ist das genau das Richtige f\u00fcr dich. Verwende sie zum Marinieren deines Fleisches, zum leckeren Anbraten oder um ein Gericht zu verfeinern. Hergestellt in Japan und somit wirklich so, wie eine scharfe Miso-Paste sein soll.<\/p>\n<ul>\n<li style=\"text-align: justify;\">Herkunft: Japan<\/li>\n<li style=\"text-align: justify;\">Inhalt: 150 g<\/li>\n<\/ul>\n","protected":false},"featured_media":184296,"comment_status":"open","ping_status":"closed","template":"","meta":{"_acf_changed":false},"product_brand":[],"product_cat":[4043],"product_tag":[],"class_list":{"0":"post-184234","1":"product","2":"type-product","3":"status-publish","4":"has-post-thumbnail","6":"product_cat-aromen","8":"first","9":"instock","10":"taxable","11":"shipping-taxable","12":"purchasable","13":"product-type-simple"},"bundled_by":[],"bundle_stock_status":"instock","bundle_stock_quantity":1,"bundle_virtual":false,"bundle_layout":"","bundle_add_to_cart_form_location":"","bundle_editable_in_cart":false,"bundle_sold_individually_context":"","bundle_item_grouping":"","bundle_min_size":"","bundle_max_size":"","bundle_price":[],"bundled_items":[],"bundle_sell_ids":[],"acf":[],"yoast_head":"<!-- This site is optimized with the Yoast SEO Premium plugin v27.4 (Yoast SEO v27.4) - https:\/\/yoast.com\/product\/yoast-seo-premium-wordpress\/ -->\n<title>Sumo Hot Miso Sauce - Heatsupply<\/title>\n<meta name=\"description\" content=\"Sumo Spicy Miso Sauce ist eine fermentierte Misopaste, angereichert mit Chilischoten, die Ihren Gerichten etwas Umami und Intensit\u00e4t verleiht.\" \/>\n<meta name=\"robots\" content=\"index, follow, max-snippet:-1, max-image-preview:large, max-video-preview:-1\" \/>\n<link rel=\"canonical\" href=\"https:\/\/www.heatsupply.nl\/de\/produkt\/sumo-hot-miso-sauce\/\" \/>\n<meta property=\"og:locale\" content=\"de_DE\" \/>\n<meta property=\"og:type\" content=\"article\" \/>\n<meta property=\"og:title\" content=\"Sumo Hot Miso Sauce\" \/>\n<meta property=\"og:description\" content=\"Sumo Spicy Miso Sauce ist eine fermentierte Misopaste, angereichert mit Chilischoten, die Ihren Gerichten etwas Umami und Intensit\u00e4t verleiht.\" \/>\n<meta property=\"og:url\" content=\"https:\/\/www.heatsupply.nl\/de\/produkt\/sumo-hot-miso-sauce\/\" \/>\n<meta property=\"og:site_name\" content=\"Heatsupply\" \/>\n<meta property=\"article:publisher\" content=\"https:\/\/www.facebook.com\/heatsupplyNL\" \/>\n<meta property=\"article:modified_time\" content=\"2026-03-03T11:32:29+00:00\" \/>\n<meta property=\"og:image\" content=\"https:\/\/www.heatsupply.nl\/wp-content\/uploads\/2025\/08\/hot-miso-sumo-sauce.jpg\" \/>\n\t<meta property=\"og:image:width\" content=\"1400\" \/>\n\t<meta property=\"og:image:height\" content=\"1400\" \/>\n\t<meta property=\"og:image:type\" content=\"image\/jpeg\" \/>\n<meta name=\"twitter:card\" content=\"summary_large_image\" \/>\n<meta name=\"twitter:label1\" content=\"Preis\" \/>\n\t<meta name=\"twitter:data1\" content=\"&euro;7,25\" \/>\n\t<meta name=\"twitter:label2\" content=\"Verf\u00fcgbarkeit\" \/>\n\t<meta name=\"twitter:data2\" content=\"Auf Lager\" \/>\n<script type=\"application\/ld+json\" class=\"yoast-schema-graph\">{\"@context\":\"https:\\\/\\\/schema.org\",\"@graph\":[{\"@type\":\"WebPage\",\"@id\":\"https:\\\/\\\/www.heatsupply.nl\\\/de\\\/produkt\\\/sumo-hot-miso-sauce\\\/\",\"url\":\"https:\\\/\\\/www.heatsupply.nl\\\/de\\\/produkt\\\/sumo-hot-miso-sauce\\\/\",\"name\":\"Sumo Hot Miso Sauce - Heatsupply\",\"isPartOf\":{\"@id\":\"https:\\\/\\\/www.heatsupply.nl\\\/de\\\/#website\"},\"primaryImageOfPage\":{\"@id\":\"https:\\\/\\\/www.heatsupply.nl\\\/de\\\/produkt\\\/sumo-hot-miso-sauce\\\/#primaryimage\"},\"image\":{\"@id\":\"https:\\\/\\\/www.heatsupply.nl\\\/de\\\/produkt\\\/sumo-hot-miso-sauce\\\/#primaryimage\"},\"thumbnailUrl\":\"https:\\\/\\\/www.heatsupply.nl\\\/wp-content\\\/uploads\\\/2025\\\/08\\\/hot-miso-sumo-sauce.jpg\",\"datePublished\":\"2025-08-29T13:42:31+00:00\",\"dateModified\":\"2026-03-03T11:32:29+00:00\",\"description\":\"Sumo Spicy Miso Sauce ist eine fermentierte Misopaste, angereichert mit Chilischoten, die Ihren Gerichten etwas Umami und Intensit\u00e4t verleiht.\",\"breadcrumb\":{\"@id\":\"https:\\\/\\\/www.heatsupply.nl\\\/de\\\/produkt\\\/sumo-hot-miso-sauce\\\/#breadcrumb\"},\"inLanguage\":\"de\",\"potentialAction\":[{\"@type\":\"ReadAction\",\"target\":[\"https:\\\/\\\/www.heatsupply.nl\\\/de\\\/produkt\\\/sumo-hot-miso-sauce\\\/\"]}]},{\"@type\":\"ImageObject\",\"inLanguage\":\"de\",\"@id\":\"https:\\\/\\\/www.heatsupply.nl\\\/de\\\/produkt\\\/sumo-hot-miso-sauce\\\/#primaryimage\",\"url\":\"https:\\\/\\\/www.heatsupply.nl\\\/wp-content\\\/uploads\\\/2025\\\/08\\\/hot-miso-sumo-sauce.jpg\",\"contentUrl\":\"https:\\\/\\\/www.heatsupply.nl\\\/wp-content\\\/uploads\\\/2025\\\/08\\\/hot-miso-sumo-sauce.jpg\",\"width\":1400,\"height\":1400,\"caption\":\"hot miso sumo sauce heatsupply\"},{\"@type\":\"BreadcrumbList\",\"@id\":\"https:\\\/\\\/www.heatsupply.nl\\\/de\\\/produkt\\\/sumo-hot-miso-sauce\\\/#breadcrumb\",\"itemListElement\":[{\"@type\":\"ListItem\",\"position\":1,\"name\":\"Home\",\"item\":\"https:\\\/\\\/www.heatsupply.nl\\\/de\\\/\"},{\"@type\":\"ListItem\",\"position\":2,\"name\":\"Alle produkten\",\"item\":\"https:\\\/\\\/www.heatsupply.nl\\\/de\\\/alle-produkten\\\/\"},{\"@type\":\"ListItem\",\"position\":3,\"name\":\"Spicy\",\"item\":\"https:\\\/\\\/www.heatsupply.nl\\\/de\\\/spicy\\\/\"},{\"@type\":\"ListItem\",\"position\":4,\"name\":\"Aromen\",\"item\":\"https:\\\/\\\/www.heatsupply.nl\\\/de\\\/spicy\\\/aromen\\\/\"},{\"@type\":\"ListItem\",\"position\":5,\"name\":\"Sumo Hot Miso Sauce\"}]},{\"@type\":\"WebSite\",\"@id\":\"https:\\\/\\\/www.heatsupply.nl\\\/de\\\/#website\",\"url\":\"https:\\\/\\\/www.heatsupply.nl\\\/de\\\/\",\"name\":\"Heatsupply\",\"description\":\"Hot sauce webstore #1 in Europe\",\"publisher\":{\"@id\":\"https:\\\/\\\/www.heatsupply.nl\\\/de\\\/#organization\"},\"potentialAction\":[{\"@type\":\"SearchAction\",\"target\":{\"@type\":\"EntryPoint\",\"urlTemplate\":\"https:\\\/\\\/www.heatsupply.nl\\\/de\\\/?s={search_term_string}\"},\"query-input\":{\"@type\":\"PropertyValueSpecification\",\"valueRequired\":true,\"valueName\":\"search_term_string\"}}],\"inLanguage\":\"de\"},{\"@type\":\"Organization\",\"@id\":\"https:\\\/\\\/www.heatsupply.nl\\\/de\\\/#organization\",\"name\":\"Heatsupply\",\"url\":\"https:\\\/\\\/www.heatsupply.nl\\\/de\\\/\",\"logo\":{\"@type\":\"ImageObject\",\"inLanguage\":\"de\",\"@id\":\"https:\\\/\\\/www.heatsupply.nl\\\/de\\\/#\\\/schema\\\/logo\\\/image\\\/\",\"url\":\"https:\\\/\\\/www.heatsupply.nl\\\/wp-content\\\/uploads\\\/2022\\\/10\\\/heatsupply-logo-rood.jpg\",\"contentUrl\":\"https:\\\/\\\/www.heatsupply.nl\\\/wp-content\\\/uploads\\\/2022\\\/10\\\/heatsupply-logo-rood.jpg\",\"width\":1000,\"height\":335,\"caption\":\"Heatsupply\"},\"image\":{\"@id\":\"https:\\\/\\\/www.heatsupply.nl\\\/de\\\/#\\\/schema\\\/logo\\\/image\\\/\"},\"sameAs\":[\"https:\\\/\\\/www.facebook.com\\\/heatsupplyNL\",\"https:\\\/\\\/www.instagram.com\\\/heatsuppy.nl\",\"https:\\\/\\\/www.youtube.com\\\/channel\\\/UC5pOWqQtljvxTz2SMWGWCsw\"]}]}<\/script>\n<meta property=\"product:price:amount\" content=\"7.25\" \/>\n<meta property=\"product:price:currency\" content=\"EUR\" \/>\n<meta property=\"og:availability\" content=\"instock\" \/>\n<meta property=\"product:availability\" content=\"instock\" \/>\n<meta property=\"product:retailer_item_id\" content=\"SUMOHM001\" \/>\n<meta property=\"product:condition\" content=\"new\" \/>\n<!-- \/ Yoast SEO Premium plugin. -->","yoast_head_json":{"title":"Sumo Hot Miso Sauce - Heatsupply","description":"Sumo Spicy Miso Sauce ist eine fermentierte Misopaste, angereichert mit Chilischoten, die Ihren Gerichten etwas Umami und Intensit\u00e4t verleiht.","robots":{"index":"index","follow":"follow","max-snippet":"max-snippet:-1","max-image-preview":"max-image-preview:large","max-video-preview":"max-video-preview:-1"},"canonical":"https:\/\/www.heatsupply.nl\/de\/produkt\/sumo-hot-miso-sauce\/","og_locale":"de_DE","og_type":"article","og_title":"Sumo Hot Miso Sauce","og_description":"Sumo Spicy Miso Sauce ist eine fermentierte Misopaste, angereichert mit Chilischoten, die Ihren Gerichten etwas Umami und Intensit\u00e4t verleiht.","og_url":"https:\/\/www.heatsupply.nl\/de\/produkt\/sumo-hot-miso-sauce\/","og_site_name":"Heatsupply","article_publisher":"https:\/\/www.facebook.com\/heatsupplyNL","article_modified_time":"2026-03-03T11:32:29+00:00","og_image":[{"width":1400,"height":1400,"url":"https:\/\/www.heatsupply.nl\/wp-content\/uploads\/2025\/08\/hot-miso-sumo-sauce.jpg","type":"image\/jpeg"}],"twitter_card":"summary_large_image","twitter_misc":{"Preis":"&euro;7,25","Verf\u00fcgbarkeit":"Auf Lager"},"schema":{"@context":"https:\/\/schema.org","@graph":[{"@type":"WebPage","@id":"https:\/\/www.heatsupply.nl\/de\/produkt\/sumo-hot-miso-sauce\/","url":"https:\/\/www.heatsupply.nl\/de\/produkt\/sumo-hot-miso-sauce\/","name":"Sumo Hot Miso Sauce - Heatsupply","isPartOf":{"@id":"https:\/\/www.heatsupply.nl\/de\/#website"},"primaryImageOfPage":{"@id":"https:\/\/www.heatsupply.nl\/de\/produkt\/sumo-hot-miso-sauce\/#primaryimage"},"image":{"@id":"https:\/\/www.heatsupply.nl\/de\/produkt\/sumo-hot-miso-sauce\/#primaryimage"},"thumbnailUrl":"https:\/\/www.heatsupply.nl\/wp-content\/uploads\/2025\/08\/hot-miso-sumo-sauce.jpg","datePublished":"2025-08-29T13:42:31+00:00","dateModified":"2026-03-03T11:32:29+00:00","description":"Sumo Spicy Miso Sauce ist eine fermentierte Misopaste, angereichert mit Chilischoten, die Ihren Gerichten etwas Umami und Intensit\u00e4t verleiht.","breadcrumb":{"@id":"https:\/\/www.heatsupply.nl\/de\/produkt\/sumo-hot-miso-sauce\/#breadcrumb"},"inLanguage":"de","potentialAction":[{"@type":"ReadAction","target":["https:\/\/www.heatsupply.nl\/de\/produkt\/sumo-hot-miso-sauce\/"]}]},{"@type":"ImageObject","inLanguage":"de","@id":"https:\/\/www.heatsupply.nl\/de\/produkt\/sumo-hot-miso-sauce\/#primaryimage","url":"https:\/\/www.heatsupply.nl\/wp-content\/uploads\/2025\/08\/hot-miso-sumo-sauce.jpg","contentUrl":"https:\/\/www.heatsupply.nl\/wp-content\/uploads\/2025\/08\/hot-miso-sumo-sauce.jpg","width":1400,"height":1400,"caption":"hot miso sumo sauce heatsupply"},{"@type":"BreadcrumbList","@id":"https:\/\/www.heatsupply.nl\/de\/produkt\/sumo-hot-miso-sauce\/#breadcrumb","itemListElement":[{"@type":"ListItem","position":1,"name":"Home","item":"https:\/\/www.heatsupply.nl\/de\/"},{"@type":"ListItem","position":2,"name":"Alle produkten","item":"https:\/\/www.heatsupply.nl\/de\/alle-produkten\/"},{"@type":"ListItem","position":3,"name":"Spicy","item":"https:\/\/www.heatsupply.nl\/de\/spicy\/"},{"@type":"ListItem","position":4,"name":"Aromen","item":"https:\/\/www.heatsupply.nl\/de\/spicy\/aromen\/"},{"@type":"ListItem","position":5,"name":"Sumo Hot Miso Sauce"}]},{"@type":"WebSite","@id":"https:\/\/www.heatsupply.nl\/de\/#website","url":"https:\/\/www.heatsupply.nl\/de\/","name":"Heatsupply","description":"Hot sauce webstore #1 in Europe","publisher":{"@id":"https:\/\/www.heatsupply.nl\/de\/#organization"},"potentialAction":[{"@type":"SearchAction","target":{"@type":"EntryPoint","urlTemplate":"https:\/\/www.heatsupply.nl\/de\/?s={search_term_string}"},"query-input":{"@type":"PropertyValueSpecification","valueRequired":true,"valueName":"search_term_string"}}],"inLanguage":"de"},{"@type":"Organization","@id":"https:\/\/www.heatsupply.nl\/de\/#organization","name":"Heatsupply","url":"https:\/\/www.heatsupply.nl\/de\/","logo":{"@type":"ImageObject","inLanguage":"de","@id":"https:\/\/www.heatsupply.nl\/de\/#\/schema\/logo\/image\/","url":"https:\/\/www.heatsupply.nl\/wp-content\/uploads\/2022\/10\/heatsupply-logo-rood.jpg","contentUrl":"https:\/\/www.heatsupply.nl\/wp-content\/uploads\/2022\/10\/heatsupply-logo-rood.jpg","width":1000,"height":335,"caption":"Heatsupply"},"image":{"@id":"https:\/\/www.heatsupply.nl\/de\/#\/schema\/logo\/image\/"},"sameAs":["https:\/\/www.facebook.com\/heatsupplyNL","https:\/\/www.instagram.com\/heatsuppy.nl","https:\/\/www.youtube.com\/channel\/UC5pOWqQtljvxTz2SMWGWCsw"]}]},"product_price_amount":"7.25","product_price_currency":"EUR","og_availability":"instock","product_availability":"instock","product_retailer_item_id":"SUMOHM001","product_condition":"new"},"_links":{"self":[{"href":"https:\/\/www.heatsupply.nl\/de\/wp-json\/wp\/v2\/product\/184234","targetHints":{"allow":["GET"]}}],"collection":[{"href":"https:\/\/www.heatsupply.nl\/de\/wp-json\/wp\/v2\/product"}],"about":[{"href":"https:\/\/www.heatsupply.nl\/de\/wp-json\/wp\/v2\/types\/product"}],"replies":[{"embeddable":true,"href":"https:\/\/www.heatsupply.nl\/de\/wp-json\/wp\/v2\/comments?post=184234"}],"wp:featuredmedia":[{"embeddable":true,"href":"https:\/\/www.heatsupply.nl\/de\/wp-json\/wp\/v2\/media\/184296"}],"wp:attachment":[{"href":"https:\/\/www.heatsupply.nl\/de\/wp-json\/wp\/v2\/media?parent=184234"}],"wp:term":[{"taxonomy":"product_brand","embeddable":true,"href":"https:\/\/www.heatsupply.nl\/de\/wp-json\/wp\/v2\/product_brand?post=184234"},{"taxonomy":"product_cat","embeddable":true,"href":"https:\/\/www.heatsupply.nl\/de\/wp-json\/wp\/v2\/product_cat?post=184234"},{"taxonomy":"product_tag","embeddable":true,"href":"https:\/\/www.heatsupply.nl\/de\/wp-json\/wp\/v2\/product_tag?post=184234"}],"curies":[{"name":"wp","href":"https:\/\/api.w.org\/{rel}","templated":true}]}}