{"id":183462,"date":"2025-08-19T11:24:59","date_gmt":"2025-08-19T09:24:59","guid":{"rendered":"https:\/\/www.heatsupply.nl\/?post_type=product&#038;p=183462"},"modified":"2026-05-10T13:10:38","modified_gmt":"2026-05-10T11:10:38","slug":"roze-bunker-madame-ingwer-sirup","status":"publish","type":"product","link":"https:\/\/www.heatsupply.nl\/de\/produkt\/roze-bunker-madame-ingwer-sirup\/","title":{"rendered":"Roze Bunker Madame Ingwer Sirup"},"content":{"rendered":"<p><strong>Zutaten Roze Bunker Madame Ingwersirup<\/strong>: Wasser, Zucker, Ingwer, Zitronensaft, Limettenschale, Madame Jeanette, Zitronens\u00e4ure, Kurkuma, violette Karotte, Limettenblatt, Essig, Nelken, Salz.<\/p>\n<p><span style=\"text-decoration: underline;\">N\u00e4hrwerte pro 100 ml (1:8 verd\u00fcnnt):<\/span><br \/>\nFett: 0 g<br \/>\ndavon ges\u00e4ttigte Fetts\u00e4uren: 0 g<br \/>\nKohlenhydrate: 7,3 g<br \/>\ndavon Zucker: 7,1 g<br \/>\nEiwei\u00df: 0 g<br \/>\nSalz: 0 g<\/p>\n<p>Haltbarkeit: 3 Wochen nach dem \u00d6ffnen, gek\u00fchlt gelagert.<\/p>\n","protected":false},"excerpt":{"rendered":"<p>Roze Bunker Madame Ingwer Sirup ist ein ganz besonderes Produkt, und das aus mehreren Gr\u00fcnden. Es wird n\u00e4mlich aus gerettetem (ausrangiertem) Ingwer und lokalen Madame Jeanette Chilis hergestellt, was fantastisch f\u00fcr die niederl\u00e4ndische Lebensmittelkette ist. Au\u00dferdem ist es extra w\u00e4rmend durch Gew\u00fcrznelken, Kurkuma und wird wiederum etwas beruhigt durch Limettenbl\u00e4tter und frische Zitrus.<\/p>\n<p>Aber was kannst du mit diesem Madame Ingwer Sirup machen? Du kannst damit scharfe Erfrischungsgetr\u00e4nke mixen oder einen scharfen Cocktail! Daf\u00fcr verwendest du ein Verh\u00e4ltnis von 1:8. Unser Favorit ist eine Art Dark &amp; Stormy Cocktail, aber eben mit diesem Sirup. Dieser Sirup wird \u00fcbrigens von denselben Leuten gemacht wie die <a href=\"https:\/\/www.heatsupply.nl\/de\/produkt\/fruitslagers-madame-ingwer-hot-sauce\/\"><strong>Fruitslagers Madame Gember Hot Sauce<\/strong><\/a>!<\/p>\n<ul>\n<li>Herkunft: Culemborg, Niederlande<\/li>\n<li>Inhalt: 340 ml<\/li>\n<\/ul>\n","protected":false},"featured_media":183509,"comment_status":"open","ping_status":"closed","template":"","meta":{"_acf_changed":false},"product_brand":[],"product_cat":[4042,4024],"product_tag":[],"class_list":{"0":"post-183462","1":"product","2":"type-product","3":"status-publish","4":"has-post-thumbnail","6":"product_cat-andere-produkte","7":"product_cat-getranke","9":"first","10":"instock","11":"taxable","12":"shipping-taxable","13":"purchasable","14":"product-type-simple"},"bundled_by":[],"bundle_stock_status":"instock","bundle_stock_quantity":4,"bundle_virtual":false,"bundle_layout":"","bundle_add_to_cart_form_location":"","bundle_editable_in_cart":false,"bundle_sold_individually_context":"","bundle_item_grouping":"","bundle_min_size":"","bundle_max_size":"","bundle_price":[],"bundled_items":[],"bundle_sell_ids":[],"acf":[],"yoast_head":"<!-- This site is optimized with the Yoast SEO Premium plugin v27.5 (Yoast SEO v27.5) - https:\/\/yoast.com\/product\/yoast-seo-premium-wordpress\/ -->\n<title>Roze Bunker Madame Ingwer Sirup - Heatsupply<\/title>\n<meta name=\"description\" content=\"Roze Bunker Madame Ingwer Syrup wird aus gerettetem Ingwer und der lokalen Madame Jeanette hergestellt. Geeignet f\u00fcr Softdrinks und Cocktails. Bestellen Sie bei Heatsupply!\" \/>\n<meta name=\"robots\" content=\"index, follow, max-snippet:-1, max-image-preview:large, max-video-preview:-1\" \/>\n<link rel=\"canonical\" href=\"https:\/\/www.heatsupply.nl\/de\/produkt\/roze-bunker-madame-ingwer-sirup\/\" \/>\n<meta property=\"og:locale\" content=\"de_DE\" \/>\n<meta property=\"og:type\" content=\"article\" \/>\n<meta property=\"og:title\" content=\"Roze Bunker Madame Ingwer Sirup\" \/>\n<meta property=\"og:description\" content=\"Roze Bunker Madame Ingwer Syrup wird aus gerettetem Ingwer und der lokalen Madame Jeanette hergestellt. Geeignet f\u00fcr Softdrinks und Cocktails. Bestellen Sie bei Heatsupply!\" \/>\n<meta property=\"og:url\" content=\"https:\/\/www.heatsupply.nl\/de\/produkt\/roze-bunker-madame-ingwer-sirup\/\" \/>\n<meta property=\"og:site_name\" content=\"Heatsupply\" \/>\n<meta property=\"article:publisher\" content=\"https:\/\/www.facebook.com\/heatsupplyNL\" \/>\n<meta property=\"article:modified_time\" content=\"2026-05-10T11:10:38+00:00\" \/>\n<meta property=\"og:image\" content=\"https:\/\/www.heatsupply.nl\/wp-content\/uploads\/2025\/08\/madame-gember-spicy-siroop-roze-bunker.jpg\" \/>\n\t<meta property=\"og:image:width\" content=\"1400\" \/>\n\t<meta property=\"og:image:height\" content=\"1400\" \/>\n\t<meta property=\"og:image:type\" content=\"image\/jpeg\" \/>\n<meta name=\"twitter:card\" content=\"summary_large_image\" \/>\n<meta name=\"twitter:label1\" content=\"Preis\" \/>\n\t<meta name=\"twitter:data1\" content=\"&euro;9,95\" \/>\n\t<meta name=\"twitter:label2\" content=\"Verf\u00fcgbarkeit\" \/>\n\t<meta name=\"twitter:data2\" content=\"Auf Lager\" \/>\n<script type=\"application\/ld+json\" class=\"yoast-schema-graph\">{\"@context\":\"https:\\\/\\\/schema.org\",\"@graph\":[{\"@type\":\"WebPage\",\"@id\":\"https:\\\/\\\/www.heatsupply.nl\\\/de\\\/produkt\\\/roze-bunker-madame-ingwer-sirup\\\/\",\"url\":\"https:\\\/\\\/www.heatsupply.nl\\\/de\\\/produkt\\\/roze-bunker-madame-ingwer-sirup\\\/\",\"name\":\"Roze Bunker Madame Ingwer Sirup - Heatsupply\",\"isPartOf\":{\"@id\":\"https:\\\/\\\/www.heatsupply.nl\\\/de\\\/#website\"},\"primaryImageOfPage\":{\"@id\":\"https:\\\/\\\/www.heatsupply.nl\\\/de\\\/produkt\\\/roze-bunker-madame-ingwer-sirup\\\/#primaryimage\"},\"image\":{\"@id\":\"https:\\\/\\\/www.heatsupply.nl\\\/de\\\/produkt\\\/roze-bunker-madame-ingwer-sirup\\\/#primaryimage\"},\"thumbnailUrl\":\"https:\\\/\\\/www.heatsupply.nl\\\/wp-content\\\/uploads\\\/2025\\\/08\\\/madame-gember-spicy-siroop-roze-bunker.jpg\",\"datePublished\":\"2025-08-19T09:24:59+00:00\",\"dateModified\":\"2026-05-10T11:10:38+00:00\",\"description\":\"Roze Bunker Madame Ingwer Syrup wird aus gerettetem Ingwer und der lokalen Madame Jeanette hergestellt. Geeignet f\u00fcr Softdrinks und Cocktails. Bestellen Sie bei Heatsupply!\",\"breadcrumb\":{\"@id\":\"https:\\\/\\\/www.heatsupply.nl\\\/de\\\/produkt\\\/roze-bunker-madame-ingwer-sirup\\\/#breadcrumb\"},\"inLanguage\":\"de\",\"potentialAction\":[{\"@type\":\"ReadAction\",\"target\":[\"https:\\\/\\\/www.heatsupply.nl\\\/de\\\/produkt\\\/roze-bunker-madame-ingwer-sirup\\\/\"]}]},{\"@type\":\"ImageObject\",\"inLanguage\":\"de\",\"@id\":\"https:\\\/\\\/www.heatsupply.nl\\\/de\\\/produkt\\\/roze-bunker-madame-ingwer-sirup\\\/#primaryimage\",\"url\":\"https:\\\/\\\/www.heatsupply.nl\\\/wp-content\\\/uploads\\\/2025\\\/08\\\/madame-gember-spicy-siroop-roze-bunker.jpg\",\"contentUrl\":\"https:\\\/\\\/www.heatsupply.nl\\\/wp-content\\\/uploads\\\/2025\\\/08\\\/madame-gember-spicy-siroop-roze-bunker.jpg\",\"width\":1400,\"height\":1400,\"caption\":\"roze bunker madame gember siroop spicy frisdrank\"},{\"@type\":\"BreadcrumbList\",\"@id\":\"https:\\\/\\\/www.heatsupply.nl\\\/de\\\/produkt\\\/roze-bunker-madame-ingwer-sirup\\\/#breadcrumb\",\"itemListElement\":[{\"@type\":\"ListItem\",\"position\":1,\"name\":\"Home\",\"item\":\"https:\\\/\\\/www.heatsupply.nl\\\/de\\\/\"},{\"@type\":\"ListItem\",\"position\":2,\"name\":\"Alle produkten\",\"item\":\"https:\\\/\\\/www.heatsupply.nl\\\/de\\\/alle-produkten\\\/\"},{\"@type\":\"ListItem\",\"position\":3,\"name\":\"Andere produkte\",\"item\":\"https:\\\/\\\/www.heatsupply.nl\\\/de\\\/andere-produkte\\\/\"},{\"@type\":\"ListItem\",\"position\":4,\"name\":\"Getr\u00e4nke\",\"item\":\"https:\\\/\\\/www.heatsupply.nl\\\/de\\\/andere-produkte\\\/getranke\\\/\"},{\"@type\":\"ListItem\",\"position\":5,\"name\":\"Roze Bunker Madame Ingwer Sirup\"}]},{\"@type\":\"WebSite\",\"@id\":\"https:\\\/\\\/www.heatsupply.nl\\\/de\\\/#website\",\"url\":\"https:\\\/\\\/www.heatsupply.nl\\\/de\\\/\",\"name\":\"Heatsupply\",\"description\":\"Hot sauce webstore #1 in Europe\",\"publisher\":{\"@id\":\"https:\\\/\\\/www.heatsupply.nl\\\/de\\\/#organization\"},\"potentialAction\":[{\"@type\":\"SearchAction\",\"target\":{\"@type\":\"EntryPoint\",\"urlTemplate\":\"https:\\\/\\\/www.heatsupply.nl\\\/de\\\/?s={search_term_string}\"},\"query-input\":{\"@type\":\"PropertyValueSpecification\",\"valueRequired\":true,\"valueName\":\"search_term_string\"}}],\"inLanguage\":\"de\"},{\"@type\":\"Organization\",\"@id\":\"https:\\\/\\\/www.heatsupply.nl\\\/de\\\/#organization\",\"name\":\"Heatsupply\",\"url\":\"https:\\\/\\\/www.heatsupply.nl\\\/de\\\/\",\"logo\":{\"@type\":\"ImageObject\",\"inLanguage\":\"de\",\"@id\":\"https:\\\/\\\/www.heatsupply.nl\\\/de\\\/#\\\/schema\\\/logo\\\/image\\\/\",\"url\":\"https:\\\/\\\/www.heatsupply.nl\\\/wp-content\\\/uploads\\\/2022\\\/10\\\/heatsupply-logo-rood.jpg\",\"contentUrl\":\"https:\\\/\\\/www.heatsupply.nl\\\/wp-content\\\/uploads\\\/2022\\\/10\\\/heatsupply-logo-rood.jpg\",\"width\":1000,\"height\":335,\"caption\":\"Heatsupply\"},\"image\":{\"@id\":\"https:\\\/\\\/www.heatsupply.nl\\\/de\\\/#\\\/schema\\\/logo\\\/image\\\/\"},\"sameAs\":[\"https:\\\/\\\/www.facebook.com\\\/heatsupplyNL\",\"https:\\\/\\\/www.instagram.com\\\/heatsuppy.nl\",\"https:\\\/\\\/www.youtube.com\\\/channel\\\/UC5pOWqQtljvxTz2SMWGWCsw\"]}]}<\/script>\n<meta property=\"product:price:amount\" content=\"9.95\" \/>\n<meta property=\"product:price:currency\" content=\"EUR\" \/>\n<meta property=\"og:availability\" content=\"instock\" \/>\n<meta property=\"product:availability\" content=\"instock\" \/>\n<meta property=\"product:retailer_item_id\" content=\"RBMGS002\" \/>\n<meta property=\"product:condition\" content=\"new\" \/>\n<!-- \/ Yoast SEO Premium plugin. -->","yoast_head_json":{"title":"Roze Bunker Madame Ingwer Sirup - Heatsupply","description":"Roze Bunker Madame Ingwer Syrup wird aus gerettetem Ingwer und der lokalen Madame Jeanette hergestellt. Geeignet f\u00fcr Softdrinks und Cocktails. Bestellen Sie bei Heatsupply!","robots":{"index":"index","follow":"follow","max-snippet":"max-snippet:-1","max-image-preview":"max-image-preview:large","max-video-preview":"max-video-preview:-1"},"canonical":"https:\/\/www.heatsupply.nl\/de\/produkt\/roze-bunker-madame-ingwer-sirup\/","og_locale":"de_DE","og_type":"article","og_title":"Roze Bunker Madame Ingwer Sirup","og_description":"Roze Bunker Madame Ingwer Syrup wird aus gerettetem Ingwer und der lokalen Madame Jeanette hergestellt. Geeignet f\u00fcr Softdrinks und Cocktails. Bestellen Sie bei Heatsupply!","og_url":"https:\/\/www.heatsupply.nl\/de\/produkt\/roze-bunker-madame-ingwer-sirup\/","og_site_name":"Heatsupply","article_publisher":"https:\/\/www.facebook.com\/heatsupplyNL","article_modified_time":"2026-05-10T11:10:38+00:00","og_image":[{"width":1400,"height":1400,"url":"https:\/\/www.heatsupply.nl\/wp-content\/uploads\/2025\/08\/madame-gember-spicy-siroop-roze-bunker.jpg","type":"image\/jpeg"}],"twitter_card":"summary_large_image","twitter_misc":{"Preis":"&euro;9,95","Verf\u00fcgbarkeit":"Auf Lager"},"schema":{"@context":"https:\/\/schema.org","@graph":[{"@type":"WebPage","@id":"https:\/\/www.heatsupply.nl\/de\/produkt\/roze-bunker-madame-ingwer-sirup\/","url":"https:\/\/www.heatsupply.nl\/de\/produkt\/roze-bunker-madame-ingwer-sirup\/","name":"Roze Bunker Madame Ingwer Sirup - Heatsupply","isPartOf":{"@id":"https:\/\/www.heatsupply.nl\/de\/#website"},"primaryImageOfPage":{"@id":"https:\/\/www.heatsupply.nl\/de\/produkt\/roze-bunker-madame-ingwer-sirup\/#primaryimage"},"image":{"@id":"https:\/\/www.heatsupply.nl\/de\/produkt\/roze-bunker-madame-ingwer-sirup\/#primaryimage"},"thumbnailUrl":"https:\/\/www.heatsupply.nl\/wp-content\/uploads\/2025\/08\/madame-gember-spicy-siroop-roze-bunker.jpg","datePublished":"2025-08-19T09:24:59+00:00","dateModified":"2026-05-10T11:10:38+00:00","description":"Roze Bunker Madame Ingwer Syrup wird aus gerettetem Ingwer und der lokalen Madame Jeanette hergestellt. Geeignet f\u00fcr Softdrinks und Cocktails. Bestellen Sie bei Heatsupply!","breadcrumb":{"@id":"https:\/\/www.heatsupply.nl\/de\/produkt\/roze-bunker-madame-ingwer-sirup\/#breadcrumb"},"inLanguage":"de","potentialAction":[{"@type":"ReadAction","target":["https:\/\/www.heatsupply.nl\/de\/produkt\/roze-bunker-madame-ingwer-sirup\/"]}]},{"@type":"ImageObject","inLanguage":"de","@id":"https:\/\/www.heatsupply.nl\/de\/produkt\/roze-bunker-madame-ingwer-sirup\/#primaryimage","url":"https:\/\/www.heatsupply.nl\/wp-content\/uploads\/2025\/08\/madame-gember-spicy-siroop-roze-bunker.jpg","contentUrl":"https:\/\/www.heatsupply.nl\/wp-content\/uploads\/2025\/08\/madame-gember-spicy-siroop-roze-bunker.jpg","width":1400,"height":1400,"caption":"roze bunker madame gember siroop spicy frisdrank"},{"@type":"BreadcrumbList","@id":"https:\/\/www.heatsupply.nl\/de\/produkt\/roze-bunker-madame-ingwer-sirup\/#breadcrumb","itemListElement":[{"@type":"ListItem","position":1,"name":"Home","item":"https:\/\/www.heatsupply.nl\/de\/"},{"@type":"ListItem","position":2,"name":"Alle produkten","item":"https:\/\/www.heatsupply.nl\/de\/alle-produkten\/"},{"@type":"ListItem","position":3,"name":"Andere produkte","item":"https:\/\/www.heatsupply.nl\/de\/andere-produkte\/"},{"@type":"ListItem","position":4,"name":"Getr\u00e4nke","item":"https:\/\/www.heatsupply.nl\/de\/andere-produkte\/getranke\/"},{"@type":"ListItem","position":5,"name":"Roze Bunker Madame Ingwer Sirup"}]},{"@type":"WebSite","@id":"https:\/\/www.heatsupply.nl\/de\/#website","url":"https:\/\/www.heatsupply.nl\/de\/","name":"Heatsupply","description":"Hot sauce webstore #1 in Europe","publisher":{"@id":"https:\/\/www.heatsupply.nl\/de\/#organization"},"potentialAction":[{"@type":"SearchAction","target":{"@type":"EntryPoint","urlTemplate":"https:\/\/www.heatsupply.nl\/de\/?s={search_term_string}"},"query-input":{"@type":"PropertyValueSpecification","valueRequired":true,"valueName":"search_term_string"}}],"inLanguage":"de"},{"@type":"Organization","@id":"https:\/\/www.heatsupply.nl\/de\/#organization","name":"Heatsupply","url":"https:\/\/www.heatsupply.nl\/de\/","logo":{"@type":"ImageObject","inLanguage":"de","@id":"https:\/\/www.heatsupply.nl\/de\/#\/schema\/logo\/image\/","url":"https:\/\/www.heatsupply.nl\/wp-content\/uploads\/2022\/10\/heatsupply-logo-rood.jpg","contentUrl":"https:\/\/www.heatsupply.nl\/wp-content\/uploads\/2022\/10\/heatsupply-logo-rood.jpg","width":1000,"height":335,"caption":"Heatsupply"},"image":{"@id":"https:\/\/www.heatsupply.nl\/de\/#\/schema\/logo\/image\/"},"sameAs":["https:\/\/www.facebook.com\/heatsupplyNL","https:\/\/www.instagram.com\/heatsuppy.nl","https:\/\/www.youtube.com\/channel\/UC5pOWqQtljvxTz2SMWGWCsw"]}]},"product_price_amount":"9.95","product_price_currency":"EUR","og_availability":"instock","product_availability":"instock","product_retailer_item_id":"RBMGS002","product_condition":"new"},"_links":{"self":[{"href":"https:\/\/www.heatsupply.nl\/de\/wp-json\/wp\/v2\/product\/183462","targetHints":{"allow":["GET"]}}],"collection":[{"href":"https:\/\/www.heatsupply.nl\/de\/wp-json\/wp\/v2\/product"}],"about":[{"href":"https:\/\/www.heatsupply.nl\/de\/wp-json\/wp\/v2\/types\/product"}],"replies":[{"embeddable":true,"href":"https:\/\/www.heatsupply.nl\/de\/wp-json\/wp\/v2\/comments?post=183462"}],"wp:featuredmedia":[{"embeddable":true,"href":"https:\/\/www.heatsupply.nl\/de\/wp-json\/wp\/v2\/media\/183509"}],"wp:attachment":[{"href":"https:\/\/www.heatsupply.nl\/de\/wp-json\/wp\/v2\/media?parent=183462"}],"wp:term":[{"taxonomy":"product_brand","embeddable":true,"href":"https:\/\/www.heatsupply.nl\/de\/wp-json\/wp\/v2\/product_brand?post=183462"},{"taxonomy":"product_cat","embeddable":true,"href":"https:\/\/www.heatsupply.nl\/de\/wp-json\/wp\/v2\/product_cat?post=183462"},{"taxonomy":"product_tag","embeddable":true,"href":"https:\/\/www.heatsupply.nl\/de\/wp-json\/wp\/v2\/product_tag?post=183462"}],"curies":[{"name":"wp","href":"https:\/\/api.w.org\/{rel}","templated":true}]}}