{"id":183220,"date":"2026-03-11T10:58:52","date_gmt":"2026-03-11T09:58:52","guid":{"rendered":"https:\/\/www.heatsupply.nl\/product\/chilli-chans-spicy-sichuan-nudeln\/"},"modified":"2026-03-30T13:06:55","modified_gmt":"2026-03-30T11:06:55","slug":"chilli-chans-spicy-sichuan-nudeln","status":"publish","type":"product","link":"https:\/\/www.heatsupply.nl\/de\/produkt\/chilli-chans-spicy-sichuan-nudeln\/","title":{"rendered":"Chilli Chan&#8217;s Spicy Mala Nudeln"},"content":{"rendered":"<p><strong>Zutaten Chili Chans Spicy Mala Nudeln<\/strong>: WEIZENmehl, Wasser, Salz, Natriumcarbonat, frische Chilis, chinesische rote Paprika, SOJABOHNEN\u00d6L (gentechnikfrei), Zucker, fermentierte SOJABOHNEN, Sternanis, Zimt, SOJASOSSE (SOJABOHNEN, WEIZEN, Salz), Pilzpulver, Aromen, Hefeextrakt, SOJAPROTEIN, S\u00fc\u00dfholzextrakt, SESAM\u00d6L.<\/p>\n<p><span style=\"text-decoration: underline;\">N\u00e4hrwerte pro 100 g:<\/span><br \/>\nEnergie: 1553 kJ\/371 kcal<br \/>\nFett: 10,6 g<br \/>\ndavon ges\u00e4ttigte Fetts\u00e4uren: 2 g<br \/>\nKohlenhydrate: 58 g<br \/>\ndavon Zucker: 3,2 g<br \/>\nEiwei\u00df: 11 g<br \/>\nSalz: 0 g<\/p>\n<p>Vor direkter Sonneneinstrahlung sch\u00fctzen und k\u00fchl und dunkel lagern.<\/p>\n","protected":false},"excerpt":{"rendered":"<p style=\"text-align: justify;\">Diese Chilli Chan&#8217;s Spicy Mala Nudeln sind die sch\u00e4rfsten aus ihrem Sortiment! Die Sichuan-Gew\u00fcrze sorgen f\u00fcr das typische bet\u00e4ubende Gef\u00fchl und verleihen den Nudeln ordentlich Sch\u00e4rfe. In Kombination mit dem herzhaften, reichhaltigen Geschmack von Soja sind das fantastische Nudeln, die sch\u00f6n schnell fertig sind. Es sind \u00fcbrigens handgeschnittene Nudeln, die sonnengetrocknet sind und keine Konservierungsstoffe enthalten. Absolut top also!<\/p>\n<ul>\n<li style=\"text-align: justify;\">Herkunft: Niederlande, Amsterdam<\/li>\n<li style=\"text-align: justify;\">Inhalt: 100 g<\/li>\n<\/ul>\n","protected":false},"featured_media":204334,"comment_status":"open","ping_status":"closed","template":"","meta":{"_acf_changed":false},"product_brand":[],"product_cat":[4042,4097,4075,4106],"product_tag":[],"class_list":{"0":"post-183220","1":"product","2":"type-product","3":"status-publish","4":"has-post-thumbnail","6":"product_cat-andere-produkte","7":"product_cat-asiatische-aromen","8":"product_cat-neu","9":"product_cat-nudeln","11":"first","12":"outofstock","13":"taxable","14":"shipping-taxable","15":"purchasable","16":"product-type-simple"},"bundled_by":[],"bundle_stock_status":"outofstock","bundle_stock_quantity":0,"bundle_virtual":false,"bundle_layout":"","bundle_add_to_cart_form_location":"","bundle_editable_in_cart":false,"bundle_sold_individually_context":"","bundle_item_grouping":"","bundle_min_size":"","bundle_max_size":"","bundle_price":[],"bundled_items":[],"bundle_sell_ids":[],"acf":[],"yoast_head":"<!-- This site is optimized with the Yoast SEO Premium plugin v27.4 (Yoast SEO v27.4) - https:\/\/yoast.com\/product\/yoast-seo-premium-wordpress\/ -->\n<title>Chilli Chan&#039;s Spicy Mala Nudeln - Heatsupply<\/title>\n<meta name=\"description\" content=\"Die Chilli Chan&#039;s Spicy Mala Nudeln werden von Hand geschnitten und sind die sch\u00e4rfste Version des Sortiments. Jetzt bei Heatsupply bestellen!\" \/>\n<meta name=\"robots\" content=\"index, follow, max-snippet:-1, max-image-preview:large, max-video-preview:-1\" \/>\n<link rel=\"canonical\" href=\"https:\/\/www.heatsupply.nl\/de\/produkt\/chilli-chans-spicy-sichuan-nudeln\/\" \/>\n<meta property=\"og:locale\" content=\"de_DE\" \/>\n<meta property=\"og:type\" content=\"article\" \/>\n<meta property=\"og:title\" content=\"Chilli Chan&#039;s Spicy Mala Nudeln\" \/>\n<meta property=\"og:description\" content=\"Die Chilli Chan&#039;s Spicy Mala Nudeln werden von Hand geschnitten und sind die sch\u00e4rfste Version des Sortiments. Jetzt bei Heatsupply bestellen!\" \/>\n<meta property=\"og:url\" content=\"https:\/\/www.heatsupply.nl\/de\/produkt\/chilli-chans-spicy-sichuan-nudeln\/\" \/>\n<meta property=\"og:site_name\" content=\"Heatsupply\" \/>\n<meta property=\"article:publisher\" content=\"https:\/\/www.facebook.com\/heatsupplyNL\" \/>\n<meta property=\"article:modified_time\" content=\"2026-03-30T11:06:55+00:00\" \/>\n<meta property=\"og:image\" content=\"https:\/\/www.heatsupply.nl\/wp-content\/uploads\/2026\/03\/chilli-chan-spicy-masala-noedels.jpg\" \/>\n\t<meta property=\"og:image:width\" content=\"1400\" \/>\n\t<meta property=\"og:image:height\" content=\"1400\" \/>\n\t<meta property=\"og:image:type\" content=\"image\/jpeg\" \/>\n<meta name=\"twitter:card\" content=\"summary_large_image\" \/>\n<meta name=\"twitter:label1\" content=\"Preis\" \/>\n\t<meta name=\"twitter:data1\" content=\"&euro;5,95\" \/>\n\t<meta name=\"twitter:label2\" content=\"Verf\u00fcgbarkeit\" \/>\n\t<meta name=\"twitter:data2\" content=\"ausverkauft\" \/>\n<script type=\"application\/ld+json\" class=\"yoast-schema-graph\">{\"@context\":\"https:\\\/\\\/schema.org\",\"@graph\":[{\"@type\":\"WebPage\",\"@id\":\"https:\\\/\\\/www.heatsupply.nl\\\/de\\\/produkt\\\/chilli-chans-spicy-sichuan-nudeln\\\/\",\"url\":\"https:\\\/\\\/www.heatsupply.nl\\\/de\\\/produkt\\\/chilli-chans-spicy-sichuan-nudeln\\\/\",\"name\":\"Chilli Chan's Spicy Mala Nudeln - Heatsupply\",\"isPartOf\":{\"@id\":\"https:\\\/\\\/www.heatsupply.nl\\\/de\\\/#website\"},\"primaryImageOfPage\":{\"@id\":\"https:\\\/\\\/www.heatsupply.nl\\\/de\\\/produkt\\\/chilli-chans-spicy-sichuan-nudeln\\\/#primaryimage\"},\"image\":{\"@id\":\"https:\\\/\\\/www.heatsupply.nl\\\/de\\\/produkt\\\/chilli-chans-spicy-sichuan-nudeln\\\/#primaryimage\"},\"thumbnailUrl\":\"https:\\\/\\\/www.heatsupply.nl\\\/wp-content\\\/uploads\\\/2026\\\/03\\\/chilli-chan-spicy-masala-noedels.jpg\",\"datePublished\":\"2026-03-11T09:58:52+00:00\",\"dateModified\":\"2026-03-30T11:06:55+00:00\",\"description\":\"Die Chilli Chan's Spicy Mala Nudeln werden von Hand geschnitten und sind die sch\u00e4rfste Version des Sortiments. Jetzt bei Heatsupply bestellen!\",\"breadcrumb\":{\"@id\":\"https:\\\/\\\/www.heatsupply.nl\\\/de\\\/produkt\\\/chilli-chans-spicy-sichuan-nudeln\\\/#breadcrumb\"},\"inLanguage\":\"de\",\"potentialAction\":[{\"@type\":\"ReadAction\",\"target\":[\"https:\\\/\\\/www.heatsupply.nl\\\/de\\\/produkt\\\/chilli-chans-spicy-sichuan-nudeln\\\/\"]}]},{\"@type\":\"ImageObject\",\"inLanguage\":\"de\",\"@id\":\"https:\\\/\\\/www.heatsupply.nl\\\/de\\\/produkt\\\/chilli-chans-spicy-sichuan-nudeln\\\/#primaryimage\",\"url\":\"https:\\\/\\\/www.heatsupply.nl\\\/wp-content\\\/uploads\\\/2026\\\/03\\\/chilli-chan-spicy-masala-noedels.jpg\",\"contentUrl\":\"https:\\\/\\\/www.heatsupply.nl\\\/wp-content\\\/uploads\\\/2026\\\/03\\\/chilli-chan-spicy-masala-noedels.jpg\",\"width\":1400,\"height\":1400,\"caption\":\"chilli chan spicy mala nudeln\"},{\"@type\":\"BreadcrumbList\",\"@id\":\"https:\\\/\\\/www.heatsupply.nl\\\/de\\\/produkt\\\/chilli-chans-spicy-sichuan-nudeln\\\/#breadcrumb\",\"itemListElement\":[{\"@type\":\"ListItem\",\"position\":1,\"name\":\"Home\",\"item\":\"https:\\\/\\\/www.heatsupply.nl\\\/de\\\/\"},{\"@type\":\"ListItem\",\"position\":2,\"name\":\"Alle produkten\",\"item\":\"https:\\\/\\\/www.heatsupply.nl\\\/de\\\/alle-produkten\\\/\"},{\"@type\":\"ListItem\",\"position\":3,\"name\":\"Andere produkte\",\"item\":\"https:\\\/\\\/www.heatsupply.nl\\\/de\\\/andere-produkte\\\/\"},{\"@type\":\"ListItem\",\"position\":4,\"name\":\"Asiatische Aromen\",\"item\":\"https:\\\/\\\/www.heatsupply.nl\\\/de\\\/andere-produkte\\\/asiatische-aromen\\\/\"},{\"@type\":\"ListItem\",\"position\":5,\"name\":\"Nudeln\",\"item\":\"https:\\\/\\\/www.heatsupply.nl\\\/de\\\/andere-produkte\\\/asiatische-aromen\\\/nudeln\\\/\"},{\"@type\":\"ListItem\",\"position\":6,\"name\":\"Chilli Chan&#8217;s Spicy Mala Nudeln\"}]},{\"@type\":\"WebSite\",\"@id\":\"https:\\\/\\\/www.heatsupply.nl\\\/de\\\/#website\",\"url\":\"https:\\\/\\\/www.heatsupply.nl\\\/de\\\/\",\"name\":\"Heatsupply\",\"description\":\"Hot sauce webstore #1 in Europe\",\"publisher\":{\"@id\":\"https:\\\/\\\/www.heatsupply.nl\\\/de\\\/#organization\"},\"potentialAction\":[{\"@type\":\"SearchAction\",\"target\":{\"@type\":\"EntryPoint\",\"urlTemplate\":\"https:\\\/\\\/www.heatsupply.nl\\\/de\\\/?s={search_term_string}\"},\"query-input\":{\"@type\":\"PropertyValueSpecification\",\"valueRequired\":true,\"valueName\":\"search_term_string\"}}],\"inLanguage\":\"de\"},{\"@type\":\"Organization\",\"@id\":\"https:\\\/\\\/www.heatsupply.nl\\\/de\\\/#organization\",\"name\":\"Heatsupply\",\"url\":\"https:\\\/\\\/www.heatsupply.nl\\\/de\\\/\",\"logo\":{\"@type\":\"ImageObject\",\"inLanguage\":\"de\",\"@id\":\"https:\\\/\\\/www.heatsupply.nl\\\/de\\\/#\\\/schema\\\/logo\\\/image\\\/\",\"url\":\"https:\\\/\\\/www.heatsupply.nl\\\/wp-content\\\/uploads\\\/2022\\\/10\\\/heatsupply-logo-rood.jpg\",\"contentUrl\":\"https:\\\/\\\/www.heatsupply.nl\\\/wp-content\\\/uploads\\\/2022\\\/10\\\/heatsupply-logo-rood.jpg\",\"width\":1000,\"height\":335,\"caption\":\"Heatsupply\"},\"image\":{\"@id\":\"https:\\\/\\\/www.heatsupply.nl\\\/de\\\/#\\\/schema\\\/logo\\\/image\\\/\"},\"sameAs\":[\"https:\\\/\\\/www.facebook.com\\\/heatsupplyNL\",\"https:\\\/\\\/www.instagram.com\\\/heatsuppy.nl\",\"https:\\\/\\\/www.youtube.com\\\/channel\\\/UC5pOWqQtljvxTz2SMWGWCsw\"]}]}<\/script>\n<meta property=\"product:price:amount\" content=\"5.95\" \/>\n<meta property=\"product:price:currency\" content=\"EUR\" \/>\n<meta property=\"og:availability\" content=\"out of stock\" \/>\n<meta property=\"product:availability\" content=\"out of stock\" \/>\n<meta property=\"product:retailer_item_id\" content=\"CCSICHN002\" \/>\n<meta property=\"product:condition\" content=\"new\" \/>\n<!-- \/ Yoast SEO Premium plugin. -->","yoast_head_json":{"title":"Chilli Chan's Spicy Mala Nudeln - Heatsupply","description":"Die Chilli Chan's Spicy Mala Nudeln werden von Hand geschnitten und sind die sch\u00e4rfste Version des Sortiments. Jetzt bei Heatsupply bestellen!","robots":{"index":"index","follow":"follow","max-snippet":"max-snippet:-1","max-image-preview":"max-image-preview:large","max-video-preview":"max-video-preview:-1"},"canonical":"https:\/\/www.heatsupply.nl\/de\/produkt\/chilli-chans-spicy-sichuan-nudeln\/","og_locale":"de_DE","og_type":"article","og_title":"Chilli Chan's Spicy Mala Nudeln","og_description":"Die Chilli Chan's Spicy Mala Nudeln werden von Hand geschnitten und sind die sch\u00e4rfste Version des Sortiments. Jetzt bei Heatsupply bestellen!","og_url":"https:\/\/www.heatsupply.nl\/de\/produkt\/chilli-chans-spicy-sichuan-nudeln\/","og_site_name":"Heatsupply","article_publisher":"https:\/\/www.facebook.com\/heatsupplyNL","article_modified_time":"2026-03-30T11:06:55+00:00","og_image":[{"width":1400,"height":1400,"url":"https:\/\/www.heatsupply.nl\/wp-content\/uploads\/2026\/03\/chilli-chan-spicy-masala-noedels.jpg","type":"image\/jpeg"}],"twitter_card":"summary_large_image","twitter_misc":{"Preis":"&euro;5,95","Verf\u00fcgbarkeit":"ausverkauft"},"schema":{"@context":"https:\/\/schema.org","@graph":[{"@type":"WebPage","@id":"https:\/\/www.heatsupply.nl\/de\/produkt\/chilli-chans-spicy-sichuan-nudeln\/","url":"https:\/\/www.heatsupply.nl\/de\/produkt\/chilli-chans-spicy-sichuan-nudeln\/","name":"Chilli Chan's Spicy Mala Nudeln - Heatsupply","isPartOf":{"@id":"https:\/\/www.heatsupply.nl\/de\/#website"},"primaryImageOfPage":{"@id":"https:\/\/www.heatsupply.nl\/de\/produkt\/chilli-chans-spicy-sichuan-nudeln\/#primaryimage"},"image":{"@id":"https:\/\/www.heatsupply.nl\/de\/produkt\/chilli-chans-spicy-sichuan-nudeln\/#primaryimage"},"thumbnailUrl":"https:\/\/www.heatsupply.nl\/wp-content\/uploads\/2026\/03\/chilli-chan-spicy-masala-noedels.jpg","datePublished":"2026-03-11T09:58:52+00:00","dateModified":"2026-03-30T11:06:55+00:00","description":"Die Chilli Chan's Spicy Mala Nudeln werden von Hand geschnitten und sind die sch\u00e4rfste Version des Sortiments. Jetzt bei Heatsupply bestellen!","breadcrumb":{"@id":"https:\/\/www.heatsupply.nl\/de\/produkt\/chilli-chans-spicy-sichuan-nudeln\/#breadcrumb"},"inLanguage":"de","potentialAction":[{"@type":"ReadAction","target":["https:\/\/www.heatsupply.nl\/de\/produkt\/chilli-chans-spicy-sichuan-nudeln\/"]}]},{"@type":"ImageObject","inLanguage":"de","@id":"https:\/\/www.heatsupply.nl\/de\/produkt\/chilli-chans-spicy-sichuan-nudeln\/#primaryimage","url":"https:\/\/www.heatsupply.nl\/wp-content\/uploads\/2026\/03\/chilli-chan-spicy-masala-noedels.jpg","contentUrl":"https:\/\/www.heatsupply.nl\/wp-content\/uploads\/2026\/03\/chilli-chan-spicy-masala-noedels.jpg","width":1400,"height":1400,"caption":"chilli chan spicy mala nudeln"},{"@type":"BreadcrumbList","@id":"https:\/\/www.heatsupply.nl\/de\/produkt\/chilli-chans-spicy-sichuan-nudeln\/#breadcrumb","itemListElement":[{"@type":"ListItem","position":1,"name":"Home","item":"https:\/\/www.heatsupply.nl\/de\/"},{"@type":"ListItem","position":2,"name":"Alle produkten","item":"https:\/\/www.heatsupply.nl\/de\/alle-produkten\/"},{"@type":"ListItem","position":3,"name":"Andere produkte","item":"https:\/\/www.heatsupply.nl\/de\/andere-produkte\/"},{"@type":"ListItem","position":4,"name":"Asiatische Aromen","item":"https:\/\/www.heatsupply.nl\/de\/andere-produkte\/asiatische-aromen\/"},{"@type":"ListItem","position":5,"name":"Nudeln","item":"https:\/\/www.heatsupply.nl\/de\/andere-produkte\/asiatische-aromen\/nudeln\/"},{"@type":"ListItem","position":6,"name":"Chilli Chan&#8217;s Spicy Mala Nudeln"}]},{"@type":"WebSite","@id":"https:\/\/www.heatsupply.nl\/de\/#website","url":"https:\/\/www.heatsupply.nl\/de\/","name":"Heatsupply","description":"Hot sauce webstore #1 in Europe","publisher":{"@id":"https:\/\/www.heatsupply.nl\/de\/#organization"},"potentialAction":[{"@type":"SearchAction","target":{"@type":"EntryPoint","urlTemplate":"https:\/\/www.heatsupply.nl\/de\/?s={search_term_string}"},"query-input":{"@type":"PropertyValueSpecification","valueRequired":true,"valueName":"search_term_string"}}],"inLanguage":"de"},{"@type":"Organization","@id":"https:\/\/www.heatsupply.nl\/de\/#organization","name":"Heatsupply","url":"https:\/\/www.heatsupply.nl\/de\/","logo":{"@type":"ImageObject","inLanguage":"de","@id":"https:\/\/www.heatsupply.nl\/de\/#\/schema\/logo\/image\/","url":"https:\/\/www.heatsupply.nl\/wp-content\/uploads\/2022\/10\/heatsupply-logo-rood.jpg","contentUrl":"https:\/\/www.heatsupply.nl\/wp-content\/uploads\/2022\/10\/heatsupply-logo-rood.jpg","width":1000,"height":335,"caption":"Heatsupply"},"image":{"@id":"https:\/\/www.heatsupply.nl\/de\/#\/schema\/logo\/image\/"},"sameAs":["https:\/\/www.facebook.com\/heatsupplyNL","https:\/\/www.instagram.com\/heatsuppy.nl","https:\/\/www.youtube.com\/channel\/UC5pOWqQtljvxTz2SMWGWCsw"]}]},"product_price_amount":"5.95","product_price_currency":"EUR","og_availability":"out of stock","product_availability":"out of stock","product_retailer_item_id":"CCSICHN002","product_condition":"new"},"_links":{"self":[{"href":"https:\/\/www.heatsupply.nl\/de\/wp-json\/wp\/v2\/product\/183220","targetHints":{"allow":["GET"]}}],"collection":[{"href":"https:\/\/www.heatsupply.nl\/de\/wp-json\/wp\/v2\/product"}],"about":[{"href":"https:\/\/www.heatsupply.nl\/de\/wp-json\/wp\/v2\/types\/product"}],"replies":[{"embeddable":true,"href":"https:\/\/www.heatsupply.nl\/de\/wp-json\/wp\/v2\/comments?post=183220"}],"wp:featuredmedia":[{"embeddable":true,"href":"https:\/\/www.heatsupply.nl\/de\/wp-json\/wp\/v2\/media\/204334"}],"wp:attachment":[{"href":"https:\/\/www.heatsupply.nl\/de\/wp-json\/wp\/v2\/media?parent=183220"}],"wp:term":[{"taxonomy":"product_brand","embeddable":true,"href":"https:\/\/www.heatsupply.nl\/de\/wp-json\/wp\/v2\/product_brand?post=183220"},{"taxonomy":"product_cat","embeddable":true,"href":"https:\/\/www.heatsupply.nl\/de\/wp-json\/wp\/v2\/product_cat?post=183220"},{"taxonomy":"product_tag","embeddable":true,"href":"https:\/\/www.heatsupply.nl\/de\/wp-json\/wp\/v2\/product_tag?post=183220"}],"curies":[{"name":"wp","href":"https:\/\/api.w.org\/{rel}","templated":true}]}}