{"id":183083,"date":"2025-08-12T14:56:36","date_gmt":"2025-08-12T12:56:36","guid":{"rendered":"https:\/\/www.heatsupply.nl\/product\/oh-na-mi-korean-kimchi-mayo\/"},"modified":"2026-04-21T12:13:44","modified_gmt":"2026-04-21T10:13:44","slug":"oh-na-mi-korean-kimchi-mayo","status":"publish","type":"product","link":"https:\/\/www.heatsupply.nl\/de\/produkt\/oh-na-mi-korean-kimchi-mayo\/","title":{"rendered":"Oh Na Mi Korean Kimchi Mayo"},"content":{"rendered":"<p><strong>Zutaten Oh Na Mi Koreanische Kimchi-Mayo<\/strong>: Wasser, Raps\u00f6l, Chinakohl, Rettich, Lauch, Knoblauch, Zwiebel, Ingwer, Meerrettich, Sesam\u00f6l, Zucker, WEIZENST\u00c4RKE, Eigelb, SENF, Essig, modifizierte Maisst\u00e4rke, Salz, Zitronen- und Milchs\u00e4ure, Xanthangummi und Guarkernmehl, Kaliumsorbat, Antioxidationsmittel (E385).<\/p>\n<p><span style=\"text-decoration: underline;\">N\u00e4hrwerte pro 100 g:<\/span><br \/>\nEnergie: 922 kJ\/222 kcal<br \/>\nFett: 19,7 g<br \/>\ndavon ges\u00e4ttigte Fetts\u00e4uren: 1,3 g<br \/>\nKohlenhydrate: 11 g<br \/>\ndavon Zucker: 5 g<br \/>\nEiwei\u00df: 1 g<br \/>\nSalz: 1,6 g<\/p>\n<p>Nach dem \u00d6ffnen gek\u00fchlt aufbewahren.<\/p>\n","protected":false},"excerpt":{"rendered":"<p style=\"text-align: justify;\">Diese Oh Na Mi Kimchi Mayo ist etwas, von dem du noch nicht wusstest, dass es in deinem Leben gefehlt hat. Die Mayonnaise ist sch\u00f6n cremig und durch die Kombination mit Kimchi (von Gro\u00dfmutter Oh Na Mi) hat sie einen frisch-sauren und funky Charakter bekommen. Au\u00dferdem ist sie nat\u00fcrlich auch ein kleines bisschen scharf, was das Ganze perfekt abrundet. Absolut top zu Sushi, Pok\u00e9-Bowls, Pommes, Burgern, allem wof\u00fcr du Sriracha-Mayo verwendest und so k\u00f6nntest du noch eine Weile weitermachen.<\/p>\n<ul>\n<li style=\"text-align: justify;\">Herkunft: Amsterdam, Niederlande<\/li>\n<li style=\"text-align: justify;\">Inhalt: 250 ml<\/li>\n<\/ul>\n","protected":false},"featured_media":183006,"comment_status":"open","ping_status":"closed","template":"","meta":{"_acf_changed":false},"product_brand":[],"product_cat":[4043,4122,4046],"product_tag":[],"class_list":{"0":"post-183083","1":"product","2":"type-product","3":"status-publish","4":"has-post-thumbnail","6":"product_cat-aromen","7":"product_cat-koenigstag-deals-2026","8":"product_cat-spicy","10":"first","11":"instock","12":"taxable","13":"shipping-taxable","14":"purchasable","15":"product-type-simple"},"bundled_by":[],"bundle_stock_status":"instock","bundle_stock_quantity":26,"bundle_virtual":false,"bundle_layout":"","bundle_add_to_cart_form_location":"","bundle_editable_in_cart":false,"bundle_sold_individually_context":"","bundle_item_grouping":"","bundle_min_size":"","bundle_max_size":"","bundle_price":[],"bundled_items":[],"bundle_sell_ids":[],"acf":[],"yoast_head":"<!-- This site is optimized with the Yoast SEO Premium plugin v27.5 (Yoast SEO v27.5) - https:\/\/yoast.com\/product\/yoast-seo-premium-wordpress\/ -->\n<title>Oh Na Mi Korean Kimchi Mayo - Heatsupply<\/title>\n<meta name=\"description\" content=\"Oh Na Mi Korean Kimchi Mayo ist eine k\u00f6stlich cremige und erfrischende Mischung aus Mayo und Kimchi. Sie schmeckt k\u00f6stlich zu Sushi, Poke Bowls und nat\u00fcrlich Pommes!\" \/>\n<meta name=\"robots\" content=\"index, follow, max-snippet:-1, max-image-preview:large, max-video-preview:-1\" \/>\n<link rel=\"canonical\" href=\"https:\/\/www.heatsupply.nl\/de\/produkt\/oh-na-mi-korean-kimchi-mayo\/\" \/>\n<meta property=\"og:locale\" content=\"de_DE\" \/>\n<meta property=\"og:type\" content=\"article\" \/>\n<meta property=\"og:title\" content=\"Oh Na Mi Korean Kimchi Mayo\" \/>\n<meta property=\"og:description\" content=\"Oh Na Mi Korean Kimchi Mayo ist eine k\u00f6stlich cremige und erfrischende Mischung aus Mayo und Kimchi. Sie schmeckt k\u00f6stlich zu Sushi, Poke Bowls und nat\u00fcrlich Pommes!\" \/>\n<meta property=\"og:url\" content=\"https:\/\/www.heatsupply.nl\/de\/produkt\/oh-na-mi-korean-kimchi-mayo\/\" \/>\n<meta property=\"og:site_name\" content=\"Heatsupply\" \/>\n<meta property=\"article:publisher\" content=\"https:\/\/www.facebook.com\/heatsupplyNL\" \/>\n<meta property=\"article:modified_time\" content=\"2026-04-21T10:13:44+00:00\" \/>\n<meta property=\"og:image\" content=\"https:\/\/www.heatsupply.nl\/wp-content\/uploads\/2025\/08\/oh-na-mi-korean-kimchi-mayo.jpg\" \/>\n\t<meta property=\"og:image:width\" content=\"1400\" \/>\n\t<meta property=\"og:image:height\" content=\"1400\" \/>\n\t<meta property=\"og:image:type\" content=\"image\/jpeg\" \/>\n<meta name=\"twitter:card\" content=\"summary_large_image\" \/>\n<meta name=\"twitter:label1\" content=\"Preis\" \/>\n\t<meta name=\"twitter:data1\" content=\"&euro;6,95\" \/>\n\t<meta name=\"twitter:label2\" content=\"Verf\u00fcgbarkeit\" \/>\n\t<meta name=\"twitter:data2\" content=\"Auf Lager\" \/>\n<script type=\"application\/ld+json\" class=\"yoast-schema-graph\">{\"@context\":\"https:\\\/\\\/schema.org\",\"@graph\":[{\"@type\":\"WebPage\",\"@id\":\"https:\\\/\\\/www.heatsupply.nl\\\/de\\\/produkt\\\/oh-na-mi-korean-kimchi-mayo\\\/\",\"url\":\"https:\\\/\\\/www.heatsupply.nl\\\/de\\\/produkt\\\/oh-na-mi-korean-kimchi-mayo\\\/\",\"name\":\"Oh Na Mi Korean Kimchi Mayo - Heatsupply\",\"isPartOf\":{\"@id\":\"https:\\\/\\\/www.heatsupply.nl\\\/de\\\/#website\"},\"primaryImageOfPage\":{\"@id\":\"https:\\\/\\\/www.heatsupply.nl\\\/de\\\/produkt\\\/oh-na-mi-korean-kimchi-mayo\\\/#primaryimage\"},\"image\":{\"@id\":\"https:\\\/\\\/www.heatsupply.nl\\\/de\\\/produkt\\\/oh-na-mi-korean-kimchi-mayo\\\/#primaryimage\"},\"thumbnailUrl\":\"https:\\\/\\\/www.heatsupply.nl\\\/wp-content\\\/uploads\\\/2025\\\/08\\\/oh-na-mi-korean-kimchi-mayo.jpg\",\"datePublished\":\"2025-08-12T12:56:36+00:00\",\"dateModified\":\"2026-04-21T10:13:44+00:00\",\"description\":\"Oh Na Mi Korean Kimchi Mayo ist eine k\u00f6stlich cremige und erfrischende Mischung aus Mayo und Kimchi. Sie schmeckt k\u00f6stlich zu Sushi, Poke Bowls und nat\u00fcrlich Pommes!\",\"breadcrumb\":{\"@id\":\"https:\\\/\\\/www.heatsupply.nl\\\/de\\\/produkt\\\/oh-na-mi-korean-kimchi-mayo\\\/#breadcrumb\"},\"inLanguage\":\"de\",\"potentialAction\":[{\"@type\":\"ReadAction\",\"target\":[\"https:\\\/\\\/www.heatsupply.nl\\\/de\\\/produkt\\\/oh-na-mi-korean-kimchi-mayo\\\/\"]}]},{\"@type\":\"ImageObject\",\"inLanguage\":\"de\",\"@id\":\"https:\\\/\\\/www.heatsupply.nl\\\/de\\\/produkt\\\/oh-na-mi-korean-kimchi-mayo\\\/#primaryimage\",\"url\":\"https:\\\/\\\/www.heatsupply.nl\\\/wp-content\\\/uploads\\\/2025\\\/08\\\/oh-na-mi-korean-kimchi-mayo.jpg\",\"contentUrl\":\"https:\\\/\\\/www.heatsupply.nl\\\/wp-content\\\/uploads\\\/2025\\\/08\\\/oh-na-mi-korean-kimchi-mayo.jpg\",\"width\":1400,\"height\":1400,\"caption\":\"oh na mi korean kimchi mayo\"},{\"@type\":\"BreadcrumbList\",\"@id\":\"https:\\\/\\\/www.heatsupply.nl\\\/de\\\/produkt\\\/oh-na-mi-korean-kimchi-mayo\\\/#breadcrumb\",\"itemListElement\":[{\"@type\":\"ListItem\",\"position\":1,\"name\":\"Home\",\"item\":\"https:\\\/\\\/www.heatsupply.nl\\\/de\\\/\"},{\"@type\":\"ListItem\",\"position\":2,\"name\":\"Alle produkten\",\"item\":\"https:\\\/\\\/www.heatsupply.nl\\\/de\\\/alle-produkten\\\/\"},{\"@type\":\"ListItem\",\"position\":3,\"name\":\"Spicy\",\"item\":\"https:\\\/\\\/www.heatsupply.nl\\\/de\\\/spicy\\\/\"},{\"@type\":\"ListItem\",\"position\":4,\"name\":\"Aromen\",\"item\":\"https:\\\/\\\/www.heatsupply.nl\\\/de\\\/spicy\\\/aromen\\\/\"},{\"@type\":\"ListItem\",\"position\":5,\"name\":\"Oh Na Mi Korean Kimchi Mayo\"}]},{\"@type\":\"WebSite\",\"@id\":\"https:\\\/\\\/www.heatsupply.nl\\\/de\\\/#website\",\"url\":\"https:\\\/\\\/www.heatsupply.nl\\\/de\\\/\",\"name\":\"Heatsupply\",\"description\":\"Hot sauce webstore #1 in Europe\",\"publisher\":{\"@id\":\"https:\\\/\\\/www.heatsupply.nl\\\/de\\\/#organization\"},\"potentialAction\":[{\"@type\":\"SearchAction\",\"target\":{\"@type\":\"EntryPoint\",\"urlTemplate\":\"https:\\\/\\\/www.heatsupply.nl\\\/de\\\/?s={search_term_string}\"},\"query-input\":{\"@type\":\"PropertyValueSpecification\",\"valueRequired\":true,\"valueName\":\"search_term_string\"}}],\"inLanguage\":\"de\"},{\"@type\":\"Organization\",\"@id\":\"https:\\\/\\\/www.heatsupply.nl\\\/de\\\/#organization\",\"name\":\"Heatsupply\",\"url\":\"https:\\\/\\\/www.heatsupply.nl\\\/de\\\/\",\"logo\":{\"@type\":\"ImageObject\",\"inLanguage\":\"de\",\"@id\":\"https:\\\/\\\/www.heatsupply.nl\\\/de\\\/#\\\/schema\\\/logo\\\/image\\\/\",\"url\":\"https:\\\/\\\/www.heatsupply.nl\\\/wp-content\\\/uploads\\\/2022\\\/10\\\/heatsupply-logo-rood.jpg\",\"contentUrl\":\"https:\\\/\\\/www.heatsupply.nl\\\/wp-content\\\/uploads\\\/2022\\\/10\\\/heatsupply-logo-rood.jpg\",\"width\":1000,\"height\":335,\"caption\":\"Heatsupply\"},\"image\":{\"@id\":\"https:\\\/\\\/www.heatsupply.nl\\\/de\\\/#\\\/schema\\\/logo\\\/image\\\/\"},\"sameAs\":[\"https:\\\/\\\/www.facebook.com\\\/heatsupplyNL\",\"https:\\\/\\\/www.instagram.com\\\/heatsuppy.nl\",\"https:\\\/\\\/www.youtube.com\\\/channel\\\/UC5pOWqQtljvxTz2SMWGWCsw\"]}]}<\/script>\n<meta property=\"product:price:amount\" content=\"6.95\" \/>\n<meta property=\"product:price:currency\" content=\"EUR\" \/>\n<meta property=\"og:availability\" content=\"instock\" \/>\n<meta property=\"product:availability\" content=\"instock\" \/>\n<meta property=\"product:retailer_item_id\" content=\"OHNAMAYO002\" \/>\n<meta property=\"product:condition\" content=\"new\" \/>\n<!-- \/ Yoast SEO Premium plugin. -->","yoast_head_json":{"title":"Oh Na Mi Korean Kimchi Mayo - Heatsupply","description":"Oh Na Mi Korean Kimchi Mayo ist eine k\u00f6stlich cremige und erfrischende Mischung aus Mayo und Kimchi. Sie schmeckt k\u00f6stlich zu Sushi, Poke Bowls und nat\u00fcrlich Pommes!","robots":{"index":"index","follow":"follow","max-snippet":"max-snippet:-1","max-image-preview":"max-image-preview:large","max-video-preview":"max-video-preview:-1"},"canonical":"https:\/\/www.heatsupply.nl\/de\/produkt\/oh-na-mi-korean-kimchi-mayo\/","og_locale":"de_DE","og_type":"article","og_title":"Oh Na Mi Korean Kimchi Mayo","og_description":"Oh Na Mi Korean Kimchi Mayo ist eine k\u00f6stlich cremige und erfrischende Mischung aus Mayo und Kimchi. Sie schmeckt k\u00f6stlich zu Sushi, Poke Bowls und nat\u00fcrlich Pommes!","og_url":"https:\/\/www.heatsupply.nl\/de\/produkt\/oh-na-mi-korean-kimchi-mayo\/","og_site_name":"Heatsupply","article_publisher":"https:\/\/www.facebook.com\/heatsupplyNL","article_modified_time":"2026-04-21T10:13:44+00:00","og_image":[{"width":1400,"height":1400,"url":"https:\/\/www.heatsupply.nl\/wp-content\/uploads\/2025\/08\/oh-na-mi-korean-kimchi-mayo.jpg","type":"image\/jpeg"}],"twitter_card":"summary_large_image","twitter_misc":{"Preis":"&euro;6,95","Verf\u00fcgbarkeit":"Auf Lager"},"schema":{"@context":"https:\/\/schema.org","@graph":[{"@type":"WebPage","@id":"https:\/\/www.heatsupply.nl\/de\/produkt\/oh-na-mi-korean-kimchi-mayo\/","url":"https:\/\/www.heatsupply.nl\/de\/produkt\/oh-na-mi-korean-kimchi-mayo\/","name":"Oh Na Mi Korean Kimchi Mayo - Heatsupply","isPartOf":{"@id":"https:\/\/www.heatsupply.nl\/de\/#website"},"primaryImageOfPage":{"@id":"https:\/\/www.heatsupply.nl\/de\/produkt\/oh-na-mi-korean-kimchi-mayo\/#primaryimage"},"image":{"@id":"https:\/\/www.heatsupply.nl\/de\/produkt\/oh-na-mi-korean-kimchi-mayo\/#primaryimage"},"thumbnailUrl":"https:\/\/www.heatsupply.nl\/wp-content\/uploads\/2025\/08\/oh-na-mi-korean-kimchi-mayo.jpg","datePublished":"2025-08-12T12:56:36+00:00","dateModified":"2026-04-21T10:13:44+00:00","description":"Oh Na Mi Korean Kimchi Mayo ist eine k\u00f6stlich cremige und erfrischende Mischung aus Mayo und Kimchi. Sie schmeckt k\u00f6stlich zu Sushi, Poke Bowls und nat\u00fcrlich Pommes!","breadcrumb":{"@id":"https:\/\/www.heatsupply.nl\/de\/produkt\/oh-na-mi-korean-kimchi-mayo\/#breadcrumb"},"inLanguage":"de","potentialAction":[{"@type":"ReadAction","target":["https:\/\/www.heatsupply.nl\/de\/produkt\/oh-na-mi-korean-kimchi-mayo\/"]}]},{"@type":"ImageObject","inLanguage":"de","@id":"https:\/\/www.heatsupply.nl\/de\/produkt\/oh-na-mi-korean-kimchi-mayo\/#primaryimage","url":"https:\/\/www.heatsupply.nl\/wp-content\/uploads\/2025\/08\/oh-na-mi-korean-kimchi-mayo.jpg","contentUrl":"https:\/\/www.heatsupply.nl\/wp-content\/uploads\/2025\/08\/oh-na-mi-korean-kimchi-mayo.jpg","width":1400,"height":1400,"caption":"oh na mi korean kimchi mayo"},{"@type":"BreadcrumbList","@id":"https:\/\/www.heatsupply.nl\/de\/produkt\/oh-na-mi-korean-kimchi-mayo\/#breadcrumb","itemListElement":[{"@type":"ListItem","position":1,"name":"Home","item":"https:\/\/www.heatsupply.nl\/de\/"},{"@type":"ListItem","position":2,"name":"Alle produkten","item":"https:\/\/www.heatsupply.nl\/de\/alle-produkten\/"},{"@type":"ListItem","position":3,"name":"Spicy","item":"https:\/\/www.heatsupply.nl\/de\/spicy\/"},{"@type":"ListItem","position":4,"name":"Aromen","item":"https:\/\/www.heatsupply.nl\/de\/spicy\/aromen\/"},{"@type":"ListItem","position":5,"name":"Oh Na Mi Korean Kimchi Mayo"}]},{"@type":"WebSite","@id":"https:\/\/www.heatsupply.nl\/de\/#website","url":"https:\/\/www.heatsupply.nl\/de\/","name":"Heatsupply","description":"Hot sauce webstore #1 in Europe","publisher":{"@id":"https:\/\/www.heatsupply.nl\/de\/#organization"},"potentialAction":[{"@type":"SearchAction","target":{"@type":"EntryPoint","urlTemplate":"https:\/\/www.heatsupply.nl\/de\/?s={search_term_string}"},"query-input":{"@type":"PropertyValueSpecification","valueRequired":true,"valueName":"search_term_string"}}],"inLanguage":"de"},{"@type":"Organization","@id":"https:\/\/www.heatsupply.nl\/de\/#organization","name":"Heatsupply","url":"https:\/\/www.heatsupply.nl\/de\/","logo":{"@type":"ImageObject","inLanguage":"de","@id":"https:\/\/www.heatsupply.nl\/de\/#\/schema\/logo\/image\/","url":"https:\/\/www.heatsupply.nl\/wp-content\/uploads\/2022\/10\/heatsupply-logo-rood.jpg","contentUrl":"https:\/\/www.heatsupply.nl\/wp-content\/uploads\/2022\/10\/heatsupply-logo-rood.jpg","width":1000,"height":335,"caption":"Heatsupply"},"image":{"@id":"https:\/\/www.heatsupply.nl\/de\/#\/schema\/logo\/image\/"},"sameAs":["https:\/\/www.facebook.com\/heatsupplyNL","https:\/\/www.instagram.com\/heatsuppy.nl","https:\/\/www.youtube.com\/channel\/UC5pOWqQtljvxTz2SMWGWCsw"]}]},"product_price_amount":"6.95","product_price_currency":"EUR","og_availability":"instock","product_availability":"instock","product_retailer_item_id":"OHNAMAYO002","product_condition":"new"},"_links":{"self":[{"href":"https:\/\/www.heatsupply.nl\/de\/wp-json\/wp\/v2\/product\/183083","targetHints":{"allow":["GET"]}}],"collection":[{"href":"https:\/\/www.heatsupply.nl\/de\/wp-json\/wp\/v2\/product"}],"about":[{"href":"https:\/\/www.heatsupply.nl\/de\/wp-json\/wp\/v2\/types\/product"}],"replies":[{"embeddable":true,"href":"https:\/\/www.heatsupply.nl\/de\/wp-json\/wp\/v2\/comments?post=183083"}],"wp:featuredmedia":[{"embeddable":true,"href":"https:\/\/www.heatsupply.nl\/de\/wp-json\/wp\/v2\/media\/183006"}],"wp:attachment":[{"href":"https:\/\/www.heatsupply.nl\/de\/wp-json\/wp\/v2\/media?parent=183083"}],"wp:term":[{"taxonomy":"product_brand","embeddable":true,"href":"https:\/\/www.heatsupply.nl\/de\/wp-json\/wp\/v2\/product_brand?post=183083"},{"taxonomy":"product_cat","embeddable":true,"href":"https:\/\/www.heatsupply.nl\/de\/wp-json\/wp\/v2\/product_cat?post=183083"},{"taxonomy":"product_tag","embeddable":true,"href":"https:\/\/www.heatsupply.nl\/de\/wp-json\/wp\/v2\/product_tag?post=183083"}],"curies":[{"name":"wp","href":"https:\/\/api.w.org\/{rel}","templated":true}]}}