{"id":181827,"date":"2025-07-25T12:17:20","date_gmt":"2025-07-25T10:17:20","guid":{"rendered":"https:\/\/www.heatsupply.nl\/?post_type=product&#038;p=181827"},"modified":"2026-04-21T14:56:49","modified_gmt":"2026-04-21T12:56:49","slug":"maitre-delice-martin-pecheur-pfirsich-rosmarin-hot-sauce","status":"publish","type":"product","link":"https:\/\/www.heatsupply.nl\/de\/produkt\/maitre-delice-martin-pecheur-pfirsich-rosmarin-hot-sauce\/","title":{"rendered":"Maitre Delice Martin-Pecheur Pfirsich-Rosmarin Hot Sauce"},"content":{"rendered":"<p><strong>Zutaten Maitre Delice Martin-Pecheur Pfirsich-Rosmarin Hot Sauce<\/strong>: Pfirsich, Zwiebel, Apfelessig, Wasser, Madame Jeanette-Chilischoten, Knoblauch, Rosmarin, Salz, Xanthangummi<\/p>\n<p><span style=\"text-decoration: underline;\">N\u00e4hrwerte pro 100g:<\/span><br \/>\nEnergie: 456 kJ\/109 kcal<br \/>\nFett: 0,5 g<br \/>\ndavon ges\u00e4ttigte Fetts\u00e4uren: 0 g<br \/>\nKohlenhydrate: 25,6 g<br \/>\ndavon Zucker: 19,4 g<br \/>\nEiwei\u00df: 2,56 g<br \/>\nSalz: 0,6 g<\/p>\n<p>Vor Gebrauch sch\u00fctteln und nach dem \u00d6ffnen gek\u00fchlt aufbewahren.<\/p>\n","protected":false},"excerpt":{"rendered":"<p style=\"text-align: justify;\">Diese Maitre Delice Hot Sauce mit Pfirsich und Rosmarin ist eine herrliche (sommerliche) Hot Sauce franz\u00f6sischer Machart. Durch die Anwesenheit von Pfirsich, Apfelessig und Madame Jeanette ist die Sauce zun\u00e4chst sch\u00f6n fruchtig, s\u00fc\u00df und frisch. Zwiebel, Knoblauch und Rosmarin sorgen f\u00fcr einen herzhaften Hintergrund, was diese scharfe Sauce richtig sch\u00f6n in Balance bringt. Super lecker zu Ente, H\u00e4hnchen, einer K\u00e4seplatte oder einem frischen (Reis-)Salat. Unsere absolute Lieblings-Kombi: ein Burrata-Salat mit gegrilltem Pfirsich und dieser Hot Sauce. <em>Chef&#8217;s kiss<\/em>.<\/p>\n<p><strong>Bitte beachten Sie: Reduzierter Preis aufgrund begrenzter Haltbarkeit (17.07.2026).<\/strong><\/p>\n<ul>\n<li style=\"text-align: justify;\">Herkunft: Frankreich<\/li>\n<li style=\"text-align: justify;\">Inhalt: 150 ml<\/li>\n<\/ul>\n","protected":false},"featured_media":181834,"comment_status":"open","ping_status":"closed","template":"","meta":{"_acf_changed":false},"product_brand":[],"product_cat":[3994,4115,3787,4046],"product_tag":[],"class_list":{"0":"post-181827","1":"product","2":"type-product","3":"status-publish","4":"has-post-thumbnail","6":"product_cat-europaeische-scharfe-saucen","7":"product_cat-fruehling-deals","8":"product_cat-scharfe-sossen","9":"product_cat-spicy","11":"first","12":"instock","13":"sale","14":"taxable","15":"shipping-taxable","16":"purchasable","17":"product-type-simple"},"bundled_by":[],"bundle_stock_status":"instock","bundle_stock_quantity":20,"bundle_virtual":false,"bundle_layout":"","bundle_add_to_cart_form_location":"","bundle_editable_in_cart":false,"bundle_sold_individually_context":"","bundle_item_grouping":"","bundle_min_size":"","bundle_max_size":"","bundle_price":[],"bundled_items":[],"bundle_sell_ids":[],"acf":[],"yoast_head":"<!-- This site is optimized with the Yoast SEO Premium plugin v27.4 (Yoast SEO v27.4) - https:\/\/yoast.com\/product\/yoast-seo-premium-wordpress\/ -->\n<title>Maitre Delice Martin-Pecheur Pfirsich-Rosmarin Hot Sauce - Heatsupply<\/title>\n<meta name=\"description\" content=\"Diese scharfe Maitre Delice-Sauce mit Pfirsich und Rosmarin ist eine fantastische Mischung aus Fruchtigkeit, S\u00fc\u00dfe, etwas Frische und mittlerer Sch\u00e4rfe.\" \/>\n<meta name=\"robots\" content=\"index, follow, max-snippet:-1, max-image-preview:large, max-video-preview:-1\" \/>\n<link rel=\"canonical\" href=\"https:\/\/www.heatsupply.nl\/de\/produkt\/maitre-delice-martin-pecheur-pfirsich-rosmarin-hot-sauce\/\" \/>\n<meta property=\"og:locale\" content=\"de_DE\" \/>\n<meta property=\"og:type\" content=\"article\" \/>\n<meta property=\"og:title\" content=\"Maitre Delice Martin-Pecheur Pfirsich-Rosmarin Hot Sauce\" \/>\n<meta property=\"og:description\" content=\"Diese scharfe Maitre Delice-Sauce mit Pfirsich und Rosmarin ist eine fantastische Mischung aus Fruchtigkeit, S\u00fc\u00dfe, etwas Frische und mittlerer Sch\u00e4rfe.\" \/>\n<meta property=\"og:url\" content=\"https:\/\/www.heatsupply.nl\/de\/produkt\/maitre-delice-martin-pecheur-pfirsich-rosmarin-hot-sauce\/\" \/>\n<meta property=\"og:site_name\" content=\"Heatsupply\" \/>\n<meta property=\"article:publisher\" content=\"https:\/\/www.facebook.com\/heatsupplyNL\" \/>\n<meta property=\"article:modified_time\" content=\"2026-04-21T12:56:49+00:00\" \/>\n<meta property=\"og:image\" content=\"https:\/\/www.heatsupply.nl\/wp-content\/uploads\/2025\/07\/maitre-delice-peach-hot-sauce.jpg\" \/>\n\t<meta property=\"og:image:width\" content=\"1400\" \/>\n\t<meta property=\"og:image:height\" content=\"1400\" \/>\n\t<meta property=\"og:image:type\" content=\"image\/jpeg\" \/>\n<meta name=\"twitter:card\" content=\"summary_large_image\" \/>\n<meta name=\"twitter:label1\" content=\"Preis\" \/>\n\t<meta name=\"twitter:data1\" content=\"&euro;7,95\" \/>\n\t<meta name=\"twitter:label2\" content=\"Verf\u00fcgbarkeit\" \/>\n\t<meta name=\"twitter:data2\" content=\"Auf Lager\" \/>\n<script type=\"application\/ld+json\" class=\"yoast-schema-graph\">{\"@context\":\"https:\\\/\\\/schema.org\",\"@graph\":[{\"@type\":\"WebPage\",\"@id\":\"https:\\\/\\\/www.heatsupply.nl\\\/de\\\/produkt\\\/maitre-delice-martin-pecheur-pfirsich-rosmarin-hot-sauce\\\/\",\"url\":\"https:\\\/\\\/www.heatsupply.nl\\\/de\\\/produkt\\\/maitre-delice-martin-pecheur-pfirsich-rosmarin-hot-sauce\\\/\",\"name\":\"Maitre Delice Martin-Pecheur Pfirsich-Rosmarin Hot Sauce - Heatsupply\",\"isPartOf\":{\"@id\":\"https:\\\/\\\/www.heatsupply.nl\\\/de\\\/#website\"},\"primaryImageOfPage\":{\"@id\":\"https:\\\/\\\/www.heatsupply.nl\\\/de\\\/produkt\\\/maitre-delice-martin-pecheur-pfirsich-rosmarin-hot-sauce\\\/#primaryimage\"},\"image\":{\"@id\":\"https:\\\/\\\/www.heatsupply.nl\\\/de\\\/produkt\\\/maitre-delice-martin-pecheur-pfirsich-rosmarin-hot-sauce\\\/#primaryimage\"},\"thumbnailUrl\":\"https:\\\/\\\/www.heatsupply.nl\\\/wp-content\\\/uploads\\\/2025\\\/07\\\/maitre-delice-peach-hot-sauce.jpg\",\"datePublished\":\"2025-07-25T10:17:20+00:00\",\"dateModified\":\"2026-04-21T12:56:49+00:00\",\"description\":\"Diese scharfe Maitre Delice-Sauce mit Pfirsich und Rosmarin ist eine fantastische Mischung aus Fruchtigkeit, S\u00fc\u00dfe, etwas Frische und mittlerer Sch\u00e4rfe.\",\"breadcrumb\":{\"@id\":\"https:\\\/\\\/www.heatsupply.nl\\\/de\\\/produkt\\\/maitre-delice-martin-pecheur-pfirsich-rosmarin-hot-sauce\\\/#breadcrumb\"},\"inLanguage\":\"de\",\"potentialAction\":[{\"@type\":\"ReadAction\",\"target\":[\"https:\\\/\\\/www.heatsupply.nl\\\/de\\\/produkt\\\/maitre-delice-martin-pecheur-pfirsich-rosmarin-hot-sauce\\\/\"]}]},{\"@type\":\"ImageObject\",\"inLanguage\":\"de\",\"@id\":\"https:\\\/\\\/www.heatsupply.nl\\\/de\\\/produkt\\\/maitre-delice-martin-pecheur-pfirsich-rosmarin-hot-sauce\\\/#primaryimage\",\"url\":\"https:\\\/\\\/www.heatsupply.nl\\\/wp-content\\\/uploads\\\/2025\\\/07\\\/maitre-delice-peach-hot-sauce.jpg\",\"contentUrl\":\"https:\\\/\\\/www.heatsupply.nl\\\/wp-content\\\/uploads\\\/2025\\\/07\\\/maitre-delice-peach-hot-sauce.jpg\",\"width\":1400,\"height\":1400,\"caption\":\"maitre delice peach hot sauce\"},{\"@type\":\"BreadcrumbList\",\"@id\":\"https:\\\/\\\/www.heatsupply.nl\\\/de\\\/produkt\\\/maitre-delice-martin-pecheur-pfirsich-rosmarin-hot-sauce\\\/#breadcrumb\",\"itemListElement\":[{\"@type\":\"ListItem\",\"position\":1,\"name\":\"Home\",\"item\":\"https:\\\/\\\/www.heatsupply.nl\\\/de\\\/\"},{\"@type\":\"ListItem\",\"position\":2,\"name\":\"Alle produkten\",\"item\":\"https:\\\/\\\/www.heatsupply.nl\\\/de\\\/alle-produkten\\\/\"},{\"@type\":\"ListItem\",\"position\":3,\"name\":\"Scharfe So\u00dfen\",\"item\":\"https:\\\/\\\/www.heatsupply.nl\\\/de\\\/scharfe-sossen\\\/\"},{\"@type\":\"ListItem\",\"position\":4,\"name\":\"Maitre Delice Martin-Pecheur Pfirsich-Rosmarin Hot Sauce\"}]},{\"@type\":\"WebSite\",\"@id\":\"https:\\\/\\\/www.heatsupply.nl\\\/de\\\/#website\",\"url\":\"https:\\\/\\\/www.heatsupply.nl\\\/de\\\/\",\"name\":\"Heatsupply\",\"description\":\"Hot sauce webstore #1 in Europe\",\"publisher\":{\"@id\":\"https:\\\/\\\/www.heatsupply.nl\\\/de\\\/#organization\"},\"potentialAction\":[{\"@type\":\"SearchAction\",\"target\":{\"@type\":\"EntryPoint\",\"urlTemplate\":\"https:\\\/\\\/www.heatsupply.nl\\\/de\\\/?s={search_term_string}\"},\"query-input\":{\"@type\":\"PropertyValueSpecification\",\"valueRequired\":true,\"valueName\":\"search_term_string\"}}],\"inLanguage\":\"de\"},{\"@type\":\"Organization\",\"@id\":\"https:\\\/\\\/www.heatsupply.nl\\\/de\\\/#organization\",\"name\":\"Heatsupply\",\"url\":\"https:\\\/\\\/www.heatsupply.nl\\\/de\\\/\",\"logo\":{\"@type\":\"ImageObject\",\"inLanguage\":\"de\",\"@id\":\"https:\\\/\\\/www.heatsupply.nl\\\/de\\\/#\\\/schema\\\/logo\\\/image\\\/\",\"url\":\"https:\\\/\\\/www.heatsupply.nl\\\/wp-content\\\/uploads\\\/2022\\\/10\\\/heatsupply-logo-rood.jpg\",\"contentUrl\":\"https:\\\/\\\/www.heatsupply.nl\\\/wp-content\\\/uploads\\\/2022\\\/10\\\/heatsupply-logo-rood.jpg\",\"width\":1000,\"height\":335,\"caption\":\"Heatsupply\"},\"image\":{\"@id\":\"https:\\\/\\\/www.heatsupply.nl\\\/de\\\/#\\\/schema\\\/logo\\\/image\\\/\"},\"sameAs\":[\"https:\\\/\\\/www.facebook.com\\\/heatsupplyNL\",\"https:\\\/\\\/www.instagram.com\\\/heatsuppy.nl\",\"https:\\\/\\\/www.youtube.com\\\/channel\\\/UC5pOWqQtljvxTz2SMWGWCsw\"]}]}<\/script>\n<meta property=\"product:brand\" content=\"Maitre Delice\" \/>\n<meta property=\"product:price:amount\" content=\"7.95\" \/>\n<meta property=\"product:price:currency\" content=\"EUR\" \/>\n<meta property=\"og:availability\" content=\"instock\" \/>\n<meta property=\"product:availability\" content=\"instock\" \/>\n<meta property=\"product:retailer_item_id\" content=\"MAITPEACH002\" \/>\n<meta property=\"product:condition\" content=\"new\" \/>\n<!-- \/ Yoast SEO Premium plugin. -->","yoast_head_json":{"title":"Maitre Delice Martin-Pecheur Pfirsich-Rosmarin Hot Sauce - Heatsupply","description":"Diese scharfe Maitre Delice-Sauce mit Pfirsich und Rosmarin ist eine fantastische Mischung aus Fruchtigkeit, S\u00fc\u00dfe, etwas Frische und mittlerer Sch\u00e4rfe.","robots":{"index":"index","follow":"follow","max-snippet":"max-snippet:-1","max-image-preview":"max-image-preview:large","max-video-preview":"max-video-preview:-1"},"canonical":"https:\/\/www.heatsupply.nl\/de\/produkt\/maitre-delice-martin-pecheur-pfirsich-rosmarin-hot-sauce\/","og_locale":"de_DE","og_type":"article","og_title":"Maitre Delice Martin-Pecheur Pfirsich-Rosmarin Hot Sauce","og_description":"Diese scharfe Maitre Delice-Sauce mit Pfirsich und Rosmarin ist eine fantastische Mischung aus Fruchtigkeit, S\u00fc\u00dfe, etwas Frische und mittlerer Sch\u00e4rfe.","og_url":"https:\/\/www.heatsupply.nl\/de\/produkt\/maitre-delice-martin-pecheur-pfirsich-rosmarin-hot-sauce\/","og_site_name":"Heatsupply","article_publisher":"https:\/\/www.facebook.com\/heatsupplyNL","article_modified_time":"2026-04-21T12:56:49+00:00","og_image":[{"width":1400,"height":1400,"url":"https:\/\/www.heatsupply.nl\/wp-content\/uploads\/2025\/07\/maitre-delice-peach-hot-sauce.jpg","type":"image\/jpeg"}],"twitter_card":"summary_large_image","twitter_misc":{"Preis":"&euro;7,95","Verf\u00fcgbarkeit":"Auf Lager"},"schema":{"@context":"https:\/\/schema.org","@graph":[{"@type":"WebPage","@id":"https:\/\/www.heatsupply.nl\/de\/produkt\/maitre-delice-martin-pecheur-pfirsich-rosmarin-hot-sauce\/","url":"https:\/\/www.heatsupply.nl\/de\/produkt\/maitre-delice-martin-pecheur-pfirsich-rosmarin-hot-sauce\/","name":"Maitre Delice Martin-Pecheur Pfirsich-Rosmarin Hot Sauce - Heatsupply","isPartOf":{"@id":"https:\/\/www.heatsupply.nl\/de\/#website"},"primaryImageOfPage":{"@id":"https:\/\/www.heatsupply.nl\/de\/produkt\/maitre-delice-martin-pecheur-pfirsich-rosmarin-hot-sauce\/#primaryimage"},"image":{"@id":"https:\/\/www.heatsupply.nl\/de\/produkt\/maitre-delice-martin-pecheur-pfirsich-rosmarin-hot-sauce\/#primaryimage"},"thumbnailUrl":"https:\/\/www.heatsupply.nl\/wp-content\/uploads\/2025\/07\/maitre-delice-peach-hot-sauce.jpg","datePublished":"2025-07-25T10:17:20+00:00","dateModified":"2026-04-21T12:56:49+00:00","description":"Diese scharfe Maitre Delice-Sauce mit Pfirsich und Rosmarin ist eine fantastische Mischung aus Fruchtigkeit, S\u00fc\u00dfe, etwas Frische und mittlerer Sch\u00e4rfe.","breadcrumb":{"@id":"https:\/\/www.heatsupply.nl\/de\/produkt\/maitre-delice-martin-pecheur-pfirsich-rosmarin-hot-sauce\/#breadcrumb"},"inLanguage":"de","potentialAction":[{"@type":"ReadAction","target":["https:\/\/www.heatsupply.nl\/de\/produkt\/maitre-delice-martin-pecheur-pfirsich-rosmarin-hot-sauce\/"]}]},{"@type":"ImageObject","inLanguage":"de","@id":"https:\/\/www.heatsupply.nl\/de\/produkt\/maitre-delice-martin-pecheur-pfirsich-rosmarin-hot-sauce\/#primaryimage","url":"https:\/\/www.heatsupply.nl\/wp-content\/uploads\/2025\/07\/maitre-delice-peach-hot-sauce.jpg","contentUrl":"https:\/\/www.heatsupply.nl\/wp-content\/uploads\/2025\/07\/maitre-delice-peach-hot-sauce.jpg","width":1400,"height":1400,"caption":"maitre delice peach hot sauce"},{"@type":"BreadcrumbList","@id":"https:\/\/www.heatsupply.nl\/de\/produkt\/maitre-delice-martin-pecheur-pfirsich-rosmarin-hot-sauce\/#breadcrumb","itemListElement":[{"@type":"ListItem","position":1,"name":"Home","item":"https:\/\/www.heatsupply.nl\/de\/"},{"@type":"ListItem","position":2,"name":"Alle produkten","item":"https:\/\/www.heatsupply.nl\/de\/alle-produkten\/"},{"@type":"ListItem","position":3,"name":"Scharfe So\u00dfen","item":"https:\/\/www.heatsupply.nl\/de\/scharfe-sossen\/"},{"@type":"ListItem","position":4,"name":"Maitre Delice Martin-Pecheur Pfirsich-Rosmarin Hot Sauce"}]},{"@type":"WebSite","@id":"https:\/\/www.heatsupply.nl\/de\/#website","url":"https:\/\/www.heatsupply.nl\/de\/","name":"Heatsupply","description":"Hot sauce webstore #1 in Europe","publisher":{"@id":"https:\/\/www.heatsupply.nl\/de\/#organization"},"potentialAction":[{"@type":"SearchAction","target":{"@type":"EntryPoint","urlTemplate":"https:\/\/www.heatsupply.nl\/de\/?s={search_term_string}"},"query-input":{"@type":"PropertyValueSpecification","valueRequired":true,"valueName":"search_term_string"}}],"inLanguage":"de"},{"@type":"Organization","@id":"https:\/\/www.heatsupply.nl\/de\/#organization","name":"Heatsupply","url":"https:\/\/www.heatsupply.nl\/de\/","logo":{"@type":"ImageObject","inLanguage":"de","@id":"https:\/\/www.heatsupply.nl\/de\/#\/schema\/logo\/image\/","url":"https:\/\/www.heatsupply.nl\/wp-content\/uploads\/2022\/10\/heatsupply-logo-rood.jpg","contentUrl":"https:\/\/www.heatsupply.nl\/wp-content\/uploads\/2022\/10\/heatsupply-logo-rood.jpg","width":1000,"height":335,"caption":"Heatsupply"},"image":{"@id":"https:\/\/www.heatsupply.nl\/de\/#\/schema\/logo\/image\/"},"sameAs":["https:\/\/www.facebook.com\/heatsupplyNL","https:\/\/www.instagram.com\/heatsuppy.nl","https:\/\/www.youtube.com\/channel\/UC5pOWqQtljvxTz2SMWGWCsw"]}]},"product_brand":"Maitre Delice","product_price_amount":"7.95","product_price_currency":"EUR","og_availability":"instock","product_availability":"instock","product_retailer_item_id":"MAITPEACH002","product_condition":"new"},"_links":{"self":[{"href":"https:\/\/www.heatsupply.nl\/de\/wp-json\/wp\/v2\/product\/181827","targetHints":{"allow":["GET"]}}],"collection":[{"href":"https:\/\/www.heatsupply.nl\/de\/wp-json\/wp\/v2\/product"}],"about":[{"href":"https:\/\/www.heatsupply.nl\/de\/wp-json\/wp\/v2\/types\/product"}],"replies":[{"embeddable":true,"href":"https:\/\/www.heatsupply.nl\/de\/wp-json\/wp\/v2\/comments?post=181827"}],"wp:featuredmedia":[{"embeddable":true,"href":"https:\/\/www.heatsupply.nl\/de\/wp-json\/wp\/v2\/media\/181834"}],"wp:attachment":[{"href":"https:\/\/www.heatsupply.nl\/de\/wp-json\/wp\/v2\/media?parent=181827"}],"wp:term":[{"taxonomy":"product_brand","embeddable":true,"href":"https:\/\/www.heatsupply.nl\/de\/wp-json\/wp\/v2\/product_brand?post=181827"},{"taxonomy":"product_cat","embeddable":true,"href":"https:\/\/www.heatsupply.nl\/de\/wp-json\/wp\/v2\/product_cat?post=181827"},{"taxonomy":"product_tag","embeddable":true,"href":"https:\/\/www.heatsupply.nl\/de\/wp-json\/wp\/v2\/product_tag?post=181827"}],"curies":[{"name":"wp","href":"https:\/\/api.w.org\/{rel}","templated":true}]}}