{"id":181778,"date":"2025-07-24T14:57:58","date_gmt":"2025-07-24T12:57:58","guid":{"rendered":"https:\/\/www.heatsupply.nl\/product\/heatsupply-originals-pack\/"},"modified":"2025-08-21T13:18:33","modified_gmt":"2025-08-21T11:18:33","slug":"heatsupply-originals-pack","status":"publish","type":"product","link":"https:\/\/www.heatsupply.nl\/de\/produkt\/heatsupply-originals-pack\/","title":{"rendered":"Heatsupply Originals Pack"},"content":{"rendered":"<p>In diesem Paket findest du die einzig wahren drei Heatsupply Originale: unsere erste Scharfe Sauce, <strong>The O.G.<\/strong>, den <strong>Hot Honey<\/strong> und das <strong>Crispy Chili Oil<\/strong>.<\/p>\n<ul>\n<li><a href=\"https:\/\/www.heatsupply.nl\/de\/produkt\/the-o-g-hot-sauce-beste-hot-sauce-der-niederlande-2023\/\"><strong>The O.G. (beste hot sauce van Nederland 2023)<\/strong><\/a><\/li>\n<li><a href=\"https:\/\/www.heatsupply.nl\/de\/produkt\/heatsupplys-hot-honey\/\"><strong>Hot Honey<\/strong><\/a><\/li>\n<li><a href=\"https:\/\/www.heatsupply.nl\/de\/produkt\/heatsupplys-crispy-chili-oil\/\"><strong>Crispy Chili Oil (bestes Chili\u00f6l in den Niederlanden 2025)<\/strong><\/a><\/li>\n<\/ul>\n<p>Meer info over deze producten vind je hierboven.<\/p>\n","protected":false},"excerpt":{"rendered":"<p style=\"text-align: justify;\">Sind wir dein Dealer der Wahl, wenn es um scharfe Sachen geht? Dann darf das Heatsupply Original Pack in deiner Sammlung nicht fehlen. All unsere OGs, aber in einem Paket. Damit bist du eigentlich f\u00fcr alle Mahlzeiten, die du jemals zubereitest, bestens ger\u00fcstet. <a href=\"https:\/\/www.heatsupply.nl\/de\/produkt\/heatsupplys-crispy-chili-oil\/\"><strong>The O.G. hot sauce (beste Hot Sauce der Niederlande 2025)<\/strong><\/a> ist eine vielseitige klassische scharfe Sauce mit mexikanischem Twist. Unser <a href=\"https:\/\/www.heatsupply.nl\/de\/produkt\/heatsupplys-hot-honey\/\"><strong>Hot Honey<\/strong><\/a> ist die perfekte Mischung aus s\u00fc\u00df &amp; scharf, was die ideale Wahl f\u00fcr Pizza, frittiertes H\u00e4hnchen, K\u00e4se, Ribs und Desserts ist. Schlie\u00dflich ist auch noch das beste Chili\u00f6l der Niederlande 2025 dabei: <a href=\"https:\/\/www.heatsupply.nl\/de\/produkt\/heatsupplys-crispy-chili-oil\/\"><strong>Heatsupply&#8217;s Crispy Chili Oil<\/strong><\/a>. Diese Chili Crisp kommt am besten in asiatischen Gerichten zur Geltung, kann aber heimlich wirklich \u00fcberall drauf.<\/p>\n<p style=\"text-align: justify;\">Ein g\u00fcnstiges Paket, das alle K\u00e4stchen abhakt also. Dabei ist es sch\u00e4rfem\u00e4\u00dfig auch noch auf einem Level, das jeder verkraften kann. Also auch noch ein Topgeschenk! So kannst du jeden mit den (im \u00fcbertragenen Sinne) hei\u00dfesten scharfen Saucen bekannt machen.<\/p>\n<p style=\"text-align: justify;\">Herkunft: Niederlande<\/p>\n<p style=\"text-align: justify;\">Inhalt:<\/p>\n<ul>\n<li style=\"text-align: justify;\">The O.G.: 150 ml<\/li>\n<li style=\"text-align: justify;\">Hot Honey: 350 Gramm<\/li>\n<li style=\"text-align: justify;\">Crispy Chili Oil: 200 ml<\/li>\n<\/ul>\n","protected":false},"featured_media":181759,"comment_status":"open","ping_status":"closed","template":"","meta":{"_acf_changed":false},"product_brand":[],"product_cat":[3965,4011,4046],"product_tag":[],"class_list":{"0":"post-181778","1":"product","2":"type-product","3":"status-publish","4":"has-post-thumbnail","6":"product_cat-packs","7":"product_cat-heatsupply-originals","8":"product_cat-spicy","10":"first","11":"instock","12":"sale","13":"virtual","14":"taxable","15":"purchasable","16":"product-type-bundle"},"bundled_by":[],"bundle_stock_status":"instock","bundle_stock_quantity":"","bundle_virtual":false,"bundle_layout":"default","bundle_add_to_cart_form_location":"after_summary","bundle_editable_in_cart":false,"bundle_sold_individually_context":"product","bundle_item_grouping":"parent","bundle_min_size":"","bundle_max_size":"","bundle_price":{"price":{"min":{"incl_tax":"23.95","excl_tax":"21.972477"},"max":{"incl_tax":"23.95","excl_tax":"21.972477"}},"regular_price":{"min":{"incl_tax":"25.85","excl_tax":"23.715596"},"max":{"incl_tax":"25.85","excl_tax":"23.715596"}}},"bundled_items":[{"bundled_item_id":1673,"product_id":151876,"menu_order":0,"quantity_min":1,"quantity_max":1,"quantity_default":1,"priced_individually":false,"shipped_individually":false,"override_title":false,"title":"Heatsupply&#8217;s Hot Honey (350 Gramm)","override_description":false,"description":"Heatsupply&#8217;s Hot Honey (350 Gramm)","optional":false,"hide_thumbnail":false,"discount":"","override_variations":false,"allowed_variations":[""],"override_default_variation_attributes":false,"default_variation_attributes":[],"single_product_visibility":"visible","cart_visibility":"visible","order_visibility":"visible","single_product_price_visibility":"visible","cart_price_visibility":"visible","order_price_visibility":"visible","stock_status":"in_stock"},{"bundled_item_id":1674,"product_id":141915,"menu_order":1,"quantity_min":1,"quantity_max":1,"quantity_default":1,"priced_individually":false,"shipped_individually":false,"override_title":false,"title":"The O.G. Hot Sauce &#8211; Beste Hot Sauce der Niederlande 2023","override_description":false,"description":"The O.G. Hot Sauce &#8211; Beste Hot Sauce der Niederlande 2023","optional":false,"hide_thumbnail":false,"discount":"","override_variations":false,"allowed_variations":[""],"override_default_variation_attributes":false,"default_variation_attributes":[],"single_product_visibility":"visible","cart_visibility":"visible","order_visibility":"visible","single_product_price_visibility":"visible","cart_price_visibility":"visible","order_price_visibility":"visible","stock_status":"in_stock"},{"bundled_item_id":1675,"product_id":172498,"menu_order":2,"quantity_min":1,"quantity_max":1,"quantity_default":1,"priced_individually":false,"shipped_individually":false,"override_title":false,"title":"Heatsupply&#8217;s Crispy Chili Oil &#8211; Beste holl\u00e4ndische Chili\u00f6l 2025","override_description":false,"description":"Heatsupply&#8217;s Crispy Chili Oil &#8211; Beste holl\u00e4ndische Chili\u00f6l 2025","optional":false,"hide_thumbnail":false,"discount":"","override_variations":false,"allowed_variations":[""],"override_default_variation_attributes":false,"default_variation_attributes":[],"single_product_visibility":"visible","cart_visibility":"visible","order_visibility":"visible","single_product_price_visibility":"visible","cart_price_visibility":"visible","order_price_visibility":"visible","stock_status":"in_stock"}],"bundle_sell_ids":[],"acf":[],"yoast_head":"<!-- This site is optimized with the Yoast SEO Premium plugin v27.5 (Yoast SEO v27.5) - https:\/\/yoast.com\/product\/yoast-seo-premium-wordpress\/ -->\n<title>Heatsupply Originals Pack - Unsere Hot Honey, OG hot sauce &amp; Crispy Chili Oil<\/title>\n<meta name=\"description\" content=\"Im Heatsupply Originals Pack findest du all unsere preisgekr\u00f6nten Originals aus jeder Kategorie: unsere erste Hot Sauce (The O.G.), Hot Honey &amp; Crispy Chili Oil.\" \/>\n<meta name=\"robots\" content=\"index, follow, max-snippet:-1, max-image-preview:large, max-video-preview:-1\" \/>\n<link rel=\"canonical\" href=\"https:\/\/www.heatsupply.nl\/de\/produkt\/heatsupply-originals-pack\/\" \/>\n<meta property=\"og:locale\" content=\"de_DE\" \/>\n<meta property=\"og:type\" content=\"article\" \/>\n<meta property=\"og:title\" content=\"Heatsupply Originals Pack\" \/>\n<meta property=\"og:description\" content=\"Im Heatsupply Originals Pack findest du all unsere preisgekr\u00f6nten Originals aus jeder Kategorie: unsere erste Hot Sauce (The O.G.), Hot Honey &amp; Crispy Chili Oil.\" \/>\n<meta property=\"og:url\" content=\"https:\/\/www.heatsupply.nl\/de\/produkt\/heatsupply-originals-pack\/\" \/>\n<meta property=\"og:site_name\" content=\"Heatsupply\" \/>\n<meta property=\"article:publisher\" content=\"https:\/\/www.facebook.com\/heatsupplyNL\" \/>\n<meta property=\"article:modified_time\" content=\"2025-08-21T11:18:33+00:00\" \/>\n<meta property=\"og:image\" content=\"https:\/\/www.heatsupply.nl\/wp-content\/uploads\/2025\/07\/heatsupply-hot-sauce-crispy-chili-oil-and-hot-honey-pack.jpg\" \/>\n\t<meta property=\"og:image:width\" content=\"1400\" \/>\n\t<meta property=\"og:image:height\" content=\"1400\" \/>\n\t<meta property=\"og:image:type\" content=\"image\/jpeg\" \/>\n<meta name=\"twitter:card\" content=\"summary_large_image\" \/>\n<meta name=\"twitter:label1\" content=\"Preis\" \/>\n\t<meta name=\"twitter:data1\" content=\"&euro;23,95\" \/>\n\t<meta name=\"twitter:label2\" content=\"Verf\u00fcgbarkeit\" \/>\n\t<meta name=\"twitter:data2\" content=\"Auf Lager\" \/>\n<script type=\"application\/ld+json\" class=\"yoast-schema-graph\">{\"@context\":\"https:\\\/\\\/schema.org\",\"@graph\":[{\"@type\":\"WebPage\",\"@id\":\"https:\\\/\\\/www.heatsupply.nl\\\/de\\\/produkt\\\/heatsupply-originals-pack\\\/\",\"url\":\"https:\\\/\\\/www.heatsupply.nl\\\/de\\\/produkt\\\/heatsupply-originals-pack\\\/\",\"name\":\"Heatsupply Originals Pack - Unsere Hot Honey, OG hot sauce & Crispy Chili Oil\",\"isPartOf\":{\"@id\":\"https:\\\/\\\/www.heatsupply.nl\\\/de\\\/#website\"},\"primaryImageOfPage\":{\"@id\":\"https:\\\/\\\/www.heatsupply.nl\\\/de\\\/produkt\\\/heatsupply-originals-pack\\\/#primaryimage\"},\"image\":{\"@id\":\"https:\\\/\\\/www.heatsupply.nl\\\/de\\\/produkt\\\/heatsupply-originals-pack\\\/#primaryimage\"},\"thumbnailUrl\":\"https:\\\/\\\/www.heatsupply.nl\\\/wp-content\\\/uploads\\\/2025\\\/07\\\/heatsupply-hot-sauce-crispy-chili-oil-and-hot-honey-pack.jpg\",\"datePublished\":\"2025-07-24T12:57:58+00:00\",\"dateModified\":\"2025-08-21T11:18:33+00:00\",\"description\":\"Im Heatsupply Originals Pack findest du all unsere preisgekr\u00f6nten Originals aus jeder Kategorie: unsere erste Hot Sauce (The O.G.), Hot Honey & Crispy Chili Oil.\",\"breadcrumb\":{\"@id\":\"https:\\\/\\\/www.heatsupply.nl\\\/de\\\/produkt\\\/heatsupply-originals-pack\\\/#breadcrumb\"},\"inLanguage\":\"de\",\"potentialAction\":[{\"@type\":\"ReadAction\",\"target\":[\"https:\\\/\\\/www.heatsupply.nl\\\/de\\\/produkt\\\/heatsupply-originals-pack\\\/\"]}]},{\"@type\":\"ImageObject\",\"inLanguage\":\"de\",\"@id\":\"https:\\\/\\\/www.heatsupply.nl\\\/de\\\/produkt\\\/heatsupply-originals-pack\\\/#primaryimage\",\"url\":\"https:\\\/\\\/www.heatsupply.nl\\\/wp-content\\\/uploads\\\/2025\\\/07\\\/heatsupply-hot-sauce-crispy-chili-oil-and-hot-honey-pack.jpg\",\"contentUrl\":\"https:\\\/\\\/www.heatsupply.nl\\\/wp-content\\\/uploads\\\/2025\\\/07\\\/heatsupply-hot-sauce-crispy-chili-oil-and-hot-honey-pack.jpg\",\"width\":1400,\"height\":1400,\"caption\":\"heatsupply originals pack hot sauce crispy chili oil and hot honey pack\"},{\"@type\":\"BreadcrumbList\",\"@id\":\"https:\\\/\\\/www.heatsupply.nl\\\/de\\\/produkt\\\/heatsupply-originals-pack\\\/#breadcrumb\",\"itemListElement\":[{\"@type\":\"ListItem\",\"position\":1,\"name\":\"Home\",\"item\":\"https:\\\/\\\/www.heatsupply.nl\\\/de\\\/\"},{\"@type\":\"ListItem\",\"position\":2,\"name\":\"Alle produkten\",\"item\":\"https:\\\/\\\/www.heatsupply.nl\\\/de\\\/alle-produkten\\\/\"},{\"@type\":\"ListItem\",\"position\":3,\"name\":\"Scharfe So\u00dfen\",\"item\":\"https:\\\/\\\/www.heatsupply.nl\\\/de\\\/scharfe-sossen\\\/\"},{\"@type\":\"ListItem\",\"position\":4,\"name\":\"Heatsupply&#039;s Originals\",\"item\":\"https:\\\/\\\/www.heatsupply.nl\\\/de\\\/scharfe-sossen\\\/heatsupply-originals\\\/\"},{\"@type\":\"ListItem\",\"position\":5,\"name\":\"Heatsupply Originals Pack\"}]},{\"@type\":\"WebSite\",\"@id\":\"https:\\\/\\\/www.heatsupply.nl\\\/de\\\/#website\",\"url\":\"https:\\\/\\\/www.heatsupply.nl\\\/de\\\/\",\"name\":\"Heatsupply\",\"description\":\"Hot sauce webstore #1 in Europe\",\"publisher\":{\"@id\":\"https:\\\/\\\/www.heatsupply.nl\\\/de\\\/#organization\"},\"potentialAction\":[{\"@type\":\"SearchAction\",\"target\":{\"@type\":\"EntryPoint\",\"urlTemplate\":\"https:\\\/\\\/www.heatsupply.nl\\\/de\\\/?s={search_term_string}\"},\"query-input\":{\"@type\":\"PropertyValueSpecification\",\"valueRequired\":true,\"valueName\":\"search_term_string\"}}],\"inLanguage\":\"de\"},{\"@type\":\"Organization\",\"@id\":\"https:\\\/\\\/www.heatsupply.nl\\\/de\\\/#organization\",\"name\":\"Heatsupply\",\"url\":\"https:\\\/\\\/www.heatsupply.nl\\\/de\\\/\",\"logo\":{\"@type\":\"ImageObject\",\"inLanguage\":\"de\",\"@id\":\"https:\\\/\\\/www.heatsupply.nl\\\/de\\\/#\\\/schema\\\/logo\\\/image\\\/\",\"url\":\"https:\\\/\\\/www.heatsupply.nl\\\/wp-content\\\/uploads\\\/2022\\\/10\\\/heatsupply-logo-rood.jpg\",\"contentUrl\":\"https:\\\/\\\/www.heatsupply.nl\\\/wp-content\\\/uploads\\\/2022\\\/10\\\/heatsupply-logo-rood.jpg\",\"width\":1000,\"height\":335,\"caption\":\"Heatsupply\"},\"image\":{\"@id\":\"https:\\\/\\\/www.heatsupply.nl\\\/de\\\/#\\\/schema\\\/logo\\\/image\\\/\"},\"sameAs\":[\"https:\\\/\\\/www.facebook.com\\\/heatsupplyNL\",\"https:\\\/\\\/www.instagram.com\\\/heatsuppy.nl\",\"https:\\\/\\\/www.youtube.com\\\/channel\\\/UC5pOWqQtljvxTz2SMWGWCsw\"]}]}<\/script>\n<meta property=\"product:price:amount\" content=\"23.95\" \/>\n<meta property=\"product:price:currency\" content=\"EUR\" \/>\n<meta property=\"og:availability\" content=\"instock\" \/>\n<meta property=\"product:availability\" content=\"instock\" \/>\n<meta property=\"product:retailer_item_id\" content=\"HSOGS001\" \/>\n<meta property=\"product:condition\" content=\"new\" \/>\n<!-- \/ Yoast SEO Premium plugin. -->","yoast_head_json":{"title":"Heatsupply Originals Pack - Unsere Hot Honey, OG hot sauce & Crispy Chili Oil","description":"Im Heatsupply Originals Pack findest du all unsere preisgekr\u00f6nten Originals aus jeder Kategorie: unsere erste Hot Sauce (The O.G.), Hot Honey & Crispy Chili Oil.","robots":{"index":"index","follow":"follow","max-snippet":"max-snippet:-1","max-image-preview":"max-image-preview:large","max-video-preview":"max-video-preview:-1"},"canonical":"https:\/\/www.heatsupply.nl\/de\/produkt\/heatsupply-originals-pack\/","og_locale":"de_DE","og_type":"article","og_title":"Heatsupply Originals Pack","og_description":"Im Heatsupply Originals Pack findest du all unsere preisgekr\u00f6nten Originals aus jeder Kategorie: unsere erste Hot Sauce (The O.G.), Hot Honey & Crispy Chili Oil.","og_url":"https:\/\/www.heatsupply.nl\/de\/produkt\/heatsupply-originals-pack\/","og_site_name":"Heatsupply","article_publisher":"https:\/\/www.facebook.com\/heatsupplyNL","article_modified_time":"2025-08-21T11:18:33+00:00","og_image":[{"width":1400,"height":1400,"url":"https:\/\/www.heatsupply.nl\/wp-content\/uploads\/2025\/07\/heatsupply-hot-sauce-crispy-chili-oil-and-hot-honey-pack.jpg","type":"image\/jpeg"}],"twitter_card":"summary_large_image","twitter_misc":{"Preis":"&euro;23,95","Verf\u00fcgbarkeit":"Auf Lager"},"schema":{"@context":"https:\/\/schema.org","@graph":[{"@type":"WebPage","@id":"https:\/\/www.heatsupply.nl\/de\/produkt\/heatsupply-originals-pack\/","url":"https:\/\/www.heatsupply.nl\/de\/produkt\/heatsupply-originals-pack\/","name":"Heatsupply Originals Pack - Unsere Hot Honey, OG hot sauce & Crispy Chili Oil","isPartOf":{"@id":"https:\/\/www.heatsupply.nl\/de\/#website"},"primaryImageOfPage":{"@id":"https:\/\/www.heatsupply.nl\/de\/produkt\/heatsupply-originals-pack\/#primaryimage"},"image":{"@id":"https:\/\/www.heatsupply.nl\/de\/produkt\/heatsupply-originals-pack\/#primaryimage"},"thumbnailUrl":"https:\/\/www.heatsupply.nl\/wp-content\/uploads\/2025\/07\/heatsupply-hot-sauce-crispy-chili-oil-and-hot-honey-pack.jpg","datePublished":"2025-07-24T12:57:58+00:00","dateModified":"2025-08-21T11:18:33+00:00","description":"Im Heatsupply Originals Pack findest du all unsere preisgekr\u00f6nten Originals aus jeder Kategorie: unsere erste Hot Sauce (The O.G.), Hot Honey & Crispy Chili Oil.","breadcrumb":{"@id":"https:\/\/www.heatsupply.nl\/de\/produkt\/heatsupply-originals-pack\/#breadcrumb"},"inLanguage":"de","potentialAction":[{"@type":"ReadAction","target":["https:\/\/www.heatsupply.nl\/de\/produkt\/heatsupply-originals-pack\/"]}]},{"@type":"ImageObject","inLanguage":"de","@id":"https:\/\/www.heatsupply.nl\/de\/produkt\/heatsupply-originals-pack\/#primaryimage","url":"https:\/\/www.heatsupply.nl\/wp-content\/uploads\/2025\/07\/heatsupply-hot-sauce-crispy-chili-oil-and-hot-honey-pack.jpg","contentUrl":"https:\/\/www.heatsupply.nl\/wp-content\/uploads\/2025\/07\/heatsupply-hot-sauce-crispy-chili-oil-and-hot-honey-pack.jpg","width":1400,"height":1400,"caption":"heatsupply originals pack hot sauce crispy chili oil and hot honey pack"},{"@type":"BreadcrumbList","@id":"https:\/\/www.heatsupply.nl\/de\/produkt\/heatsupply-originals-pack\/#breadcrumb","itemListElement":[{"@type":"ListItem","position":1,"name":"Home","item":"https:\/\/www.heatsupply.nl\/de\/"},{"@type":"ListItem","position":2,"name":"Alle produkten","item":"https:\/\/www.heatsupply.nl\/de\/alle-produkten\/"},{"@type":"ListItem","position":3,"name":"Scharfe So\u00dfen","item":"https:\/\/www.heatsupply.nl\/de\/scharfe-sossen\/"},{"@type":"ListItem","position":4,"name":"Heatsupply&#039;s Originals","item":"https:\/\/www.heatsupply.nl\/de\/scharfe-sossen\/heatsupply-originals\/"},{"@type":"ListItem","position":5,"name":"Heatsupply Originals Pack"}]},{"@type":"WebSite","@id":"https:\/\/www.heatsupply.nl\/de\/#website","url":"https:\/\/www.heatsupply.nl\/de\/","name":"Heatsupply","description":"Hot sauce webstore #1 in Europe","publisher":{"@id":"https:\/\/www.heatsupply.nl\/de\/#organization"},"potentialAction":[{"@type":"SearchAction","target":{"@type":"EntryPoint","urlTemplate":"https:\/\/www.heatsupply.nl\/de\/?s={search_term_string}"},"query-input":{"@type":"PropertyValueSpecification","valueRequired":true,"valueName":"search_term_string"}}],"inLanguage":"de"},{"@type":"Organization","@id":"https:\/\/www.heatsupply.nl\/de\/#organization","name":"Heatsupply","url":"https:\/\/www.heatsupply.nl\/de\/","logo":{"@type":"ImageObject","inLanguage":"de","@id":"https:\/\/www.heatsupply.nl\/de\/#\/schema\/logo\/image\/","url":"https:\/\/www.heatsupply.nl\/wp-content\/uploads\/2022\/10\/heatsupply-logo-rood.jpg","contentUrl":"https:\/\/www.heatsupply.nl\/wp-content\/uploads\/2022\/10\/heatsupply-logo-rood.jpg","width":1000,"height":335,"caption":"Heatsupply"},"image":{"@id":"https:\/\/www.heatsupply.nl\/de\/#\/schema\/logo\/image\/"},"sameAs":["https:\/\/www.facebook.com\/heatsupplyNL","https:\/\/www.instagram.com\/heatsuppy.nl","https:\/\/www.youtube.com\/channel\/UC5pOWqQtljvxTz2SMWGWCsw"]}]},"product_price_amount":"23.95","product_price_currency":"EUR","og_availability":"instock","product_availability":"instock","product_retailer_item_id":"HSOGS001","product_condition":"new"},"_links":{"self":[{"href":"https:\/\/www.heatsupply.nl\/de\/wp-json\/wp\/v2\/product\/181778","targetHints":{"allow":["GET"]}}],"collection":[{"href":"https:\/\/www.heatsupply.nl\/de\/wp-json\/wp\/v2\/product"}],"about":[{"href":"https:\/\/www.heatsupply.nl\/de\/wp-json\/wp\/v2\/types\/product"}],"replies":[{"embeddable":true,"href":"https:\/\/www.heatsupply.nl\/de\/wp-json\/wp\/v2\/comments?post=181778"}],"wp:featuredmedia":[{"embeddable":true,"href":"https:\/\/www.heatsupply.nl\/de\/wp-json\/wp\/v2\/media\/181759"}],"wp:attachment":[{"href":"https:\/\/www.heatsupply.nl\/de\/wp-json\/wp\/v2\/media?parent=181778"}],"wp:term":[{"taxonomy":"product_brand","embeddable":true,"href":"https:\/\/www.heatsupply.nl\/de\/wp-json\/wp\/v2\/product_brand?post=181778"},{"taxonomy":"product_cat","embeddable":true,"href":"https:\/\/www.heatsupply.nl\/de\/wp-json\/wp\/v2\/product_cat?post=181778"},{"taxonomy":"product_tag","embeddable":true,"href":"https:\/\/www.heatsupply.nl\/de\/wp-json\/wp\/v2\/product_tag?post=181778"}],"curies":[{"name":"wp","href":"https:\/\/api.w.org\/{rel}","templated":true}]}}