{"id":181365,"date":"2025-07-21T15:52:04","date_gmt":"2025-07-21T13:52:04","guid":{"rendered":"https:\/\/www.heatsupply.nl\/?post_type=product&#038;p=181365"},"modified":"2026-04-18T12:52:57","modified_gmt":"2026-04-18T10:52:57","slug":"pretty-namnam-lemongrass-chili-crisp","status":"publish","type":"product","link":"https:\/\/www.heatsupply.nl\/de\/produkt\/pretty-namnam-lemongrass-chili-crisp\/","title":{"rendered":"Pretty NamNam Lemongrass Chili Crisp"},"content":{"rendered":"<p><strong>Zutaten Pretty NamNam Lemongrass Chili Crisp<\/strong>: Raps\u00f6l (59%), Chili (10%), R\u00f6stzwiebeln (Zwiebeln, Sonnenblumen\u00f6l, Rosmarin), ERDN\u00dcSSE, Zitronengras (5%), Knoblauch, Ingwer, Panko (WEIZENMEHL, Hefe, Salz), Salz, Zucker, Koriander, Zimt, Sternanis, Limettenbl\u00e4tter.<\/p>\n<p>Kann Spuren von SOJA, SESAM und SENF enthalten.<\/p>\n<p><span style=\"text-decoration: underline;\">N\u00e4hrwerte pro 100g:<\/span><br \/>\nEnergie: 2622 kJ\/627 kcal<br \/>\nFett: 61,5 Gramm<br \/>\ndavon ges\u00e4ttigte Fetts\u00e4uren: 5,8 Gramm<br \/>\nKohlenhydrate: 12,2 Gramm<br \/>\ndavon Zucker: 4,6 Gramm<br \/>\nProtein: 5,0 Gramm<br \/>\nSalz: 2,1 Gramm<\/p>\n","protected":false},"excerpt":{"rendered":"<p style=\"text-align: justify;\">Auf der Suche nach etwas Abwechslung in deinem knusprigen Chili\u00f6l? Dieses Pretty NamNam Lemongrass Chili Crisp ist, wie der Name schon vermuten l\u00e4sst, mit Zitronengras gemacht. Zusammen mit Zutaten wie Koriander und Kaffir-Limettenbl\u00e4ttern verleiht es dem Chili\u00f6l einen herrlich frischen und spritzigen Geschmack. In Kombination mit der Sch\u00e4rfe der Chili, der knusprigen Textur durch die Erdn\u00fcsse, knackige Zwiebel- &amp; Knoblauchst\u00fcckchen und herzhaften Aromen ist es eine wahre Geschmackssensation. Super lecker in Currys, auf Sandwiches, Reisgerichten und allem S\u00fcdostasiatischen.<\/p>\n<ul>\n<li style=\"text-align: justify;\">Herkunft: Darmstadt, Deutschland<\/li>\n<li style=\"text-align: justify;\">Inhalt: 200 Gramm<\/li>\n<\/ul>\n","protected":false},"featured_media":181565,"comment_status":"open","ping_status":"closed","template":"","meta":{"_acf_changed":false},"product_brand":[],"product_cat":[3909,4046],"product_tag":[],"class_list":{"0":"post-181365","1":"product","2":"type-product","3":"status-publish","4":"has-post-thumbnail","6":"product_cat-crispy-chilioel","7":"product_cat-spicy","9":"first","10":"instock","11":"taxable","12":"shipping-taxable","13":"purchasable","14":"product-type-simple"},"bundled_by":[],"bundle_stock_status":"instock","bundle_stock_quantity":6,"bundle_virtual":false,"bundle_layout":"","bundle_add_to_cart_form_location":"","bundle_editable_in_cart":false,"bundle_sold_individually_context":"","bundle_item_grouping":"","bundle_min_size":"","bundle_max_size":"","bundle_price":[],"bundled_items":[],"bundle_sell_ids":[],"acf":[],"yoast_head":"<!-- This site is optimized with the Yoast SEO Premium plugin v27.5 (Yoast SEO v27.5) - https:\/\/yoast.com\/product\/yoast-seo-premium-wordpress\/ -->\n<title>Pretty NamNam Lemongrass Chili Crisp - Heatsupply<\/title>\n<meta name=\"description\" content=\"Pretty NamNam Lemongrass Chili Crisp ist gemacht mit Zitronengras, Koriander &amp; Kaffir-Limettenbl\u00e4ttern f\u00fcr ein frisches knuspriges Chili\u00f6l. Bestell bei Heatsupply!\" \/>\n<meta name=\"robots\" content=\"index, follow, max-snippet:-1, max-image-preview:large, max-video-preview:-1\" \/>\n<link rel=\"canonical\" href=\"https:\/\/www.heatsupply.nl\/de\/produkt\/pretty-namnam-lemongrass-chili-crisp\/\" \/>\n<meta property=\"og:locale\" content=\"de_DE\" \/>\n<meta property=\"og:type\" content=\"article\" \/>\n<meta property=\"og:title\" content=\"Pretty NamNam Lemongrass Chili Crisp\" \/>\n<meta property=\"og:description\" content=\"Pretty NamNam Lemongrass Chili Crisp ist gemacht mit Zitronengras, Koriander &amp; Kaffir-Limettenbl\u00e4ttern f\u00fcr ein frisches knuspriges Chili\u00f6l. Bestell bei Heatsupply!\" \/>\n<meta property=\"og:url\" content=\"https:\/\/www.heatsupply.nl\/de\/produkt\/pretty-namnam-lemongrass-chili-crisp\/\" \/>\n<meta property=\"og:site_name\" content=\"Heatsupply\" \/>\n<meta property=\"article:publisher\" content=\"https:\/\/www.facebook.com\/heatsupplyNL\" \/>\n<meta property=\"article:modified_time\" content=\"2026-04-18T10:52:57+00:00\" \/>\n<meta property=\"og:image\" content=\"https:\/\/www.heatsupply.nl\/wp-content\/uploads\/2025\/07\/namnam-chili-crisp-lemon-grass.jpg\" \/>\n\t<meta property=\"og:image:width\" content=\"1400\" \/>\n\t<meta property=\"og:image:height\" content=\"1400\" \/>\n\t<meta property=\"og:image:type\" content=\"image\/jpeg\" \/>\n<meta name=\"twitter:card\" content=\"summary_large_image\" \/>\n<meta name=\"twitter:label1\" content=\"Preis\" \/>\n\t<meta name=\"twitter:data1\" content=\"&euro;9,95\" \/>\n\t<meta name=\"twitter:label2\" content=\"Verf\u00fcgbarkeit\" \/>\n\t<meta name=\"twitter:data2\" content=\"Auf Lager\" \/>\n<script type=\"application\/ld+json\" class=\"yoast-schema-graph\">{\"@context\":\"https:\\\/\\\/schema.org\",\"@graph\":[{\"@type\":\"WebPage\",\"@id\":\"https:\\\/\\\/www.heatsupply.nl\\\/de\\\/produkt\\\/pretty-namnam-lemongrass-chili-crisp\\\/\",\"url\":\"https:\\\/\\\/www.heatsupply.nl\\\/de\\\/produkt\\\/pretty-namnam-lemongrass-chili-crisp\\\/\",\"name\":\"Pretty NamNam Lemongrass Chili Crisp - Heatsupply\",\"isPartOf\":{\"@id\":\"https:\\\/\\\/www.heatsupply.nl\\\/de\\\/#website\"},\"primaryImageOfPage\":{\"@id\":\"https:\\\/\\\/www.heatsupply.nl\\\/de\\\/produkt\\\/pretty-namnam-lemongrass-chili-crisp\\\/#primaryimage\"},\"image\":{\"@id\":\"https:\\\/\\\/www.heatsupply.nl\\\/de\\\/produkt\\\/pretty-namnam-lemongrass-chili-crisp\\\/#primaryimage\"},\"thumbnailUrl\":\"https:\\\/\\\/www.heatsupply.nl\\\/wp-content\\\/uploads\\\/2025\\\/07\\\/namnam-chili-crisp-lemon-grass.jpg\",\"datePublished\":\"2025-07-21T13:52:04+00:00\",\"dateModified\":\"2026-04-18T10:52:57+00:00\",\"description\":\"Pretty NamNam Lemongrass Chili Crisp ist gemacht mit Zitronengras, Koriander & Kaffir-Limettenbl\u00e4ttern f\u00fcr ein frisches knuspriges Chili\u00f6l. Bestell bei Heatsupply!\",\"breadcrumb\":{\"@id\":\"https:\\\/\\\/www.heatsupply.nl\\\/de\\\/produkt\\\/pretty-namnam-lemongrass-chili-crisp\\\/#breadcrumb\"},\"inLanguage\":\"de\",\"potentialAction\":[{\"@type\":\"ReadAction\",\"target\":[\"https:\\\/\\\/www.heatsupply.nl\\\/de\\\/produkt\\\/pretty-namnam-lemongrass-chili-crisp\\\/\"]}]},{\"@type\":\"ImageObject\",\"inLanguage\":\"de\",\"@id\":\"https:\\\/\\\/www.heatsupply.nl\\\/de\\\/produkt\\\/pretty-namnam-lemongrass-chili-crisp\\\/#primaryimage\",\"url\":\"https:\\\/\\\/www.heatsupply.nl\\\/wp-content\\\/uploads\\\/2025\\\/07\\\/namnam-chili-crisp-lemon-grass.jpg\",\"contentUrl\":\"https:\\\/\\\/www.heatsupply.nl\\\/wp-content\\\/uploads\\\/2025\\\/07\\\/namnam-chili-crisp-lemon-grass.jpg\",\"width\":1400,\"height\":1400},{\"@type\":\"BreadcrumbList\",\"@id\":\"https:\\\/\\\/www.heatsupply.nl\\\/de\\\/produkt\\\/pretty-namnam-lemongrass-chili-crisp\\\/#breadcrumb\",\"itemListElement\":[{\"@type\":\"ListItem\",\"position\":1,\"name\":\"Home\",\"item\":\"https:\\\/\\\/www.heatsupply.nl\\\/de\\\/\"},{\"@type\":\"ListItem\",\"position\":2,\"name\":\"Alle produkten\",\"item\":\"https:\\\/\\\/www.heatsupply.nl\\\/de\\\/alle-produkten\\\/\"},{\"@type\":\"ListItem\",\"position\":3,\"name\":\"Crispy Chili Oil\",\"item\":\"https:\\\/\\\/www.heatsupply.nl\\\/de\\\/crispy-chilioel\\\/\"},{\"@type\":\"ListItem\",\"position\":4,\"name\":\"Pretty NamNam Lemongrass Chili Crisp\"}]},{\"@type\":\"WebSite\",\"@id\":\"https:\\\/\\\/www.heatsupply.nl\\\/de\\\/#website\",\"url\":\"https:\\\/\\\/www.heatsupply.nl\\\/de\\\/\",\"name\":\"Heatsupply\",\"description\":\"Hot sauce webstore #1 in Europe\",\"publisher\":{\"@id\":\"https:\\\/\\\/www.heatsupply.nl\\\/de\\\/#organization\"},\"potentialAction\":[{\"@type\":\"SearchAction\",\"target\":{\"@type\":\"EntryPoint\",\"urlTemplate\":\"https:\\\/\\\/www.heatsupply.nl\\\/de\\\/?s={search_term_string}\"},\"query-input\":{\"@type\":\"PropertyValueSpecification\",\"valueRequired\":true,\"valueName\":\"search_term_string\"}}],\"inLanguage\":\"de\"},{\"@type\":\"Organization\",\"@id\":\"https:\\\/\\\/www.heatsupply.nl\\\/de\\\/#organization\",\"name\":\"Heatsupply\",\"url\":\"https:\\\/\\\/www.heatsupply.nl\\\/de\\\/\",\"logo\":{\"@type\":\"ImageObject\",\"inLanguage\":\"de\",\"@id\":\"https:\\\/\\\/www.heatsupply.nl\\\/de\\\/#\\\/schema\\\/logo\\\/image\\\/\",\"url\":\"https:\\\/\\\/www.heatsupply.nl\\\/wp-content\\\/uploads\\\/2022\\\/10\\\/heatsupply-logo-rood.jpg\",\"contentUrl\":\"https:\\\/\\\/www.heatsupply.nl\\\/wp-content\\\/uploads\\\/2022\\\/10\\\/heatsupply-logo-rood.jpg\",\"width\":1000,\"height\":335,\"caption\":\"Heatsupply\"},\"image\":{\"@id\":\"https:\\\/\\\/www.heatsupply.nl\\\/de\\\/#\\\/schema\\\/logo\\\/image\\\/\"},\"sameAs\":[\"https:\\\/\\\/www.facebook.com\\\/heatsupplyNL\",\"https:\\\/\\\/www.instagram.com\\\/heatsuppy.nl\",\"https:\\\/\\\/www.youtube.com\\\/channel\\\/UC5pOWqQtljvxTz2SMWGWCsw\"]}]}<\/script>\n<meta property=\"product:price:amount\" content=\"9.95\" \/>\n<meta property=\"product:price:currency\" content=\"EUR\" \/>\n<meta property=\"og:availability\" content=\"instock\" \/>\n<meta property=\"product:availability\" content=\"instock\" \/>\n<meta property=\"product:retailer_item_id\" content=\"NAMLEMON003\" \/>\n<meta property=\"product:condition\" content=\"new\" \/>\n<!-- \/ Yoast SEO Premium plugin. -->","yoast_head_json":{"title":"Pretty NamNam Lemongrass Chili Crisp - Heatsupply","description":"Pretty NamNam Lemongrass Chili Crisp ist gemacht mit Zitronengras, Koriander & Kaffir-Limettenbl\u00e4ttern f\u00fcr ein frisches knuspriges Chili\u00f6l. Bestell bei Heatsupply!","robots":{"index":"index","follow":"follow","max-snippet":"max-snippet:-1","max-image-preview":"max-image-preview:large","max-video-preview":"max-video-preview:-1"},"canonical":"https:\/\/www.heatsupply.nl\/de\/produkt\/pretty-namnam-lemongrass-chili-crisp\/","og_locale":"de_DE","og_type":"article","og_title":"Pretty NamNam Lemongrass Chili Crisp","og_description":"Pretty NamNam Lemongrass Chili Crisp ist gemacht mit Zitronengras, Koriander & Kaffir-Limettenbl\u00e4ttern f\u00fcr ein frisches knuspriges Chili\u00f6l. Bestell bei Heatsupply!","og_url":"https:\/\/www.heatsupply.nl\/de\/produkt\/pretty-namnam-lemongrass-chili-crisp\/","og_site_name":"Heatsupply","article_publisher":"https:\/\/www.facebook.com\/heatsupplyNL","article_modified_time":"2026-04-18T10:52:57+00:00","og_image":[{"width":1400,"height":1400,"url":"https:\/\/www.heatsupply.nl\/wp-content\/uploads\/2025\/07\/namnam-chili-crisp-lemon-grass.jpg","type":"image\/jpeg"}],"twitter_card":"summary_large_image","twitter_misc":{"Preis":"&euro;9,95","Verf\u00fcgbarkeit":"Auf Lager"},"schema":{"@context":"https:\/\/schema.org","@graph":[{"@type":"WebPage","@id":"https:\/\/www.heatsupply.nl\/de\/produkt\/pretty-namnam-lemongrass-chili-crisp\/","url":"https:\/\/www.heatsupply.nl\/de\/produkt\/pretty-namnam-lemongrass-chili-crisp\/","name":"Pretty NamNam Lemongrass Chili Crisp - Heatsupply","isPartOf":{"@id":"https:\/\/www.heatsupply.nl\/de\/#website"},"primaryImageOfPage":{"@id":"https:\/\/www.heatsupply.nl\/de\/produkt\/pretty-namnam-lemongrass-chili-crisp\/#primaryimage"},"image":{"@id":"https:\/\/www.heatsupply.nl\/de\/produkt\/pretty-namnam-lemongrass-chili-crisp\/#primaryimage"},"thumbnailUrl":"https:\/\/www.heatsupply.nl\/wp-content\/uploads\/2025\/07\/namnam-chili-crisp-lemon-grass.jpg","datePublished":"2025-07-21T13:52:04+00:00","dateModified":"2026-04-18T10:52:57+00:00","description":"Pretty NamNam Lemongrass Chili Crisp ist gemacht mit Zitronengras, Koriander & Kaffir-Limettenbl\u00e4ttern f\u00fcr ein frisches knuspriges Chili\u00f6l. Bestell bei Heatsupply!","breadcrumb":{"@id":"https:\/\/www.heatsupply.nl\/de\/produkt\/pretty-namnam-lemongrass-chili-crisp\/#breadcrumb"},"inLanguage":"de","potentialAction":[{"@type":"ReadAction","target":["https:\/\/www.heatsupply.nl\/de\/produkt\/pretty-namnam-lemongrass-chili-crisp\/"]}]},{"@type":"ImageObject","inLanguage":"de","@id":"https:\/\/www.heatsupply.nl\/de\/produkt\/pretty-namnam-lemongrass-chili-crisp\/#primaryimage","url":"https:\/\/www.heatsupply.nl\/wp-content\/uploads\/2025\/07\/namnam-chili-crisp-lemon-grass.jpg","contentUrl":"https:\/\/www.heatsupply.nl\/wp-content\/uploads\/2025\/07\/namnam-chili-crisp-lemon-grass.jpg","width":1400,"height":1400},{"@type":"BreadcrumbList","@id":"https:\/\/www.heatsupply.nl\/de\/produkt\/pretty-namnam-lemongrass-chili-crisp\/#breadcrumb","itemListElement":[{"@type":"ListItem","position":1,"name":"Home","item":"https:\/\/www.heatsupply.nl\/de\/"},{"@type":"ListItem","position":2,"name":"Alle produkten","item":"https:\/\/www.heatsupply.nl\/de\/alle-produkten\/"},{"@type":"ListItem","position":3,"name":"Crispy Chili Oil","item":"https:\/\/www.heatsupply.nl\/de\/crispy-chilioel\/"},{"@type":"ListItem","position":4,"name":"Pretty NamNam Lemongrass Chili Crisp"}]},{"@type":"WebSite","@id":"https:\/\/www.heatsupply.nl\/de\/#website","url":"https:\/\/www.heatsupply.nl\/de\/","name":"Heatsupply","description":"Hot sauce webstore #1 in Europe","publisher":{"@id":"https:\/\/www.heatsupply.nl\/de\/#organization"},"potentialAction":[{"@type":"SearchAction","target":{"@type":"EntryPoint","urlTemplate":"https:\/\/www.heatsupply.nl\/de\/?s={search_term_string}"},"query-input":{"@type":"PropertyValueSpecification","valueRequired":true,"valueName":"search_term_string"}}],"inLanguage":"de"},{"@type":"Organization","@id":"https:\/\/www.heatsupply.nl\/de\/#organization","name":"Heatsupply","url":"https:\/\/www.heatsupply.nl\/de\/","logo":{"@type":"ImageObject","inLanguage":"de","@id":"https:\/\/www.heatsupply.nl\/de\/#\/schema\/logo\/image\/","url":"https:\/\/www.heatsupply.nl\/wp-content\/uploads\/2022\/10\/heatsupply-logo-rood.jpg","contentUrl":"https:\/\/www.heatsupply.nl\/wp-content\/uploads\/2022\/10\/heatsupply-logo-rood.jpg","width":1000,"height":335,"caption":"Heatsupply"},"image":{"@id":"https:\/\/www.heatsupply.nl\/de\/#\/schema\/logo\/image\/"},"sameAs":["https:\/\/www.facebook.com\/heatsupplyNL","https:\/\/www.instagram.com\/heatsuppy.nl","https:\/\/www.youtube.com\/channel\/UC5pOWqQtljvxTz2SMWGWCsw"]}]},"product_price_amount":"9.95","product_price_currency":"EUR","og_availability":"instock","product_availability":"instock","product_retailer_item_id":"NAMLEMON003","product_condition":"new"},"_links":{"self":[{"href":"https:\/\/www.heatsupply.nl\/de\/wp-json\/wp\/v2\/product\/181365","targetHints":{"allow":["GET"]}}],"collection":[{"href":"https:\/\/www.heatsupply.nl\/de\/wp-json\/wp\/v2\/product"}],"about":[{"href":"https:\/\/www.heatsupply.nl\/de\/wp-json\/wp\/v2\/types\/product"}],"replies":[{"embeddable":true,"href":"https:\/\/www.heatsupply.nl\/de\/wp-json\/wp\/v2\/comments?post=181365"}],"wp:featuredmedia":[{"embeddable":true,"href":"https:\/\/www.heatsupply.nl\/de\/wp-json\/wp\/v2\/media\/181565"}],"wp:attachment":[{"href":"https:\/\/www.heatsupply.nl\/de\/wp-json\/wp\/v2\/media?parent=181365"}],"wp:term":[{"taxonomy":"product_brand","embeddable":true,"href":"https:\/\/www.heatsupply.nl\/de\/wp-json\/wp\/v2\/product_brand?post=181365"},{"taxonomy":"product_cat","embeddable":true,"href":"https:\/\/www.heatsupply.nl\/de\/wp-json\/wp\/v2\/product_cat?post=181365"},{"taxonomy":"product_tag","embeddable":true,"href":"https:\/\/www.heatsupply.nl\/de\/wp-json\/wp\/v2\/product_tag?post=181365"}],"curies":[{"name":"wp","href":"https:\/\/api.w.org\/{rel}","templated":true}]}}