{"id":180424,"date":"2025-07-02T11:39:05","date_gmt":"2025-07-02T09:39:05","guid":{"rendered":"https:\/\/www.heatsupply.nl\/product\/hot-sauce-probepackung-doener-kebab\/"},"modified":"2025-08-21T13:20:04","modified_gmt":"2025-08-21T11:20:04","slug":"hot-sauce-probepackung-doener-kebab","status":"publish","type":"product","link":"https:\/\/www.heatsupply.nl\/de\/produkt\/hot-sauce-probepackung-doener-kebab\/","title":{"rendered":"Hot Sauce Probepackung &#8211; D\u00f6ner Kebab"},"content":{"rendered":"<p>In diesem Hot Sauce Probepackung findest du die allerbesten D\u00f6ner Kebab Hot Sauces. F\u00fcr <a href=\"https:\/\/www.youtube.com\/@heatsupply\"><strong>unsere Foodshow<\/strong><\/a> sind wir mit TV-Koch Perry de Man nach Berlin gefahren, was wir getrost die Kebabstadt Europas nennen d\u00fcrfen. Mit drei Hot Sauces im Gep\u00e4ck haben wir so viel Kebab gegessen wie wir konnten und diese drei scharfen Saucen haben wir jetzt in einem Pack kombiniert! <a href=\"https:\/\/www.youtube.com\/watch?v=CLU2ToCABKE\"><strong>Hier kannst du das komplette Berlin Kebabtour Video anschauen<\/strong><\/a>.<\/p>\n<p>Mehr Infos \u00fcber die Saucen in diesem Paket findest du oben.<\/p>\n","protected":false},"excerpt":{"rendered":"<p style=\"text-align: justify;\">In diesem Hot Sauce Probepackung findest du die allerbesten D\u00f6ner Kebab Hot Sauces. F\u00fcr <a href=\"https:\/\/www.youtube.com\/@heatsupply\"><strong>unsere Foodshow<\/strong><\/a> sind wir mit TV-Koch Perry de Man nach Berlin gefahren, was wir getrost die Kebabstadt Europas nennen d\u00fcrfen. Mit drei Hot Sauces im Gep\u00e4ck haben wir so viel Kebab gegessen wie wir konnten und diese drei scharfen Saucen haben wir jetzt in einem Pack kombiniert! <a href=\"https:\/\/www.youtube.com\/watch?v=CLU2ToCABKE\"><strong>Hier kannst du das komplette Berlin Kebabtour Video anschauen<\/strong><\/a>.<\/p>\n<p style=\"text-align: justify;\">Erstens musste unsere eigene preisgekr\u00f6nte The O.G. Hot Sauce nat\u00fcrlich dabei sein. Durch die ordentliche Menge Kreuzk\u00fcmmel und eine leckere S\u00e4ure passt sie perfekt zu D\u00f6ner Kebab. Heartbeat Scorpion Hot Sauce f\u00fcgt neben einer ordentlichen Portion Sch\u00e4rfe auch eine Gew\u00fcrzmischung hinzu, die an den Nahen Osten erinnert. Schlie\u00dflich durfte Dawson&#8217;s Shawarma Hot Sauce nicht fehlen. Eigentlich sagt der Name schon alles. Wenn sie f\u00fcr Shawarma geeignet ist, dann ist sie n\u00e4mlich auch eine gute Erg\u00e4nzung zu Kebab. Noch mehr Infos \u00fcber die Saucen findest du weiter unten.<\/p>\n<ul>\n<li style=\"text-align: justify;\">Herkunft: Niederlande &amp; Kanada<\/li>\n<li style=\"text-align: justify;\">Inhalt: 1 x 150 ml, 1 x 177 ml, 1 x 148 ml<\/li>\n<\/ul>\n","protected":false},"featured_media":180335,"comment_status":"open","ping_status":"closed","template":"","meta":{"_acf_changed":false},"product_brand":[],"product_cat":[3965,4046],"product_tag":[],"class_list":{"0":"post-180424","1":"product","2":"type-product","3":"status-publish","4":"has-post-thumbnail","6":"product_cat-packs","7":"product_cat-spicy","9":"first","10":"instock","11":"sale","12":"virtual","13":"taxable","14":"purchasable","15":"product-type-bundle"},"bundled_by":[],"bundle_stock_status":"instock","bundle_stock_quantity":371,"bundle_virtual":false,"bundle_layout":"default","bundle_add_to_cart_form_location":"after_summary","bundle_editable_in_cart":false,"bundle_sold_individually_context":"product","bundle_item_grouping":"parent","bundle_min_size":"","bundle_max_size":"","bundle_price":{"price":{"min":{"incl_tax":"27.95","excl_tax":"25.642202"},"max":{"incl_tax":"27.95","excl_tax":"25.642202"}},"regular_price":{"min":{"incl_tax":"29.85","excl_tax":"27.385321"},"max":{"incl_tax":"29.85","excl_tax":"27.385321"}}},"bundled_items":[{"bundled_item_id":1646,"product_id":141915,"menu_order":0,"quantity_min":1,"quantity_max":1,"quantity_default":1,"priced_individually":false,"shipped_individually":false,"override_title":false,"title":"The O.G. Hot Sauce &#8211; Beste Hot Sauce der Niederlande 2023","override_description":false,"description":"The O.G. Hot Sauce &#8211; Beste Hot Sauce der Niederlande 2023","optional":false,"hide_thumbnail":false,"discount":"","override_variations":false,"allowed_variations":[""],"override_default_variation_attributes":false,"default_variation_attributes":[],"single_product_visibility":"visible","cart_visibility":"visible","order_visibility":"visible","single_product_price_visibility":"visible","cart_price_visibility":"visible","order_price_visibility":"visible","stock_status":"in_stock"},{"bundled_item_id":1647,"product_id":142866,"menu_order":1,"quantity_min":1,"quantity_max":1,"quantity_default":1,"priced_individually":false,"shipped_individually":false,"override_title":false,"title":"Heartbeat Scorpion Hot Sauce","override_description":false,"description":"Heartbeat Scorpion Hot Sauce","optional":false,"hide_thumbnail":false,"discount":"","override_variations":false,"allowed_variations":[""],"override_default_variation_attributes":false,"default_variation_attributes":[],"single_product_visibility":"visible","cart_visibility":"visible","order_visibility":"visible","single_product_price_visibility":"visible","cart_price_visibility":"visible","order_price_visibility":"visible","stock_status":"in_stock"},{"bundled_item_id":1648,"product_id":142894,"menu_order":2,"quantity_min":1,"quantity_max":1,"quantity_default":1,"priced_individually":false,"shipped_individually":false,"override_title":false,"title":"Dawson&#8217;s Shawarma Hot Sauce","override_description":false,"description":"Dawson&#8217;s Shawarma Hot Sauce","optional":false,"hide_thumbnail":false,"discount":"","override_variations":false,"allowed_variations":[""],"override_default_variation_attributes":false,"default_variation_attributes":[],"single_product_visibility":"visible","cart_visibility":"visible","order_visibility":"visible","single_product_price_visibility":"visible","cart_price_visibility":"visible","order_price_visibility":"visible","stock_status":"in_stock"}],"bundle_sell_ids":[],"acf":[],"yoast_head":"<!-- This site is optimized with the Yoast SEO Premium plugin v27.5 (Yoast SEO v27.5) - https:\/\/yoast.com\/product\/yoast-seo-premium-wordpress\/ -->\n<title>Die allerbesten D\u00f6ner Kebab Hot Sauces in einem Probepackung!<\/title>\n<meta name=\"description\" content=\"In diesem Hot-Sauce-Probepackung finden Sie eine Auswahl der ultimativen D\u00f6ner-Kebab-Hot-Saucen! Inspiriert von unserer D\u00f6nertour in Berlin. Bestellen Sie bei Heatsupply!\" \/>\n<meta name=\"robots\" content=\"index, follow, max-snippet:-1, max-image-preview:large, max-video-preview:-1\" \/>\n<link rel=\"canonical\" href=\"https:\/\/www.heatsupply.nl\/de\/produkt\/hot-sauce-probepackung-doener-kebab\/\" \/>\n<meta property=\"og:locale\" content=\"de_DE\" \/>\n<meta property=\"og:type\" content=\"article\" \/>\n<meta property=\"og:title\" content=\"Hot Sauce Probepackung - D\u00f6ner Kebab\" \/>\n<meta property=\"og:description\" content=\"In diesem Hot-Sauce-Probepackung finden Sie eine Auswahl der ultimativen D\u00f6ner-Kebab-Hot-Saucen! Inspiriert von unserer D\u00f6nertour in Berlin. Bestellen Sie bei Heatsupply!\" \/>\n<meta property=\"og:url\" content=\"https:\/\/www.heatsupply.nl\/de\/produkt\/hot-sauce-probepackung-doener-kebab\/\" \/>\n<meta property=\"og:site_name\" content=\"Heatsupply\" \/>\n<meta property=\"article:publisher\" content=\"https:\/\/www.facebook.com\/heatsupplyNL\" \/>\n<meta property=\"article:modified_time\" content=\"2025-08-21T11:20:04+00:00\" \/>\n<meta property=\"og:image\" content=\"https:\/\/www.heatsupply.nl\/wp-content\/uploads\/2025\/07\/best-kebab-hot-sauces-3-pack.jpg\" \/>\n\t<meta property=\"og:image:width\" content=\"1400\" \/>\n\t<meta property=\"og:image:height\" content=\"1400\" \/>\n\t<meta property=\"og:image:type\" content=\"image\/jpeg\" \/>\n<meta name=\"twitter:card\" content=\"summary_large_image\" \/>\n<meta name=\"twitter:label1\" content=\"Preis\" \/>\n\t<meta name=\"twitter:data1\" content=\"&euro;27,95\" \/>\n\t<meta name=\"twitter:label2\" content=\"Verf\u00fcgbarkeit\" \/>\n\t<meta name=\"twitter:data2\" content=\"Auf Lager\" \/>\n<script type=\"application\/ld+json\" class=\"yoast-schema-graph\">{\"@context\":\"https:\\\/\\\/schema.org\",\"@graph\":[{\"@type\":\"WebPage\",\"@id\":\"https:\\\/\\\/www.heatsupply.nl\\\/de\\\/produkt\\\/hot-sauce-probepackung-doener-kebab\\\/\",\"url\":\"https:\\\/\\\/www.heatsupply.nl\\\/de\\\/produkt\\\/hot-sauce-probepackung-doener-kebab\\\/\",\"name\":\"Die allerbesten D\u00f6ner Kebab Hot Sauces in einem Probepackung!\",\"isPartOf\":{\"@id\":\"https:\\\/\\\/www.heatsupply.nl\\\/de\\\/#website\"},\"primaryImageOfPage\":{\"@id\":\"https:\\\/\\\/www.heatsupply.nl\\\/de\\\/produkt\\\/hot-sauce-probepackung-doener-kebab\\\/#primaryimage\"},\"image\":{\"@id\":\"https:\\\/\\\/www.heatsupply.nl\\\/de\\\/produkt\\\/hot-sauce-probepackung-doener-kebab\\\/#primaryimage\"},\"thumbnailUrl\":\"https:\\\/\\\/www.heatsupply.nl\\\/wp-content\\\/uploads\\\/2025\\\/07\\\/best-kebab-hot-sauces-3-pack.jpg\",\"datePublished\":\"2025-07-02T09:39:05+00:00\",\"dateModified\":\"2025-08-21T11:20:04+00:00\",\"description\":\"In diesem Hot-Sauce-Probepackung finden Sie eine Auswahl der ultimativen D\u00f6ner-Kebab-Hot-Saucen! Inspiriert von unserer D\u00f6nertour in Berlin. Bestellen Sie bei Heatsupply!\",\"breadcrumb\":{\"@id\":\"https:\\\/\\\/www.heatsupply.nl\\\/de\\\/produkt\\\/hot-sauce-probepackung-doener-kebab\\\/#breadcrumb\"},\"inLanguage\":\"de\",\"potentialAction\":[{\"@type\":\"ReadAction\",\"target\":[\"https:\\\/\\\/www.heatsupply.nl\\\/de\\\/produkt\\\/hot-sauce-probepackung-doener-kebab\\\/\"]}]},{\"@type\":\"ImageObject\",\"inLanguage\":\"de\",\"@id\":\"https:\\\/\\\/www.heatsupply.nl\\\/de\\\/produkt\\\/hot-sauce-probepackung-doener-kebab\\\/#primaryimage\",\"url\":\"https:\\\/\\\/www.heatsupply.nl\\\/wp-content\\\/uploads\\\/2025\\\/07\\\/best-kebab-hot-sauces-3-pack.jpg\",\"contentUrl\":\"https:\\\/\\\/www.heatsupply.nl\\\/wp-content\\\/uploads\\\/2025\\\/07\\\/best-kebab-hot-sauces-3-pack.jpg\",\"width\":1400,\"height\":1400,\"caption\":\"hot sauce probepackung d\u00f6ner kebab hot sauces\"},{\"@type\":\"BreadcrumbList\",\"@id\":\"https:\\\/\\\/www.heatsupply.nl\\\/de\\\/produkt\\\/hot-sauce-probepackung-doener-kebab\\\/#breadcrumb\",\"itemListElement\":[{\"@type\":\"ListItem\",\"position\":1,\"name\":\"Home\",\"item\":\"https:\\\/\\\/www.heatsupply.nl\\\/de\\\/\"},{\"@type\":\"ListItem\",\"position\":2,\"name\":\"Alle produkten\",\"item\":\"https:\\\/\\\/www.heatsupply.nl\\\/de\\\/alle-produkten\\\/\"},{\"@type\":\"ListItem\",\"position\":3,\"name\":\"Scharfe So\u00dfen\",\"item\":\"https:\\\/\\\/www.heatsupply.nl\\\/de\\\/scharfe-sossen\\\/\"},{\"@type\":\"ListItem\",\"position\":4,\"name\":\"Geschenksets\",\"item\":\"https:\\\/\\\/www.heatsupply.nl\\\/de\\\/scharfe-sossen\\\/packs\\\/\"},{\"@type\":\"ListItem\",\"position\":5,\"name\":\"Hot Sauce Probepackung &#8211; D\u00f6ner Kebab\"}]},{\"@type\":\"WebSite\",\"@id\":\"https:\\\/\\\/www.heatsupply.nl\\\/de\\\/#website\",\"url\":\"https:\\\/\\\/www.heatsupply.nl\\\/de\\\/\",\"name\":\"Heatsupply\",\"description\":\"Hot sauce webstore #1 in Europe\",\"publisher\":{\"@id\":\"https:\\\/\\\/www.heatsupply.nl\\\/de\\\/#organization\"},\"potentialAction\":[{\"@type\":\"SearchAction\",\"target\":{\"@type\":\"EntryPoint\",\"urlTemplate\":\"https:\\\/\\\/www.heatsupply.nl\\\/de\\\/?s={search_term_string}\"},\"query-input\":{\"@type\":\"PropertyValueSpecification\",\"valueRequired\":true,\"valueName\":\"search_term_string\"}}],\"inLanguage\":\"de\"},{\"@type\":\"Organization\",\"@id\":\"https:\\\/\\\/www.heatsupply.nl\\\/de\\\/#organization\",\"name\":\"Heatsupply\",\"url\":\"https:\\\/\\\/www.heatsupply.nl\\\/de\\\/\",\"logo\":{\"@type\":\"ImageObject\",\"inLanguage\":\"de\",\"@id\":\"https:\\\/\\\/www.heatsupply.nl\\\/de\\\/#\\\/schema\\\/logo\\\/image\\\/\",\"url\":\"https:\\\/\\\/www.heatsupply.nl\\\/wp-content\\\/uploads\\\/2022\\\/10\\\/heatsupply-logo-rood.jpg\",\"contentUrl\":\"https:\\\/\\\/www.heatsupply.nl\\\/wp-content\\\/uploads\\\/2022\\\/10\\\/heatsupply-logo-rood.jpg\",\"width\":1000,\"height\":335,\"caption\":\"Heatsupply\"},\"image\":{\"@id\":\"https:\\\/\\\/www.heatsupply.nl\\\/de\\\/#\\\/schema\\\/logo\\\/image\\\/\"},\"sameAs\":[\"https:\\\/\\\/www.facebook.com\\\/heatsupplyNL\",\"https:\\\/\\\/www.instagram.com\\\/heatsuppy.nl\",\"https:\\\/\\\/www.youtube.com\\\/channel\\\/UC5pOWqQtljvxTz2SMWGWCsw\"]}]}<\/script>\n<meta property=\"product:price:amount\" content=\"27.95\" \/>\n<meta property=\"product:price:currency\" content=\"EUR\" \/>\n<meta property=\"og:availability\" content=\"instock\" \/>\n<meta property=\"product:availability\" content=\"instock\" \/>\n<meta property=\"product:retailer_item_id\" content=\"KEBABPACK001\" \/>\n<meta property=\"product:condition\" content=\"new\" \/>\n<!-- \/ Yoast SEO Premium plugin. -->","yoast_head_json":{"title":"Die allerbesten D\u00f6ner Kebab Hot Sauces in einem Probepackung!","description":"In diesem Hot-Sauce-Probepackung finden Sie eine Auswahl der ultimativen D\u00f6ner-Kebab-Hot-Saucen! Inspiriert von unserer D\u00f6nertour in Berlin. Bestellen Sie bei Heatsupply!","robots":{"index":"index","follow":"follow","max-snippet":"max-snippet:-1","max-image-preview":"max-image-preview:large","max-video-preview":"max-video-preview:-1"},"canonical":"https:\/\/www.heatsupply.nl\/de\/produkt\/hot-sauce-probepackung-doener-kebab\/","og_locale":"de_DE","og_type":"article","og_title":"Hot Sauce Probepackung - D\u00f6ner Kebab","og_description":"In diesem Hot-Sauce-Probepackung finden Sie eine Auswahl der ultimativen D\u00f6ner-Kebab-Hot-Saucen! Inspiriert von unserer D\u00f6nertour in Berlin. Bestellen Sie bei Heatsupply!","og_url":"https:\/\/www.heatsupply.nl\/de\/produkt\/hot-sauce-probepackung-doener-kebab\/","og_site_name":"Heatsupply","article_publisher":"https:\/\/www.facebook.com\/heatsupplyNL","article_modified_time":"2025-08-21T11:20:04+00:00","og_image":[{"width":1400,"height":1400,"url":"https:\/\/www.heatsupply.nl\/wp-content\/uploads\/2025\/07\/best-kebab-hot-sauces-3-pack.jpg","type":"image\/jpeg"}],"twitter_card":"summary_large_image","twitter_misc":{"Preis":"&euro;27,95","Verf\u00fcgbarkeit":"Auf Lager"},"schema":{"@context":"https:\/\/schema.org","@graph":[{"@type":"WebPage","@id":"https:\/\/www.heatsupply.nl\/de\/produkt\/hot-sauce-probepackung-doener-kebab\/","url":"https:\/\/www.heatsupply.nl\/de\/produkt\/hot-sauce-probepackung-doener-kebab\/","name":"Die allerbesten D\u00f6ner Kebab Hot Sauces in einem Probepackung!","isPartOf":{"@id":"https:\/\/www.heatsupply.nl\/de\/#website"},"primaryImageOfPage":{"@id":"https:\/\/www.heatsupply.nl\/de\/produkt\/hot-sauce-probepackung-doener-kebab\/#primaryimage"},"image":{"@id":"https:\/\/www.heatsupply.nl\/de\/produkt\/hot-sauce-probepackung-doener-kebab\/#primaryimage"},"thumbnailUrl":"https:\/\/www.heatsupply.nl\/wp-content\/uploads\/2025\/07\/best-kebab-hot-sauces-3-pack.jpg","datePublished":"2025-07-02T09:39:05+00:00","dateModified":"2025-08-21T11:20:04+00:00","description":"In diesem Hot-Sauce-Probepackung finden Sie eine Auswahl der ultimativen D\u00f6ner-Kebab-Hot-Saucen! Inspiriert von unserer D\u00f6nertour in Berlin. Bestellen Sie bei Heatsupply!","breadcrumb":{"@id":"https:\/\/www.heatsupply.nl\/de\/produkt\/hot-sauce-probepackung-doener-kebab\/#breadcrumb"},"inLanguage":"de","potentialAction":[{"@type":"ReadAction","target":["https:\/\/www.heatsupply.nl\/de\/produkt\/hot-sauce-probepackung-doener-kebab\/"]}]},{"@type":"ImageObject","inLanguage":"de","@id":"https:\/\/www.heatsupply.nl\/de\/produkt\/hot-sauce-probepackung-doener-kebab\/#primaryimage","url":"https:\/\/www.heatsupply.nl\/wp-content\/uploads\/2025\/07\/best-kebab-hot-sauces-3-pack.jpg","contentUrl":"https:\/\/www.heatsupply.nl\/wp-content\/uploads\/2025\/07\/best-kebab-hot-sauces-3-pack.jpg","width":1400,"height":1400,"caption":"hot sauce probepackung d\u00f6ner kebab hot sauces"},{"@type":"BreadcrumbList","@id":"https:\/\/www.heatsupply.nl\/de\/produkt\/hot-sauce-probepackung-doener-kebab\/#breadcrumb","itemListElement":[{"@type":"ListItem","position":1,"name":"Home","item":"https:\/\/www.heatsupply.nl\/de\/"},{"@type":"ListItem","position":2,"name":"Alle produkten","item":"https:\/\/www.heatsupply.nl\/de\/alle-produkten\/"},{"@type":"ListItem","position":3,"name":"Scharfe So\u00dfen","item":"https:\/\/www.heatsupply.nl\/de\/scharfe-sossen\/"},{"@type":"ListItem","position":4,"name":"Geschenksets","item":"https:\/\/www.heatsupply.nl\/de\/scharfe-sossen\/packs\/"},{"@type":"ListItem","position":5,"name":"Hot Sauce Probepackung &#8211; D\u00f6ner Kebab"}]},{"@type":"WebSite","@id":"https:\/\/www.heatsupply.nl\/de\/#website","url":"https:\/\/www.heatsupply.nl\/de\/","name":"Heatsupply","description":"Hot sauce webstore #1 in Europe","publisher":{"@id":"https:\/\/www.heatsupply.nl\/de\/#organization"},"potentialAction":[{"@type":"SearchAction","target":{"@type":"EntryPoint","urlTemplate":"https:\/\/www.heatsupply.nl\/de\/?s={search_term_string}"},"query-input":{"@type":"PropertyValueSpecification","valueRequired":true,"valueName":"search_term_string"}}],"inLanguage":"de"},{"@type":"Organization","@id":"https:\/\/www.heatsupply.nl\/de\/#organization","name":"Heatsupply","url":"https:\/\/www.heatsupply.nl\/de\/","logo":{"@type":"ImageObject","inLanguage":"de","@id":"https:\/\/www.heatsupply.nl\/de\/#\/schema\/logo\/image\/","url":"https:\/\/www.heatsupply.nl\/wp-content\/uploads\/2022\/10\/heatsupply-logo-rood.jpg","contentUrl":"https:\/\/www.heatsupply.nl\/wp-content\/uploads\/2022\/10\/heatsupply-logo-rood.jpg","width":1000,"height":335,"caption":"Heatsupply"},"image":{"@id":"https:\/\/www.heatsupply.nl\/de\/#\/schema\/logo\/image\/"},"sameAs":["https:\/\/www.facebook.com\/heatsupplyNL","https:\/\/www.instagram.com\/heatsuppy.nl","https:\/\/www.youtube.com\/channel\/UC5pOWqQtljvxTz2SMWGWCsw"]}]},"product_price_amount":"27.95","product_price_currency":"EUR","og_availability":"instock","product_availability":"instock","product_retailer_item_id":"KEBABPACK001","product_condition":"new"},"_links":{"self":[{"href":"https:\/\/www.heatsupply.nl\/de\/wp-json\/wp\/v2\/product\/180424","targetHints":{"allow":["GET"]}}],"collection":[{"href":"https:\/\/www.heatsupply.nl\/de\/wp-json\/wp\/v2\/product"}],"about":[{"href":"https:\/\/www.heatsupply.nl\/de\/wp-json\/wp\/v2\/types\/product"}],"replies":[{"embeddable":true,"href":"https:\/\/www.heatsupply.nl\/de\/wp-json\/wp\/v2\/comments?post=180424"}],"wp:featuredmedia":[{"embeddable":true,"href":"https:\/\/www.heatsupply.nl\/de\/wp-json\/wp\/v2\/media\/180335"}],"wp:attachment":[{"href":"https:\/\/www.heatsupply.nl\/de\/wp-json\/wp\/v2\/media?parent=180424"}],"wp:term":[{"taxonomy":"product_brand","embeddable":true,"href":"https:\/\/www.heatsupply.nl\/de\/wp-json\/wp\/v2\/product_brand?post=180424"},{"taxonomy":"product_cat","embeddable":true,"href":"https:\/\/www.heatsupply.nl\/de\/wp-json\/wp\/v2\/product_cat?post=180424"},{"taxonomy":"product_tag","embeddable":true,"href":"https:\/\/www.heatsupply.nl\/de\/wp-json\/wp\/v2\/product_tag?post=180424"}],"curies":[{"name":"wp","href":"https:\/\/api.w.org\/{rel}","templated":true}]}}