{"id":180004,"date":"2025-06-26T14:01:17","date_gmt":"2025-06-26T12:01:17","guid":{"rendered":"https:\/\/www.heatsupply.nl\/product\/la-pimenterie-hot-sauce-challenge-box-10-saucen\/"},"modified":"2026-03-15T09:25:07","modified_gmt":"2026-03-15T08:25:07","slug":"la-pimenterie-hot-sauce-challenge-box-10-saucen","status":"publish","type":"product","link":"https:\/\/www.heatsupply.nl\/de\/produkt\/la-pimenterie-hot-sauce-challenge-box-10-saucen\/","title":{"rendered":"La Pimenterie Hot Sauce Challenge Box (10 Saucen)"},"content":{"rendered":"<p>Diese Box enth\u00e4lt zehn Fl\u00e4schchen \u00e0 148 ml mit scharfen Saucen, darunter:<\/p>\n<ol>\n<li>Ch\u00eane R\u00e9action<\/li>\n<li><a href=\"https:\/\/www.heatsupply.nl\/de\/staff-picks-unsere-favoriten-scharfe-saucen\/la-pimenterie-green-curry-hot-sauce-2\/\">Cari Vert\/Curry Verde<\/a><\/li>\n<li>Calypso<\/li>\n<li><a href=\"https:\/\/www.heatsupply.nl\/de\/produkt\/good-heat-queso-sin-queso-hot-sauce\/\">Queso Sin Queso<\/a><\/li>\n<li>FUMISTERIE<\/li>\n<li><a href=\"https:\/\/www.heatsupply.nl\/de\/?attachment_id=141860\">Royal Bourbon<\/a><\/li>\n<li>Vertigo Xtra hot<\/li>\n<li>Bollywood Xtra hot<\/li>\n<li><a href=\"https:\/\/www.heatsupply.nl\/de\/produkt\/la-pimenterie-forbidden-fruit-hot-sauce-2\/\">Forbidden Fruit<\/a><\/li>\n<li>Post Mortem<\/li>\n<\/ol>\n<p>Nach dem \u00d6ffnen gek\u00fchlt aufbewahren. Vor Gebrauch sch\u00fctteln.<\/p>\n","protected":false},"excerpt":{"rendered":"<p>Bist du ein Hot Sauce Liebhaber und hast Lust auf eine Herausforderung? Dann ist diese La Pimenterie Challenge Box mit 10 immer sch\u00e4rfer werdenden Saucen das ultimative Paket. In dieser fantastischen Box findest du 10 Hot Sauces aus Quebec (Kanada) und Spielregeln, mit denen du die Challenge spielen kannst. Super cool f\u00fcr einen Abend mit Freunden, aber durch die fantastischen Saucen und Box ist das ein Musthave f\u00fcr den Hot Sauce Fanatiker.<\/p>\n<p>Inhalt: 10 x 148ml<\/p>\n<p>Herkunft: Montreal, Quebec (Kanada)<\/p>\n","protected":false},"featured_media":179822,"comment_status":"open","ping_status":"closed","template":"","meta":{"_acf_changed":false},"product_brand":[],"product_cat":[3968,4069,4077,3965,3793,4046],"product_tag":[],"class_list":{"0":"post-180004","1":"product","2":"type-product","3":"status-publish","4":"has-post-thumbnail","6":"product_cat-geschenke","7":"product_cat-geschenksets","8":"product_cat-packs-spicy","9":"product_cat-packs","10":"product_cat-sale","11":"product_cat-spicy","13":"first","14":"instock","15":"sale","16":"taxable","17":"shipping-taxable","18":"purchasable","19":"product-type-simple"},"bundled_by":[],"bundle_stock_status":"instock","bundle_stock_quantity":6,"bundle_virtual":false,"bundle_layout":"","bundle_add_to_cart_form_location":"","bundle_editable_in_cart":false,"bundle_sold_individually_context":"","bundle_item_grouping":"","bundle_min_size":"","bundle_max_size":"","bundle_price":[],"bundled_items":[],"bundle_sell_ids":[],"acf":[],"yoast_head":"<!-- This site is optimized with the Yoast SEO Premium plugin v27.5 (Yoast SEO v27.5) - https:\/\/yoast.com\/product\/yoast-seo-premium-wordpress\/ -->\n<title>La Pimenterie Hot Sauce Challenge | Heatsupply<\/title>\n<meta name=\"description\" content=\"Fordere deine Geschmacksknospen heraus mit La Pimenterie&#039;s Hot Sauce Challenge! Zehn Saucen, die immer sch\u00e4rfer werden in einer fantastischen Box.\" \/>\n<meta name=\"robots\" content=\"index, follow, max-snippet:-1, max-image-preview:large, max-video-preview:-1\" \/>\n<link rel=\"canonical\" href=\"https:\/\/www.heatsupply.nl\/de\/produkt\/la-pimenterie-hot-sauce-challenge-box-10-saucen\/\" \/>\n<meta property=\"og:locale\" content=\"de_DE\" \/>\n<meta property=\"og:type\" content=\"article\" \/>\n<meta property=\"og:title\" content=\"La Pimenterie Hot Sauce Challenge Box (10 Saucen)\" \/>\n<meta property=\"og:description\" content=\"Fordere deine Geschmacksknospen heraus mit La Pimenterie&#039;s Hot Sauce Challenge! Zehn Saucen, die immer sch\u00e4rfer werden in einer fantastischen Box.\" \/>\n<meta property=\"og:url\" content=\"https:\/\/www.heatsupply.nl\/de\/produkt\/la-pimenterie-hot-sauce-challenge-box-10-saucen\/\" \/>\n<meta property=\"og:site_name\" content=\"Heatsupply\" \/>\n<meta property=\"article:publisher\" content=\"https:\/\/www.facebook.com\/heatsupplyNL\" \/>\n<meta property=\"article:modified_time\" content=\"2026-03-15T08:25:07+00:00\" \/>\n<meta property=\"og:image\" content=\"https:\/\/www.heatsupply.nl\/wp-content\/uploads\/2025\/06\/la-pimenterie-hot-sauce-challenge-box.jpg\" \/>\n\t<meta property=\"og:image:width\" content=\"1400\" \/>\n\t<meta property=\"og:image:height\" content=\"1400\" \/>\n\t<meta property=\"og:image:type\" content=\"image\/jpeg\" \/>\n<meta name=\"twitter:card\" content=\"summary_large_image\" \/>\n<meta name=\"twitter:label1\" content=\"Preis\" \/>\n\t<meta name=\"twitter:data1\" content=\"&euro;87,95\" \/>\n\t<meta name=\"twitter:label2\" content=\"Verf\u00fcgbarkeit\" \/>\n\t<meta name=\"twitter:data2\" content=\"Auf Lager\" \/>\n<script type=\"application\/ld+json\" class=\"yoast-schema-graph\">{\"@context\":\"https:\\\/\\\/schema.org\",\"@graph\":[{\"@type\":\"WebPage\",\"@id\":\"https:\\\/\\\/www.heatsupply.nl\\\/de\\\/produkt\\\/la-pimenterie-hot-sauce-challenge-box-10-saucen\\\/\",\"url\":\"https:\\\/\\\/www.heatsupply.nl\\\/de\\\/produkt\\\/la-pimenterie-hot-sauce-challenge-box-10-saucen\\\/\",\"name\":\"La Pimenterie Hot Sauce Challenge | Heatsupply\",\"isPartOf\":{\"@id\":\"https:\\\/\\\/www.heatsupply.nl\\\/de\\\/#website\"},\"primaryImageOfPage\":{\"@id\":\"https:\\\/\\\/www.heatsupply.nl\\\/de\\\/produkt\\\/la-pimenterie-hot-sauce-challenge-box-10-saucen\\\/#primaryimage\"},\"image\":{\"@id\":\"https:\\\/\\\/www.heatsupply.nl\\\/de\\\/produkt\\\/la-pimenterie-hot-sauce-challenge-box-10-saucen\\\/#primaryimage\"},\"thumbnailUrl\":\"https:\\\/\\\/www.heatsupply.nl\\\/wp-content\\\/uploads\\\/2025\\\/06\\\/la-pimenterie-hot-sauce-challenge-box.jpg\",\"datePublished\":\"2025-06-26T12:01:17+00:00\",\"dateModified\":\"2026-03-15T08:25:07+00:00\",\"description\":\"Fordere deine Geschmacksknospen heraus mit La Pimenterie's Hot Sauce Challenge! Zehn Saucen, die immer sch\u00e4rfer werden in einer fantastischen Box.\",\"breadcrumb\":{\"@id\":\"https:\\\/\\\/www.heatsupply.nl\\\/de\\\/produkt\\\/la-pimenterie-hot-sauce-challenge-box-10-saucen\\\/#breadcrumb\"},\"inLanguage\":\"de\",\"potentialAction\":[{\"@type\":\"ReadAction\",\"target\":[\"https:\\\/\\\/www.heatsupply.nl\\\/de\\\/produkt\\\/la-pimenterie-hot-sauce-challenge-box-10-saucen\\\/\"]}]},{\"@type\":\"ImageObject\",\"inLanguage\":\"de\",\"@id\":\"https:\\\/\\\/www.heatsupply.nl\\\/de\\\/produkt\\\/la-pimenterie-hot-sauce-challenge-box-10-saucen\\\/#primaryimage\",\"url\":\"https:\\\/\\\/www.heatsupply.nl\\\/wp-content\\\/uploads\\\/2025\\\/06\\\/la-pimenterie-hot-sauce-challenge-box.jpg\",\"contentUrl\":\"https:\\\/\\\/www.heatsupply.nl\\\/wp-content\\\/uploads\\\/2025\\\/06\\\/la-pimenterie-hot-sauce-challenge-box.jpg\",\"width\":1400,\"height\":1400},{\"@type\":\"BreadcrumbList\",\"@id\":\"https:\\\/\\\/www.heatsupply.nl\\\/de\\\/produkt\\\/la-pimenterie-hot-sauce-challenge-box-10-saucen\\\/#breadcrumb\",\"itemListElement\":[{\"@type\":\"ListItem\",\"position\":1,\"name\":\"Home\",\"item\":\"https:\\\/\\\/www.heatsupply.nl\\\/de\\\/\"},{\"@type\":\"ListItem\",\"position\":2,\"name\":\"Alle produkten\",\"item\":\"https:\\\/\\\/www.heatsupply.nl\\\/de\\\/alle-produkten\\\/\"},{\"@type\":\"ListItem\",\"position\":3,\"name\":\"Spicy\",\"item\":\"https:\\\/\\\/www.heatsupply.nl\\\/de\\\/spicy\\\/\"},{\"@type\":\"ListItem\",\"position\":4,\"name\":\"Geschenksets\",\"item\":\"https:\\\/\\\/www.heatsupply.nl\\\/de\\\/spicy\\\/packs-spicy\\\/\"},{\"@type\":\"ListItem\",\"position\":5,\"name\":\"La Pimenterie Hot Sauce Challenge Box (10 Saucen)\"}]},{\"@type\":\"WebSite\",\"@id\":\"https:\\\/\\\/www.heatsupply.nl\\\/de\\\/#website\",\"url\":\"https:\\\/\\\/www.heatsupply.nl\\\/de\\\/\",\"name\":\"Heatsupply\",\"description\":\"Hot sauce webstore #1 in Europe\",\"publisher\":{\"@id\":\"https:\\\/\\\/www.heatsupply.nl\\\/de\\\/#organization\"},\"potentialAction\":[{\"@type\":\"SearchAction\",\"target\":{\"@type\":\"EntryPoint\",\"urlTemplate\":\"https:\\\/\\\/www.heatsupply.nl\\\/de\\\/?s={search_term_string}\"},\"query-input\":{\"@type\":\"PropertyValueSpecification\",\"valueRequired\":true,\"valueName\":\"search_term_string\"}}],\"inLanguage\":\"de\"},{\"@type\":\"Organization\",\"@id\":\"https:\\\/\\\/www.heatsupply.nl\\\/de\\\/#organization\",\"name\":\"Heatsupply\",\"url\":\"https:\\\/\\\/www.heatsupply.nl\\\/de\\\/\",\"logo\":{\"@type\":\"ImageObject\",\"inLanguage\":\"de\",\"@id\":\"https:\\\/\\\/www.heatsupply.nl\\\/de\\\/#\\\/schema\\\/logo\\\/image\\\/\",\"url\":\"https:\\\/\\\/www.heatsupply.nl\\\/wp-content\\\/uploads\\\/2022\\\/10\\\/heatsupply-logo-rood.jpg\",\"contentUrl\":\"https:\\\/\\\/www.heatsupply.nl\\\/wp-content\\\/uploads\\\/2022\\\/10\\\/heatsupply-logo-rood.jpg\",\"width\":1000,\"height\":335,\"caption\":\"Heatsupply\"},\"image\":{\"@id\":\"https:\\\/\\\/www.heatsupply.nl\\\/de\\\/#\\\/schema\\\/logo\\\/image\\\/\"},\"sameAs\":[\"https:\\\/\\\/www.facebook.com\\\/heatsupplyNL\",\"https:\\\/\\\/www.instagram.com\\\/heatsuppy.nl\",\"https:\\\/\\\/www.youtube.com\\\/channel\\\/UC5pOWqQtljvxTz2SMWGWCsw\"]}]}<\/script>\n<meta property=\"product:price:amount\" content=\"87.95\" \/>\n<meta property=\"product:price:currency\" content=\"EUR\" \/>\n<meta property=\"og:availability\" content=\"instock\" \/>\n<meta property=\"product:availability\" content=\"instock\" \/>\n<meta property=\"product:retailer_item_id\" content=\"LPCHB001\" \/>\n<meta property=\"product:condition\" content=\"new\" \/>\n<!-- \/ Yoast SEO Premium plugin. -->","yoast_head_json":{"title":"La Pimenterie Hot Sauce Challenge | Heatsupply","description":"Fordere deine Geschmacksknospen heraus mit La Pimenterie's Hot Sauce Challenge! Zehn Saucen, die immer sch\u00e4rfer werden in einer fantastischen Box.","robots":{"index":"index","follow":"follow","max-snippet":"max-snippet:-1","max-image-preview":"max-image-preview:large","max-video-preview":"max-video-preview:-1"},"canonical":"https:\/\/www.heatsupply.nl\/de\/produkt\/la-pimenterie-hot-sauce-challenge-box-10-saucen\/","og_locale":"de_DE","og_type":"article","og_title":"La Pimenterie Hot Sauce Challenge Box (10 Saucen)","og_description":"Fordere deine Geschmacksknospen heraus mit La Pimenterie's Hot Sauce Challenge! Zehn Saucen, die immer sch\u00e4rfer werden in einer fantastischen Box.","og_url":"https:\/\/www.heatsupply.nl\/de\/produkt\/la-pimenterie-hot-sauce-challenge-box-10-saucen\/","og_site_name":"Heatsupply","article_publisher":"https:\/\/www.facebook.com\/heatsupplyNL","article_modified_time":"2026-03-15T08:25:07+00:00","og_image":[{"width":1400,"height":1400,"url":"https:\/\/www.heatsupply.nl\/wp-content\/uploads\/2025\/06\/la-pimenterie-hot-sauce-challenge-box.jpg","type":"image\/jpeg"}],"twitter_card":"summary_large_image","twitter_misc":{"Preis":"&euro;87,95","Verf\u00fcgbarkeit":"Auf Lager"},"schema":{"@context":"https:\/\/schema.org","@graph":[{"@type":"WebPage","@id":"https:\/\/www.heatsupply.nl\/de\/produkt\/la-pimenterie-hot-sauce-challenge-box-10-saucen\/","url":"https:\/\/www.heatsupply.nl\/de\/produkt\/la-pimenterie-hot-sauce-challenge-box-10-saucen\/","name":"La Pimenterie Hot Sauce Challenge | Heatsupply","isPartOf":{"@id":"https:\/\/www.heatsupply.nl\/de\/#website"},"primaryImageOfPage":{"@id":"https:\/\/www.heatsupply.nl\/de\/produkt\/la-pimenterie-hot-sauce-challenge-box-10-saucen\/#primaryimage"},"image":{"@id":"https:\/\/www.heatsupply.nl\/de\/produkt\/la-pimenterie-hot-sauce-challenge-box-10-saucen\/#primaryimage"},"thumbnailUrl":"https:\/\/www.heatsupply.nl\/wp-content\/uploads\/2025\/06\/la-pimenterie-hot-sauce-challenge-box.jpg","datePublished":"2025-06-26T12:01:17+00:00","dateModified":"2026-03-15T08:25:07+00:00","description":"Fordere deine Geschmacksknospen heraus mit La Pimenterie's Hot Sauce Challenge! Zehn Saucen, die immer sch\u00e4rfer werden in einer fantastischen Box.","breadcrumb":{"@id":"https:\/\/www.heatsupply.nl\/de\/produkt\/la-pimenterie-hot-sauce-challenge-box-10-saucen\/#breadcrumb"},"inLanguage":"de","potentialAction":[{"@type":"ReadAction","target":["https:\/\/www.heatsupply.nl\/de\/produkt\/la-pimenterie-hot-sauce-challenge-box-10-saucen\/"]}]},{"@type":"ImageObject","inLanguage":"de","@id":"https:\/\/www.heatsupply.nl\/de\/produkt\/la-pimenterie-hot-sauce-challenge-box-10-saucen\/#primaryimage","url":"https:\/\/www.heatsupply.nl\/wp-content\/uploads\/2025\/06\/la-pimenterie-hot-sauce-challenge-box.jpg","contentUrl":"https:\/\/www.heatsupply.nl\/wp-content\/uploads\/2025\/06\/la-pimenterie-hot-sauce-challenge-box.jpg","width":1400,"height":1400},{"@type":"BreadcrumbList","@id":"https:\/\/www.heatsupply.nl\/de\/produkt\/la-pimenterie-hot-sauce-challenge-box-10-saucen\/#breadcrumb","itemListElement":[{"@type":"ListItem","position":1,"name":"Home","item":"https:\/\/www.heatsupply.nl\/de\/"},{"@type":"ListItem","position":2,"name":"Alle produkten","item":"https:\/\/www.heatsupply.nl\/de\/alle-produkten\/"},{"@type":"ListItem","position":3,"name":"Spicy","item":"https:\/\/www.heatsupply.nl\/de\/spicy\/"},{"@type":"ListItem","position":4,"name":"Geschenksets","item":"https:\/\/www.heatsupply.nl\/de\/spicy\/packs-spicy\/"},{"@type":"ListItem","position":5,"name":"La Pimenterie Hot Sauce Challenge Box (10 Saucen)"}]},{"@type":"WebSite","@id":"https:\/\/www.heatsupply.nl\/de\/#website","url":"https:\/\/www.heatsupply.nl\/de\/","name":"Heatsupply","description":"Hot sauce webstore #1 in Europe","publisher":{"@id":"https:\/\/www.heatsupply.nl\/de\/#organization"},"potentialAction":[{"@type":"SearchAction","target":{"@type":"EntryPoint","urlTemplate":"https:\/\/www.heatsupply.nl\/de\/?s={search_term_string}"},"query-input":{"@type":"PropertyValueSpecification","valueRequired":true,"valueName":"search_term_string"}}],"inLanguage":"de"},{"@type":"Organization","@id":"https:\/\/www.heatsupply.nl\/de\/#organization","name":"Heatsupply","url":"https:\/\/www.heatsupply.nl\/de\/","logo":{"@type":"ImageObject","inLanguage":"de","@id":"https:\/\/www.heatsupply.nl\/de\/#\/schema\/logo\/image\/","url":"https:\/\/www.heatsupply.nl\/wp-content\/uploads\/2022\/10\/heatsupply-logo-rood.jpg","contentUrl":"https:\/\/www.heatsupply.nl\/wp-content\/uploads\/2022\/10\/heatsupply-logo-rood.jpg","width":1000,"height":335,"caption":"Heatsupply"},"image":{"@id":"https:\/\/www.heatsupply.nl\/de\/#\/schema\/logo\/image\/"},"sameAs":["https:\/\/www.facebook.com\/heatsupplyNL","https:\/\/www.instagram.com\/heatsuppy.nl","https:\/\/www.youtube.com\/channel\/UC5pOWqQtljvxTz2SMWGWCsw"]}]},"product_price_amount":"87.95","product_price_currency":"EUR","og_availability":"instock","product_availability":"instock","product_retailer_item_id":"LPCHB001","product_condition":"new"},"_links":{"self":[{"href":"https:\/\/www.heatsupply.nl\/de\/wp-json\/wp\/v2\/product\/180004","targetHints":{"allow":["GET"]}}],"collection":[{"href":"https:\/\/www.heatsupply.nl\/de\/wp-json\/wp\/v2\/product"}],"about":[{"href":"https:\/\/www.heatsupply.nl\/de\/wp-json\/wp\/v2\/types\/product"}],"replies":[{"embeddable":true,"href":"https:\/\/www.heatsupply.nl\/de\/wp-json\/wp\/v2\/comments?post=180004"}],"wp:featuredmedia":[{"embeddable":true,"href":"https:\/\/www.heatsupply.nl\/de\/wp-json\/wp\/v2\/media\/179822"}],"wp:attachment":[{"href":"https:\/\/www.heatsupply.nl\/de\/wp-json\/wp\/v2\/media?parent=180004"}],"wp:term":[{"taxonomy":"product_brand","embeddable":true,"href":"https:\/\/www.heatsupply.nl\/de\/wp-json\/wp\/v2\/product_brand?post=180004"},{"taxonomy":"product_cat","embeddable":true,"href":"https:\/\/www.heatsupply.nl\/de\/wp-json\/wp\/v2\/product_cat?post=180004"},{"taxonomy":"product_tag","embeddable":true,"href":"https:\/\/www.heatsupply.nl\/de\/wp-json\/wp\/v2\/product_tag?post=180004"}],"curies":[{"name":"wp","href":"https:\/\/api.w.org\/{rel}","templated":true}]}}