{"id":177888,"date":"2025-06-11T14:46:29","date_gmt":"2025-06-11T12:46:29","guid":{"rendered":"https:\/\/www.heatsupply.nl\/?post_type=product&#038;p=177888"},"modified":"2026-05-15T13:28:35","modified_gmt":"2026-05-15T11:28:35","slug":"olfs-hot-spize-sweet-yellow-hot-sauce","status":"publish","type":"product","link":"https:\/\/www.heatsupply.nl\/de\/produkt\/olfs-hot-spize-sweet-yellow-hot-sauce\/","title":{"rendered":"Olfs Hot Spize Sweet Yellow Hot Sauce"},"content":{"rendered":"<p><strong>Zutaten Olfs Hot Spize Sweet Yellow Hot Sauce:<\/strong> Ananas, Agavendicksaft, Mango, gelbe Paprika, Essig, Zwiebel, Kokosmilch, Orangensaft, 10 % Chilischoten (Scotch Bonnet, Lemon Drop), Ingwer, Passionsfrucht, Meersalz.<\/p>\n<p><span style=\"text-decoration: underline;\">N\u00e4hrwerte pro 100g:<\/span><br \/>\nEnergie: 348 kJ\/83 kcal<br \/>\nFett: 1,6 Gramm<br \/>\ndavon ges\u00e4ttigte Fetts\u00e4uren: 0,0 Gramm<br \/>\nKohlenhydrate: 18 Gramm<br \/>\ndavon Zucker: 5,9 Gramm<br \/>\nProtein: 0,8 Gramm<br \/>\nSalz: 1,6 Gramm<\/p>\n<p>Vor Gebrauch sch\u00fctteln und nach dem \u00d6ffnen gek\u00fchlt aufbewahren.<\/p>\n","protected":false},"excerpt":{"rendered":"<p class=\"ai-optimize-25\" style=\"text-align: justify;\">Diese Olfs Hot Spize Sweet Yellow Hot Sauce ist wie dieses eine sommerliche Saisonprodukt, auf das du den ganzen Winter und Fr\u00fchling wartest. Diese Sauce wird n\u00e4mlich nur in den w\u00e4rmeren Monaten hergestellt. Das sieht man auch an den Zutaten, denn die schreien f\u00f6rmlich nach Sonnenschein. Ananas, Mango, Orange, Passionsfrucht, alles Zutaten, die diese Sauce sehr fruchtig, s\u00fc\u00df und auch ein bisschen frisch-sauer machen. Paprika, Zwiebel, Kokosmilch und Ingwer sorgen f\u00fcr herzhafte Noten, wodurch eine super gut ausbalancierte scharfe Sauce entstanden ist.<\/p>\n<p class=\"ai-optimize-26\" style=\"text-align: justify;\">Nat\u00fcrlich d\u00fcrfen die Chilis nicht fehlen und die sind in Form von Scotch Bonnet und Lemon Drop Chilis vorhanden, die der Sauce eine sehr angenehme Sch\u00e4rfe verleihen. Super lecker zu H\u00e4hnchen, Currys, Salaten und Meeresfr\u00fcchten.<\/p>\n<ul>\n<li class=\"ai-optimize-27\" style=\"text-align: justify;\">Herkunft: Hamburg, Deutschland<\/li>\n<li class=\"ai-optimize-28\" style=\"text-align: justify;\">Inhalt: 100 ml<\/li>\n<\/ul>\n","protected":false},"featured_media":178392,"comment_status":"open","ping_status":"closed","template":"","meta":{"_acf_changed":false},"product_brand":[],"product_cat":[3886,3994,3787,3934,4046],"product_tag":[],"class_list":{"0":"post-177888","1":"product","2":"type-product","3":"status-publish","4":"has-post-thumbnail","6":"product_cat-bbq-saucen","7":"product_cat-europaeische-scharfe-saucen","8":"product_cat-scharfe-sossen","9":"product_cat-scotch-bonnet","10":"product_cat-spicy","12":"first","13":"instock","14":"taxable","15":"shipping-taxable","16":"purchasable","17":"product-type-simple"},"bundled_by":[],"bundle_stock_status":"instock","bundle_stock_quantity":36,"bundle_virtual":false,"bundle_layout":"","bundle_add_to_cart_form_location":"","bundle_editable_in_cart":false,"bundle_sold_individually_context":"","bundle_item_grouping":"","bundle_min_size":"","bundle_max_size":"","bundle_price":[],"bundled_items":[],"bundle_sell_ids":[],"acf":[],"yoast_head":"<!-- This site is optimized with the Yoast SEO Premium plugin v27.5 (Yoast SEO v27.5) - https:\/\/yoast.com\/product\/yoast-seo-premium-wordpress\/ -->\n<title>Olfs Hot Spize Sweet Yellow Hot Sauce - Heatsupply<\/title>\n<meta name=\"description\" content=\"Olfs Sweet Yellow Hot Sauce ist ein sommerliches Saisonprodukt, vollgepackt mit sonnigen Zutaten wie Mango, Ananas, Passionsfrucht und nat\u00fcrlich Paprika!\" \/>\n<meta name=\"robots\" content=\"index, follow, max-snippet:-1, max-image-preview:large, max-video-preview:-1\" \/>\n<link rel=\"canonical\" href=\"https:\/\/www.heatsupply.nl\/de\/produkt\/olfs-hot-spize-sweet-yellow-hot-sauce\/\" \/>\n<meta property=\"og:locale\" content=\"de_DE\" \/>\n<meta property=\"og:type\" content=\"article\" \/>\n<meta property=\"og:title\" content=\"Olfs Hot Spize Sweet Yellow Hot Sauce\" \/>\n<meta property=\"og:description\" content=\"Olfs Sweet Yellow Hot Sauce ist ein sommerliches Saisonprodukt, vollgepackt mit sonnigen Zutaten wie Mango, Ananas, Passionsfrucht und nat\u00fcrlich Paprika!\" \/>\n<meta property=\"og:url\" content=\"https:\/\/www.heatsupply.nl\/de\/produkt\/olfs-hot-spize-sweet-yellow-hot-sauce\/\" \/>\n<meta property=\"og:site_name\" content=\"Heatsupply\" \/>\n<meta property=\"article:publisher\" content=\"https:\/\/www.facebook.com\/heatsupplyNL\" \/>\n<meta property=\"article:modified_time\" content=\"2026-05-15T11:28:35+00:00\" \/>\n<meta property=\"og:image\" content=\"https:\/\/www.heatsupply.nl\/wp-content\/uploads\/2025\/06\/olfs-spize-sweet-yellow.jpg\" \/>\n\t<meta property=\"og:image:width\" content=\"1400\" \/>\n\t<meta property=\"og:image:height\" content=\"1400\" \/>\n\t<meta property=\"og:image:type\" content=\"image\/jpeg\" \/>\n<meta name=\"twitter:card\" content=\"summary_large_image\" \/>\n<meta name=\"twitter:label1\" content=\"Preis\" \/>\n\t<meta name=\"twitter:data1\" content=\"&euro;9,95\" \/>\n\t<meta name=\"twitter:label2\" content=\"Verf\u00fcgbarkeit\" \/>\n\t<meta name=\"twitter:data2\" content=\"Auf Lager\" \/>\n<script type=\"application\/ld+json\" class=\"yoast-schema-graph\">{\"@context\":\"https:\\\/\\\/schema.org\",\"@graph\":[{\"@type\":\"WebPage\",\"@id\":\"https:\\\/\\\/www.heatsupply.nl\\\/de\\\/produkt\\\/olfs-hot-spize-sweet-yellow-hot-sauce\\\/\",\"url\":\"https:\\\/\\\/www.heatsupply.nl\\\/de\\\/produkt\\\/olfs-hot-spize-sweet-yellow-hot-sauce\\\/\",\"name\":\"Olfs Hot Spize Sweet Yellow Hot Sauce - Heatsupply\",\"isPartOf\":{\"@id\":\"https:\\\/\\\/www.heatsupply.nl\\\/de\\\/#website\"},\"primaryImageOfPage\":{\"@id\":\"https:\\\/\\\/www.heatsupply.nl\\\/de\\\/produkt\\\/olfs-hot-spize-sweet-yellow-hot-sauce\\\/#primaryimage\"},\"image\":{\"@id\":\"https:\\\/\\\/www.heatsupply.nl\\\/de\\\/produkt\\\/olfs-hot-spize-sweet-yellow-hot-sauce\\\/#primaryimage\"},\"thumbnailUrl\":\"https:\\\/\\\/www.heatsupply.nl\\\/wp-content\\\/uploads\\\/2025\\\/06\\\/olfs-spize-sweet-yellow.jpg\",\"datePublished\":\"2025-06-11T12:46:29+00:00\",\"dateModified\":\"2026-05-15T11:28:35+00:00\",\"description\":\"Olfs Sweet Yellow Hot Sauce ist ein sommerliches Saisonprodukt, vollgepackt mit sonnigen Zutaten wie Mango, Ananas, Passionsfrucht und nat\u00fcrlich Paprika!\",\"breadcrumb\":{\"@id\":\"https:\\\/\\\/www.heatsupply.nl\\\/de\\\/produkt\\\/olfs-hot-spize-sweet-yellow-hot-sauce\\\/#breadcrumb\"},\"inLanguage\":\"de\",\"potentialAction\":[{\"@type\":\"ReadAction\",\"target\":[\"https:\\\/\\\/www.heatsupply.nl\\\/de\\\/produkt\\\/olfs-hot-spize-sweet-yellow-hot-sauce\\\/\"]}]},{\"@type\":\"ImageObject\",\"inLanguage\":\"de\",\"@id\":\"https:\\\/\\\/www.heatsupply.nl\\\/de\\\/produkt\\\/olfs-hot-spize-sweet-yellow-hot-sauce\\\/#primaryimage\",\"url\":\"https:\\\/\\\/www.heatsupply.nl\\\/wp-content\\\/uploads\\\/2025\\\/06\\\/olfs-spize-sweet-yellow.jpg\",\"contentUrl\":\"https:\\\/\\\/www.heatsupply.nl\\\/wp-content\\\/uploads\\\/2025\\\/06\\\/olfs-spize-sweet-yellow.jpg\",\"width\":1400,\"height\":1400,\"caption\":\"olfs spize sweet yellow hot sauce\"},{\"@type\":\"BreadcrumbList\",\"@id\":\"https:\\\/\\\/www.heatsupply.nl\\\/de\\\/produkt\\\/olfs-hot-spize-sweet-yellow-hot-sauce\\\/#breadcrumb\",\"itemListElement\":[{\"@type\":\"ListItem\",\"position\":1,\"name\":\"Home\",\"item\":\"https:\\\/\\\/www.heatsupply.nl\\\/de\\\/\"},{\"@type\":\"ListItem\",\"position\":2,\"name\":\"Alle produkten\",\"item\":\"https:\\\/\\\/www.heatsupply.nl\\\/de\\\/alle-produkten\\\/\"},{\"@type\":\"ListItem\",\"position\":3,\"name\":\"Scharfe So\u00dfen\",\"item\":\"https:\\\/\\\/www.heatsupply.nl\\\/de\\\/scharfe-sossen\\\/\"},{\"@type\":\"ListItem\",\"position\":4,\"name\":\"Die besten BBQ Hot Sauces\",\"item\":\"https:\\\/\\\/www.heatsupply.nl\\\/de\\\/scharfe-sossen\\\/bbq-saucen\\\/\"},{\"@type\":\"ListItem\",\"position\":5,\"name\":\"Olfs Hot Spize Sweet Yellow Hot Sauce\"}]},{\"@type\":\"WebSite\",\"@id\":\"https:\\\/\\\/www.heatsupply.nl\\\/de\\\/#website\",\"url\":\"https:\\\/\\\/www.heatsupply.nl\\\/de\\\/\",\"name\":\"Heatsupply\",\"description\":\"Hot sauce webstore #1 in Europe\",\"publisher\":{\"@id\":\"https:\\\/\\\/www.heatsupply.nl\\\/de\\\/#organization\"},\"potentialAction\":[{\"@type\":\"SearchAction\",\"target\":{\"@type\":\"EntryPoint\",\"urlTemplate\":\"https:\\\/\\\/www.heatsupply.nl\\\/de\\\/?s={search_term_string}\"},\"query-input\":{\"@type\":\"PropertyValueSpecification\",\"valueRequired\":true,\"valueName\":\"search_term_string\"}}],\"inLanguage\":\"de\"},{\"@type\":\"Organization\",\"@id\":\"https:\\\/\\\/www.heatsupply.nl\\\/de\\\/#organization\",\"name\":\"Heatsupply\",\"url\":\"https:\\\/\\\/www.heatsupply.nl\\\/de\\\/\",\"logo\":{\"@type\":\"ImageObject\",\"inLanguage\":\"de\",\"@id\":\"https:\\\/\\\/www.heatsupply.nl\\\/de\\\/#\\\/schema\\\/logo\\\/image\\\/\",\"url\":\"https:\\\/\\\/www.heatsupply.nl\\\/wp-content\\\/uploads\\\/2022\\\/10\\\/heatsupply-logo-rood.jpg\",\"contentUrl\":\"https:\\\/\\\/www.heatsupply.nl\\\/wp-content\\\/uploads\\\/2022\\\/10\\\/heatsupply-logo-rood.jpg\",\"width\":1000,\"height\":335,\"caption\":\"Heatsupply\"},\"image\":{\"@id\":\"https:\\\/\\\/www.heatsupply.nl\\\/de\\\/#\\\/schema\\\/logo\\\/image\\\/\"},\"sameAs\":[\"https:\\\/\\\/www.facebook.com\\\/heatsupplyNL\",\"https:\\\/\\\/www.instagram.com\\\/heatsuppy.nl\",\"https:\\\/\\\/www.youtube.com\\\/channel\\\/UC5pOWqQtljvxTz2SMWGWCsw\"]}]}<\/script>\n<meta property=\"product:brand\" content=\"Olfs Hot Spize\" \/>\n<meta property=\"product:price:amount\" content=\"9.95\" \/>\n<meta property=\"product:price:currency\" content=\"EUR\" \/>\n<meta property=\"og:availability\" content=\"instock\" \/>\n<meta property=\"product:availability\" content=\"instock\" \/>\n<meta property=\"product:retailer_item_id\" content=\"OLFSYELLOW001\" \/>\n<meta property=\"product:condition\" content=\"new\" \/>\n<!-- \/ Yoast SEO Premium plugin. -->","yoast_head_json":{"title":"Olfs Hot Spize Sweet Yellow Hot Sauce - Heatsupply","description":"Olfs Sweet Yellow Hot Sauce ist ein sommerliches Saisonprodukt, vollgepackt mit sonnigen Zutaten wie Mango, Ananas, Passionsfrucht und nat\u00fcrlich Paprika!","robots":{"index":"index","follow":"follow","max-snippet":"max-snippet:-1","max-image-preview":"max-image-preview:large","max-video-preview":"max-video-preview:-1"},"canonical":"https:\/\/www.heatsupply.nl\/de\/produkt\/olfs-hot-spize-sweet-yellow-hot-sauce\/","og_locale":"de_DE","og_type":"article","og_title":"Olfs Hot Spize Sweet Yellow Hot Sauce","og_description":"Olfs Sweet Yellow Hot Sauce ist ein sommerliches Saisonprodukt, vollgepackt mit sonnigen Zutaten wie Mango, Ananas, Passionsfrucht und nat\u00fcrlich Paprika!","og_url":"https:\/\/www.heatsupply.nl\/de\/produkt\/olfs-hot-spize-sweet-yellow-hot-sauce\/","og_site_name":"Heatsupply","article_publisher":"https:\/\/www.facebook.com\/heatsupplyNL","article_modified_time":"2026-05-15T11:28:35+00:00","og_image":[{"width":1400,"height":1400,"url":"https:\/\/www.heatsupply.nl\/wp-content\/uploads\/2025\/06\/olfs-spize-sweet-yellow.jpg","type":"image\/jpeg"}],"twitter_card":"summary_large_image","twitter_misc":{"Preis":"&euro;9,95","Verf\u00fcgbarkeit":"Auf Lager"},"schema":{"@context":"https:\/\/schema.org","@graph":[{"@type":"WebPage","@id":"https:\/\/www.heatsupply.nl\/de\/produkt\/olfs-hot-spize-sweet-yellow-hot-sauce\/","url":"https:\/\/www.heatsupply.nl\/de\/produkt\/olfs-hot-spize-sweet-yellow-hot-sauce\/","name":"Olfs Hot Spize Sweet Yellow Hot Sauce - Heatsupply","isPartOf":{"@id":"https:\/\/www.heatsupply.nl\/de\/#website"},"primaryImageOfPage":{"@id":"https:\/\/www.heatsupply.nl\/de\/produkt\/olfs-hot-spize-sweet-yellow-hot-sauce\/#primaryimage"},"image":{"@id":"https:\/\/www.heatsupply.nl\/de\/produkt\/olfs-hot-spize-sweet-yellow-hot-sauce\/#primaryimage"},"thumbnailUrl":"https:\/\/www.heatsupply.nl\/wp-content\/uploads\/2025\/06\/olfs-spize-sweet-yellow.jpg","datePublished":"2025-06-11T12:46:29+00:00","dateModified":"2026-05-15T11:28:35+00:00","description":"Olfs Sweet Yellow Hot Sauce ist ein sommerliches Saisonprodukt, vollgepackt mit sonnigen Zutaten wie Mango, Ananas, Passionsfrucht und nat\u00fcrlich Paprika!","breadcrumb":{"@id":"https:\/\/www.heatsupply.nl\/de\/produkt\/olfs-hot-spize-sweet-yellow-hot-sauce\/#breadcrumb"},"inLanguage":"de","potentialAction":[{"@type":"ReadAction","target":["https:\/\/www.heatsupply.nl\/de\/produkt\/olfs-hot-spize-sweet-yellow-hot-sauce\/"]}]},{"@type":"ImageObject","inLanguage":"de","@id":"https:\/\/www.heatsupply.nl\/de\/produkt\/olfs-hot-spize-sweet-yellow-hot-sauce\/#primaryimage","url":"https:\/\/www.heatsupply.nl\/wp-content\/uploads\/2025\/06\/olfs-spize-sweet-yellow.jpg","contentUrl":"https:\/\/www.heatsupply.nl\/wp-content\/uploads\/2025\/06\/olfs-spize-sweet-yellow.jpg","width":1400,"height":1400,"caption":"olfs spize sweet yellow hot sauce"},{"@type":"BreadcrumbList","@id":"https:\/\/www.heatsupply.nl\/de\/produkt\/olfs-hot-spize-sweet-yellow-hot-sauce\/#breadcrumb","itemListElement":[{"@type":"ListItem","position":1,"name":"Home","item":"https:\/\/www.heatsupply.nl\/de\/"},{"@type":"ListItem","position":2,"name":"Alle produkten","item":"https:\/\/www.heatsupply.nl\/de\/alle-produkten\/"},{"@type":"ListItem","position":3,"name":"Scharfe So\u00dfen","item":"https:\/\/www.heatsupply.nl\/de\/scharfe-sossen\/"},{"@type":"ListItem","position":4,"name":"Die besten BBQ Hot Sauces","item":"https:\/\/www.heatsupply.nl\/de\/scharfe-sossen\/bbq-saucen\/"},{"@type":"ListItem","position":5,"name":"Olfs Hot Spize Sweet Yellow Hot Sauce"}]},{"@type":"WebSite","@id":"https:\/\/www.heatsupply.nl\/de\/#website","url":"https:\/\/www.heatsupply.nl\/de\/","name":"Heatsupply","description":"Hot sauce webstore #1 in Europe","publisher":{"@id":"https:\/\/www.heatsupply.nl\/de\/#organization"},"potentialAction":[{"@type":"SearchAction","target":{"@type":"EntryPoint","urlTemplate":"https:\/\/www.heatsupply.nl\/de\/?s={search_term_string}"},"query-input":{"@type":"PropertyValueSpecification","valueRequired":true,"valueName":"search_term_string"}}],"inLanguage":"de"},{"@type":"Organization","@id":"https:\/\/www.heatsupply.nl\/de\/#organization","name":"Heatsupply","url":"https:\/\/www.heatsupply.nl\/de\/","logo":{"@type":"ImageObject","inLanguage":"de","@id":"https:\/\/www.heatsupply.nl\/de\/#\/schema\/logo\/image\/","url":"https:\/\/www.heatsupply.nl\/wp-content\/uploads\/2022\/10\/heatsupply-logo-rood.jpg","contentUrl":"https:\/\/www.heatsupply.nl\/wp-content\/uploads\/2022\/10\/heatsupply-logo-rood.jpg","width":1000,"height":335,"caption":"Heatsupply"},"image":{"@id":"https:\/\/www.heatsupply.nl\/de\/#\/schema\/logo\/image\/"},"sameAs":["https:\/\/www.facebook.com\/heatsupplyNL","https:\/\/www.instagram.com\/heatsuppy.nl","https:\/\/www.youtube.com\/channel\/UC5pOWqQtljvxTz2SMWGWCsw"]}]},"product_brand":"Olfs Hot Spize","product_price_amount":"9.95","product_price_currency":"EUR","og_availability":"instock","product_availability":"instock","product_retailer_item_id":"OLFSYELLOW001","product_condition":"new"},"_links":{"self":[{"href":"https:\/\/www.heatsupply.nl\/de\/wp-json\/wp\/v2\/product\/177888","targetHints":{"allow":["GET"]}}],"collection":[{"href":"https:\/\/www.heatsupply.nl\/de\/wp-json\/wp\/v2\/product"}],"about":[{"href":"https:\/\/www.heatsupply.nl\/de\/wp-json\/wp\/v2\/types\/product"}],"replies":[{"embeddable":true,"href":"https:\/\/www.heatsupply.nl\/de\/wp-json\/wp\/v2\/comments?post=177888"}],"wp:featuredmedia":[{"embeddable":true,"href":"https:\/\/www.heatsupply.nl\/de\/wp-json\/wp\/v2\/media\/178392"}],"wp:attachment":[{"href":"https:\/\/www.heatsupply.nl\/de\/wp-json\/wp\/v2\/media?parent=177888"}],"wp:term":[{"taxonomy":"product_brand","embeddable":true,"href":"https:\/\/www.heatsupply.nl\/de\/wp-json\/wp\/v2\/product_brand?post=177888"},{"taxonomy":"product_cat","embeddable":true,"href":"https:\/\/www.heatsupply.nl\/de\/wp-json\/wp\/v2\/product_cat?post=177888"},{"taxonomy":"product_tag","embeddable":true,"href":"https:\/\/www.heatsupply.nl\/de\/wp-json\/wp\/v2\/product_tag?post=177888"}],"curies":[{"name":"wp","href":"https:\/\/api.w.org\/{rel}","templated":true}]}}